{"id":5466,"date":"2026-02-16T20:10:23","date_gmt":"2026-02-16T20:10:23","guid":{"rendered":"https:\/\/blogs.uninter.edu.mx\/CheerDance\/?page_id=5466"},"modified":"2026-02-25T19:25:18","modified_gmt":"2026-02-25T19:25:18","slug":"galeria","status":"publish","type":"page","link":"https:\/\/blogs.uninter.edu.mx\/CheerDance\/index.php\/galeria\/","title":{"rendered":"Galer\u00eda"},"content":{"rendered":"\n<p>Ensayos\/entrenamientos: <\/p>\n\n\n\n<p>El entrenamiento es una oportunidad para crecer, superarnos y fortalecer nuestro esp\u00edritu de equipo. En esta galer\u00eda compartimos momentos llenos de esfuerzo, sonrisas y pasi\u00f3n por el cheer dance. Aqu\u00ed se vive la dedicaci\u00f3n detr\u00e1s de cada rutina.<\/p>\n\n\n\n<p>Conoce un poco de nuestros entrenamientos&#8230;<\/p>\n\n\n\n<p>Tambi\u00e9n puedes entrar a <a href=\"https:\/\/www.youtube.com\/watch?v=DTc7g6MV7kg\">este link<\/a> para conocer un poco m\u00e1s.<\/p>\n\n\n\n<figure class=\"wp-block-image size-full is-resized\"><img loading=\"lazy\" decoding=\"async\" width=\"1280\" height=\"960\" src=\"https:\/\/blogs.uninter.edu.mx\/CheerDance\/wp-content\/uploads\/2026\/02\/WhatsApp-Image-2026-02-18-at-11.40.00.jpeg\" alt=\"\" class=\"wp-image-5494\" style=\"width:793px;height:auto\"\/><\/figure>\n\n\n\n<figure class=\"wp-block-image size-full\"><img loading=\"lazy\" decoding=\"async\" width=\"1280\" height=\"960\" src=\"https:\/\/blogs.uninter.edu.mx\/CheerDance\/wp-content\/uploads\/2026\/02\/WhatsApp-Image-2026-02-18-at-11.40.00-1.jpeg\" alt=\"\" class=\"wp-image-5493\"\/><\/figure>\n\n\n\n<figure class=\"wp-block-video\"><video controls src=\"https:\/\/blogs.uninter.edu.mx\/CheerDance\/wp-content\/uploads\/2026\/02\/WhatsApp-Video-2026-02-18-at-11.40.10-1.mp4\"><\/video><\/figure>\n\n\n\n<p><\/p>\n","protected":false},"excerpt":{"rendered":"<p>Ensayos\/entrenamientos: El entrenamiento es una oportunidad para crecer, superarnos y fortalecer nuestro esp\u00edritu de equipo. En esta galer\u00eda compartimos momentos llenos de esfuerzo, sonrisas y pasi\u00f3n por el cheer dance. Aqu\u00ed se vive la dedicaci\u00f3n detr\u00e1s de cada rutina. Conoce un poco de nuestros entrenamientos&#8230; Tambi\u00e9n puedes entrar a este link para conocer un poco&hellip;<\/p>\n","protected":false},"author":22,"featured_media":0,"parent":0,"menu_order":0,"comment_status":"closed","ping_status":"closed","template":"","meta":{"footnotes":""},"class_list":["post-5466","page","type-page","status-publish","hentry"],"yoast_head":"<!-- This site is optimized with the Yoast SEO plugin v22.8 - https:\/\/yoast.com\/wordpress\/plugins\/seo\/ -->\r\n<title>Galer\u00eda - Cheer-Dance<\/title>\r\n<meta name=\"robots\" content=\"noindex, follow, max-snippet:-1, max-image-preview:large, max-video-preview:-1\" \/>\r\n<meta property=\"og:locale\" content=\"es_MX\" \/>\r\n<meta property=\"og:type\" content=\"article\" \/>\r\n<meta property=\"og:title\" content=\"Galer\u00eda - Cheer-Dance\" \/>\r\n<meta property=\"og:description\" content=\"Ensayos\/entrenamientos: El entrenamiento es una oportunidad para crecer, superarnos y fortalecer nuestro esp\u00edritu de equipo. En esta galer\u00eda compartimos momentos llenos de esfuerzo, sonrisas y pasi\u00f3n por el cheer dance. Aqu\u00ed se vive la dedicaci\u00f3n detr\u00e1s de cada rutina. Conoce un poco de nuestros entrenamientos&#8230; Tambi\u00e9n puedes entrar a este link para conocer un poco&hellip;\" \/>\r\n<meta property=\"og:url\" content=\"https:\/\/blogs.uninter.edu.mx\/CheerDance\/index.php\/galeria\/\" \/>\r\n<meta property=\"og:site_name\" content=\"Cheer-Dance\" \/>\r\n<meta property=\"article:modified_time\" content=\"2026-02-25T19:25:18+00:00\" \/>\r\n<meta property=\"og:image\" content=\"https:\/\/blogs.uninter.edu.mx\/CheerDance\/wp-content\/uploads\/2026\/02\/WhatsApp-Image-2026-02-18-at-11.40.00.jpeg\" \/>\r\n<meta name=\"twitter:card\" content=\"summary_large_image\" \/>\r\n<meta name=\"twitter:label1\" content=\"Tiempo de lectura\" \/>\n\t<meta name=\"twitter:data1\" content=\"1 minuto\" \/>\r\n<script type=\"application\/ld+json\" class=\"yoast-schema-graph\">{\"@context\":\"https:\/\/schema.org\",\"@graph\":[{\"@type\":\"WebPage\",\"@id\":\"https:\/\/blogs.uninter.edu.mx\/CheerDance\/index.php\/galeria\/\",\"url\":\"https:\/\/blogs.uninter.edu.mx\/CheerDance\/index.php\/galeria\/\",\"name\":\"Galer\u00eda - Cheer-Dance\",\"isPartOf\":{\"@id\":\"https:\/\/blogs.uninter.edu.mx\/CheerDance\/#website\"},\"primaryImageOfPage\":{\"@id\":\"https:\/\/blogs.uninter.edu.mx\/CheerDance\/index.php\/galeria\/#primaryimage\"},\"image\":{\"@id\":\"https:\/\/blogs.uninter.edu.mx\/CheerDance\/index.php\/galeria\/#primaryimage\"},\"thumbnailUrl\":\"https:\/\/blogs.uninter.edu.mx\/CheerDance\/wp-content\/uploads\/2026\/02\/WhatsApp-Image-2026-02-18-at-11.40.00.jpeg\",\"datePublished\":\"2026-02-16T20:10:23+00:00\",\"dateModified\":\"2026-02-25T19:25:18+00:00\",\"breadcrumb\":{\"@id\":\"https:\/\/blogs.uninter.edu.mx\/CheerDance\/index.php\/galeria\/#breadcrumb\"},\"inLanguage\":\"es-MX\",\"potentialAction\":[{\"@type\":\"ReadAction\",\"target\":[\"https:\/\/blogs.uninter.edu.mx\/CheerDance\/index.php\/galeria\/\"]}]},{\"@type\":\"ImageObject\",\"inLanguage\":\"es-MX\",\"@id\":\"https:\/\/blogs.uninter.edu.mx\/CheerDance\/index.php\/galeria\/#primaryimage\",\"url\":\"https:\/\/blogs.uninter.edu.mx\/CheerDance\/wp-content\/uploads\/2026\/02\/WhatsApp-Image-2026-02-18-at-11.40.00.jpeg\",\"contentUrl\":\"https:\/\/blogs.uninter.edu.mx\/CheerDance\/wp-content\/uploads\/2026\/02\/WhatsApp-Image-2026-02-18-at-11.40.00.jpeg\",\"width\":1280,\"height\":960},{\"@type\":\"BreadcrumbList\",\"@id\":\"https:\/\/blogs.uninter.edu.mx\/CheerDance\/index.php\/galeria\/#breadcrumb\",\"itemListElement\":[{\"@type\":\"ListItem\",\"position\":1,\"name\":\"Inicio\",\"item\":\"https:\/\/blogs.uninter.edu.mx\/CheerDance\/\"},{\"@type\":\"ListItem\",\"position\":2,\"name\":\"Galer\u00eda\"}]},{\"@type\":\"WebSite\",\"@id\":\"https:\/\/blogs.uninter.edu.mx\/CheerDance\/#website\",\"url\":\"https:\/\/blogs.uninter.edu.mx\/CheerDance\/\",\"name\":\"Cheer-Dance\",\"description\":\"\",\"potentialAction\":[{\"@type\":\"SearchAction\",\"target\":{\"@type\":\"EntryPoint\",\"urlTemplate\":\"https:\/\/blogs.uninter.edu.mx\/CheerDance\/?s={search_term_string}\"},\"query-input\":\"required name=search_term_string\"}],\"inLanguage\":\"es-MX\"}]}<\/script>\r\n<!-- \/ Yoast SEO plugin. -->","yoast_head_json":{"title":"Galer\u00eda - Cheer-Dance","robots":{"index":"noindex","follow":"follow","max-snippet":"max-snippet:-1","max-image-preview":"max-image-preview:large","max-video-preview":"max-video-preview:-1"},"og_locale":"es_MX","og_type":"article","og_title":"Galer\u00eda - Cheer-Dance","og_description":"Ensayos\/entrenamientos: El entrenamiento es una oportunidad para crecer, superarnos y fortalecer nuestro esp\u00edritu de equipo. En esta galer\u00eda compartimos momentos llenos de esfuerzo, sonrisas y pasi\u00f3n por el cheer dance. Aqu\u00ed se vive la dedicaci\u00f3n detr\u00e1s de cada rutina. Conoce un poco de nuestros entrenamientos&#8230; Tambi\u00e9n puedes entrar a este link para conocer un poco&hellip;","og_url":"https:\/\/blogs.uninter.edu.mx\/CheerDance\/index.php\/galeria\/","og_site_name":"Cheer-Dance","article_modified_time":"2026-02-25T19:25:18+00:00","og_image":[{"url":"https:\/\/blogs.uninter.edu.mx\/CheerDance\/wp-content\/uploads\/2026\/02\/WhatsApp-Image-2026-02-18-at-11.40.00.jpeg"}],"twitter_card":"summary_large_image","twitter_misc":{"Tiempo de lectura":"1 minuto"},"schema":{"@context":"https:\/\/schema.org","@graph":[{"@type":"WebPage","@id":"https:\/\/blogs.uninter.edu.mx\/CheerDance\/index.php\/galeria\/","url":"https:\/\/blogs.uninter.edu.mx\/CheerDance\/index.php\/galeria\/","name":"Galer\u00eda - Cheer-Dance","isPartOf":{"@id":"https:\/\/blogs.uninter.edu.mx\/CheerDance\/#website"},"primaryImageOfPage":{"@id":"https:\/\/blogs.uninter.edu.mx\/CheerDance\/index.php\/galeria\/#primaryimage"},"image":{"@id":"https:\/\/blogs.uninter.edu.mx\/CheerDance\/index.php\/galeria\/#primaryimage"},"thumbnailUrl":"https:\/\/blogs.uninter.edu.mx\/CheerDance\/wp-content\/uploads\/2026\/02\/WhatsApp-Image-2026-02-18-at-11.40.00.jpeg","datePublished":"2026-02-16T20:10:23+00:00","dateModified":"2026-02-25T19:25:18+00:00","breadcrumb":{"@id":"https:\/\/blogs.uninter.edu.mx\/CheerDance\/index.php\/galeria\/#breadcrumb"},"inLanguage":"es-MX","potentialAction":[{"@type":"ReadAction","target":["https:\/\/blogs.uninter.edu.mx\/CheerDance\/index.php\/galeria\/"]}]},{"@type":"ImageObject","inLanguage":"es-MX","@id":"https:\/\/blogs.uninter.edu.mx\/CheerDance\/index.php\/galeria\/#primaryimage","url":"https:\/\/blogs.uninter.edu.mx\/CheerDance\/wp-content\/uploads\/2026\/02\/WhatsApp-Image-2026-02-18-at-11.40.00.jpeg","contentUrl":"https:\/\/blogs.uninter.edu.mx\/CheerDance\/wp-content\/uploads\/2026\/02\/WhatsApp-Image-2026-02-18-at-11.40.00.jpeg","width":1280,"height":960},{"@type":"BreadcrumbList","@id":"https:\/\/blogs.uninter.edu.mx\/CheerDance\/index.php\/galeria\/#breadcrumb","itemListElement":[{"@type":"ListItem","position":1,"name":"Inicio","item":"https:\/\/blogs.uninter.edu.mx\/CheerDance\/"},{"@type":"ListItem","position":2,"name":"Galer\u00eda"}]},{"@type":"WebSite","@id":"https:\/\/blogs.uninter.edu.mx\/CheerDance\/#website","url":"https:\/\/blogs.uninter.edu.mx\/CheerDance\/","name":"Cheer-Dance","description":"","potentialAction":[{"@type":"SearchAction","target":{"@type":"EntryPoint","urlTemplate":"https:\/\/blogs.uninter.edu.mx\/CheerDance\/?s={search_term_string}"},"query-input":"required name=search_term_string"}],"inLanguage":"es-MX"}]}},"jetpack_sharing_enabled":true,"_links":{"self":[{"href":"https:\/\/blogs.uninter.edu.mx\/CheerDance\/index.php\/wp-json\/wp\/v2\/pages\/5466","targetHints":{"allow":["GET"]}}],"collection":[{"href":"https:\/\/blogs.uninter.edu.mx\/CheerDance\/index.php\/wp-json\/wp\/v2\/pages"}],"about":[{"href":"https:\/\/blogs.uninter.edu.mx\/CheerDance\/index.php\/wp-json\/wp\/v2\/types\/page"}],"author":[{"embeddable":true,"href":"https:\/\/blogs.uninter.edu.mx\/CheerDance\/index.php\/wp-json\/wp\/v2\/users\/22"}],"replies":[{"embeddable":true,"href":"https:\/\/blogs.uninter.edu.mx\/CheerDance\/index.php\/wp-json\/wp\/v2\/comments?post=5466"}],"version-history":[{"count":4,"href":"https:\/\/blogs.uninter.edu.mx\/CheerDance\/index.php\/wp-json\/wp\/v2\/pages\/5466\/revisions"}],"predecessor-version":[{"id":5507,"href":"https:\/\/blogs.uninter.edu.mx\/CheerDance\/index.php\/wp-json\/wp\/v2\/pages\/5466\/revisions\/5507"}],"wp:attachment":[{"href":"https:\/\/blogs.uninter.edu.mx\/CheerDance\/index.php\/wp-json\/wp\/v2\/media?parent=5466"}],"curies":[{"name":"wp","href":"https:\/\/api.w.org\/{rel}","templated":true}]}}