{"id":7,"date":"2011-05-25T14:09:44","date_gmt":"2011-05-25T19:09:44","guid":{"rendered":"http:\/\/porrasuninter.wordpress.com\/?page_id=2"},"modified":"2011-05-25T14:09:44","modified_gmt":"2011-05-25T19:09:44","slug":"historia","status":"publish","type":"page","link":"https:\/\/blogs.uninter.edu.mx\/CheerDance\/index.php\/historia\/","title":{"rendered":"Historia"},"content":{"rendered":"<p>El equipo de porras UNINTER nace en Agosto del 2004, con una categor\u00eda elite.<\/p>\n<p>Se compite por primera vez a finales de ese mismo a\u00f1o, en el campeonato de la Asociaci\u00f3n Nacional de porristas, en la Ciudad de M\u00e9xico, obteniendo el 4to lugar y el pase al Campeonato Nacional en Acapulco Guerrero, en Abril del 2005.<\/p>\n<p><a href=\"http:\/\/porrasuninter.wordpress.com\/wp-content\/uploads\/2011\/05\/subcampeonato-2005.jpg\"><img loading=\"lazy\" decoding=\"async\" class=\"alignnone size-medium wp-image-804 aligncenter\" title=\"subcampeonato-2005\" src=\"http:\/\/porrasuninter.wordpress.com\/wp-content\/uploads\/2011\/05\/subcampeonato-2005.jpg?w=300\" alt=\"\" width=\"300\" height=\"200\" \/><\/a><\/p>\n<p>En el 2005 se crea el equipo mixto y por primera vez compite en la categor\u00eda Jazz en el campeonato Regional Sur de la Asociaci\u00f3n Nacional de Porristas, obteniendo el primer lugar en la ciudad de Cuernavaca y el pase al Campeonato Nacional en Abril del 2006 en Acapulco, Guerrero, obteniendo su primer campeonato, y el pase una vez m\u00e1s al campeonato mundial en Orlando Florida.<\/p>\n<p><a href=\"http:\/\/porrasuninter.wordpress.com\/wp-content\/uploads\/2011\/05\/campeonato-mixto-jazz-200621.jpg\"><img loading=\"lazy\" decoding=\"async\" class=\"alignnone size-medium wp-image-805 aligncenter\" title=\"campeonato-mixto-jazz-20062\" src=\"http:\/\/porrasuninter.wordpress.com\/wp-content\/uploads\/2011\/05\/campeonato-mixto-jazz-200621.jpg?w=202\" alt=\"\" width=\"202\" height=\"300\" \/><\/a><\/p>\n<p>\u00a0<\/p>\n<p>En el 2009 se compite en Ixtapa Zihuatanejo, la categor\u00eda mixta se obtiene la puntuaci\u00f3n m\u00e1s alta de la competencia entre 36 equipos.<\/p>\n<div id=\"attachment_1525\" style=\"width: 306px\" class=\"wp-caption alignnone\"><a href=\"http:\/\/porrasuninter.wordpress.com\/wp-content\/uploads\/2009\/06\/mixto-2009.jpg\"><img loading=\"lazy\" decoding=\"async\" aria-describedby=\"caption-attachment-1525\" class=\"wp-image-1525 size-medium\" src=\"http:\/\/porrasuninter.wordpress.com\/wp-content\/uploads\/2009\/06\/mixto-2009.jpg?w=300\" alt=\"mixto 2009\" width=\"300\" height=\"218\" \/><\/a><p id=\"caption-attachment-1525\" class=\"wp-caption-text\">Jazz Mixto<\/p><\/div>\n<p>\u00a0<\/p>\n<div id=\"attachment_95\" style=\"width: 306px\" class=\"wp-caption aligncenter\"><a href=\"http:\/\/porrasuninter.wordpress.com\/wp-content\/uploads\/2011\/12\/299201_161335097294207_100002531531974_303277_953921717_n.jpg\"><img loading=\"lazy\" decoding=\"async\" aria-describedby=\"caption-attachment-95\" class=\"size-medium wp-image-95\" src=\"http:\/\/porrasuninter.wordpress.com\/wp-content\/uploads\/2011\/12\/299201_161335097294207_100002531531974_303277_953921717_n.jpg?w=300\" alt=\"''Campeon en la categoria Saltos varonil Fernando Guti\u00e9rrez\u2019\u2019 campeonato Nacional ANP 2011 \" width=\"300\" height=\"199\" \/><\/a><p id=\"caption-attachment-95\" class=\"wp-caption-text\">&#8221;Campeon en la categoria Saltos varonil Fernando Guti\u00e9rrez\u2019\u2019 campeonato Nacional ANP 2011<\/p><\/div>\n<div id=\"attachment_73\" style=\"width: 306px\" class=\"wp-caption alignright\"><a href=\"http:\/\/porrasuninter.wordpress.com\/wp-content\/uploads\/2011\/12\/254486_104278309666553_100002531531974_35556_5857518_n.jpg\"><img loading=\"lazy\" decoding=\"async\" aria-describedby=\"caption-attachment-73\" class=\"size-medium wp-image-73\" src=\"http:\/\/porrasuninter.wordpress.com\/wp-content\/uploads\/2011\/12\/254486_104278309666553_100002531531974_35556_5857518_n.jpg?w=300\" alt=\"Sheila Espinoza campeona en giros femenil \" width=\"300\" height=\"199\" \/><\/a><p id=\"caption-attachment-73\" class=\"wp-caption-text\">Sheila Espinoza campeona en giros femenil<\/p><\/div>\n<p>\u00a0<\/p>\n<p>\u00a0<\/p>\n<p>\u00a0<\/p>\n<p>\u00a0<\/p>\n<p>\u00a0<\/p>\n<p>\u00a0<\/p>\n<p>Durante los a\u00f1os siguientes cada equipo selectivo a competido en campeonatos estatales, nacionales e internaciones.<\/p>\n<p>\u00a0<\/p>\n\n<div class=\"wp-block-image\">\n<figure class=\"aligncenter size-large is-resized\"><a href=\"https:\/\/porrasuninter.wordpress.com\/wp-content\/uploads\/2024\/04\/whatsapp-image-2024-04-01-at-2.56.07-pm.jpeg\"><img decoding=\"async\" src=\"https:\/\/porrasuninter.wordpress.com\/wp-content\/uploads\/2024\/04\/whatsapp-image-2024-04-01-at-2.56.07-pm.jpeg?w=1024\" alt=\"\" class=\"wp-image-5268\" style=\"width:330px;height:auto\" \/><\/a><\/figure><\/div>","protected":false},"excerpt":{"rendered":"<p>El equipo de porras UNINTER nace en Agosto del 2004, con una categor\u00eda elite. Se compite por primera vez a finales de ese mismo a\u00f1o, en el campeonato de la Asociaci\u00f3n Nacional de porristas, en la Ciudad de M\u00e9xico, obteniendo el 4to lugar y el pase al Campeonato Nacional en Acapulco Guerrero, en Abril del&hellip;<\/p>\n","protected":false},"author":3,"featured_media":0,"parent":0,"menu_order":0,"comment_status":"closed","ping_status":"closed","template":"","meta":{"footnotes":""},"class_list":["post-7","page","type-page","status-publish","hentry"],"yoast_head":"<!-- This site is optimized with the Yoast SEO plugin v22.8 - https:\/\/yoast.com\/wordpress\/plugins\/seo\/ -->\r\n<title>Historia - Cheer-Dance<\/title>\r\n<meta name=\"robots\" content=\"noindex, follow, max-snippet:-1, max-image-preview:large, max-video-preview:-1\" \/>\r\n<meta property=\"og:locale\" content=\"es_MX\" \/>\r\n<meta property=\"og:type\" content=\"article\" \/>\r\n<meta property=\"og:title\" content=\"Historia - Cheer-Dance\" \/>\r\n<meta property=\"og:description\" content=\"El equipo de porras UNINTER nace en Agosto del 2004, con una categor\u00eda elite. Se compite por primera vez a finales de ese mismo a\u00f1o, en el campeonato de la Asociaci\u00f3n Nacional de porristas, en la Ciudad de M\u00e9xico, obteniendo el 4to lugar y el pase al Campeonato Nacional en Acapulco Guerrero, en Abril del&hellip;\" \/>\r\n<meta property=\"og:url\" content=\"https:\/\/blogs.uninter.edu.mx\/CheerDance\/index.php\/historia\/\" \/>\r\n<meta property=\"og:site_name\" content=\"Cheer-Dance\" \/>\r\n<meta property=\"og:image\" content=\"http:\/\/porrasuninter.wordpress.com\/wp-content\/uploads\/2011\/05\/subcampeonato-2005.jpg?w=300\" \/>\r\n<meta name=\"twitter:card\" content=\"summary_large_image\" \/>\r\n<meta name=\"twitter:label1\" content=\"Tiempo de lectura\" \/>\n\t<meta name=\"twitter:data1\" content=\"1 minuto\" \/>\r\n<script type=\"application\/ld+json\" class=\"yoast-schema-graph\">{\"@context\":\"https:\/\/schema.org\",\"@graph\":[{\"@type\":\"WebPage\",\"@id\":\"https:\/\/blogs.uninter.edu.mx\/CheerDance\/index.php\/historia\/\",\"url\":\"https:\/\/blogs.uninter.edu.mx\/CheerDance\/index.php\/historia\/\",\"name\":\"Historia - Cheer-Dance\",\"isPartOf\":{\"@id\":\"https:\/\/blogs.uninter.edu.mx\/CheerDance\/#website\"},\"primaryImageOfPage\":{\"@id\":\"https:\/\/blogs.uninter.edu.mx\/CheerDance\/index.php\/historia\/#primaryimage\"},\"image\":{\"@id\":\"https:\/\/blogs.uninter.edu.mx\/CheerDance\/index.php\/historia\/#primaryimage\"},\"thumbnailUrl\":\"http:\/\/porrasuninter.wordpress.com\/wp-content\/uploads\/2011\/05\/subcampeonato-2005.jpg?w=300\",\"datePublished\":\"2011-05-25T19:09:44+00:00\",\"dateModified\":\"2011-05-25T19:09:44+00:00\",\"breadcrumb\":{\"@id\":\"https:\/\/blogs.uninter.edu.mx\/CheerDance\/index.php\/historia\/#breadcrumb\"},\"inLanguage\":\"es-MX\",\"potentialAction\":[{\"@type\":\"ReadAction\",\"target\":[\"https:\/\/blogs.uninter.edu.mx\/CheerDance\/index.php\/historia\/\"]}]},{\"@type\":\"ImageObject\",\"inLanguage\":\"es-MX\",\"@id\":\"https:\/\/blogs.uninter.edu.mx\/CheerDance\/index.php\/historia\/#primaryimage\",\"url\":\"http:\/\/porrasuninter.wordpress.com\/wp-content\/uploads\/2011\/05\/subcampeonato-2005.jpg?w=300\",\"contentUrl\":\"http:\/\/porrasuninter.wordpress.com\/wp-content\/uploads\/2011\/05\/subcampeonato-2005.jpg?w=300\"},{\"@type\":\"BreadcrumbList\",\"@id\":\"https:\/\/blogs.uninter.edu.mx\/CheerDance\/index.php\/historia\/#breadcrumb\",\"itemListElement\":[{\"@type\":\"ListItem\",\"position\":1,\"name\":\"Inicio\",\"item\":\"https:\/\/blogs.uninter.edu.mx\/CheerDance\/\"},{\"@type\":\"ListItem\",\"position\":2,\"name\":\"Historia\"}]},{\"@type\":\"WebSite\",\"@id\":\"https:\/\/blogs.uninter.edu.mx\/CheerDance\/#website\",\"url\":\"https:\/\/blogs.uninter.edu.mx\/CheerDance\/\",\"name\":\"Cheer-Dance\",\"description\":\"\",\"potentialAction\":[{\"@type\":\"SearchAction\",\"target\":{\"@type\":\"EntryPoint\",\"urlTemplate\":\"https:\/\/blogs.uninter.edu.mx\/CheerDance\/?s={search_term_string}\"},\"query-input\":\"required name=search_term_string\"}],\"inLanguage\":\"es-MX\"}]}<\/script>\r\n<!-- \/ Yoast SEO plugin. -->","yoast_head_json":{"title":"Historia - Cheer-Dance","robots":{"index":"noindex","follow":"follow","max-snippet":"max-snippet:-1","max-image-preview":"max-image-preview:large","max-video-preview":"max-video-preview:-1"},"og_locale":"es_MX","og_type":"article","og_title":"Historia - Cheer-Dance","og_description":"El equipo de porras UNINTER nace en Agosto del 2004, con una categor\u00eda elite. Se compite por primera vez a finales de ese mismo a\u00f1o, en el campeonato de la Asociaci\u00f3n Nacional de porristas, en la Ciudad de M\u00e9xico, obteniendo el 4to lugar y el pase al Campeonato Nacional en Acapulco Guerrero, en Abril del&hellip;","og_url":"https:\/\/blogs.uninter.edu.mx\/CheerDance\/index.php\/historia\/","og_site_name":"Cheer-Dance","og_image":[{"url":"http:\/\/porrasuninter.wordpress.com\/wp-content\/uploads\/2011\/05\/subcampeonato-2005.jpg?w=300"}],"twitter_card":"summary_large_image","twitter_misc":{"Tiempo de lectura":"1 minuto"},"schema":{"@context":"https:\/\/schema.org","@graph":[{"@type":"WebPage","@id":"https:\/\/blogs.uninter.edu.mx\/CheerDance\/index.php\/historia\/","url":"https:\/\/blogs.uninter.edu.mx\/CheerDance\/index.php\/historia\/","name":"Historia - Cheer-Dance","isPartOf":{"@id":"https:\/\/blogs.uninter.edu.mx\/CheerDance\/#website"},"primaryImageOfPage":{"@id":"https:\/\/blogs.uninter.edu.mx\/CheerDance\/index.php\/historia\/#primaryimage"},"image":{"@id":"https:\/\/blogs.uninter.edu.mx\/CheerDance\/index.php\/historia\/#primaryimage"},"thumbnailUrl":"http:\/\/porrasuninter.wordpress.com\/wp-content\/uploads\/2011\/05\/subcampeonato-2005.jpg?w=300","datePublished":"2011-05-25T19:09:44+00:00","dateModified":"2011-05-25T19:09:44+00:00","breadcrumb":{"@id":"https:\/\/blogs.uninter.edu.mx\/CheerDance\/index.php\/historia\/#breadcrumb"},"inLanguage":"es-MX","potentialAction":[{"@type":"ReadAction","target":["https:\/\/blogs.uninter.edu.mx\/CheerDance\/index.php\/historia\/"]}]},{"@type":"ImageObject","inLanguage":"es-MX","@id":"https:\/\/blogs.uninter.edu.mx\/CheerDance\/index.php\/historia\/#primaryimage","url":"http:\/\/porrasuninter.wordpress.com\/wp-content\/uploads\/2011\/05\/subcampeonato-2005.jpg?w=300","contentUrl":"http:\/\/porrasuninter.wordpress.com\/wp-content\/uploads\/2011\/05\/subcampeonato-2005.jpg?w=300"},{"@type":"BreadcrumbList","@id":"https:\/\/blogs.uninter.edu.mx\/CheerDance\/index.php\/historia\/#breadcrumb","itemListElement":[{"@type":"ListItem","position":1,"name":"Inicio","item":"https:\/\/blogs.uninter.edu.mx\/CheerDance\/"},{"@type":"ListItem","position":2,"name":"Historia"}]},{"@type":"WebSite","@id":"https:\/\/blogs.uninter.edu.mx\/CheerDance\/#website","url":"https:\/\/blogs.uninter.edu.mx\/CheerDance\/","name":"Cheer-Dance","description":"","potentialAction":[{"@type":"SearchAction","target":{"@type":"EntryPoint","urlTemplate":"https:\/\/blogs.uninter.edu.mx\/CheerDance\/?s={search_term_string}"},"query-input":"required name=search_term_string"}],"inLanguage":"es-MX"}]}},"jetpack_sharing_enabled":true,"_links":{"self":[{"href":"https:\/\/blogs.uninter.edu.mx\/CheerDance\/index.php\/wp-json\/wp\/v2\/pages\/7","targetHints":{"allow":["GET"]}}],"collection":[{"href":"https:\/\/blogs.uninter.edu.mx\/CheerDance\/index.php\/wp-json\/wp\/v2\/pages"}],"about":[{"href":"https:\/\/blogs.uninter.edu.mx\/CheerDance\/index.php\/wp-json\/wp\/v2\/types\/page"}],"author":[{"embeddable":true,"href":"https:\/\/blogs.uninter.edu.mx\/CheerDance\/index.php\/wp-json\/wp\/v2\/users\/3"}],"replies":[{"embeddable":true,"href":"https:\/\/blogs.uninter.edu.mx\/CheerDance\/index.php\/wp-json\/wp\/v2\/comments?post=7"}],"version-history":[{"count":1,"href":"https:\/\/blogs.uninter.edu.mx\/CheerDance\/index.php\/wp-json\/wp\/v2\/pages\/7\/revisions"}],"predecessor-version":[{"id":5489,"href":"https:\/\/blogs.uninter.edu.mx\/CheerDance\/index.php\/wp-json\/wp\/v2\/pages\/7\/revisions\/5489"}],"wp:attachment":[{"href":"https:\/\/blogs.uninter.edu.mx\/CheerDance\/index.php\/wp-json\/wp\/v2\/media?parent=7"}],"curies":[{"name":"wp","href":"https:\/\/api.w.org\/{rel}","templated":true}]}}