{"id":2672,"date":"2024-03-15T19:59:45","date_gmt":"2024-03-15T19:59:45","guid":{"rendered":"https:\/\/blogs.uninter.edu.mx\/DAEYA\/?page_id=2672"},"modified":"2025-09-23T20:51:39","modified_gmt":"2025-09-23T20:51:39","slug":"red-de-genero","status":"publish","type":"page","link":"https:\/\/blogs.uninter.edu.mx\/DAEYA\/index.php\/red-de-genero\/","title":{"rendered":"Wellness Crew"},"content":{"rendered":"\n<figure class=\"wp-block-image size-full is-resized\"><img loading=\"lazy\" decoding=\"async\" src=\"https:\/\/blogs.uninter.edu.mx\/DAEYA\/wp-content\/uploads\/2025\/09\/12-1.png\" alt=\"\" class=\"wp-image-3113\" width=\"193\" height=\"193\"\/><\/figure>\n\n\n\n<h3 class=\"wp-block-heading has-vivid-cyan-blue-color has-text-color\"><strong>CONFERENCIA | Brecha Salarial<\/strong><\/h3>\n\n\n\n<p>El pasado 31 de marzo, se llev\u00f3 a cabo la conferencia \u201cBrecha Salarial\u201d impartida por la Maestra Dulce Mu\u00f1oz, quien es co-fundadora de la plataforma digital Identidades Mujer y Maestra en microcr\u00e9ditos e inclusi\u00f3n social \ud83d\udc9c\ud83d\udcf1\ud83d\udc69\ud83c\udffb\u200d\ud83d\udcbb <a href=\"https:\/\/www.instagram.com\/p\/CrL2yObuv94\/?utm_source=ig_web_copy_link&amp;igsh=MzRlODBiNWFlZA==\" target=\"_blank\" rel=\"noreferrer noopener\">Instagram \ud83d\udcf7<\/a><br><br><em><a href=\"https:\/\/blogs.uninter.edu.mx\/DAEYA\/index.php\/2024\/03\/21\/conferencia-brecha-salarial\/\">Conocer mas sobre el evento&gt;&gt;<\/a><\/em><\/p>\n\n\n\n<figure class=\"wp-block-gallery has-nested-images columns-default is-cropped wp-block-gallery-1 is-layout-flex wp-block-gallery-is-layout-flex\">\n<figure class=\"wp-block-image size-large\"><img loading=\"lazy\" decoding=\"async\" width=\"1000\" height=\"1000\" data-id=\"2724\" src=\"https:\/\/blogs.uninter.edu.mx\/DAEYA\/wp-content\/uploads\/2024\/03\/3-2.png\" alt=\"\" class=\"wp-image-2724\"\/><\/figure>\n\n\n\n<figure class=\"wp-block-image size-large\"><img loading=\"lazy\" decoding=\"async\" width=\"1000\" height=\"1000\" data-id=\"2723\" src=\"https:\/\/blogs.uninter.edu.mx\/DAEYA\/wp-content\/uploads\/2024\/03\/4-2.png\" alt=\"\" class=\"wp-image-2723\"\/><\/figure>\n\n\n\n<figure class=\"wp-block-image size-large\"><img loading=\"lazy\" decoding=\"async\" width=\"1000\" height=\"1000\" data-id=\"2725\" src=\"https:\/\/blogs.uninter.edu.mx\/DAEYA\/wp-content\/uploads\/2024\/03\/5-1.png\" alt=\"\" class=\"wp-image-2725\"\/><\/figure>\n<\/figure>\n\n\n\n<p><\/p>\n\n\n\n<h3 class=\"wp-block-heading\"><strong><mark style=\"background-color:rgba(0, 0, 0, 0)\" class=\"has-inline-color has-vivid-cyan-blue-color\">CONFERENCIA| Lo que significa ser Drag Queen<\/mark><\/strong><\/h3>\n\n\n\n<p>El 30 de junio se dio un a conferencia sobre lo que significa Ser Drag Queen en la B\u00fasqueda de Promover Espacios Seguros y Promover el Arte. Esta conferencia fue impartida Agatha Toro, quien es la madre de la casa mas grande de Drags en Cuernavaca.<\/p>\n\n\n\n<p><a href=\"https:\/\/blogs.uninter.edu.mx\/DAEYA\/index.php\/2024\/04\/11\/conferencia-lo-que-significa-ser-drag-queen\/\">Conocer m\u00e1s sobre el evento &gt;&gt;<\/a><\/p>\n\n\n<div class=\"wp-block-image\">\n<figure class=\"aligncenter size-full is-resized\"><img loading=\"lazy\" decoding=\"async\" src=\"https:\/\/blogs.uninter.edu.mx\/DAEYA\/wp-content\/uploads\/2024\/04\/image-6.png\" alt=\"\" class=\"wp-image-2860\" width=\"300\" height=\"300\"\/><\/figure><\/div>\n\n\n<p><\/p>\n\n\n\n<h3 class=\"wp-block-heading\"><mark style=\"background-color:rgba(0, 0, 0, 0)\" class=\"has-inline-color has-vivid-cyan-blue-color\"><strong>CONFERENCIA | Brecha Salarial<\/strong><\/mark><\/h3>\n\n\n\n<p class=\"has-text-align-justify\">El pasado 22 de marzo de 2021 La Red de Genero organizo una colaboraci\u00f3n con el Centro Estatal de Prevenci\u00f3n Social de Violencia y Delincuencia con la Participaci\u00f3n Ciudadana, para hacer una conferencia con el t\u00edtulo de Marco Jur\u00eddico de los Derechos Humanos de las Mujeres en M\u00e9xico.<\/p>\n\n\n\n<p><a href=\"https:\/\/blogs.uninter.edu.mx\/DAEYA\/index.php\/2024\/04\/11\/conferencia-marco-juridico-de-los-derechos-humanos-de-las-mujeres-en-mexico\/\">Conocer m\u00e1s sobre el evento&gt;&gt;<\/a><\/p>\n\n\n<div class=\"wp-block-image\">\n<figure class=\"aligncenter size-full is-resized\"><img loading=\"lazy\" decoding=\"async\" src=\"https:\/\/blogs.uninter.edu.mx\/DAEYA\/wp-content\/uploads\/2024\/04\/image-2.png\" alt=\"\" class=\"wp-image-2851\" width=\"300\" height=\"300\"\/><\/figure><\/div>","protected":false},"excerpt":{"rendered":"<p>CONFERENCIA | Brecha Salarial El pasado 31 de marzo, se llev\u00f3 a cabo la conferencia \u201cBrecha Salarial\u201d impartida por la Maestra Dulce Mu\u00f1oz, quien es co-fundadora de la plataforma digital Identidades Mujer y Maestra en microcr\u00e9ditos e inclusi\u00f3n social \ud83d\udc9c\ud83d\udcf1\ud83d\udc69\ud83c\udffb\u200d\ud83d\udcbb Instagram \ud83d\udcf7 Conocer mas sobre el evento&gt;&gt; CONFERENCIA| Lo que significa ser Drag Queen El&hellip;<\/p>\n","protected":false},"author":9,"featured_media":0,"parent":0,"menu_order":0,"comment_status":"closed","ping_status":"closed","template":"","meta":{"footnotes":""},"class_list":["post-2672","page","type-page","status-publish","hentry"],"yoast_head":"<!-- This site is optimized with the Yoast SEO plugin v26.0 - https:\/\/yoast.com\/wordpress\/plugins\/seo\/ -->\r\n<title>Wellness Crew - Atenci\u00f3n a Estudiantes<\/title>\r\n<meta name=\"robots\" content=\"index, follow, max-snippet:-1, max-image-preview:large, max-video-preview:-1\" \/>\r\n<link rel=\"canonical\" href=\"https:\/\/blogs.uninter.edu.mx\/DAEYA\/index.php\/red-de-genero\/\" \/>\r\n<meta property=\"og:locale\" content=\"es_MX\" \/>\r\n<meta property=\"og:type\" content=\"article\" \/>\r\n<meta property=\"og:title\" content=\"Wellness Crew - Atenci\u00f3n a Estudiantes\" \/>\r\n<meta property=\"og:description\" content=\"CONFERENCIA | Brecha Salarial El pasado 31 de marzo, se llev\u00f3 a cabo la conferencia \u201cBrecha Salarial\u201d impartida por la Maestra Dulce Mu\u00f1oz, quien es co-fundadora de la plataforma digital Identidades Mujer y Maestra en microcr\u00e9ditos e inclusi\u00f3n social \ud83d\udc9c\ud83d\udcf1\ud83d\udc69\ud83c\udffb\u200d\ud83d\udcbb Instagram \ud83d\udcf7 Conocer mas sobre el evento&gt;&gt; CONFERENCIA| Lo que significa ser Drag Queen El&hellip;\" \/>\r\n<meta property=\"og:url\" content=\"https:\/\/blogs.uninter.edu.mx\/DAEYA\/index.php\/red-de-genero\/\" \/>\r\n<meta property=\"og:site_name\" content=\"Atenci\u00f3n a Estudiantes\" \/>\r\n<meta property=\"article:modified_time\" content=\"2025-09-23T20:51:39+00:00\" \/>\r\n<meta property=\"og:image\" content=\"https:\/\/blogs.uninter.edu.mx\/DAEYA\/wp-content\/uploads\/2025\/09\/12-1.png\" \/>\r\n<meta name=\"twitter:card\" content=\"summary_large_image\" \/>\r\n<meta name=\"twitter:label1\" content=\"Tiempo de lectura\" \/>\n\t<meta name=\"twitter:data1\" content=\"2 minutos\" \/>\r\n<script type=\"application\/ld+json\" class=\"yoast-schema-graph\">{\"@context\":\"https:\/\/schema.org\",\"@graph\":[{\"@type\":\"WebPage\",\"@id\":\"https:\/\/blogs.uninter.edu.mx\/DAEYA\/index.php\/red-de-genero\/\",\"url\":\"https:\/\/blogs.uninter.edu.mx\/DAEYA\/index.php\/red-de-genero\/\",\"name\":\"Wellness Crew - Atenci\u00f3n a Estudiantes\",\"isPartOf\":{\"@id\":\"https:\/\/blogs.uninter.edu.mx\/DAEYA\/#website\"},\"primaryImageOfPage\":{\"@id\":\"https:\/\/blogs.uninter.edu.mx\/DAEYA\/index.php\/red-de-genero\/#primaryimage\"},\"image\":{\"@id\":\"https:\/\/blogs.uninter.edu.mx\/DAEYA\/index.php\/red-de-genero\/#primaryimage\"},\"thumbnailUrl\":\"https:\/\/blogs.uninter.edu.mx\/DAEYA\/wp-content\/uploads\/2025\/09\/12-1.png\",\"datePublished\":\"2024-03-15T19:59:45+00:00\",\"dateModified\":\"2025-09-23T20:51:39+00:00\",\"breadcrumb\":{\"@id\":\"https:\/\/blogs.uninter.edu.mx\/DAEYA\/index.php\/red-de-genero\/#breadcrumb\"},\"inLanguage\":\"es\",\"potentialAction\":[{\"@type\":\"ReadAction\",\"target\":[\"https:\/\/blogs.uninter.edu.mx\/DAEYA\/index.php\/red-de-genero\/\"]}]},{\"@type\":\"ImageObject\",\"inLanguage\":\"es\",\"@id\":\"https:\/\/blogs.uninter.edu.mx\/DAEYA\/index.php\/red-de-genero\/#primaryimage\",\"url\":\"https:\/\/blogs.uninter.edu.mx\/DAEYA\/wp-content\/uploads\/2025\/09\/12-1.png\",\"contentUrl\":\"https:\/\/blogs.uninter.edu.mx\/DAEYA\/wp-content\/uploads\/2025\/09\/12-1.png\",\"width\":500,\"height\":500},{\"@type\":\"BreadcrumbList\",\"@id\":\"https:\/\/blogs.uninter.edu.mx\/DAEYA\/index.php\/red-de-genero\/#breadcrumb\",\"itemListElement\":[{\"@type\":\"ListItem\",\"position\":1,\"name\":\"Inicio\",\"item\":\"https:\/\/blogs.uninter.edu.mx\/DAEYA\/\"},{\"@type\":\"ListItem\",\"position\":2,\"name\":\"Wellness Crew\"}]},{\"@type\":\"WebSite\",\"@id\":\"https:\/\/blogs.uninter.edu.mx\/DAEYA\/#website\",\"url\":\"https:\/\/blogs.uninter.edu.mx\/DAEYA\/\",\"name\":\"Atenci\u00f3n a Estudiantes\",\"description\":\"UNINTER\",\"potentialAction\":[{\"@type\":\"SearchAction\",\"target\":{\"@type\":\"EntryPoint\",\"urlTemplate\":\"https:\/\/blogs.uninter.edu.mx\/DAEYA\/?s={search_term_string}\"},\"query-input\":{\"@type\":\"PropertyValueSpecification\",\"valueRequired\":true,\"valueName\":\"search_term_string\"}}],\"inLanguage\":\"es\"}]}<\/script>\r\n<!-- \/ Yoast SEO plugin. -->","yoast_head_json":{"title":"Wellness Crew - Atenci\u00f3n a Estudiantes","robots":{"index":"index","follow":"follow","max-snippet":"max-snippet:-1","max-image-preview":"max-image-preview:large","max-video-preview":"max-video-preview:-1"},"canonical":"https:\/\/blogs.uninter.edu.mx\/DAEYA\/index.php\/red-de-genero\/","og_locale":"es_MX","og_type":"article","og_title":"Wellness Crew - Atenci\u00f3n a Estudiantes","og_description":"CONFERENCIA | Brecha Salarial El pasado 31 de marzo, se llev\u00f3 a cabo la conferencia \u201cBrecha Salarial\u201d impartida por la Maestra Dulce Mu\u00f1oz, quien es co-fundadora de la plataforma digital Identidades Mujer y Maestra en microcr\u00e9ditos e inclusi\u00f3n social \ud83d\udc9c\ud83d\udcf1\ud83d\udc69\ud83c\udffb\u200d\ud83d\udcbb Instagram \ud83d\udcf7 Conocer mas sobre el evento&gt;&gt; CONFERENCIA| Lo que significa ser Drag Queen El&hellip;","og_url":"https:\/\/blogs.uninter.edu.mx\/DAEYA\/index.php\/red-de-genero\/","og_site_name":"Atenci\u00f3n a Estudiantes","article_modified_time":"2025-09-23T20:51:39+00:00","og_image":[{"url":"https:\/\/blogs.uninter.edu.mx\/DAEYA\/wp-content\/uploads\/2025\/09\/12-1.png","type":"","width":"","height":""}],"twitter_card":"summary_large_image","twitter_misc":{"Tiempo de lectura":"2 minutos"},"schema":{"@context":"https:\/\/schema.org","@graph":[{"@type":"WebPage","@id":"https:\/\/blogs.uninter.edu.mx\/DAEYA\/index.php\/red-de-genero\/","url":"https:\/\/blogs.uninter.edu.mx\/DAEYA\/index.php\/red-de-genero\/","name":"Wellness Crew - Atenci\u00f3n a Estudiantes","isPartOf":{"@id":"https:\/\/blogs.uninter.edu.mx\/DAEYA\/#website"},"primaryImageOfPage":{"@id":"https:\/\/blogs.uninter.edu.mx\/DAEYA\/index.php\/red-de-genero\/#primaryimage"},"image":{"@id":"https:\/\/blogs.uninter.edu.mx\/DAEYA\/index.php\/red-de-genero\/#primaryimage"},"thumbnailUrl":"https:\/\/blogs.uninter.edu.mx\/DAEYA\/wp-content\/uploads\/2025\/09\/12-1.png","datePublished":"2024-03-15T19:59:45+00:00","dateModified":"2025-09-23T20:51:39+00:00","breadcrumb":{"@id":"https:\/\/blogs.uninter.edu.mx\/DAEYA\/index.php\/red-de-genero\/#breadcrumb"},"inLanguage":"es","potentialAction":[{"@type":"ReadAction","target":["https:\/\/blogs.uninter.edu.mx\/DAEYA\/index.php\/red-de-genero\/"]}]},{"@type":"ImageObject","inLanguage":"es","@id":"https:\/\/blogs.uninter.edu.mx\/DAEYA\/index.php\/red-de-genero\/#primaryimage","url":"https:\/\/blogs.uninter.edu.mx\/DAEYA\/wp-content\/uploads\/2025\/09\/12-1.png","contentUrl":"https:\/\/blogs.uninter.edu.mx\/DAEYA\/wp-content\/uploads\/2025\/09\/12-1.png","width":500,"height":500},{"@type":"BreadcrumbList","@id":"https:\/\/blogs.uninter.edu.mx\/DAEYA\/index.php\/red-de-genero\/#breadcrumb","itemListElement":[{"@type":"ListItem","position":1,"name":"Inicio","item":"https:\/\/blogs.uninter.edu.mx\/DAEYA\/"},{"@type":"ListItem","position":2,"name":"Wellness Crew"}]},{"@type":"WebSite","@id":"https:\/\/blogs.uninter.edu.mx\/DAEYA\/#website","url":"https:\/\/blogs.uninter.edu.mx\/DAEYA\/","name":"Atenci\u00f3n a Estudiantes","description":"UNINTER","potentialAction":[{"@type":"SearchAction","target":{"@type":"EntryPoint","urlTemplate":"https:\/\/blogs.uninter.edu.mx\/DAEYA\/?s={search_term_string}"},"query-input":{"@type":"PropertyValueSpecification","valueRequired":true,"valueName":"search_term_string"}}],"inLanguage":"es"}]}},"jetpack_sharing_enabled":true,"_links":{"self":[{"href":"https:\/\/blogs.uninter.edu.mx\/DAEYA\/index.php\/wp-json\/wp\/v2\/pages\/2672","targetHints":{"allow":["GET"]}}],"collection":[{"href":"https:\/\/blogs.uninter.edu.mx\/DAEYA\/index.php\/wp-json\/wp\/v2\/pages"}],"about":[{"href":"https:\/\/blogs.uninter.edu.mx\/DAEYA\/index.php\/wp-json\/wp\/v2\/types\/page"}],"author":[{"embeddable":true,"href":"https:\/\/blogs.uninter.edu.mx\/DAEYA\/index.php\/wp-json\/wp\/v2\/users\/9"}],"replies":[{"embeddable":true,"href":"https:\/\/blogs.uninter.edu.mx\/DAEYA\/index.php\/wp-json\/wp\/v2\/comments?post=2672"}],"version-history":[{"count":8,"href":"https:\/\/blogs.uninter.edu.mx\/DAEYA\/index.php\/wp-json\/wp\/v2\/pages\/2672\/revisions"}],"predecessor-version":[{"id":3115,"href":"https:\/\/blogs.uninter.edu.mx\/DAEYA\/index.php\/wp-json\/wp\/v2\/pages\/2672\/revisions\/3115"}],"wp:attachment":[{"href":"https:\/\/blogs.uninter.edu.mx\/DAEYA\/index.php\/wp-json\/wp\/v2\/media?parent=2672"}],"curies":[{"name":"wp","href":"https:\/\/api.w.org\/{rel}","templated":true}]}}