{"id":2682,"date":"2024-03-15T20:00:54","date_gmt":"2024-03-15T20:00:54","guid":{"rendered":"https:\/\/blogs.uninter.edu.mx\/DAEYA\/?page_id=2682"},"modified":"2025-09-23T20:54:05","modified_gmt":"2025-09-23T20:54:05","slug":"red-foraneos","status":"publish","type":"page","link":"https:\/\/blogs.uninter.edu.mx\/DAEYA\/index.php\/red-foraneos\/","title":{"rendered":"Red For\u00e1neos"},"content":{"rendered":"\n<figure class=\"wp-block-image size-full is-resized\"><img loading=\"lazy\" decoding=\"async\" src=\"https:\/\/blogs.uninter.edu.mx\/DAEYA\/wp-content\/uploads\/2025\/09\/14.png\" alt=\"\" class=\"wp-image-3119\" width=\"202\" height=\"202\"\/><\/figure>\n\n\n\n<h3 class=\"wp-block-heading has-vivid-cyan-blue-color has-text-color\"><strong>| 2\u00ba Edici\u00f3n | Chef Uninter<\/strong><\/h3>\n\n\n\n<p>El pasado martes 9 de mayo, se llev\u00f3 a cabo la 2da edici\u00f3n de Uninter Chef \ud83e\uddd1\ud83c\udffb\u200d\ud83c\udf73\ud83d\udc69\ud83c\udffb\u200d\ud83c\udf73 <a href=\"https:\/\/www.instagram.com\/p\/CsRRSFwOOsf\/?utm_source=ig_web_copy_link&amp;igsh=MzRlODBiNWFlZA==\">Instagram <\/a><a href=\"https:\/\/www.instagram.com\/p\/CsRRSFwOOsf\/?utm_source=ig_web_copy_link&amp;igsh=MzRlODBiNWFlZA==\" target=\"_blank\" rel=\"noreferrer noopener\">\ud83d\udcf7<\/a><\/p>\n\n\n\n<p><em><a href=\"https:\/\/blogs.uninter.edu.mx\/DAEYA\/index.php\/2024\/03\/21\/2o-edicion-chef-uninter\/\">Conocer mas sobre el evento&gt;&gt;<\/a><\/em><\/p>\n\n\n\n<figure class=\"wp-block-gallery has-nested-images columns-default is-cropped wp-block-gallery-1 is-layout-flex wp-block-gallery-is-layout-flex\">\n<figure class=\"wp-block-image size-large\"><img loading=\"lazy\" decoding=\"async\" width=\"1000\" height=\"1000\" data-id=\"2719\" src=\"https:\/\/blogs.uninter.edu.mx\/DAEYA\/wp-content\/uploads\/2024\/03\/3-1.png\" alt=\"\" class=\"wp-image-2719\"\/><\/figure>\n\n\n\n<figure class=\"wp-block-image size-large\"><img loading=\"lazy\" decoding=\"async\" width=\"1000\" height=\"1000\" data-id=\"2721\" src=\"https:\/\/blogs.uninter.edu.mx\/DAEYA\/wp-content\/uploads\/2024\/03\/4-1.png\" alt=\"\" class=\"wp-image-2721\"\/><\/figure>\n\n\n\n<figure class=\"wp-block-image size-large\"><img loading=\"lazy\" decoding=\"async\" width=\"1000\" height=\"1000\" data-id=\"2720\" src=\"https:\/\/blogs.uninter.edu.mx\/DAEYA\/wp-content\/uploads\/2024\/03\/5.png\" alt=\"\" class=\"wp-image-2720\"\/><\/figure>\n<\/figure>\n","protected":false},"excerpt":{"rendered":"<p>| 2\u00ba Edici\u00f3n | Chef Uninter El pasado martes 9 de mayo, se llev\u00f3 a cabo la 2da edici\u00f3n de Uninter Chef \ud83e\uddd1\ud83c\udffb\u200d\ud83c\udf73\ud83d\udc69\ud83c\udffb\u200d\ud83c\udf73 Instagram \ud83d\udcf7 Conocer mas sobre el evento&gt;&gt;<\/p>\n","protected":false},"author":9,"featured_media":0,"parent":0,"menu_order":0,"comment_status":"closed","ping_status":"closed","template":"","meta":{"footnotes":""},"class_list":["post-2682","page","type-page","status-publish","hentry"],"yoast_head":"<!-- This site is optimized with the Yoast SEO plugin v26.0 - https:\/\/yoast.com\/wordpress\/plugins\/seo\/ -->\r\n<title>Red For\u00e1neos - Atenci\u00f3n a Estudiantes<\/title>\r\n<meta name=\"robots\" content=\"index, follow, max-snippet:-1, max-image-preview:large, max-video-preview:-1\" \/>\r\n<link rel=\"canonical\" href=\"https:\/\/blogs.uninter.edu.mx\/DAEYA\/index.php\/red-foraneos\/\" \/>\r\n<meta property=\"og:locale\" content=\"es_MX\" \/>\r\n<meta property=\"og:type\" content=\"article\" \/>\r\n<meta property=\"og:title\" content=\"Red For\u00e1neos - Atenci\u00f3n a Estudiantes\" \/>\r\n<meta property=\"og:description\" content=\"| 2\u00ba Edici\u00f3n | Chef Uninter El pasado martes 9 de mayo, se llev\u00f3 a cabo la 2da edici\u00f3n de Uninter Chef \ud83e\uddd1\ud83c\udffb\u200d\ud83c\udf73\ud83d\udc69\ud83c\udffb\u200d\ud83c\udf73 Instagram \ud83d\udcf7 Conocer mas sobre el evento&gt;&gt;\" \/>\r\n<meta property=\"og:url\" content=\"https:\/\/blogs.uninter.edu.mx\/DAEYA\/index.php\/red-foraneos\/\" \/>\r\n<meta property=\"og:site_name\" content=\"Atenci\u00f3n a Estudiantes\" \/>\r\n<meta property=\"article:modified_time\" content=\"2025-09-23T20:54:05+00:00\" \/>\r\n<meta property=\"og:image\" content=\"https:\/\/blogs.uninter.edu.mx\/DAEYA\/wp-content\/uploads\/2025\/09\/14.png\" \/>\r\n<meta name=\"twitter:card\" content=\"summary_large_image\" \/>\r\n<meta name=\"twitter:label1\" content=\"Tiempo de lectura\" \/>\n\t<meta name=\"twitter:data1\" content=\"1 minuto\" \/>\r\n<script type=\"application\/ld+json\" class=\"yoast-schema-graph\">{\"@context\":\"https:\/\/schema.org\",\"@graph\":[{\"@type\":\"WebPage\",\"@id\":\"https:\/\/blogs.uninter.edu.mx\/DAEYA\/index.php\/red-foraneos\/\",\"url\":\"https:\/\/blogs.uninter.edu.mx\/DAEYA\/index.php\/red-foraneos\/\",\"name\":\"Red For\u00e1neos - Atenci\u00f3n a Estudiantes\",\"isPartOf\":{\"@id\":\"https:\/\/blogs.uninter.edu.mx\/DAEYA\/#website\"},\"primaryImageOfPage\":{\"@id\":\"https:\/\/blogs.uninter.edu.mx\/DAEYA\/index.php\/red-foraneos\/#primaryimage\"},\"image\":{\"@id\":\"https:\/\/blogs.uninter.edu.mx\/DAEYA\/index.php\/red-foraneos\/#primaryimage\"},\"thumbnailUrl\":\"https:\/\/blogs.uninter.edu.mx\/DAEYA\/wp-content\/uploads\/2025\/09\/14.png\",\"datePublished\":\"2024-03-15T20:00:54+00:00\",\"dateModified\":\"2025-09-23T20:54:05+00:00\",\"breadcrumb\":{\"@id\":\"https:\/\/blogs.uninter.edu.mx\/DAEYA\/index.php\/red-foraneos\/#breadcrumb\"},\"inLanguage\":\"es\",\"potentialAction\":[{\"@type\":\"ReadAction\",\"target\":[\"https:\/\/blogs.uninter.edu.mx\/DAEYA\/index.php\/red-foraneos\/\"]}]},{\"@type\":\"ImageObject\",\"inLanguage\":\"es\",\"@id\":\"https:\/\/blogs.uninter.edu.mx\/DAEYA\/index.php\/red-foraneos\/#primaryimage\",\"url\":\"https:\/\/blogs.uninter.edu.mx\/DAEYA\/wp-content\/uploads\/2025\/09\/14.png\",\"contentUrl\":\"https:\/\/blogs.uninter.edu.mx\/DAEYA\/wp-content\/uploads\/2025\/09\/14.png\",\"width\":500,\"height\":500},{\"@type\":\"BreadcrumbList\",\"@id\":\"https:\/\/blogs.uninter.edu.mx\/DAEYA\/index.php\/red-foraneos\/#breadcrumb\",\"itemListElement\":[{\"@type\":\"ListItem\",\"position\":1,\"name\":\"Inicio\",\"item\":\"https:\/\/blogs.uninter.edu.mx\/DAEYA\/\"},{\"@type\":\"ListItem\",\"position\":2,\"name\":\"Red For\u00e1neos\"}]},{\"@type\":\"WebSite\",\"@id\":\"https:\/\/blogs.uninter.edu.mx\/DAEYA\/#website\",\"url\":\"https:\/\/blogs.uninter.edu.mx\/DAEYA\/\",\"name\":\"Atenci\u00f3n a Estudiantes\",\"description\":\"UNINTER\",\"potentialAction\":[{\"@type\":\"SearchAction\",\"target\":{\"@type\":\"EntryPoint\",\"urlTemplate\":\"https:\/\/blogs.uninter.edu.mx\/DAEYA\/?s={search_term_string}\"},\"query-input\":{\"@type\":\"PropertyValueSpecification\",\"valueRequired\":true,\"valueName\":\"search_term_string\"}}],\"inLanguage\":\"es\"}]}<\/script>\r\n<!-- \/ Yoast SEO plugin. -->","yoast_head_json":{"title":"Red For\u00e1neos - Atenci\u00f3n a Estudiantes","robots":{"index":"index","follow":"follow","max-snippet":"max-snippet:-1","max-image-preview":"max-image-preview:large","max-video-preview":"max-video-preview:-1"},"canonical":"https:\/\/blogs.uninter.edu.mx\/DAEYA\/index.php\/red-foraneos\/","og_locale":"es_MX","og_type":"article","og_title":"Red For\u00e1neos - Atenci\u00f3n a Estudiantes","og_description":"| 2\u00ba Edici\u00f3n | Chef Uninter El pasado martes 9 de mayo, se llev\u00f3 a cabo la 2da edici\u00f3n de Uninter Chef \ud83e\uddd1\ud83c\udffb\u200d\ud83c\udf73\ud83d\udc69\ud83c\udffb\u200d\ud83c\udf73 Instagram \ud83d\udcf7 Conocer mas sobre el evento&gt;&gt;","og_url":"https:\/\/blogs.uninter.edu.mx\/DAEYA\/index.php\/red-foraneos\/","og_site_name":"Atenci\u00f3n a Estudiantes","article_modified_time":"2025-09-23T20:54:05+00:00","og_image":[{"url":"https:\/\/blogs.uninter.edu.mx\/DAEYA\/wp-content\/uploads\/2025\/09\/14.png","type":"","width":"","height":""}],"twitter_card":"summary_large_image","twitter_misc":{"Tiempo de lectura":"1 minuto"},"schema":{"@context":"https:\/\/schema.org","@graph":[{"@type":"WebPage","@id":"https:\/\/blogs.uninter.edu.mx\/DAEYA\/index.php\/red-foraneos\/","url":"https:\/\/blogs.uninter.edu.mx\/DAEYA\/index.php\/red-foraneos\/","name":"Red For\u00e1neos - Atenci\u00f3n a Estudiantes","isPartOf":{"@id":"https:\/\/blogs.uninter.edu.mx\/DAEYA\/#website"},"primaryImageOfPage":{"@id":"https:\/\/blogs.uninter.edu.mx\/DAEYA\/index.php\/red-foraneos\/#primaryimage"},"image":{"@id":"https:\/\/blogs.uninter.edu.mx\/DAEYA\/index.php\/red-foraneos\/#primaryimage"},"thumbnailUrl":"https:\/\/blogs.uninter.edu.mx\/DAEYA\/wp-content\/uploads\/2025\/09\/14.png","datePublished":"2024-03-15T20:00:54+00:00","dateModified":"2025-09-23T20:54:05+00:00","breadcrumb":{"@id":"https:\/\/blogs.uninter.edu.mx\/DAEYA\/index.php\/red-foraneos\/#breadcrumb"},"inLanguage":"es","potentialAction":[{"@type":"ReadAction","target":["https:\/\/blogs.uninter.edu.mx\/DAEYA\/index.php\/red-foraneos\/"]}]},{"@type":"ImageObject","inLanguage":"es","@id":"https:\/\/blogs.uninter.edu.mx\/DAEYA\/index.php\/red-foraneos\/#primaryimage","url":"https:\/\/blogs.uninter.edu.mx\/DAEYA\/wp-content\/uploads\/2025\/09\/14.png","contentUrl":"https:\/\/blogs.uninter.edu.mx\/DAEYA\/wp-content\/uploads\/2025\/09\/14.png","width":500,"height":500},{"@type":"BreadcrumbList","@id":"https:\/\/blogs.uninter.edu.mx\/DAEYA\/index.php\/red-foraneos\/#breadcrumb","itemListElement":[{"@type":"ListItem","position":1,"name":"Inicio","item":"https:\/\/blogs.uninter.edu.mx\/DAEYA\/"},{"@type":"ListItem","position":2,"name":"Red For\u00e1neos"}]},{"@type":"WebSite","@id":"https:\/\/blogs.uninter.edu.mx\/DAEYA\/#website","url":"https:\/\/blogs.uninter.edu.mx\/DAEYA\/","name":"Atenci\u00f3n a Estudiantes","description":"UNINTER","potentialAction":[{"@type":"SearchAction","target":{"@type":"EntryPoint","urlTemplate":"https:\/\/blogs.uninter.edu.mx\/DAEYA\/?s={search_term_string}"},"query-input":{"@type":"PropertyValueSpecification","valueRequired":true,"valueName":"search_term_string"}}],"inLanguage":"es"}]}},"jetpack_sharing_enabled":true,"_links":{"self":[{"href":"https:\/\/blogs.uninter.edu.mx\/DAEYA\/index.php\/wp-json\/wp\/v2\/pages\/2682","targetHints":{"allow":["GET"]}}],"collection":[{"href":"https:\/\/blogs.uninter.edu.mx\/DAEYA\/index.php\/wp-json\/wp\/v2\/pages"}],"about":[{"href":"https:\/\/blogs.uninter.edu.mx\/DAEYA\/index.php\/wp-json\/wp\/v2\/types\/page"}],"author":[{"embeddable":true,"href":"https:\/\/blogs.uninter.edu.mx\/DAEYA\/index.php\/wp-json\/wp\/v2\/users\/9"}],"replies":[{"embeddable":true,"href":"https:\/\/blogs.uninter.edu.mx\/DAEYA\/index.php\/wp-json\/wp\/v2\/comments?post=2682"}],"version-history":[{"count":5,"href":"https:\/\/blogs.uninter.edu.mx\/DAEYA\/index.php\/wp-json\/wp\/v2\/pages\/2682\/revisions"}],"predecessor-version":[{"id":3120,"href":"https:\/\/blogs.uninter.edu.mx\/DAEYA\/index.php\/wp-json\/wp\/v2\/pages\/2682\/revisions\/3120"}],"wp:attachment":[{"href":"https:\/\/blogs.uninter.edu.mx\/DAEYA\/index.php\/wp-json\/wp\/v2\/media?parent=2682"}],"curies":[{"name":"wp","href":"https:\/\/api.w.org\/{rel}","templated":true}]}}