{"id":2836,"date":"2024-04-11T16:34:44","date_gmt":"2024-04-11T16:34:44","guid":{"rendered":"https:\/\/blogs.uninter.edu.mx\/DAEYA\/?page_id=2836"},"modified":"2024-04-16T18:53:23","modified_gmt":"2024-04-16T18:53:23","slug":"tutorias","status":"publish","type":"page","link":"https:\/\/blogs.uninter.edu.mx\/DAEYA\/index.php\/tutorias\/","title":{"rendered":"Tutor\u00edas"},"content":{"rendered":"\n<p class=\"has-text-align-justify\">El programa de tutor\u00edas son asesor\u00edas referentes a distintos asuntos relacionados con el desarrollo personal e integral del alumno en la instituci\u00f3n. En caso de surgir alguna duda referente a cualquier \u00e1mbito acad\u00e9mico los estudiantes pueden dirigirse con la encarga de las asesor\u00edas, quien se encargara de orientarlos con la finalidad de apoyarlos con dicha situaci\u00f3n.<\/p>\n\n\n\n<p>Durante el semestre la encargada podr\u00e1 apoyar a los estudiantes con:<\/p>\n\n\n\n<p class=\"has-text-align-justify\">\u25cf Dar seguimiento al desarrollo del alumno en la universidad, si llegara a tener alguna duda o pregunta o situaci\u00f3n con alg\u00fan departamento puede consultarlo para brindarle apoyo y llegar a una posible soluci\u00f3n.<\/p>\n\n\n\n<p class=\"has-text-align-justify\">\u25cf Si se tiene problemas con alguna materia, se busca la manera de que el alumno cuente con asesor\u00edas acad\u00e9micas para que no repruebe.<\/p>\n\n\n\n<p class=\"has-text-align-justify\">\u25cf Si tiene una situaci\u00f3n personal que est\u00e9 afectando emocionalmente al alumno, se brinda apoyo mediante una solicitud de terapia psicol\u00f3gica (Gratis) al \u00e1rea de psicolog\u00eda (Todo con consentimiento).<\/p>\n\n\n\n<p class=\"has-text-align-justify\">\u25cf Cualquier situaci\u00f3n que el alumno tenga con toda confianza puede comunicarse con su tutora para contarle cualquier situaci\u00f3n con total confidencial ya que est\u00e1 para apoyar al alumno en todo momento para que no tenga que interrumpir sus estudios.<\/p>\n\n\n\n<p>En caso de tener alguna situaci\u00f3n referente a los anteriores puntos con la que necesites ayuda puedes comunicarte a:<\/p>\n\n\n\n<p><strong><mark style=\"background-color:rgba(0, 0, 0, 0)\" class=\"has-inline-color has-vivid-cyan-blue-color\">(777) 317 1087 Ext. 134<\/mark><\/strong><\/p>\n\n\n\n<p><strong><mark style=\"background-color:rgba(0, 0, 0, 0)\" class=\"has-inline-color has-vivid-cyan-blue-color\">practicante.daeya@uninter.edu.mx<\/mark><\/strong><\/p>\n\n\n\n<figure class=\"wp-block-image size-full\"><img loading=\"lazy\" decoding=\"async\" width=\"941\" height=\"153\" src=\"https:\/\/blogs.uninter.edu.mx\/DAEYA\/wp-content\/uploads\/2024\/03\/Banner-Worpress-4.png\" alt=\"\" class=\"wp-image-2649\"\/><\/figure>\n","protected":false},"excerpt":{"rendered":"<p>El programa de tutor\u00edas son asesor\u00edas referentes a distintos asuntos relacionados con el desarrollo personal e integral del alumno en la instituci\u00f3n. En caso de surgir alguna duda referente a cualquier \u00e1mbito acad\u00e9mico los estudiantes pueden dirigirse con la encarga de las asesor\u00edas, quien se encargara de orientarlos con la finalidad de apoyarlos con dicha&hellip;<\/p>\n","protected":false},"author":9,"featured_media":0,"parent":0,"menu_order":0,"comment_status":"closed","ping_status":"closed","template":"","meta":{"footnotes":""},"class_list":["post-2836","page","type-page","status-publish","hentry"],"yoast_head":"<!-- This site is optimized with the Yoast SEO plugin v26.0 - https:\/\/yoast.com\/wordpress\/plugins\/seo\/ -->\r\n<title>Tutor\u00edas - Atenci\u00f3n a Estudiantes<\/title>\r\n<meta name=\"robots\" content=\"index, follow, max-snippet:-1, max-image-preview:large, max-video-preview:-1\" \/>\r\n<link rel=\"canonical\" href=\"https:\/\/blogs.uninter.edu.mx\/DAEYA\/index.php\/tutorias\/\" \/>\r\n<meta property=\"og:locale\" content=\"es_MX\" \/>\r\n<meta property=\"og:type\" content=\"article\" \/>\r\n<meta property=\"og:title\" content=\"Tutor\u00edas - Atenci\u00f3n a Estudiantes\" \/>\r\n<meta property=\"og:description\" content=\"El programa de tutor\u00edas son asesor\u00edas referentes a distintos asuntos relacionados con el desarrollo personal e integral del alumno en la instituci\u00f3n. En caso de surgir alguna duda referente a cualquier \u00e1mbito acad\u00e9mico los estudiantes pueden dirigirse con la encarga de las asesor\u00edas, quien se encargara de orientarlos con la finalidad de apoyarlos con dicha&hellip;\" \/>\r\n<meta property=\"og:url\" content=\"https:\/\/blogs.uninter.edu.mx\/DAEYA\/index.php\/tutorias\/\" \/>\r\n<meta property=\"og:site_name\" content=\"Atenci\u00f3n a Estudiantes\" \/>\r\n<meta property=\"article:modified_time\" content=\"2024-04-16T18:53:23+00:00\" \/>\r\n<meta property=\"og:image\" content=\"https:\/\/blogs.uninter.edu.mx\/DAEYA\/wp-content\/uploads\/2024\/03\/Banner-Worpress-4.png\" \/>\r\n<meta name=\"twitter:card\" content=\"summary_large_image\" \/>\r\n<meta name=\"twitter:label1\" content=\"Tiempo de lectura\" \/>\n\t<meta name=\"twitter:data1\" content=\"2 minutos\" \/>\r\n<script type=\"application\/ld+json\" class=\"yoast-schema-graph\">{\"@context\":\"https:\/\/schema.org\",\"@graph\":[{\"@type\":\"WebPage\",\"@id\":\"https:\/\/blogs.uninter.edu.mx\/DAEYA\/index.php\/tutorias\/\",\"url\":\"https:\/\/blogs.uninter.edu.mx\/DAEYA\/index.php\/tutorias\/\",\"name\":\"Tutor\u00edas - Atenci\u00f3n a Estudiantes\",\"isPartOf\":{\"@id\":\"https:\/\/blogs.uninter.edu.mx\/DAEYA\/#website\"},\"primaryImageOfPage\":{\"@id\":\"https:\/\/blogs.uninter.edu.mx\/DAEYA\/index.php\/tutorias\/#primaryimage\"},\"image\":{\"@id\":\"https:\/\/blogs.uninter.edu.mx\/DAEYA\/index.php\/tutorias\/#primaryimage\"},\"thumbnailUrl\":\"https:\/\/blogs.uninter.edu.mx\/DAEYA\/wp-content\/uploads\/2024\/03\/Banner-Worpress-4.png\",\"datePublished\":\"2024-04-11T16:34:44+00:00\",\"dateModified\":\"2024-04-16T18:53:23+00:00\",\"breadcrumb\":{\"@id\":\"https:\/\/blogs.uninter.edu.mx\/DAEYA\/index.php\/tutorias\/#breadcrumb\"},\"inLanguage\":\"es\",\"potentialAction\":[{\"@type\":\"ReadAction\",\"target\":[\"https:\/\/blogs.uninter.edu.mx\/DAEYA\/index.php\/tutorias\/\"]}]},{\"@type\":\"ImageObject\",\"inLanguage\":\"es\",\"@id\":\"https:\/\/blogs.uninter.edu.mx\/DAEYA\/index.php\/tutorias\/#primaryimage\",\"url\":\"https:\/\/blogs.uninter.edu.mx\/DAEYA\/wp-content\/uploads\/2024\/03\/Banner-Worpress-4.png\",\"contentUrl\":\"https:\/\/blogs.uninter.edu.mx\/DAEYA\/wp-content\/uploads\/2024\/03\/Banner-Worpress-4.png\",\"width\":941,\"height\":153},{\"@type\":\"BreadcrumbList\",\"@id\":\"https:\/\/blogs.uninter.edu.mx\/DAEYA\/index.php\/tutorias\/#breadcrumb\",\"itemListElement\":[{\"@type\":\"ListItem\",\"position\":1,\"name\":\"Inicio\",\"item\":\"https:\/\/blogs.uninter.edu.mx\/DAEYA\/\"},{\"@type\":\"ListItem\",\"position\":2,\"name\":\"Tutor\u00edas\"}]},{\"@type\":\"WebSite\",\"@id\":\"https:\/\/blogs.uninter.edu.mx\/DAEYA\/#website\",\"url\":\"https:\/\/blogs.uninter.edu.mx\/DAEYA\/\",\"name\":\"Atenci\u00f3n a Estudiantes\",\"description\":\"UNINTER\",\"potentialAction\":[{\"@type\":\"SearchAction\",\"target\":{\"@type\":\"EntryPoint\",\"urlTemplate\":\"https:\/\/blogs.uninter.edu.mx\/DAEYA\/?s={search_term_string}\"},\"query-input\":{\"@type\":\"PropertyValueSpecification\",\"valueRequired\":true,\"valueName\":\"search_term_string\"}}],\"inLanguage\":\"es\"}]}<\/script>\r\n<!-- \/ Yoast SEO plugin. -->","yoast_head_json":{"title":"Tutor\u00edas - Atenci\u00f3n a Estudiantes","robots":{"index":"index","follow":"follow","max-snippet":"max-snippet:-1","max-image-preview":"max-image-preview:large","max-video-preview":"max-video-preview:-1"},"canonical":"https:\/\/blogs.uninter.edu.mx\/DAEYA\/index.php\/tutorias\/","og_locale":"es_MX","og_type":"article","og_title":"Tutor\u00edas - Atenci\u00f3n a Estudiantes","og_description":"El programa de tutor\u00edas son asesor\u00edas referentes a distintos asuntos relacionados con el desarrollo personal e integral del alumno en la instituci\u00f3n. En caso de surgir alguna duda referente a cualquier \u00e1mbito acad\u00e9mico los estudiantes pueden dirigirse con la encarga de las asesor\u00edas, quien se encargara de orientarlos con la finalidad de apoyarlos con dicha&hellip;","og_url":"https:\/\/blogs.uninter.edu.mx\/DAEYA\/index.php\/tutorias\/","og_site_name":"Atenci\u00f3n a Estudiantes","article_modified_time":"2024-04-16T18:53:23+00:00","og_image":[{"url":"https:\/\/blogs.uninter.edu.mx\/DAEYA\/wp-content\/uploads\/2024\/03\/Banner-Worpress-4.png","type":"","width":"","height":""}],"twitter_card":"summary_large_image","twitter_misc":{"Tiempo de lectura":"2 minutos"},"schema":{"@context":"https:\/\/schema.org","@graph":[{"@type":"WebPage","@id":"https:\/\/blogs.uninter.edu.mx\/DAEYA\/index.php\/tutorias\/","url":"https:\/\/blogs.uninter.edu.mx\/DAEYA\/index.php\/tutorias\/","name":"Tutor\u00edas - Atenci\u00f3n a Estudiantes","isPartOf":{"@id":"https:\/\/blogs.uninter.edu.mx\/DAEYA\/#website"},"primaryImageOfPage":{"@id":"https:\/\/blogs.uninter.edu.mx\/DAEYA\/index.php\/tutorias\/#primaryimage"},"image":{"@id":"https:\/\/blogs.uninter.edu.mx\/DAEYA\/index.php\/tutorias\/#primaryimage"},"thumbnailUrl":"https:\/\/blogs.uninter.edu.mx\/DAEYA\/wp-content\/uploads\/2024\/03\/Banner-Worpress-4.png","datePublished":"2024-04-11T16:34:44+00:00","dateModified":"2024-04-16T18:53:23+00:00","breadcrumb":{"@id":"https:\/\/blogs.uninter.edu.mx\/DAEYA\/index.php\/tutorias\/#breadcrumb"},"inLanguage":"es","potentialAction":[{"@type":"ReadAction","target":["https:\/\/blogs.uninter.edu.mx\/DAEYA\/index.php\/tutorias\/"]}]},{"@type":"ImageObject","inLanguage":"es","@id":"https:\/\/blogs.uninter.edu.mx\/DAEYA\/index.php\/tutorias\/#primaryimage","url":"https:\/\/blogs.uninter.edu.mx\/DAEYA\/wp-content\/uploads\/2024\/03\/Banner-Worpress-4.png","contentUrl":"https:\/\/blogs.uninter.edu.mx\/DAEYA\/wp-content\/uploads\/2024\/03\/Banner-Worpress-4.png","width":941,"height":153},{"@type":"BreadcrumbList","@id":"https:\/\/blogs.uninter.edu.mx\/DAEYA\/index.php\/tutorias\/#breadcrumb","itemListElement":[{"@type":"ListItem","position":1,"name":"Inicio","item":"https:\/\/blogs.uninter.edu.mx\/DAEYA\/"},{"@type":"ListItem","position":2,"name":"Tutor\u00edas"}]},{"@type":"WebSite","@id":"https:\/\/blogs.uninter.edu.mx\/DAEYA\/#website","url":"https:\/\/blogs.uninter.edu.mx\/DAEYA\/","name":"Atenci\u00f3n a Estudiantes","description":"UNINTER","potentialAction":[{"@type":"SearchAction","target":{"@type":"EntryPoint","urlTemplate":"https:\/\/blogs.uninter.edu.mx\/DAEYA\/?s={search_term_string}"},"query-input":{"@type":"PropertyValueSpecification","valueRequired":true,"valueName":"search_term_string"}}],"inLanguage":"es"}]}},"jetpack_sharing_enabled":true,"_links":{"self":[{"href":"https:\/\/blogs.uninter.edu.mx\/DAEYA\/index.php\/wp-json\/wp\/v2\/pages\/2836","targetHints":{"allow":["GET"]}}],"collection":[{"href":"https:\/\/blogs.uninter.edu.mx\/DAEYA\/index.php\/wp-json\/wp\/v2\/pages"}],"about":[{"href":"https:\/\/blogs.uninter.edu.mx\/DAEYA\/index.php\/wp-json\/wp\/v2\/types\/page"}],"author":[{"embeddable":true,"href":"https:\/\/blogs.uninter.edu.mx\/DAEYA\/index.php\/wp-json\/wp\/v2\/users\/9"}],"replies":[{"embeddable":true,"href":"https:\/\/blogs.uninter.edu.mx\/DAEYA\/index.php\/wp-json\/wp\/v2\/comments?post=2836"}],"version-history":[{"count":7,"href":"https:\/\/blogs.uninter.edu.mx\/DAEYA\/index.php\/wp-json\/wp\/v2\/pages\/2836\/revisions"}],"predecessor-version":[{"id":2891,"href":"https:\/\/blogs.uninter.edu.mx\/DAEYA\/index.php\/wp-json\/wp\/v2\/pages\/2836\/revisions\/2891"}],"wp:attachment":[{"href":"https:\/\/blogs.uninter.edu.mx\/DAEYA\/index.php\/wp-json\/wp\/v2\/media?parent=2836"}],"curies":[{"name":"wp","href":"https:\/\/api.w.org\/{rel}","templated":true}]}}