{"id":3002,"date":"2024-04-18T21:32:45","date_gmt":"2024-04-18T21:32:45","guid":{"rendered":"https:\/\/blogs.uninter.edu.mx\/DAEYA\/?page_id=3002"},"modified":"2024-04-18T21:34:29","modified_gmt":"2024-04-18T21:34:29","slug":"egresados-2","status":"publish","type":"page","link":"https:\/\/blogs.uninter.edu.mx\/DAEYA\/index.php\/egresados-2\/","title":{"rendered":"Egresados"},"content":{"rendered":"\n<p class=\"has-text-align-justify\">El programa de Egresados de la Universidad Internacional tiene como principal objetivo comprender la inserci\u00f3n de nuestros egresados en el \u00e1mbito laboral. &nbsp;<\/p>\n\n\n\n<p class=\"has-text-align-justify\">Nos interesa conocer los desaf\u00edos que han enfrentado, as\u00ed como las oportunidades que se les han presentado gracias a su paso por Uninter. Todo ello con el prop\u00f3sito de innovar y mejorar nuestros planes de estudio.&nbsp;<\/p>\n\n\n\n<p class=\"has-text-align-justify\">Cuando egreses nos comunicaremos contigo a trav\u00e9s del correo <a href=\"mailto:Egresados@uninter.edu.mx\" target=\"_blank\" rel=\"noreferrer noopener\">Egresados@uninter.edu.mx<\/a> para proporcionarte informaci\u00f3n sobre eventos dise\u00f1ados especialmente para nuestros exalumnos, adem\u00e1s de brindarte detalles sobre programas de posgrado y otras actividades en las que podr\u00e1s participar.<\/p>\n\n\n\n<p><\/p>\n\n\n\n<figure class=\"wp-block-image size-full\"><img loading=\"lazy\" decoding=\"async\" width=\"941\" height=\"153\" src=\"https:\/\/blogs.uninter.edu.mx\/DAEYA\/wp-content\/uploads\/2024\/03\/Banner-Worpress-4.png\" alt=\"\" class=\"wp-image-2649\"\/><\/figure>\n","protected":false},"excerpt":{"rendered":"<p>El programa de Egresados de la Universidad Internacional tiene como principal objetivo comprender la inserci\u00f3n de nuestros egresados en el \u00e1mbito laboral. &nbsp; Nos interesa conocer los desaf\u00edos que han enfrentado, as\u00ed como las oportunidades que se les han presentado gracias a su paso por Uninter. Todo ello con el prop\u00f3sito de innovar y mejorar&hellip;<\/p>\n","protected":false},"author":9,"featured_media":0,"parent":0,"menu_order":0,"comment_status":"closed","ping_status":"closed","template":"","meta":{"footnotes":""},"class_list":["post-3002","page","type-page","status-publish","hentry"],"yoast_head":"<!-- This site is optimized with the Yoast SEO plugin v26.0 - https:\/\/yoast.com\/wordpress\/plugins\/seo\/ -->\r\n<title>Egresados - Atenci\u00f3n a Estudiantes<\/title>\r\n<meta name=\"robots\" content=\"index, follow, max-snippet:-1, max-image-preview:large, max-video-preview:-1\" \/>\r\n<link rel=\"canonical\" href=\"https:\/\/blogs.uninter.edu.mx\/DAEYA\/index.php\/egresados-2\/\" \/>\r\n<meta property=\"og:locale\" content=\"es_MX\" \/>\r\n<meta property=\"og:type\" content=\"article\" \/>\r\n<meta property=\"og:title\" content=\"Egresados - Atenci\u00f3n a Estudiantes\" \/>\r\n<meta property=\"og:description\" content=\"El programa de Egresados de la Universidad Internacional tiene como principal objetivo comprender la inserci\u00f3n de nuestros egresados en el \u00e1mbito laboral. &nbsp; Nos interesa conocer los desaf\u00edos que han enfrentado, as\u00ed como las oportunidades que se les han presentado gracias a su paso por Uninter. Todo ello con el prop\u00f3sito de innovar y mejorar&hellip;\" \/>\r\n<meta property=\"og:url\" content=\"https:\/\/blogs.uninter.edu.mx\/DAEYA\/index.php\/egresados-2\/\" \/>\r\n<meta property=\"og:site_name\" content=\"Atenci\u00f3n a Estudiantes\" \/>\r\n<meta property=\"article:modified_time\" content=\"2024-04-18T21:34:29+00:00\" \/>\r\n<meta property=\"og:image\" content=\"https:\/\/blogs.uninter.edu.mx\/DAEYA\/wp-content\/uploads\/2024\/03\/Banner-Worpress-4.png\" \/>\r\n<meta name=\"twitter:card\" content=\"summary_large_image\" \/>\r\n<meta name=\"twitter:label1\" content=\"Tiempo de lectura\" \/>\n\t<meta name=\"twitter:data1\" content=\"1 minuto\" \/>\r\n<script type=\"application\/ld+json\" class=\"yoast-schema-graph\">{\"@context\":\"https:\/\/schema.org\",\"@graph\":[{\"@type\":\"WebPage\",\"@id\":\"https:\/\/blogs.uninter.edu.mx\/DAEYA\/index.php\/egresados-2\/\",\"url\":\"https:\/\/blogs.uninter.edu.mx\/DAEYA\/index.php\/egresados-2\/\",\"name\":\"Egresados - Atenci\u00f3n a Estudiantes\",\"isPartOf\":{\"@id\":\"https:\/\/blogs.uninter.edu.mx\/DAEYA\/#website\"},\"primaryImageOfPage\":{\"@id\":\"https:\/\/blogs.uninter.edu.mx\/DAEYA\/index.php\/egresados-2\/#primaryimage\"},\"image\":{\"@id\":\"https:\/\/blogs.uninter.edu.mx\/DAEYA\/index.php\/egresados-2\/#primaryimage\"},\"thumbnailUrl\":\"https:\/\/blogs.uninter.edu.mx\/DAEYA\/wp-content\/uploads\/2024\/03\/Banner-Worpress-4.png\",\"datePublished\":\"2024-04-18T21:32:45+00:00\",\"dateModified\":\"2024-04-18T21:34:29+00:00\",\"breadcrumb\":{\"@id\":\"https:\/\/blogs.uninter.edu.mx\/DAEYA\/index.php\/egresados-2\/#breadcrumb\"},\"inLanguage\":\"es\",\"potentialAction\":[{\"@type\":\"ReadAction\",\"target\":[\"https:\/\/blogs.uninter.edu.mx\/DAEYA\/index.php\/egresados-2\/\"]}]},{\"@type\":\"ImageObject\",\"inLanguage\":\"es\",\"@id\":\"https:\/\/blogs.uninter.edu.mx\/DAEYA\/index.php\/egresados-2\/#primaryimage\",\"url\":\"https:\/\/blogs.uninter.edu.mx\/DAEYA\/wp-content\/uploads\/2024\/03\/Banner-Worpress-4.png\",\"contentUrl\":\"https:\/\/blogs.uninter.edu.mx\/DAEYA\/wp-content\/uploads\/2024\/03\/Banner-Worpress-4.png\",\"width\":941,\"height\":153},{\"@type\":\"BreadcrumbList\",\"@id\":\"https:\/\/blogs.uninter.edu.mx\/DAEYA\/index.php\/egresados-2\/#breadcrumb\",\"itemListElement\":[{\"@type\":\"ListItem\",\"position\":1,\"name\":\"Inicio\",\"item\":\"https:\/\/blogs.uninter.edu.mx\/DAEYA\/\"},{\"@type\":\"ListItem\",\"position\":2,\"name\":\"Egresados\"}]},{\"@type\":\"WebSite\",\"@id\":\"https:\/\/blogs.uninter.edu.mx\/DAEYA\/#website\",\"url\":\"https:\/\/blogs.uninter.edu.mx\/DAEYA\/\",\"name\":\"Atenci\u00f3n a Estudiantes\",\"description\":\"UNINTER\",\"potentialAction\":[{\"@type\":\"SearchAction\",\"target\":{\"@type\":\"EntryPoint\",\"urlTemplate\":\"https:\/\/blogs.uninter.edu.mx\/DAEYA\/?s={search_term_string}\"},\"query-input\":{\"@type\":\"PropertyValueSpecification\",\"valueRequired\":true,\"valueName\":\"search_term_string\"}}],\"inLanguage\":\"es\"}]}<\/script>\r\n<!-- \/ Yoast SEO plugin. -->","yoast_head_json":{"title":"Egresados - Atenci\u00f3n a Estudiantes","robots":{"index":"index","follow":"follow","max-snippet":"max-snippet:-1","max-image-preview":"max-image-preview:large","max-video-preview":"max-video-preview:-1"},"canonical":"https:\/\/blogs.uninter.edu.mx\/DAEYA\/index.php\/egresados-2\/","og_locale":"es_MX","og_type":"article","og_title":"Egresados - Atenci\u00f3n a Estudiantes","og_description":"El programa de Egresados de la Universidad Internacional tiene como principal objetivo comprender la inserci\u00f3n de nuestros egresados en el \u00e1mbito laboral. &nbsp; Nos interesa conocer los desaf\u00edos que han enfrentado, as\u00ed como las oportunidades que se les han presentado gracias a su paso por Uninter. Todo ello con el prop\u00f3sito de innovar y mejorar&hellip;","og_url":"https:\/\/blogs.uninter.edu.mx\/DAEYA\/index.php\/egresados-2\/","og_site_name":"Atenci\u00f3n a Estudiantes","article_modified_time":"2024-04-18T21:34:29+00:00","og_image":[{"url":"https:\/\/blogs.uninter.edu.mx\/DAEYA\/wp-content\/uploads\/2024\/03\/Banner-Worpress-4.png","type":"","width":"","height":""}],"twitter_card":"summary_large_image","twitter_misc":{"Tiempo de lectura":"1 minuto"},"schema":{"@context":"https:\/\/schema.org","@graph":[{"@type":"WebPage","@id":"https:\/\/blogs.uninter.edu.mx\/DAEYA\/index.php\/egresados-2\/","url":"https:\/\/blogs.uninter.edu.mx\/DAEYA\/index.php\/egresados-2\/","name":"Egresados - Atenci\u00f3n a Estudiantes","isPartOf":{"@id":"https:\/\/blogs.uninter.edu.mx\/DAEYA\/#website"},"primaryImageOfPage":{"@id":"https:\/\/blogs.uninter.edu.mx\/DAEYA\/index.php\/egresados-2\/#primaryimage"},"image":{"@id":"https:\/\/blogs.uninter.edu.mx\/DAEYA\/index.php\/egresados-2\/#primaryimage"},"thumbnailUrl":"https:\/\/blogs.uninter.edu.mx\/DAEYA\/wp-content\/uploads\/2024\/03\/Banner-Worpress-4.png","datePublished":"2024-04-18T21:32:45+00:00","dateModified":"2024-04-18T21:34:29+00:00","breadcrumb":{"@id":"https:\/\/blogs.uninter.edu.mx\/DAEYA\/index.php\/egresados-2\/#breadcrumb"},"inLanguage":"es","potentialAction":[{"@type":"ReadAction","target":["https:\/\/blogs.uninter.edu.mx\/DAEYA\/index.php\/egresados-2\/"]}]},{"@type":"ImageObject","inLanguage":"es","@id":"https:\/\/blogs.uninter.edu.mx\/DAEYA\/index.php\/egresados-2\/#primaryimage","url":"https:\/\/blogs.uninter.edu.mx\/DAEYA\/wp-content\/uploads\/2024\/03\/Banner-Worpress-4.png","contentUrl":"https:\/\/blogs.uninter.edu.mx\/DAEYA\/wp-content\/uploads\/2024\/03\/Banner-Worpress-4.png","width":941,"height":153},{"@type":"BreadcrumbList","@id":"https:\/\/blogs.uninter.edu.mx\/DAEYA\/index.php\/egresados-2\/#breadcrumb","itemListElement":[{"@type":"ListItem","position":1,"name":"Inicio","item":"https:\/\/blogs.uninter.edu.mx\/DAEYA\/"},{"@type":"ListItem","position":2,"name":"Egresados"}]},{"@type":"WebSite","@id":"https:\/\/blogs.uninter.edu.mx\/DAEYA\/#website","url":"https:\/\/blogs.uninter.edu.mx\/DAEYA\/","name":"Atenci\u00f3n a Estudiantes","description":"UNINTER","potentialAction":[{"@type":"SearchAction","target":{"@type":"EntryPoint","urlTemplate":"https:\/\/blogs.uninter.edu.mx\/DAEYA\/?s={search_term_string}"},"query-input":{"@type":"PropertyValueSpecification","valueRequired":true,"valueName":"search_term_string"}}],"inLanguage":"es"}]}},"jetpack_sharing_enabled":true,"_links":{"self":[{"href":"https:\/\/blogs.uninter.edu.mx\/DAEYA\/index.php\/wp-json\/wp\/v2\/pages\/3002","targetHints":{"allow":["GET"]}}],"collection":[{"href":"https:\/\/blogs.uninter.edu.mx\/DAEYA\/index.php\/wp-json\/wp\/v2\/pages"}],"about":[{"href":"https:\/\/blogs.uninter.edu.mx\/DAEYA\/index.php\/wp-json\/wp\/v2\/types\/page"}],"author":[{"embeddable":true,"href":"https:\/\/blogs.uninter.edu.mx\/DAEYA\/index.php\/wp-json\/wp\/v2\/users\/9"}],"replies":[{"embeddable":true,"href":"https:\/\/blogs.uninter.edu.mx\/DAEYA\/index.php\/wp-json\/wp\/v2\/comments?post=3002"}],"version-history":[{"count":3,"href":"https:\/\/blogs.uninter.edu.mx\/DAEYA\/index.php\/wp-json\/wp\/v2\/pages\/3002\/revisions"}],"predecessor-version":[{"id":3009,"href":"https:\/\/blogs.uninter.edu.mx\/DAEYA\/index.php\/wp-json\/wp\/v2\/pages\/3002\/revisions\/3009"}],"wp:attachment":[{"href":"https:\/\/blogs.uninter.edu.mx\/DAEYA\/index.php\/wp-json\/wp\/v2\/media?parent=3002"}],"curies":[{"name":"wp","href":"https:\/\/api.w.org\/{rel}","templated":true}]}}