{"id":78,"date":"2019-09-28T17:42:00","date_gmt":"2019-09-28T17:42:00","guid":{"rendered":"https:\/\/blogs.uninter.edu.mx\/DAEYA\/?page_id=78"},"modified":"2025-09-15T21:26:52","modified_gmt":"2025-09-15T21:26:52","slug":"departamento-atencion-a-estudiantes-uninter","status":"publish","type":"page","link":"https:\/\/blogs.uninter.edu.mx\/DAEYA\/index.php\/departamento-atencion-a-estudiantes-uninter\/","title":{"rendered":"Atenci\u00f3n a Estudiantes Uninter"},"content":{"rendered":"\n<p>En el departamento de Atenci\u00f3n a Estudiantes te apoyaremos para acompa\u00f1arte, orientarte y darte seguimiento sobre cualquier situaci\u00f3n durante tu vida estudiantil en UNINTER. <\/p>\n\n\n\n<h3 class=\"wp-block-heading has-vivid-cyan-blue-color has-text-color\"><strong>Para la integraci\u00f3n con tu comunidad UNINTER, tenemos los siguientes programas<\/strong> <\/h3>\n\n\n\n<h3 class=\"wp-block-heading\"><img loading=\"lazy\" decoding=\"async\" width=\"30\" height=\"30\" class=\"wp-image-2588\" style=\"width: 30px;\" src=\"https:\/\/blogs.uninter.edu.mx\/DAEYA\/wp-content\/uploads\/2024\/03\/programa_nuevo-ingreso.png\" alt=\"\"> <strong>Seguimiento a Nuevo Ingreso:<\/strong><\/h3>\n\n\n\n<p class=\"has-text-align-left\">Te acompa\u00f1aremos durante tu proceso de inscripci\u00f3n, posteriormente te daremos seguimiento y atenci\u00f3n sobre cualquier situaci\u00f3n que surja antes de iniciar el ciclo escolar, como:<\/p>\n\n\n\n<ul class=\"wp-block-list\">\n<li>Fiesta\nde Bienvenida <\/li>\n\n\n\n<li>Invitaci\u00f3n a funciones de cine y eventos de UNINTER<\/li>\n\n\n\n<li>Dudas en general.<\/li>\n<\/ul>\n\n\n\n<h3 class=\"wp-block-heading\"><img loading=\"lazy\" decoding=\"async\" width=\"30\" height=\"30\" class=\"wp-image-2585\" style=\"width: 30px;\" src=\"https:\/\/blogs.uninter.edu.mx\/DAEYA\/wp-content\/uploads\/2024\/03\/redes_asuntos_estudiantiles.png\" alt=\"\"> <strong>Redes Estudiantiles<\/strong><\/h3>\n\n\n\n<p class=\"has-text-align-justify\">Una red estudiantil son grupos de alumnos destacados con iniciativas sobre\nalg\u00fan tema de inter\u00e9s con impacto social, al ser integrante de una red\nestudiantil ser\u00e1s representante e imagen de tu comunidad UNINTER.<\/p>\n\n\n\n<p>Las redes con las que contamos actualmente son:<\/p>\n\n\n\n<figure class=\"wp-block-image size-full\"><img loading=\"lazy\" decoding=\"async\" width=\"1020\" height=\"308\" src=\"https:\/\/blogs.uninter.edu.mx\/DAEYA\/wp-content\/uploads\/2025\/09\/Banner-Worpress.png\" alt=\"\" class=\"wp-image-3075\"\/><\/figure>\n\n\n\n<h3 class=\"wp-block-heading\"><img loading=\"lazy\" decoding=\"async\" width=\"30\" height=\"30\" class=\"wp-image-2589\" style=\"width: 30px;\" src=\"https:\/\/blogs.uninter.edu.mx\/DAEYA\/wp-content\/uploads\/2024\/03\/programa_alojamiento.png\" alt=\"\"> <strong>Programa de Alojamiento<\/strong><\/h3>\n\n\n\n<p class=\"has-text-align-justify\">Con el fin de otorgarte y acogerte en un hogar <strong>seguro<\/strong> contamos con el Directorio de Alojamiento donde vecinos de UNINTER rentan sus habitaciones a nuestra comunidad, solicita informaci\u00f3n en el departamento de estudiantes.<\/p>\n\n\n\n<h3 class=\"wp-block-heading\"><img loading=\"lazy\" decoding=\"async\" width=\"30\" height=\"30\" class=\"wp-image-2593\" style=\"width: 30px;\" src=\"https:\/\/blogs.uninter.edu.mx\/DAEYA\/wp-content\/uploads\/2024\/03\/programa_egresados-1.png\" alt=\"\"> <strong>Programa de Egresados<\/strong><\/h3>\n\n\n\n<p class=\"has-text-align-justify\">Para mantener contacto y vinculo profesional con nuestros egresados<\/p>\n\n\n\n<ul class=\"wp-block-list\">\n<li>Al egresar se te tomara la \u00faltima revisi\u00f3n de beca y\/o revisi\u00f3n de tu estatus.<\/li>\n<\/ul>\n\n\n\n<h3 class=\"wp-block-heading\"><img loading=\"lazy\" decoding=\"async\" width=\"30\" height=\"30\" class=\"wp-image-2594\" style=\"width: 30px;\" src=\"https:\/\/blogs.uninter.edu.mx\/DAEYA\/wp-content\/uploads\/2024\/03\/programa_egresados-2-1.png\" alt=\"\"> <strong>Programa de Referenciados<\/strong><\/h3>\n\n\n\n<p class=\"has-text-align-justify\">El programa de referenciados consiste al inscribir a un conocido o familiar a UNINTER, se te puede brindar el apoyo de liberar horas de servicio becario de un semestre y o mantener beca en caso de que no cumplas con alg\u00fan requisito de beca de un semestre. <\/p>\n\n\n\n<h3 class=\"wp-block-heading\"><img loading=\"lazy\" decoding=\"async\" width=\"30\" height=\"30\" class=\"wp-image-2631\" style=\"width: 30px;\" src=\"https:\/\/blogs.uninter.edu.mx\/DAEYA\/wp-content\/uploads\/2024\/03\/progama_tutorias.png\" alt=\"\"> <strong>Programa de Tutor\u00edas<\/strong><\/h3>\n\n\n\n<p class=\"has-text-align-justify\">Ofrecer un servicio de tutor\u00edas para estudiantes es una excelente manera de ayudar a aquellos que necesitan apoyo adicional en su estancia en UNINTER. La jefa de tutor\u00edas proporcionar\u00e1 una atenci\u00f3n personalizada a cada estudiante, identificando sus \u00e1reas de debilidad y desarrollando un plan de acci\u00f3n adaptado a sus necesidades espec\u00edficas. Esto puede ayudar a los estudiantes a mejorar sus habilidades acad\u00e9micas, aumentar su confianza y alcanzar su m\u00e1ximo potencial.<\/p>\n\n\n\n<p class=\"has-text-align-justify\"><strong>Contacto:<\/strong><\/p>\n\n\n\n<figure class=\"wp-block-image size-full\"><img loading=\"lazy\" decoding=\"async\" width=\"1020\" height=\"308\" src=\"https:\/\/blogs.uninter.edu.mx\/DAEYA\/wp-content\/uploads\/2025\/09\/Banner-Worpress-1.png\" alt=\"\" class=\"wp-image-3076\"\/><\/figure>\n","protected":false},"excerpt":{"rendered":"<p>En el departamento de Atenci\u00f3n a Estudiantes te apoyaremos para acompa\u00f1arte, orientarte y darte seguimiento sobre cualquier situaci\u00f3n durante tu vida estudiantil en UNINTER. Para la integraci\u00f3n con tu comunidad UNINTER, tenemos los siguientes programas Seguimiento a Nuevo Ingreso: Te acompa\u00f1aremos durante tu proceso de inscripci\u00f3n, posteriormente te daremos seguimiento y atenci\u00f3n sobre cualquier situaci\u00f3n&hellip;<\/p>\n","protected":false},"author":9,"featured_media":0,"parent":0,"menu_order":0,"comment_status":"closed","ping_status":"closed","template":"","meta":{"footnotes":""},"class_list":["post-78","page","type-page","status-publish","hentry"],"yoast_head":"<!-- This site is optimized with the Yoast SEO plugin v26.0 - https:\/\/yoast.com\/wordpress\/plugins\/seo\/ -->\r\n<title>Atenci\u00f3n a Estudiantes Uninter<\/title>\r\n<meta name=\"description\" content=\"Te acompa\u00f1aremos durante tu proceso de inscripci\u00f3n, posteriormente te daremos seguimiento y atenci\u00f3n sobre cualquier situaci\u00f3n\" \/>\r\n<meta name=\"robots\" content=\"index, follow, max-snippet:-1, max-image-preview:large, max-video-preview:-1\" \/>\r\n<link rel=\"canonical\" href=\"https:\/\/blogs.uninter.edu.mx\/DAEYA\/index.php\/departamento-atencion-a-estudiantes-uninter\/\" \/>\r\n<meta property=\"og:locale\" content=\"es_MX\" \/>\r\n<meta property=\"og:type\" content=\"article\" \/>\r\n<meta property=\"og:title\" content=\"Atenci\u00f3n a Estudiantes Uninter\" \/>\r\n<meta property=\"og:description\" content=\"Te acompa\u00f1aremos durante tu proceso de inscripci\u00f3n, posteriormente te daremos seguimiento y atenci\u00f3n sobre cualquier situaci\u00f3n\" \/>\r\n<meta property=\"og:url\" content=\"https:\/\/blogs.uninter.edu.mx\/DAEYA\/index.php\/departamento-atencion-a-estudiantes-uninter\/\" \/>\r\n<meta property=\"og:site_name\" content=\"Atenci\u00f3n a Estudiantes\" \/>\r\n<meta property=\"article:modified_time\" content=\"2025-09-15T21:26:52+00:00\" \/>\r\n<meta property=\"og:image\" content=\"https:\/\/blogs.uninter.edu.mx\/DAEYA\/wp-content\/uploads\/2024\/03\/programa_nuevo-ingreso.png\" \/>\r\n<meta name=\"twitter:card\" content=\"summary_large_image\" \/>\r\n<meta name=\"twitter:label1\" content=\"Tiempo de lectura\" \/>\n\t<meta name=\"twitter:data1\" content=\"4 minutos\" \/>\r\n<script type=\"application\/ld+json\" class=\"yoast-schema-graph\">{\"@context\":\"https:\/\/schema.org\",\"@graph\":[{\"@type\":\"WebPage\",\"@id\":\"https:\/\/blogs.uninter.edu.mx\/DAEYA\/index.php\/departamento-atencion-a-estudiantes-uninter\/\",\"url\":\"https:\/\/blogs.uninter.edu.mx\/DAEYA\/index.php\/departamento-atencion-a-estudiantes-uninter\/\",\"name\":\"Atenci\u00f3n a Estudiantes Uninter\",\"isPartOf\":{\"@id\":\"https:\/\/blogs.uninter.edu.mx\/DAEYA\/#website\"},\"primaryImageOfPage\":{\"@id\":\"https:\/\/blogs.uninter.edu.mx\/DAEYA\/index.php\/departamento-atencion-a-estudiantes-uninter\/#primaryimage\"},\"image\":{\"@id\":\"https:\/\/blogs.uninter.edu.mx\/DAEYA\/index.php\/departamento-atencion-a-estudiantes-uninter\/#primaryimage\"},\"thumbnailUrl\":\"https:\/\/blogs.uninter.edu.mx\/DAEYA\/wp-content\/uploads\/2024\/03\/programa_nuevo-ingreso.png\",\"datePublished\":\"2019-09-28T17:42:00+00:00\",\"dateModified\":\"2025-09-15T21:26:52+00:00\",\"description\":\"Te acompa\u00f1aremos durante tu proceso de inscripci\u00f3n, posteriormente te daremos seguimiento y atenci\u00f3n sobre cualquier situaci\u00f3n\",\"breadcrumb\":{\"@id\":\"https:\/\/blogs.uninter.edu.mx\/DAEYA\/index.php\/departamento-atencion-a-estudiantes-uninter\/#breadcrumb\"},\"inLanguage\":\"es\",\"potentialAction\":[{\"@type\":\"ReadAction\",\"target\":[\"https:\/\/blogs.uninter.edu.mx\/DAEYA\/index.php\/departamento-atencion-a-estudiantes-uninter\/\"]}]},{\"@type\":\"ImageObject\",\"inLanguage\":\"es\",\"@id\":\"https:\/\/blogs.uninter.edu.mx\/DAEYA\/index.php\/departamento-atencion-a-estudiantes-uninter\/#primaryimage\",\"url\":\"https:\/\/blogs.uninter.edu.mx\/DAEYA\/wp-content\/uploads\/2024\/03\/programa_nuevo-ingreso.png\",\"contentUrl\":\"https:\/\/blogs.uninter.edu.mx\/DAEYA\/wp-content\/uploads\/2024\/03\/programa_nuevo-ingreso.png\",\"width\":500,\"height\":500},{\"@type\":\"BreadcrumbList\",\"@id\":\"https:\/\/blogs.uninter.edu.mx\/DAEYA\/index.php\/departamento-atencion-a-estudiantes-uninter\/#breadcrumb\",\"itemListElement\":[{\"@type\":\"ListItem\",\"position\":1,\"name\":\"Inicio\",\"item\":\"https:\/\/blogs.uninter.edu.mx\/DAEYA\/\"},{\"@type\":\"ListItem\",\"position\":2,\"name\":\"Atenci\u00f3n a Estudiantes Uninter\"}]},{\"@type\":\"WebSite\",\"@id\":\"https:\/\/blogs.uninter.edu.mx\/DAEYA\/#website\",\"url\":\"https:\/\/blogs.uninter.edu.mx\/DAEYA\/\",\"name\":\"Atenci\u00f3n a Estudiantes\",\"description\":\"UNINTER\",\"potentialAction\":[{\"@type\":\"SearchAction\",\"target\":{\"@type\":\"EntryPoint\",\"urlTemplate\":\"https:\/\/blogs.uninter.edu.mx\/DAEYA\/?s={search_term_string}\"},\"query-input\":{\"@type\":\"PropertyValueSpecification\",\"valueRequired\":true,\"valueName\":\"search_term_string\"}}],\"inLanguage\":\"es\"}]}<\/script>\r\n<!-- \/ Yoast SEO plugin. -->","yoast_head_json":{"title":"Atenci\u00f3n a Estudiantes Uninter","description":"Te acompa\u00f1aremos durante tu proceso de inscripci\u00f3n, posteriormente te daremos seguimiento y atenci\u00f3n sobre cualquier situaci\u00f3n","robots":{"index":"index","follow":"follow","max-snippet":"max-snippet:-1","max-image-preview":"max-image-preview:large","max-video-preview":"max-video-preview:-1"},"canonical":"https:\/\/blogs.uninter.edu.mx\/DAEYA\/index.php\/departamento-atencion-a-estudiantes-uninter\/","og_locale":"es_MX","og_type":"article","og_title":"Atenci\u00f3n a Estudiantes Uninter","og_description":"Te acompa\u00f1aremos durante tu proceso de inscripci\u00f3n, posteriormente te daremos seguimiento y atenci\u00f3n sobre cualquier situaci\u00f3n","og_url":"https:\/\/blogs.uninter.edu.mx\/DAEYA\/index.php\/departamento-atencion-a-estudiantes-uninter\/","og_site_name":"Atenci\u00f3n a Estudiantes","article_modified_time":"2025-09-15T21:26:52+00:00","og_image":[{"url":"https:\/\/blogs.uninter.edu.mx\/DAEYA\/wp-content\/uploads\/2024\/03\/programa_nuevo-ingreso.png","type":"","width":"","height":""}],"twitter_card":"summary_large_image","twitter_misc":{"Tiempo de lectura":"4 minutos"},"schema":{"@context":"https:\/\/schema.org","@graph":[{"@type":"WebPage","@id":"https:\/\/blogs.uninter.edu.mx\/DAEYA\/index.php\/departamento-atencion-a-estudiantes-uninter\/","url":"https:\/\/blogs.uninter.edu.mx\/DAEYA\/index.php\/departamento-atencion-a-estudiantes-uninter\/","name":"Atenci\u00f3n a Estudiantes Uninter","isPartOf":{"@id":"https:\/\/blogs.uninter.edu.mx\/DAEYA\/#website"},"primaryImageOfPage":{"@id":"https:\/\/blogs.uninter.edu.mx\/DAEYA\/index.php\/departamento-atencion-a-estudiantes-uninter\/#primaryimage"},"image":{"@id":"https:\/\/blogs.uninter.edu.mx\/DAEYA\/index.php\/departamento-atencion-a-estudiantes-uninter\/#primaryimage"},"thumbnailUrl":"https:\/\/blogs.uninter.edu.mx\/DAEYA\/wp-content\/uploads\/2024\/03\/programa_nuevo-ingreso.png","datePublished":"2019-09-28T17:42:00+00:00","dateModified":"2025-09-15T21:26:52+00:00","description":"Te acompa\u00f1aremos durante tu proceso de inscripci\u00f3n, posteriormente te daremos seguimiento y atenci\u00f3n sobre cualquier situaci\u00f3n","breadcrumb":{"@id":"https:\/\/blogs.uninter.edu.mx\/DAEYA\/index.php\/departamento-atencion-a-estudiantes-uninter\/#breadcrumb"},"inLanguage":"es","potentialAction":[{"@type":"ReadAction","target":["https:\/\/blogs.uninter.edu.mx\/DAEYA\/index.php\/departamento-atencion-a-estudiantes-uninter\/"]}]},{"@type":"ImageObject","inLanguage":"es","@id":"https:\/\/blogs.uninter.edu.mx\/DAEYA\/index.php\/departamento-atencion-a-estudiantes-uninter\/#primaryimage","url":"https:\/\/blogs.uninter.edu.mx\/DAEYA\/wp-content\/uploads\/2024\/03\/programa_nuevo-ingreso.png","contentUrl":"https:\/\/blogs.uninter.edu.mx\/DAEYA\/wp-content\/uploads\/2024\/03\/programa_nuevo-ingreso.png","width":500,"height":500},{"@type":"BreadcrumbList","@id":"https:\/\/blogs.uninter.edu.mx\/DAEYA\/index.php\/departamento-atencion-a-estudiantes-uninter\/#breadcrumb","itemListElement":[{"@type":"ListItem","position":1,"name":"Inicio","item":"https:\/\/blogs.uninter.edu.mx\/DAEYA\/"},{"@type":"ListItem","position":2,"name":"Atenci\u00f3n a Estudiantes Uninter"}]},{"@type":"WebSite","@id":"https:\/\/blogs.uninter.edu.mx\/DAEYA\/#website","url":"https:\/\/blogs.uninter.edu.mx\/DAEYA\/","name":"Atenci\u00f3n a Estudiantes","description":"UNINTER","potentialAction":[{"@type":"SearchAction","target":{"@type":"EntryPoint","urlTemplate":"https:\/\/blogs.uninter.edu.mx\/DAEYA\/?s={search_term_string}"},"query-input":{"@type":"PropertyValueSpecification","valueRequired":true,"valueName":"search_term_string"}}],"inLanguage":"es"}]}},"jetpack_sharing_enabled":true,"_links":{"self":[{"href":"https:\/\/blogs.uninter.edu.mx\/DAEYA\/index.php\/wp-json\/wp\/v2\/pages\/78","targetHints":{"allow":["GET"]}}],"collection":[{"href":"https:\/\/blogs.uninter.edu.mx\/DAEYA\/index.php\/wp-json\/wp\/v2\/pages"}],"about":[{"href":"https:\/\/blogs.uninter.edu.mx\/DAEYA\/index.php\/wp-json\/wp\/v2\/types\/page"}],"author":[{"embeddable":true,"href":"https:\/\/blogs.uninter.edu.mx\/DAEYA\/index.php\/wp-json\/wp\/v2\/users\/9"}],"replies":[{"embeddable":true,"href":"https:\/\/blogs.uninter.edu.mx\/DAEYA\/index.php\/wp-json\/wp\/v2\/comments?post=78"}],"version-history":[{"count":47,"href":"https:\/\/blogs.uninter.edu.mx\/DAEYA\/index.php\/wp-json\/wp\/v2\/pages\/78\/revisions"}],"predecessor-version":[{"id":3077,"href":"https:\/\/blogs.uninter.edu.mx\/DAEYA\/index.php\/wp-json\/wp\/v2\/pages\/78\/revisions\/3077"}],"wp:attachment":[{"href":"https:\/\/blogs.uninter.edu.mx\/DAEYA\/index.php\/wp-json\/wp\/v2\/media?parent=78"}],"curies":[{"name":"wp","href":"https:\/\/api.w.org\/{rel}","templated":true}]}}