{"id":2,"date":"2019-05-31T15:01:53","date_gmt":"2019-05-31T15:01:53","guid":{"rendered":"https:\/\/blogs.uninter.edu.mx\/ENDECS\/?page_id=2"},"modified":"2019-06-27T15:03:28","modified_gmt":"2019-06-27T20:03:28","slug":"acerca-de-endecs","status":"publish","type":"page","link":"https:\/\/blogs.uninter.edu.mx\/ENDECS\/index.php\/acerca-de-endecs\/","title":{"rendered":"Acerca de nosotros&#8230;"},"content":{"rendered":"\n<p style=\"text-align:justify\">En la ENDECS se ubican las carreras profesionales de: Administraci\u00f3n de Empresas, Mercadotecnia, Mercadotecnia y Publicidad, Administraci\u00f3n y Mercadotecnia, Administraci\u00f3n de Empresas Tur\u00edsticas, Comercio Exterior, Negocios internacionales, Contadur\u00eda, Econom\u00eda y Finanzas, Relaciones Internacionales y Econom\u00eda, Ciencias Pol\u00edticas y Gesti\u00f3n P\u00fablica, Administraci\u00f3n P\u00fablica, Derecho .<\/p>\n\n\n\n<p style=\"text-align:justify\">El Maestro Adalberto Gama Arrollo es el encargado de esta \u00e1rea tan importante en la Universidad Internacional.<\/p>\n","protected":false},"excerpt":{"rendered":"<p>En la ENDECS se ubican las carreras profesionales de: Administraci\u00f3n de Empresas, Mercadotecnia, Mercadotecnia y Publicidad, Administraci\u00f3n y Mercadotecnia, Administraci\u00f3n de Empresas Tur\u00edsticas, Comercio Exterior, Negocios internacionales, Contadur\u00eda, Econom\u00eda y Finanzas, Relaciones Internacionales y Econom\u00eda, Ciencias Pol\u00edticas y Gesti\u00f3n P\u00fablica, Administraci\u00f3n P\u00fablica, Derecho . El Maestro Adalberto Gama Arrollo es el encargado de esta \u00e1rea&hellip;<\/p>\n","protected":false},"author":17,"featured_media":0,"parent":0,"menu_order":0,"comment_status":"closed","ping_status":"open","template":"","meta":{"footnotes":""},"class_list":["post-2","page","type-page","status-publish","hentry"],"yoast_head":"<!-- This site is optimized with the Yoast SEO plugin v26.0 - https:\/\/yoast.com\/wordpress\/plugins\/seo\/ -->\r\n<title>Acerca de nosotros... - ENDECS<\/title>\r\n<meta name=\"robots\" content=\"index, follow, max-snippet:-1, max-image-preview:large, max-video-preview:-1\" \/>\r\n<link rel=\"canonical\" href=\"https:\/\/blogs.uninter.edu.mx\/ENDECS\/index.php\/acerca-de-endecs\/\" \/>\r\n<meta property=\"og:locale\" content=\"es_MX\" \/>\r\n<meta property=\"og:type\" content=\"article\" \/>\r\n<meta property=\"og:title\" content=\"Acerca de nosotros... - ENDECS\" \/>\r\n<meta property=\"og:description\" content=\"En la ENDECS se ubican las carreras profesionales de: Administraci\u00f3n de Empresas, Mercadotecnia, Mercadotecnia y Publicidad, Administraci\u00f3n y Mercadotecnia, Administraci\u00f3n de Empresas Tur\u00edsticas, Comercio Exterior, Negocios internacionales, Contadur\u00eda, Econom\u00eda y Finanzas, Relaciones Internacionales y Econom\u00eda, Ciencias Pol\u00edticas y Gesti\u00f3n P\u00fablica, Administraci\u00f3n P\u00fablica, Derecho . El Maestro Adalberto Gama Arrollo es el encargado de esta \u00e1rea&hellip;\" \/>\r\n<meta property=\"og:url\" content=\"https:\/\/blogs.uninter.edu.mx\/ENDECS\/index.php\/acerca-de-endecs\/\" \/>\r\n<meta property=\"og:site_name\" content=\"ENDECS\" \/>\r\n<meta property=\"article:modified_time\" content=\"2019-06-27T20:03:28+00:00\" \/>\r\n<meta name=\"twitter:card\" content=\"summary_large_image\" \/>\r\n<script type=\"application\/ld+json\" class=\"yoast-schema-graph\">{\"@context\":\"https:\/\/schema.org\",\"@graph\":[{\"@type\":\"WebPage\",\"@id\":\"https:\/\/blogs.uninter.edu.mx\/ENDECS\/index.php\/acerca-de-endecs\/\",\"url\":\"https:\/\/blogs.uninter.edu.mx\/ENDECS\/index.php\/acerca-de-endecs\/\",\"name\":\"Acerca de nosotros... - ENDECS\",\"isPartOf\":{\"@id\":\"https:\/\/blogs.uninter.edu.mx\/ENDECS\/#website\"},\"datePublished\":\"2019-05-31T15:01:53+00:00\",\"dateModified\":\"2019-06-27T20:03:28+00:00\",\"breadcrumb\":{\"@id\":\"https:\/\/blogs.uninter.edu.mx\/ENDECS\/index.php\/acerca-de-endecs\/#breadcrumb\"},\"inLanguage\":\"es\",\"potentialAction\":[{\"@type\":\"ReadAction\",\"target\":[\"https:\/\/blogs.uninter.edu.mx\/ENDECS\/index.php\/acerca-de-endecs\/\"]}]},{\"@type\":\"BreadcrumbList\",\"@id\":\"https:\/\/blogs.uninter.edu.mx\/ENDECS\/index.php\/acerca-de-endecs\/#breadcrumb\",\"itemListElement\":[{\"@type\":\"ListItem\",\"position\":1,\"name\":\"Inicio\",\"item\":\"https:\/\/blogs.uninter.edu.mx\/ENDECS\/\"},{\"@type\":\"ListItem\",\"position\":2,\"name\":\"Acerca de nosotros&#8230;\"}]},{\"@type\":\"WebSite\",\"@id\":\"https:\/\/blogs.uninter.edu.mx\/ENDECS\/#website\",\"url\":\"https:\/\/blogs.uninter.edu.mx\/ENDECS\/\",\"name\":\"ENDECS\",\"description\":\"Escuela de Negocios Derecho y Ciencias Sociales\",\"publisher\":{\"@id\":\"https:\/\/blogs.uninter.edu.mx\/ENDECS\/#organization\"},\"potentialAction\":[{\"@type\":\"SearchAction\",\"target\":{\"@type\":\"EntryPoint\",\"urlTemplate\":\"https:\/\/blogs.uninter.edu.mx\/ENDECS\/?s={search_term_string}\"},\"query-input\":{\"@type\":\"PropertyValueSpecification\",\"valueRequired\":true,\"valueName\":\"search_term_string\"}}],\"inLanguage\":\"es\"},{\"@type\":\"Organization\",\"@id\":\"https:\/\/blogs.uninter.edu.mx\/ENDECS\/#organization\",\"name\":\"ENDECS - UNINTER\",\"url\":\"https:\/\/blogs.uninter.edu.mx\/ENDECS\/\",\"logo\":{\"@type\":\"ImageObject\",\"inLanguage\":\"es\",\"@id\":\"https:\/\/blogs.uninter.edu.mx\/ENDECS\/#\/schema\/logo\/image\/\",\"url\":\"https:\/\/blogs.uninter.edu.mx\/ENDECS\/wp-content\/uploads\/2019\/06\/Blog-ENDECS.jpg\",\"contentUrl\":\"https:\/\/blogs.uninter.edu.mx\/ENDECS\/wp-content\/uploads\/2019\/06\/Blog-ENDECS.jpg\",\"width\":1020,\"height\":317,\"caption\":\"ENDECS - UNINTER\"},\"image\":{\"@id\":\"https:\/\/blogs.uninter.edu.mx\/ENDECS\/#\/schema\/logo\/image\/\"}}]}<\/script>\r\n<!-- \/ Yoast SEO plugin. -->","yoast_head_json":{"title":"Acerca de nosotros... - ENDECS","robots":{"index":"index","follow":"follow","max-snippet":"max-snippet:-1","max-image-preview":"max-image-preview:large","max-video-preview":"max-video-preview:-1"},"canonical":"https:\/\/blogs.uninter.edu.mx\/ENDECS\/index.php\/acerca-de-endecs\/","og_locale":"es_MX","og_type":"article","og_title":"Acerca de nosotros... - ENDECS","og_description":"En la ENDECS se ubican las carreras profesionales de: Administraci\u00f3n de Empresas, Mercadotecnia, Mercadotecnia y Publicidad, Administraci\u00f3n y Mercadotecnia, Administraci\u00f3n de Empresas Tur\u00edsticas, Comercio Exterior, Negocios internacionales, Contadur\u00eda, Econom\u00eda y Finanzas, Relaciones Internacionales y Econom\u00eda, Ciencias Pol\u00edticas y Gesti\u00f3n P\u00fablica, Administraci\u00f3n P\u00fablica, Derecho . El Maestro Adalberto Gama Arrollo es el encargado de esta \u00e1rea&hellip;","og_url":"https:\/\/blogs.uninter.edu.mx\/ENDECS\/index.php\/acerca-de-endecs\/","og_site_name":"ENDECS","article_modified_time":"2019-06-27T20:03:28+00:00","twitter_card":"summary_large_image","schema":{"@context":"https:\/\/schema.org","@graph":[{"@type":"WebPage","@id":"https:\/\/blogs.uninter.edu.mx\/ENDECS\/index.php\/acerca-de-endecs\/","url":"https:\/\/blogs.uninter.edu.mx\/ENDECS\/index.php\/acerca-de-endecs\/","name":"Acerca de nosotros... - ENDECS","isPartOf":{"@id":"https:\/\/blogs.uninter.edu.mx\/ENDECS\/#website"},"datePublished":"2019-05-31T15:01:53+00:00","dateModified":"2019-06-27T20:03:28+00:00","breadcrumb":{"@id":"https:\/\/blogs.uninter.edu.mx\/ENDECS\/index.php\/acerca-de-endecs\/#breadcrumb"},"inLanguage":"es","potentialAction":[{"@type":"ReadAction","target":["https:\/\/blogs.uninter.edu.mx\/ENDECS\/index.php\/acerca-de-endecs\/"]}]},{"@type":"BreadcrumbList","@id":"https:\/\/blogs.uninter.edu.mx\/ENDECS\/index.php\/acerca-de-endecs\/#breadcrumb","itemListElement":[{"@type":"ListItem","position":1,"name":"Inicio","item":"https:\/\/blogs.uninter.edu.mx\/ENDECS\/"},{"@type":"ListItem","position":2,"name":"Acerca de nosotros&#8230;"}]},{"@type":"WebSite","@id":"https:\/\/blogs.uninter.edu.mx\/ENDECS\/#website","url":"https:\/\/blogs.uninter.edu.mx\/ENDECS\/","name":"ENDECS","description":"Escuela de Negocios Derecho y Ciencias Sociales","publisher":{"@id":"https:\/\/blogs.uninter.edu.mx\/ENDECS\/#organization"},"potentialAction":[{"@type":"SearchAction","target":{"@type":"EntryPoint","urlTemplate":"https:\/\/blogs.uninter.edu.mx\/ENDECS\/?s={search_term_string}"},"query-input":{"@type":"PropertyValueSpecification","valueRequired":true,"valueName":"search_term_string"}}],"inLanguage":"es"},{"@type":"Organization","@id":"https:\/\/blogs.uninter.edu.mx\/ENDECS\/#organization","name":"ENDECS - UNINTER","url":"https:\/\/blogs.uninter.edu.mx\/ENDECS\/","logo":{"@type":"ImageObject","inLanguage":"es","@id":"https:\/\/blogs.uninter.edu.mx\/ENDECS\/#\/schema\/logo\/image\/","url":"https:\/\/blogs.uninter.edu.mx\/ENDECS\/wp-content\/uploads\/2019\/06\/Blog-ENDECS.jpg","contentUrl":"https:\/\/blogs.uninter.edu.mx\/ENDECS\/wp-content\/uploads\/2019\/06\/Blog-ENDECS.jpg","width":1020,"height":317,"caption":"ENDECS - UNINTER"},"image":{"@id":"https:\/\/blogs.uninter.edu.mx\/ENDECS\/#\/schema\/logo\/image\/"}}]}},"jetpack_sharing_enabled":true,"_links":{"self":[{"href":"https:\/\/blogs.uninter.edu.mx\/ENDECS\/index.php\/wp-json\/wp\/v2\/pages\/2","targetHints":{"allow":["GET"]}}],"collection":[{"href":"https:\/\/blogs.uninter.edu.mx\/ENDECS\/index.php\/wp-json\/wp\/v2\/pages"}],"about":[{"href":"https:\/\/blogs.uninter.edu.mx\/ENDECS\/index.php\/wp-json\/wp\/v2\/types\/page"}],"author":[{"embeddable":true,"href":"https:\/\/blogs.uninter.edu.mx\/ENDECS\/index.php\/wp-json\/wp\/v2\/users\/17"}],"replies":[{"embeddable":true,"href":"https:\/\/blogs.uninter.edu.mx\/ENDECS\/index.php\/wp-json\/wp\/v2\/comments?post=2"}],"version-history":[{"count":4,"href":"https:\/\/blogs.uninter.edu.mx\/ENDECS\/index.php\/wp-json\/wp\/v2\/pages\/2\/revisions"}],"predecessor-version":[{"id":276,"href":"https:\/\/blogs.uninter.edu.mx\/ENDECS\/index.php\/wp-json\/wp\/v2\/pages\/2\/revisions\/276"}],"wp:attachment":[{"href":"https:\/\/blogs.uninter.edu.mx\/ENDECS\/index.php\/wp-json\/wp\/v2\/media?parent=2"}],"curies":[{"name":"wp","href":"https:\/\/api.w.org\/{rel}","templated":true}]}}