{"id":48,"date":"2019-06-04T16:56:53","date_gmt":"2019-06-04T21:56:53","guid":{"rendered":"https:\/\/blogs.uninter.edu.mx\/ENDECS\/?page_id=48"},"modified":"2019-07-11T18:04:41","modified_gmt":"2019-07-11T23:04:41","slug":"contactanos","status":"publish","type":"page","link":"https:\/\/blogs.uninter.edu.mx\/ENDECS\/index.php\/contactanos\/","title":{"rendered":"Cont\u00e1ctanos"},"content":{"rendered":"\n<p style=\"text-align:justify\">D\u00e9janos tu nombre, correo electr\u00f3nico, n\u00famero y duda para contactar contigo y resolver tus dudas. Si necesitas llamarnos encontrar\u00e1s nuestro n\u00famero al final de la p\u00e1gina.<\/p>\n\n\n<div class=\"wp-block-jetpack-contact-form\"><a href=\"https:\/\/blogs.uninter.edu.mx\/ENDECS\/index.php\/contactanos\/\" target=\"_blank\" rel=\"noopener noreferrer\">Env\u00eda un formulario.<\/a><\/div>","protected":false},"excerpt":{"rendered":"<p>D\u00e9janos tu nombre, correo electr\u00f3nico, n\u00famero y duda para contactar contigo y resolver tus dudas. Si necesitas llamarnos encontrar\u00e1s nuestro n\u00famero al final de la p\u00e1gina.<\/p>\n","protected":false},"author":17,"featured_media":0,"parent":0,"menu_order":0,"comment_status":"closed","ping_status":"closed","template":"","meta":{"footnotes":""},"class_list":["post-48","page","type-page","status-publish","hentry"],"yoast_head":"<!-- This site is optimized with the Yoast SEO plugin v26.0 - https:\/\/yoast.com\/wordpress\/plugins\/seo\/ -->\r\n<title>Cont\u00e1ctanos - ENDECS<\/title>\r\n<meta name=\"robots\" content=\"index, follow, max-snippet:-1, max-image-preview:large, max-video-preview:-1\" \/>\r\n<link rel=\"canonical\" href=\"https:\/\/blogs.uninter.edu.mx\/ENDECS\/index.php\/contactanos\/\" \/>\r\n<meta property=\"og:locale\" content=\"es_MX\" \/>\r\n<meta property=\"og:type\" content=\"article\" \/>\r\n<meta property=\"og:title\" content=\"Cont\u00e1ctanos - ENDECS\" \/>\r\n<meta property=\"og:description\" content=\"D\u00e9janos tu nombre, correo electr\u00f3nico, n\u00famero y duda para contactar contigo y resolver tus dudas. Si necesitas llamarnos encontrar\u00e1s nuestro n\u00famero al final de la p\u00e1gina.\" \/>\r\n<meta property=\"og:url\" content=\"https:\/\/blogs.uninter.edu.mx\/ENDECS\/index.php\/contactanos\/\" \/>\r\n<meta property=\"og:site_name\" content=\"ENDECS\" \/>\r\n<meta property=\"article:modified_time\" content=\"2019-07-11T23:04:41+00:00\" \/>\r\n<meta name=\"twitter:card\" content=\"summary_large_image\" \/>\r\n<script type=\"application\/ld+json\" class=\"yoast-schema-graph\">{\"@context\":\"https:\/\/schema.org\",\"@graph\":[{\"@type\":\"WebPage\",\"@id\":\"https:\/\/blogs.uninter.edu.mx\/ENDECS\/index.php\/contactanos\/\",\"url\":\"https:\/\/blogs.uninter.edu.mx\/ENDECS\/index.php\/contactanos\/\",\"name\":\"Cont\u00e1ctanos - ENDECS\",\"isPartOf\":{\"@id\":\"https:\/\/blogs.uninter.edu.mx\/ENDECS\/#website\"},\"datePublished\":\"2019-06-04T21:56:53+00:00\",\"dateModified\":\"2019-07-11T23:04:41+00:00\",\"breadcrumb\":{\"@id\":\"https:\/\/blogs.uninter.edu.mx\/ENDECS\/index.php\/contactanos\/#breadcrumb\"},\"inLanguage\":\"es\",\"potentialAction\":[{\"@type\":\"ReadAction\",\"target\":[\"https:\/\/blogs.uninter.edu.mx\/ENDECS\/index.php\/contactanos\/\"]}]},{\"@type\":\"BreadcrumbList\",\"@id\":\"https:\/\/blogs.uninter.edu.mx\/ENDECS\/index.php\/contactanos\/#breadcrumb\",\"itemListElement\":[{\"@type\":\"ListItem\",\"position\":1,\"name\":\"Inicio\",\"item\":\"https:\/\/blogs.uninter.edu.mx\/ENDECS\/\"},{\"@type\":\"ListItem\",\"position\":2,\"name\":\"Cont\u00e1ctanos\"}]},{\"@type\":\"WebSite\",\"@id\":\"https:\/\/blogs.uninter.edu.mx\/ENDECS\/#website\",\"url\":\"https:\/\/blogs.uninter.edu.mx\/ENDECS\/\",\"name\":\"ENDECS\",\"description\":\"Escuela de Negocios Derecho y Ciencias Sociales\",\"publisher\":{\"@id\":\"https:\/\/blogs.uninter.edu.mx\/ENDECS\/#organization\"},\"potentialAction\":[{\"@type\":\"SearchAction\",\"target\":{\"@type\":\"EntryPoint\",\"urlTemplate\":\"https:\/\/blogs.uninter.edu.mx\/ENDECS\/?s={search_term_string}\"},\"query-input\":{\"@type\":\"PropertyValueSpecification\",\"valueRequired\":true,\"valueName\":\"search_term_string\"}}],\"inLanguage\":\"es\"},{\"@type\":\"Organization\",\"@id\":\"https:\/\/blogs.uninter.edu.mx\/ENDECS\/#organization\",\"name\":\"ENDECS - UNINTER\",\"url\":\"https:\/\/blogs.uninter.edu.mx\/ENDECS\/\",\"logo\":{\"@type\":\"ImageObject\",\"inLanguage\":\"es\",\"@id\":\"https:\/\/blogs.uninter.edu.mx\/ENDECS\/#\/schema\/logo\/image\/\",\"url\":\"https:\/\/blogs.uninter.edu.mx\/ENDECS\/wp-content\/uploads\/2019\/06\/Blog-ENDECS.jpg\",\"contentUrl\":\"https:\/\/blogs.uninter.edu.mx\/ENDECS\/wp-content\/uploads\/2019\/06\/Blog-ENDECS.jpg\",\"width\":1020,\"height\":317,\"caption\":\"ENDECS - UNINTER\"},\"image\":{\"@id\":\"https:\/\/blogs.uninter.edu.mx\/ENDECS\/#\/schema\/logo\/image\/\"}}]}<\/script>\r\n<!-- \/ Yoast SEO plugin. -->","yoast_head_json":{"title":"Cont\u00e1ctanos - ENDECS","robots":{"index":"index","follow":"follow","max-snippet":"max-snippet:-1","max-image-preview":"max-image-preview:large","max-video-preview":"max-video-preview:-1"},"canonical":"https:\/\/blogs.uninter.edu.mx\/ENDECS\/index.php\/contactanos\/","og_locale":"es_MX","og_type":"article","og_title":"Cont\u00e1ctanos - ENDECS","og_description":"D\u00e9janos tu nombre, correo electr\u00f3nico, n\u00famero y duda para contactar contigo y resolver tus dudas. Si necesitas llamarnos encontrar\u00e1s nuestro n\u00famero al final de la p\u00e1gina.","og_url":"https:\/\/blogs.uninter.edu.mx\/ENDECS\/index.php\/contactanos\/","og_site_name":"ENDECS","article_modified_time":"2019-07-11T23:04:41+00:00","twitter_card":"summary_large_image","schema":{"@context":"https:\/\/schema.org","@graph":[{"@type":"WebPage","@id":"https:\/\/blogs.uninter.edu.mx\/ENDECS\/index.php\/contactanos\/","url":"https:\/\/blogs.uninter.edu.mx\/ENDECS\/index.php\/contactanos\/","name":"Cont\u00e1ctanos - ENDECS","isPartOf":{"@id":"https:\/\/blogs.uninter.edu.mx\/ENDECS\/#website"},"datePublished":"2019-06-04T21:56:53+00:00","dateModified":"2019-07-11T23:04:41+00:00","breadcrumb":{"@id":"https:\/\/blogs.uninter.edu.mx\/ENDECS\/index.php\/contactanos\/#breadcrumb"},"inLanguage":"es","potentialAction":[{"@type":"ReadAction","target":["https:\/\/blogs.uninter.edu.mx\/ENDECS\/index.php\/contactanos\/"]}]},{"@type":"BreadcrumbList","@id":"https:\/\/blogs.uninter.edu.mx\/ENDECS\/index.php\/contactanos\/#breadcrumb","itemListElement":[{"@type":"ListItem","position":1,"name":"Inicio","item":"https:\/\/blogs.uninter.edu.mx\/ENDECS\/"},{"@type":"ListItem","position":2,"name":"Cont\u00e1ctanos"}]},{"@type":"WebSite","@id":"https:\/\/blogs.uninter.edu.mx\/ENDECS\/#website","url":"https:\/\/blogs.uninter.edu.mx\/ENDECS\/","name":"ENDECS","description":"Escuela de Negocios Derecho y Ciencias Sociales","publisher":{"@id":"https:\/\/blogs.uninter.edu.mx\/ENDECS\/#organization"},"potentialAction":[{"@type":"SearchAction","target":{"@type":"EntryPoint","urlTemplate":"https:\/\/blogs.uninter.edu.mx\/ENDECS\/?s={search_term_string}"},"query-input":{"@type":"PropertyValueSpecification","valueRequired":true,"valueName":"search_term_string"}}],"inLanguage":"es"},{"@type":"Organization","@id":"https:\/\/blogs.uninter.edu.mx\/ENDECS\/#organization","name":"ENDECS - UNINTER","url":"https:\/\/blogs.uninter.edu.mx\/ENDECS\/","logo":{"@type":"ImageObject","inLanguage":"es","@id":"https:\/\/blogs.uninter.edu.mx\/ENDECS\/#\/schema\/logo\/image\/","url":"https:\/\/blogs.uninter.edu.mx\/ENDECS\/wp-content\/uploads\/2019\/06\/Blog-ENDECS.jpg","contentUrl":"https:\/\/blogs.uninter.edu.mx\/ENDECS\/wp-content\/uploads\/2019\/06\/Blog-ENDECS.jpg","width":1020,"height":317,"caption":"ENDECS - UNINTER"},"image":{"@id":"https:\/\/blogs.uninter.edu.mx\/ENDECS\/#\/schema\/logo\/image\/"}}]}},"jetpack_sharing_enabled":true,"_links":{"self":[{"href":"https:\/\/blogs.uninter.edu.mx\/ENDECS\/index.php\/wp-json\/wp\/v2\/pages\/48","targetHints":{"allow":["GET"]}}],"collection":[{"href":"https:\/\/blogs.uninter.edu.mx\/ENDECS\/index.php\/wp-json\/wp\/v2\/pages"}],"about":[{"href":"https:\/\/blogs.uninter.edu.mx\/ENDECS\/index.php\/wp-json\/wp\/v2\/types\/page"}],"author":[{"embeddable":true,"href":"https:\/\/blogs.uninter.edu.mx\/ENDECS\/index.php\/wp-json\/wp\/v2\/users\/17"}],"replies":[{"embeddable":true,"href":"https:\/\/blogs.uninter.edu.mx\/ENDECS\/index.php\/wp-json\/wp\/v2\/comments?post=48"}],"version-history":[{"count":3,"href":"https:\/\/blogs.uninter.edu.mx\/ENDECS\/index.php\/wp-json\/wp\/v2\/pages\/48\/revisions"}],"predecessor-version":[{"id":606,"href":"https:\/\/blogs.uninter.edu.mx\/ENDECS\/index.php\/wp-json\/wp\/v2\/pages\/48\/revisions\/606"}],"wp:attachment":[{"href":"https:\/\/blogs.uninter.edu.mx\/ENDECS\/index.php\/wp-json\/wp\/v2\/media?parent=48"}],"curies":[{"name":"wp","href":"https:\/\/api.w.org\/{rel}","templated":true}]}}