{"id":522,"date":"2019-07-10T18:00:51","date_gmt":"2019-07-10T23:00:51","guid":{"rendered":"https:\/\/blogs.uninter.edu.mx\/ENDECS\/?page_id=522"},"modified":"2021-07-16T15:29:00","modified_gmt":"2021-07-16T20:29:00","slug":"licenciaturas-endecs","status":"publish","type":"page","link":"https:\/\/blogs.uninter.edu.mx\/ENDECS\/index.php\/licenciaturas-endecs\/","title":{"rendered":"Licenciaturas"},"content":{"rendered":"\n<figure class=\"wp-block-image\"><a href=\"https:\/\/universidad.uninter.edu.mx\/Oferta-Educativa\" target=\"_blank\" rel=\"noreferrer noopener\"><img loading=\"lazy\" decoding=\"async\" width=\"533\" height=\"86\" src=\"https:\/\/blogs.uninter.edu.mx\/ENDECS\/wp-content\/uploads\/2019\/07\/logo_con_sec.png\" alt=\"Licenciaturas en Uninter\" class=\"wp-image-447\" srcset=\"https:\/\/blogs.uninter.edu.mx\/ENDECS\/wp-content\/uploads\/2019\/07\/logo_con_sec.png 533w, https:\/\/blogs.uninter.edu.mx\/ENDECS\/wp-content\/uploads\/2019\/07\/logo_con_sec-300x48.png 300w\" sizes=\"auto, (max-width: 533px) 100vw, 533px\" \/><\/a><\/figure>\n\n\n\n<p class=\"has-text-align-justify\">En <a href=\"https:\/\/www.facebook.com\/dacsuninter1\/\">ENDECS<\/a> contamos con profesores altamente capacitados, por eso las <a href=\"https:\/\/universidad.uninter.edu.mx\/Folletos-Digitales\">licenciaturas<\/a> en <a href=\"https:\/\/www.facebook.com\/dacsuninter1\/\">ENDECS<\/a> te ayudar\u00e1n a desarrollarte para la vida profesional. Adem\u00e1s recuerda que somos parte de la <a href=\"https:\/\/uninter.edu.mx\/\">Universidad Internacional<\/a>.<\/p>\n\n\n\n<ul class=\"wp-block-list\"><li><a href=\"https:\/\/uninter.edu.mx\/folletos\/lae\/\">Licenciatura en Administraci\u00f3n de Empresas<\/a><\/li><li><a href=\"https:\/\/uninter.edu.mx\/folletos\/laet\/\">Licenciatura en Administraci\u00f3n de Empresas Tur\u00edsticas<\/a><\/li><li><a href=\"https:\/\/uninter.edu.mx\/folletos\/lani\/\">Licenciatura en Administraci\u00f3n de Negocios Internacionales<\/a><\/li><li><a href=\"https:\/\/uninter.edu.mx\/folletos\/lam\/\">Licenciatura en Administraci\u00f3n y Mercadotecnia<\/a><\/li><li><a href=\"https:\/\/uninter.edu.mx\/folletos\/lce\/\">Licenciatura en Comercio Exterior<\/a><\/li><li><a href=\"https:\/\/uninter.edu.mx\/folletos\/lef\/\">Licenciatura en Econom\u00eda y Finanzas<\/a><\/li><li><a href=\"https:\/\/uninter.edu.mx\/folletos\/lemp\/\">Licenciatura en Mercadotecnia y publicidad<\/a><\/li><li><a href=\"https:\/\/uninter.edu.mx\/folletos\/lem\/\">Licenciatura en Mercadotecnia<\/a><\/li><li><a href=\"https:\/\/uninter.edu.mx\/folletos\/lcp\/\">Licenciatura en Ciencias Pol\u00edticas y Gesti\u00f3n P\u00fablica<\/a><\/li><li><a href=\"https:\/\/uninter.edu.mx\/folletos\/led\/\">Licenciatura en Derecho<\/a><\/li><\/ul>\n\n\n<div class=\"wp-block-jetpack-contact-form\"><a href=\"https:\/\/blogs.uninter.edu.mx\/ENDECS\/index.php\/licenciaturas-endecs\/\" target=\"_blank\" rel=\"noopener noreferrer\">Env\u00eda un formulario.<\/a><\/div>\n\n\n<div class=\"wp-block-image\"><figure class=\"alignright is-resized\"><a href=\"http:\/\/www.facebook.com\/dacsuninter1\/\" target=\"_blank\" rel=\"noreferrer noopener\"><img loading=\"lazy\" decoding=\"async\" src=\"https:\/\/blogs.uninter.edu.mx\/ENDECS\/wp-content\/uploads\/2019\/06\/Blog-ENDECS.jpg\" alt=\"Licenciaturas en ENDECS\" class=\"wp-image-6\" width=\"255\" height=\"79\" srcset=\"https:\/\/blogs.uninter.edu.mx\/ENDECS\/wp-content\/uploads\/2019\/06\/Blog-ENDECS.jpg 1020w, https:\/\/blogs.uninter.edu.mx\/ENDECS\/wp-content\/uploads\/2019\/06\/Blog-ENDECS-300x93.jpg 300w, https:\/\/blogs.uninter.edu.mx\/ENDECS\/wp-content\/uploads\/2019\/06\/Blog-ENDECS-768x239.jpg 768w\" sizes=\"auto, (max-width: 255px) 100vw, 255px\" \/><\/a><\/figure><\/div>\n\n\n\n<div class=\"wp-block-image\"><figure class=\"alignleft size-medium is-resized\"><img loading=\"lazy\" decoding=\"async\" src=\"https:\/\/blogs.uninter.edu.mx\/ENDECS\/wp-content\/uploads\/2019\/07\/logo_uninter-300x54.jpg\" alt=\"Logo Uninter Universidad Internacional\" class=\"wp-image-448\" width=\"300\" height=\"54\" srcset=\"https:\/\/blogs.uninter.edu.mx\/ENDECS\/wp-content\/uploads\/2019\/07\/logo_uninter-300x54.jpg 300w, https:\/\/blogs.uninter.edu.mx\/ENDECS\/wp-content\/uploads\/2019\/07\/logo_uninter-768x138.jpg 768w, https:\/\/blogs.uninter.edu.mx\/ENDECS\/wp-content\/uploads\/2019\/07\/logo_uninter-1024x183.jpg 1024w\" sizes=\"auto, (max-width: 300px) 100vw, 300px\" \/><\/figure><\/div>\n\n\n\n<p><\/p>\n","protected":false},"excerpt":{"rendered":"<p>En ENDECS contamos con profesores altamente capacitados, por eso las licenciaturas en ENDECS te ayudar\u00e1n a desarrollarte para la vida profesional. Adem\u00e1s recuerda que somos parte de la Universidad Internacional. Licenciatura en Administraci\u00f3n de Empresas Licenciatura en Administraci\u00f3n de Empresas Tur\u00edsticas Licenciatura en Administraci\u00f3n de Negocios Internacionales Licenciatura en Administraci\u00f3n y Mercadotecnia Licenciatura en Comercio&hellip;<\/p>\n","protected":false},"author":17,"featured_media":24,"parent":0,"menu_order":0,"comment_status":"closed","ping_status":"closed","template":"","meta":{"footnotes":""},"class_list":["post-522","page","type-page","status-publish","has-post-thumbnail","hentry"],"yoast_head":"<!-- This site is optimized with the Yoast SEO plugin v26.0 - https:\/\/yoast.com\/wordpress\/plugins\/seo\/ -->\r\n<title>Licenciaturas ENDECS - Las mejores licenciaturas para tu desarrollo<\/title>\r\n<meta name=\"description\" content=\"Las licenciaturas en ENDECS son impartidas por maestros altamente calificados, a continuaci\u00f3n te mostramos una lista donde podr\u00e1s encontrarlas.\" \/>\r\n<meta name=\"robots\" content=\"index, follow, max-snippet:-1, max-image-preview:large, max-video-preview:-1\" \/>\r\n<link rel=\"canonical\" href=\"https:\/\/blogs.uninter.edu.mx\/ENDECS\/index.php\/licenciaturas-endecs\/\" \/>\r\n<meta property=\"og:locale\" content=\"es_MX\" \/>\r\n<meta property=\"og:type\" content=\"article\" \/>\r\n<meta property=\"og:title\" content=\"Licenciaturas ENDECS - Las mejores licenciaturas para tu desarrollo\" \/>\r\n<meta property=\"og:description\" content=\"Las licenciaturas en ENDECS son impartidas por maestros altamente calificados, a continuaci\u00f3n te mostramos una lista donde podr\u00e1s encontrarlas.\" \/>\r\n<meta property=\"og:url\" content=\"https:\/\/blogs.uninter.edu.mx\/ENDECS\/index.php\/licenciaturas-endecs\/\" \/>\r\n<meta property=\"og:site_name\" content=\"ENDECS\" \/>\r\n<meta property=\"article:modified_time\" content=\"2021-07-16T20:29:00+00:00\" \/>\r\n<meta property=\"og:image\" content=\"https:\/\/blogs.uninter.edu.mx\/ENDECS\/wp-content\/uploads\/2019\/06\/logo-wordpress-e1559678488327.png\" \/>\r\n\t<meta property=\"og:image:width\" content=\"361\" \/>\r\n\t<meta property=\"og:image:height\" content=\"361\" \/>\r\n\t<meta property=\"og:image:type\" content=\"image\/png\" \/>\r\n<meta name=\"twitter:card\" content=\"summary_large_image\" \/>\r\n<meta name=\"twitter:label1\" content=\"Tiempo de lectura\" \/>\n\t<meta name=\"twitter:data1\" content=\"2 minutos\" \/>\r\n<script type=\"application\/ld+json\" class=\"yoast-schema-graph\">{\"@context\":\"https:\/\/schema.org\",\"@graph\":[{\"@type\":\"WebPage\",\"@id\":\"https:\/\/blogs.uninter.edu.mx\/ENDECS\/index.php\/licenciaturas-endecs\/\",\"url\":\"https:\/\/blogs.uninter.edu.mx\/ENDECS\/index.php\/licenciaturas-endecs\/\",\"name\":\"Licenciaturas ENDECS - Las mejores licenciaturas para tu desarrollo\",\"isPartOf\":{\"@id\":\"https:\/\/blogs.uninter.edu.mx\/ENDECS\/#website\"},\"primaryImageOfPage\":{\"@id\":\"https:\/\/blogs.uninter.edu.mx\/ENDECS\/index.php\/licenciaturas-endecs\/#primaryimage\"},\"image\":{\"@id\":\"https:\/\/blogs.uninter.edu.mx\/ENDECS\/index.php\/licenciaturas-endecs\/#primaryimage\"},\"thumbnailUrl\":\"https:\/\/blogs.uninter.edu.mx\/ENDECS\/wp-content\/uploads\/2019\/06\/logo-wordpress-e1559678488327.png\",\"datePublished\":\"2019-07-10T23:00:51+00:00\",\"dateModified\":\"2021-07-16T20:29:00+00:00\",\"description\":\"Las licenciaturas en ENDECS son impartidas por maestros altamente calificados, a continuaci\u00f3n te mostramos una lista donde podr\u00e1s encontrarlas.\",\"breadcrumb\":{\"@id\":\"https:\/\/blogs.uninter.edu.mx\/ENDECS\/index.php\/licenciaturas-endecs\/#breadcrumb\"},\"inLanguage\":\"es\",\"potentialAction\":[{\"@type\":\"ReadAction\",\"target\":[\"https:\/\/blogs.uninter.edu.mx\/ENDECS\/index.php\/licenciaturas-endecs\/\"]}]},{\"@type\":\"ImageObject\",\"inLanguage\":\"es\",\"@id\":\"https:\/\/blogs.uninter.edu.mx\/ENDECS\/index.php\/licenciaturas-endecs\/#primaryimage\",\"url\":\"https:\/\/blogs.uninter.edu.mx\/ENDECS\/wp-content\/uploads\/2019\/06\/logo-wordpress-e1559678488327.png\",\"contentUrl\":\"https:\/\/blogs.uninter.edu.mx\/ENDECS\/wp-content\/uploads\/2019\/06\/logo-wordpress-e1559678488327.png\",\"width\":361,\"height\":361,\"caption\":\"LOGO Uninter WordPress ENDECS\"},{\"@type\":\"BreadcrumbList\",\"@id\":\"https:\/\/blogs.uninter.edu.mx\/ENDECS\/index.php\/licenciaturas-endecs\/#breadcrumb\",\"itemListElement\":[{\"@type\":\"ListItem\",\"position\":1,\"name\":\"Inicio\",\"item\":\"https:\/\/blogs.uninter.edu.mx\/ENDECS\/\"},{\"@type\":\"ListItem\",\"position\":2,\"name\":\"Licenciaturas\"}]},{\"@type\":\"WebSite\",\"@id\":\"https:\/\/blogs.uninter.edu.mx\/ENDECS\/#website\",\"url\":\"https:\/\/blogs.uninter.edu.mx\/ENDECS\/\",\"name\":\"ENDECS\",\"description\":\"Escuela de Negocios Derecho y Ciencias Sociales\",\"publisher\":{\"@id\":\"https:\/\/blogs.uninter.edu.mx\/ENDECS\/#organization\"},\"potentialAction\":[{\"@type\":\"SearchAction\",\"target\":{\"@type\":\"EntryPoint\",\"urlTemplate\":\"https:\/\/blogs.uninter.edu.mx\/ENDECS\/?s={search_term_string}\"},\"query-input\":{\"@type\":\"PropertyValueSpecification\",\"valueRequired\":true,\"valueName\":\"search_term_string\"}}],\"inLanguage\":\"es\"},{\"@type\":\"Organization\",\"@id\":\"https:\/\/blogs.uninter.edu.mx\/ENDECS\/#organization\",\"name\":\"ENDECS - UNINTER\",\"url\":\"https:\/\/blogs.uninter.edu.mx\/ENDECS\/\",\"logo\":{\"@type\":\"ImageObject\",\"inLanguage\":\"es\",\"@id\":\"https:\/\/blogs.uninter.edu.mx\/ENDECS\/#\/schema\/logo\/image\/\",\"url\":\"https:\/\/blogs.uninter.edu.mx\/ENDECS\/wp-content\/uploads\/2019\/06\/Blog-ENDECS.jpg\",\"contentUrl\":\"https:\/\/blogs.uninter.edu.mx\/ENDECS\/wp-content\/uploads\/2019\/06\/Blog-ENDECS.jpg\",\"width\":1020,\"height\":317,\"caption\":\"ENDECS - UNINTER\"},\"image\":{\"@id\":\"https:\/\/blogs.uninter.edu.mx\/ENDECS\/#\/schema\/logo\/image\/\"}}]}<\/script>\r\n<!-- \/ Yoast SEO plugin. -->","yoast_head_json":{"title":"Licenciaturas ENDECS - Las mejores licenciaturas para tu desarrollo","description":"Las licenciaturas en ENDECS son impartidas por maestros altamente calificados, a continuaci\u00f3n te mostramos una lista donde podr\u00e1s encontrarlas.","robots":{"index":"index","follow":"follow","max-snippet":"max-snippet:-1","max-image-preview":"max-image-preview:large","max-video-preview":"max-video-preview:-1"},"canonical":"https:\/\/blogs.uninter.edu.mx\/ENDECS\/index.php\/licenciaturas-endecs\/","og_locale":"es_MX","og_type":"article","og_title":"Licenciaturas ENDECS - Las mejores licenciaturas para tu desarrollo","og_description":"Las licenciaturas en ENDECS son impartidas por maestros altamente calificados, a continuaci\u00f3n te mostramos una lista donde podr\u00e1s encontrarlas.","og_url":"https:\/\/blogs.uninter.edu.mx\/ENDECS\/index.php\/licenciaturas-endecs\/","og_site_name":"ENDECS","article_modified_time":"2021-07-16T20:29:00+00:00","og_image":[{"width":361,"height":361,"url":"https:\/\/blogs.uninter.edu.mx\/ENDECS\/wp-content\/uploads\/2019\/06\/logo-wordpress-e1559678488327.png","type":"image\/png"}],"twitter_card":"summary_large_image","twitter_misc":{"Tiempo de lectura":"2 minutos"},"schema":{"@context":"https:\/\/schema.org","@graph":[{"@type":"WebPage","@id":"https:\/\/blogs.uninter.edu.mx\/ENDECS\/index.php\/licenciaturas-endecs\/","url":"https:\/\/blogs.uninter.edu.mx\/ENDECS\/index.php\/licenciaturas-endecs\/","name":"Licenciaturas ENDECS - Las mejores licenciaturas para tu desarrollo","isPartOf":{"@id":"https:\/\/blogs.uninter.edu.mx\/ENDECS\/#website"},"primaryImageOfPage":{"@id":"https:\/\/blogs.uninter.edu.mx\/ENDECS\/index.php\/licenciaturas-endecs\/#primaryimage"},"image":{"@id":"https:\/\/blogs.uninter.edu.mx\/ENDECS\/index.php\/licenciaturas-endecs\/#primaryimage"},"thumbnailUrl":"https:\/\/blogs.uninter.edu.mx\/ENDECS\/wp-content\/uploads\/2019\/06\/logo-wordpress-e1559678488327.png","datePublished":"2019-07-10T23:00:51+00:00","dateModified":"2021-07-16T20:29:00+00:00","description":"Las licenciaturas en ENDECS son impartidas por maestros altamente calificados, a continuaci\u00f3n te mostramos una lista donde podr\u00e1s encontrarlas.","breadcrumb":{"@id":"https:\/\/blogs.uninter.edu.mx\/ENDECS\/index.php\/licenciaturas-endecs\/#breadcrumb"},"inLanguage":"es","potentialAction":[{"@type":"ReadAction","target":["https:\/\/blogs.uninter.edu.mx\/ENDECS\/index.php\/licenciaturas-endecs\/"]}]},{"@type":"ImageObject","inLanguage":"es","@id":"https:\/\/blogs.uninter.edu.mx\/ENDECS\/index.php\/licenciaturas-endecs\/#primaryimage","url":"https:\/\/blogs.uninter.edu.mx\/ENDECS\/wp-content\/uploads\/2019\/06\/logo-wordpress-e1559678488327.png","contentUrl":"https:\/\/blogs.uninter.edu.mx\/ENDECS\/wp-content\/uploads\/2019\/06\/logo-wordpress-e1559678488327.png","width":361,"height":361,"caption":"LOGO Uninter WordPress ENDECS"},{"@type":"BreadcrumbList","@id":"https:\/\/blogs.uninter.edu.mx\/ENDECS\/index.php\/licenciaturas-endecs\/#breadcrumb","itemListElement":[{"@type":"ListItem","position":1,"name":"Inicio","item":"https:\/\/blogs.uninter.edu.mx\/ENDECS\/"},{"@type":"ListItem","position":2,"name":"Licenciaturas"}]},{"@type":"WebSite","@id":"https:\/\/blogs.uninter.edu.mx\/ENDECS\/#website","url":"https:\/\/blogs.uninter.edu.mx\/ENDECS\/","name":"ENDECS","description":"Escuela de Negocios Derecho y Ciencias Sociales","publisher":{"@id":"https:\/\/blogs.uninter.edu.mx\/ENDECS\/#organization"},"potentialAction":[{"@type":"SearchAction","target":{"@type":"EntryPoint","urlTemplate":"https:\/\/blogs.uninter.edu.mx\/ENDECS\/?s={search_term_string}"},"query-input":{"@type":"PropertyValueSpecification","valueRequired":true,"valueName":"search_term_string"}}],"inLanguage":"es"},{"@type":"Organization","@id":"https:\/\/blogs.uninter.edu.mx\/ENDECS\/#organization","name":"ENDECS - UNINTER","url":"https:\/\/blogs.uninter.edu.mx\/ENDECS\/","logo":{"@type":"ImageObject","inLanguage":"es","@id":"https:\/\/blogs.uninter.edu.mx\/ENDECS\/#\/schema\/logo\/image\/","url":"https:\/\/blogs.uninter.edu.mx\/ENDECS\/wp-content\/uploads\/2019\/06\/Blog-ENDECS.jpg","contentUrl":"https:\/\/blogs.uninter.edu.mx\/ENDECS\/wp-content\/uploads\/2019\/06\/Blog-ENDECS.jpg","width":1020,"height":317,"caption":"ENDECS - UNINTER"},"image":{"@id":"https:\/\/blogs.uninter.edu.mx\/ENDECS\/#\/schema\/logo\/image\/"}}]}},"jetpack_sharing_enabled":true,"_links":{"self":[{"href":"https:\/\/blogs.uninter.edu.mx\/ENDECS\/index.php\/wp-json\/wp\/v2\/pages\/522","targetHints":{"allow":["GET"]}}],"collection":[{"href":"https:\/\/blogs.uninter.edu.mx\/ENDECS\/index.php\/wp-json\/wp\/v2\/pages"}],"about":[{"href":"https:\/\/blogs.uninter.edu.mx\/ENDECS\/index.php\/wp-json\/wp\/v2\/types\/page"}],"author":[{"embeddable":true,"href":"https:\/\/blogs.uninter.edu.mx\/ENDECS\/index.php\/wp-json\/wp\/v2\/users\/17"}],"replies":[{"embeddable":true,"href":"https:\/\/blogs.uninter.edu.mx\/ENDECS\/index.php\/wp-json\/wp\/v2\/comments?post=522"}],"version-history":[{"count":15,"href":"https:\/\/blogs.uninter.edu.mx\/ENDECS\/index.php\/wp-json\/wp\/v2\/pages\/522\/revisions"}],"predecessor-version":[{"id":7153,"href":"https:\/\/blogs.uninter.edu.mx\/ENDECS\/index.php\/wp-json\/wp\/v2\/pages\/522\/revisions\/7153"}],"wp:featuredmedia":[{"embeddable":true,"href":"https:\/\/blogs.uninter.edu.mx\/ENDECS\/index.php\/wp-json\/wp\/v2\/media\/24"}],"wp:attachment":[{"href":"https:\/\/blogs.uninter.edu.mx\/ENDECS\/index.php\/wp-json\/wp\/v2\/media?parent=522"}],"curies":[{"name":"wp","href":"https:\/\/api.w.org\/{rel}","templated":true}]}}