{"id":7101,"date":"2024-11-04T11:42:12","date_gmt":"2024-11-04T17:42:12","guid":{"rendered":"https:\/\/blogs.uninter.edu.mx\/ENDECS\/?page_id=7101"},"modified":"2026-03-27T16:23:35","modified_gmt":"2026-03-27T22:23:35","slug":"cuarto-simposio-de-negocios-de-la-universidad-internacional","status":"publish","type":"page","link":"https:\/\/blogs.uninter.edu.mx\/ENDECS\/index.php\/cuarto-simposio-de-negocios-de-la-universidad-internacional\/","title":{"rendered":"Convocatoria"},"content":{"rendered":"<p><!-- Codigo personalizado --><\/p>\n<h2><img loading=\"lazy\" decoding=\"async\" class=\"size-full wp-image-11229 alignleft\" src=\"https:\/\/blogs.uninter.edu.mx\/ENDECS\/wp-content\/uploads\/2024\/11\/Captura-de-pantalla-2024-11-01-154027.png\" alt=\"\" width=\"1163\" height=\"330\" \/><span style=\"color: #ff00ff;\">\u00a0<span style=\"color: #191970;\"> <b>VI Simposio de Negocios de la Universidad Internacional<\/b>\u00a0<\/span><\/span><\/h2>\n<p><span style=\"font-size: revert; color: initial;\" data-contrast=\"auto\">Estimados estudiantes de los programas de posgrado en negocios de la ENDECS.<\/span><span style=\"font-size: revert; color: initial;\" data-ccp-props=\"{&quot;201341983&quot;:0,&quot;335551550&quot;:6,&quot;335551620&quot;:6,&quot;335559739&quot;:160,&quot;335559740&quot;:360}\">\u00a0<\/span><\/p>\n<p style=\"text-align: left;\"><span data-contrast=\"auto\">Nos complace anunciar la convocatoria para participar en el VI Simposio de Negocios de la Universidad Internacional, el cual se llevar\u00e1 a cabo el <strong>12 y 13 de junio<\/strong> <strong>de 2026<\/strong>. Este evento tiene como objetivo promover el intercambio de conocimientos y experiencias en el \u00e1mbito de los negocios, as\u00ed como fomentar la investigaci\u00f3n y el desarrollo acad\u00e9mico.<\/span><span data-ccp-props=\"{&quot;201341983&quot;:0,&quot;335551550&quot;:6,&quot;335551620&quot;:6,&quot;335559739&quot;:160,&quot;335559740&quot;:360}\">\u00a0<\/span><\/p>\n<p style=\"text-align: left;\"><span data-contrast=\"auto\">En este contexto, les invitamos a enviar sus ensayos relacionados con tem\u00e1ticas relevantes en el campo de los negocios. Los ensayos pueden abordar diversos aspectos, como estrategia empresarial, gesti\u00f3n de proyectos, marketing, innovaci\u00f3n, finanzas, emprendimiento, entre otros.<\/span><span data-ccp-props=\"{&quot;201341983&quot;:0,&quot;335551550&quot;:6,&quot;335551620&quot;:6,&quot;335559739&quot;:160,&quot;335559740&quot;:360}\">\u00a0<\/span><\/p>\n<p><span style=\"color: #191970;\">\u00a0<b>Requisitos para participar:<\/b>\u00a0<\/span><\/p>\n<ul>\n<li><span data-contrast=\"auto\">Ser estudiante de posgrado en el \u00e1rea de Negocios.<\/span><\/li>\n<li><span data-contrast=\"auto\">El ensayo debe ser original e in\u00e9dito.<\/span><span data-ccp-props=\"{&quot;201341983&quot;:0,&quot;335551550&quot;:6,&quot;335551620&quot;:6,&quot;335559739&quot;:160,&quot;335559740&quot;:360}\">\u00a0<\/span><\/li>\n<li><span data-contrast=\"auto\">Extensi\u00f3n m\u00e1xima del ensayo: 10 cuartillas (sin considerar anexos).<\/span><span data-ccp-props=\"{&quot;201341983&quot;:0,&quot;335551550&quot;:6,&quot;335551620&quot;:6,&quot;335559739&quot;:160,&quot;335559740&quot;:360}\">\u00a0<\/span><\/li>\n<li><span data-contrast=\"auto\">Formato: Arial 12, interlineado 1.5.<\/span><span data-ccp-props=\"{&quot;201341983&quot;:0,&quot;335551550&quot;:6,&quot;335551620&quot;:6,&quot;335559739&quot;:160,&quot;335559740&quot;:360}\">\u00a0<\/span><\/li>\n<li><span data-contrast=\"auto\">T\u00edtulo: No mayor a 20 palabras. <\/span><span data-ccp-props=\"{&quot;201341983&quot;:0,&quot;335551550&quot;:6,&quot;335551620&quot;:6,&quot;335559739&quot;:160,&quot;335559740&quot;:360}\">\u00a0<\/span><\/li>\n<li><span data-contrast=\"auto\">Autor o autores: No m\u00e1s de tres participantes.<\/span><span data-ccp-props=\"{&quot;201341983&quot;:0,&quot;335551550&quot;:6,&quot;335551620&quot;:6,&quot;335559739&quot;:160,&quot;335559740&quot;:360}\">\u00a0<\/span><\/li>\n<\/ul>\n<p><span style=\"color: #191970;\">\u00a0<b>Estructura del ensayo:<\/b>\u00a0<\/span><\/p>\n<ul>\n<li style=\"text-align: left;\"><span data-contrast=\"auto\">Resumen: No mayor a media cuartilla.<\/span><span data-ccp-props=\"{&quot;201341983&quot;:0,&quot;335551550&quot;:6,&quot;335551620&quot;:6,&quot;335559739&quot;:160,&quot;335559740&quot;:360}\">\u00a0<\/span><\/li>\n<li><span data-contrast=\"auto\">Palabras clave. <\/span><span data-ccp-props=\"{&quot;201341983&quot;:0,&quot;335551550&quot;:6,&quot;335551620&quot;:6,&quot;335559739&quot;:160,&quot;335559740&quot;:360}\">\u00a0<\/span><\/li>\n<li><span data-contrast=\"auto\">Introducci\u00f3n. <\/span><span data-ccp-props=\"{&quot;201341983&quot;:0,&quot;335551550&quot;:6,&quot;335551620&quot;:6,&quot;335559739&quot;:160,&quot;335559740&quot;:360}\">\u00a0<\/span><\/li>\n<li><span data-contrast=\"auto\">Desarrollo.\u00a0\u00a0<\/span><\/li>\n<li><span data-contrast=\"auto\">Conclusi\u00f3n.<\/span><span data-ccp-props=\"{&quot;201341983&quot;:0,&quot;335551550&quot;:6,&quot;335551620&quot;:6,&quot;335559739&quot;:160,&quot;335559740&quot;:360}\">\u00a0<\/span><\/li>\n<li><span data-contrast=\"auto\">Recursos\/Anexos\/Bibliograf\u00eda.\u00a0 \u00a0 <\/span><span data-ccp-props=\"{&quot;201341983&quot;:0,&quot;335551550&quot;:6,&quot;335551620&quot;:6,&quot;335559739&quot;:160,&quot;335559740&quot;:360}\">\u00a0<\/span><\/li>\n<\/ul>\n<p><span style=\"color: #191970;\"><b>Proceso de selecci\u00f3n:<\/b>\u00a0<\/span><\/p>\n<ol>\n<li><span data-contrast=\"auto\">Los ensayos ser\u00e1n evaluados por un comit\u00e9 acad\u00e9mico conformado por expertos en el campo de los negocios.<\/span><span data-ccp-props=\"{&quot;201341983&quot;:0,&quot;335551550&quot;:6,&quot;335551620&quot;:6,&quot;335559739&quot;:160,&quot;335559740&quot;:360}\">\u00a0<\/span><\/li>\n<li><span data-contrast=\"auto\">Se considerar\u00e1n criterios como originalidad, relevancia del tema, rigurosidad metodol\u00f3gica y calidad del contenido.<\/span><span data-ccp-props=\"{&quot;201341983&quot;:0,&quot;335551550&quot;:6,&quot;335551620&quot;:6,&quot;335559739&quot;:160,&quot;335559740&quot;:360}\">\u00a0<\/span><\/li>\n<li><span data-contrast=\"auto\">Los ensayos seleccionados ser\u00e1n presentados durante el simposio en formato de ponencia.<\/span><span data-ccp-props=\"{&quot;201341983&quot;:0,&quot;335551550&quot;:6,&quot;335551620&quot;:6,&quot;335559739&quot;:160,&quot;335559740&quot;:360}\">\u00a0<\/span><\/li>\n<li><span data-contrast=\"auto\">La decisi\u00f3n de comit\u00e9 acad\u00e9mico es inapelable.\u00a0<\/span><span data-ccp-props=\"{&quot;201341983&quot;:0,&quot;335551550&quot;:6,&quot;335551620&quot;:6,&quot;335559739&quot;:160,&quot;335559740&quot;:360}\">\u00a0<\/span><\/li>\n<\/ol>\n<p><span style=\"color: #191970;\"><b>Fechas importantes:<\/b>\u00a0<\/span><\/p>\n<ul>\n<li data-leveltext=\"\uf0b7\" data-font=\"Symbol\" data-listid=\"3\" data-list-defn-props=\"{&quot;335552541&quot;:1,&quot;335559684&quot;:-2,&quot;335559685&quot;:720,&quot;335559991&quot;:360,&quot;469769226&quot;:&quot;Symbol&quot;,&quot;469769242&quot;:[8226],&quot;469777803&quot;:&quot;left&quot;,&quot;469777804&quot;:&quot;\uf0b7&quot;,&quot;469777815&quot;:&quot;multilevel&quot;}\" aria-setsize=\"-1\" data-aria-posinset=\"2\" data-aria-level=\"1\"><strong>Fecha l\u00edmite de<a href=\"https:\/\/forms.office.com\/r\/JJgA6ANN4c\"> recepci\u00f3n de ensayos<\/a>: 23 de mayo <\/strong><strong>a las 23:59 hrs.\u00a0<\/strong><\/li>\n<li data-leveltext=\"\uf0b7\" data-font=\"Symbol\" data-listid=\"3\" data-list-defn-props=\"{&quot;335552541&quot;:1,&quot;335559684&quot;:-2,&quot;335559685&quot;:720,&quot;335559991&quot;:360,&quot;469769226&quot;:&quot;Symbol&quot;,&quot;469769242&quot;:[8226],&quot;469777803&quot;:&quot;left&quot;,&quot;469777804&quot;:&quot;\uf0b7&quot;,&quot;469777815&quot;:&quot;multilevel&quot;}\" aria-setsize=\"-1\" data-aria-posinset=\"3\" data-aria-level=\"1\"><span data-contrast=\"auto\"><strong>Notificaci\u00f3n de<\/strong> <strong>ensayos seleccionados: A m\u00e1s tardar el 06 de junio.<\/strong><\/span><\/li>\n<li data-leveltext=\"\uf0b7\" data-font=\"Symbol\" data-listid=\"3\" data-list-defn-props=\"{&quot;335552541&quot;:1,&quot;335559684&quot;:-2,&quot;335559685&quot;:720,&quot;335559991&quot;:360,&quot;469769226&quot;:&quot;Symbol&quot;,&quot;469769242&quot;:[8226],&quot;469777803&quot;:&quot;left&quot;,&quot;469777804&quot;:&quot;\uf0b7&quot;,&quot;469777815&quot;:&quot;multilevel&quot;}\" aria-setsize=\"-1\" data-aria-posinset=\"3\" data-aria-level=\"1\"><strong>Simposio de Posgrado en Negocios: 12 y 13 de junio\u00a0<\/strong><\/li>\n<\/ul>\n<p><span style=\"color: #191970;\"><b>Distinci\u00f3n:<\/b>\u00a0<\/span><\/p>\n<p><strong>Se otorgar\u00e1n reconocimientos a los autores de los ensayos, considerando su calidad y contribuci\u00f3n al campo de los negocios.<\/strong><span data-ccp-props=\"{&quot;201341983&quot;:0,&quot;335551550&quot;:6,&quot;335551620&quot;:6,&quot;335559739&quot;:160,&quot;335559740&quot;:360}\">\u00a0<\/span><\/p>\n<p><span style=\"color: #191970;\"><b>C\u00f3mo participar:<\/b>\u00a0<\/span><\/p>\n<ol>\n<li><span data-contrast=\"auto\">Desarrollar el trabajo de investigaci\u00f3n con el apoyo de un asesor.<\/span><\/li>\n<li><span data-contrast=\"auto\">Una vez terminada la investigaci\u00f3n, obtener la firma del asesor en la <a href=\"https:\/\/uninteredumx-my.sharepoint.com\/:b:\/g\/personal\/lgarcia_uninter_edu_mx\/ETk8-1VvnExCsqKz7bDsWw4BwwLVa6iilC1B2MXQKM8JtQ?e=qUOXrf\"><strong>carta de liberaci\u00f3n (disponible en este enlace)<\/strong><\/a> <\/span><\/li>\n<li><span data-contrast=\"auto\"><strong><a href=\"https:\/\/forms.office.com\/Pages\/ResponsePage.aspx?id=gWd1pYkTdUCPx8y846u5dZ0Jon-voTBFjYA0boIhbPJUMFU0NjYzTjJYUU01OTQ5SjVUTFVRUFJOWCQlQCNjPTEu\">Env\u00eda tu ensayo a trav\u00e9s de este enlace<\/a>, en formato digital (pdf).<\/strong><\/span><\/li>\n<li><span data-contrast=\"auto\">En caso de ser aceptada su participaci\u00f3n en el Simposio de Posgrados en Negocios, el alumno\u202fse compromete a presentar p\u00fablicamente su investigaci\u00f3n a trav\u00e9s de\u202funa ponencia\u202fen la hora las fechas programadas para el simposio.<\/span><span data-ccp-props=\"{&quot;201341983&quot;:0,&quot;335551550&quot;:6,&quot;335551620&quot;:6,&quot;335559739&quot;:160,&quot;335559740&quot;:360}\">\u00a0<\/span><\/li>\n<\/ol>\n<p><span style=\"color: #191970;\"><b>Caracter\u00edsticas de la Ponencia\u202f<\/b><\/span><\/p>\n<ul>\n<li data-leveltext=\"%1.\" data-font=\"Arial\" data-listid=\"5\" data-list-defn-props=\"{&quot;335552541&quot;:0,&quot;335559684&quot;:-1,&quot;335559685&quot;:720,&quot;335559991&quot;:360,&quot;469769242&quot;:[65533,0],&quot;469777803&quot;:&quot;left&quot;,&quot;469777804&quot;:&quot;%1.&quot;,&quot;469777815&quot;:&quot;hybridMultilevel&quot;}\" aria-setsize=\"-1\" data-aria-posinset=\"1\" data-aria-level=\"1\"><span data-contrast=\"auto\">Exposici\u00f3n individual o colectiva<\/span><span data-ccp-props=\"{&quot;201341983&quot;:0,&quot;335551550&quot;:6,&quot;335551620&quot;:6,&quot;335559739&quot;:160,&quot;335559740&quot;:360}\">\u00a0<\/span><\/li>\n<li data-leveltext=\"%1.\" data-font=\"Arial\" data-listid=\"5\" data-list-defn-props=\"{&quot;335552541&quot;:0,&quot;335559684&quot;:-1,&quot;335559685&quot;:720,&quot;335559991&quot;:360,&quot;469769242&quot;:[65533,0],&quot;469777803&quot;:&quot;left&quot;,&quot;469777804&quot;:&quot;%1.&quot;,&quot;469777815&quot;:&quot;hybridMultilevel&quot;}\" aria-setsize=\"-1\" data-aria-posinset=\"1\" data-aria-level=\"1\"><span data-contrast=\"auto\">Presentar material audiovisual de apoyo<\/span><\/li>\n<li data-leveltext=\"%1.\" data-font=\"Arial\" data-listid=\"5\" data-list-defn-props=\"{&quot;335552541&quot;:0,&quot;335559684&quot;:-1,&quot;335559685&quot;:720,&quot;335559991&quot;:360,&quot;469769242&quot;:[65533,0],&quot;469777803&quot;:&quot;left&quot;,&quot;469777804&quot;:&quot;%1.&quot;,&quot;469777815&quot;:&quot;hybridMultilevel&quot;}\" aria-setsize=\"-1\" data-aria-posinset=\"1\" data-aria-level=\"1\"><span data-contrast=\"auto\">Duraci\u00f3n: 15 minutos de exposici\u00f3n y 10 minutos\u202fpara preguntas\u202fy respuestas.<\/span><span data-ccp-props=\"{&quot;201341983&quot;:0,&quot;335551550&quot;:6,&quot;335551620&quot;:6,&quot;335559739&quot;:160,&quot;335559740&quot;:360}\">\u00a0<\/span><\/li>\n<\/ul>\n<p><span data-contrast=\"auto\"><strong>Agradecemos su inter\u00e9s y participaci\u00f3n en este simposio acad\u00e9mico.<\/strong> Esta es una excelente oportunidad para compartir y enriquecer nuestros conocimientos en el \u00e1rea de los negocios. Si tienen alguna pregunta o requieren m\u00e1s informaci\u00f3n, no duden en contactarnos.<\/span><span data-ccp-props=\"{&quot;201341983&quot;:0,&quot;335551550&quot;:6,&quot;335551620&quot;:6,&quot;335559739&quot;:160,&quot;335559740&quot;:360}\">\u00a0<\/span><\/p>\n<p><span style=\"color: #ff00ff;\">\u00a1Esperamos contar con su participaci\u00f3n!\u00a0<\/span><\/p>\n<hr \/>\n<p><b><span data-contrast=\"none\">Registros:<\/span><\/b><span data-ccp-props=\"{&quot;201341983&quot;:0,&quot;335559739&quot;:160,&quot;335559740&quot;:240}\">\u00a0<\/span><\/p>\n<p><a href=\"https:\/\/forms.office.com\/Pages\/ResponsePage.aspx?id=gWd1pYkTdUCPx8y846u5dZ0Jon-voTBFjYA0boIhbPJUMFU0NjYzTjJYUU01OTQ5SjVUTFVRUFJOWCQlQCNjPTEu\"><span data-contrast=\"none\">REGISTRO DE PONENCIAS PARA ESTUDIANTES UNINTER<\/span><span data-ccp-props=\"{&quot;201341983&quot;:0,&quot;335559739&quot;:160,&quot;335559740&quot;:259}\">\u00a0<\/span><\/a><\/p>\n<hr \/>\n<p><a href=\"https:\/\/blogs.uninter.edu.mx\/ENDECS\/index.php\/2022\/06\/09\/las-artesanias-en-mexico-caida-en-su-demanda-y-propuestas-para-una-mejor-comercializacionartesanias-en-mexico\/\">Investigaciones anteriores<\/a><\/p>\n<p><!-- Codigo personalizado --><\/p>\n\n\n<p><!-- Codigo personalizado --><\/p>\n<p><style>.site-header .site-branding {background-color: transparent;background-image: url(https:\/\/blogs.uninter.edu.mx\/ENDECS\/wp-content\/uploads\/2019\/06\/cropped-Blog-ENDECS-1.jpg);background-position: 50% 0;background-repeat: no-repeat;height: 263px;}<\/style><\/p>\n<p><!-- Codigo personalizado --><\/p>\n\n\n\n<figure class=\"wp-block-image size-full\"><img loading=\"lazy\" decoding=\"async\" width=\"1163\" height=\"330\" src=\"https:\/\/blogs.uninter.edu.mx\/ENDECS\/wp-content\/uploads\/2024\/11\/Captura-de-pantalla-2024-11-01-154027.png\" alt=\"\" class=\"wp-image-11229\"\/><\/figure>\n","protected":false},"excerpt":{"rendered":"<p>\u00a0 VI Simposio de Negocios de la Universidad Internacional\u00a0 Estimados estudiantes de los programas de posgrado en negocios de la ENDECS.\u00a0 Nos complace anunciar la convocatoria para participar en el VI Simposio de Negocios de la Universidad Internacional, el cual se llevar\u00e1 a cabo el 12 y 13 de junio de 2026. Este evento tiene&hellip;<\/p>\n","protected":false},"author":20,"featured_media":8579,"parent":0,"menu_order":0,"comment_status":"closed","ping_status":"closed","template":"","meta":{"footnotes":""},"class_list":["post-7101","page","type-page","status-publish","has-post-thumbnail","hentry"],"yoast_head":"<!-- This site is optimized with the Yoast SEO plugin v26.0 - https:\/\/yoast.com\/wordpress\/plugins\/seo\/ -->\r\n<title>Convocatoria - ENDECS<\/title>\r\n<meta name=\"description\" content=\"Convocatoria ENDECS Convocatoria 2023, cuarto Simposio de Posgrados en Negocios de la Universidad Internacional\" \/>\r\n<meta name=\"robots\" content=\"index, follow, max-snippet:-1, max-image-preview:large, max-video-preview:-1\" \/>\r\n<link rel=\"canonical\" href=\"https:\/\/blogs.uninter.edu.mx\/ENDECS\/index.php\/cuarto-simposio-de-negocios-de-la-universidad-internacional\/\" \/>\r\n<meta property=\"og:locale\" content=\"es_MX\" \/>\r\n<meta property=\"og:type\" content=\"article\" \/>\r\n<meta property=\"og:title\" content=\"Convocatoria 2023\" \/>\r\n<meta property=\"og:description\" content=\"ENDECS Convocatoria\" \/>\r\n<meta property=\"og:url\" content=\"https:\/\/blogs.uninter.edu.mx\/ENDECS\/index.php\/cuarto-simposio-de-negocios-de-la-universidad-internacional\/\" \/>\r\n<meta property=\"og:site_name\" content=\"ENDECS\" \/>\r\n<meta property=\"article:modified_time\" content=\"2026-03-27T22:23:35+00:00\" \/>\r\n<meta property=\"og:image\" content=\"https:\/\/blogs.uninter.edu.mx\/ENDECS\/wp-content\/uploads\/2023\/05\/Simposio2023_2-4.jpg\" \/>\r\n\t<meta property=\"og:image:width\" content=\"1080\" \/>\r\n\t<meta property=\"og:image:height\" content=\"1080\" \/>\r\n\t<meta property=\"og:image:type\" content=\"image\/jpeg\" \/>\r\n<meta name=\"twitter:card\" content=\"summary_large_image\" \/>\r\n<meta name=\"twitter:title\" content=\"Convocatoria 2023\" \/>\r\n<meta name=\"twitter:description\" content=\"ENDECS Convocatoria\" \/>\r\n<meta name=\"twitter:image\" content=\"https:\/\/blogs.uninter.edu.mx\/ENDECS\/wp-content\/uploads\/2023\/05\/Simposio2023_2-4.jpg\" \/>\r\n<meta name=\"twitter:label1\" content=\"Tiempo de lectura\" \/>\n\t<meta name=\"twitter:data1\" content=\"3 minutos\" \/>\r\n<script type=\"application\/ld+json\" class=\"yoast-schema-graph\">{\"@context\":\"https:\/\/schema.org\",\"@graph\":[{\"@type\":\"WebPage\",\"@id\":\"https:\/\/blogs.uninter.edu.mx\/ENDECS\/index.php\/cuarto-simposio-de-negocios-de-la-universidad-internacional\/\",\"url\":\"https:\/\/blogs.uninter.edu.mx\/ENDECS\/index.php\/cuarto-simposio-de-negocios-de-la-universidad-internacional\/\",\"name\":\"Convocatoria - ENDECS\",\"isPartOf\":{\"@id\":\"https:\/\/blogs.uninter.edu.mx\/ENDECS\/#website\"},\"primaryImageOfPage\":{\"@id\":\"https:\/\/blogs.uninter.edu.mx\/ENDECS\/index.php\/cuarto-simposio-de-negocios-de-la-universidad-internacional\/#primaryimage\"},\"image\":{\"@id\":\"https:\/\/blogs.uninter.edu.mx\/ENDECS\/index.php\/cuarto-simposio-de-negocios-de-la-universidad-internacional\/#primaryimage\"},\"thumbnailUrl\":\"https:\/\/blogs.uninter.edu.mx\/ENDECS\/wp-content\/uploads\/2023\/05\/Simposio2023_2-4.jpg\",\"datePublished\":\"2024-11-04T17:42:12+00:00\",\"dateModified\":\"2026-03-27T22:23:35+00:00\",\"description\":\"Convocatoria ENDECS Convocatoria 2023, cuarto Simposio de Posgrados en Negocios de la Universidad Internacional\",\"breadcrumb\":{\"@id\":\"https:\/\/blogs.uninter.edu.mx\/ENDECS\/index.php\/cuarto-simposio-de-negocios-de-la-universidad-internacional\/#breadcrumb\"},\"inLanguage\":\"es\",\"potentialAction\":[{\"@type\":\"ReadAction\",\"target\":[\"https:\/\/blogs.uninter.edu.mx\/ENDECS\/index.php\/cuarto-simposio-de-negocios-de-la-universidad-internacional\/\"]}]},{\"@type\":\"ImageObject\",\"inLanguage\":\"es\",\"@id\":\"https:\/\/blogs.uninter.edu.mx\/ENDECS\/index.php\/cuarto-simposio-de-negocios-de-la-universidad-internacional\/#primaryimage\",\"url\":\"https:\/\/blogs.uninter.edu.mx\/ENDECS\/wp-content\/uploads\/2023\/05\/Simposio2023_2-4.jpg\",\"contentUrl\":\"https:\/\/blogs.uninter.edu.mx\/ENDECS\/wp-content\/uploads\/2023\/05\/Simposio2023_2-4.jpg\",\"width\":1080,\"height\":1080},{\"@type\":\"BreadcrumbList\",\"@id\":\"https:\/\/blogs.uninter.edu.mx\/ENDECS\/index.php\/cuarto-simposio-de-negocios-de-la-universidad-internacional\/#breadcrumb\",\"itemListElement\":[{\"@type\":\"ListItem\",\"position\":1,\"name\":\"Inicio\",\"item\":\"https:\/\/blogs.uninter.edu.mx\/ENDECS\/\"},{\"@type\":\"ListItem\",\"position\":2,\"name\":\"Convocatoria\"}]},{\"@type\":\"WebSite\",\"@id\":\"https:\/\/blogs.uninter.edu.mx\/ENDECS\/#website\",\"url\":\"https:\/\/blogs.uninter.edu.mx\/ENDECS\/\",\"name\":\"ENDECS\",\"description\":\"Escuela de Negocios Derecho y Ciencias Sociales\",\"publisher\":{\"@id\":\"https:\/\/blogs.uninter.edu.mx\/ENDECS\/#organization\"},\"potentialAction\":[{\"@type\":\"SearchAction\",\"target\":{\"@type\":\"EntryPoint\",\"urlTemplate\":\"https:\/\/blogs.uninter.edu.mx\/ENDECS\/?s={search_term_string}\"},\"query-input\":{\"@type\":\"PropertyValueSpecification\",\"valueRequired\":true,\"valueName\":\"search_term_string\"}}],\"inLanguage\":\"es\"},{\"@type\":\"Organization\",\"@id\":\"https:\/\/blogs.uninter.edu.mx\/ENDECS\/#organization\",\"name\":\"ENDECS - UNINTER\",\"url\":\"https:\/\/blogs.uninter.edu.mx\/ENDECS\/\",\"logo\":{\"@type\":\"ImageObject\",\"inLanguage\":\"es\",\"@id\":\"https:\/\/blogs.uninter.edu.mx\/ENDECS\/#\/schema\/logo\/image\/\",\"url\":\"https:\/\/blogs.uninter.edu.mx\/ENDECS\/wp-content\/uploads\/2019\/06\/Blog-ENDECS.jpg\",\"contentUrl\":\"https:\/\/blogs.uninter.edu.mx\/ENDECS\/wp-content\/uploads\/2019\/06\/Blog-ENDECS.jpg\",\"width\":1020,\"height\":317,\"caption\":\"ENDECS - UNINTER\"},\"image\":{\"@id\":\"https:\/\/blogs.uninter.edu.mx\/ENDECS\/#\/schema\/logo\/image\/\"}}]}<\/script>\r\n<!-- \/ Yoast SEO plugin. -->","yoast_head_json":{"title":"Convocatoria - ENDECS","description":"Convocatoria ENDECS Convocatoria 2023, cuarto Simposio de Posgrados en Negocios de la Universidad Internacional","robots":{"index":"index","follow":"follow","max-snippet":"max-snippet:-1","max-image-preview":"max-image-preview:large","max-video-preview":"max-video-preview:-1"},"canonical":"https:\/\/blogs.uninter.edu.mx\/ENDECS\/index.php\/cuarto-simposio-de-negocios-de-la-universidad-internacional\/","og_locale":"es_MX","og_type":"article","og_title":"Convocatoria 2023","og_description":"ENDECS Convocatoria","og_url":"https:\/\/blogs.uninter.edu.mx\/ENDECS\/index.php\/cuarto-simposio-de-negocios-de-la-universidad-internacional\/","og_site_name":"ENDECS","article_modified_time":"2026-03-27T22:23:35+00:00","og_image":[{"width":1080,"height":1080,"url":"https:\/\/blogs.uninter.edu.mx\/ENDECS\/wp-content\/uploads\/2023\/05\/Simposio2023_2-4.jpg","type":"image\/jpeg"}],"twitter_card":"summary_large_image","twitter_title":"Convocatoria 2023","twitter_description":"ENDECS Convocatoria","twitter_image":"https:\/\/blogs.uninter.edu.mx\/ENDECS\/wp-content\/uploads\/2023\/05\/Simposio2023_2-4.jpg","twitter_misc":{"Tiempo de lectura":"3 minutos"},"schema":{"@context":"https:\/\/schema.org","@graph":[{"@type":"WebPage","@id":"https:\/\/blogs.uninter.edu.mx\/ENDECS\/index.php\/cuarto-simposio-de-negocios-de-la-universidad-internacional\/","url":"https:\/\/blogs.uninter.edu.mx\/ENDECS\/index.php\/cuarto-simposio-de-negocios-de-la-universidad-internacional\/","name":"Convocatoria - ENDECS","isPartOf":{"@id":"https:\/\/blogs.uninter.edu.mx\/ENDECS\/#website"},"primaryImageOfPage":{"@id":"https:\/\/blogs.uninter.edu.mx\/ENDECS\/index.php\/cuarto-simposio-de-negocios-de-la-universidad-internacional\/#primaryimage"},"image":{"@id":"https:\/\/blogs.uninter.edu.mx\/ENDECS\/index.php\/cuarto-simposio-de-negocios-de-la-universidad-internacional\/#primaryimage"},"thumbnailUrl":"https:\/\/blogs.uninter.edu.mx\/ENDECS\/wp-content\/uploads\/2023\/05\/Simposio2023_2-4.jpg","datePublished":"2024-11-04T17:42:12+00:00","dateModified":"2026-03-27T22:23:35+00:00","description":"Convocatoria ENDECS Convocatoria 2023, cuarto Simposio de Posgrados en Negocios de la Universidad Internacional","breadcrumb":{"@id":"https:\/\/blogs.uninter.edu.mx\/ENDECS\/index.php\/cuarto-simposio-de-negocios-de-la-universidad-internacional\/#breadcrumb"},"inLanguage":"es","potentialAction":[{"@type":"ReadAction","target":["https:\/\/blogs.uninter.edu.mx\/ENDECS\/index.php\/cuarto-simposio-de-negocios-de-la-universidad-internacional\/"]}]},{"@type":"ImageObject","inLanguage":"es","@id":"https:\/\/blogs.uninter.edu.mx\/ENDECS\/index.php\/cuarto-simposio-de-negocios-de-la-universidad-internacional\/#primaryimage","url":"https:\/\/blogs.uninter.edu.mx\/ENDECS\/wp-content\/uploads\/2023\/05\/Simposio2023_2-4.jpg","contentUrl":"https:\/\/blogs.uninter.edu.mx\/ENDECS\/wp-content\/uploads\/2023\/05\/Simposio2023_2-4.jpg","width":1080,"height":1080},{"@type":"BreadcrumbList","@id":"https:\/\/blogs.uninter.edu.mx\/ENDECS\/index.php\/cuarto-simposio-de-negocios-de-la-universidad-internacional\/#breadcrumb","itemListElement":[{"@type":"ListItem","position":1,"name":"Inicio","item":"https:\/\/blogs.uninter.edu.mx\/ENDECS\/"},{"@type":"ListItem","position":2,"name":"Convocatoria"}]},{"@type":"WebSite","@id":"https:\/\/blogs.uninter.edu.mx\/ENDECS\/#website","url":"https:\/\/blogs.uninter.edu.mx\/ENDECS\/","name":"ENDECS","description":"Escuela de Negocios Derecho y Ciencias Sociales","publisher":{"@id":"https:\/\/blogs.uninter.edu.mx\/ENDECS\/#organization"},"potentialAction":[{"@type":"SearchAction","target":{"@type":"EntryPoint","urlTemplate":"https:\/\/blogs.uninter.edu.mx\/ENDECS\/?s={search_term_string}"},"query-input":{"@type":"PropertyValueSpecification","valueRequired":true,"valueName":"search_term_string"}}],"inLanguage":"es"},{"@type":"Organization","@id":"https:\/\/blogs.uninter.edu.mx\/ENDECS\/#organization","name":"ENDECS - UNINTER","url":"https:\/\/blogs.uninter.edu.mx\/ENDECS\/","logo":{"@type":"ImageObject","inLanguage":"es","@id":"https:\/\/blogs.uninter.edu.mx\/ENDECS\/#\/schema\/logo\/image\/","url":"https:\/\/blogs.uninter.edu.mx\/ENDECS\/wp-content\/uploads\/2019\/06\/Blog-ENDECS.jpg","contentUrl":"https:\/\/blogs.uninter.edu.mx\/ENDECS\/wp-content\/uploads\/2019\/06\/Blog-ENDECS.jpg","width":1020,"height":317,"caption":"ENDECS - UNINTER"},"image":{"@id":"https:\/\/blogs.uninter.edu.mx\/ENDECS\/#\/schema\/logo\/image\/"}}]}},"jetpack_sharing_enabled":true,"_links":{"self":[{"href":"https:\/\/blogs.uninter.edu.mx\/ENDECS\/index.php\/wp-json\/wp\/v2\/pages\/7101","targetHints":{"allow":["GET"]}}],"collection":[{"href":"https:\/\/blogs.uninter.edu.mx\/ENDECS\/index.php\/wp-json\/wp\/v2\/pages"}],"about":[{"href":"https:\/\/blogs.uninter.edu.mx\/ENDECS\/index.php\/wp-json\/wp\/v2\/types\/page"}],"author":[{"embeddable":true,"href":"https:\/\/blogs.uninter.edu.mx\/ENDECS\/index.php\/wp-json\/wp\/v2\/users\/20"}],"replies":[{"embeddable":true,"href":"https:\/\/blogs.uninter.edu.mx\/ENDECS\/index.php\/wp-json\/wp\/v2\/comments?post=7101"}],"version-history":[{"count":38,"href":"https:\/\/blogs.uninter.edu.mx\/ENDECS\/index.php\/wp-json\/wp\/v2\/pages\/7101\/revisions"}],"predecessor-version":[{"id":12545,"href":"https:\/\/blogs.uninter.edu.mx\/ENDECS\/index.php\/wp-json\/wp\/v2\/pages\/7101\/revisions\/12545"}],"wp:featuredmedia":[{"embeddable":true,"href":"https:\/\/blogs.uninter.edu.mx\/ENDECS\/index.php\/wp-json\/wp\/v2\/media\/8579"}],"wp:attachment":[{"href":"https:\/\/blogs.uninter.edu.mx\/ENDECS\/index.php\/wp-json\/wp\/v2\/media?parent=7101"}],"curies":[{"name":"wp","href":"https:\/\/api.w.org\/{rel}","templated":true}]}}