{"id":73,"date":"2019-06-05T11:06:58","date_gmt":"2019-06-05T16:06:58","guid":{"rendered":"https:\/\/blogs.uninter.edu.mx\/ENDECS\/?page_id=73"},"modified":"2019-06-17T15:58:39","modified_gmt":"2019-06-17T20:58:39","slug":"nuestras-licenciaturas","status":"publish","type":"page","link":"https:\/\/blogs.uninter.edu.mx\/ENDECS\/index.php\/nuestras-licenciaturas\/","title":{"rendered":"Nuestras Licenciaturas"},"content":{"rendered":"\n<p style=\"text-align:justify\">En la Escuela de Negocios Derecho y Ciencias sociales contamos con licenciaturas enfocadas hacia esas \u00e1reas, en este apartado podr\u00e1s encontrar mayor informaci\u00f3n con respecto a nuestras carreras.<\/p>\n\n\n\n<p style=\"text-align:justify\">Para ver el folleto completo te invitamos a que des click en el siguiente bot\u00f3n, si ya sabes que carrera estudiar te invitamos a que nos proporciones tus datos para ponernos en contacto contigo.<\/p>\n\n\n\n<div class=\"wp-block-button aligncenter is-style-outline is-style-outline--1\"><a class=\"wp-block-button__link has-text-color has-very-light-gray-color has-background has-vivid-cyan-blue-background-color\" href=\"https:\/\/universidad.uninter.edu.mx\/Folletos-Digitales\">Folletos<br>Digitales<\/a><\/div>\n\n\n\n<ul class=\"wp-block-gallery columns-3 is-cropped wp-block-gallery-2 is-layout-flex wp-block-gallery-is-layout-flex\"><li class=\"blocks-gallery-item\"><figure><img loading=\"lazy\" decoding=\"async\" width=\"985\" height=\"986\" src=\"https:\/\/blogs.uninter.edu.mx\/ENDECS\/wp-content\/uploads\/2019\/06\/LAET.png\" alt=\"\" data-id=\"77\" data-link=\"https:\/\/blogs.uninter.edu.mx\/ENDECS\/?attachment_id=77\" class=\"wp-image-77\" srcset=\"https:\/\/blogs.uninter.edu.mx\/ENDECS\/wp-content\/uploads\/2019\/06\/LAET.png 985w, https:\/\/blogs.uninter.edu.mx\/ENDECS\/wp-content\/uploads\/2019\/06\/LAET-150x150.png 150w, https:\/\/blogs.uninter.edu.mx\/ENDECS\/wp-content\/uploads\/2019\/06\/LAET-300x300.png 300w, https:\/\/blogs.uninter.edu.mx\/ENDECS\/wp-content\/uploads\/2019\/06\/LAET-768x769.png 768w, https:\/\/blogs.uninter.edu.mx\/ENDECS\/wp-content\/uploads\/2019\/06\/LAET-500x500.png 500w\" sizes=\"auto, (max-width: 985px) 100vw, 985px\" \/><figcaption>LAET<\/figcaption><\/figure><\/li><li class=\"blocks-gallery-item\"><figure><img loading=\"lazy\" decoding=\"async\" width=\"985\" height=\"986\" src=\"https:\/\/blogs.uninter.edu.mx\/ENDECS\/wp-content\/uploads\/2019\/06\/LAM.png\" alt=\"\" data-id=\"78\" data-link=\"https:\/\/blogs.uninter.edu.mx\/ENDECS\/?attachment_id=78\" class=\"wp-image-78\" srcset=\"https:\/\/blogs.uninter.edu.mx\/ENDECS\/wp-content\/uploads\/2019\/06\/LAM.png 985w, https:\/\/blogs.uninter.edu.mx\/ENDECS\/wp-content\/uploads\/2019\/06\/LAM-150x150.png 150w, https:\/\/blogs.uninter.edu.mx\/ENDECS\/wp-content\/uploads\/2019\/06\/LAM-300x300.png 300w, https:\/\/blogs.uninter.edu.mx\/ENDECS\/wp-content\/uploads\/2019\/06\/LAM-768x769.png 768w, https:\/\/blogs.uninter.edu.mx\/ENDECS\/wp-content\/uploads\/2019\/06\/LAM-500x500.png 500w\" sizes=\"auto, (max-width: 985px) 100vw, 985px\" \/><figcaption>LAM<\/figcaption><\/figure><\/li><li class=\"blocks-gallery-item\"><figure><img loading=\"lazy\" decoding=\"async\" width=\"985\" height=\"986\" src=\"https:\/\/blogs.uninter.edu.mx\/ENDECS\/wp-content\/uploads\/2019\/06\/LANI.png\" alt=\"\" data-id=\"79\" data-link=\"https:\/\/blogs.uninter.edu.mx\/ENDECS\/?attachment_id=79\" class=\"wp-image-79\" srcset=\"https:\/\/blogs.uninter.edu.mx\/ENDECS\/wp-content\/uploads\/2019\/06\/LANI.png 985w, https:\/\/blogs.uninter.edu.mx\/ENDECS\/wp-content\/uploads\/2019\/06\/LANI-150x150.png 150w, https:\/\/blogs.uninter.edu.mx\/ENDECS\/wp-content\/uploads\/2019\/06\/LANI-300x300.png 300w, https:\/\/blogs.uninter.edu.mx\/ENDECS\/wp-content\/uploads\/2019\/06\/LANI-768x769.png 768w, https:\/\/blogs.uninter.edu.mx\/ENDECS\/wp-content\/uploads\/2019\/06\/LANI-500x500.png 500w\" sizes=\"auto, (max-width: 985px) 100vw, 985px\" \/><figcaption>LANI<\/figcaption><\/figure><\/li><li class=\"blocks-gallery-item\"><figure><img loading=\"lazy\" decoding=\"async\" width=\"985\" height=\"986\" src=\"https:\/\/blogs.uninter.edu.mx\/ENDECS\/wp-content\/uploads\/2019\/06\/LCE.png\" alt=\"\" data-id=\"80\" data-link=\"https:\/\/blogs.uninter.edu.mx\/ENDECS\/?attachment_id=80\" class=\"wp-image-80\" srcset=\"https:\/\/blogs.uninter.edu.mx\/ENDECS\/wp-content\/uploads\/2019\/06\/LCE.png 985w, https:\/\/blogs.uninter.edu.mx\/ENDECS\/wp-content\/uploads\/2019\/06\/LCE-150x150.png 150w, https:\/\/blogs.uninter.edu.mx\/ENDECS\/wp-content\/uploads\/2019\/06\/LCE-300x300.png 300w, https:\/\/blogs.uninter.edu.mx\/ENDECS\/wp-content\/uploads\/2019\/06\/LCE-768x769.png 768w, https:\/\/blogs.uninter.edu.mx\/ENDECS\/wp-content\/uploads\/2019\/06\/LCE-500x500.png 500w\" sizes=\"auto, (max-width: 985px) 100vw, 985px\" \/><figcaption>LCE<\/figcaption><\/figure><\/li><li class=\"blocks-gallery-item\"><figure><img loading=\"lazy\" decoding=\"async\" width=\"991\" height=\"986\" src=\"https:\/\/blogs.uninter.edu.mx\/ENDECS\/wp-content\/uploads\/2019\/06\/LCPGP.png\" alt=\"\" data-id=\"81\" data-link=\"https:\/\/blogs.uninter.edu.mx\/ENDECS\/?attachment_id=81\" class=\"wp-image-81\" srcset=\"https:\/\/blogs.uninter.edu.mx\/ENDECS\/wp-content\/uploads\/2019\/06\/LCPGP.png 991w, https:\/\/blogs.uninter.edu.mx\/ENDECS\/wp-content\/uploads\/2019\/06\/LCPGP-150x150.png 150w, https:\/\/blogs.uninter.edu.mx\/ENDECS\/wp-content\/uploads\/2019\/06\/LCPGP-300x298.png 300w, https:\/\/blogs.uninter.edu.mx\/ENDECS\/wp-content\/uploads\/2019\/06\/LCPGP-768x764.png 768w\" sizes=\"auto, (max-width: 991px) 100vw, 991px\" \/><figcaption>LCP<\/figcaption><\/figure><\/li><li class=\"blocks-gallery-item\"><figure><img loading=\"lazy\" decoding=\"async\" width=\"985\" height=\"986\" src=\"https:\/\/blogs.uninter.edu.mx\/ENDECS\/wp-content\/uploads\/2019\/06\/LED.png\" alt=\"\" data-id=\"82\" data-link=\"https:\/\/blogs.uninter.edu.mx\/ENDECS\/?attachment_id=82\" class=\"wp-image-82\" srcset=\"https:\/\/blogs.uninter.edu.mx\/ENDECS\/wp-content\/uploads\/2019\/06\/LED.png 985w, https:\/\/blogs.uninter.edu.mx\/ENDECS\/wp-content\/uploads\/2019\/06\/LED-150x150.png 150w, https:\/\/blogs.uninter.edu.mx\/ENDECS\/wp-content\/uploads\/2019\/06\/LED-300x300.png 300w, https:\/\/blogs.uninter.edu.mx\/ENDECS\/wp-content\/uploads\/2019\/06\/LED-768x769.png 768w, https:\/\/blogs.uninter.edu.mx\/ENDECS\/wp-content\/uploads\/2019\/06\/LED-500x500.png 500w\" sizes=\"auto, (max-width: 985px) 100vw, 985px\" \/><figcaption>LED<\/figcaption><\/figure><\/li><li class=\"blocks-gallery-item\"><figure><img loading=\"lazy\" decoding=\"async\" width=\"988\" height=\"986\" src=\"https:\/\/blogs.uninter.edu.mx\/ENDECS\/wp-content\/uploads\/2019\/06\/LEF.png\" alt=\"\" data-id=\"83\" data-link=\"https:\/\/blogs.uninter.edu.mx\/ENDECS\/?attachment_id=83\" class=\"wp-image-83\" srcset=\"https:\/\/blogs.uninter.edu.mx\/ENDECS\/wp-content\/uploads\/2019\/06\/LEF.png 988w, https:\/\/blogs.uninter.edu.mx\/ENDECS\/wp-content\/uploads\/2019\/06\/LEF-150x150.png 150w, https:\/\/blogs.uninter.edu.mx\/ENDECS\/wp-content\/uploads\/2019\/06\/LEF-300x300.png 300w, https:\/\/blogs.uninter.edu.mx\/ENDECS\/wp-content\/uploads\/2019\/06\/LEF-768x766.png 768w, https:\/\/blogs.uninter.edu.mx\/ENDECS\/wp-content\/uploads\/2019\/06\/LEF-500x500.png 500w\" sizes=\"auto, (max-width: 988px) 100vw, 988px\" \/><figcaption>LEF<\/figcaption><\/figure><\/li><li class=\"blocks-gallery-item\"><figure><img loading=\"lazy\" decoding=\"async\" width=\"985\" height=\"986\" src=\"https:\/\/blogs.uninter.edu.mx\/ENDECS\/wp-content\/uploads\/2019\/06\/LEM.png\" alt=\"\" data-id=\"84\" data-link=\"https:\/\/blogs.uninter.edu.mx\/ENDECS\/?attachment_id=84\" class=\"wp-image-84\" srcset=\"https:\/\/blogs.uninter.edu.mx\/ENDECS\/wp-content\/uploads\/2019\/06\/LEM.png 985w, https:\/\/blogs.uninter.edu.mx\/ENDECS\/wp-content\/uploads\/2019\/06\/LEM-150x150.png 150w, https:\/\/blogs.uninter.edu.mx\/ENDECS\/wp-content\/uploads\/2019\/06\/LEM-300x300.png 300w, https:\/\/blogs.uninter.edu.mx\/ENDECS\/wp-content\/uploads\/2019\/06\/LEM-768x769.png 768w, https:\/\/blogs.uninter.edu.mx\/ENDECS\/wp-content\/uploads\/2019\/06\/LEM-500x500.png 500w\" sizes=\"auto, (max-width: 985px) 100vw, 985px\" \/><figcaption>LEM<\/figcaption><\/figure><\/li><li class=\"blocks-gallery-item\"><figure><img loading=\"lazy\" decoding=\"async\" width=\"987\" height=\"986\" src=\"https:\/\/blogs.uninter.edu.mx\/ENDECS\/wp-content\/uploads\/2019\/06\/LEMP.png\" alt=\"\" data-id=\"85\" data-link=\"https:\/\/blogs.uninter.edu.mx\/ENDECS\/?attachment_id=85\" class=\"wp-image-85\" srcset=\"https:\/\/blogs.uninter.edu.mx\/ENDECS\/wp-content\/uploads\/2019\/06\/LEMP.png 987w, https:\/\/blogs.uninter.edu.mx\/ENDECS\/wp-content\/uploads\/2019\/06\/LEMP-150x150.png 150w, https:\/\/blogs.uninter.edu.mx\/ENDECS\/wp-content\/uploads\/2019\/06\/LEMP-300x300.png 300w, https:\/\/blogs.uninter.edu.mx\/ENDECS\/wp-content\/uploads\/2019\/06\/LEMP-768x767.png 768w, https:\/\/blogs.uninter.edu.mx\/ENDECS\/wp-content\/uploads\/2019\/06\/LEMP-500x500.png 500w\" sizes=\"auto, (max-width: 987px) 100vw, 987px\" \/><figcaption>LEMP<\/figcaption><\/figure><\/li><\/ul>\n\n\n<div class=\"wp-block-jetpack-contact-form\"><a href=\"https:\/\/blogs.uninter.edu.mx\/ENDECS\/index.php\/nuestras-licenciaturas\/\" target=\"_blank\" rel=\"noopener noreferrer\">Env\u00eda un formulario.<\/a><\/div>\n\n\n<p><\/p>\n","protected":false},"excerpt":{"rendered":"<p>En la Escuela de Negocios Derecho y Ciencias sociales contamos con licenciaturas enfocadas hacia esas \u00e1reas, en este apartado podr\u00e1s encontrar mayor informaci\u00f3n con respecto a nuestras carreras. Para ver el folleto completo te invitamos a que des click en el siguiente bot\u00f3n, si ya sabes que carrera estudiar te invitamos a que nos proporciones&hellip;<\/p>\n","protected":false},"author":17,"featured_media":0,"parent":0,"menu_order":0,"comment_status":"closed","ping_status":"closed","template":"","meta":{"footnotes":""},"class_list":["post-73","page","type-page","status-publish","hentry"],"yoast_head":"<!-- This site is optimized with the Yoast SEO plugin v26.0 - https:\/\/yoast.com\/wordpress\/plugins\/seo\/ -->\r\n<title>Nuestras Licenciaturas - ENDECS<\/title>\r\n<meta name=\"robots\" content=\"index, follow, max-snippet:-1, max-image-preview:large, max-video-preview:-1\" \/>\r\n<link rel=\"canonical\" href=\"https:\/\/blogs.uninter.edu.mx\/ENDECS\/index.php\/nuestras-licenciaturas\/\" \/>\r\n<meta property=\"og:locale\" content=\"es_MX\" \/>\r\n<meta property=\"og:type\" content=\"article\" \/>\r\n<meta property=\"og:title\" content=\"Nuestras Licenciaturas - ENDECS\" \/>\r\n<meta property=\"og:description\" content=\"En la Escuela de Negocios Derecho y Ciencias sociales contamos con licenciaturas enfocadas hacia esas \u00e1reas, en este apartado podr\u00e1s encontrar mayor informaci\u00f3n con respecto a nuestras carreras. Para ver el folleto completo te invitamos a que des click en el siguiente bot\u00f3n, si ya sabes que carrera estudiar te invitamos a que nos proporciones&hellip;\" \/>\r\n<meta property=\"og:url\" content=\"https:\/\/blogs.uninter.edu.mx\/ENDECS\/index.php\/nuestras-licenciaturas\/\" \/>\r\n<meta property=\"og:site_name\" content=\"ENDECS\" \/>\r\n<meta property=\"article:modified_time\" content=\"2019-06-17T20:58:39+00:00\" \/>\r\n<meta property=\"og:image\" content=\"https:\/\/blogs.uninter.edu.mx\/ENDECS\/wp-content\/uploads\/2019\/06\/LAET.png\" \/>\r\n<meta name=\"twitter:card\" content=\"summary_large_image\" \/>\r\n<script type=\"application\/ld+json\" class=\"yoast-schema-graph\">{\"@context\":\"https:\/\/schema.org\",\"@graph\":[{\"@type\":\"WebPage\",\"@id\":\"https:\/\/blogs.uninter.edu.mx\/ENDECS\/index.php\/nuestras-licenciaturas\/\",\"url\":\"https:\/\/blogs.uninter.edu.mx\/ENDECS\/index.php\/nuestras-licenciaturas\/\",\"name\":\"Nuestras Licenciaturas - ENDECS\",\"isPartOf\":{\"@id\":\"https:\/\/blogs.uninter.edu.mx\/ENDECS\/#website\"},\"primaryImageOfPage\":{\"@id\":\"https:\/\/blogs.uninter.edu.mx\/ENDECS\/index.php\/nuestras-licenciaturas\/#primaryimage\"},\"image\":{\"@id\":\"https:\/\/blogs.uninter.edu.mx\/ENDECS\/index.php\/nuestras-licenciaturas\/#primaryimage\"},\"thumbnailUrl\":\"https:\/\/blogs.uninter.edu.mx\/ENDECS\/wp-content\/uploads\/2019\/06\/LAET.png\",\"datePublished\":\"2019-06-05T16:06:58+00:00\",\"dateModified\":\"2019-06-17T20:58:39+00:00\",\"breadcrumb\":{\"@id\":\"https:\/\/blogs.uninter.edu.mx\/ENDECS\/index.php\/nuestras-licenciaturas\/#breadcrumb\"},\"inLanguage\":\"es\",\"potentialAction\":[{\"@type\":\"ReadAction\",\"target\":[\"https:\/\/blogs.uninter.edu.mx\/ENDECS\/index.php\/nuestras-licenciaturas\/\"]}]},{\"@type\":\"ImageObject\",\"inLanguage\":\"es\",\"@id\":\"https:\/\/blogs.uninter.edu.mx\/ENDECS\/index.php\/nuestras-licenciaturas\/#primaryimage\",\"url\":\"https:\/\/blogs.uninter.edu.mx\/ENDECS\/wp-content\/uploads\/2019\/06\/LAET.png\",\"contentUrl\":\"https:\/\/blogs.uninter.edu.mx\/ENDECS\/wp-content\/uploads\/2019\/06\/LAET.png\",\"width\":985,\"height\":986,\"caption\":\"LAET\"},{\"@type\":\"BreadcrumbList\",\"@id\":\"https:\/\/blogs.uninter.edu.mx\/ENDECS\/index.php\/nuestras-licenciaturas\/#breadcrumb\",\"itemListElement\":[{\"@type\":\"ListItem\",\"position\":1,\"name\":\"Inicio\",\"item\":\"https:\/\/blogs.uninter.edu.mx\/ENDECS\/\"},{\"@type\":\"ListItem\",\"position\":2,\"name\":\"Nuestras Licenciaturas\"}]},{\"@type\":\"WebSite\",\"@id\":\"https:\/\/blogs.uninter.edu.mx\/ENDECS\/#website\",\"url\":\"https:\/\/blogs.uninter.edu.mx\/ENDECS\/\",\"name\":\"ENDECS\",\"description\":\"Escuela de Negocios Derecho y Ciencias Sociales\",\"publisher\":{\"@id\":\"https:\/\/blogs.uninter.edu.mx\/ENDECS\/#organization\"},\"potentialAction\":[{\"@type\":\"SearchAction\",\"target\":{\"@type\":\"EntryPoint\",\"urlTemplate\":\"https:\/\/blogs.uninter.edu.mx\/ENDECS\/?s={search_term_string}\"},\"query-input\":{\"@type\":\"PropertyValueSpecification\",\"valueRequired\":true,\"valueName\":\"search_term_string\"}}],\"inLanguage\":\"es\"},{\"@type\":\"Organization\",\"@id\":\"https:\/\/blogs.uninter.edu.mx\/ENDECS\/#organization\",\"name\":\"ENDECS - UNINTER\",\"url\":\"https:\/\/blogs.uninter.edu.mx\/ENDECS\/\",\"logo\":{\"@type\":\"ImageObject\",\"inLanguage\":\"es\",\"@id\":\"https:\/\/blogs.uninter.edu.mx\/ENDECS\/#\/schema\/logo\/image\/\",\"url\":\"https:\/\/blogs.uninter.edu.mx\/ENDECS\/wp-content\/uploads\/2019\/06\/Blog-ENDECS.jpg\",\"contentUrl\":\"https:\/\/blogs.uninter.edu.mx\/ENDECS\/wp-content\/uploads\/2019\/06\/Blog-ENDECS.jpg\",\"width\":1020,\"height\":317,\"caption\":\"ENDECS - UNINTER\"},\"image\":{\"@id\":\"https:\/\/blogs.uninter.edu.mx\/ENDECS\/#\/schema\/logo\/image\/\"}}]}<\/script>\r\n<!-- \/ Yoast SEO plugin. -->","yoast_head_json":{"title":"Nuestras Licenciaturas - ENDECS","robots":{"index":"index","follow":"follow","max-snippet":"max-snippet:-1","max-image-preview":"max-image-preview:large","max-video-preview":"max-video-preview:-1"},"canonical":"https:\/\/blogs.uninter.edu.mx\/ENDECS\/index.php\/nuestras-licenciaturas\/","og_locale":"es_MX","og_type":"article","og_title":"Nuestras Licenciaturas - ENDECS","og_description":"En la Escuela de Negocios Derecho y Ciencias sociales contamos con licenciaturas enfocadas hacia esas \u00e1reas, en este apartado podr\u00e1s encontrar mayor informaci\u00f3n con respecto a nuestras carreras. Para ver el folleto completo te invitamos a que des click en el siguiente bot\u00f3n, si ya sabes que carrera estudiar te invitamos a que nos proporciones&hellip;","og_url":"https:\/\/blogs.uninter.edu.mx\/ENDECS\/index.php\/nuestras-licenciaturas\/","og_site_name":"ENDECS","article_modified_time":"2019-06-17T20:58:39+00:00","og_image":[{"url":"https:\/\/blogs.uninter.edu.mx\/ENDECS\/wp-content\/uploads\/2019\/06\/LAET.png","type":"","width":"","height":""}],"twitter_card":"summary_large_image","schema":{"@context":"https:\/\/schema.org","@graph":[{"@type":"WebPage","@id":"https:\/\/blogs.uninter.edu.mx\/ENDECS\/index.php\/nuestras-licenciaturas\/","url":"https:\/\/blogs.uninter.edu.mx\/ENDECS\/index.php\/nuestras-licenciaturas\/","name":"Nuestras Licenciaturas - ENDECS","isPartOf":{"@id":"https:\/\/blogs.uninter.edu.mx\/ENDECS\/#website"},"primaryImageOfPage":{"@id":"https:\/\/blogs.uninter.edu.mx\/ENDECS\/index.php\/nuestras-licenciaturas\/#primaryimage"},"image":{"@id":"https:\/\/blogs.uninter.edu.mx\/ENDECS\/index.php\/nuestras-licenciaturas\/#primaryimage"},"thumbnailUrl":"https:\/\/blogs.uninter.edu.mx\/ENDECS\/wp-content\/uploads\/2019\/06\/LAET.png","datePublished":"2019-06-05T16:06:58+00:00","dateModified":"2019-06-17T20:58:39+00:00","breadcrumb":{"@id":"https:\/\/blogs.uninter.edu.mx\/ENDECS\/index.php\/nuestras-licenciaturas\/#breadcrumb"},"inLanguage":"es","potentialAction":[{"@type":"ReadAction","target":["https:\/\/blogs.uninter.edu.mx\/ENDECS\/index.php\/nuestras-licenciaturas\/"]}]},{"@type":"ImageObject","inLanguage":"es","@id":"https:\/\/blogs.uninter.edu.mx\/ENDECS\/index.php\/nuestras-licenciaturas\/#primaryimage","url":"https:\/\/blogs.uninter.edu.mx\/ENDECS\/wp-content\/uploads\/2019\/06\/LAET.png","contentUrl":"https:\/\/blogs.uninter.edu.mx\/ENDECS\/wp-content\/uploads\/2019\/06\/LAET.png","width":985,"height":986,"caption":"LAET"},{"@type":"BreadcrumbList","@id":"https:\/\/blogs.uninter.edu.mx\/ENDECS\/index.php\/nuestras-licenciaturas\/#breadcrumb","itemListElement":[{"@type":"ListItem","position":1,"name":"Inicio","item":"https:\/\/blogs.uninter.edu.mx\/ENDECS\/"},{"@type":"ListItem","position":2,"name":"Nuestras Licenciaturas"}]},{"@type":"WebSite","@id":"https:\/\/blogs.uninter.edu.mx\/ENDECS\/#website","url":"https:\/\/blogs.uninter.edu.mx\/ENDECS\/","name":"ENDECS","description":"Escuela de Negocios Derecho y Ciencias Sociales","publisher":{"@id":"https:\/\/blogs.uninter.edu.mx\/ENDECS\/#organization"},"potentialAction":[{"@type":"SearchAction","target":{"@type":"EntryPoint","urlTemplate":"https:\/\/blogs.uninter.edu.mx\/ENDECS\/?s={search_term_string}"},"query-input":{"@type":"PropertyValueSpecification","valueRequired":true,"valueName":"search_term_string"}}],"inLanguage":"es"},{"@type":"Organization","@id":"https:\/\/blogs.uninter.edu.mx\/ENDECS\/#organization","name":"ENDECS - UNINTER","url":"https:\/\/blogs.uninter.edu.mx\/ENDECS\/","logo":{"@type":"ImageObject","inLanguage":"es","@id":"https:\/\/blogs.uninter.edu.mx\/ENDECS\/#\/schema\/logo\/image\/","url":"https:\/\/blogs.uninter.edu.mx\/ENDECS\/wp-content\/uploads\/2019\/06\/Blog-ENDECS.jpg","contentUrl":"https:\/\/blogs.uninter.edu.mx\/ENDECS\/wp-content\/uploads\/2019\/06\/Blog-ENDECS.jpg","width":1020,"height":317,"caption":"ENDECS - UNINTER"},"image":{"@id":"https:\/\/blogs.uninter.edu.mx\/ENDECS\/#\/schema\/logo\/image\/"}}]}},"jetpack_sharing_enabled":true,"_links":{"self":[{"href":"https:\/\/blogs.uninter.edu.mx\/ENDECS\/index.php\/wp-json\/wp\/v2\/pages\/73","targetHints":{"allow":["GET"]}}],"collection":[{"href":"https:\/\/blogs.uninter.edu.mx\/ENDECS\/index.php\/wp-json\/wp\/v2\/pages"}],"about":[{"href":"https:\/\/blogs.uninter.edu.mx\/ENDECS\/index.php\/wp-json\/wp\/v2\/types\/page"}],"author":[{"embeddable":true,"href":"https:\/\/blogs.uninter.edu.mx\/ENDECS\/index.php\/wp-json\/wp\/v2\/users\/17"}],"replies":[{"embeddable":true,"href":"https:\/\/blogs.uninter.edu.mx\/ENDECS\/index.php\/wp-json\/wp\/v2\/comments?post=73"}],"version-history":[{"count":5,"href":"https:\/\/blogs.uninter.edu.mx\/ENDECS\/index.php\/wp-json\/wp\/v2\/pages\/73\/revisions"}],"predecessor-version":[{"id":136,"href":"https:\/\/blogs.uninter.edu.mx\/ENDECS\/index.php\/wp-json\/wp\/v2\/pages\/73\/revisions\/136"}],"wp:attachment":[{"href":"https:\/\/blogs.uninter.edu.mx\/ENDECS\/index.php\/wp-json\/wp\/v2\/media?parent=73"}],"curies":[{"name":"wp","href":"https:\/\/api.w.org\/{rel}","templated":true}]}}