{"id":26541,"date":"2011-04-06T21:01:17","date_gmt":"2011-04-06T21:01:17","guid":{"rendered":"http:\/\/dicaduninter.wordpress.com\/?page_id=6"},"modified":"2020-11-03T23:03:53","modified_gmt":"2020-11-04T05:03:53","slug":"bienvenidos-al-blog","status":"publish","type":"page","link":"https:\/\/blogs.uninter.edu.mx\/ESCAT\/index.php\/bienvenidos-al-blog\/","title":{"rendered":"Blog ESCAT: expande tu mundo con Uninter"},"content":{"rendered":"<h4 style=\"text-align: justify;\">Bienvenidos al blog de la ESCAT, aqu\u00ed encontrar\u00e1s publicaciones de estudiantes y docentes de las \u00e1reas de\u00a0 <a href=\"https:\/\/blogs.uninter.edu.mx\/ESCAT\/category\/disenos\/\">Dise\u00f1os<\/a>, <a href=\"https:\/\/blogs.uninter.edu.mx\/ESCAT\/category\/ingenierias\/\">Ingenier\u00edas<\/a>, <a href=\"https:\/\/posgrados.uninter.edu.mx\/\">Posgrados,<\/a> y <a href=\"https:\/\/uninter.edu.mx\/universidad\/Acreditaciones\">Certificaciones<\/a>.<\/h4>\n<p>\u00a0<\/p>\n<h4 style=\"text-align: justify;\">Adem\u00e1s podr\u00e1s conocer todos los detalles de los eventos que se organizan durante el semestre como por ejemplo: exposiciones, eventos institucionales, congresos y\/o viajes correspondientes a la Escuela de Ciencias, Artes y Tecnolog\u00eda.<\/h4>\n<p>\u00a0<\/p>\n<h4 style=\"text-align: justify;\">Te invitamos a visitar nuestros enlaces, si tienes dudas ac\u00e9rcate a tu director de carrera o a tu director de departamento acad\u00e9mico o env\u00edanos un correo a <strong><span style=\"color: #3366ff;\">escat@uninter.edu.mx<\/span><\/strong><\/h4>\n<p>\u00a0<\/p>\n<h4 style=\"text-align: justify;\">Asiste a los eventos que generamos y enriquece tu formaci\u00f3n profesional, este espacio es para ti.<\/h4>\n\n\n<div class=\"wp-block-image\"><figure class=\"aligncenter size-medium\"><img loading=\"lazy\" decoding=\"async\" width=\"264\" height=\"300\" src=\"https:\/\/blogs.uninter.edu.mx\/ESCAT\/wp-content\/uploads\/2020\/09\/ESCAT-2-264x300.png\" alt=\"\" class=\"wp-image-39992\" srcset=\"https:\/\/blogs.uninter.edu.mx\/ESCAT\/wp-content\/uploads\/2020\/09\/ESCAT-2-264x300.png 264w, https:\/\/blogs.uninter.edu.mx\/ESCAT\/wp-content\/uploads\/2020\/09\/ESCAT-2-902x1024.png 902w, https:\/\/blogs.uninter.edu.mx\/ESCAT\/wp-content\/uploads\/2020\/09\/ESCAT-2-768x872.png 768w, https:\/\/blogs.uninter.edu.mx\/ESCAT\/wp-content\/uploads\/2020\/09\/ESCAT-2-1353x1536.png 1353w, https:\/\/blogs.uninter.edu.mx\/ESCAT\/wp-content\/uploads\/2020\/09\/ESCAT-2.png 1787w\" sizes=\"auto, (max-width: 264px) 100vw, 264px\" \/><\/figure><\/div>\n","protected":false},"excerpt":{"rendered":"<p>Bienvenidos al blog de la ESCAT, aqu\u00ed encontrar\u00e1s publicaciones de estudiantes y docentes de las \u00e1reas de\u00a0 Dise\u00f1os, Ingenier\u00edas, Posgrados, y Certificaciones. \u00a0 Adem\u00e1s podr\u00e1s conocer todos los detalles de los eventos que se organizan durante el semestre como por ejemplo: exposiciones, eventos institucionales, congresos y\/o viajes correspondientes a la Escuela de Ciencias, Artes y&hellip;<\/p>\n","protected":false},"author":22,"featured_media":0,"parent":0,"menu_order":0,"comment_status":"open","ping_status":"open","template":"","meta":{"footnotes":""},"class_list":["post-26541","page","type-page","status-publish","hentry"],"yoast_head":"<!-- This site is optimized with the Yoast SEO plugin v26.8 - https:\/\/yoast.com\/product\/yoast-seo-wordpress\/ -->\r\n<title>Bienvenidos al blog | Escuela de Ciencias, Artes y Tecnolog\u00eda<\/title>\r\n<meta name=\"description\" content=\"Bienvenidos al blog de la ESCAT, encontrar\u00e1s publicaciones de la Escuela de Ciencias, Artes y Tecnolog\u00eda. Blog ESCAT: expande tu mundo con Uninter\" \/>\r\n<meta name=\"robots\" content=\"index, follow, max-snippet:-1, max-image-preview:large, max-video-preview:-1\" \/>\r\n<link rel=\"canonical\" href=\"https:\/\/blogs.uninter.edu.mx\/ESCAT\/index.php\/bienvenidos-al-blog\/\" \/>\r\n<meta property=\"og:locale\" content=\"es_MX\" \/>\r\n<meta property=\"og:type\" content=\"article\" \/>\r\n<meta property=\"og:title\" content=\"Bienvenidos al blog | Escuela de Ciencias, Artes y Tecnolog\u00eda\" \/>\r\n<meta property=\"og:description\" content=\"Bienvenidos al blog de la ESCAT, encontrar\u00e1s publicaciones de la Escuela de Ciencias, Artes y Tecnolog\u00eda. Blog ESCAT: expande tu mundo con Uninter\" \/>\r\n<meta property=\"og:url\" content=\"https:\/\/blogs.uninter.edu.mx\/ESCAT\/index.php\/bienvenidos-al-blog\/\" \/>\r\n<meta property=\"og:site_name\" content=\"Escuela de Ciencias, Artes y Tecnolog\u00eda\" \/>\r\n<meta property=\"article:publisher\" content=\"https:\/\/www.facebook.com\/EscatUninter\/\" \/>\r\n<meta property=\"article:modified_time\" content=\"2020-11-04T05:03:53+00:00\" \/>\r\n<meta property=\"og:image\" content=\"https:\/\/blogs.uninter.edu.mx\/ESCAT\/wp-content\/uploads\/2020\/09\/ESCAT-2-264x300.png\" \/>\r\n<meta name=\"twitter:card\" content=\"summary_large_image\" \/>\r\n<meta name=\"twitter:site\" content=\"@EscatUninter\" \/>\r\n<meta name=\"twitter:label1\" content=\"Tiempo de lectura\" \/>\n\t<meta name=\"twitter:data1\" content=\"1 minuto\" \/>\r\n<script type=\"application\/ld+json\" class=\"yoast-schema-graph\">{\"@context\":\"https:\/\/schema.org\",\"@graph\":[{\"@type\":\"WebPage\",\"@id\":\"https:\/\/blogs.uninter.edu.mx\/ESCAT\/index.php\/bienvenidos-al-blog\/\",\"url\":\"https:\/\/blogs.uninter.edu.mx\/ESCAT\/index.php\/bienvenidos-al-blog\/\",\"name\":\"Bienvenidos al blog | Escuela de Ciencias, Artes y Tecnolog\u00eda\",\"isPartOf\":{\"@id\":\"https:\/\/blogs.uninter.edu.mx\/ESCAT\/#website\"},\"primaryImageOfPage\":{\"@id\":\"https:\/\/blogs.uninter.edu.mx\/ESCAT\/index.php\/bienvenidos-al-blog\/#primaryimage\"},\"image\":{\"@id\":\"https:\/\/blogs.uninter.edu.mx\/ESCAT\/index.php\/bienvenidos-al-blog\/#primaryimage\"},\"thumbnailUrl\":\"https:\/\/blogs.uninter.edu.mx\/ESCAT\/wp-content\/uploads\/2020\/09\/ESCAT-2-264x300.png\",\"datePublished\":\"2011-04-06T21:01:17+00:00\",\"dateModified\":\"2020-11-04T05:03:53+00:00\",\"description\":\"Bienvenidos al blog de la ESCAT, encontrar\u00e1s publicaciones de la Escuela de Ciencias, Artes y Tecnolog\u00eda. Blog ESCAT: expande tu mundo con Uninter\",\"breadcrumb\":{\"@id\":\"https:\/\/blogs.uninter.edu.mx\/ESCAT\/index.php\/bienvenidos-al-blog\/#breadcrumb\"},\"inLanguage\":\"es\",\"potentialAction\":[{\"@type\":\"ReadAction\",\"target\":[\"https:\/\/blogs.uninter.edu.mx\/ESCAT\/index.php\/bienvenidos-al-blog\/\"]}]},{\"@type\":\"ImageObject\",\"inLanguage\":\"es\",\"@id\":\"https:\/\/blogs.uninter.edu.mx\/ESCAT\/index.php\/bienvenidos-al-blog\/#primaryimage\",\"url\":\"https:\/\/blogs.uninter.edu.mx\/ESCAT\/wp-content\/uploads\/2020\/09\/ESCAT-2.png\",\"contentUrl\":\"https:\/\/blogs.uninter.edu.mx\/ESCAT\/wp-content\/uploads\/2020\/09\/ESCAT-2.png\",\"width\":1787,\"height\":2029},{\"@type\":\"BreadcrumbList\",\"@id\":\"https:\/\/blogs.uninter.edu.mx\/ESCAT\/index.php\/bienvenidos-al-blog\/#breadcrumb\",\"itemListElement\":[{\"@type\":\"ListItem\",\"position\":1,\"name\":\"Inicio\",\"item\":\"https:\/\/blogs.uninter.edu.mx\/ESCAT\/\"},{\"@type\":\"ListItem\",\"position\":2,\"name\":\"Blog ESCAT: expande tu mundo con Uninter\"}]},{\"@type\":\"WebSite\",\"@id\":\"https:\/\/blogs.uninter.edu.mx\/ESCAT\/#website\",\"url\":\"https:\/\/blogs.uninter.edu.mx\/ESCAT\/\",\"name\":\"Escuela de Ciencias, Artes y Tecnolog\u00eda UNINTER\",\"description\":\"ESCAT\",\"potentialAction\":[{\"@type\":\"SearchAction\",\"target\":{\"@type\":\"EntryPoint\",\"urlTemplate\":\"https:\/\/blogs.uninter.edu.mx\/ESCAT\/?s={search_term_string}\"},\"query-input\":{\"@type\":\"PropertyValueSpecification\",\"valueRequired\":true,\"valueName\":\"search_term_string\"}}],\"inLanguage\":\"es\"}]}<\/script>\r\n<!-- \/ Yoast SEO plugin. -->","yoast_head_json":{"title":"Bienvenidos al blog | Escuela de Ciencias, Artes y Tecnolog\u00eda","description":"Bienvenidos al blog de la ESCAT, encontrar\u00e1s publicaciones de la Escuela de Ciencias, Artes y Tecnolog\u00eda. Blog ESCAT: expande tu mundo con Uninter","robots":{"index":"index","follow":"follow","max-snippet":"max-snippet:-1","max-image-preview":"max-image-preview:large","max-video-preview":"max-video-preview:-1"},"canonical":"https:\/\/blogs.uninter.edu.mx\/ESCAT\/index.php\/bienvenidos-al-blog\/","og_locale":"es_MX","og_type":"article","og_title":"Bienvenidos al blog | Escuela de Ciencias, Artes y Tecnolog\u00eda","og_description":"Bienvenidos al blog de la ESCAT, encontrar\u00e1s publicaciones de la Escuela de Ciencias, Artes y Tecnolog\u00eda. Blog ESCAT: expande tu mundo con Uninter","og_url":"https:\/\/blogs.uninter.edu.mx\/ESCAT\/index.php\/bienvenidos-al-blog\/","og_site_name":"Escuela de Ciencias, Artes y Tecnolog\u00eda","article_publisher":"https:\/\/www.facebook.com\/EscatUninter\/","article_modified_time":"2020-11-04T05:03:53+00:00","og_image":[{"url":"https:\/\/blogs.uninter.edu.mx\/ESCAT\/wp-content\/uploads\/2020\/09\/ESCAT-2-264x300.png","type":"","width":"","height":""}],"twitter_card":"summary_large_image","twitter_site":"@EscatUninter","twitter_misc":{"Tiempo de lectura":"1 minuto"},"schema":{"@context":"https:\/\/schema.org","@graph":[{"@type":"WebPage","@id":"https:\/\/blogs.uninter.edu.mx\/ESCAT\/index.php\/bienvenidos-al-blog\/","url":"https:\/\/blogs.uninter.edu.mx\/ESCAT\/index.php\/bienvenidos-al-blog\/","name":"Bienvenidos al blog | Escuela de Ciencias, Artes y Tecnolog\u00eda","isPartOf":{"@id":"https:\/\/blogs.uninter.edu.mx\/ESCAT\/#website"},"primaryImageOfPage":{"@id":"https:\/\/blogs.uninter.edu.mx\/ESCAT\/index.php\/bienvenidos-al-blog\/#primaryimage"},"image":{"@id":"https:\/\/blogs.uninter.edu.mx\/ESCAT\/index.php\/bienvenidos-al-blog\/#primaryimage"},"thumbnailUrl":"https:\/\/blogs.uninter.edu.mx\/ESCAT\/wp-content\/uploads\/2020\/09\/ESCAT-2-264x300.png","datePublished":"2011-04-06T21:01:17+00:00","dateModified":"2020-11-04T05:03:53+00:00","description":"Bienvenidos al blog de la ESCAT, encontrar\u00e1s publicaciones de la Escuela de Ciencias, Artes y Tecnolog\u00eda. Blog ESCAT: expande tu mundo con Uninter","breadcrumb":{"@id":"https:\/\/blogs.uninter.edu.mx\/ESCAT\/index.php\/bienvenidos-al-blog\/#breadcrumb"},"inLanguage":"es","potentialAction":[{"@type":"ReadAction","target":["https:\/\/blogs.uninter.edu.mx\/ESCAT\/index.php\/bienvenidos-al-blog\/"]}]},{"@type":"ImageObject","inLanguage":"es","@id":"https:\/\/blogs.uninter.edu.mx\/ESCAT\/index.php\/bienvenidos-al-blog\/#primaryimage","url":"https:\/\/blogs.uninter.edu.mx\/ESCAT\/wp-content\/uploads\/2020\/09\/ESCAT-2.png","contentUrl":"https:\/\/blogs.uninter.edu.mx\/ESCAT\/wp-content\/uploads\/2020\/09\/ESCAT-2.png","width":1787,"height":2029},{"@type":"BreadcrumbList","@id":"https:\/\/blogs.uninter.edu.mx\/ESCAT\/index.php\/bienvenidos-al-blog\/#breadcrumb","itemListElement":[{"@type":"ListItem","position":1,"name":"Inicio","item":"https:\/\/blogs.uninter.edu.mx\/ESCAT\/"},{"@type":"ListItem","position":2,"name":"Blog ESCAT: expande tu mundo con Uninter"}]},{"@type":"WebSite","@id":"https:\/\/blogs.uninter.edu.mx\/ESCAT\/#website","url":"https:\/\/blogs.uninter.edu.mx\/ESCAT\/","name":"Escuela de Ciencias, Artes y Tecnolog\u00eda UNINTER","description":"ESCAT","potentialAction":[{"@type":"SearchAction","target":{"@type":"EntryPoint","urlTemplate":"https:\/\/blogs.uninter.edu.mx\/ESCAT\/?s={search_term_string}"},"query-input":{"@type":"PropertyValueSpecification","valueRequired":true,"valueName":"search_term_string"}}],"inLanguage":"es"}]}},"jetpack_sharing_enabled":true,"_links":{"self":[{"href":"https:\/\/blogs.uninter.edu.mx\/ESCAT\/index.php\/wp-json\/wp\/v2\/pages\/26541","targetHints":{"allow":["GET"]}}],"collection":[{"href":"https:\/\/blogs.uninter.edu.mx\/ESCAT\/index.php\/wp-json\/wp\/v2\/pages"}],"about":[{"href":"https:\/\/blogs.uninter.edu.mx\/ESCAT\/index.php\/wp-json\/wp\/v2\/types\/page"}],"author":[{"embeddable":true,"href":"https:\/\/blogs.uninter.edu.mx\/ESCAT\/index.php\/wp-json\/wp\/v2\/users\/22"}],"replies":[{"embeddable":true,"href":"https:\/\/blogs.uninter.edu.mx\/ESCAT\/index.php\/wp-json\/wp\/v2\/comments?post=26541"}],"version-history":[{"count":5,"href":"https:\/\/blogs.uninter.edu.mx\/ESCAT\/index.php\/wp-json\/wp\/v2\/pages\/26541\/revisions"}],"predecessor-version":[{"id":40815,"href":"https:\/\/blogs.uninter.edu.mx\/ESCAT\/index.php\/wp-json\/wp\/v2\/pages\/26541\/revisions\/40815"}],"wp:attachment":[{"href":"https:\/\/blogs.uninter.edu.mx\/ESCAT\/index.php\/wp-json\/wp\/v2\/media?parent=26541"}],"curies":[{"name":"wp","href":"https:\/\/api.w.org\/{rel}","templated":true}]}}