{"id":34085,"date":"2019-11-13T23:02:33","date_gmt":"2019-11-14T05:02:33","guid":{"rendered":"https:\/\/blogs.uninter.edu.mx\/ESCAT\/?page_id=34085"},"modified":"2020-11-25T10:44:30","modified_gmt":"2020-11-25T16:44:30","slug":"feriadi19-4ta-exposicion-de-proyectos-de-ingenieria","status":"publish","type":"page","link":"https:\/\/blogs.uninter.edu.mx\/ESCAT\/index.php\/feriadi19-4ta-exposicion-de-proyectos-de-ingenieria\/","title":{"rendered":"#FeriaDI19 4ta Exposici\u00f3n de Proyectos de Ingenier\u00eda"},"content":{"rendered":"\n<div class=\"wp-block-image\"><figure class=\"aligncenter is-resized\"><img loading=\"lazy\" decoding=\"async\" src=\"https:\/\/blogs.uninter.edu.mx\/ESCAT\/wp-content\/uploads\/2019\/11\/encabezado-publicaciones-1-1024x341.png\" alt=\"#FeriaDI19 Logo Escat-Feria\" class=\"wp-image-34563\" width=\"523\" height=\"174\" srcset=\"https:\/\/blogs.uninter.edu.mx\/ESCAT\/wp-content\/uploads\/2019\/11\/encabezado-publicaciones-1-1024x341.png 1024w, https:\/\/blogs.uninter.edu.mx\/ESCAT\/wp-content\/uploads\/2019\/11\/encabezado-publicaciones-1-300x100.png 300w, https:\/\/blogs.uninter.edu.mx\/ESCAT\/wp-content\/uploads\/2019\/11\/encabezado-publicaciones-1-768x256.png 768w, https:\/\/blogs.uninter.edu.mx\/ESCAT\/wp-content\/uploads\/2019\/11\/encabezado-publicaciones-1.png 1200w\" sizes=\"auto, (max-width: 523px) 100vw, 523px\" \/><\/figure><\/div>\n\n\n\n<p style=\"font-size:18px\">La exposici\u00f3n de proyectos de ingenier\u00eda de la Escuela de Ciencias, Artes y Tecnolog\u00eda (ESCAT), tiene como objetivo presentar los proyectos tecnol\u00f3gicos, emprendedores, did\u00e1cticos, inform\u00e1ticos y sustentables desarrollados por alumnos y docentes de la Universidad Internacional (UNINTER), para fomentar la actividad cient\u00edfica-tecnol\u00f3gica y generar un espacio de inter\u00e9s para la investigaci\u00f3n, la innovaci\u00f3n y divulgaci\u00f3n de la cultura cient\u00edfica dentro de la universidad.<\/p>\n\n\n\n<h2 class=\"has-text-align-center wp-block-heading\">\u00a1\u00a1No faltes el pr\u00f3ximo 5 de diciembre!!<\/h2>\n\n\n\n<figure class=\"wp-block-image\"><img loading=\"lazy\" decoding=\"async\" width=\"1000\" height=\"1000\" src=\"https:\/\/blogs.uninter.edu.mx\/ESCAT\/wp-content\/uploads\/2019\/11\/FeriaDI19-Jueves-ExpoING.png\" alt=\"#FeriaDI19 4ta Exposici\u00f3n\" class=\"wp-image-34565\" srcset=\"https:\/\/blogs.uninter.edu.mx\/ESCAT\/wp-content\/uploads\/2019\/11\/FeriaDI19-Jueves-ExpoING.png 1000w, https:\/\/blogs.uninter.edu.mx\/ESCAT\/wp-content\/uploads\/2019\/11\/FeriaDI19-Jueves-ExpoING-150x150.png 150w, https:\/\/blogs.uninter.edu.mx\/ESCAT\/wp-content\/uploads\/2019\/11\/FeriaDI19-Jueves-ExpoING-300x300.png 300w, https:\/\/blogs.uninter.edu.mx\/ESCAT\/wp-content\/uploads\/2019\/11\/FeriaDI19-Jueves-ExpoING-768x768.png 768w, https:\/\/blogs.uninter.edu.mx\/ESCAT\/wp-content\/uploads\/2019\/11\/FeriaDI19-Jueves-ExpoING-50x50.png 50w\" sizes=\"auto, (max-width: 1000px) 100vw, 1000px\" \/><\/figure>\n\n\n\n<figure class=\"wp-block-image\"><img loading=\"lazy\" decoding=\"async\" width=\"1000\" height=\"1000\" src=\"https:\/\/blogs.uninter.edu.mx\/ESCAT\/wp-content\/uploads\/2019\/11\/FeriaDI19-Jueves-Batallas-Globo-Robots-1.jpg\" alt=\"#FeriaDI19 Globo-Robots\" class=\"wp-image-34566\" srcset=\"https:\/\/blogs.uninter.edu.mx\/ESCAT\/wp-content\/uploads\/2019\/11\/FeriaDI19-Jueves-Batallas-Globo-Robots-1.jpg 1000w, https:\/\/blogs.uninter.edu.mx\/ESCAT\/wp-content\/uploads\/2019\/11\/FeriaDI19-Jueves-Batallas-Globo-Robots-1-150x150.jpg 150w, https:\/\/blogs.uninter.edu.mx\/ESCAT\/wp-content\/uploads\/2019\/11\/FeriaDI19-Jueves-Batallas-Globo-Robots-1-300x300.jpg 300w, https:\/\/blogs.uninter.edu.mx\/ESCAT\/wp-content\/uploads\/2019\/11\/FeriaDI19-Jueves-Batallas-Globo-Robots-1-768x768.jpg 768w, https:\/\/blogs.uninter.edu.mx\/ESCAT\/wp-content\/uploads\/2019\/11\/FeriaDI19-Jueves-Batallas-Globo-Robots-1-50x50.jpg 50w\" sizes=\"auto, (max-width: 1000px) 100vw, 1000px\" \/><\/figure>\n\n\n\n<figure class=\"wp-block-embed-youtube wp-block-embed is-type-video is-provider-youtube wp-embed-aspect-16-9 wp-has-aspect-ratio\"><div class=\"wp-block-embed__wrapper\">\n<iframe loading=\"lazy\" title=\"4ta. Expo de Proyectos de Ingenier\u00eda #FeriaDI19 #40A\u00f1osExportandoTalento con #Uninter #Cuernavaca\" width=\"700\" height=\"394\" src=\"https:\/\/www.youtube.com\/embed\/G-X4ujUr-iU?feature=oembed\" frameborder=\"0\" allow=\"accelerometer; autoplay; clipboard-write; encrypted-media; gyroscope; picture-in-picture\" allowfullscreen><\/iframe>\n<\/div><\/figure>\n\n\n\n<p class=\"has-text-align-right\"><a href=\"https:\/\/www.facebook.com\/events\/3412858122072936\/\">M\u00e1s informaci\u00f3n sobre la Feria de Dise\u00f1o e Ingenier\u00eda 2019&#8230;<\/a><\/p>\n\n\n\n<p style=\"color:#4db751\" class=\"has-text-color has-text-align-right\"><a href=\"https:\/\/blogs.uninter.edu.mx\/ESCAT\/\">M\u00e1s sobre la ESCAT&#8230;<\/a><\/p>\n\n\n\n<div class=\"wp-block-image\"><figure class=\"aligncenter is-resized\"><a href=\"https:\/\/uninter.edu.mx\/\"><img loading=\"lazy\" decoding=\"async\" src=\"https:\/\/blogs.uninter.edu.mx\/ESCAT\/wp-content\/uploads\/2019\/10\/4-1024x154-1-1024x154-1024x154.png\" alt=\"Universidad Internacional\" class=\"wp-image-33610\" width=\"500\" height=\"78\"\/><\/a><\/figure><\/div>\n","protected":false},"excerpt":{"rendered":"<p>La exposici\u00f3n de proyectos de ingenier\u00eda de la Escuela de Ciencias, Artes y Tecnolog\u00eda (ESCAT), tiene como objetivo presentar los proyectos tecnol\u00f3gicos, emprendedores, did\u00e1cticos, inform\u00e1ticos y sustentables desarrollados por alumnos y docentes de la Universidad Internacional (UNINTER), para fomentar la actividad cient\u00edfica-tecnol\u00f3gica y generar un espacio de inter\u00e9s para la investigaci\u00f3n, la innovaci\u00f3n y divulgaci\u00f3n&hellip;<\/p>\n","protected":false},"author":22,"featured_media":0,"parent":0,"menu_order":0,"comment_status":"closed","ping_status":"closed","template":"","meta":{"footnotes":""},"class_list":["post-34085","page","type-page","status-publish","hentry"],"yoast_head":"<!-- This site is optimized with the Yoast SEO plugin v26.8 - https:\/\/yoast.com\/product\/yoast-seo-wordpress\/ -->\r\n<title>#FeriaDI19 4ta Exposici\u00f3n de Proyectos de Ingenier\u00eda -<\/title>\r\n<meta name=\"robots\" content=\"index, follow, max-snippet:-1, max-image-preview:large, max-video-preview:-1\" \/>\r\n<link rel=\"canonical\" href=\"https:\/\/blogs.uninter.edu.mx\/ESCAT\/index.php\/feriadi19-4ta-exposicion-de-proyectos-de-ingenieria\/\" \/>\r\n<meta property=\"og:locale\" content=\"es_MX\" \/>\r\n<meta property=\"og:type\" content=\"article\" \/>\r\n<meta property=\"og:title\" content=\"#FeriaDI19 4ta Exposici\u00f3n de Proyectos de Ingenier\u00eda -\" \/>\r\n<meta property=\"og:description\" content=\"La exposici\u00f3n de proyectos de ingenier\u00eda de la Escuela de Ciencias, Artes y Tecnolog\u00eda (ESCAT), tiene como objetivo presentar los proyectos tecnol\u00f3gicos, emprendedores, did\u00e1cticos, inform\u00e1ticos y sustentables desarrollados por alumnos y docentes de la Universidad Internacional (UNINTER), para fomentar la actividad cient\u00edfica-tecnol\u00f3gica y generar un espacio de inter\u00e9s para la investigaci\u00f3n, la innovaci\u00f3n y divulgaci\u00f3n&hellip;\" \/>\r\n<meta property=\"og:url\" content=\"https:\/\/blogs.uninter.edu.mx\/ESCAT\/index.php\/feriadi19-4ta-exposicion-de-proyectos-de-ingenieria\/\" \/>\r\n<meta property=\"og:site_name\" content=\"Escuela de Ciencias, Artes y Tecnolog\u00eda\" \/>\r\n<meta property=\"article:publisher\" content=\"https:\/\/www.facebook.com\/EscatUninter\/\" \/>\r\n<meta property=\"article:modified_time\" content=\"2020-11-25T16:44:30+00:00\" \/>\r\n<meta property=\"og:image\" content=\"https:\/\/blogs.uninter.edu.mx\/ESCAT\/wp-content\/uploads\/2019\/11\/encabezado-publicaciones-1-1024x341.png\" \/>\r\n<meta name=\"twitter:card\" content=\"summary_large_image\" \/>\r\n<meta name=\"twitter:site\" content=\"@EscatUninter\" \/>\r\n<meta name=\"twitter:label1\" content=\"Tiempo de lectura\" \/>\n\t<meta name=\"twitter:data1\" content=\"1 minuto\" \/>\r\n<script type=\"application\/ld+json\" class=\"yoast-schema-graph\">{\"@context\":\"https:\/\/schema.org\",\"@graph\":[{\"@type\":\"WebPage\",\"@id\":\"https:\/\/blogs.uninter.edu.mx\/ESCAT\/index.php\/feriadi19-4ta-exposicion-de-proyectos-de-ingenieria\/\",\"url\":\"https:\/\/blogs.uninter.edu.mx\/ESCAT\/index.php\/feriadi19-4ta-exposicion-de-proyectos-de-ingenieria\/\",\"name\":\"#FeriaDI19 4ta Exposici\u00f3n de Proyectos de Ingenier\u00eda -\",\"isPartOf\":{\"@id\":\"https:\/\/blogs.uninter.edu.mx\/ESCAT\/#website\"},\"primaryImageOfPage\":{\"@id\":\"https:\/\/blogs.uninter.edu.mx\/ESCAT\/index.php\/feriadi19-4ta-exposicion-de-proyectos-de-ingenieria\/#primaryimage\"},\"image\":{\"@id\":\"https:\/\/blogs.uninter.edu.mx\/ESCAT\/index.php\/feriadi19-4ta-exposicion-de-proyectos-de-ingenieria\/#primaryimage\"},\"thumbnailUrl\":\"https:\/\/blogs.uninter.edu.mx\/ESCAT\/wp-content\/uploads\/2019\/11\/encabezado-publicaciones-1-1024x341.png\",\"datePublished\":\"2019-11-14T05:02:33+00:00\",\"dateModified\":\"2020-11-25T16:44:30+00:00\",\"breadcrumb\":{\"@id\":\"https:\/\/blogs.uninter.edu.mx\/ESCAT\/index.php\/feriadi19-4ta-exposicion-de-proyectos-de-ingenieria\/#breadcrumb\"},\"inLanguage\":\"es\",\"potentialAction\":[{\"@type\":\"ReadAction\",\"target\":[\"https:\/\/blogs.uninter.edu.mx\/ESCAT\/index.php\/feriadi19-4ta-exposicion-de-proyectos-de-ingenieria\/\"]}]},{\"@type\":\"ImageObject\",\"inLanguage\":\"es\",\"@id\":\"https:\/\/blogs.uninter.edu.mx\/ESCAT\/index.php\/feriadi19-4ta-exposicion-de-proyectos-de-ingenieria\/#primaryimage\",\"url\":\"https:\/\/blogs.uninter.edu.mx\/ESCAT\/wp-content\/uploads\/2019\/11\/encabezado-publicaciones-1.png\",\"contentUrl\":\"https:\/\/blogs.uninter.edu.mx\/ESCAT\/wp-content\/uploads\/2019\/11\/encabezado-publicaciones-1.png\",\"width\":1200,\"height\":400},{\"@type\":\"BreadcrumbList\",\"@id\":\"https:\/\/blogs.uninter.edu.mx\/ESCAT\/index.php\/feriadi19-4ta-exposicion-de-proyectos-de-ingenieria\/#breadcrumb\",\"itemListElement\":[{\"@type\":\"ListItem\",\"position\":1,\"name\":\"Inicio\",\"item\":\"https:\/\/blogs.uninter.edu.mx\/ESCAT\/\"},{\"@type\":\"ListItem\",\"position\":2,\"name\":\"#FeriaDI19 4ta Exposici\u00f3n de Proyectos de Ingenier\u00eda\"}]},{\"@type\":\"WebSite\",\"@id\":\"https:\/\/blogs.uninter.edu.mx\/ESCAT\/#website\",\"url\":\"https:\/\/blogs.uninter.edu.mx\/ESCAT\/\",\"name\":\"Escuela de Ciencias, Artes y Tecnolog\u00eda UNINTER\",\"description\":\"ESCAT\",\"potentialAction\":[{\"@type\":\"SearchAction\",\"target\":{\"@type\":\"EntryPoint\",\"urlTemplate\":\"https:\/\/blogs.uninter.edu.mx\/ESCAT\/?s={search_term_string}\"},\"query-input\":{\"@type\":\"PropertyValueSpecification\",\"valueRequired\":true,\"valueName\":\"search_term_string\"}}],\"inLanguage\":\"es\"}]}<\/script>\r\n<!-- \/ Yoast SEO plugin. -->","yoast_head_json":{"title":"#FeriaDI19 4ta Exposici\u00f3n de Proyectos de Ingenier\u00eda -","robots":{"index":"index","follow":"follow","max-snippet":"max-snippet:-1","max-image-preview":"max-image-preview:large","max-video-preview":"max-video-preview:-1"},"canonical":"https:\/\/blogs.uninter.edu.mx\/ESCAT\/index.php\/feriadi19-4ta-exposicion-de-proyectos-de-ingenieria\/","og_locale":"es_MX","og_type":"article","og_title":"#FeriaDI19 4ta Exposici\u00f3n de Proyectos de Ingenier\u00eda -","og_description":"La exposici\u00f3n de proyectos de ingenier\u00eda de la Escuela de Ciencias, Artes y Tecnolog\u00eda (ESCAT), tiene como objetivo presentar los proyectos tecnol\u00f3gicos, emprendedores, did\u00e1cticos, inform\u00e1ticos y sustentables desarrollados por alumnos y docentes de la Universidad Internacional (UNINTER), para fomentar la actividad cient\u00edfica-tecnol\u00f3gica y generar un espacio de inter\u00e9s para la investigaci\u00f3n, la innovaci\u00f3n y divulgaci\u00f3n&hellip;","og_url":"https:\/\/blogs.uninter.edu.mx\/ESCAT\/index.php\/feriadi19-4ta-exposicion-de-proyectos-de-ingenieria\/","og_site_name":"Escuela de Ciencias, Artes y Tecnolog\u00eda","article_publisher":"https:\/\/www.facebook.com\/EscatUninter\/","article_modified_time":"2020-11-25T16:44:30+00:00","og_image":[{"url":"https:\/\/blogs.uninter.edu.mx\/ESCAT\/wp-content\/uploads\/2019\/11\/encabezado-publicaciones-1-1024x341.png","type":"","width":"","height":""}],"twitter_card":"summary_large_image","twitter_site":"@EscatUninter","twitter_misc":{"Tiempo de lectura":"1 minuto"},"schema":{"@context":"https:\/\/schema.org","@graph":[{"@type":"WebPage","@id":"https:\/\/blogs.uninter.edu.mx\/ESCAT\/index.php\/feriadi19-4ta-exposicion-de-proyectos-de-ingenieria\/","url":"https:\/\/blogs.uninter.edu.mx\/ESCAT\/index.php\/feriadi19-4ta-exposicion-de-proyectos-de-ingenieria\/","name":"#FeriaDI19 4ta Exposici\u00f3n de Proyectos de Ingenier\u00eda -","isPartOf":{"@id":"https:\/\/blogs.uninter.edu.mx\/ESCAT\/#website"},"primaryImageOfPage":{"@id":"https:\/\/blogs.uninter.edu.mx\/ESCAT\/index.php\/feriadi19-4ta-exposicion-de-proyectos-de-ingenieria\/#primaryimage"},"image":{"@id":"https:\/\/blogs.uninter.edu.mx\/ESCAT\/index.php\/feriadi19-4ta-exposicion-de-proyectos-de-ingenieria\/#primaryimage"},"thumbnailUrl":"https:\/\/blogs.uninter.edu.mx\/ESCAT\/wp-content\/uploads\/2019\/11\/encabezado-publicaciones-1-1024x341.png","datePublished":"2019-11-14T05:02:33+00:00","dateModified":"2020-11-25T16:44:30+00:00","breadcrumb":{"@id":"https:\/\/blogs.uninter.edu.mx\/ESCAT\/index.php\/feriadi19-4ta-exposicion-de-proyectos-de-ingenieria\/#breadcrumb"},"inLanguage":"es","potentialAction":[{"@type":"ReadAction","target":["https:\/\/blogs.uninter.edu.mx\/ESCAT\/index.php\/feriadi19-4ta-exposicion-de-proyectos-de-ingenieria\/"]}]},{"@type":"ImageObject","inLanguage":"es","@id":"https:\/\/blogs.uninter.edu.mx\/ESCAT\/index.php\/feriadi19-4ta-exposicion-de-proyectos-de-ingenieria\/#primaryimage","url":"https:\/\/blogs.uninter.edu.mx\/ESCAT\/wp-content\/uploads\/2019\/11\/encabezado-publicaciones-1.png","contentUrl":"https:\/\/blogs.uninter.edu.mx\/ESCAT\/wp-content\/uploads\/2019\/11\/encabezado-publicaciones-1.png","width":1200,"height":400},{"@type":"BreadcrumbList","@id":"https:\/\/blogs.uninter.edu.mx\/ESCAT\/index.php\/feriadi19-4ta-exposicion-de-proyectos-de-ingenieria\/#breadcrumb","itemListElement":[{"@type":"ListItem","position":1,"name":"Inicio","item":"https:\/\/blogs.uninter.edu.mx\/ESCAT\/"},{"@type":"ListItem","position":2,"name":"#FeriaDI19 4ta Exposici\u00f3n de Proyectos de Ingenier\u00eda"}]},{"@type":"WebSite","@id":"https:\/\/blogs.uninter.edu.mx\/ESCAT\/#website","url":"https:\/\/blogs.uninter.edu.mx\/ESCAT\/","name":"Escuela de Ciencias, Artes y Tecnolog\u00eda UNINTER","description":"ESCAT","potentialAction":[{"@type":"SearchAction","target":{"@type":"EntryPoint","urlTemplate":"https:\/\/blogs.uninter.edu.mx\/ESCAT\/?s={search_term_string}"},"query-input":{"@type":"PropertyValueSpecification","valueRequired":true,"valueName":"search_term_string"}}],"inLanguage":"es"}]}},"jetpack_sharing_enabled":true,"_links":{"self":[{"href":"https:\/\/blogs.uninter.edu.mx\/ESCAT\/index.php\/wp-json\/wp\/v2\/pages\/34085","targetHints":{"allow":["GET"]}}],"collection":[{"href":"https:\/\/blogs.uninter.edu.mx\/ESCAT\/index.php\/wp-json\/wp\/v2\/pages"}],"about":[{"href":"https:\/\/blogs.uninter.edu.mx\/ESCAT\/index.php\/wp-json\/wp\/v2\/types\/page"}],"author":[{"embeddable":true,"href":"https:\/\/blogs.uninter.edu.mx\/ESCAT\/index.php\/wp-json\/wp\/v2\/users\/22"}],"replies":[{"embeddable":true,"href":"https:\/\/blogs.uninter.edu.mx\/ESCAT\/index.php\/wp-json\/wp\/v2\/comments?post=34085"}],"version-history":[{"count":13,"href":"https:\/\/blogs.uninter.edu.mx\/ESCAT\/index.php\/wp-json\/wp\/v2\/pages\/34085\/revisions"}],"predecessor-version":[{"id":41339,"href":"https:\/\/blogs.uninter.edu.mx\/ESCAT\/index.php\/wp-json\/wp\/v2\/pages\/34085\/revisions\/41339"}],"wp:attachment":[{"href":"https:\/\/blogs.uninter.edu.mx\/ESCAT\/index.php\/wp-json\/wp\/v2\/media?parent=34085"}],"curies":[{"name":"wp","href":"https:\/\/api.w.org\/{rel}","templated":true}]}}