{"id":40838,"date":"2020-11-05T16:20:59","date_gmt":"2020-11-05T22:20:59","guid":{"rendered":"https:\/\/blogs.uninter.edu.mx\/ESCAT\/?page_id=40838"},"modified":"2025-10-20T13:24:55","modified_gmt":"2025-10-20T19:24:55","slug":"sistemas-computacionales","status":"publish","type":"page","link":"https:\/\/blogs.uninter.edu.mx\/ESCAT\/index.php\/sistemas-computacionales\/","title":{"rendered":"Sistemas Computacionales"},"content":{"rendered":"\n<h3 class=\"wp-block-heading has-text-align-left\">Conoce un poco m\u00e1s a los profesores que conforman la Academia de <span style=\"color:#052470\" class=\"has-inline-color\">Sistemas Computacionales<\/span>:<\/h3>\n\n\n\n<figure class=\"wp-block-image size-full\"><img loading=\"lazy\" decoding=\"async\" width=\"4302\" height=\"3138\" src=\"https:\/\/blogs.uninter.edu.mx\/ESCAT\/wp-content\/uploads\/2025\/08\/2026-1-CV-Betsabe-Flores.jpg\" alt=\"\" class=\"wp-image-76555\"\/><figcaption class=\"wp-element-caption\">Mtra. Betsab\u00e9 Anan\u00ed Flores Vel\u00e1zquez<\/figcaption><\/figure>\n\n\n\n<figure class=\"wp-block-image size-full\"><img loading=\"lazy\" decoding=\"async\" width=\"4302\" height=\"3138\" src=\"https:\/\/blogs.uninter.edu.mx\/ESCAT\/wp-content\/uploads\/2025\/08\/2026-1-CV-Eduardo-Corrales.jpg\" alt=\"\" class=\"wp-image-76556\"\/><figcaption class=\"wp-element-caption\">Mtro. Eduardo Corrales Iturbe<\/figcaption><\/figure>\n\n\n\n<figure class=\"wp-block-image size-full\"><img loading=\"lazy\" decoding=\"async\" width=\"4302\" height=\"3138\" src=\"https:\/\/blogs.uninter.edu.mx\/ESCAT\/wp-content\/uploads\/2025\/08\/2026-1-CV-Israel-Ramirez.jpg\" alt=\"\" class=\"wp-image-76557\"\/><figcaption class=\"wp-element-caption\">Lic. Israel Ram\u00edrez Fern\u00e1ndez<\/figcaption><\/figure>\n\n\n\n<figure class=\"wp-block-image size-full\"><img loading=\"lazy\" decoding=\"async\" width=\"4302\" height=\"3138\" src=\"https:\/\/blogs.uninter.edu.mx\/ESCAT\/wp-content\/uploads\/2025\/08\/2026-1-CV-Jose-Alfonzo.jpg\" alt=\"\" class=\"wp-image-76559\"\/><figcaption class=\"wp-element-caption\">Mtro. Jos\u00e9 Armando Alfonzo Garc\u00eda <\/figcaption><\/figure>\n\n\n\n<figure class=\"wp-block-image size-full\"><img loading=\"lazy\" decoding=\"async\" width=\"4302\" height=\"3138\" src=\"https:\/\/blogs.uninter.edu.mx\/ESCAT\/wp-content\/uploads\/2025\/08\/2026-1-CV-Luis-Cabrera-OK.jpg\" alt=\"\" class=\"wp-image-76560\"\/><figcaption class=\"wp-element-caption\">Esp. Jos\u00e9 Luis Cabrera Ch\u00e1vez<\/figcaption><\/figure>\n\n\n\n<figure class=\"wp-block-image size-full\"><img loading=\"lazy\" decoding=\"async\" width=\"4302\" height=\"3138\" src=\"https:\/\/blogs.uninter.edu.mx\/ESCAT\/wp-content\/uploads\/2025\/09\/2026-1-CV-Juan-Leon.jpg\" alt=\"\" class=\"wp-image-76942\"\/><figcaption class=\"wp-element-caption\">Mtro. Juan Ernesto Le\u00f3n Solache <\/figcaption><\/figure>\n\n\n\n<figure class=\"wp-block-image size-full\"><img loading=\"lazy\" decoding=\"async\" width=\"4302\" height=\"3138\" src=\"https:\/\/blogs.uninter.edu.mx\/ESCAT\/wp-content\/uploads\/2025\/08\/2026-1-CV-Karhil-Mejia.jpg\" alt=\"\" class=\"wp-image-76562\"\/><figcaption class=\"wp-element-caption\">Ing. Karhil Aglael Mej\u00eda Gonz\u00e1lez <\/figcaption><\/figure>\n\n\n\n<figure class=\"wp-block-image size-full\"><img loading=\"lazy\" decoding=\"async\" width=\"4302\" height=\"3138\" src=\"https:\/\/blogs.uninter.edu.mx\/ESCAT\/wp-content\/uploads\/2025\/08\/2026-1-CV-Miguel-Mayorga.jpg\" alt=\"\" class=\"wp-image-76563\"\/><figcaption class=\"wp-element-caption\">Mtro. Miguel Octavio Mayorga Quinones<\/figcaption><\/figure>\n\n\n\n<figure class=\"wp-block-image size-full\"><img loading=\"lazy\" decoding=\"async\" width=\"4302\" height=\"3138\" src=\"https:\/\/blogs.uninter.edu.mx\/ESCAT\/wp-content\/uploads\/2025\/08\/2026-1-CV-Nissi-Blanch.jpg\" alt=\"\" class=\"wp-image-76564\"\/><figcaption class=\"wp-element-caption\">Lic. Nissi Merab Blanch Garc\u00eda<\/figcaption><\/figure>\n\n\n\n<figure class=\"wp-block-image size-full\"><img loading=\"lazy\" decoding=\"async\" width=\"1280\" height=\"933\" src=\"https:\/\/blogs.uninter.edu.mx\/ESCAT\/wp-content\/uploads\/2025\/08\/2026-1-CV-Paolo-Gonzalez-OK.jpg\" alt=\"\" class=\"wp-image-76565\"\/><figcaption class=\"wp-element-caption\">Paolo Dario Gonz\u00e1lez Diego<\/figcaption><\/figure>\n\n\n\n<figure class=\"wp-block-image size-full\"><img loading=\"lazy\" decoding=\"async\" width=\"4302\" height=\"3138\" src=\"https:\/\/blogs.uninter.edu.mx\/ESCAT\/wp-content\/uploads\/2025\/08\/2026-1-CV-Raul-Leal.jpg\" alt=\"\" class=\"wp-image-76567\"\/><figcaption class=\"wp-element-caption\">Mtro. Ra\u00fal \u00c1ngel Leal Hern\u00e1ndez<\/figcaption><\/figure>\n","protected":false},"excerpt":{"rendered":"<p>Conoce un poco m\u00e1s a los profesores que conforman la Academia de Sistemas Computacionales:<\/p>\n","protected":false},"author":22,"featured_media":0,"parent":0,"menu_order":0,"comment_status":"closed","ping_status":"closed","template":"","meta":{"footnotes":""},"class_list":["post-40838","page","type-page","status-publish","hentry"],"yoast_head":"<!-- This site is optimized with the Yoast SEO plugin v26.8 - https:\/\/yoast.com\/product\/yoast-seo-wordpress\/ -->\r\n<title>Sistemas Computacionales - Escuela de Ciencias, Artes y Tecnolog\u00eda<\/title>\r\n<meta name=\"robots\" content=\"index, follow, max-snippet:-1, max-image-preview:large, max-video-preview:-1\" \/>\r\n<link rel=\"canonical\" href=\"https:\/\/blogs.uninter.edu.mx\/ESCAT\/index.php\/sistemas-computacionales\/\" \/>\r\n<meta property=\"og:locale\" content=\"es_MX\" \/>\r\n<meta property=\"og:type\" content=\"article\" \/>\r\n<meta property=\"og:title\" content=\"Sistemas Computacionales - Escuela de Ciencias, Artes y Tecnolog\u00eda\" \/>\r\n<meta property=\"og:description\" content=\"Conoce un poco m\u00e1s a los profesores que conforman la Academia de Sistemas Computacionales:\" \/>\r\n<meta property=\"og:url\" content=\"https:\/\/blogs.uninter.edu.mx\/ESCAT\/index.php\/sistemas-computacionales\/\" \/>\r\n<meta property=\"og:site_name\" content=\"Escuela de Ciencias, Artes y Tecnolog\u00eda\" \/>\r\n<meta property=\"article:publisher\" content=\"https:\/\/www.facebook.com\/EscatUninter\/\" \/>\r\n<meta property=\"article:modified_time\" content=\"2025-10-20T19:24:55+00:00\" \/>\r\n<meta property=\"og:image\" content=\"https:\/\/blogs.uninter.edu.mx\/ESCAT\/wp-content\/uploads\/2025\/08\/2026-1-CV-Betsabe-Flores.jpg\" \/>\r\n\t<meta property=\"og:image:width\" content=\"700\" \/>\r\n\t<meta property=\"og:image:height\" content=\"511\" \/>\r\n\t<meta property=\"og:image:type\" content=\"image\/jpeg\" \/>\r\n<meta name=\"twitter:card\" content=\"summary_large_image\" \/>\r\n<meta name=\"twitter:site\" content=\"@EscatUninter\" \/>\r\n<meta name=\"twitter:label1\" content=\"Tiempo de lectura\" \/>\n\t<meta name=\"twitter:data1\" content=\"3 minutos\" \/>\r\n<script type=\"application\/ld+json\" class=\"yoast-schema-graph\">{\"@context\":\"https:\/\/schema.org\",\"@graph\":[{\"@type\":\"WebPage\",\"@id\":\"https:\/\/blogs.uninter.edu.mx\/ESCAT\/index.php\/sistemas-computacionales\/\",\"url\":\"https:\/\/blogs.uninter.edu.mx\/ESCAT\/index.php\/sistemas-computacionales\/\",\"name\":\"Sistemas Computacionales - Escuela de Ciencias, Artes y Tecnolog\u00eda\",\"isPartOf\":{\"@id\":\"https:\/\/blogs.uninter.edu.mx\/ESCAT\/#website\"},\"primaryImageOfPage\":{\"@id\":\"https:\/\/blogs.uninter.edu.mx\/ESCAT\/index.php\/sistemas-computacionales\/#primaryimage\"},\"image\":{\"@id\":\"https:\/\/blogs.uninter.edu.mx\/ESCAT\/index.php\/sistemas-computacionales\/#primaryimage\"},\"thumbnailUrl\":\"https:\/\/blogs.uninter.edu.mx\/ESCAT\/wp-content\/uploads\/2025\/08\/2026-1-CV-Betsabe-Flores.jpg\",\"datePublished\":\"2020-11-05T22:20:59+00:00\",\"dateModified\":\"2025-10-20T19:24:55+00:00\",\"breadcrumb\":{\"@id\":\"https:\/\/blogs.uninter.edu.mx\/ESCAT\/index.php\/sistemas-computacionales\/#breadcrumb\"},\"inLanguage\":\"es\",\"potentialAction\":[{\"@type\":\"ReadAction\",\"target\":[\"https:\/\/blogs.uninter.edu.mx\/ESCAT\/index.php\/sistemas-computacionales\/\"]}]},{\"@type\":\"ImageObject\",\"inLanguage\":\"es\",\"@id\":\"https:\/\/blogs.uninter.edu.mx\/ESCAT\/index.php\/sistemas-computacionales\/#primaryimage\",\"url\":\"https:\/\/blogs.uninter.edu.mx\/ESCAT\/wp-content\/uploads\/2025\/08\/2026-1-CV-Betsabe-Flores.jpg\",\"contentUrl\":\"https:\/\/blogs.uninter.edu.mx\/ESCAT\/wp-content\/uploads\/2025\/08\/2026-1-CV-Betsabe-Flores.jpg\",\"width\":4302,\"height\":3138},{\"@type\":\"BreadcrumbList\",\"@id\":\"https:\/\/blogs.uninter.edu.mx\/ESCAT\/index.php\/sistemas-computacionales\/#breadcrumb\",\"itemListElement\":[{\"@type\":\"ListItem\",\"position\":1,\"name\":\"Inicio\",\"item\":\"https:\/\/blogs.uninter.edu.mx\/ESCAT\/\"},{\"@type\":\"ListItem\",\"position\":2,\"name\":\"Sistemas Computacionales\"}]},{\"@type\":\"WebSite\",\"@id\":\"https:\/\/blogs.uninter.edu.mx\/ESCAT\/#website\",\"url\":\"https:\/\/blogs.uninter.edu.mx\/ESCAT\/\",\"name\":\"Escuela de Ciencias, Artes y Tecnolog\u00eda UNINTER\",\"description\":\"ESCAT\",\"potentialAction\":[{\"@type\":\"SearchAction\",\"target\":{\"@type\":\"EntryPoint\",\"urlTemplate\":\"https:\/\/blogs.uninter.edu.mx\/ESCAT\/?s={search_term_string}\"},\"query-input\":{\"@type\":\"PropertyValueSpecification\",\"valueRequired\":true,\"valueName\":\"search_term_string\"}}],\"inLanguage\":\"es\"}]}<\/script>\r\n<!-- \/ Yoast SEO plugin. -->","yoast_head_json":{"title":"Sistemas Computacionales - Escuela de Ciencias, Artes y Tecnolog\u00eda","robots":{"index":"index","follow":"follow","max-snippet":"max-snippet:-1","max-image-preview":"max-image-preview:large","max-video-preview":"max-video-preview:-1"},"canonical":"https:\/\/blogs.uninter.edu.mx\/ESCAT\/index.php\/sistemas-computacionales\/","og_locale":"es_MX","og_type":"article","og_title":"Sistemas Computacionales - Escuela de Ciencias, Artes y Tecnolog\u00eda","og_description":"Conoce un poco m\u00e1s a los profesores que conforman la Academia de Sistemas Computacionales:","og_url":"https:\/\/blogs.uninter.edu.mx\/ESCAT\/index.php\/sistemas-computacionales\/","og_site_name":"Escuela de Ciencias, Artes y Tecnolog\u00eda","article_publisher":"https:\/\/www.facebook.com\/EscatUninter\/","article_modified_time":"2025-10-20T19:24:55+00:00","og_image":[{"url":"https:\/\/blogs.uninter.edu.mx\/ESCAT\/wp-content\/uploads\/2025\/08\/2026-1-CV-Betsabe-Flores.jpg","width":700,"height":511,"type":"image\/jpeg"}],"twitter_card":"summary_large_image","twitter_site":"@EscatUninter","twitter_misc":{"Tiempo de lectura":"3 minutos"},"schema":{"@context":"https:\/\/schema.org","@graph":[{"@type":"WebPage","@id":"https:\/\/blogs.uninter.edu.mx\/ESCAT\/index.php\/sistemas-computacionales\/","url":"https:\/\/blogs.uninter.edu.mx\/ESCAT\/index.php\/sistemas-computacionales\/","name":"Sistemas Computacionales - Escuela de Ciencias, Artes y Tecnolog\u00eda","isPartOf":{"@id":"https:\/\/blogs.uninter.edu.mx\/ESCAT\/#website"},"primaryImageOfPage":{"@id":"https:\/\/blogs.uninter.edu.mx\/ESCAT\/index.php\/sistemas-computacionales\/#primaryimage"},"image":{"@id":"https:\/\/blogs.uninter.edu.mx\/ESCAT\/index.php\/sistemas-computacionales\/#primaryimage"},"thumbnailUrl":"https:\/\/blogs.uninter.edu.mx\/ESCAT\/wp-content\/uploads\/2025\/08\/2026-1-CV-Betsabe-Flores.jpg","datePublished":"2020-11-05T22:20:59+00:00","dateModified":"2025-10-20T19:24:55+00:00","breadcrumb":{"@id":"https:\/\/blogs.uninter.edu.mx\/ESCAT\/index.php\/sistemas-computacionales\/#breadcrumb"},"inLanguage":"es","potentialAction":[{"@type":"ReadAction","target":["https:\/\/blogs.uninter.edu.mx\/ESCAT\/index.php\/sistemas-computacionales\/"]}]},{"@type":"ImageObject","inLanguage":"es","@id":"https:\/\/blogs.uninter.edu.mx\/ESCAT\/index.php\/sistemas-computacionales\/#primaryimage","url":"https:\/\/blogs.uninter.edu.mx\/ESCAT\/wp-content\/uploads\/2025\/08\/2026-1-CV-Betsabe-Flores.jpg","contentUrl":"https:\/\/blogs.uninter.edu.mx\/ESCAT\/wp-content\/uploads\/2025\/08\/2026-1-CV-Betsabe-Flores.jpg","width":4302,"height":3138},{"@type":"BreadcrumbList","@id":"https:\/\/blogs.uninter.edu.mx\/ESCAT\/index.php\/sistemas-computacionales\/#breadcrumb","itemListElement":[{"@type":"ListItem","position":1,"name":"Inicio","item":"https:\/\/blogs.uninter.edu.mx\/ESCAT\/"},{"@type":"ListItem","position":2,"name":"Sistemas Computacionales"}]},{"@type":"WebSite","@id":"https:\/\/blogs.uninter.edu.mx\/ESCAT\/#website","url":"https:\/\/blogs.uninter.edu.mx\/ESCAT\/","name":"Escuela de Ciencias, Artes y Tecnolog\u00eda UNINTER","description":"ESCAT","potentialAction":[{"@type":"SearchAction","target":{"@type":"EntryPoint","urlTemplate":"https:\/\/blogs.uninter.edu.mx\/ESCAT\/?s={search_term_string}"},"query-input":{"@type":"PropertyValueSpecification","valueRequired":true,"valueName":"search_term_string"}}],"inLanguage":"es"}]}},"jetpack_sharing_enabled":true,"_links":{"self":[{"href":"https:\/\/blogs.uninter.edu.mx\/ESCAT\/index.php\/wp-json\/wp\/v2\/pages\/40838","targetHints":{"allow":["GET"]}}],"collection":[{"href":"https:\/\/blogs.uninter.edu.mx\/ESCAT\/index.php\/wp-json\/wp\/v2\/pages"}],"about":[{"href":"https:\/\/blogs.uninter.edu.mx\/ESCAT\/index.php\/wp-json\/wp\/v2\/types\/page"}],"author":[{"embeddable":true,"href":"https:\/\/blogs.uninter.edu.mx\/ESCAT\/index.php\/wp-json\/wp\/v2\/users\/22"}],"replies":[{"embeddable":true,"href":"https:\/\/blogs.uninter.edu.mx\/ESCAT\/index.php\/wp-json\/wp\/v2\/comments?post=40838"}],"version-history":[{"count":34,"href":"https:\/\/blogs.uninter.edu.mx\/ESCAT\/index.php\/wp-json\/wp\/v2\/pages\/40838\/revisions"}],"predecessor-version":[{"id":77590,"href":"https:\/\/blogs.uninter.edu.mx\/ESCAT\/index.php\/wp-json\/wp\/v2\/pages\/40838\/revisions\/77590"}],"wp:attachment":[{"href":"https:\/\/blogs.uninter.edu.mx\/ESCAT\/index.php\/wp-json\/wp\/v2\/media?parent=40838"}],"curies":[{"name":"wp","href":"https:\/\/api.w.org\/{rel}","templated":true}]}}