{"id":40891,"date":"2020-11-05T18:03:39","date_gmt":"2020-11-06T00:03:39","guid":{"rendered":"https:\/\/blogs.uninter.edu.mx\/ESCAT\/?page_id=40891"},"modified":"2025-10-20T12:42:45","modified_gmt":"2025-10-20T18:42:45","slug":"ciencias-e-ingenieria","status":"publish","type":"page","link":"https:\/\/blogs.uninter.edu.mx\/ESCAT\/index.php\/ciencias-e-ingenieria\/","title":{"rendered":"Ciencias e Ingenier\u00eda"},"content":{"rendered":"\n<h3 class=\"wp-block-heading\">Conoce un poco m\u00e1s a los profesores que conforman las Academias de <mark style=\"background-color:rgba(0, 0, 0, 0);color:#011140\" class=\"has-inline-color\">Ciencias e Ingenier\u00eda<\/mark>:<\/h3>\n\n\n\n<figure class=\"wp-block-image size-full\"><img loading=\"lazy\" decoding=\"async\" width=\"4302\" height=\"3138\" src=\"https:\/\/blogs.uninter.edu.mx\/ESCAT\/wp-content\/uploads\/2025\/08\/2026-1-CV-Arturo-Espinosa.jpg\" alt=\"\" class=\"wp-image-76523\"\/><figcaption class=\"wp-element-caption\">Mtro. Arturo Daniel Espinosa Pedroza<\/figcaption><\/figure>\n\n\n\n<figure class=\"wp-block-image size-full\"><img loading=\"lazy\" decoding=\"async\" width=\"4302\" height=\"3138\" src=\"https:\/\/blogs.uninter.edu.mx\/ESCAT\/wp-content\/uploads\/2025\/08\/2026-1-CV-Carlos-Diaz.jpg\" alt=\"\" class=\"wp-image-76526\"\/><figcaption class=\"wp-element-caption\">Mtro. Carlos D\u00edaz G\u00f3mez<\/figcaption><\/figure>\n\n\n\n<figure class=\"wp-block-image size-full\"><img loading=\"lazy\" decoding=\"async\" width=\"4302\" height=\"3138\" src=\"https:\/\/blogs.uninter.edu.mx\/ESCAT\/wp-content\/uploads\/2025\/08\/2026-1-CV-Fernando-Hidalgo-1.jpg\" alt=\"\" class=\"wp-image-76527\"\/><\/figure>\n\n\n\n<p>Dr. Fernando Enrique Hidalgo Hern\u00e1ndez<\/p>\n\n\n\n<figure class=\"wp-block-image size-full\"><img loading=\"lazy\" decoding=\"async\" width=\"4302\" height=\"3138\" src=\"https:\/\/blogs.uninter.edu.mx\/ESCAT\/wp-content\/uploads\/2025\/08\/2026-1-CV-Jose-Soto.jpg\" alt=\"\" class=\"wp-image-76529\"\/><figcaption class=\"wp-element-caption\">Lic. Jos\u00e9 Alfredo Soto Urueta<\/figcaption><\/figure>\n\n\n\n<figure class=\"wp-block-image size-full\"><img loading=\"lazy\" decoding=\"async\" width=\"4302\" height=\"3138\" src=\"https:\/\/blogs.uninter.edu.mx\/ESCAT\/wp-content\/uploads\/2025\/08\/2026-1-CV-Luz-Maria-Sanchez-.jpg\" alt=\"\" class=\"wp-image-76530\"\/><figcaption class=\"wp-element-caption\">Dra. Luz Mar\u00eda S\u00e1nchez Rivera<\/figcaption><\/figure>\n\n\n\n<figure class=\"wp-block-image size-full\"><img loading=\"lazy\" decoding=\"async\" width=\"4302\" height=\"3138\" src=\"https:\/\/blogs.uninter.edu.mx\/ESCAT\/wp-content\/uploads\/2025\/08\/2026-1-CV-Mariana-Martinez.jpg\" alt=\"\" class=\"wp-image-76531\"\/><figcaption class=\"wp-element-caption\">Mtra. Mariana Mart\u00ednez Silva<\/figcaption><\/figure>\n\n\n\n<figure class=\"wp-block-image size-full\"><img loading=\"lazy\" decoding=\"async\" width=\"4302\" height=\"3138\" src=\"https:\/\/blogs.uninter.edu.mx\/ESCAT\/wp-content\/uploads\/2025\/08\/2026-1-CV-Mary-Hdez.jpg\" alt=\"\" class=\"wp-image-76532\"\/><figcaption class=\"wp-element-caption\">Mtra. Mary Carmen Hern\u00e1ndez Gatica<\/figcaption><\/figure>\n\n\n\n<figure class=\"wp-block-image size-full\"><img loading=\"lazy\" decoding=\"async\" width=\"1280\" height=\"933\" src=\"https:\/\/blogs.uninter.edu.mx\/ESCAT\/wp-content\/uploads\/2025\/08\/2026-1-CV-Paolo-Gonzalez.jpg\" alt=\"\" class=\"wp-image-76533\"\/><figcaption class=\"wp-element-caption\">Paolo Dario Gonz\u00e1lez Diego<\/figcaption><\/figure>\n\n\n\n<figure class=\"wp-block-image size-full\"><img loading=\"lazy\" decoding=\"async\" width=\"4302\" height=\"3138\" src=\"https:\/\/blogs.uninter.edu.mx\/ESCAT\/wp-content\/uploads\/2025\/08\/2026-1-CV-Samantha-Flores.jpg\" alt=\"\" class=\"wp-image-76534\"\/><figcaption class=\"wp-element-caption\">Ing. Samantha Cecilia Flores Guadarrama <\/figcaption><\/figure>\n\n\n\n<figure class=\"wp-block-image size-full\"><img loading=\"lazy\" decoding=\"async\" width=\"4302\" height=\"3138\" src=\"https:\/\/blogs.uninter.edu.mx\/ESCAT\/wp-content\/uploads\/2025\/08\/2026-1-CV-Violeta-Reyes-1.jpg\" alt=\"\" class=\"wp-image-76535\"\/><\/figure>\n\n\n\n<p><\/p>\n","protected":false},"excerpt":{"rendered":"<p>Conoce un poco m\u00e1s a los profesores que conforman las Academias de Ciencias e Ingenier\u00eda: Dr. Fernando Enrique Hidalgo Hern\u00e1ndez<\/p>\n","protected":false},"author":22,"featured_media":0,"parent":0,"menu_order":0,"comment_status":"closed","ping_status":"closed","template":"","meta":{"footnotes":""},"class_list":["post-40891","page","type-page","status-publish","hentry"],"yoast_head":"<!-- This site is optimized with the Yoast SEO plugin v26.8 - https:\/\/yoast.com\/product\/yoast-seo-wordpress\/ -->\r\n<title>Ciencias e Ingenier\u00eda - Escuela de Ciencias, Artes y Tecnolog\u00eda<\/title>\r\n<meta name=\"robots\" content=\"index, follow, max-snippet:-1, max-image-preview:large, max-video-preview:-1\" \/>\r\n<link rel=\"canonical\" href=\"https:\/\/blogs.uninter.edu.mx\/ESCAT\/index.php\/ciencias-e-ingenieria\/\" \/>\r\n<meta property=\"og:locale\" content=\"es_MX\" \/>\r\n<meta property=\"og:type\" content=\"article\" \/>\r\n<meta property=\"og:title\" content=\"Ciencias e Ingenier\u00eda - Escuela de Ciencias, Artes y Tecnolog\u00eda\" \/>\r\n<meta property=\"og:description\" content=\"Conoce un poco m\u00e1s a los profesores que conforman las Academias de Ciencias e Ingenier\u00eda: Dr. Fernando Enrique Hidalgo Hern\u00e1ndez\" \/>\r\n<meta property=\"og:url\" content=\"https:\/\/blogs.uninter.edu.mx\/ESCAT\/index.php\/ciencias-e-ingenieria\/\" \/>\r\n<meta property=\"og:site_name\" content=\"Escuela de Ciencias, Artes y Tecnolog\u00eda\" \/>\r\n<meta property=\"article:publisher\" content=\"https:\/\/www.facebook.com\/EscatUninter\/\" \/>\r\n<meta property=\"article:modified_time\" content=\"2025-10-20T18:42:45+00:00\" \/>\r\n<meta property=\"og:image\" content=\"https:\/\/blogs.uninter.edu.mx\/ESCAT\/wp-content\/uploads\/2025\/08\/2026-1-CV-Arturo-Espinosa.jpg\" \/>\r\n\t<meta property=\"og:image:width\" content=\"700\" \/>\r\n\t<meta property=\"og:image:height\" content=\"511\" \/>\r\n\t<meta property=\"og:image:type\" content=\"image\/jpeg\" \/>\r\n<meta name=\"twitter:card\" content=\"summary_large_image\" \/>\r\n<meta name=\"twitter:site\" content=\"@EscatUninter\" \/>\r\n<meta name=\"twitter:label1\" content=\"Tiempo de lectura\" \/>\n\t<meta name=\"twitter:data1\" content=\"3 minutos\" \/>\r\n<script type=\"application\/ld+json\" class=\"yoast-schema-graph\">{\"@context\":\"https:\/\/schema.org\",\"@graph\":[{\"@type\":\"WebPage\",\"@id\":\"https:\/\/blogs.uninter.edu.mx\/ESCAT\/index.php\/ciencias-e-ingenieria\/\",\"url\":\"https:\/\/blogs.uninter.edu.mx\/ESCAT\/index.php\/ciencias-e-ingenieria\/\",\"name\":\"Ciencias e Ingenier\u00eda - Escuela de Ciencias, Artes y Tecnolog\u00eda\",\"isPartOf\":{\"@id\":\"https:\/\/blogs.uninter.edu.mx\/ESCAT\/#website\"},\"primaryImageOfPage\":{\"@id\":\"https:\/\/blogs.uninter.edu.mx\/ESCAT\/index.php\/ciencias-e-ingenieria\/#primaryimage\"},\"image\":{\"@id\":\"https:\/\/blogs.uninter.edu.mx\/ESCAT\/index.php\/ciencias-e-ingenieria\/#primaryimage\"},\"thumbnailUrl\":\"https:\/\/blogs.uninter.edu.mx\/ESCAT\/wp-content\/uploads\/2025\/08\/2026-1-CV-Arturo-Espinosa.jpg\",\"datePublished\":\"2020-11-06T00:03:39+00:00\",\"dateModified\":\"2025-10-20T18:42:45+00:00\",\"breadcrumb\":{\"@id\":\"https:\/\/blogs.uninter.edu.mx\/ESCAT\/index.php\/ciencias-e-ingenieria\/#breadcrumb\"},\"inLanguage\":\"es\",\"potentialAction\":[{\"@type\":\"ReadAction\",\"target\":[\"https:\/\/blogs.uninter.edu.mx\/ESCAT\/index.php\/ciencias-e-ingenieria\/\"]}]},{\"@type\":\"ImageObject\",\"inLanguage\":\"es\",\"@id\":\"https:\/\/blogs.uninter.edu.mx\/ESCAT\/index.php\/ciencias-e-ingenieria\/#primaryimage\",\"url\":\"https:\/\/blogs.uninter.edu.mx\/ESCAT\/wp-content\/uploads\/2025\/08\/2026-1-CV-Arturo-Espinosa.jpg\",\"contentUrl\":\"https:\/\/blogs.uninter.edu.mx\/ESCAT\/wp-content\/uploads\/2025\/08\/2026-1-CV-Arturo-Espinosa.jpg\",\"width\":4302,\"height\":3138},{\"@type\":\"BreadcrumbList\",\"@id\":\"https:\/\/blogs.uninter.edu.mx\/ESCAT\/index.php\/ciencias-e-ingenieria\/#breadcrumb\",\"itemListElement\":[{\"@type\":\"ListItem\",\"position\":1,\"name\":\"Inicio\",\"item\":\"https:\/\/blogs.uninter.edu.mx\/ESCAT\/\"},{\"@type\":\"ListItem\",\"position\":2,\"name\":\"Ciencias e Ingenier\u00eda\"}]},{\"@type\":\"WebSite\",\"@id\":\"https:\/\/blogs.uninter.edu.mx\/ESCAT\/#website\",\"url\":\"https:\/\/blogs.uninter.edu.mx\/ESCAT\/\",\"name\":\"Escuela de Ciencias, Artes y Tecnolog\u00eda UNINTER\",\"description\":\"ESCAT\",\"potentialAction\":[{\"@type\":\"SearchAction\",\"target\":{\"@type\":\"EntryPoint\",\"urlTemplate\":\"https:\/\/blogs.uninter.edu.mx\/ESCAT\/?s={search_term_string}\"},\"query-input\":{\"@type\":\"PropertyValueSpecification\",\"valueRequired\":true,\"valueName\":\"search_term_string\"}}],\"inLanguage\":\"es\"}]}<\/script>\r\n<!-- \/ Yoast SEO plugin. -->","yoast_head_json":{"title":"Ciencias e Ingenier\u00eda - Escuela de Ciencias, Artes y Tecnolog\u00eda","robots":{"index":"index","follow":"follow","max-snippet":"max-snippet:-1","max-image-preview":"max-image-preview:large","max-video-preview":"max-video-preview:-1"},"canonical":"https:\/\/blogs.uninter.edu.mx\/ESCAT\/index.php\/ciencias-e-ingenieria\/","og_locale":"es_MX","og_type":"article","og_title":"Ciencias e Ingenier\u00eda - Escuela de Ciencias, Artes y Tecnolog\u00eda","og_description":"Conoce un poco m\u00e1s a los profesores que conforman las Academias de Ciencias e Ingenier\u00eda: Dr. Fernando Enrique Hidalgo Hern\u00e1ndez","og_url":"https:\/\/blogs.uninter.edu.mx\/ESCAT\/index.php\/ciencias-e-ingenieria\/","og_site_name":"Escuela de Ciencias, Artes y Tecnolog\u00eda","article_publisher":"https:\/\/www.facebook.com\/EscatUninter\/","article_modified_time":"2025-10-20T18:42:45+00:00","og_image":[{"url":"https:\/\/blogs.uninter.edu.mx\/ESCAT\/wp-content\/uploads\/2025\/08\/2026-1-CV-Arturo-Espinosa.jpg","width":700,"height":511,"type":"image\/jpeg"}],"twitter_card":"summary_large_image","twitter_site":"@EscatUninter","twitter_misc":{"Tiempo de lectura":"3 minutos"},"schema":{"@context":"https:\/\/schema.org","@graph":[{"@type":"WebPage","@id":"https:\/\/blogs.uninter.edu.mx\/ESCAT\/index.php\/ciencias-e-ingenieria\/","url":"https:\/\/blogs.uninter.edu.mx\/ESCAT\/index.php\/ciencias-e-ingenieria\/","name":"Ciencias e Ingenier\u00eda - Escuela de Ciencias, Artes y Tecnolog\u00eda","isPartOf":{"@id":"https:\/\/blogs.uninter.edu.mx\/ESCAT\/#website"},"primaryImageOfPage":{"@id":"https:\/\/blogs.uninter.edu.mx\/ESCAT\/index.php\/ciencias-e-ingenieria\/#primaryimage"},"image":{"@id":"https:\/\/blogs.uninter.edu.mx\/ESCAT\/index.php\/ciencias-e-ingenieria\/#primaryimage"},"thumbnailUrl":"https:\/\/blogs.uninter.edu.mx\/ESCAT\/wp-content\/uploads\/2025\/08\/2026-1-CV-Arturo-Espinosa.jpg","datePublished":"2020-11-06T00:03:39+00:00","dateModified":"2025-10-20T18:42:45+00:00","breadcrumb":{"@id":"https:\/\/blogs.uninter.edu.mx\/ESCAT\/index.php\/ciencias-e-ingenieria\/#breadcrumb"},"inLanguage":"es","potentialAction":[{"@type":"ReadAction","target":["https:\/\/blogs.uninter.edu.mx\/ESCAT\/index.php\/ciencias-e-ingenieria\/"]}]},{"@type":"ImageObject","inLanguage":"es","@id":"https:\/\/blogs.uninter.edu.mx\/ESCAT\/index.php\/ciencias-e-ingenieria\/#primaryimage","url":"https:\/\/blogs.uninter.edu.mx\/ESCAT\/wp-content\/uploads\/2025\/08\/2026-1-CV-Arturo-Espinosa.jpg","contentUrl":"https:\/\/blogs.uninter.edu.mx\/ESCAT\/wp-content\/uploads\/2025\/08\/2026-1-CV-Arturo-Espinosa.jpg","width":4302,"height":3138},{"@type":"BreadcrumbList","@id":"https:\/\/blogs.uninter.edu.mx\/ESCAT\/index.php\/ciencias-e-ingenieria\/#breadcrumb","itemListElement":[{"@type":"ListItem","position":1,"name":"Inicio","item":"https:\/\/blogs.uninter.edu.mx\/ESCAT\/"},{"@type":"ListItem","position":2,"name":"Ciencias e Ingenier\u00eda"}]},{"@type":"WebSite","@id":"https:\/\/blogs.uninter.edu.mx\/ESCAT\/#website","url":"https:\/\/blogs.uninter.edu.mx\/ESCAT\/","name":"Escuela de Ciencias, Artes y Tecnolog\u00eda UNINTER","description":"ESCAT","potentialAction":[{"@type":"SearchAction","target":{"@type":"EntryPoint","urlTemplate":"https:\/\/blogs.uninter.edu.mx\/ESCAT\/?s={search_term_string}"},"query-input":{"@type":"PropertyValueSpecification","valueRequired":true,"valueName":"search_term_string"}}],"inLanguage":"es"}]}},"jetpack_sharing_enabled":true,"_links":{"self":[{"href":"https:\/\/blogs.uninter.edu.mx\/ESCAT\/index.php\/wp-json\/wp\/v2\/pages\/40891","targetHints":{"allow":["GET"]}}],"collection":[{"href":"https:\/\/blogs.uninter.edu.mx\/ESCAT\/index.php\/wp-json\/wp\/v2\/pages"}],"about":[{"href":"https:\/\/blogs.uninter.edu.mx\/ESCAT\/index.php\/wp-json\/wp\/v2\/types\/page"}],"author":[{"embeddable":true,"href":"https:\/\/blogs.uninter.edu.mx\/ESCAT\/index.php\/wp-json\/wp\/v2\/users\/22"}],"replies":[{"embeddable":true,"href":"https:\/\/blogs.uninter.edu.mx\/ESCAT\/index.php\/wp-json\/wp\/v2\/comments?post=40891"}],"version-history":[{"count":57,"href":"https:\/\/blogs.uninter.edu.mx\/ESCAT\/index.php\/wp-json\/wp\/v2\/pages\/40891\/revisions"}],"predecessor-version":[{"id":77570,"href":"https:\/\/blogs.uninter.edu.mx\/ESCAT\/index.php\/wp-json\/wp\/v2\/pages\/40891\/revisions\/77570"}],"wp:attachment":[{"href":"https:\/\/blogs.uninter.edu.mx\/ESCAT\/index.php\/wp-json\/wp\/v2\/media?parent=40891"}],"curies":[{"name":"wp","href":"https:\/\/api.w.org\/{rel}","templated":true}]}}