{"id":41109,"date":"2020-11-20T14:08:05","date_gmt":"2020-11-20T20:08:05","guid":{"rendered":"https:\/\/blogs.uninter.edu.mx\/ESCAT\/?page_id=41109"},"modified":"2020-11-28T11:01:38","modified_gmt":"2020-11-28T17:01:38","slug":"feriaudi20-que-es","status":"publish","type":"page","link":"https:\/\/blogs.uninter.edu.mx\/ESCAT\/index.php\/feriaudi20-que-es\/","title":{"rendered":"#FeriaUDI20"},"content":{"rendered":"\n<div class=\"wp-block-image\"><figure class=\"aligncenter size-large is-resized\"><img loading=\"lazy\" decoding=\"async\" src=\"https:\/\/blogs.uninter.edu.mx\/ESCAT\/wp-content\/uploads\/2020\/11\/Portada-blog-1024x650.jpg\" alt=\"\" class=\"wp-image-41116\" width=\"455\" height=\"289\" srcset=\"https:\/\/blogs.uninter.edu.mx\/ESCAT\/wp-content\/uploads\/2020\/11\/Portada-blog-1024x650.jpg 1024w, https:\/\/blogs.uninter.edu.mx\/ESCAT\/wp-content\/uploads\/2020\/11\/Portada-blog-300x190.jpg 300w, https:\/\/blogs.uninter.edu.mx\/ESCAT\/wp-content\/uploads\/2020\/11\/Portada-blog-768x487.jpg 768w, https:\/\/blogs.uninter.edu.mx\/ESCAT\/wp-content\/uploads\/2020\/11\/Portada-blog.jpg 1180w\" sizes=\"auto, (max-width: 455px) 100vw, 455px\" \/><\/figure><\/div>\n\n\n\n<p>La Feria Uninter de Dise\u00f1o e Ingenier\u00eda 2020 es un evento institucional de la Universidad Internacional que se realiza anualmente y en \u00e9l se llevan a cabo conferencias, talleres, pasarela de modas, exposiciones de dise\u00f1o y presentaciones de proyectos de ingenier\u00eda.<\/p>\n\n\n\n<p>Dichas actividades est\u00e1n dirigidas a estudiantes de las carreras:<\/p>\n\n\n\n<ul class=\"wp-block-list\"><li><a href=\"https:\/\/universidad.uninter.edu.mx\/carreras\/IME\">Ingenier\u00eda Mecatr\u00f3nica<\/a><\/li><li><a href=\"https:\/\/universidad.uninter.edu.mx\/carreras\/IMI\">Ingenier\u00eda Mec\u00e1nica Industrial<\/a><\/li><li><a href=\"https:\/\/universidad.uninter.edu.mx\/carreras\/IISCA\">Ingenier\u00eda Industrial y de Sistemas de Calidad<\/a><\/li><li><a href=\"https:\/\/universidad.uninter.edu.mx\/carreras\/ISC\">Ingenier\u00eda en Sistemas Computacionales<\/a><\/li><li><a href=\"https:\/\/universidad.uninter.edu.mx\/carreras\/IAM\">Ingenier\u00eda Ambiental<\/a><\/li><li><a href=\"https:\/\/universidad.uninter.edu.mx\/carreras\/LDM\">Dise\u00f1o de Modas y Tendencias Internacionales<\/a><\/li><li><a href=\"https:\/\/universidad.uninter.edu.mx\/carreras\/LDI\">Dise\u00f1o Industrial<\/a><\/li><li><a href=\"https:\/\/universidad.uninter.edu.mx\/carreras\/LDG\">Dise\u00f1o Gr\u00e1fico<\/a><\/li><li><a href=\"https:\/\/universidad.uninter.edu.mx\/carreras\/LADD\">Animaci\u00f3n y Dise\u00f1o Digital<\/a><\/li><\/ul>\n\n\n\n<p>La FeriaUDI20 tiene como objetivo el motivar y ampliar temas de inter\u00e9s de los estudiantes y docentes, logrando orientar el papel de los universitarios en esta profunda transformaci\u00f3n en los empleos, productos, servicios, la industria y la educaci\u00f3n.<\/p>\n\n\n\n<p>\u00a1\u00a1No te la pierdas!!&nbsp;<a href=\"https:\/\/www.facebook.com\/escatuninter\">#FeriaUDI20<\/a>&nbsp;y fortalece tu aprendizaje, en esta ocasi\u00f3n completamente en l\u00ednea.<\/p>\n\n\n\n<p class=\"has-text-align-right\"><a href=\"https:\/\/fb.me\/e\/1LpSqCOLi\">M\u00e1s informaci\u00f3n sobre la Feria de Dise\u00f1o e Ingenier\u00eda 2020\u2026<\/a><\/p>\n\n\n\n<p class=\"has-text-align-right\"><a href=\"https:\/\/blogs.uninter.edu.mx\/ESCAT\/\">M\u00e1s sobre la ESCAT\u2026<\/a><\/p>\n\n\n\n<figure class=\"wp-block-image\"><a href=\"https:\/\/uninter.edu.mx\/\"><img loading=\"lazy\" decoding=\"async\" width=\"1024\" height=\"154\" src=\"https:\/\/blogs.uninter.edu.mx\/ESCAT\/wp-content\/uploads\/2019\/10\/4-1024x154-1-1024x154-1024x154.png\" alt=\"Universidad Internacional\" class=\"wp-image-33610\" srcset=\"https:\/\/blogs.uninter.edu.mx\/ESCAT\/wp-content\/uploads\/2019\/10\/4-1024x154-1-1024x154.png 1024w, https:\/\/blogs.uninter.edu.mx\/ESCAT\/wp-content\/uploads\/2019\/10\/4-1024x154-1-1024x154-300x45.png 300w, https:\/\/blogs.uninter.edu.mx\/ESCAT\/wp-content\/uploads\/2019\/10\/4-1024x154-1-1024x154-768x116.png 768w\" sizes=\"auto, (max-width: 1024px) 100vw, 1024px\" \/><\/a><\/figure>\n","protected":false},"excerpt":{"rendered":"<p>La Feria Uninter de Dise\u00f1o e Ingenier\u00eda 2020 es un evento institucional de la Universidad Internacional que se realiza anualmente y en \u00e9l se llevan a cabo conferencias, talleres, pasarela de modas, exposiciones de dise\u00f1o y presentaciones de proyectos de ingenier\u00eda. Dichas actividades est\u00e1n dirigidas a estudiantes de las carreras: Ingenier\u00eda Mecatr\u00f3nica Ingenier\u00eda Mec\u00e1nica Industrial&hellip;<\/p>\n","protected":false},"author":22,"featured_media":0,"parent":0,"menu_order":0,"comment_status":"closed","ping_status":"closed","template":"","meta":{"footnotes":""},"class_list":["post-41109","page","type-page","status-publish","hentry"],"yoast_head":"<!-- This site is optimized with the Yoast SEO plugin v26.8 - https:\/\/yoast.com\/product\/yoast-seo-wordpress\/ -->\r\n<title>#FeriaUDI20 - Escuela de Ciencias, Artes y Tecnolog\u00eda<\/title>\r\n<meta name=\"robots\" content=\"index, follow, max-snippet:-1, max-image-preview:large, max-video-preview:-1\" \/>\r\n<link rel=\"canonical\" href=\"https:\/\/blogs.uninter.edu.mx\/ESCAT\/index.php\/feriaudi20-que-es\/\" \/>\r\n<meta property=\"og:locale\" content=\"es_MX\" \/>\r\n<meta property=\"og:type\" content=\"article\" \/>\r\n<meta property=\"og:title\" content=\"#FeriaUDI20 - Escuela de Ciencias, Artes y Tecnolog\u00eda\" \/>\r\n<meta property=\"og:description\" content=\"La Feria Uninter de Dise\u00f1o e Ingenier\u00eda 2020 es un evento institucional de la Universidad Internacional que se realiza anualmente y en \u00e9l se llevan a cabo conferencias, talleres, pasarela de modas, exposiciones de dise\u00f1o y presentaciones de proyectos de ingenier\u00eda. Dichas actividades est\u00e1n dirigidas a estudiantes de las carreras: Ingenier\u00eda Mecatr\u00f3nica Ingenier\u00eda Mec\u00e1nica Industrial&hellip;\" \/>\r\n<meta property=\"og:url\" content=\"https:\/\/blogs.uninter.edu.mx\/ESCAT\/index.php\/feriaudi20-que-es\/\" \/>\r\n<meta property=\"og:site_name\" content=\"Escuela de Ciencias, Artes y Tecnolog\u00eda\" \/>\r\n<meta property=\"article:publisher\" content=\"https:\/\/www.facebook.com\/EscatUninter\/\" \/>\r\n<meta property=\"article:modified_time\" content=\"2020-11-28T17:01:38+00:00\" \/>\r\n<meta property=\"og:image\" content=\"https:\/\/blogs.uninter.edu.mx\/ESCAT\/wp-content\/uploads\/2020\/11\/Portada-blog-1024x650.jpg\" \/>\r\n<meta name=\"twitter:card\" content=\"summary_large_image\" \/>\r\n<meta name=\"twitter:site\" content=\"@EscatUninter\" \/>\r\n<meta name=\"twitter:label1\" content=\"Tiempo de lectura\" \/>\n\t<meta name=\"twitter:data1\" content=\"1 minuto\" \/>\r\n<script type=\"application\/ld+json\" class=\"yoast-schema-graph\">{\"@context\":\"https:\/\/schema.org\",\"@graph\":[{\"@type\":\"WebPage\",\"@id\":\"https:\/\/blogs.uninter.edu.mx\/ESCAT\/index.php\/feriaudi20-que-es\/\",\"url\":\"https:\/\/blogs.uninter.edu.mx\/ESCAT\/index.php\/feriaudi20-que-es\/\",\"name\":\"#FeriaUDI20 - Escuela de Ciencias, Artes y Tecnolog\u00eda\",\"isPartOf\":{\"@id\":\"https:\/\/blogs.uninter.edu.mx\/ESCAT\/#website\"},\"primaryImageOfPage\":{\"@id\":\"https:\/\/blogs.uninter.edu.mx\/ESCAT\/index.php\/feriaudi20-que-es\/#primaryimage\"},\"image\":{\"@id\":\"https:\/\/blogs.uninter.edu.mx\/ESCAT\/index.php\/feriaudi20-que-es\/#primaryimage\"},\"thumbnailUrl\":\"https:\/\/blogs.uninter.edu.mx\/ESCAT\/wp-content\/uploads\/2020\/11\/Portada-blog-1024x650.jpg\",\"datePublished\":\"2020-11-20T20:08:05+00:00\",\"dateModified\":\"2020-11-28T17:01:38+00:00\",\"breadcrumb\":{\"@id\":\"https:\/\/blogs.uninter.edu.mx\/ESCAT\/index.php\/feriaudi20-que-es\/#breadcrumb\"},\"inLanguage\":\"es\",\"potentialAction\":[{\"@type\":\"ReadAction\",\"target\":[\"https:\/\/blogs.uninter.edu.mx\/ESCAT\/index.php\/feriaudi20-que-es\/\"]}]},{\"@type\":\"ImageObject\",\"inLanguage\":\"es\",\"@id\":\"https:\/\/blogs.uninter.edu.mx\/ESCAT\/index.php\/feriaudi20-que-es\/#primaryimage\",\"url\":\"https:\/\/blogs.uninter.edu.mx\/ESCAT\/wp-content\/uploads\/2020\/11\/Portada-blog.jpg\",\"contentUrl\":\"https:\/\/blogs.uninter.edu.mx\/ESCAT\/wp-content\/uploads\/2020\/11\/Portada-blog.jpg\",\"width\":1180,\"height\":749},{\"@type\":\"BreadcrumbList\",\"@id\":\"https:\/\/blogs.uninter.edu.mx\/ESCAT\/index.php\/feriaudi20-que-es\/#breadcrumb\",\"itemListElement\":[{\"@type\":\"ListItem\",\"position\":1,\"name\":\"Inicio\",\"item\":\"https:\/\/blogs.uninter.edu.mx\/ESCAT\/\"},{\"@type\":\"ListItem\",\"position\":2,\"name\":\"#FeriaUDI20\"}]},{\"@type\":\"WebSite\",\"@id\":\"https:\/\/blogs.uninter.edu.mx\/ESCAT\/#website\",\"url\":\"https:\/\/blogs.uninter.edu.mx\/ESCAT\/\",\"name\":\"Escuela de Ciencias, Artes y Tecnolog\u00eda UNINTER\",\"description\":\"ESCAT\",\"potentialAction\":[{\"@type\":\"SearchAction\",\"target\":{\"@type\":\"EntryPoint\",\"urlTemplate\":\"https:\/\/blogs.uninter.edu.mx\/ESCAT\/?s={search_term_string}\"},\"query-input\":{\"@type\":\"PropertyValueSpecification\",\"valueRequired\":true,\"valueName\":\"search_term_string\"}}],\"inLanguage\":\"es\"}]}<\/script>\r\n<!-- \/ Yoast SEO plugin. -->","yoast_head_json":{"title":"#FeriaUDI20 - Escuela de Ciencias, Artes y Tecnolog\u00eda","robots":{"index":"index","follow":"follow","max-snippet":"max-snippet:-1","max-image-preview":"max-image-preview:large","max-video-preview":"max-video-preview:-1"},"canonical":"https:\/\/blogs.uninter.edu.mx\/ESCAT\/index.php\/feriaudi20-que-es\/","og_locale":"es_MX","og_type":"article","og_title":"#FeriaUDI20 - Escuela de Ciencias, Artes y Tecnolog\u00eda","og_description":"La Feria Uninter de Dise\u00f1o e Ingenier\u00eda 2020 es un evento institucional de la Universidad Internacional que se realiza anualmente y en \u00e9l se llevan a cabo conferencias, talleres, pasarela de modas, exposiciones de dise\u00f1o y presentaciones de proyectos de ingenier\u00eda. Dichas actividades est\u00e1n dirigidas a estudiantes de las carreras: Ingenier\u00eda Mecatr\u00f3nica Ingenier\u00eda Mec\u00e1nica Industrial&hellip;","og_url":"https:\/\/blogs.uninter.edu.mx\/ESCAT\/index.php\/feriaudi20-que-es\/","og_site_name":"Escuela de Ciencias, Artes y Tecnolog\u00eda","article_publisher":"https:\/\/www.facebook.com\/EscatUninter\/","article_modified_time":"2020-11-28T17:01:38+00:00","og_image":[{"url":"https:\/\/blogs.uninter.edu.mx\/ESCAT\/wp-content\/uploads\/2020\/11\/Portada-blog-1024x650.jpg","type":"","width":"","height":""}],"twitter_card":"summary_large_image","twitter_site":"@EscatUninter","twitter_misc":{"Tiempo de lectura":"1 minuto"},"schema":{"@context":"https:\/\/schema.org","@graph":[{"@type":"WebPage","@id":"https:\/\/blogs.uninter.edu.mx\/ESCAT\/index.php\/feriaudi20-que-es\/","url":"https:\/\/blogs.uninter.edu.mx\/ESCAT\/index.php\/feriaudi20-que-es\/","name":"#FeriaUDI20 - Escuela de Ciencias, Artes y Tecnolog\u00eda","isPartOf":{"@id":"https:\/\/blogs.uninter.edu.mx\/ESCAT\/#website"},"primaryImageOfPage":{"@id":"https:\/\/blogs.uninter.edu.mx\/ESCAT\/index.php\/feriaudi20-que-es\/#primaryimage"},"image":{"@id":"https:\/\/blogs.uninter.edu.mx\/ESCAT\/index.php\/feriaudi20-que-es\/#primaryimage"},"thumbnailUrl":"https:\/\/blogs.uninter.edu.mx\/ESCAT\/wp-content\/uploads\/2020\/11\/Portada-blog-1024x650.jpg","datePublished":"2020-11-20T20:08:05+00:00","dateModified":"2020-11-28T17:01:38+00:00","breadcrumb":{"@id":"https:\/\/blogs.uninter.edu.mx\/ESCAT\/index.php\/feriaudi20-que-es\/#breadcrumb"},"inLanguage":"es","potentialAction":[{"@type":"ReadAction","target":["https:\/\/blogs.uninter.edu.mx\/ESCAT\/index.php\/feriaudi20-que-es\/"]}]},{"@type":"ImageObject","inLanguage":"es","@id":"https:\/\/blogs.uninter.edu.mx\/ESCAT\/index.php\/feriaudi20-que-es\/#primaryimage","url":"https:\/\/blogs.uninter.edu.mx\/ESCAT\/wp-content\/uploads\/2020\/11\/Portada-blog.jpg","contentUrl":"https:\/\/blogs.uninter.edu.mx\/ESCAT\/wp-content\/uploads\/2020\/11\/Portada-blog.jpg","width":1180,"height":749},{"@type":"BreadcrumbList","@id":"https:\/\/blogs.uninter.edu.mx\/ESCAT\/index.php\/feriaudi20-que-es\/#breadcrumb","itemListElement":[{"@type":"ListItem","position":1,"name":"Inicio","item":"https:\/\/blogs.uninter.edu.mx\/ESCAT\/"},{"@type":"ListItem","position":2,"name":"#FeriaUDI20"}]},{"@type":"WebSite","@id":"https:\/\/blogs.uninter.edu.mx\/ESCAT\/#website","url":"https:\/\/blogs.uninter.edu.mx\/ESCAT\/","name":"Escuela de Ciencias, Artes y Tecnolog\u00eda UNINTER","description":"ESCAT","potentialAction":[{"@type":"SearchAction","target":{"@type":"EntryPoint","urlTemplate":"https:\/\/blogs.uninter.edu.mx\/ESCAT\/?s={search_term_string}"},"query-input":{"@type":"PropertyValueSpecification","valueRequired":true,"valueName":"search_term_string"}}],"inLanguage":"es"}]}},"jetpack_sharing_enabled":true,"_links":{"self":[{"href":"https:\/\/blogs.uninter.edu.mx\/ESCAT\/index.php\/wp-json\/wp\/v2\/pages\/41109","targetHints":{"allow":["GET"]}}],"collection":[{"href":"https:\/\/blogs.uninter.edu.mx\/ESCAT\/index.php\/wp-json\/wp\/v2\/pages"}],"about":[{"href":"https:\/\/blogs.uninter.edu.mx\/ESCAT\/index.php\/wp-json\/wp\/v2\/types\/page"}],"author":[{"embeddable":true,"href":"https:\/\/blogs.uninter.edu.mx\/ESCAT\/index.php\/wp-json\/wp\/v2\/users\/22"}],"replies":[{"embeddable":true,"href":"https:\/\/blogs.uninter.edu.mx\/ESCAT\/index.php\/wp-json\/wp\/v2\/comments?post=41109"}],"version-history":[{"count":6,"href":"https:\/\/blogs.uninter.edu.mx\/ESCAT\/index.php\/wp-json\/wp\/v2\/pages\/41109\/revisions"}],"predecessor-version":[{"id":41445,"href":"https:\/\/blogs.uninter.edu.mx\/ESCAT\/index.php\/wp-json\/wp\/v2\/pages\/41109\/revisions\/41445"}],"wp:attachment":[{"href":"https:\/\/blogs.uninter.edu.mx\/ESCAT\/index.php\/wp-json\/wp\/v2\/media?parent=41109"}],"curies":[{"name":"wp","href":"https:\/\/api.w.org\/{rel}","templated":true}]}}