{"id":46731,"date":"2021-11-18T15:34:44","date_gmt":"2021-11-18T21:34:44","guid":{"rendered":"https:\/\/blogs.uninter.edu.mx\/ESCAT\/?page_id=46731"},"modified":"2021-11-24T11:22:25","modified_gmt":"2021-11-24T17:22:25","slug":"feriaudi21-certificaciones","status":"publish","type":"page","link":"https:\/\/blogs.uninter.edu.mx\/ESCAT\/index.php\/feriaudi21-certificaciones\/","title":{"rendered":"#FeriaUDI21 Certificaciones"},"content":{"rendered":"\n<p>Si obtuviste alguna de estas certificaciones, no olvides conectarte y recibir tu certificado (virtual).<\/p>\n\n\n\n<div class=\"wp-block-image\"><figure class=\"aligncenter size-full\"><img loading=\"lazy\" decoding=\"async\" width=\"1080\" height=\"1080\" src=\"https:\/\/blogs.uninter.edu.mx\/ESCAT\/wp-content\/uploads\/2021\/11\/Entrega-de-certificados-3.jpg\" alt=\"\" class=\"wp-image-46940\"\/><\/figure><\/div>\n\n\n\n<div class=\"wp-block-image\"><figure class=\"alignleft is-resized\"><img loading=\"lazy\" decoding=\"async\" src=\"https:\/\/scontent.fmex31-1.fna.fbcdn.net\/v\/t1.6435-9\/82394523_1474872512662476_5761687074121973760_n.jpg?_nc_cat=111&amp;ccb=1-5&amp;_nc_sid=cdbe9c&amp;_nc_eui2=AeG2JOjzPB1kjpTd_oZig-_jbXnkGOA5Ef1teeQY4DkR_d-sK9vU5sL2k8c5AZDYx80KcTNUaYlPV4ff-M1DzJxM&amp;_nc_ohc=0djPMZsrB3MAX9tEOIX&amp;_nc_ht=scontent.fmex31-1.fna&amp;oh=94dc57c3c9e578ea8b40bd7ffc452e92&amp;oe=61C0DBD5\" alt=\"No hay ninguna descripci\u00f3n de la foto disponible.\" width=\"362\" height=\"257\"\/><\/figure><\/div>\n\n\n\n<figure class=\"wp-block-image is-resized\"><img loading=\"lazy\" decoding=\"async\" src=\"https:\/\/scontent.fmex31-1.fna.fbcdn.net\/v\/t1.6435-9\/81346214_1474872285995832_8413667532149358592_n.jpg?_nc_cat=104&amp;ccb=1-5&amp;_nc_sid=cdbe9c&amp;_nc_eui2=AeHtKc-vIQlI5Z2tlF-ETgszW_Vcdo1k4jlb9Vx2jWTiOdAlT2aFWXuUHYmIb8sGBdMpYcG_rZqqIBideCbG9wJ3&amp;_nc_ohc=fgLc-D8E_AAAX-flLTJ&amp;_nc_ht=scontent.fmex31-1.fna&amp;oh=140588faa747ad764c3bd242bbf022a9&amp;oe=61C3D504\" alt=\"No hay ninguna descripci\u00f3n de la foto disponible.\" width=\"315\" height=\"239\"\/><\/figure>\n\n\n\n<p><\/p>\n\n\n\n<div class=\"wp-block-image\"><figure class=\"alignleft is-resized\"><img loading=\"lazy\" decoding=\"async\" src=\"https:\/\/scontent.fmex31-1.fna.fbcdn.net\/v\/t1.6435-9\/81078956_1474870825995978_6974727031267262464_n.jpg?_nc_cat=105&amp;ccb=1-5&amp;_nc_sid=cdbe9c&amp;_nc_eui2=AeE5lFq4elgMjOkBRISt7HZy00MSbkoNo-HTQxJuSg2j4Uki18Xeqs3kqDoFMnR4FtZmjW9OpyNxhLRF-pEkk4OG&amp;_nc_ohc=eLZlkPq44EUAX81vF7p&amp;_nc_ht=scontent.fmex31-1.fna&amp;oh=7afd4f2ebc5392e063e97b69718f0e6a&amp;oe=61C1B2EE\" alt=\"No hay ninguna descripci\u00f3n de la foto disponible.\" width=\"330\" height=\"209\"\/><\/figure><\/div>\n\n\n\n<figure class=\"wp-block-image is-resized\"><img loading=\"lazy\" decoding=\"async\" src=\"https:\/\/scontent.fmex31-1.fna.fbcdn.net\/v\/t1.6435-9\/81540757_1474870989329295_5032084641494859776_n.jpg?_nc_cat=107&amp;ccb=1-5&amp;_nc_sid=cdbe9c&amp;_nc_eui2=AeH2hO5BJv-0nnZNpqIPKF9tXXlm0MavXCddeWbQxq9cJxFexIYQTkKsXgPzs5LV46fIurMaIlhOEZmpDOxKXUqr&amp;_nc_ohc=KhoXnq1HZ2UAX8ni0yA&amp;_nc_ht=scontent.fmex31-1.fna&amp;oh=26463a39d79cf88b3031d10d523f31a2&amp;oe=61C114A7\" alt=\"Puede ser una imagen de texto que dice &quot;ESCAT UNINTER&quot;\" width=\"304\" height=\"191\"\/><\/figure>\n\n\n\n<p><\/p>\n\n\n\n<p><\/p>\n\n\n\n<figure class=\"wp-block-image size-full\"><img loading=\"lazy\" decoding=\"async\" width=\"1360\" height=\"768\" src=\"https:\/\/blogs.uninter.edu.mx\/ESCAT\/wp-content\/uploads\/2021\/11\/image-3.png\" alt=\"\" class=\"wp-image-46883\"\/><\/figure>\n\n\n\n<figure class=\"wp-block-image size-full\"><img loading=\"lazy\" decoding=\"async\" width=\"1360\" height=\"768\" src=\"https:\/\/blogs.uninter.edu.mx\/ESCAT\/wp-content\/uploads\/2021\/11\/image-5.png\" alt=\"\" class=\"wp-image-46886\"\/><\/figure>\n\n\n\n<div class=\"wp-block-image\"><figure class=\"alignleft is-resized\"><img loading=\"lazy\" decoding=\"async\" src=\"https:\/\/scontent.fmex31-1.fna.fbcdn.net\/v\/t1.6435-9\/81294557_1474874845995576_3034173096434073600_n.jpg?_nc_cat=104&amp;ccb=1-5&amp;_nc_sid=cdbe9c&amp;_nc_eui2=AeHcGc16iSc3nndT5qGFMv9Awlp6rV6eHTXCWnqtXp4dNSAGEl37do4Zp3z4XachEkgfXOT_znkRim04zRvV44zb&amp;_nc_ohc=A5LfFVBXe_AAX9-ToWK&amp;_nc_ht=scontent.fmex31-1.fna&amp;oh=e5919ec53d58f89390ee1873abfbb5df&amp;oe=61C453BF\" alt=\"No hay ninguna descripci\u00f3n de la foto disponible.\" width=\"380\" height=\"252\"\/><\/figure><\/div>\n\n\n\n<div class=\"wp-block-image\"><figure class=\"alignleft is-resized\"><img loading=\"lazy\" decoding=\"async\" src=\"https:\/\/scontent.fmex31-1.fna.fbcdn.net\/v\/t1.6435-9\/81223000_1474873562662371_6805425948809232384_n.jpg?_nc_cat=107&amp;ccb=1-5&amp;_nc_sid=cdbe9c&amp;_nc_eui2=AeFoOJlQT0PouPUtuocQ5ahThlZlxnd-H7uGVmXGd34fu68PE6QjG9byV5JbuLTjxU8aKipMHD-Gg2ze8RZkWdRf&amp;_nc_ohc=Dj1HMWClp90AX_frTS6&amp;_nc_ht=scontent.fmex31-1.fna&amp;oh=fef289850b10d695ce27434116f43fad&amp;oe=61C4DCA5\" alt=\"No hay ninguna descripci\u00f3n de la foto disponible.\" width=\"291\" height=\"281\"\/><\/figure><\/div>\n\n\n\n<p><\/p>\n\n\n\n<p><\/p>\n\n\n\n<p><\/p>\n\n\n\n<p><\/p>\n\n\n\n<p><\/p>\n\n\n\n<p><\/p>\n\n\n\n<p><\/p>\n\n\n\n<p><\/p>\n\n\n\n<p class=\"has-text-align-right\"><a href=\"https:\/\/fb.me\/e\/1LWx1sYQa\">M\u00e1s informaci\u00f3n sobre la Feria de Dise\u00f1o e Ingenier\u00eda 2021\u2026<\/a><\/p>\n\n\n\n<p class=\"has-text-align-right\"><a href=\"https:\/\/blogs.uninter.edu.mx\/ESCAT\/\">M\u00e1s sobre la ESCAT\u2026<\/a><\/p>\n\n\n\n<figure class=\"wp-block-image\"><a href=\"https:\/\/uninter.edu.mx\/\"><img loading=\"lazy\" decoding=\"async\" width=\"1024\" height=\"154\" src=\"https:\/\/blogs.uninter.edu.mx\/ESCAT\/wp-content\/uploads\/2019\/10\/4-1024x154-1-1024x154-1024x154.png\" alt=\"Universidad Internacional\" class=\"wp-image-33610\" srcset=\"https:\/\/blogs.uninter.edu.mx\/ESCAT\/wp-content\/uploads\/2019\/10\/4-1024x154-1-1024x154.png 1024w, https:\/\/blogs.uninter.edu.mx\/ESCAT\/wp-content\/uploads\/2019\/10\/4-1024x154-1-1024x154-300x45.png 300w, https:\/\/blogs.uninter.edu.mx\/ESCAT\/wp-content\/uploads\/2019\/10\/4-1024x154-1-1024x154-768x116.png 768w\" sizes=\"auto, (max-width: 1024px) 100vw, 1024px\" \/><\/a><\/figure>\n","protected":false},"excerpt":{"rendered":"<p>Si obtuviste alguna de estas certificaciones, no olvides conectarte y recibir tu certificado (virtual). M\u00e1s informaci\u00f3n sobre la Feria de Dise\u00f1o e Ingenier\u00eda 2021\u2026 M\u00e1s sobre la ESCAT\u2026<\/p>\n","protected":false},"author":22,"featured_media":0,"parent":0,"menu_order":0,"comment_status":"closed","ping_status":"closed","template":"","meta":{"footnotes":""},"class_list":["post-46731","page","type-page","status-publish","hentry"],"yoast_head":"<!-- This site is optimized with the Yoast SEO plugin v26.8 - https:\/\/yoast.com\/product\/yoast-seo-wordpress\/ -->\r\n<title>#FeriaUDI21 Certificaciones - Escuela de Ciencias, Artes y Tecnolog\u00eda<\/title>\r\n<meta name=\"robots\" content=\"index, follow, max-snippet:-1, max-image-preview:large, max-video-preview:-1\" \/>\r\n<link rel=\"canonical\" href=\"https:\/\/blogs.uninter.edu.mx\/ESCAT\/index.php\/feriaudi21-certificaciones\/\" \/>\r\n<meta property=\"og:locale\" content=\"es_MX\" \/>\r\n<meta property=\"og:type\" content=\"article\" \/>\r\n<meta property=\"og:title\" content=\"#FeriaUDI21 Certificaciones - Escuela de Ciencias, Artes y Tecnolog\u00eda\" \/>\r\n<meta property=\"og:description\" content=\"Si obtuviste alguna de estas certificaciones, no olvides conectarte y recibir tu certificado (virtual). M\u00e1s informaci\u00f3n sobre la Feria de Dise\u00f1o e Ingenier\u00eda 2021\u2026 M\u00e1s sobre la ESCAT\u2026\" \/>\r\n<meta property=\"og:url\" content=\"https:\/\/blogs.uninter.edu.mx\/ESCAT\/index.php\/feriaudi21-certificaciones\/\" \/>\r\n<meta property=\"og:site_name\" content=\"Escuela de Ciencias, Artes y Tecnolog\u00eda\" \/>\r\n<meta property=\"article:publisher\" content=\"https:\/\/www.facebook.com\/EscatUninter\/\" \/>\r\n<meta property=\"article:modified_time\" content=\"2021-11-24T17:22:25+00:00\" \/>\r\n<meta property=\"og:image\" content=\"https:\/\/blogs.uninter.edu.mx\/ESCAT\/wp-content\/uploads\/2021\/11\/Entrega-de-certificados-3.jpg\" \/>\r\n<meta name=\"twitter:card\" content=\"summary_large_image\" \/>\r\n<meta name=\"twitter:site\" content=\"@EscatUninter\" \/>\r\n<meta name=\"twitter:label1\" content=\"Tiempo de lectura\" \/>\n\t<meta name=\"twitter:data1\" content=\"3 minutos\" \/>\r\n<script type=\"application\/ld+json\" class=\"yoast-schema-graph\">{\"@context\":\"https:\/\/schema.org\",\"@graph\":[{\"@type\":\"WebPage\",\"@id\":\"https:\/\/blogs.uninter.edu.mx\/ESCAT\/index.php\/feriaudi21-certificaciones\/\",\"url\":\"https:\/\/blogs.uninter.edu.mx\/ESCAT\/index.php\/feriaudi21-certificaciones\/\",\"name\":\"#FeriaUDI21 Certificaciones - Escuela de Ciencias, Artes y Tecnolog\u00eda\",\"isPartOf\":{\"@id\":\"https:\/\/blogs.uninter.edu.mx\/ESCAT\/#website\"},\"primaryImageOfPage\":{\"@id\":\"https:\/\/blogs.uninter.edu.mx\/ESCAT\/index.php\/feriaudi21-certificaciones\/#primaryimage\"},\"image\":{\"@id\":\"https:\/\/blogs.uninter.edu.mx\/ESCAT\/index.php\/feriaudi21-certificaciones\/#primaryimage\"},\"thumbnailUrl\":\"https:\/\/blogs.uninter.edu.mx\/ESCAT\/wp-content\/uploads\/2021\/11\/Entrega-de-certificados-3.jpg\",\"datePublished\":\"2021-11-18T21:34:44+00:00\",\"dateModified\":\"2021-11-24T17:22:25+00:00\",\"breadcrumb\":{\"@id\":\"https:\/\/blogs.uninter.edu.mx\/ESCAT\/index.php\/feriaudi21-certificaciones\/#breadcrumb\"},\"inLanguage\":\"es\",\"potentialAction\":[{\"@type\":\"ReadAction\",\"target\":[\"https:\/\/blogs.uninter.edu.mx\/ESCAT\/index.php\/feriaudi21-certificaciones\/\"]}]},{\"@type\":\"ImageObject\",\"inLanguage\":\"es\",\"@id\":\"https:\/\/blogs.uninter.edu.mx\/ESCAT\/index.php\/feriaudi21-certificaciones\/#primaryimage\",\"url\":\"https:\/\/blogs.uninter.edu.mx\/ESCAT\/wp-content\/uploads\/2021\/11\/Entrega-de-certificados-3.jpg\",\"contentUrl\":\"https:\/\/blogs.uninter.edu.mx\/ESCAT\/wp-content\/uploads\/2021\/11\/Entrega-de-certificados-3.jpg\",\"width\":1080,\"height\":1080},{\"@type\":\"BreadcrumbList\",\"@id\":\"https:\/\/blogs.uninter.edu.mx\/ESCAT\/index.php\/feriaudi21-certificaciones\/#breadcrumb\",\"itemListElement\":[{\"@type\":\"ListItem\",\"position\":1,\"name\":\"Inicio\",\"item\":\"https:\/\/blogs.uninter.edu.mx\/ESCAT\/\"},{\"@type\":\"ListItem\",\"position\":2,\"name\":\"#FeriaUDI21 Certificaciones\"}]},{\"@type\":\"WebSite\",\"@id\":\"https:\/\/blogs.uninter.edu.mx\/ESCAT\/#website\",\"url\":\"https:\/\/blogs.uninter.edu.mx\/ESCAT\/\",\"name\":\"Escuela de Ciencias, Artes y Tecnolog\u00eda UNINTER\",\"description\":\"ESCAT\",\"potentialAction\":[{\"@type\":\"SearchAction\",\"target\":{\"@type\":\"EntryPoint\",\"urlTemplate\":\"https:\/\/blogs.uninter.edu.mx\/ESCAT\/?s={search_term_string}\"},\"query-input\":{\"@type\":\"PropertyValueSpecification\",\"valueRequired\":true,\"valueName\":\"search_term_string\"}}],\"inLanguage\":\"es\"}]}<\/script>\r\n<!-- \/ Yoast SEO plugin. -->","yoast_head_json":{"title":"#FeriaUDI21 Certificaciones - Escuela de Ciencias, Artes y Tecnolog\u00eda","robots":{"index":"index","follow":"follow","max-snippet":"max-snippet:-1","max-image-preview":"max-image-preview:large","max-video-preview":"max-video-preview:-1"},"canonical":"https:\/\/blogs.uninter.edu.mx\/ESCAT\/index.php\/feriaudi21-certificaciones\/","og_locale":"es_MX","og_type":"article","og_title":"#FeriaUDI21 Certificaciones - Escuela de Ciencias, Artes y Tecnolog\u00eda","og_description":"Si obtuviste alguna de estas certificaciones, no olvides conectarte y recibir tu certificado (virtual). M\u00e1s informaci\u00f3n sobre la Feria de Dise\u00f1o e Ingenier\u00eda 2021\u2026 M\u00e1s sobre la ESCAT\u2026","og_url":"https:\/\/blogs.uninter.edu.mx\/ESCAT\/index.php\/feriaudi21-certificaciones\/","og_site_name":"Escuela de Ciencias, Artes y Tecnolog\u00eda","article_publisher":"https:\/\/www.facebook.com\/EscatUninter\/","article_modified_time":"2021-11-24T17:22:25+00:00","og_image":[{"url":"https:\/\/blogs.uninter.edu.mx\/ESCAT\/wp-content\/uploads\/2021\/11\/Entrega-de-certificados-3.jpg","type":"","width":"","height":""}],"twitter_card":"summary_large_image","twitter_site":"@EscatUninter","twitter_misc":{"Tiempo de lectura":"3 minutos"},"schema":{"@context":"https:\/\/schema.org","@graph":[{"@type":"WebPage","@id":"https:\/\/blogs.uninter.edu.mx\/ESCAT\/index.php\/feriaudi21-certificaciones\/","url":"https:\/\/blogs.uninter.edu.mx\/ESCAT\/index.php\/feriaudi21-certificaciones\/","name":"#FeriaUDI21 Certificaciones - Escuela de Ciencias, Artes y Tecnolog\u00eda","isPartOf":{"@id":"https:\/\/blogs.uninter.edu.mx\/ESCAT\/#website"},"primaryImageOfPage":{"@id":"https:\/\/blogs.uninter.edu.mx\/ESCAT\/index.php\/feriaudi21-certificaciones\/#primaryimage"},"image":{"@id":"https:\/\/blogs.uninter.edu.mx\/ESCAT\/index.php\/feriaudi21-certificaciones\/#primaryimage"},"thumbnailUrl":"https:\/\/blogs.uninter.edu.mx\/ESCAT\/wp-content\/uploads\/2021\/11\/Entrega-de-certificados-3.jpg","datePublished":"2021-11-18T21:34:44+00:00","dateModified":"2021-11-24T17:22:25+00:00","breadcrumb":{"@id":"https:\/\/blogs.uninter.edu.mx\/ESCAT\/index.php\/feriaudi21-certificaciones\/#breadcrumb"},"inLanguage":"es","potentialAction":[{"@type":"ReadAction","target":["https:\/\/blogs.uninter.edu.mx\/ESCAT\/index.php\/feriaudi21-certificaciones\/"]}]},{"@type":"ImageObject","inLanguage":"es","@id":"https:\/\/blogs.uninter.edu.mx\/ESCAT\/index.php\/feriaudi21-certificaciones\/#primaryimage","url":"https:\/\/blogs.uninter.edu.mx\/ESCAT\/wp-content\/uploads\/2021\/11\/Entrega-de-certificados-3.jpg","contentUrl":"https:\/\/blogs.uninter.edu.mx\/ESCAT\/wp-content\/uploads\/2021\/11\/Entrega-de-certificados-3.jpg","width":1080,"height":1080},{"@type":"BreadcrumbList","@id":"https:\/\/blogs.uninter.edu.mx\/ESCAT\/index.php\/feriaudi21-certificaciones\/#breadcrumb","itemListElement":[{"@type":"ListItem","position":1,"name":"Inicio","item":"https:\/\/blogs.uninter.edu.mx\/ESCAT\/"},{"@type":"ListItem","position":2,"name":"#FeriaUDI21 Certificaciones"}]},{"@type":"WebSite","@id":"https:\/\/blogs.uninter.edu.mx\/ESCAT\/#website","url":"https:\/\/blogs.uninter.edu.mx\/ESCAT\/","name":"Escuela de Ciencias, Artes y Tecnolog\u00eda UNINTER","description":"ESCAT","potentialAction":[{"@type":"SearchAction","target":{"@type":"EntryPoint","urlTemplate":"https:\/\/blogs.uninter.edu.mx\/ESCAT\/?s={search_term_string}"},"query-input":{"@type":"PropertyValueSpecification","valueRequired":true,"valueName":"search_term_string"}}],"inLanguage":"es"}]}},"jetpack_sharing_enabled":true,"_links":{"self":[{"href":"https:\/\/blogs.uninter.edu.mx\/ESCAT\/index.php\/wp-json\/wp\/v2\/pages\/46731","targetHints":{"allow":["GET"]}}],"collection":[{"href":"https:\/\/blogs.uninter.edu.mx\/ESCAT\/index.php\/wp-json\/wp\/v2\/pages"}],"about":[{"href":"https:\/\/blogs.uninter.edu.mx\/ESCAT\/index.php\/wp-json\/wp\/v2\/types\/page"}],"author":[{"embeddable":true,"href":"https:\/\/blogs.uninter.edu.mx\/ESCAT\/index.php\/wp-json\/wp\/v2\/users\/22"}],"replies":[{"embeddable":true,"href":"https:\/\/blogs.uninter.edu.mx\/ESCAT\/index.php\/wp-json\/wp\/v2\/comments?post=46731"}],"version-history":[{"count":14,"href":"https:\/\/blogs.uninter.edu.mx\/ESCAT\/index.php\/wp-json\/wp\/v2\/pages\/46731\/revisions"}],"predecessor-version":[{"id":46949,"href":"https:\/\/blogs.uninter.edu.mx\/ESCAT\/index.php\/wp-json\/wp\/v2\/pages\/46731\/revisions\/46949"}],"wp:attachment":[{"href":"https:\/\/blogs.uninter.edu.mx\/ESCAT\/index.php\/wp-json\/wp\/v2\/media?parent=46731"}],"curies":[{"name":"wp","href":"https:\/\/api.w.org\/{rel}","templated":true}]}}