{"id":46754,"date":"2021-11-19T14:40:04","date_gmt":"2021-11-19T20:40:04","guid":{"rendered":"https:\/\/blogs.uninter.edu.mx\/ESCAT\/?page_id=46754"},"modified":"2022-11-17T09:56:47","modified_gmt":"2022-11-17T15:56:47","slug":"feriaudi20-5ta-exposicion-de-proyectos-de-ingenieria-2","status":"publish","type":"page","link":"https:\/\/blogs.uninter.edu.mx\/ESCAT\/index.php\/feriaudi20-5ta-exposicion-de-proyectos-de-ingenieria-2\/","title":{"rendered":"#FeriaUDI21 6ta. Exposici\u00f3n de Proyectos de Ingenier\u00eda"},"content":{"rendered":"\n<figure class=\"wp-block-image\"><img decoding=\"async\" src=\"https:\/\/blogs.uninter.edu.mx\/ESCAT\/wp-content\/uploads\/2021\/11\/Blog-.jpg\" alt=\"\"\/><\/figure>\n\n\n\n<p>La exposici\u00f3n de proyectos de ingenier\u00eda de la Escuela de Ciencias, Artes y Tecnolog\u00eda (ESCAT), tiene como objetivo presentar los proyectos tecnol\u00f3gicos, emprendedores, did\u00e1cticos, inform\u00e1ticos y sustentables desarrollados por alumnos y docentes de la Universidad Internacional (UNINTER), para fomentar la actividad cient\u00edfica-tecnol\u00f3gica y generar un espacio de inter\u00e9s para la investigaci\u00f3n, la innovaci\u00f3n y divulgaci\u00f3n de la cultura cient\u00edfica dentro de la universidad.<\/p>\n\n\n\n<figure class=\"wp-block-image size-full\"><img loading=\"lazy\" decoding=\"async\" width=\"4500\" height=\"4500\" src=\"https:\/\/blogs.uninter.edu.mx\/ESCAT\/wp-content\/uploads\/2021\/11\/Proyectos-Ingenieria-2.jpg\" alt=\"\" class=\"wp-image-46976\"\/><\/figure>\n\n\n<div class=\"wp-block-image\">\n<figure class=\"alignleft is-resized\"><img loading=\"lazy\" decoding=\"async\" src=\"https:\/\/blogs.uninter.edu.mx\/ESCAT\/wp-content\/uploads\/2020\/11\/18-3-791x1024.jpg\" alt=\"\" width=\"364\" height=\"469\"\/><\/figure>\n<\/div>\n\n<div class=\"wp-block-image\">\n<figure class=\"aligncenter is-resized\"><img loading=\"lazy\" decoding=\"async\" src=\"https:\/\/blogs.uninter.edu.mx\/ESCAT\/wp-content\/uploads\/2020\/11\/19-4-666x1024.jpg\" alt=\"\" width=\"305\" height=\"469\"\/><\/figure>\n<\/div>\n\n\n<p><\/p>\n\n\n\n<p><\/p>\n\n\n\n<p><\/p>\n\n\n\n<p><\/p>\n\n\n\n<p><\/p>\n\n\n\n<p><\/p>\n\n\n\n<p><\/p>\n\n\n\n<p><\/p>\n\n\n\n<figure class=\"wp-block-image is-resized\"><img loading=\"lazy\" decoding=\"async\" src=\"https:\/\/blogs.uninter.edu.mx\/ESCAT\/wp-content\/uploads\/2020\/11\/28-4-1024x924.jpg\" alt=\"\" width=\"686\" height=\"619\"\/><\/figure>\n\n\n\n<figure class=\"wp-block-image is-resized\"><img loading=\"lazy\" decoding=\"async\" src=\"https:\/\/blogs.uninter.edu.mx\/ESCAT\/wp-content\/uploads\/2020\/11\/27-4-1024x955.jpg\" alt=\"\" width=\"689\" height=\"642\"\/><\/figure>\n\n\n\n<figure class=\"wp-block-image is-resized\"><img loading=\"lazy\" decoding=\"async\" src=\"https:\/\/blogs.uninter.edu.mx\/ESCAT\/wp-content\/uploads\/2020\/11\/9-5-1024x627.jpg\" alt=\"\" width=\"689\" height=\"420\"\/><\/figure>\n\n\n\n<figure class=\"wp-block-image is-resized\"><img loading=\"lazy\" decoding=\"async\" src=\"https:\/\/scontent.fmex31-1.fna.fbcdn.net\/v\/t1.6435-9\/p180x540\/130220234_490929718547386_3692935142949972178_n.jpg?_nc_cat=108&amp;ccb=1-5&amp;_nc_sid=a610ef&amp;_nc_eui2=AeEzeGO3HgJlXBj6945vH5LnSoDaCNqAx0FKgNoI2oDHQVrkhb7b1UDxHcmzR0z_Wo9Gs6cm-s1Shy2tRt4NFqQi&amp;_nc_ohc=rgdX8fJW5R8AX-4tL3R&amp;_nc_ht=scontent.fmex31-1.fna&amp;oh=5c2cbb5819c32a35081e6d06ae8be42d&amp;oe=61C18665\" alt=\"No hay ninguna descripci\u00f3n de la foto disponible.\" width=\"692\" height=\"406\"\/><\/figure>\n\n\n\n<h4 class=\"has-text-align-center wp-block-heading\">\u00a1\u00a1No faltes el pr\u00f3ximo Viernes 3 de diciembre!!<\/h4>\n\n\n\n<p><\/p>\n\n\n\n<p class=\"has-text-align-right\"><a href=\"https:\/\/fb.me\/e\/1LWx1sYQa\">M\u00e1s informaci\u00f3n sobre la Feria de Dise\u00f1o e Ingenier\u00eda 2021\u2026<\/a><\/p>\n\n\n\n<p class=\"has-text-align-right\"><a href=\"https:\/\/blogs.uninter.edu.mx\/ESCAT\/\">M\u00e1s sobre la ESCAT\u2026<\/a><\/p>\n\n\n\n<figure class=\"wp-block-image\"><a href=\"https:\/\/uninter.edu.mx\/\"><img loading=\"lazy\" decoding=\"async\" width=\"1024\" height=\"154\" src=\"https:\/\/blogs.uninter.edu.mx\/ESCAT\/wp-content\/uploads\/2019\/10\/4-1024x154-1-1024x154-1024x154.png\" alt=\"Universidad Internacional\" class=\"wp-image-33610\" srcset=\"https:\/\/blogs.uninter.edu.mx\/ESCAT\/wp-content\/uploads\/2019\/10\/4-1024x154-1-1024x154.png 1024w, https:\/\/blogs.uninter.edu.mx\/ESCAT\/wp-content\/uploads\/2019\/10\/4-1024x154-1-1024x154-300x45.png 300w, https:\/\/blogs.uninter.edu.mx\/ESCAT\/wp-content\/uploads\/2019\/10\/4-1024x154-1-1024x154-768x116.png 768w\" sizes=\"auto, (max-width: 1024px) 100vw, 1024px\" \/><\/a><\/figure>\n","protected":false},"excerpt":{"rendered":"<p>La exposici\u00f3n de proyectos de ingenier\u00eda de la Escuela de Ciencias, Artes y Tecnolog\u00eda (ESCAT), tiene como objetivo presentar los proyectos tecnol\u00f3gicos, emprendedores, did\u00e1cticos, inform\u00e1ticos y sustentables desarrollados por alumnos y docentes de la Universidad Internacional (UNINTER), para fomentar la actividad cient\u00edfica-tecnol\u00f3gica y generar un espacio de inter\u00e9s para la investigaci\u00f3n, la innovaci\u00f3n y divulgaci\u00f3n&hellip;<\/p>\n","protected":false},"author":22,"featured_media":0,"parent":0,"menu_order":0,"comment_status":"closed","ping_status":"closed","template":"","meta":{"footnotes":""},"class_list":["post-46754","page","type-page","status-publish","hentry"],"yoast_head":"<!-- This site is optimized with the Yoast SEO plugin v26.8 - https:\/\/yoast.com\/product\/yoast-seo-wordpress\/ -->\r\n<title>#FeriaUDI21 6ta. Exposici\u00f3n de Proyectos de Ingenier\u00eda - Escuela de Ciencias, Artes y Tecnolog\u00eda<\/title>\r\n<meta name=\"robots\" content=\"index, follow, max-snippet:-1, max-image-preview:large, max-video-preview:-1\" \/>\r\n<link rel=\"canonical\" href=\"https:\/\/blogs.uninter.edu.mx\/ESCAT\/index.php\/feriaudi20-5ta-exposicion-de-proyectos-de-ingenieria-2\/\" \/>\r\n<meta property=\"og:locale\" content=\"es_MX\" \/>\r\n<meta property=\"og:type\" content=\"article\" \/>\r\n<meta property=\"og:title\" content=\"#FeriaUDI21 6ta. Exposici\u00f3n de Proyectos de Ingenier\u00eda - Escuela de Ciencias, Artes y Tecnolog\u00eda\" \/>\r\n<meta property=\"og:description\" content=\"La exposici\u00f3n de proyectos de ingenier\u00eda de la Escuela de Ciencias, Artes y Tecnolog\u00eda (ESCAT), tiene como objetivo presentar los proyectos tecnol\u00f3gicos, emprendedores, did\u00e1cticos, inform\u00e1ticos y sustentables desarrollados por alumnos y docentes de la Universidad Internacional (UNINTER), para fomentar la actividad cient\u00edfica-tecnol\u00f3gica y generar un espacio de inter\u00e9s para la investigaci\u00f3n, la innovaci\u00f3n y divulgaci\u00f3n&hellip;\" \/>\r\n<meta property=\"og:url\" content=\"https:\/\/blogs.uninter.edu.mx\/ESCAT\/index.php\/feriaudi20-5ta-exposicion-de-proyectos-de-ingenieria-2\/\" \/>\r\n<meta property=\"og:site_name\" content=\"Escuela de Ciencias, Artes y Tecnolog\u00eda\" \/>\r\n<meta property=\"article:publisher\" content=\"https:\/\/www.facebook.com\/EscatUninter\/\" \/>\r\n<meta property=\"article:modified_time\" content=\"2022-11-17T15:56:47+00:00\" \/>\r\n<meta property=\"og:image\" content=\"https:\/\/blogs.uninter.edu.mx\/ESCAT\/wp-content\/uploads\/2021\/11\/Blog-.jpg\" \/>\r\n<meta name=\"twitter:card\" content=\"summary_large_image\" \/>\r\n<meta name=\"twitter:site\" content=\"@EscatUninter\" \/>\r\n<meta name=\"twitter:label1\" content=\"Tiempo de lectura\" \/>\n\t<meta name=\"twitter:data1\" content=\"3 minutos\" \/>\r\n<script type=\"application\/ld+json\" class=\"yoast-schema-graph\">{\"@context\":\"https:\/\/schema.org\",\"@graph\":[{\"@type\":\"WebPage\",\"@id\":\"https:\/\/blogs.uninter.edu.mx\/ESCAT\/index.php\/feriaudi20-5ta-exposicion-de-proyectos-de-ingenieria-2\/\",\"url\":\"https:\/\/blogs.uninter.edu.mx\/ESCAT\/index.php\/feriaudi20-5ta-exposicion-de-proyectos-de-ingenieria-2\/\",\"name\":\"#FeriaUDI21 6ta. Exposici\u00f3n de Proyectos de Ingenier\u00eda - Escuela de Ciencias, Artes y Tecnolog\u00eda\",\"isPartOf\":{\"@id\":\"https:\/\/blogs.uninter.edu.mx\/ESCAT\/#website\"},\"primaryImageOfPage\":{\"@id\":\"https:\/\/blogs.uninter.edu.mx\/ESCAT\/index.php\/feriaudi20-5ta-exposicion-de-proyectos-de-ingenieria-2\/#primaryimage\"},\"image\":{\"@id\":\"https:\/\/blogs.uninter.edu.mx\/ESCAT\/index.php\/feriaudi20-5ta-exposicion-de-proyectos-de-ingenieria-2\/#primaryimage\"},\"thumbnailUrl\":\"https:\/\/blogs.uninter.edu.mx\/ESCAT\/wp-content\/uploads\/2021\/11\/Blog-.jpg\",\"datePublished\":\"2021-11-19T20:40:04+00:00\",\"dateModified\":\"2022-11-17T15:56:47+00:00\",\"breadcrumb\":{\"@id\":\"https:\/\/blogs.uninter.edu.mx\/ESCAT\/index.php\/feriaudi20-5ta-exposicion-de-proyectos-de-ingenieria-2\/#breadcrumb\"},\"inLanguage\":\"es\",\"potentialAction\":[{\"@type\":\"ReadAction\",\"target\":[\"https:\/\/blogs.uninter.edu.mx\/ESCAT\/index.php\/feriaudi20-5ta-exposicion-de-proyectos-de-ingenieria-2\/\"]}]},{\"@type\":\"ImageObject\",\"inLanguage\":\"es\",\"@id\":\"https:\/\/blogs.uninter.edu.mx\/ESCAT\/index.php\/feriaudi20-5ta-exposicion-de-proyectos-de-ingenieria-2\/#primaryimage\",\"url\":\"https:\/\/blogs.uninter.edu.mx\/ESCAT\/wp-content\/uploads\/2021\/11\/Blog-.jpg\",\"contentUrl\":\"https:\/\/blogs.uninter.edu.mx\/ESCAT\/wp-content\/uploads\/2021\/11\/Blog-.jpg\",\"width\":949,\"height\":550},{\"@type\":\"BreadcrumbList\",\"@id\":\"https:\/\/blogs.uninter.edu.mx\/ESCAT\/index.php\/feriaudi20-5ta-exposicion-de-proyectos-de-ingenieria-2\/#breadcrumb\",\"itemListElement\":[{\"@type\":\"ListItem\",\"position\":1,\"name\":\"Inicio\",\"item\":\"https:\/\/blogs.uninter.edu.mx\/ESCAT\/\"},{\"@type\":\"ListItem\",\"position\":2,\"name\":\"#FeriaUDI21 6ta. Exposici\u00f3n de Proyectos de Ingenier\u00eda\"}]},{\"@type\":\"WebSite\",\"@id\":\"https:\/\/blogs.uninter.edu.mx\/ESCAT\/#website\",\"url\":\"https:\/\/blogs.uninter.edu.mx\/ESCAT\/\",\"name\":\"Escuela de Ciencias, Artes y Tecnolog\u00eda UNINTER\",\"description\":\"ESCAT\",\"potentialAction\":[{\"@type\":\"SearchAction\",\"target\":{\"@type\":\"EntryPoint\",\"urlTemplate\":\"https:\/\/blogs.uninter.edu.mx\/ESCAT\/?s={search_term_string}\"},\"query-input\":{\"@type\":\"PropertyValueSpecification\",\"valueRequired\":true,\"valueName\":\"search_term_string\"}}],\"inLanguage\":\"es\"}]}<\/script>\r\n<!-- \/ Yoast SEO plugin. -->","yoast_head_json":{"title":"#FeriaUDI21 6ta. Exposici\u00f3n de Proyectos de Ingenier\u00eda - Escuela de Ciencias, Artes y Tecnolog\u00eda","robots":{"index":"index","follow":"follow","max-snippet":"max-snippet:-1","max-image-preview":"max-image-preview:large","max-video-preview":"max-video-preview:-1"},"canonical":"https:\/\/blogs.uninter.edu.mx\/ESCAT\/index.php\/feriaudi20-5ta-exposicion-de-proyectos-de-ingenieria-2\/","og_locale":"es_MX","og_type":"article","og_title":"#FeriaUDI21 6ta. Exposici\u00f3n de Proyectos de Ingenier\u00eda - Escuela de Ciencias, Artes y Tecnolog\u00eda","og_description":"La exposici\u00f3n de proyectos de ingenier\u00eda de la Escuela de Ciencias, Artes y Tecnolog\u00eda (ESCAT), tiene como objetivo presentar los proyectos tecnol\u00f3gicos, emprendedores, did\u00e1cticos, inform\u00e1ticos y sustentables desarrollados por alumnos y docentes de la Universidad Internacional (UNINTER), para fomentar la actividad cient\u00edfica-tecnol\u00f3gica y generar un espacio de inter\u00e9s para la investigaci\u00f3n, la innovaci\u00f3n y divulgaci\u00f3n&hellip;","og_url":"https:\/\/blogs.uninter.edu.mx\/ESCAT\/index.php\/feriaudi20-5ta-exposicion-de-proyectos-de-ingenieria-2\/","og_site_name":"Escuela de Ciencias, Artes y Tecnolog\u00eda","article_publisher":"https:\/\/www.facebook.com\/EscatUninter\/","article_modified_time":"2022-11-17T15:56:47+00:00","og_image":[{"url":"https:\/\/blogs.uninter.edu.mx\/ESCAT\/wp-content\/uploads\/2021\/11\/Blog-.jpg","type":"","width":"","height":""}],"twitter_card":"summary_large_image","twitter_site":"@EscatUninter","twitter_misc":{"Tiempo de lectura":"3 minutos"},"schema":{"@context":"https:\/\/schema.org","@graph":[{"@type":"WebPage","@id":"https:\/\/blogs.uninter.edu.mx\/ESCAT\/index.php\/feriaudi20-5ta-exposicion-de-proyectos-de-ingenieria-2\/","url":"https:\/\/blogs.uninter.edu.mx\/ESCAT\/index.php\/feriaudi20-5ta-exposicion-de-proyectos-de-ingenieria-2\/","name":"#FeriaUDI21 6ta. Exposici\u00f3n de Proyectos de Ingenier\u00eda - Escuela de Ciencias, Artes y Tecnolog\u00eda","isPartOf":{"@id":"https:\/\/blogs.uninter.edu.mx\/ESCAT\/#website"},"primaryImageOfPage":{"@id":"https:\/\/blogs.uninter.edu.mx\/ESCAT\/index.php\/feriaudi20-5ta-exposicion-de-proyectos-de-ingenieria-2\/#primaryimage"},"image":{"@id":"https:\/\/blogs.uninter.edu.mx\/ESCAT\/index.php\/feriaudi20-5ta-exposicion-de-proyectos-de-ingenieria-2\/#primaryimage"},"thumbnailUrl":"https:\/\/blogs.uninter.edu.mx\/ESCAT\/wp-content\/uploads\/2021\/11\/Blog-.jpg","datePublished":"2021-11-19T20:40:04+00:00","dateModified":"2022-11-17T15:56:47+00:00","breadcrumb":{"@id":"https:\/\/blogs.uninter.edu.mx\/ESCAT\/index.php\/feriaudi20-5ta-exposicion-de-proyectos-de-ingenieria-2\/#breadcrumb"},"inLanguage":"es","potentialAction":[{"@type":"ReadAction","target":["https:\/\/blogs.uninter.edu.mx\/ESCAT\/index.php\/feriaudi20-5ta-exposicion-de-proyectos-de-ingenieria-2\/"]}]},{"@type":"ImageObject","inLanguage":"es","@id":"https:\/\/blogs.uninter.edu.mx\/ESCAT\/index.php\/feriaudi20-5ta-exposicion-de-proyectos-de-ingenieria-2\/#primaryimage","url":"https:\/\/blogs.uninter.edu.mx\/ESCAT\/wp-content\/uploads\/2021\/11\/Blog-.jpg","contentUrl":"https:\/\/blogs.uninter.edu.mx\/ESCAT\/wp-content\/uploads\/2021\/11\/Blog-.jpg","width":949,"height":550},{"@type":"BreadcrumbList","@id":"https:\/\/blogs.uninter.edu.mx\/ESCAT\/index.php\/feriaudi20-5ta-exposicion-de-proyectos-de-ingenieria-2\/#breadcrumb","itemListElement":[{"@type":"ListItem","position":1,"name":"Inicio","item":"https:\/\/blogs.uninter.edu.mx\/ESCAT\/"},{"@type":"ListItem","position":2,"name":"#FeriaUDI21 6ta. Exposici\u00f3n de Proyectos de Ingenier\u00eda"}]},{"@type":"WebSite","@id":"https:\/\/blogs.uninter.edu.mx\/ESCAT\/#website","url":"https:\/\/blogs.uninter.edu.mx\/ESCAT\/","name":"Escuela de Ciencias, Artes y Tecnolog\u00eda UNINTER","description":"ESCAT","potentialAction":[{"@type":"SearchAction","target":{"@type":"EntryPoint","urlTemplate":"https:\/\/blogs.uninter.edu.mx\/ESCAT\/?s={search_term_string}"},"query-input":{"@type":"PropertyValueSpecification","valueRequired":true,"valueName":"search_term_string"}}],"inLanguage":"es"}]}},"jetpack_sharing_enabled":true,"_links":{"self":[{"href":"https:\/\/blogs.uninter.edu.mx\/ESCAT\/index.php\/wp-json\/wp\/v2\/pages\/46754","targetHints":{"allow":["GET"]}}],"collection":[{"href":"https:\/\/blogs.uninter.edu.mx\/ESCAT\/index.php\/wp-json\/wp\/v2\/pages"}],"about":[{"href":"https:\/\/blogs.uninter.edu.mx\/ESCAT\/index.php\/wp-json\/wp\/v2\/types\/page"}],"author":[{"embeddable":true,"href":"https:\/\/blogs.uninter.edu.mx\/ESCAT\/index.php\/wp-json\/wp\/v2\/users\/22"}],"replies":[{"embeddable":true,"href":"https:\/\/blogs.uninter.edu.mx\/ESCAT\/index.php\/wp-json\/wp\/v2\/comments?post=46754"}],"version-history":[{"count":13,"href":"https:\/\/blogs.uninter.edu.mx\/ESCAT\/index.php\/wp-json\/wp\/v2\/pages\/46754\/revisions"}],"predecessor-version":[{"id":54618,"href":"https:\/\/blogs.uninter.edu.mx\/ESCAT\/index.php\/wp-json\/wp\/v2\/pages\/46754\/revisions\/54618"}],"wp:attachment":[{"href":"https:\/\/blogs.uninter.edu.mx\/ESCAT\/index.php\/wp-json\/wp\/v2\/media?parent=46754"}],"curies":[{"name":"wp","href":"https:\/\/api.w.org\/{rel}","templated":true}]}}