{"id":46856,"date":"2021-11-23T16:22:17","date_gmt":"2021-11-23T22:22:17","guid":{"rendered":"https:\/\/blogs.uninter.edu.mx\/ESCAT\/?page_id=46856"},"modified":"2021-11-24T11:28:21","modified_gmt":"2021-11-24T17:28:21","slug":"fashion-show-udi21","status":"publish","type":"page","link":"https:\/\/blogs.uninter.edu.mx\/ESCAT\/index.php\/fashion-show-udi21\/","title":{"rendered":"#FeriaUDI21 Fashion Show"},"content":{"rendered":"\n<p>Te invitamos a que seas parte del&nbsp;<em>Fashion Day.<\/em><\/p>\n\n\n\n<p>En donde estudiantes de la&nbsp;<a href=\"https:\/\/universidad.uninter.edu.mx\/carreras\/LDM\">Licenciatura de Dise\u00f1o de Modas y Tendencias Internacionales<\/a>&nbsp;muestran su gran talento al presentar su colecci\u00f3n 2021.<\/p>\n\n\n\n<div class=\"wp-block-image\"><figure class=\"aligncenter size-full\"><img loading=\"lazy\" decoding=\"async\" width=\"1080\" height=\"1080\" src=\"https:\/\/blogs.uninter.edu.mx\/ESCAT\/wp-content\/uploads\/2021\/11\/Clausura.jpg\" alt=\"\" class=\"wp-image-46912\"\/><\/figure><\/div>\n\n\n\n<p><\/p>\n\n\n\n<div class=\"wp-block-image\"><figure class=\"alignleft is-resized\"><img loading=\"lazy\" decoding=\"async\" src=\"https:\/\/blogs.uninter.edu.mx\/ESCAT\/wp-content\/uploads\/2020\/11\/16-4-788x1024.jpg\" alt=\"\" width=\"300\" height=\"389\"\/><\/figure><\/div>\n\n\n\n<div class=\"wp-block-image\"><figure class=\"alignleft is-resized\"><img loading=\"lazy\" decoding=\"async\" src=\"https:\/\/blogs.uninter.edu.mx\/ESCAT\/wp-content\/uploads\/2020\/11\/17-3-791x1024.jpg\" alt=\"\" width=\"300\" height=\"389\"\/><\/figure><\/div>\n\n\n\n<p><\/p>\n\n\n\n<p><\/p>\n\n\n\n<p><\/p>\n\n\n\n<div class=\"wp-block-image\"><figure class=\"aligncenter is-resized\"><img loading=\"lazy\" decoding=\"async\" src=\"https:\/\/blogs.uninter.edu.mx\/ESCAT\/wp-content\/uploads\/2020\/11\/14-3-612x1024.jpg\" alt=\"\" width=\"378\" height=\"627\"\/><\/figure><\/div>\n\n\n\n<div class=\"wp-block-image\"><figure class=\"aligncenter is-resized\"><img loading=\"lazy\" decoding=\"async\" src=\"https:\/\/blogs.uninter.edu.mx\/ESCAT\/wp-content\/uploads\/2020\/11\/15-3-683x1024.jpg\" alt=\"\" width=\"372\" height=\"557\"\/><\/figure><\/div>\n\n\n\n<div class=\"wp-block-image\"><figure class=\"aligncenter is-resized\"><img loading=\"lazy\" decoding=\"async\" src=\"https:\/\/scontent.fmex31-1.fna.fbcdn.net\/v\/t1.6435-9\/80394685_1453120601504334_6261549511357759488_n.jpg?_nc_cat=106&amp;ccb=1-5&amp;_nc_sid=cdbe9c&amp;_nc_eui2=AeFjQkVO6frZ5QV5iIhwiynW5HIBZh8zQnbkcgFmHzNCdiQLDQ7QXL0yj8G34gi27KtkkTdWvt33vyOoPf5aDLbE&amp;_nc_ohc=6kbf5pVh7XEAX_rMeW2&amp;_nc_ht=scontent.fmex31-1.fna&amp;oh=202b1d4e9bc48807c7cb1aa5f28df30d&amp;oe=61C332C1\" alt=\"No hay ninguna descripci\u00f3n de la foto disponible.\" width=\"672\" height=\"851\"\/><\/figure><\/div>\n\n\n\n<div class=\"wp-block-image\"><figure class=\"aligncenter is-resized\"><img loading=\"lazy\" decoding=\"async\" src=\"https:\/\/scontent.fmex31-1.fna.fbcdn.net\/v\/t1.6435-9\/79420645_1453121028170958_6102885555358400512_n.jpg?_nc_cat=111&amp;ccb=1-5&amp;_nc_sid=cdbe9c&amp;_nc_eui2=AeGp73KS72M92khJAT2lZs8bEb0meuudEoERvSZ6650SgRO4JYK7wqNkN51UoZIT92v6FDlYWV0FT83XRkJaWkCN&amp;_nc_ohc=Xikhe0AWl20AX-kp-t_&amp;_nc_ht=scontent.fmex31-1.fna&amp;oh=30ac6ac1e1e7effc4fe43ec24c1ae823&amp;oe=61C5CD00\" alt=\"No hay ninguna descripci\u00f3n de la foto disponible.\" width=\"666\" height=\"926\"\/><\/figure><\/div>\n\n\n\n<div class=\"wp-block-image\"><figure class=\"aligncenter is-resized\"><img loading=\"lazy\" decoding=\"async\" src=\"https:\/\/scontent.fmex31-1.fna.fbcdn.net\/v\/t1.6435-9\/79493119_1453120301504364_7397669915651473408_n.jpg?_nc_cat=111&amp;ccb=1-5&amp;_nc_sid=cdbe9c&amp;_nc_eui2=AeGfz1HY5qj_bTUZ0UV2mhy4sS20aDywoBixLbRoPLCgGNLjlcITOMqkK6pT18gJhMlOJUHLMgTZBJd16lan9iMB&amp;_nc_ohc=MomfVntSmRQAX9aifMq&amp;_nc_ht=scontent.fmex31-1.fna&amp;oh=7d945ddd749f8de32d262629874ab919&amp;oe=61C38A09\" alt=\"No hay ninguna descripci\u00f3n de la foto disponible.\" width=\"672\" height=\"991\"\/><\/figure><\/div>\n\n\n\n<div class=\"wp-block-image\"><figure class=\"aligncenter is-resized\"><img loading=\"lazy\" decoding=\"async\" src=\"https:\/\/scontent.fmex31-1.fna.fbcdn.net\/v\/t1.6435-9\/80404068_1453120384837689_9127939250812092416_n.jpg?_nc_cat=101&amp;ccb=1-5&amp;_nc_sid=cdbe9c&amp;_nc_eui2=AeEQj731gaOcZjl3It9BnkIf2OhzaniOWnfY6HNqeI5adxDcX2AFSLjt2dA1Gg6y-hGrp8AwYgkRnasoYIDTUaO5&amp;_nc_ohc=tB1UJ5uUHnoAX-_2kMe&amp;_nc_ht=scontent.fmex31-1.fna&amp;oh=d8cea64aed478c89176eceef0f75f187&amp;oe=61C3D50C\" alt=\"No hay ninguna descripci\u00f3n de la foto disponible.\" width=\"671\" height=\"1115\"\/><\/figure><\/div>\n\n\n\n<p><\/p>\n\n\n\n<h2 class=\"has-text-align-center wp-block-heading\">Viernes 3 de diciembre en la Casona Spencer<\/h2>\n\n\n\n<p><\/p>\n\n\n\n<p class=\"has-text-align-right\"><a href=\"https:\/\/www.facebook.com\/events\/426232109084538\/?acontext=%7B%22ref%22%3A%2252%22%2C%22action_history%22%3A%22[%7B%5C%22surface%5C%22%3A%5C%22share_link%5C%22%2C%5C%22mechanism%5C%22%3A%5C%22share_link%5C%22%2C%5C%22extra_data%5C%22%3A%7B%5C%22invite_link_id%5C%22%3A387180659807394%7D%7D]%22%7D\">M\u00e1s informaci\u00f3n sobre la Feria de Dise\u00f1o e Ingenier\u00eda2021\u2026<\/a><\/p>\n\n\n\n<p class=\"has-text-align-right\"><a href=\"https:\/\/blogs.uninter.edu.mx\/ESCAT\/\">M\u00e1s sobre la ESCAT\u2026<\/a><\/p>\n\n\n\n<figure class=\"wp-block-image\"><a href=\"https:\/\/uninter.edu.mx\/\"><img loading=\"lazy\" decoding=\"async\" width=\"1024\" height=\"154\" src=\"https:\/\/blogs.uninter.edu.mx\/ESCAT\/wp-content\/uploads\/2019\/10\/4-1024x154-1-1024x154-1024x154.png\" alt=\"Universidad Internacional\" class=\"wp-image-33610\" srcset=\"https:\/\/blogs.uninter.edu.mx\/ESCAT\/wp-content\/uploads\/2019\/10\/4-1024x154-1-1024x154.png 1024w, https:\/\/blogs.uninter.edu.mx\/ESCAT\/wp-content\/uploads\/2019\/10\/4-1024x154-1-1024x154-300x45.png 300w, https:\/\/blogs.uninter.edu.mx\/ESCAT\/wp-content\/uploads\/2019\/10\/4-1024x154-1-1024x154-768x116.png 768w\" sizes=\"auto, (max-width: 1024px) 100vw, 1024px\" \/><\/a><\/figure>\n","protected":false},"excerpt":{"rendered":"<p>Te invitamos a que seas parte del&nbsp;Fashion Day. En donde estudiantes de la&nbsp;Licenciatura de Dise\u00f1o de Modas y Tendencias Internacionales&nbsp;muestran su gran talento al presentar su colecci\u00f3n 2021. Viernes 3 de diciembre en la Casona Spencer M\u00e1s informaci\u00f3n sobre la Feria de Dise\u00f1o e Ingenier\u00eda2021\u2026 M\u00e1s sobre la ESCAT\u2026<\/p>\n","protected":false},"author":22,"featured_media":0,"parent":0,"menu_order":0,"comment_status":"closed","ping_status":"closed","template":"","meta":{"footnotes":""},"class_list":["post-46856","page","type-page","status-publish","hentry"],"yoast_head":"<!-- This site is optimized with the Yoast SEO plugin v26.8 - https:\/\/yoast.com\/product\/yoast-seo-wordpress\/ -->\r\n<title>#FeriaUDI21 Fashion Show - Escuela de Ciencias, Artes y Tecnolog\u00eda<\/title>\r\n<meta name=\"robots\" content=\"index, follow, max-snippet:-1, max-image-preview:large, max-video-preview:-1\" \/>\r\n<link rel=\"canonical\" href=\"https:\/\/blogs.uninter.edu.mx\/ESCAT\/index.php\/fashion-show-udi21\/\" \/>\r\n<meta property=\"og:locale\" content=\"es_MX\" \/>\r\n<meta property=\"og:type\" content=\"article\" \/>\r\n<meta property=\"og:title\" content=\"#FeriaUDI21 Fashion Show - Escuela de Ciencias, Artes y Tecnolog\u00eda\" \/>\r\n<meta property=\"og:description\" content=\"Te invitamos a que seas parte del&nbsp;Fashion Day. En donde estudiantes de la&nbsp;Licenciatura de Dise\u00f1o de Modas y Tendencias Internacionales&nbsp;muestran su gran talento al presentar su colecci\u00f3n 2021. Viernes 3 de diciembre en la Casona Spencer M\u00e1s informaci\u00f3n sobre la Feria de Dise\u00f1o e Ingenier\u00eda2021\u2026 M\u00e1s sobre la ESCAT\u2026\" \/>\r\n<meta property=\"og:url\" content=\"https:\/\/blogs.uninter.edu.mx\/ESCAT\/index.php\/fashion-show-udi21\/\" \/>\r\n<meta property=\"og:site_name\" content=\"Escuela de Ciencias, Artes y Tecnolog\u00eda\" \/>\r\n<meta property=\"article:publisher\" content=\"https:\/\/www.facebook.com\/EscatUninter\/\" \/>\r\n<meta property=\"article:modified_time\" content=\"2021-11-24T17:28:21+00:00\" \/>\r\n<meta property=\"og:image\" content=\"https:\/\/blogs.uninter.edu.mx\/ESCAT\/wp-content\/uploads\/2021\/11\/Clausura.jpg\" \/>\r\n<meta name=\"twitter:card\" content=\"summary_large_image\" \/>\r\n<meta name=\"twitter:site\" content=\"@EscatUninter\" \/>\r\n<meta name=\"twitter:label1\" content=\"Tiempo de lectura\" \/>\n\t<meta name=\"twitter:data1\" content=\"3 minutos\" \/>\r\n<script type=\"application\/ld+json\" class=\"yoast-schema-graph\">{\"@context\":\"https:\/\/schema.org\",\"@graph\":[{\"@type\":\"WebPage\",\"@id\":\"https:\/\/blogs.uninter.edu.mx\/ESCAT\/index.php\/fashion-show-udi21\/\",\"url\":\"https:\/\/blogs.uninter.edu.mx\/ESCAT\/index.php\/fashion-show-udi21\/\",\"name\":\"#FeriaUDI21 Fashion Show - Escuela de Ciencias, Artes y Tecnolog\u00eda\",\"isPartOf\":{\"@id\":\"https:\/\/blogs.uninter.edu.mx\/ESCAT\/#website\"},\"primaryImageOfPage\":{\"@id\":\"https:\/\/blogs.uninter.edu.mx\/ESCAT\/index.php\/fashion-show-udi21\/#primaryimage\"},\"image\":{\"@id\":\"https:\/\/blogs.uninter.edu.mx\/ESCAT\/index.php\/fashion-show-udi21\/#primaryimage\"},\"thumbnailUrl\":\"https:\/\/blogs.uninter.edu.mx\/ESCAT\/wp-content\/uploads\/2021\/11\/Clausura.jpg\",\"datePublished\":\"2021-11-23T22:22:17+00:00\",\"dateModified\":\"2021-11-24T17:28:21+00:00\",\"breadcrumb\":{\"@id\":\"https:\/\/blogs.uninter.edu.mx\/ESCAT\/index.php\/fashion-show-udi21\/#breadcrumb\"},\"inLanguage\":\"es\",\"potentialAction\":[{\"@type\":\"ReadAction\",\"target\":[\"https:\/\/blogs.uninter.edu.mx\/ESCAT\/index.php\/fashion-show-udi21\/\"]}]},{\"@type\":\"ImageObject\",\"inLanguage\":\"es\",\"@id\":\"https:\/\/blogs.uninter.edu.mx\/ESCAT\/index.php\/fashion-show-udi21\/#primaryimage\",\"url\":\"https:\/\/blogs.uninter.edu.mx\/ESCAT\/wp-content\/uploads\/2021\/11\/Clausura.jpg\",\"contentUrl\":\"https:\/\/blogs.uninter.edu.mx\/ESCAT\/wp-content\/uploads\/2021\/11\/Clausura.jpg\",\"width\":1080,\"height\":1080},{\"@type\":\"BreadcrumbList\",\"@id\":\"https:\/\/blogs.uninter.edu.mx\/ESCAT\/index.php\/fashion-show-udi21\/#breadcrumb\",\"itemListElement\":[{\"@type\":\"ListItem\",\"position\":1,\"name\":\"Inicio\",\"item\":\"https:\/\/blogs.uninter.edu.mx\/ESCAT\/\"},{\"@type\":\"ListItem\",\"position\":2,\"name\":\"#FeriaUDI21 Fashion Show\"}]},{\"@type\":\"WebSite\",\"@id\":\"https:\/\/blogs.uninter.edu.mx\/ESCAT\/#website\",\"url\":\"https:\/\/blogs.uninter.edu.mx\/ESCAT\/\",\"name\":\"Escuela de Ciencias, Artes y Tecnolog\u00eda UNINTER\",\"description\":\"ESCAT\",\"potentialAction\":[{\"@type\":\"SearchAction\",\"target\":{\"@type\":\"EntryPoint\",\"urlTemplate\":\"https:\/\/blogs.uninter.edu.mx\/ESCAT\/?s={search_term_string}\"},\"query-input\":{\"@type\":\"PropertyValueSpecification\",\"valueRequired\":true,\"valueName\":\"search_term_string\"}}],\"inLanguage\":\"es\"}]}<\/script>\r\n<!-- \/ Yoast SEO plugin. -->","yoast_head_json":{"title":"#FeriaUDI21 Fashion Show - Escuela de Ciencias, Artes y Tecnolog\u00eda","robots":{"index":"index","follow":"follow","max-snippet":"max-snippet:-1","max-image-preview":"max-image-preview:large","max-video-preview":"max-video-preview:-1"},"canonical":"https:\/\/blogs.uninter.edu.mx\/ESCAT\/index.php\/fashion-show-udi21\/","og_locale":"es_MX","og_type":"article","og_title":"#FeriaUDI21 Fashion Show - Escuela de Ciencias, Artes y Tecnolog\u00eda","og_description":"Te invitamos a que seas parte del&nbsp;Fashion Day. En donde estudiantes de la&nbsp;Licenciatura de Dise\u00f1o de Modas y Tendencias Internacionales&nbsp;muestran su gran talento al presentar su colecci\u00f3n 2021. Viernes 3 de diciembre en la Casona Spencer M\u00e1s informaci\u00f3n sobre la Feria de Dise\u00f1o e Ingenier\u00eda2021\u2026 M\u00e1s sobre la ESCAT\u2026","og_url":"https:\/\/blogs.uninter.edu.mx\/ESCAT\/index.php\/fashion-show-udi21\/","og_site_name":"Escuela de Ciencias, Artes y Tecnolog\u00eda","article_publisher":"https:\/\/www.facebook.com\/EscatUninter\/","article_modified_time":"2021-11-24T17:28:21+00:00","og_image":[{"url":"https:\/\/blogs.uninter.edu.mx\/ESCAT\/wp-content\/uploads\/2021\/11\/Clausura.jpg","type":"","width":"","height":""}],"twitter_card":"summary_large_image","twitter_site":"@EscatUninter","twitter_misc":{"Tiempo de lectura":"3 minutos"},"schema":{"@context":"https:\/\/schema.org","@graph":[{"@type":"WebPage","@id":"https:\/\/blogs.uninter.edu.mx\/ESCAT\/index.php\/fashion-show-udi21\/","url":"https:\/\/blogs.uninter.edu.mx\/ESCAT\/index.php\/fashion-show-udi21\/","name":"#FeriaUDI21 Fashion Show - Escuela de Ciencias, Artes y Tecnolog\u00eda","isPartOf":{"@id":"https:\/\/blogs.uninter.edu.mx\/ESCAT\/#website"},"primaryImageOfPage":{"@id":"https:\/\/blogs.uninter.edu.mx\/ESCAT\/index.php\/fashion-show-udi21\/#primaryimage"},"image":{"@id":"https:\/\/blogs.uninter.edu.mx\/ESCAT\/index.php\/fashion-show-udi21\/#primaryimage"},"thumbnailUrl":"https:\/\/blogs.uninter.edu.mx\/ESCAT\/wp-content\/uploads\/2021\/11\/Clausura.jpg","datePublished":"2021-11-23T22:22:17+00:00","dateModified":"2021-11-24T17:28:21+00:00","breadcrumb":{"@id":"https:\/\/blogs.uninter.edu.mx\/ESCAT\/index.php\/fashion-show-udi21\/#breadcrumb"},"inLanguage":"es","potentialAction":[{"@type":"ReadAction","target":["https:\/\/blogs.uninter.edu.mx\/ESCAT\/index.php\/fashion-show-udi21\/"]}]},{"@type":"ImageObject","inLanguage":"es","@id":"https:\/\/blogs.uninter.edu.mx\/ESCAT\/index.php\/fashion-show-udi21\/#primaryimage","url":"https:\/\/blogs.uninter.edu.mx\/ESCAT\/wp-content\/uploads\/2021\/11\/Clausura.jpg","contentUrl":"https:\/\/blogs.uninter.edu.mx\/ESCAT\/wp-content\/uploads\/2021\/11\/Clausura.jpg","width":1080,"height":1080},{"@type":"BreadcrumbList","@id":"https:\/\/blogs.uninter.edu.mx\/ESCAT\/index.php\/fashion-show-udi21\/#breadcrumb","itemListElement":[{"@type":"ListItem","position":1,"name":"Inicio","item":"https:\/\/blogs.uninter.edu.mx\/ESCAT\/"},{"@type":"ListItem","position":2,"name":"#FeriaUDI21 Fashion Show"}]},{"@type":"WebSite","@id":"https:\/\/blogs.uninter.edu.mx\/ESCAT\/#website","url":"https:\/\/blogs.uninter.edu.mx\/ESCAT\/","name":"Escuela de Ciencias, Artes y Tecnolog\u00eda UNINTER","description":"ESCAT","potentialAction":[{"@type":"SearchAction","target":{"@type":"EntryPoint","urlTemplate":"https:\/\/blogs.uninter.edu.mx\/ESCAT\/?s={search_term_string}"},"query-input":{"@type":"PropertyValueSpecification","valueRequired":true,"valueName":"search_term_string"}}],"inLanguage":"es"}]}},"jetpack_sharing_enabled":true,"_links":{"self":[{"href":"https:\/\/blogs.uninter.edu.mx\/ESCAT\/index.php\/wp-json\/wp\/v2\/pages\/46856","targetHints":{"allow":["GET"]}}],"collection":[{"href":"https:\/\/blogs.uninter.edu.mx\/ESCAT\/index.php\/wp-json\/wp\/v2\/pages"}],"about":[{"href":"https:\/\/blogs.uninter.edu.mx\/ESCAT\/index.php\/wp-json\/wp\/v2\/types\/page"}],"author":[{"embeddable":true,"href":"https:\/\/blogs.uninter.edu.mx\/ESCAT\/index.php\/wp-json\/wp\/v2\/users\/22"}],"replies":[{"embeddable":true,"href":"https:\/\/blogs.uninter.edu.mx\/ESCAT\/index.php\/wp-json\/wp\/v2\/comments?post=46856"}],"version-history":[{"count":13,"href":"https:\/\/blogs.uninter.edu.mx\/ESCAT\/index.php\/wp-json\/wp\/v2\/pages\/46856\/revisions"}],"predecessor-version":[{"id":46951,"href":"https:\/\/blogs.uninter.edu.mx\/ESCAT\/index.php\/wp-json\/wp\/v2\/pages\/46856\/revisions\/46951"}],"wp:attachment":[{"href":"https:\/\/blogs.uninter.edu.mx\/ESCAT\/index.php\/wp-json\/wp\/v2\/media?parent=46856"}],"curies":[{"name":"wp","href":"https:\/\/api.w.org\/{rel}","templated":true}]}}