{"id":62438,"date":"2023-10-25T10:19:39","date_gmt":"2023-10-25T15:19:39","guid":{"rendered":"https:\/\/blogs.uninter.edu.mx\/ESCAT\/?page_id=62438"},"modified":"2023-10-31T14:18:03","modified_gmt":"2023-10-31T20:18:03","slug":"feriaudi23","status":"publish","type":"page","link":"https:\/\/blogs.uninter.edu.mx\/ESCAT\/index.php\/feriaudi23\/","title":{"rendered":"#FeriaUDI23"},"content":{"rendered":"<div class=\"wp-block-image\">\n<figure class=\"aligncenter size-full\"><a href=\"https:\/\/www.facebook.com\/EscatUninter\"><img loading=\"lazy\" decoding=\"async\" width=\"467\" height=\"313\" src=\"https:\/\/blogs.uninter.edu.mx\/ESCAT\/wp-content\/uploads\/2023\/10\/2.png\" alt=\"\" class=\"wp-image-62664\"\/><\/a><\/figure>\n<\/div>\n\n\n<h1 class=\"wp-block-heading has-black-color has-text-color\">Feria Uninter de Dise\u00f1o e Ingenier\u00eda 2023<\/h1>\n\n\n\n<p class=\"has-black-color has-text-color\">La Feria Uninter de Dise\u00f1o e Ingenier\u00eda 2023 es un evento institucional de la Universidad Internacional que se realiza anualmente y en \u00e9l se llevan a cabo conferencias y pasarela de modas.<\/p>\n\n\n\n<p>Dichas actividades est\u00e1n dirigidas a estudiantes de las carreras:<\/p>\n\n\n\n<ul class=\"wp-block-list\">\n<li><a href=\"https:\/\/universidad.uninter.edu.mx\/carreras\/IME\">Ingenier\u00eda Mecatr\u00f3nica<\/a><\/li>\n\n\n\n<li><a href=\"https:\/\/universidad.uninter.edu.mx\/carreras\/IMI\">Ingenier\u00eda Mec\u00e1nica Industrial<\/a><\/li>\n\n\n\n<li><a href=\"https:\/\/universidad.uninter.edu.mx\/carreras\/IISCA\">Ingenier\u00eda Industrial y de Sistemas de Calidad<\/a><\/li>\n\n\n\n<li><a href=\"https:\/\/universidad.uninter.edu.mx\/carreras\/ISC\">Ingenier\u00eda en Sistemas Computacionales<\/a><\/li>\n\n\n\n<li><a href=\"https:\/\/universidad.uninter.edu.mx\/carreras\/IAM\">Ingenier\u00eda Ambiental<\/a><\/li>\n\n\n\n<li><a href=\"https:\/\/universidad.uninter.edu.mx\/carreras\/LDM\">Dise\u00f1o de Modas y Tendencias Internacionales<\/a><\/li>\n\n\n\n<li><a href=\"https:\/\/universidad.uninter.edu.mx\/carreras\/LDI\">Dise\u00f1o Industrial<\/a><\/li>\n\n\n\n<li><a href=\"https:\/\/universidad.uninter.edu.mx\/carreras\/LDG\">Dise\u00f1o Gr\u00e1fico<\/a><\/li>\n\n\n\n<li><a href=\"https:\/\/universidad.uninter.edu.mx\/carreras\/LADD\">Animaci\u00f3n y Dise\u00f1o Digital<\/a><\/li>\n<\/ul>\n\n\n\n<p>La FeriaUDI23 tiene como objetivo el motivar y ampliar temas de inter\u00e9s de los estudiantes y docentes, logrando orientar el papel de los universitarios en esta profunda transformaci\u00f3n en los empleos, productos, servicios, la industria y la educaci\u00f3n.<\/p>\n\n\n\n<p>\u00a1\u00a1No te la pierdas!!&nbsp;#FeriaUDI23&nbsp;y fortalece tu aprendizaje, en esta ocasi\u00f3n completamente presencial.<\/p>\n\n\n\n<figure class=\"wp-block-image size-full\"><img loading=\"lazy\" decoding=\"async\" width=\"1080\" height=\"1080\" src=\"https:\/\/blogs.uninter.edu.mx\/ESCAT\/wp-content\/uploads\/2023\/10\/postal_general.jpg\" alt=\"\" class=\"wp-image-62662\"\/><\/figure>\n\n\n\n<figure class=\"wp-block-image size-full\"><img loading=\"lazy\" decoding=\"async\" width=\"4500\" height=\"4500\" src=\"https:\/\/blogs.uninter.edu.mx\/ESCAT\/wp-content\/uploads\/2023\/10\/FERIA-ESCAT-.jpg\" alt=\"\" class=\"wp-image-62777\"\/><\/figure>\n\n\n\n<p class=\"has-text-align-right\"><a href=\"https:\/\/www.facebook.com\/events\/859287052246941\">M\u00e1s informaci\u00f3n sobre la Feria de Dise\u00f1o e Ingenier\u00eda 2023\u2026<\/a><\/p>\n\n\n\n<p class=\"has-text-align-right\"><a href=\"https:\/\/blogs.uninter.edu.mx\/ESCAT\/\">M\u00e1s sobre la ESCAT<\/a><\/p>\n\n\n\n<figure class=\"wp-block-image\"><a href=\"https:\/\/uninter.edu.mx\/\"><img loading=\"lazy\" decoding=\"async\" width=\"1024\" height=\"154\" src=\"https:\/\/blogs.uninter.edu.mx\/ESCAT\/wp-content\/uploads\/2019\/10\/4-1024x154-1-1024x154-1024x154.png\" alt=\"Universidad Internacional\" class=\"wp-image-33610\" srcset=\"https:\/\/blogs.uninter.edu.mx\/ESCAT\/wp-content\/uploads\/2019\/10\/4-1024x154-1-1024x154.png 1024w, https:\/\/blogs.uninter.edu.mx\/ESCAT\/wp-content\/uploads\/2019\/10\/4-1024x154-1-1024x154-300x45.png 300w, https:\/\/blogs.uninter.edu.mx\/ESCAT\/wp-content\/uploads\/2019\/10\/4-1024x154-1-1024x154-768x116.png 768w\" sizes=\"auto, (max-width: 1024px) 100vw, 1024px\" \/><\/a><\/figure>\n","protected":false},"excerpt":{"rendered":"<p>Feria Uninter de Dise\u00f1o e Ingenier\u00eda 2023 La Feria Uninter de Dise\u00f1o e Ingenier\u00eda 2023 es un evento institucional de la Universidad Internacional que se realiza anualmente y en \u00e9l se llevan a cabo conferencias y pasarela de modas. Dichas actividades est\u00e1n dirigidas a estudiantes de las carreras: La FeriaUDI23 tiene como objetivo el motivar&hellip;<\/p>\n","protected":false},"author":33,"featured_media":0,"parent":0,"menu_order":0,"comment_status":"closed","ping_status":"closed","template":"","meta":{"footnotes":""},"class_list":["post-62438","page","type-page","status-publish","hentry"],"yoast_head":"<!-- This site is optimized with the Yoast SEO plugin v26.8 - https:\/\/yoast.com\/product\/yoast-seo-wordpress\/ -->\r\n<title>#FeriaUDI23 - Escuela de Ciencias, Artes y Tecnolog\u00eda<\/title>\r\n<meta name=\"robots\" content=\"index, follow, max-snippet:-1, max-image-preview:large, max-video-preview:-1\" \/>\r\n<link rel=\"canonical\" href=\"https:\/\/blogs.uninter.edu.mx\/ESCAT\/index.php\/feriaudi23\/\" \/>\r\n<meta property=\"og:locale\" content=\"es_MX\" \/>\r\n<meta property=\"og:type\" content=\"article\" \/>\r\n<meta property=\"og:title\" content=\"#FeriaUDI23 - Escuela de Ciencias, Artes y Tecnolog\u00eda\" \/>\r\n<meta property=\"og:description\" content=\"Feria Uninter de Dise\u00f1o e Ingenier\u00eda 2023 La Feria Uninter de Dise\u00f1o e Ingenier\u00eda 2023 es un evento institucional de la Universidad Internacional que se realiza anualmente y en \u00e9l se llevan a cabo conferencias y pasarela de modas. Dichas actividades est\u00e1n dirigidas a estudiantes de las carreras: La FeriaUDI23 tiene como objetivo el motivar&hellip;\" \/>\r\n<meta property=\"og:url\" content=\"https:\/\/blogs.uninter.edu.mx\/ESCAT\/index.php\/feriaudi23\/\" \/>\r\n<meta property=\"og:site_name\" content=\"Escuela de Ciencias, Artes y Tecnolog\u00eda\" \/>\r\n<meta property=\"article:publisher\" content=\"https:\/\/www.facebook.com\/EscatUninter\/\" \/>\r\n<meta property=\"article:modified_time\" content=\"2023-10-31T20:18:03+00:00\" \/>\r\n<meta property=\"og:image\" content=\"https:\/\/blogs.uninter.edu.mx\/ESCAT\/wp-content\/uploads\/2023\/10\/2.png\" \/>\r\n<meta name=\"twitter:card\" content=\"summary_large_image\" \/>\r\n<meta name=\"twitter:site\" content=\"@EscatUninter\" \/>\r\n<meta name=\"twitter:label1\" content=\"Tiempo de lectura\" \/>\n\t<meta name=\"twitter:data1\" content=\"2 minutos\" \/>\r\n<script type=\"application\/ld+json\" class=\"yoast-schema-graph\">{\"@context\":\"https:\/\/schema.org\",\"@graph\":[{\"@type\":\"WebPage\",\"@id\":\"https:\/\/blogs.uninter.edu.mx\/ESCAT\/index.php\/feriaudi23\/\",\"url\":\"https:\/\/blogs.uninter.edu.mx\/ESCAT\/index.php\/feriaudi23\/\",\"name\":\"#FeriaUDI23 - Escuela de Ciencias, Artes y Tecnolog\u00eda\",\"isPartOf\":{\"@id\":\"https:\/\/blogs.uninter.edu.mx\/ESCAT\/#website\"},\"primaryImageOfPage\":{\"@id\":\"https:\/\/blogs.uninter.edu.mx\/ESCAT\/index.php\/feriaudi23\/#primaryimage\"},\"image\":{\"@id\":\"https:\/\/blogs.uninter.edu.mx\/ESCAT\/index.php\/feriaudi23\/#primaryimage\"},\"thumbnailUrl\":\"https:\/\/blogs.uninter.edu.mx\/ESCAT\/wp-content\/uploads\/2023\/10\/2.png\",\"datePublished\":\"2023-10-25T15:19:39+00:00\",\"dateModified\":\"2023-10-31T20:18:03+00:00\",\"breadcrumb\":{\"@id\":\"https:\/\/blogs.uninter.edu.mx\/ESCAT\/index.php\/feriaudi23\/#breadcrumb\"},\"inLanguage\":\"es\",\"potentialAction\":[{\"@type\":\"ReadAction\",\"target\":[\"https:\/\/blogs.uninter.edu.mx\/ESCAT\/index.php\/feriaudi23\/\"]}]},{\"@type\":\"ImageObject\",\"inLanguage\":\"es\",\"@id\":\"https:\/\/blogs.uninter.edu.mx\/ESCAT\/index.php\/feriaudi23\/#primaryimage\",\"url\":\"https:\/\/blogs.uninter.edu.mx\/ESCAT\/wp-content\/uploads\/2023\/10\/2.png\",\"contentUrl\":\"https:\/\/blogs.uninter.edu.mx\/ESCAT\/wp-content\/uploads\/2023\/10\/2.png\",\"width\":467,\"height\":313},{\"@type\":\"BreadcrumbList\",\"@id\":\"https:\/\/blogs.uninter.edu.mx\/ESCAT\/index.php\/feriaudi23\/#breadcrumb\",\"itemListElement\":[{\"@type\":\"ListItem\",\"position\":1,\"name\":\"Inicio\",\"item\":\"https:\/\/blogs.uninter.edu.mx\/ESCAT\/\"},{\"@type\":\"ListItem\",\"position\":2,\"name\":\"#FeriaUDI23\"}]},{\"@type\":\"WebSite\",\"@id\":\"https:\/\/blogs.uninter.edu.mx\/ESCAT\/#website\",\"url\":\"https:\/\/blogs.uninter.edu.mx\/ESCAT\/\",\"name\":\"Escuela de Ciencias, Artes y Tecnolog\u00eda UNINTER\",\"description\":\"ESCAT\",\"potentialAction\":[{\"@type\":\"SearchAction\",\"target\":{\"@type\":\"EntryPoint\",\"urlTemplate\":\"https:\/\/blogs.uninter.edu.mx\/ESCAT\/?s={search_term_string}\"},\"query-input\":{\"@type\":\"PropertyValueSpecification\",\"valueRequired\":true,\"valueName\":\"search_term_string\"}}],\"inLanguage\":\"es\"}]}<\/script>\r\n<!-- \/ Yoast SEO plugin. -->","yoast_head_json":{"title":"#FeriaUDI23 - Escuela de Ciencias, Artes y Tecnolog\u00eda","robots":{"index":"index","follow":"follow","max-snippet":"max-snippet:-1","max-image-preview":"max-image-preview:large","max-video-preview":"max-video-preview:-1"},"canonical":"https:\/\/blogs.uninter.edu.mx\/ESCAT\/index.php\/feriaudi23\/","og_locale":"es_MX","og_type":"article","og_title":"#FeriaUDI23 - Escuela de Ciencias, Artes y Tecnolog\u00eda","og_description":"Feria Uninter de Dise\u00f1o e Ingenier\u00eda 2023 La Feria Uninter de Dise\u00f1o e Ingenier\u00eda 2023 es un evento institucional de la Universidad Internacional que se realiza anualmente y en \u00e9l se llevan a cabo conferencias y pasarela de modas. Dichas actividades est\u00e1n dirigidas a estudiantes de las carreras: La FeriaUDI23 tiene como objetivo el motivar&hellip;","og_url":"https:\/\/blogs.uninter.edu.mx\/ESCAT\/index.php\/feriaudi23\/","og_site_name":"Escuela de Ciencias, Artes y Tecnolog\u00eda","article_publisher":"https:\/\/www.facebook.com\/EscatUninter\/","article_modified_time":"2023-10-31T20:18:03+00:00","og_image":[{"url":"https:\/\/blogs.uninter.edu.mx\/ESCAT\/wp-content\/uploads\/2023\/10\/2.png","type":"","width":"","height":""}],"twitter_card":"summary_large_image","twitter_site":"@EscatUninter","twitter_misc":{"Tiempo de lectura":"2 minutos"},"schema":{"@context":"https:\/\/schema.org","@graph":[{"@type":"WebPage","@id":"https:\/\/blogs.uninter.edu.mx\/ESCAT\/index.php\/feriaudi23\/","url":"https:\/\/blogs.uninter.edu.mx\/ESCAT\/index.php\/feriaudi23\/","name":"#FeriaUDI23 - Escuela de Ciencias, Artes y Tecnolog\u00eda","isPartOf":{"@id":"https:\/\/blogs.uninter.edu.mx\/ESCAT\/#website"},"primaryImageOfPage":{"@id":"https:\/\/blogs.uninter.edu.mx\/ESCAT\/index.php\/feriaudi23\/#primaryimage"},"image":{"@id":"https:\/\/blogs.uninter.edu.mx\/ESCAT\/index.php\/feriaudi23\/#primaryimage"},"thumbnailUrl":"https:\/\/blogs.uninter.edu.mx\/ESCAT\/wp-content\/uploads\/2023\/10\/2.png","datePublished":"2023-10-25T15:19:39+00:00","dateModified":"2023-10-31T20:18:03+00:00","breadcrumb":{"@id":"https:\/\/blogs.uninter.edu.mx\/ESCAT\/index.php\/feriaudi23\/#breadcrumb"},"inLanguage":"es","potentialAction":[{"@type":"ReadAction","target":["https:\/\/blogs.uninter.edu.mx\/ESCAT\/index.php\/feriaudi23\/"]}]},{"@type":"ImageObject","inLanguage":"es","@id":"https:\/\/blogs.uninter.edu.mx\/ESCAT\/index.php\/feriaudi23\/#primaryimage","url":"https:\/\/blogs.uninter.edu.mx\/ESCAT\/wp-content\/uploads\/2023\/10\/2.png","contentUrl":"https:\/\/blogs.uninter.edu.mx\/ESCAT\/wp-content\/uploads\/2023\/10\/2.png","width":467,"height":313},{"@type":"BreadcrumbList","@id":"https:\/\/blogs.uninter.edu.mx\/ESCAT\/index.php\/feriaudi23\/#breadcrumb","itemListElement":[{"@type":"ListItem","position":1,"name":"Inicio","item":"https:\/\/blogs.uninter.edu.mx\/ESCAT\/"},{"@type":"ListItem","position":2,"name":"#FeriaUDI23"}]},{"@type":"WebSite","@id":"https:\/\/blogs.uninter.edu.mx\/ESCAT\/#website","url":"https:\/\/blogs.uninter.edu.mx\/ESCAT\/","name":"Escuela de Ciencias, Artes y Tecnolog\u00eda UNINTER","description":"ESCAT","potentialAction":[{"@type":"SearchAction","target":{"@type":"EntryPoint","urlTemplate":"https:\/\/blogs.uninter.edu.mx\/ESCAT\/?s={search_term_string}"},"query-input":{"@type":"PropertyValueSpecification","valueRequired":true,"valueName":"search_term_string"}}],"inLanguage":"es"}]}},"jetpack_sharing_enabled":true,"_links":{"self":[{"href":"https:\/\/blogs.uninter.edu.mx\/ESCAT\/index.php\/wp-json\/wp\/v2\/pages\/62438","targetHints":{"allow":["GET"]}}],"collection":[{"href":"https:\/\/blogs.uninter.edu.mx\/ESCAT\/index.php\/wp-json\/wp\/v2\/pages"}],"about":[{"href":"https:\/\/blogs.uninter.edu.mx\/ESCAT\/index.php\/wp-json\/wp\/v2\/types\/page"}],"author":[{"embeddable":true,"href":"https:\/\/blogs.uninter.edu.mx\/ESCAT\/index.php\/wp-json\/wp\/v2\/users\/33"}],"replies":[{"embeddable":true,"href":"https:\/\/blogs.uninter.edu.mx\/ESCAT\/index.php\/wp-json\/wp\/v2\/comments?post=62438"}],"version-history":[{"count":6,"href":"https:\/\/blogs.uninter.edu.mx\/ESCAT\/index.php\/wp-json\/wp\/v2\/pages\/62438\/revisions"}],"predecessor-version":[{"id":62779,"href":"https:\/\/blogs.uninter.edu.mx\/ESCAT\/index.php\/wp-json\/wp\/v2\/pages\/62438\/revisions\/62779"}],"wp:attachment":[{"href":"https:\/\/blogs.uninter.edu.mx\/ESCAT\/index.php\/wp-json\/wp\/v2\/media?parent=62438"}],"curies":[{"name":"wp","href":"https:\/\/api.w.org\/{rel}","templated":true}]}}