{"id":74778,"date":"2025-06-10T13:32:29","date_gmt":"2025-06-10T18:32:29","guid":{"rendered":"https:\/\/blogs.uninter.edu.mx\/ESCAT\/?page_id=74778"},"modified":"2025-11-05T11:00:44","modified_gmt":"2025-11-05T17:00:44","slug":"feriaudi25-fashion-day","status":"publish","type":"page","link":"https:\/\/blogs.uninter.edu.mx\/ESCAT\/index.php\/feriaudi25-fashion-day\/","title":{"rendered":"#FeriaUDI25 Fashion Day"},"content":{"rendered":"<div class=\"wp-block-image\">\n<figure class=\"aligncenter size-full is-resized\"><a href=\"https:\/\/www.facebook.com\/EscatUninter\"><img loading=\"lazy\" decoding=\"async\" width=\"1076\" height=\"696\" src=\"https:\/\/blogs.uninter.edu.mx\/ESCAT\/wp-content\/uploads\/2025\/07\/Banner-Blog-1.png\" alt=\"\" class=\"wp-image-75647\" style=\"width:538px;height:348px\"\/><\/a><\/figure>\n<\/div>\n\n\n<h2 class=\"wp-block-heading has-text-align-center\">Jueves 27 de noviembre<\/h2>\n\n\n\n<p>Te invitamos a que seas parte del&nbsp;<em>Fashion Day.<\/em><\/p>\n\n\n\n<p>En donde estudiantes de la&nbsp;<a href=\"https:\/\/universidad.uninter.edu.mx\/carreras\/LDM\">Licenciatura de Dise\u00f1o de Modas y Tendencias Internacionales<\/a>&nbsp;muestran su gran talento al presentar su colecci\u00f3n 2025.<\/p>\n\n\n\n<figure class=\"wp-block-image size-full\"><img loading=\"lazy\" decoding=\"async\" width=\"5000\" height=\"5000\" src=\"https:\/\/blogs.uninter.edu.mx\/ESCAT\/wp-content\/uploads\/2025\/09\/Postal-Fashion-Day_FERIA-ESCAT-2025-04.jpg\" alt=\"\" class=\"wp-image-76724\"\/><\/figure>\n\n\n\n<p>Descubre nuestras pasarelas anteriores \u2014 Insp\u00edrate y \u00fanete a la pr\u00f3xima generaci\u00f3n.<\/p>\n\n\n\n<figure class=\"wp-block-embed is-type-video is-provider-youtube wp-block-embed-youtube wp-embed-aspect-16-9 wp-has-aspect-ratio\"><div class=\"wp-block-embed__wrapper\">\n<iframe loading=\"lazy\" title=\"Pasarela fashion day Feria Uninter Dise\u00f1o e Ingenier\u00eda 2024\" width=\"700\" height=\"394\" src=\"https:\/\/www.youtube.com\/embed\/DabPkPc684g?feature=oembed\" frameborder=\"0\" allow=\"accelerometer; autoplay; clipboard-write; encrypted-media; gyroscope; picture-in-picture; web-share\" referrerpolicy=\"strict-origin-when-cross-origin\" allowfullscreen><\/iframe>\n<\/div><\/figure>\n\n\n\n<figure class=\"wp-block-embed is-type-video is-provider-youtube wp-block-embed-youtube wp-embed-aspect-16-9 wp-has-aspect-ratio\"><div class=\"wp-block-embed__wrapper\">\n<iframe loading=\"lazy\" title=\"4to Fashion Day 2023 \/ #FeriaUDI23\" width=\"700\" height=\"394\" src=\"https:\/\/www.youtube.com\/embed\/GuhSz3c2rrQ?feature=oembed\" frameborder=\"0\" allow=\"accelerometer; autoplay; clipboard-write; encrypted-media; gyroscope; picture-in-picture; web-share\" referrerpolicy=\"strict-origin-when-cross-origin\" allowfullscreen><\/iframe>\n<\/div><\/figure>\n\n\n\n<figure class=\"wp-block-embed is-type-video is-provider-youtube wp-block-embed-youtube wp-embed-aspect-16-9 wp-has-aspect-ratio\"><div class=\"wp-block-embed__wrapper\">\n<iframe loading=\"lazy\" title=\"3er Fashion Day 2022 \/ #FeriaUDI22\" width=\"700\" height=\"394\" src=\"https:\/\/www.youtube.com\/embed\/mzmduc4tWlc?feature=oembed\" frameborder=\"0\" allow=\"accelerometer; autoplay; clipboard-write; encrypted-media; gyroscope; picture-in-picture; web-share\" referrerpolicy=\"strict-origin-when-cross-origin\" allowfullscreen><\/iframe>\n<\/div><\/figure>\n\n\n\n<p>Dise\u00f1os que cuentan historias \u2014 descubre nuestros proyectos de moda.<\/p>\n\n\n\n<figure class=\"wp-block-gallery has-nested-images columns-default is-cropped wp-block-gallery-1 is-layout-flex wp-block-gallery-is-layout-flex\">\n<figure class=\"wp-block-image size-large\"><img loading=\"lazy\" decoding=\"async\" width=\"6000\" height=\"4000\" data-id=\"77862\" src=\"https:\/\/blogs.uninter.edu.mx\/ESCAT\/wp-content\/uploads\/2025\/11\/IMG_2684-2.jpg\" alt=\"\" class=\"wp-image-77862\"\/><\/figure>\n\n\n\n<figure class=\"wp-block-image size-large\"><img loading=\"lazy\" decoding=\"async\" width=\"6000\" height=\"4000\" data-id=\"77863\" src=\"https:\/\/blogs.uninter.edu.mx\/ESCAT\/wp-content\/uploads\/2025\/11\/IMG_2498-2.jpg\" alt=\"\" class=\"wp-image-77863\"\/><\/figure>\n\n\n\n<figure class=\"wp-block-image size-large\"><img loading=\"lazy\" decoding=\"async\" width=\"6000\" height=\"4000\" data-id=\"77864\" src=\"https:\/\/blogs.uninter.edu.mx\/ESCAT\/wp-content\/uploads\/2025\/11\/IMG_2664-2.jpg\" alt=\"\" class=\"wp-image-77864\"\/><\/figure>\n\n\n\n<figure class=\"wp-block-image size-large\"><img loading=\"lazy\" decoding=\"async\" width=\"6000\" height=\"4000\" data-id=\"77865\" src=\"https:\/\/blogs.uninter.edu.mx\/ESCAT\/wp-content\/uploads\/2025\/11\/IMG_2702-2.jpg\" alt=\"\" class=\"wp-image-77865\"\/><\/figure>\n\n\n\n<figure class=\"wp-block-image size-large\"><img loading=\"lazy\" decoding=\"async\" width=\"6000\" height=\"4000\" data-id=\"77866\" src=\"https:\/\/blogs.uninter.edu.mx\/ESCAT\/wp-content\/uploads\/2025\/11\/IMG_2444-2.jpg\" alt=\"\" class=\"wp-image-77866\"\/><\/figure>\n\n\n\n<figure class=\"wp-block-image size-large\"><img loading=\"lazy\" decoding=\"async\" width=\"6000\" height=\"4000\" data-id=\"77867\" src=\"https:\/\/blogs.uninter.edu.mx\/ESCAT\/wp-content\/uploads\/2025\/11\/IMG_2421-2.jpg\" alt=\"\" class=\"wp-image-77867\"\/><\/figure>\n\n\n\n<figure class=\"wp-block-image size-large\"><img loading=\"lazy\" decoding=\"async\" width=\"6000\" height=\"4000\" data-id=\"77868\" src=\"https:\/\/blogs.uninter.edu.mx\/ESCAT\/wp-content\/uploads\/2025\/11\/IMG_2474-2.jpg\" alt=\"\" class=\"wp-image-77868\"\/><\/figure>\n\n\n\n<figure class=\"wp-block-image size-large\"><img loading=\"lazy\" decoding=\"async\" width=\"6000\" height=\"4000\" data-id=\"77869\" src=\"https:\/\/blogs.uninter.edu.mx\/ESCAT\/wp-content\/uploads\/2025\/11\/IMG_2587-2.jpg\" alt=\"\" class=\"wp-image-77869\"\/><\/figure>\n\n\n\n<figure class=\"wp-block-image size-large\"><img loading=\"lazy\" decoding=\"async\" width=\"6000\" height=\"4000\" data-id=\"77870\" src=\"https:\/\/blogs.uninter.edu.mx\/ESCAT\/wp-content\/uploads\/2025\/11\/IMG_2451-2.jpg\" alt=\"\" class=\"wp-image-77870\"\/><\/figure>\n\n\n\n<figure class=\"wp-block-image size-large\"><img loading=\"lazy\" decoding=\"async\" width=\"6000\" height=\"4000\" data-id=\"77871\" src=\"https:\/\/blogs.uninter.edu.mx\/ESCAT\/wp-content\/uploads\/2025\/11\/IMG_2577-2.jpg\" alt=\"\" class=\"wp-image-77871\"\/><\/figure>\n\n\n\n<figure class=\"wp-block-image size-large\"><img loading=\"lazy\" decoding=\"async\" width=\"6000\" height=\"4000\" data-id=\"77872\" src=\"https:\/\/blogs.uninter.edu.mx\/ESCAT\/wp-content\/uploads\/2025\/11\/IMG_2367-2.jpg\" alt=\"\" class=\"wp-image-77872\"\/><\/figure>\n\n\n\n<figure class=\"wp-block-image size-large\"><img loading=\"lazy\" decoding=\"async\" width=\"6000\" height=\"4000\" data-id=\"77873\" src=\"https:\/\/blogs.uninter.edu.mx\/ESCAT\/wp-content\/uploads\/2025\/11\/IMG_2624-2.jpg\" alt=\"\" class=\"wp-image-77873\"\/><\/figure>\n\n\n\n<figure class=\"wp-block-image size-large\"><img loading=\"lazy\" decoding=\"async\" width=\"6000\" height=\"4000\" data-id=\"77874\" src=\"https:\/\/blogs.uninter.edu.mx\/ESCAT\/wp-content\/uploads\/2025\/11\/IMG_2534-2.jpg\" alt=\"\" class=\"wp-image-77874\"\/><\/figure>\n\n\n\n<figure class=\"wp-block-image size-large\"><img loading=\"lazy\" decoding=\"async\" width=\"6000\" height=\"4000\" data-id=\"77875\" src=\"https:\/\/blogs.uninter.edu.mx\/ESCAT\/wp-content\/uploads\/2025\/11\/IMG_2723-2.jpg\" alt=\"\" class=\"wp-image-77875\"\/><\/figure>\n\n\n\n<figure class=\"wp-block-image size-large\"><img loading=\"lazy\" decoding=\"async\" width=\"6000\" height=\"4000\" data-id=\"77876\" src=\"https:\/\/blogs.uninter.edu.mx\/ESCAT\/wp-content\/uploads\/2025\/11\/IMG_2578-2.jpg\" alt=\"\" class=\"wp-image-77876\"\/><\/figure>\n<\/figure>\n\n\n\n<p><\/p>\n\n\n\n<p class=\"has-text-align-right\"><a href=\"https:\/\/www.facebook.com\/share\/1C3GBdhghb\/\">M\u00e1s informaci\u00f3n sobre la Feria de Dise\u00f1o e Ingenier\u00eda 2025\u2026<\/a><\/p>\n\n\n\n<p class=\"has-text-align-right\"><a href=\"https:\/\/blogs.uninter.edu.mx\/ESCAT\/\">M\u00e1s sobre la ESCAT\u2026<\/a><\/p>\n\n\n\n<figure class=\"wp-block-image\"><a href=\"https:\/\/uninter.edu.mx\/\"><img loading=\"lazy\" decoding=\"async\" width=\"1024\" height=\"154\" src=\"https:\/\/blogs.uninter.edu.mx\/ESCAT\/wp-content\/uploads\/2019\/10\/4-1024x154-1-1024x154-1024x154.png\" alt=\"Universidad Internacional\" class=\"wp-image-33610\" srcset=\"https:\/\/blogs.uninter.edu.mx\/ESCAT\/wp-content\/uploads\/2019\/10\/4-1024x154-1-1024x154.png 1024w, https:\/\/blogs.uninter.edu.mx\/ESCAT\/wp-content\/uploads\/2019\/10\/4-1024x154-1-1024x154-300x45.png 300w, https:\/\/blogs.uninter.edu.mx\/ESCAT\/wp-content\/uploads\/2019\/10\/4-1024x154-1-1024x154-768x116.png 768w\" sizes=\"auto, (max-width: 1024px) 100vw, 1024px\" \/><\/a><\/figure>\n","protected":false},"excerpt":{"rendered":"<p>Jueves 27 de noviembre Te invitamos a que seas parte del&nbsp;Fashion Day. En donde estudiantes de la&nbsp;Licenciatura de Dise\u00f1o de Modas y Tendencias Internacionales&nbsp;muestran su gran talento al presentar su colecci\u00f3n 2025. Descubre nuestras pasarelas anteriores \u2014 Insp\u00edrate y \u00fanete a la pr\u00f3xima generaci\u00f3n. Dise\u00f1os que cuentan historias \u2014 descubre nuestros proyectos de moda. M\u00e1s&hellip;<\/p>\n","protected":false},"author":33,"featured_media":0,"parent":0,"menu_order":0,"comment_status":"closed","ping_status":"closed","template":"","meta":{"footnotes":""},"class_list":["post-74778","page","type-page","status-publish","hentry"],"yoast_head":"<!-- This site is optimized with the Yoast SEO plugin v26.8 - https:\/\/yoast.com\/product\/yoast-seo-wordpress\/ -->\r\n<title>#FeriaUDI25 Fashion Day - Escuela de Ciencias, Artes y Tecnolog\u00eda<\/title>\r\n<meta name=\"robots\" content=\"index, follow, max-snippet:-1, max-image-preview:large, max-video-preview:-1\" \/>\r\n<link rel=\"canonical\" href=\"https:\/\/blogs.uninter.edu.mx\/ESCAT\/index.php\/feriaudi25-fashion-day\/\" \/>\r\n<meta property=\"og:locale\" content=\"es_MX\" \/>\r\n<meta property=\"og:type\" content=\"article\" \/>\r\n<meta property=\"og:title\" content=\"#FeriaUDI25 Fashion Day - Escuela de Ciencias, Artes y Tecnolog\u00eda\" \/>\r\n<meta property=\"og:description\" content=\"Jueves 27 de noviembre Te invitamos a que seas parte del&nbsp;Fashion Day. En donde estudiantes de la&nbsp;Licenciatura de Dise\u00f1o de Modas y Tendencias Internacionales&nbsp;muestran su gran talento al presentar su colecci\u00f3n 2025. Descubre nuestras pasarelas anteriores \u2014 Insp\u00edrate y \u00fanete a la pr\u00f3xima generaci\u00f3n. Dise\u00f1os que cuentan historias \u2014 descubre nuestros proyectos de moda. M\u00e1s&hellip;\" \/>\r\n<meta property=\"og:url\" content=\"https:\/\/blogs.uninter.edu.mx\/ESCAT\/index.php\/feriaudi25-fashion-day\/\" \/>\r\n<meta property=\"og:site_name\" content=\"Escuela de Ciencias, Artes y Tecnolog\u00eda\" \/>\r\n<meta property=\"article:publisher\" content=\"https:\/\/www.facebook.com\/EscatUninter\/\" \/>\r\n<meta property=\"article:modified_time\" content=\"2025-11-05T17:00:44+00:00\" \/>\r\n<meta property=\"og:image\" content=\"https:\/\/blogs.uninter.edu.mx\/ESCAT\/wp-content\/uploads\/2025\/07\/Banner-Blog-1.png\" \/>\r\n\t<meta property=\"og:image:width\" content=\"1076\" \/>\r\n\t<meta property=\"og:image:height\" content=\"696\" \/>\r\n\t<meta property=\"og:image:type\" content=\"image\/png\" \/>\r\n<meta name=\"twitter:card\" content=\"summary_large_image\" \/>\r\n<meta name=\"twitter:site\" content=\"@EscatUninter\" \/>\r\n<meta name=\"twitter:label1\" content=\"Tiempo de lectura\" \/>\n\t<meta name=\"twitter:data1\" content=\"4 minutos\" \/>\r\n<script type=\"application\/ld+json\" class=\"yoast-schema-graph\">{\"@context\":\"https:\/\/schema.org\",\"@graph\":[{\"@type\":\"WebPage\",\"@id\":\"https:\/\/blogs.uninter.edu.mx\/ESCAT\/index.php\/feriaudi25-fashion-day\/\",\"url\":\"https:\/\/blogs.uninter.edu.mx\/ESCAT\/index.php\/feriaudi25-fashion-day\/\",\"name\":\"#FeriaUDI25 Fashion Day - Escuela de Ciencias, Artes y Tecnolog\u00eda\",\"isPartOf\":{\"@id\":\"https:\/\/blogs.uninter.edu.mx\/ESCAT\/#website\"},\"primaryImageOfPage\":{\"@id\":\"https:\/\/blogs.uninter.edu.mx\/ESCAT\/index.php\/feriaudi25-fashion-day\/#primaryimage\"},\"image\":{\"@id\":\"https:\/\/blogs.uninter.edu.mx\/ESCAT\/index.php\/feriaudi25-fashion-day\/#primaryimage\"},\"thumbnailUrl\":\"https:\/\/blogs.uninter.edu.mx\/ESCAT\/wp-content\/uploads\/2025\/07\/Banner-Blog-1.png\",\"datePublished\":\"2025-06-10T18:32:29+00:00\",\"dateModified\":\"2025-11-05T17:00:44+00:00\",\"breadcrumb\":{\"@id\":\"https:\/\/blogs.uninter.edu.mx\/ESCAT\/index.php\/feriaudi25-fashion-day\/#breadcrumb\"},\"inLanguage\":\"es\",\"potentialAction\":[{\"@type\":\"ReadAction\",\"target\":[\"https:\/\/blogs.uninter.edu.mx\/ESCAT\/index.php\/feriaudi25-fashion-day\/\"]}]},{\"@type\":\"ImageObject\",\"inLanguage\":\"es\",\"@id\":\"https:\/\/blogs.uninter.edu.mx\/ESCAT\/index.php\/feriaudi25-fashion-day\/#primaryimage\",\"url\":\"https:\/\/blogs.uninter.edu.mx\/ESCAT\/wp-content\/uploads\/2025\/07\/Banner-Blog-1.png\",\"contentUrl\":\"https:\/\/blogs.uninter.edu.mx\/ESCAT\/wp-content\/uploads\/2025\/07\/Banner-Blog-1.png\",\"width\":1076,\"height\":696},{\"@type\":\"BreadcrumbList\",\"@id\":\"https:\/\/blogs.uninter.edu.mx\/ESCAT\/index.php\/feriaudi25-fashion-day\/#breadcrumb\",\"itemListElement\":[{\"@type\":\"ListItem\",\"position\":1,\"name\":\"Inicio\",\"item\":\"https:\/\/blogs.uninter.edu.mx\/ESCAT\/\"},{\"@type\":\"ListItem\",\"position\":2,\"name\":\"#FeriaUDI25 Fashion Day\"}]},{\"@type\":\"WebSite\",\"@id\":\"https:\/\/blogs.uninter.edu.mx\/ESCAT\/#website\",\"url\":\"https:\/\/blogs.uninter.edu.mx\/ESCAT\/\",\"name\":\"Escuela de Ciencias, Artes y Tecnolog\u00eda UNINTER\",\"description\":\"ESCAT\",\"potentialAction\":[{\"@type\":\"SearchAction\",\"target\":{\"@type\":\"EntryPoint\",\"urlTemplate\":\"https:\/\/blogs.uninter.edu.mx\/ESCAT\/?s={search_term_string}\"},\"query-input\":{\"@type\":\"PropertyValueSpecification\",\"valueRequired\":true,\"valueName\":\"search_term_string\"}}],\"inLanguage\":\"es\"}]}<\/script>\r\n<!-- \/ Yoast SEO plugin. -->","yoast_head_json":{"title":"#FeriaUDI25 Fashion Day - Escuela de Ciencias, Artes y Tecnolog\u00eda","robots":{"index":"index","follow":"follow","max-snippet":"max-snippet:-1","max-image-preview":"max-image-preview:large","max-video-preview":"max-video-preview:-1"},"canonical":"https:\/\/blogs.uninter.edu.mx\/ESCAT\/index.php\/feriaudi25-fashion-day\/","og_locale":"es_MX","og_type":"article","og_title":"#FeriaUDI25 Fashion Day - Escuela de Ciencias, Artes y Tecnolog\u00eda","og_description":"Jueves 27 de noviembre Te invitamos a que seas parte del&nbsp;Fashion Day. En donde estudiantes de la&nbsp;Licenciatura de Dise\u00f1o de Modas y Tendencias Internacionales&nbsp;muestran su gran talento al presentar su colecci\u00f3n 2025. Descubre nuestras pasarelas anteriores \u2014 Insp\u00edrate y \u00fanete a la pr\u00f3xima generaci\u00f3n. Dise\u00f1os que cuentan historias \u2014 descubre nuestros proyectos de moda. M\u00e1s&hellip;","og_url":"https:\/\/blogs.uninter.edu.mx\/ESCAT\/index.php\/feriaudi25-fashion-day\/","og_site_name":"Escuela de Ciencias, Artes y Tecnolog\u00eda","article_publisher":"https:\/\/www.facebook.com\/EscatUninter\/","article_modified_time":"2025-11-05T17:00:44+00:00","og_image":[{"width":1076,"height":696,"url":"https:\/\/blogs.uninter.edu.mx\/ESCAT\/wp-content\/uploads\/2025\/07\/Banner-Blog-1.png","type":"image\/png"}],"twitter_card":"summary_large_image","twitter_site":"@EscatUninter","twitter_misc":{"Tiempo de lectura":"4 minutos"},"schema":{"@context":"https:\/\/schema.org","@graph":[{"@type":"WebPage","@id":"https:\/\/blogs.uninter.edu.mx\/ESCAT\/index.php\/feriaudi25-fashion-day\/","url":"https:\/\/blogs.uninter.edu.mx\/ESCAT\/index.php\/feriaudi25-fashion-day\/","name":"#FeriaUDI25 Fashion Day - Escuela de Ciencias, Artes y Tecnolog\u00eda","isPartOf":{"@id":"https:\/\/blogs.uninter.edu.mx\/ESCAT\/#website"},"primaryImageOfPage":{"@id":"https:\/\/blogs.uninter.edu.mx\/ESCAT\/index.php\/feriaudi25-fashion-day\/#primaryimage"},"image":{"@id":"https:\/\/blogs.uninter.edu.mx\/ESCAT\/index.php\/feriaudi25-fashion-day\/#primaryimage"},"thumbnailUrl":"https:\/\/blogs.uninter.edu.mx\/ESCAT\/wp-content\/uploads\/2025\/07\/Banner-Blog-1.png","datePublished":"2025-06-10T18:32:29+00:00","dateModified":"2025-11-05T17:00:44+00:00","breadcrumb":{"@id":"https:\/\/blogs.uninter.edu.mx\/ESCAT\/index.php\/feriaudi25-fashion-day\/#breadcrumb"},"inLanguage":"es","potentialAction":[{"@type":"ReadAction","target":["https:\/\/blogs.uninter.edu.mx\/ESCAT\/index.php\/feriaudi25-fashion-day\/"]}]},{"@type":"ImageObject","inLanguage":"es","@id":"https:\/\/blogs.uninter.edu.mx\/ESCAT\/index.php\/feriaudi25-fashion-day\/#primaryimage","url":"https:\/\/blogs.uninter.edu.mx\/ESCAT\/wp-content\/uploads\/2025\/07\/Banner-Blog-1.png","contentUrl":"https:\/\/blogs.uninter.edu.mx\/ESCAT\/wp-content\/uploads\/2025\/07\/Banner-Blog-1.png","width":1076,"height":696},{"@type":"BreadcrumbList","@id":"https:\/\/blogs.uninter.edu.mx\/ESCAT\/index.php\/feriaudi25-fashion-day\/#breadcrumb","itemListElement":[{"@type":"ListItem","position":1,"name":"Inicio","item":"https:\/\/blogs.uninter.edu.mx\/ESCAT\/"},{"@type":"ListItem","position":2,"name":"#FeriaUDI25 Fashion Day"}]},{"@type":"WebSite","@id":"https:\/\/blogs.uninter.edu.mx\/ESCAT\/#website","url":"https:\/\/blogs.uninter.edu.mx\/ESCAT\/","name":"Escuela de Ciencias, Artes y Tecnolog\u00eda UNINTER","description":"ESCAT","potentialAction":[{"@type":"SearchAction","target":{"@type":"EntryPoint","urlTemplate":"https:\/\/blogs.uninter.edu.mx\/ESCAT\/?s={search_term_string}"},"query-input":{"@type":"PropertyValueSpecification","valueRequired":true,"valueName":"search_term_string"}}],"inLanguage":"es"}]}},"jetpack_sharing_enabled":true,"_links":{"self":[{"href":"https:\/\/blogs.uninter.edu.mx\/ESCAT\/index.php\/wp-json\/wp\/v2\/pages\/74778","targetHints":{"allow":["GET"]}}],"collection":[{"href":"https:\/\/blogs.uninter.edu.mx\/ESCAT\/index.php\/wp-json\/wp\/v2\/pages"}],"about":[{"href":"https:\/\/blogs.uninter.edu.mx\/ESCAT\/index.php\/wp-json\/wp\/v2\/types\/page"}],"author":[{"embeddable":true,"href":"https:\/\/blogs.uninter.edu.mx\/ESCAT\/index.php\/wp-json\/wp\/v2\/users\/33"}],"replies":[{"embeddable":true,"href":"https:\/\/blogs.uninter.edu.mx\/ESCAT\/index.php\/wp-json\/wp\/v2\/comments?post=74778"}],"version-history":[{"count":6,"href":"https:\/\/blogs.uninter.edu.mx\/ESCAT\/index.php\/wp-json\/wp\/v2\/pages\/74778\/revisions"}],"predecessor-version":[{"id":77879,"href":"https:\/\/blogs.uninter.edu.mx\/ESCAT\/index.php\/wp-json\/wp\/v2\/pages\/74778\/revisions\/77879"}],"wp:attachment":[{"href":"https:\/\/blogs.uninter.edu.mx\/ESCAT\/index.php\/wp-json\/wp\/v2\/media?parent=74778"}],"curies":[{"name":"wp","href":"https:\/\/api.w.org\/{rel}","templated":true}]}}