{"id":75251,"date":"2025-07-02T10:04:35","date_gmt":"2025-07-02T15:04:35","guid":{"rendered":"https:\/\/blogs.uninter.edu.mx\/ESCAT\/?page_id=75251"},"modified":"2025-07-02T10:04:45","modified_gmt":"2025-07-02T15:04:45","slug":"feliz-cumpleanos-julio","status":"publish","type":"page","link":"https:\/\/blogs.uninter.edu.mx\/ESCAT\/index.php\/feliz-cumpleanos-julio\/","title":{"rendered":"\u00a1FELIZ CUMPLEA\u00d1OS JULIO!\ud83c\udf89\ud83c\udf89\ud83c\udf82#ESCAT #Uninter #Festejo"},"content":{"rendered":"\n<p><strong>\u00a1FELIZ CUMPLEA\u00d1OS JULIO!\u00a1Muchas felicidades a todos nuestros alumnos de Julio de la carrera de Dise\u00f1o de modas y Dise\u00f1o Industrial!<\/strong>\ud83c\udf81\ud83c\udf88<\/p>\n\n\n<div class=\"wp-block-image\">\n<figure class=\"aligncenter size-full is-resized\"><a href=\"https:\/\/www.facebook.com\/EscatUninter?locale=es_LA\"><img loading=\"lazy\" decoding=\"async\" src=\"https:\/\/blogs.uninter.edu.mx\/ESCAT\/wp-content\/uploads\/2025\/07\/image.png\" alt=\"\" class=\"wp-image-75253\" width=\"143\" height=\"161\"\/><\/a><\/figure>\n<\/div>\n\n\n<!--more-->\n\n\n\n<p>La Escuela de Ciencias, Artes y Tecnolog\u00eda (ESCAT) extiende sus m\u00e1s cordiales felicitaciones a los alumnos de las licenciaturas en Dise\u00f1o de Modas y Dise\u00f1o Industrial que celebran su cumplea\u00f1os durante el mes de <strong>julio<\/strong>. \ud83c\udf89<\/p>\n\n\n\n<p>En esta ocasi\u00f3n especial, reconocemos su dedicaci\u00f3n, creatividad y compromiso, cualidades que enriquecen d\u00eda a d\u00eda nuestra comunidad acad\u00e9mica. Les deseamos un a\u00f1o lleno de logros personales y profesionales, retos que impulsen su talento y metas cumplidas que inspiren su crecimiento.<\/p>\n\n\n\n<p>\u00a1Que este nuevo ciclo de vida les traiga alegr\u00eda, motivaci\u00f3n constante y muchas oportunidades para seguir brillando! \u2728<\/p>\n\n\n\n<h4 class=\"wp-block-heading has-text-align-center\">\u00a1Much\u00edsimas felicidades!<\/h4>\n\n\n\n<figure class=\"wp-block-video\"><video height=\"1920\" style=\"aspect-ratio: 1080 \/ 1920;\" width=\"1080\" controls src=\"https:\/\/blogs.uninter.edu.mx\/ESCAT\/wp-content\/uploads\/2025\/07\/1-2.mp4\"><\/video><\/figure>\n\n\n\n<figure class=\"wp-block-image size-full\"><img loading=\"lazy\" decoding=\"async\" width=\"1200\" height=\"800\" src=\"https:\/\/blogs.uninter.edu.mx\/ESCAT\/wp-content\/uploads\/2025\/07\/2.jpg\" alt=\"\" class=\"wp-image-75290\"\/><\/figure>\n\n\n\n<h2 class=\"wp-block-heading has-text-align-center\">\ud83c\udf89CUMPLEA\u00d1EROS JULIO\ud83c\udf89<\/h2>\n\n\n\n<h2 class=\"wp-block-heading\">\ud83c\udf81Festejados LDM<\/h2>\n\n\n\n<ul class=\"wp-block-list\">\n<li><strong>4 Julio<\/strong> &#8211;<em> Jos\u00e9 Juli\u00e1n Bahena Bahena<\/em><\/li>\n\n\n\n<li><strong>19 Julio<\/strong> &#8211; <em>Perla Mariana Machorro Ram\u00edrez<\/em><\/li>\n\n\n\n<li><strong>27 Julio<\/strong> &#8211; F\u00e1tima Aranza Uri\u00f3stegui D\u00edaz<\/li>\n\n\n\n<li><strong>28 Julio<\/strong> &#8211; <em>Shakti Zenyazen Rubio Casarrubias<\/em><\/li>\n<\/ul>\n\n\n\n<h2 class=\"wp-block-heading\">\ud83c\udf81Festejados LDI<\/h2>\n\n\n\n<ul class=\"wp-block-list\">\n<li><strong>27 Julio<\/strong> &#8211; Valentina Barajas Leyva<\/li>\n<\/ul>\n\n\n\n<figure class=\"wp-block-video\"><video height=\"800\" style=\"aspect-ratio: 1200 \/ 800;\" width=\"1200\" controls src=\"https:\/\/blogs.uninter.edu.mx\/ESCAT\/wp-content\/uploads\/2025\/07\/Historia-de-Instagram-Feliz-Cumpleanos-Happy-Birthday-Animado-Dorado-2.mp4\"><\/video><\/figure>\n\n\n\n<p> El mes de&nbsp;<strong>julio en M\u00e9xico<\/strong>&nbsp;est\u00e1 lleno de fechas significativas que conmemoran momentos clave de la historia nacional, as\u00ed como celebraciones c\u00edvicas y culturales.<\/p>\n\n\n\n<p>Desde&nbsp;aniversarios de batallas y natalicios de personajes ilustres, hasta d\u00edas dedicados a causas sociales,&nbsp;julio invita a reflexionar sobre el pasado y valorar el legado hist\u00f3rico del pa\u00eds. A continuaci\u00f3n, te presentamos las efem\u00e9rides m\u00e1s destacadas del mes para que las tengas presentes.<\/p>\n\n\n\n<p><strong>1 de julio<\/strong><\/p>\n\n\n\n<ul class=\"wp-block-list\">\n<li>D\u00eda del Ingeniero<\/li>\n<\/ul>\n\n\n\n<p><strong>2 de julio<\/strong><\/p>\n\n\n\n<ul class=\"wp-block-list\">\n<li>D\u00eda Internacional del Periodista Deportivo<\/li>\n\n\n\n<li>1915: Muere Porfirio D\u00edaz, expresidente de M\u00e9xico, en Par\u00eds, Francia.<\/li>\n<\/ul>\n\n\n\n<p><strong>3 de julio<\/strong><\/p>\n\n\n\n<ul class=\"wp-block-list\">\n<li>D\u00eda Internacional Libre de Bolsas de Pl\u00e1stico<\/li>\n\n\n\n<li>1955: Las mujeres en M\u00e9xico votan por primera vez<\/li>\n<\/ul>\n\n\n\n<p><strong>6 de julio<\/strong><\/p>\n\n\n\n<ul class=\"wp-block-list\">\n<li>1906: Natalicio de Frida Kahlo<\/li>\n<\/ul>\n\n\n\n<p><strong>7 de julio<\/strong><\/p>\n\n\n\n<ul class=\"wp-block-list\">\n<li>D\u00eda Mundial del Chocolate<\/li>\n<\/ul>\n\n\n\n<p><strong>8 de julio<\/strong><\/p>\n\n\n\n<ul class=\"wp-block-list\">\n<li>D\u00eda internacional del Param\u00e9dico<\/li>\n<\/ul>\n\n\n\n<p><strong>13 de julio<\/strong><\/p>\n\n\n\n<ul class=\"wp-block-list\">\n<li>D\u00eda Internacional del Trastorno por D\u00e9ficit de Atenci\u00f3n e Hiperactividad.<\/li>\n\n\n\n<li>1954: Aniversario Luctuoso de Frida Kahlo<\/li>\n<\/ul>\n\n\n\n<p><strong>18 de julio<\/strong><\/p>\n\n\n\n<ul class=\"wp-block-list\">\n<li>1872: Muere Benito Ju\u00e1rez, Benem\u00e9rito de las Am\u00e9ricas, en Ciudad de M\u00e9xico.<\/li>\n<\/ul>\n\n\n\n<p><strong>26 de julio<\/strong><\/p>\n\n\n\n<ul class=\"wp-block-list\">\n<li>D\u00eda Mundial de los Abuelos<\/li>\n\n\n\n<li>D\u00eda del Pod\u00f3logo<\/li>\n<\/ul>\n\n\n\n<p><strong>30 de julio<\/strong><\/p>\n\n\n\n<ul class=\"wp-block-list\">\n<li>D\u00eda Internacional de la Amistad<\/li>\n<\/ul>\n\n\n\n<p><strong>Datos curiosos e interesantes sobre julio<\/strong><\/p>\n\n\n\n<p>Julio comienza el mismo d\u00eda de la semana que abril en los a\u00f1os comunes.<\/p>\n\n\n\n<p>Es considerado uno de los meses m\u00e1s calurosos del a\u00f1o en el hemisferio norte, mientras que en el hemisferio sur es uno de los m\u00e1s fr\u00edos.<\/p>\n\n\n\n<p>Su flor representativa es el <em>nen\u00fafar<\/em> o <em>lirio de agua<\/em>, s\u00edmbolo de pureza, paz y renovaci\u00f3n.<\/p>\n\n\n\n<p>El nombre del mes honra a Julio C\u00e9sar, quien reform\u00f3 el calendario romano y estableci\u00f3 el calendario juliano.<\/p>\n\n\n\n<p>Que este mes de julio traiga crecimiento, inspiraci\u00f3n y momentos memorables para toda la comunidad ESCAT. \u2728<\/p>\n\n\n\n<h6 class=\"wp-block-heading\">Fuente: <a href=\"https:\/\/www.aztecalaguna.com\/noticias\/notas\/efemerides-julio-2025-que-se-celebra-en-mexico-este-mes\">azteca<\/a><\/h6>\n\n\n\n<p class=\"has-text-align-right\"><a href=\"https:\/\/universidad.uninter.edu.mx\/carreras\/LDM\">Licenciatura en Dise\u00f1o de Modas y Tendencias Internacionales<\/a><\/p>\n\n\n\n<p class=\"has-text-align-right\"><a href=\"https:\/\/blogs.uninter.edu.mx\/ESCAT\/index.php\/category\/diseno-de-modas-y-tendencias-internacionales\/\">M\u00e1s noticias sobre Dise\u00f1o de Modas y Tendencias Internacionales\u2026<\/a><\/p>\n\n\n\n<figure class=\"wp-block-image size-full\"><a href=\"https:\/\/uninter.edu.mx\/\"><img loading=\"lazy\" decoding=\"async\" width=\"1024\" height=\"154\" src=\"https:\/\/blogs.uninter.edu.mx\/ESCAT\/wp-content\/uploads\/2025\/07\/image-1.png\" alt=\"\" class=\"wp-image-75277\"\/><\/a><\/figure>\n","protected":false},"excerpt":{"rendered":"<p>\u00a1FELIZ CUMPLEA\u00d1OS JULIO!\u00a1Muchas felicidades a todos nuestros alumnos de Julio de la carrera de Dise\u00f1o de modas y Dise\u00f1o Industrial!\ud83c\udf81\ud83c\udf88<\/p>\n","protected":false},"author":22,"featured_media":75290,"parent":0,"menu_order":0,"comment_status":"closed","ping_status":"closed","template":"","meta":{"footnotes":""},"class_list":["post-75251","page","type-page","status-publish","has-post-thumbnail","hentry"],"yoast_head":"<!-- This site is optimized with the Yoast SEO plugin v26.8 - https:\/\/yoast.com\/product\/yoast-seo-wordpress\/ -->\r\n<title>\u00a1FELIZ CUMPLEA\u00d1OS JULIO!\ud83c\udf89\ud83c\udf89\ud83c\udf82#ESCAT #Uninter #Festejo<\/title>\r\n<meta name=\"description\" content=\"\u00a1FELIZ CUMPLEA\u00d1OS JULIO! Muchas felicidades a todos nuestros alumnos de Julio de la carrera de Dise\u00f1o de modas y Dise\u00f1o Industrial\" \/>\r\n<meta name=\"robots\" content=\"index, follow, max-snippet:-1, max-image-preview:large, max-video-preview:-1\" \/>\r\n<link rel=\"canonical\" href=\"https:\/\/blogs.uninter.edu.mx\/ESCAT\/index.php\/feliz-cumpleanos-julio\/\" \/>\r\n<meta property=\"og:locale\" content=\"es_MX\" \/>\r\n<meta property=\"og:type\" content=\"article\" \/>\r\n<meta property=\"og:title\" content=\"\u00a1FELIZ CUMPLEA\u00d1OS JULIO!\ud83c\udf89\ud83c\udf89\ud83c\udf82#ESCAT #Uninter #Festejo\" \/>\r\n<meta property=\"og:description\" content=\"\u00a1FELIZ CUMPLEA\u00d1OS JULIO! Muchas felicidades a todos nuestros alumnos de Julio de la carrera de Dise\u00f1o de modas y Dise\u00f1o Industrial\" \/>\r\n<meta property=\"og:url\" content=\"https:\/\/blogs.uninter.edu.mx\/ESCAT\/index.php\/feliz-cumpleanos-julio\/\" \/>\r\n<meta property=\"og:site_name\" content=\"Escuela de Ciencias, Artes y Tecnolog\u00eda\" \/>\r\n<meta property=\"article:publisher\" content=\"https:\/\/www.facebook.com\/EscatUninter\/\" \/>\r\n<meta property=\"article:modified_time\" content=\"2025-07-02T15:04:45+00:00\" \/>\r\n<meta property=\"og:image\" content=\"https:\/\/blogs.uninter.edu.mx\/ESCAT\/wp-content\/uploads\/2025\/07\/2.jpg\" \/>\r\n\t<meta property=\"og:image:width\" content=\"1200\" \/>\r\n\t<meta property=\"og:image:height\" content=\"800\" \/>\r\n\t<meta property=\"og:image:type\" content=\"image\/jpeg\" \/>\r\n<meta name=\"twitter:card\" content=\"summary_large_image\" \/>\r\n<meta name=\"twitter:image\" content=\"https:\/\/blogs.uninter.edu.mx\/ESCAT\/wp-content\/uploads\/2025\/07\/2.jpg\" \/>\r\n<meta name=\"twitter:site\" content=\"@EscatUninter\" \/>\r\n<meta name=\"twitter:label1\" content=\"Tiempo de lectura\" \/>\n\t<meta name=\"twitter:data1\" content=\"3 minutos\" \/>\r\n<script type=\"application\/ld+json\" class=\"yoast-schema-graph\">{\"@context\":\"https:\/\/schema.org\",\"@graph\":[{\"@type\":\"WebPage\",\"@id\":\"https:\/\/blogs.uninter.edu.mx\/ESCAT\/index.php\/feliz-cumpleanos-julio\/\",\"url\":\"https:\/\/blogs.uninter.edu.mx\/ESCAT\/index.php\/feliz-cumpleanos-julio\/\",\"name\":\"\u00a1FELIZ CUMPLEA\u00d1OS JULIO!\ud83c\udf89\ud83c\udf89\ud83c\udf82#ESCAT #Uninter #Festejo\",\"isPartOf\":{\"@id\":\"https:\/\/blogs.uninter.edu.mx\/ESCAT\/#website\"},\"primaryImageOfPage\":{\"@id\":\"https:\/\/blogs.uninter.edu.mx\/ESCAT\/index.php\/feliz-cumpleanos-julio\/#primaryimage\"},\"image\":{\"@id\":\"https:\/\/blogs.uninter.edu.mx\/ESCAT\/index.php\/feliz-cumpleanos-julio\/#primaryimage\"},\"thumbnailUrl\":\"https:\/\/blogs.uninter.edu.mx\/ESCAT\/wp-content\/uploads\/2025\/07\/2.jpg\",\"datePublished\":\"2025-07-02T15:04:35+00:00\",\"dateModified\":\"2025-07-02T15:04:45+00:00\",\"description\":\"\u00a1FELIZ CUMPLEA\u00d1OS JULIO! Muchas felicidades a todos nuestros alumnos de Julio de la carrera de Dise\u00f1o de modas y Dise\u00f1o Industrial\",\"breadcrumb\":{\"@id\":\"https:\/\/blogs.uninter.edu.mx\/ESCAT\/index.php\/feliz-cumpleanos-julio\/#breadcrumb\"},\"inLanguage\":\"es\",\"potentialAction\":[{\"@type\":\"ReadAction\",\"target\":[\"https:\/\/blogs.uninter.edu.mx\/ESCAT\/index.php\/feliz-cumpleanos-julio\/\"]}]},{\"@type\":\"ImageObject\",\"inLanguage\":\"es\",\"@id\":\"https:\/\/blogs.uninter.edu.mx\/ESCAT\/index.php\/feliz-cumpleanos-julio\/#primaryimage\",\"url\":\"https:\/\/blogs.uninter.edu.mx\/ESCAT\/wp-content\/uploads\/2025\/07\/2.jpg\",\"contentUrl\":\"https:\/\/blogs.uninter.edu.mx\/ESCAT\/wp-content\/uploads\/2025\/07\/2.jpg\",\"width\":1200,\"height\":800},{\"@type\":\"BreadcrumbList\",\"@id\":\"https:\/\/blogs.uninter.edu.mx\/ESCAT\/index.php\/feliz-cumpleanos-julio\/#breadcrumb\",\"itemListElement\":[{\"@type\":\"ListItem\",\"position\":1,\"name\":\"Inicio\",\"item\":\"https:\/\/blogs.uninter.edu.mx\/ESCAT\/\"},{\"@type\":\"ListItem\",\"position\":2,\"name\":\"\u00a1FELIZ CUMPLEA\u00d1OS JULIO!\ud83c\udf89\ud83c\udf89\ud83c\udf82#ESCAT #Uninter #Festejo\"}]},{\"@type\":\"WebSite\",\"@id\":\"https:\/\/blogs.uninter.edu.mx\/ESCAT\/#website\",\"url\":\"https:\/\/blogs.uninter.edu.mx\/ESCAT\/\",\"name\":\"Escuela de Ciencias, Artes y Tecnolog\u00eda UNINTER\",\"description\":\"ESCAT\",\"potentialAction\":[{\"@type\":\"SearchAction\",\"target\":{\"@type\":\"EntryPoint\",\"urlTemplate\":\"https:\/\/blogs.uninter.edu.mx\/ESCAT\/?s={search_term_string}\"},\"query-input\":{\"@type\":\"PropertyValueSpecification\",\"valueRequired\":true,\"valueName\":\"search_term_string\"}}],\"inLanguage\":\"es\"}]}<\/script>\r\n<!-- \/ Yoast SEO plugin. -->","yoast_head_json":{"title":"\u00a1FELIZ CUMPLEA\u00d1OS JULIO!\ud83c\udf89\ud83c\udf89\ud83c\udf82#ESCAT #Uninter #Festejo","description":"\u00a1FELIZ CUMPLEA\u00d1OS JULIO! Muchas felicidades a todos nuestros alumnos de Julio de la carrera de Dise\u00f1o de modas y Dise\u00f1o Industrial","robots":{"index":"index","follow":"follow","max-snippet":"max-snippet:-1","max-image-preview":"max-image-preview:large","max-video-preview":"max-video-preview:-1"},"canonical":"https:\/\/blogs.uninter.edu.mx\/ESCAT\/index.php\/feliz-cumpleanos-julio\/","og_locale":"es_MX","og_type":"article","og_title":"\u00a1FELIZ CUMPLEA\u00d1OS JULIO!\ud83c\udf89\ud83c\udf89\ud83c\udf82#ESCAT #Uninter #Festejo","og_description":"\u00a1FELIZ CUMPLEA\u00d1OS JULIO! Muchas felicidades a todos nuestros alumnos de Julio de la carrera de Dise\u00f1o de modas y Dise\u00f1o Industrial","og_url":"https:\/\/blogs.uninter.edu.mx\/ESCAT\/index.php\/feliz-cumpleanos-julio\/","og_site_name":"Escuela de Ciencias, Artes y Tecnolog\u00eda","article_publisher":"https:\/\/www.facebook.com\/EscatUninter\/","article_modified_time":"2025-07-02T15:04:45+00:00","og_image":[{"width":1200,"height":800,"url":"https:\/\/blogs.uninter.edu.mx\/ESCAT\/wp-content\/uploads\/2025\/07\/2.jpg","type":"image\/jpeg"}],"twitter_card":"summary_large_image","twitter_image":"https:\/\/blogs.uninter.edu.mx\/ESCAT\/wp-content\/uploads\/2025\/07\/2.jpg","twitter_site":"@EscatUninter","twitter_misc":{"Tiempo de lectura":"3 minutos"},"schema":{"@context":"https:\/\/schema.org","@graph":[{"@type":"WebPage","@id":"https:\/\/blogs.uninter.edu.mx\/ESCAT\/index.php\/feliz-cumpleanos-julio\/","url":"https:\/\/blogs.uninter.edu.mx\/ESCAT\/index.php\/feliz-cumpleanos-julio\/","name":"\u00a1FELIZ CUMPLEA\u00d1OS JULIO!\ud83c\udf89\ud83c\udf89\ud83c\udf82#ESCAT #Uninter #Festejo","isPartOf":{"@id":"https:\/\/blogs.uninter.edu.mx\/ESCAT\/#website"},"primaryImageOfPage":{"@id":"https:\/\/blogs.uninter.edu.mx\/ESCAT\/index.php\/feliz-cumpleanos-julio\/#primaryimage"},"image":{"@id":"https:\/\/blogs.uninter.edu.mx\/ESCAT\/index.php\/feliz-cumpleanos-julio\/#primaryimage"},"thumbnailUrl":"https:\/\/blogs.uninter.edu.mx\/ESCAT\/wp-content\/uploads\/2025\/07\/2.jpg","datePublished":"2025-07-02T15:04:35+00:00","dateModified":"2025-07-02T15:04:45+00:00","description":"\u00a1FELIZ CUMPLEA\u00d1OS JULIO! Muchas felicidades a todos nuestros alumnos de Julio de la carrera de Dise\u00f1o de modas y Dise\u00f1o Industrial","breadcrumb":{"@id":"https:\/\/blogs.uninter.edu.mx\/ESCAT\/index.php\/feliz-cumpleanos-julio\/#breadcrumb"},"inLanguage":"es","potentialAction":[{"@type":"ReadAction","target":["https:\/\/blogs.uninter.edu.mx\/ESCAT\/index.php\/feliz-cumpleanos-julio\/"]}]},{"@type":"ImageObject","inLanguage":"es","@id":"https:\/\/blogs.uninter.edu.mx\/ESCAT\/index.php\/feliz-cumpleanos-julio\/#primaryimage","url":"https:\/\/blogs.uninter.edu.mx\/ESCAT\/wp-content\/uploads\/2025\/07\/2.jpg","contentUrl":"https:\/\/blogs.uninter.edu.mx\/ESCAT\/wp-content\/uploads\/2025\/07\/2.jpg","width":1200,"height":800},{"@type":"BreadcrumbList","@id":"https:\/\/blogs.uninter.edu.mx\/ESCAT\/index.php\/feliz-cumpleanos-julio\/#breadcrumb","itemListElement":[{"@type":"ListItem","position":1,"name":"Inicio","item":"https:\/\/blogs.uninter.edu.mx\/ESCAT\/"},{"@type":"ListItem","position":2,"name":"\u00a1FELIZ CUMPLEA\u00d1OS JULIO!\ud83c\udf89\ud83c\udf89\ud83c\udf82#ESCAT #Uninter #Festejo"}]},{"@type":"WebSite","@id":"https:\/\/blogs.uninter.edu.mx\/ESCAT\/#website","url":"https:\/\/blogs.uninter.edu.mx\/ESCAT\/","name":"Escuela de Ciencias, Artes y Tecnolog\u00eda UNINTER","description":"ESCAT","potentialAction":[{"@type":"SearchAction","target":{"@type":"EntryPoint","urlTemplate":"https:\/\/blogs.uninter.edu.mx\/ESCAT\/?s={search_term_string}"},"query-input":{"@type":"PropertyValueSpecification","valueRequired":true,"valueName":"search_term_string"}}],"inLanguage":"es"}]}},"jetpack_sharing_enabled":true,"_links":{"self":[{"href":"https:\/\/blogs.uninter.edu.mx\/ESCAT\/index.php\/wp-json\/wp\/v2\/pages\/75251","targetHints":{"allow":["GET"]}}],"collection":[{"href":"https:\/\/blogs.uninter.edu.mx\/ESCAT\/index.php\/wp-json\/wp\/v2\/pages"}],"about":[{"href":"https:\/\/blogs.uninter.edu.mx\/ESCAT\/index.php\/wp-json\/wp\/v2\/types\/page"}],"author":[{"embeddable":true,"href":"https:\/\/blogs.uninter.edu.mx\/ESCAT\/index.php\/wp-json\/wp\/v2\/users\/22"}],"replies":[{"embeddable":true,"href":"https:\/\/blogs.uninter.edu.mx\/ESCAT\/index.php\/wp-json\/wp\/v2\/comments?post=75251"}],"version-history":[{"count":3,"href":"https:\/\/blogs.uninter.edu.mx\/ESCAT\/index.php\/wp-json\/wp\/v2\/pages\/75251\/revisions"}],"predecessor-version":[{"id":75296,"href":"https:\/\/blogs.uninter.edu.mx\/ESCAT\/index.php\/wp-json\/wp\/v2\/pages\/75251\/revisions\/75296"}],"wp:featuredmedia":[{"embeddable":true,"href":"https:\/\/blogs.uninter.edu.mx\/ESCAT\/index.php\/wp-json\/wp\/v2\/media\/75290"}],"wp:attachment":[{"href":"https:\/\/blogs.uninter.edu.mx\/ESCAT\/index.php\/wp-json\/wp\/v2\/media?parent=75251"}],"curies":[{"name":"wp","href":"https:\/\/api.w.org\/{rel}","templated":true}]}}