{"id":16662,"date":"2018-02-23T18:22:31","date_gmt":"2018-02-24T00:22:31","guid":{"rendered":"http:\/\/escatuninter.blog\/?page_id=16662"},"modified":"2018-02-23T18:22:31","modified_gmt":"2018-02-24T00:22:31","slug":"conocenos-escat","status":"publish","type":"page","link":"https:\/\/blogs.uninter.edu.mx\/ESCAT2\/?page_id=16662","title":{"rendered":"Con\u00f3cenos"},"content":{"rendered":"<h2 style=\"text-align: center;\">Conoce un poco m\u00e1s de los que conformamos a la<br \/>\n<span style=\"color: #003366;\">Escuela de Ciencias, Artes y Tecnolog\u00eda<\/span><\/h2>\n<div id=\"attachment_17599\" style=\"width: 589px\" class=\"wp-caption aligncenter\"><img aria-describedby=\"caption-attachment-17599\" loading=\"lazy\" class=\"alignnone  wp-image-17599\" src=\"https:\/\/dicaduninter.files.wordpress.com\/2018\/04\/cv-f-prueba-3-mtra-mary-carmen-hernandez-gatica-01.png\" alt=\"Mtra- Mary Carmen Hern\u00e1ndez Gatica\" width=\"583\" height=\"412\" \/><p id=\"caption-attachment-17599\" class=\"wp-caption-text\">Mtra. Mary Carmen Hern\u00e1ndez Gatica \/ Directora de ESCAT y DIDPE<\/p><\/div>\n<div id=\"attachment_28216\" style=\"width: 589px\" class=\"wp-caption aligncenter\"><img aria-describedby=\"caption-attachment-28216\" loading=\"lazy\" class=\"wp-image-28216\" src=\"https:\/\/blogs.uninter.edu.mx\/ESCAT\/wp-content\/uploads\/2019\/03\/Giovanna-300x212.png\" alt=\"\" width=\"583\" height=\"412\" \/><p id=\"caption-attachment-28216\" class=\"wp-caption-text\">K. Giovanna Mart\u00ednez Castro \/ Asistente Direcci\u00f3n ESCAT<\/p><\/div>\n<div id=\"attachment_21919\" style=\"width: 590px\" class=\"wp-caption aligncenter\"><img aria-describedby=\"caption-attachment-21919\" loading=\"lazy\" class=\" wp-image-21919\" src=\"https:\/\/blogs.uninter.edu.mx\/ESCAT\/wp-content\/uploads\/2018\/11\/michelle-300x212.png\" alt=\"\" width=\"584\" height=\"412\" \/><p id=\"caption-attachment-21919\" class=\"wp-caption-text\">Britney Michelle S\u00e1nchez Miranda \/\u00a0 Redes Sociales<\/p><\/div>\n<div id=\"attachment_28569\" style=\"width: 590px\" class=\"wp-caption aligncenter\"><img aria-describedby=\"caption-attachment-28569\" loading=\"lazy\" class=\"wp-image-28569\" src=\"https:\/\/blogs.uninter.edu.mx\/ESCAT\/wp-content\/uploads\/2019\/03\/Alan-1-300x212.png\" alt=\"\" width=\"584\" height=\"413\" \/><p id=\"caption-attachment-28569\" class=\"wp-caption-text\">Alan Eduardo Garc\u00eda Armas \/\u00a0 Redes Sociales<\/p><\/div>\n<h2 style=\"text-align: center;\"><strong><span style=\"color: #008000;\">Arquitectura e Ingenier\u00eda Civil<\/span><\/strong><\/h2>\n<div id=\"attachment_17510\" style=\"width: 585px\" class=\"wp-caption aligncenter\"><img aria-describedby=\"caption-attachment-17510\" loading=\"lazy\" class=\"wp-image-17510 alignnone\" src=\"https:\/\/dicaduninter.files.wordpress.com\/2018\/04\/cv-f-prueba-7-mtro-fernando-giovanini-01.png\" alt=\"Mtro. Fernando Arturo Giovanini Garc\u00eda\" width=\"579\" height=\"409\" \/><p id=\"caption-attachment-17510\" class=\"wp-caption-text\">Mtro. Fernando Arturo Giovanini Garc\u00eda\/ Dir. Depto. Acad\u00e9mico AQ \/ Dir. Carreras ARQ e ICI<\/p><\/div>\n<div id=\"attachment_17588\" style=\"width: 587px\" class=\"wp-caption aligncenter\"><img aria-describedby=\"caption-attachment-17588\" loading=\"lazy\" class=\"wp-image-17588 alignnone\" src=\"https:\/\/dicaduninter.files.wordpress.com\/2018\/04\/cv-f-prueba-3-aida-brito-tapia-01.png\" alt=\"Lic. Nahieli Judith Popoca Huicochea\" width=\"581\" height=\"412\" \/><p id=\"caption-attachment-17588\" class=\"wp-caption-text\">Lic. Nahieli Judith Popoca Huicochea \/ Asistente de Direcci\u00f3n Acad\u00e9mica AQ<\/p><\/div>\n<div id=\"attachment_17595\" style=\"width: 587px\" class=\"wp-caption aligncenter\"><img aria-describedby=\"caption-attachment-17595\" loading=\"lazy\" class=\"wp-image-17595 alignnone\" src=\"https:\/\/dicaduninter.files.wordpress.com\/2018\/04\/cv-f-prueba-2-mtro-carlos-topete-contreras-01.png\" alt=\"Mtro. Carlos Topete Contreras\" width=\"581\" height=\"411\" \/><p id=\"caption-attachment-17595\" class=\"wp-caption-text\">Mtro. Carlos Topete Contreras \/ \u00c1rea Acad\u00e9mica de AQ \/ PTC<\/p><\/div>\n<div id=\"attachment_17513\" style=\"width: 587px\" class=\"wp-caption aligncenter\"><img aria-describedby=\"caption-attachment-17513\" loading=\"lazy\" class=\"alignnone  wp-image-17513\" src=\"https:\/\/dicaduninter.files.wordpress.com\/2018\/04\/cv-f-prueba-3-doc-jesc3bas-flores-navarrete-01.png\" alt=\"Dr. Jes\u00fas Guadalupe. Flores Navarrete\" width=\"581\" height=\"411\" \/><p id=\"caption-attachment-17513\" class=\"wp-caption-text\">Dr. Jes\u00fas Guadalupe. Flores Navarrete \/ \u00c1rea Acad\u00e9mica de AQ \/ PTC<\/p><\/div>\n<h2 style=\"text-align: center;\"><span style=\"color: #800080;\"><strong>Dise\u00f1os<\/strong><\/span><\/h2>\n<div id=\"attachment_20071\" style=\"width: 587px\" class=\"wp-caption aligncenter\"><img aria-describedby=\"caption-attachment-20071\" loading=\"lazy\" class=\"alignnone  wp-image-20071\" src=\"https:\/\/dicaduninter.files.wordpress.com\/2018\/06\/cv-f-prueba-4-josc3a9-luis-cabrera-01.png\" alt=\"Lic. Jos\u00e9 Luis Cabrera Ch\u00e1vez\" width=\"581\" height=\"411\" \/><p id=\"caption-attachment-20071\" class=\"wp-caption-text\">Lic. Jos\u00e9 Luis Cabrera Ch\u00e1vez \/ Director de Departamento Acad\u00e9mico DS Dir. Carrera LDI, LDG, LDM y LADD<\/p><\/div>\n<div id=\"attachment_19710\" style=\"width: 587px\" class=\"wp-caption aligncenter\"><img aria-describedby=\"caption-attachment-19710\" loading=\"lazy\" class=\"alignnone  wp-image-19710\" src=\"https:\/\/dicaduninter.files.wordpress.com\/2018\/07\/cv-f-prueba-2-agustc3adn-01.png\" alt=\"Agust\u00edn Ju\u00e1rez L\u00f3pez\" width=\"581\" height=\"411\" \/><p id=\"caption-attachment-19710\" class=\"wp-caption-text\">Agust\u00edn Ju\u00e1rez L\u00f3pez \/ Asistente de Dise\u00f1os<\/p><\/div>\n<div id=\"attachment_16910\" style=\"width: 586px\" class=\"wp-caption aligncenter\"><img aria-describedby=\"caption-attachment-16910\" loading=\"lazy\" class=\"alignnone  wp-image-16910\" src=\"https:\/\/dicaduninter.files.wordpress.com\/2018\/03\/cv-f-prueba-2-lic-marc3ada-de-lourdes-suc3a1rez-anaya-011.png\" alt=\"Lic. Mar\u00eda de Lourdes Su\u00e1rez Anaya \u2013 Academia de Dise\u00f1o \/ PMT\" width=\"580\" height=\"410\" \/><p id=\"caption-attachment-16910\" class=\"wp-caption-text\">Lic. Mar\u00eda de Lourdes Su\u00e1rez Anaya \u2013 Academia de Dise\u00f1o \/ PMT<\/p><\/div>\n<div id=\"attachment_17521\" style=\"width: 587px\" class=\"wp-caption aligncenter\"><img aria-describedby=\"caption-attachment-17521\" loading=\"lazy\" class=\"alignnone  wp-image-17521\" src=\"https:\/\/dicaduninter.files.wordpress.com\/2018\/04\/cv-f-prueba-2-aida-brito-tapia-01.png\" alt=\"Aida Brito Tapia\" width=\"581\" height=\"411\" \/><p id=\"caption-attachment-17521\" class=\"wp-caption-text\">Aida Brito Tapia \/ Encargada del Taller de Moda<\/p><\/div>\n<div id=\"attachment_28555\" style=\"width: 586px\" class=\"wp-caption aligncenter\"><img aria-describedby=\"caption-attachment-28555\" loading=\"lazy\" class=\"wp-image-28555\" src=\"https:\/\/blogs.uninter.edu.mx\/ESCAT\/wp-content\/uploads\/2019\/03\/Ana-Karen-300x212.png\" alt=\"\" width=\"580\" height=\"410\" \/><p id=\"caption-attachment-28555\" class=\"wp-caption-text\">Ana Karen Pedraza Alonso \/ \u00c1rea Acad\u00e9mica de Dise\u00f1os PMT<\/p><\/div>\n<h2 style=\"text-align: center;\"><span style=\"color: #33cccc;\"><strong>Ingenier\u00edas IMI, IME IAM e IQUI<br \/>\n<\/strong><\/span><\/h2>\n<div id=\"attachment_21885\" style=\"width: 587px\" class=\"wp-caption aligncenter\"><img aria-describedby=\"caption-attachment-21885\" loading=\"lazy\" class=\"wp-image-21885 aligncenter\" src=\"https:\/\/dicaduninter.files.wordpress.com\/2018\/11\/hilkar-mejc3ada-gonzc3a1lez.png\" alt=\"Hilkar Mej\u00eda Gonz\u00e1lez\" width=\"581\" height=\"411\" \/><p id=\"caption-attachment-21885\" class=\"wp-caption-text\">Ing. Hilkar Mej\u00eda Gonz\u00e1lez \/ Director de los Deptos. Acad\u00e9micos IN y CN \/ Dir. Carreras IMI, IME, IAM e IQUI<\/p><\/div>\n<div id=\"attachment_16930\" style=\"width: 580px\" class=\"wp-caption aligncenter\"><img aria-describedby=\"caption-attachment-16930\" loading=\"lazy\" class=\"wp-image-16930\" src=\"https:\/\/dicaduninter.files.wordpress.com\/2018\/03\/cv-f-prueba-2-emily-01.png\" alt=\"Emily Acosta Mondrag\u00f3n\" width=\"574\" height=\"406\" \/><p id=\"caption-attachment-16930\" class=\"wp-caption-text\">Emily Acosta Mondrag\u00f3n \/ Asistente de Ingenier\u00edas<\/p><\/div>\n<div id=\"attachment_22749\" style=\"width: 587px\" class=\"wp-caption aligncenter\"><img aria-describedby=\"caption-attachment-22749\" loading=\"lazy\" class=\"alignnone  wp-image-22749\" src=\"https:\/\/dicaduninter.files.wordpress.com\/2018\/12\/Ing.Felipe-Abadicio.png\" alt=\"Ing. Jos\u00e9 Felipe Abadicio Bautista\" width=\"581\" height=\"411\" \/><p id=\"caption-attachment-22749\" class=\"wp-caption-text\">Ing. Jos\u00e9 Felipe Abadicio Bautista \/\/ Coordinador de laboratorios de talleres de ingenier\u00eda y dise\u00f1o<\/p><\/div>\n<div id=\"attachment_22753\" style=\"width: 587px\" class=\"wp-caption aligncenter\"><img aria-describedby=\"caption-attachment-22753\" loading=\"lazy\" class=\"alignnone  wp-image-22753\" src=\"https:\/\/dicaduninter.files.wordpress.com\/2018\/12\/Emmanuel.png\" alt=\"Emmanuel Ramirez M\u00fajica\" width=\"581\" height=\"412\" \/><p id=\"caption-attachment-22753\" class=\"wp-caption-text\">Emmanuel Ramirez M\u00fajica \/ Asistente Talleres de Ingenier\u00edas y Dise\u00f1os<\/p><\/div>\n<h2 style=\"text-align: center;\"><strong><span style=\"color: #008080;\">Ingenier\u00edas ISC e IISCA<\/span><br \/>\n<\/strong><\/h2>\n<div id=\"attachment_21886\" style=\"width: 587px\" class=\"wp-caption aligncenter\"><img aria-describedby=\"caption-attachment-21886\" loading=\"lazy\" class=\"alignnone  wp-image-21886\" src=\"https:\/\/dicaduninter.files.wordpress.com\/2018\/11\/carlos-alberto-rosas-patlc3a1n.png\" alt=\"Carlos Alberto Rosas Patl\u00e1n\" width=\"581\" height=\"411\" \/><p id=\"caption-attachment-21886\" class=\"wp-caption-text\">Mtro. Carlos Alberto Rosas Patl\u00e1n \/ Director del Departamento Acad\u00e9mico SC \/ Dir. Carreras IISCA e ISC \/ Dir. Programas de Posgrado MARET, ECP y MGC<\/p><\/div>\n<div id=\"attachment_22108\" style=\"width: 587px\" class=\"wp-caption aligncenter\"><img aria-describedby=\"caption-attachment-22108\" loading=\"lazy\" class=\"alignnone  wp-image-22108\" src=\"https:\/\/dicaduninter.files.wordpress.com\/2018\/11\/crhistian3.png\" alt=\"Crhistian\" width=\"581\" height=\"412\" \/><p id=\"caption-attachment-22108\" class=\"wp-caption-text\">Crhistian Reyes Nava &#8211; Asistente de Dir. Ingenier\u00edas<\/p><\/div>\n<div id=\"attachment_16806\" style=\"width: 587px\" class=\"wp-caption aligncenter\"><img aria-describedby=\"caption-attachment-16806\" loading=\"lazy\" class=\"alignnone  wp-image-16806\" src=\"https:\/\/dicaduninter.files.wordpress.com\/2018\/03\/cv-f-prueba-2-lic-betsabc3a9-a-flores-velc3a1zquez-011.png\" alt=\"Lic. Betsab\u00e9 A. Flores Vel\u00e1zquez - Academia de Sistemas Computacionales \/ PTC\" width=\"581\" height=\"411\" \/><p id=\"caption-attachment-16806\" class=\"wp-caption-text\">Lic. Betsab\u00e9 A. Flores Vel\u00e1zquez &#8211; Academia de Sistemas Computacionales \/ PTC<\/p><\/div>\n<h2><\/h2>\n<h2 style=\"text-align: center;\"><span style=\"color: #808080;\"><strong>Direcci\u00f3n de Innovaci\u00f3n y Desarrollo de<br \/>\n<\/strong><strong>Planes de Estudios (DIDPE)<\/strong><\/span><\/h2>\n<div id=\"attachment_28081\" style=\"width: 587px\" class=\"wp-caption aligncenter\"><img aria-describedby=\"caption-attachment-28081\" loading=\"lazy\" class=\"wp-image-28081\" src=\"https:\/\/blogs.uninter.edu.mx\/ESCAT\/wp-content\/uploads\/2019\/03\/Alejandra-300x212.png\" alt=\"\" width=\"581\" height=\"411\" \/><p id=\"caption-attachment-28081\" class=\"wp-caption-text\">K. Alejandra Ju\u00e1rez S\u00e1nchez \/ Coordinadora Administrativa de DIDPE<\/p><\/div>\n<div id=\"attachment_22110\" style=\"width: 587px\" class=\"wp-caption aligncenter\"><img aria-describedby=\"caption-attachment-22110\" loading=\"lazy\" class=\"  wp-image-22110\" src=\"https:\/\/dicaduninter.files.wordpress.com\/2018\/11\/aurora-cv-listo1.png\" alt=\"Aurora-CV-listo\" width=\"581\" height=\"411\" \/><p id=\"caption-attachment-22110\" class=\"wp-caption-text\">Aurora Alejandra Cruz Hern\u00e1ndez \/ Revis\u00ed\u00f3n de Planes de Estudios<\/p><\/div>\n<div id=\"attachment_28218\" style=\"width: 587px\" class=\"wp-caption aligncenter\"><img aria-describedby=\"caption-attachment-28218\" loading=\"lazy\" class=\"wp-image-28218\" src=\"https:\/\/blogs.uninter.edu.mx\/ESCAT\/wp-content\/uploads\/2019\/03\/Korina-300x212.png\" alt=\"Korina\" width=\"581\" height=\"411\" \/><p id=\"caption-attachment-28218\" class=\"wp-caption-text\">Korina Nieto Salgado \/ Seguimiento de Planes Estudios<\/p><\/div>\n<h2><\/h2>\n<h2 style=\"text-align: center;\"><a href=\"http:\/\/unintervirtual.mx\/\"><span style=\"color: #ff6600;\"><strong>Direcci\u00f3n de Educaci\u00f3n a Distancia <\/strong><\/span><\/a><strong><span style=\"color: #ff6600;\">(UninterVirtual) y Biblioteca Virtual (e-libro)<\/span><br \/>\n<\/strong><\/h2>\n<div id=\"attachment_16840\" style=\"width: 590px\" class=\"wp-caption aligncenter\"><img aria-describedby=\"caption-attachment-16840\" loading=\"lazy\" class=\"alignnone  wp-image-16840\" src=\"https:\/\/dicaduninter.files.wordpress.com\/2018\/03\/cv-f-prueba-2-lic-miguel-octavio-mayorga-quic3b1ones-01.png\" alt=\"Lic. Miguel Octavio Mayorga Qui\u00f1ones\" width=\"584\" height=\"413\" \/><p id=\"caption-attachment-16840\" class=\"wp-caption-text\">Lic. Miguel Octavio Mayorga Qui\u00f1ones -Dir. Educaci\u00f3n a Distancia \/ Biblioteca Virtual \/ Programas EATL<\/p><\/div>\n<div id=\"attachment_23295\" style=\"width: 587px\" class=\"wp-caption aligncenter\"><img aria-describedby=\"caption-attachment-23295\" loading=\"lazy\" class=\"  wp-image-23295\" src=\"https:\/\/dicaduninter.files.wordpress.com\/2019\/01\/gabriel.png\" alt=\"Carlos Gabriel P\u00e9rez Mart\u00ednez\" width=\"581\" height=\"411\" \/><p id=\"caption-attachment-23295\" class=\"wp-caption-text\">Carlos Gabriel P\u00e9rez Mart\u00ednez \/ Asistente Educaci\u00f3n a Distancia<\/p><\/div>\n<div id=\"attachment_16807\" style=\"width: 590px\" class=\"wp-caption aligncenter\"><img aria-describedby=\"caption-attachment-16807\" loading=\"lazy\" class=\"alignnone  wp-image-16807\" src=\"https:\/\/dicaduninter.files.wordpress.com\/2018\/03\/joanna-blanch.png\" alt=\"Joanna Blanch Garc\u00eda Educaci\u00f3n a Distancia #EquipoESCAT #UninterVirtual #UNINTER\" width=\"584\" height=\"413\" \/><p id=\"caption-attachment-16807\" class=\"wp-caption-text\">Joanna Blanch Garc\u00eda\u00a0 \/ Educaci\u00f3n a Distancia\u00a0<\/p><\/div>\n<div id=\"attachment_19046\" style=\"width: 592px\" class=\"wp-caption aligncenter\"><img aria-describedby=\"caption-attachment-19046\" loading=\"lazy\" class=\"alignnone  wp-image-19046\" src=\"https:\/\/dicaduninter.files.wordpress.com\/2018\/07\/cv-f-prueba-2-valeria-01.png\" alt=\"Valeria Salgado Sotelo\" width=\"586\" height=\"414\" \/><p id=\"caption-attachment-19046\" class=\"wp-caption-text\">Valeria Salgado Sotelo \/ Asistente Uninter Virtual<\/p><\/div>\n<p><a href=\"https:\/\/uninter.edu.mx\/\"><img loading=\"lazy\" class=\"wp-image-25349 aligncenter\" src=\"https:\/\/blogs.uninter.edu.mx\/ESCAT\/wp-content\/uploads\/2019\/03\/Universidad-Internacional-ESCAT-300x45.png\" alt=\"Universidad Internacional - ESCAT\" width=\"420\" height=\"63\" \/><\/a><\/p>\n","protected":false},"excerpt":{"rendered":"<p>Conoce un poco m\u00e1s de los que conformamos a la Escuela de Ciencias, Artes y Tecnolog\u00eda Arquitectura e Ingenier\u00eda Civil Dise\u00f1os Ingenier\u00edas IMI, IME IAM e IQUI Ingenier\u00edas ISC e IISCA Direcci\u00f3n de Innovaci\u00f3n y Desarrollo de Planes de Estudios (DIDPE) Direcci\u00f3n de Educaci\u00f3n a Distancia (UninterVirtual) y Biblioteca Virtual (e-libro)<\/p>\n","protected":false},"author":1,"featured_media":0,"parent":0,"menu_order":0,"comment_status":"closed","ping_status":"closed","template":"page-templates\/template-full-width.php","meta":[],"_links":{"self":[{"href":"https:\/\/blogs.uninter.edu.mx\/ESCAT2\/index.php?rest_route=\/wp\/v2\/pages\/16662"}],"collection":[{"href":"https:\/\/blogs.uninter.edu.mx\/ESCAT2\/index.php?rest_route=\/wp\/v2\/pages"}],"about":[{"href":"https:\/\/blogs.uninter.edu.mx\/ESCAT2\/index.php?rest_route=\/wp\/v2\/types\/page"}],"author":[{"embeddable":true,"href":"https:\/\/blogs.uninter.edu.mx\/ESCAT2\/index.php?rest_route=\/wp\/v2\/users\/1"}],"replies":[{"embeddable":true,"href":"https:\/\/blogs.uninter.edu.mx\/ESCAT2\/index.php?rest_route=%2Fwp%2Fv2%2Fcomments&post=16662"}],"version-history":[{"count":0,"href":"https:\/\/blogs.uninter.edu.mx\/ESCAT2\/index.php?rest_route=\/wp\/v2\/pages\/16662\/revisions"}],"wp:attachment":[{"href":"https:\/\/blogs.uninter.edu.mx\/ESCAT2\/index.php?rest_route=%2Fwp%2Fv2%2Fmedia&parent=16662"}],"curies":[{"name":"wp","href":"https:\/\/api.w.org\/{rel}","templated":true}]}}