{"id":26541,"date":"2011-04-06T21:01:17","date_gmt":"2011-04-06T21:01:17","guid":{"rendered":"http:\/\/dicaduninter.wordpress.com\/?page_id=6"},"modified":"2011-04-06T21:01:17","modified_gmt":"2011-04-06T21:01:17","slug":"bienvenidos-al-blog","status":"publish","type":"page","link":"https:\/\/blogs.uninter.edu.mx\/ESCAT2\/?page_id=26541","title":{"rendered":"Bienvenidos al blog"},"content":{"rendered":"<p style=\"text-align: justify;\">Bienvenidos al blog de la ESCAT, aqu\u00ed encontrar\u00e1s publicaciones de estudiantes y docentes de las \u00e1reas de <a href=\"https:\/\/blogs.uninter.edu.mx\/ESCAT\/category\/arquitectura\/\">Arquitectura<\/a>, <a href=\"https:\/\/blogs.uninter.edu.mx\/ESCAT\/category\/disenos\/\">Dise\u00f1os<\/a>, <a href=\"https:\/\/blogs.uninter.edu.mx\/ESCAT\/category\/ingenierias\/\">Ingenier\u00edas<\/a>, <a href=\"https:\/\/posgrados.uninter.edu.mx\/\">Posgrados,<\/a> Certificaciones y de la plataforma de <a href=\"http:\/\/unintervirtual.mx\/\">UninterVirtual.<\/a><\/p>\n<p style=\"text-align: justify;\">Adem\u00e1s podr\u00e1s conocer todos los detalles de los eventos que se organizan durante el semestre como por ejemplo: exposiciones, eventos institucionales, congresos y\/o viajes correspondientes a la Escuela de Ciencias, Artes y Tecnolog\u00eda.<\/p>\n<p style=\"text-align: justify;\">Te invitamos a visitar nuestros enlaces, si tienes dudas ac\u00e9rcate a tu director de carrera y a tu director de departamento acad\u00e9mico.<\/p>\n<p style=\"text-align: justify;\">Asiste a los eventos que genera tu escuela para enriquecer tu formaci\u00f3n profesional y as\u00ed conocer las noticias relevantes relacionadas a tu carrera en este espacio que es para ti.<\/p>\n<p><img loading=\"lazy\" class=\" ESCAT aligncenter wp-image-20573\" title=\"Bienvenidos al blog de la ESCAT Uninter\" src=\"https:\/\/dicaduninter.files.wordpress.com\/2018\/09\/perfil.jpg\" alt=\"Bienvenidos al blog de la ESCAT Uninter\" width=\"328\" height=\"328\" \/><\/p>\n","protected":false},"excerpt":{"rendered":"<p>Bienvenidos al blog de la ESCAT, aqu\u00ed encontrar\u00e1s publicaciones de estudiantes y docentes de las \u00e1reas de Arquitectura, Dise\u00f1os, Ingenier\u00edas, Posgrados, Certificaciones y de la plataforma de UninterVirtual. Adem\u00e1s podr\u00e1s conocer todos los detalles de los eventos que se organizan durante el semestre como por ejemplo: exposiciones, eventos institucionales, congresos y\/o viajes correspondientes a la&hellip;<\/p>\n","protected":false},"author":1,"featured_media":0,"parent":0,"menu_order":0,"comment_status":"open","ping_status":"open","template":"","meta":[],"_links":{"self":[{"href":"https:\/\/blogs.uninter.edu.mx\/ESCAT2\/index.php?rest_route=\/wp\/v2\/pages\/26541"}],"collection":[{"href":"https:\/\/blogs.uninter.edu.mx\/ESCAT2\/index.php?rest_route=\/wp\/v2\/pages"}],"about":[{"href":"https:\/\/blogs.uninter.edu.mx\/ESCAT2\/index.php?rest_route=\/wp\/v2\/types\/page"}],"author":[{"embeddable":true,"href":"https:\/\/blogs.uninter.edu.mx\/ESCAT2\/index.php?rest_route=\/wp\/v2\/users\/1"}],"replies":[{"embeddable":true,"href":"https:\/\/blogs.uninter.edu.mx\/ESCAT2\/index.php?rest_route=%2Fwp%2Fv2%2Fcomments&post=26541"}],"version-history":[{"count":0,"href":"https:\/\/blogs.uninter.edu.mx\/ESCAT2\/index.php?rest_route=\/wp\/v2\/pages\/26541\/revisions"}],"wp:attachment":[{"href":"https:\/\/blogs.uninter.edu.mx\/ESCAT2\/index.php?rest_route=%2Fwp%2Fv2%2Fmedia&parent=26541"}],"curies":[{"name":"wp","href":"https:\/\/api.w.org\/{rel}","templated":true}]}}