{"id":59,"date":"2013-10-01T19:55:57","date_gmt":"2013-10-02T00:55:57","guid":{"rendered":"http:\/\/enfermeriauninter.wordpress.com\/?page_id=59"},"modified":"2025-09-29T21:11:36","modified_gmt":"2025-09-29T21:11:36","slug":"que-ofrece-el-servicio-de-enfermeria","status":"publish","type":"page","link":"https:\/\/blogs.uninter.edu.mx\/Enfermeria\/index.php\/que-ofrece-el-servicio-de-enfermeria\/","title":{"rendered":"Servicio de Enfermer\u00eda"},"content":{"rendered":"<p style=\"text-align: justify;\">Se brinda atenci\u00f3n de primer contacto, toma de signos vitales, aplicaci\u00f3n de inyecciones (con receta m\u00e9dica), primeros auxilios, orientaci\u00f3n en salud.<\/p>\n<h2 style=\"text-align: justify;\"><strong>Requisitos:<\/strong><\/h2>\n<p style=\"text-align: justify;\">Ser miembro activo de la comunidad UNINTER.<\/p>\n<h2 style=\"text-align: justify;\"><strong>Restricciones del servicio<em>:<\/em><\/strong><\/h2>\n<ul style=\"text-align: justify;\">\n<li>No se expedir\u00e1n recetas m\u00e9dicas.<\/li>\n<li>No se proporcionar\u00e1 ning\u00fan medicamento a trav\u00e9s de terceras personas.<\/li>\n<li>No se proporcionar\u00e1n incapacidades m\u00e9dicas ni justificantes.<\/li>\n<li>No se otorgar\u00e1n tratamientos para enfermedades cr\u00f3nicas-degenerativas.<\/li>\n<li><strong>No se otorgar\u00e1 m\u00e1s de una dosis de medicamento, el resto ser\u00e1 responsabilidad del paciente.<\/strong><\/li>\n<\/ul>\n<h2 style=\"text-align: justify;\"><strong>Horario de atenci\u00f3n:<\/strong><\/h2>\n<h2 style=\"text-align: justify;\"><strong>Licenciatura y posgrado\u00a0<\/strong><\/h2>\n<p style=\"text-align: justify;\">L.E. Lucia Reyes Rom\u00e1n<\/p>\n<p style=\"text-align: justify;\">Lunes a viernes : 08 &#8211; 16 hrs<\/p>\n<p style=\"text-align: justify;\">S\u00e1bados: 10 &#8211; 14 hrs<\/p>\n<p style=\"text-align: justify;\">Tel\u00e9fono:777 3 579000 ext. 119<\/p>\n<h2 style=\"text-align: justify;\"><\/h2>\n<h2 style=\"text-align: justify;\"><strong>BIU\u00a0<\/strong><\/h2>\n<p style=\"text-align: justify;\">L.E. Perla Salgado Rufino<\/p>\n<p style=\"text-align: justify;\">Lunes a viernes : 6:30-3:30 hrs<\/p>\n<p style=\"text-align: justify;\">Tel\u00e9fono: Ext 450<\/p>\n<h2 style=\"text-align: justify;\">SIU<\/h2>\n<p style=\"text-align: justify;\">L.E. Betsaida Salem Delgado Guti\u00e9rrez<\/p>\n<p style=\"text-align: justify;\">Lunes a viernes : 6:30-3:30<\/p>\n<p style=\"text-align: justify;\">Tel\u00e9fono:\u00a0 EXT 407<\/p>\n","protected":false},"excerpt":{"rendered":"<p>Se brinda atenci\u00f3n de primer contacto, toma de signos vitales, aplicaci\u00f3n de inyecciones (con receta m\u00e9dica), primeros auxilios, orientaci\u00f3n en salud. Requisitos: Ser miembro activo de la comunidad UNINTER. Restricciones del servicio: No se expedir\u00e1n recetas m\u00e9dicas. No se proporcionar\u00e1 ning\u00fan medicamento a trav\u00e9s de terceras personas. No se proporcionar\u00e1n incapacidades m\u00e9dicas ni justificantes. No&hellip;<\/p>\n","protected":false},"author":5,"featured_media":0,"parent":0,"menu_order":0,"comment_status":"closed","ping_status":"closed","template":"","meta":{"footnotes":""},"class_list":["post-59","page","type-page","status-publish","hentry"],"yoast_head":"<!-- This site is optimized with the Yoast SEO plugin v22.8 - https:\/\/yoast.com\/wordpress\/plugins\/seo\/ -->\r\n<title>Servicio de Enfermer\u00eda - Enfermeria Uninter<\/title>\r\n<meta name=\"robots\" content=\"noindex, follow, max-snippet:-1, max-image-preview:large, max-video-preview:-1\" \/>\r\n<meta property=\"og:locale\" content=\"es_MX\" \/>\r\n<meta property=\"og:type\" content=\"article\" \/>\r\n<meta property=\"og:title\" content=\"Servicio de Enfermer\u00eda - Enfermeria Uninter\" \/>\r\n<meta property=\"og:description\" content=\"Se brinda atenci\u00f3n de primer contacto, toma de signos vitales, aplicaci\u00f3n de inyecciones (con receta m\u00e9dica), primeros auxilios, orientaci\u00f3n en salud. Requisitos: Ser miembro activo de la comunidad UNINTER. Restricciones del servicio: No se expedir\u00e1n recetas m\u00e9dicas. No se proporcionar\u00e1 ning\u00fan medicamento a trav\u00e9s de terceras personas. No se proporcionar\u00e1n incapacidades m\u00e9dicas ni justificantes. No&hellip;\" \/>\r\n<meta property=\"og:url\" content=\"https:\/\/blogs.uninter.edu.mx\/Enfermeria\/index.php\/que-ofrece-el-servicio-de-enfermeria\/\" \/>\r\n<meta property=\"og:site_name\" content=\"Enfermeria Uninter\" \/>\r\n<meta property=\"article:modified_time\" content=\"2025-09-29T21:11:36+00:00\" \/>\r\n<meta name=\"twitter:card\" content=\"summary_large_image\" \/>\r\n<meta name=\"twitter:label1\" content=\"Tiempo de lectura\" \/>\n\t<meta name=\"twitter:data1\" content=\"1 minuto\" \/>\r\n<script type=\"application\/ld+json\" class=\"yoast-schema-graph\">{\"@context\":\"https:\/\/schema.org\",\"@graph\":[{\"@type\":\"WebPage\",\"@id\":\"https:\/\/blogs.uninter.edu.mx\/Enfermeria\/index.php\/que-ofrece-el-servicio-de-enfermeria\/\",\"url\":\"https:\/\/blogs.uninter.edu.mx\/Enfermeria\/index.php\/que-ofrece-el-servicio-de-enfermeria\/\",\"name\":\"Servicio de Enfermer\u00eda - Enfermeria Uninter\",\"isPartOf\":{\"@id\":\"https:\/\/blogs.uninter.edu.mx\/Enfermeria\/#website\"},\"datePublished\":\"2013-10-02T00:55:57+00:00\",\"dateModified\":\"2025-09-29T21:11:36+00:00\",\"breadcrumb\":{\"@id\":\"https:\/\/blogs.uninter.edu.mx\/Enfermeria\/index.php\/que-ofrece-el-servicio-de-enfermeria\/#breadcrumb\"},\"inLanguage\":\"es-MX\",\"potentialAction\":[{\"@type\":\"ReadAction\",\"target\":[\"https:\/\/blogs.uninter.edu.mx\/Enfermeria\/index.php\/que-ofrece-el-servicio-de-enfermeria\/\"]}]},{\"@type\":\"BreadcrumbList\",\"@id\":\"https:\/\/blogs.uninter.edu.mx\/Enfermeria\/index.php\/que-ofrece-el-servicio-de-enfermeria\/#breadcrumb\",\"itemListElement\":[{\"@type\":\"ListItem\",\"position\":1,\"name\":\"Inicio\",\"item\":\"https:\/\/blogs.uninter.edu.mx\/Enfermeria\/\"},{\"@type\":\"ListItem\",\"position\":2,\"name\":\"Servicio de Enfermer\u00eda\"}]},{\"@type\":\"WebSite\",\"@id\":\"https:\/\/blogs.uninter.edu.mx\/Enfermeria\/#website\",\"url\":\"https:\/\/blogs.uninter.edu.mx\/Enfermeria\/\",\"name\":\"Enfermeria Uninter\",\"description\":\"\",\"potentialAction\":[{\"@type\":\"SearchAction\",\"target\":{\"@type\":\"EntryPoint\",\"urlTemplate\":\"https:\/\/blogs.uninter.edu.mx\/Enfermeria\/?s={search_term_string}\"},\"query-input\":\"required name=search_term_string\"}],\"inLanguage\":\"es-MX\"}]}<\/script>\r\n<!-- \/ Yoast SEO plugin. -->","yoast_head_json":{"title":"Servicio de Enfermer\u00eda - Enfermeria Uninter","robots":{"index":"noindex","follow":"follow","max-snippet":"max-snippet:-1","max-image-preview":"max-image-preview:large","max-video-preview":"max-video-preview:-1"},"og_locale":"es_MX","og_type":"article","og_title":"Servicio de Enfermer\u00eda - Enfermeria Uninter","og_description":"Se brinda atenci\u00f3n de primer contacto, toma de signos vitales, aplicaci\u00f3n de inyecciones (con receta m\u00e9dica), primeros auxilios, orientaci\u00f3n en salud. Requisitos: Ser miembro activo de la comunidad UNINTER. Restricciones del servicio: No se expedir\u00e1n recetas m\u00e9dicas. No se proporcionar\u00e1 ning\u00fan medicamento a trav\u00e9s de terceras personas. No se proporcionar\u00e1n incapacidades m\u00e9dicas ni justificantes. No&hellip;","og_url":"https:\/\/blogs.uninter.edu.mx\/Enfermeria\/index.php\/que-ofrece-el-servicio-de-enfermeria\/","og_site_name":"Enfermeria Uninter","article_modified_time":"2025-09-29T21:11:36+00:00","twitter_card":"summary_large_image","twitter_misc":{"Tiempo de lectura":"1 minuto"},"schema":{"@context":"https:\/\/schema.org","@graph":[{"@type":"WebPage","@id":"https:\/\/blogs.uninter.edu.mx\/Enfermeria\/index.php\/que-ofrece-el-servicio-de-enfermeria\/","url":"https:\/\/blogs.uninter.edu.mx\/Enfermeria\/index.php\/que-ofrece-el-servicio-de-enfermeria\/","name":"Servicio de Enfermer\u00eda - Enfermeria Uninter","isPartOf":{"@id":"https:\/\/blogs.uninter.edu.mx\/Enfermeria\/#website"},"datePublished":"2013-10-02T00:55:57+00:00","dateModified":"2025-09-29T21:11:36+00:00","breadcrumb":{"@id":"https:\/\/blogs.uninter.edu.mx\/Enfermeria\/index.php\/que-ofrece-el-servicio-de-enfermeria\/#breadcrumb"},"inLanguage":"es-MX","potentialAction":[{"@type":"ReadAction","target":["https:\/\/blogs.uninter.edu.mx\/Enfermeria\/index.php\/que-ofrece-el-servicio-de-enfermeria\/"]}]},{"@type":"BreadcrumbList","@id":"https:\/\/blogs.uninter.edu.mx\/Enfermeria\/index.php\/que-ofrece-el-servicio-de-enfermeria\/#breadcrumb","itemListElement":[{"@type":"ListItem","position":1,"name":"Inicio","item":"https:\/\/blogs.uninter.edu.mx\/Enfermeria\/"},{"@type":"ListItem","position":2,"name":"Servicio de Enfermer\u00eda"}]},{"@type":"WebSite","@id":"https:\/\/blogs.uninter.edu.mx\/Enfermeria\/#website","url":"https:\/\/blogs.uninter.edu.mx\/Enfermeria\/","name":"Enfermeria Uninter","description":"","potentialAction":[{"@type":"SearchAction","target":{"@type":"EntryPoint","urlTemplate":"https:\/\/blogs.uninter.edu.mx\/Enfermeria\/?s={search_term_string}"},"query-input":"required name=search_term_string"}],"inLanguage":"es-MX"}]}},"jetpack_sharing_enabled":true,"_links":{"self":[{"href":"https:\/\/blogs.uninter.edu.mx\/Enfermeria\/index.php\/wp-json\/wp\/v2\/pages\/59","targetHints":{"allow":["GET"]}}],"collection":[{"href":"https:\/\/blogs.uninter.edu.mx\/Enfermeria\/index.php\/wp-json\/wp\/v2\/pages"}],"about":[{"href":"https:\/\/blogs.uninter.edu.mx\/Enfermeria\/index.php\/wp-json\/wp\/v2\/types\/page"}],"author":[{"embeddable":true,"href":"https:\/\/blogs.uninter.edu.mx\/Enfermeria\/index.php\/wp-json\/wp\/v2\/users\/5"}],"replies":[{"embeddable":true,"href":"https:\/\/blogs.uninter.edu.mx\/Enfermeria\/index.php\/wp-json\/wp\/v2\/comments?post=59"}],"version-history":[{"count":3,"href":"https:\/\/blogs.uninter.edu.mx\/Enfermeria\/index.php\/wp-json\/wp\/v2\/pages\/59\/revisions"}],"predecessor-version":[{"id":2574,"href":"https:\/\/blogs.uninter.edu.mx\/Enfermeria\/index.php\/wp-json\/wp\/v2\/pages\/59\/revisions\/2574"}],"wp:attachment":[{"href":"https:\/\/blogs.uninter.edu.mx\/Enfermeria\/index.php\/wp-json\/wp\/v2\/media?parent=59"}],"curies":[{"name":"wp","href":"https:\/\/api.w.org\/{rel}","templated":true}]}}