{"id":72,"date":"2013-10-02T19:02:19","date_gmt":"2013-10-03T00:02:19","guid":{"rendered":"http:\/\/enfermeriauninter.wordpress.com\/?page_id=72"},"modified":"2025-08-28T21:26:52","modified_gmt":"2025-08-28T21:26:52","slug":"poliza-de-seguro-escolar","status":"publish","type":"page","link":"https:\/\/blogs.uninter.edu.mx\/Enfermeria\/index.php\/poliza-de-seguro-escolar\/","title":{"rendered":"Poliza de seguro escolar"},"content":{"rendered":"<div>\n<p><strong>SEGURO DE ACCIDENTES PERSONALES ESCOLAR<\/strong><b><\/b><\/p>\n<p>La Universidad Internacional, consciente de los desequilibrios econ\u00f3micos que presenta para la familia la atenci\u00f3n m\u00e9dica de un accidente, ha desarrollado conjuntamente con <strong>THONA<\/strong> , el seguro contra Accidentes Escolares.<\/p>\n<p><strong>COBERTURA<\/strong><b><\/b><\/p>\n<p>Gastos M\u00e9dicos\u00a0 por Accidente $50,000.00<\/p>\n<p>Muerte Accidental\u00a0 \u00a0 \u00a0 \u00a0 \u00a0 \u00a0 \u00a0 \u00a0 \u00a0 \u00a0 \u00a0 $120,000.00<\/p>\n<p>P\u00e9rdidas Org\u00e1nicas\u00a0 \u00a0 \u00a0 \u00a0 \u00a0 \u00a0 \u00a0 \u00a0 \u00a0 \u00a0 \u00a0$120,000.00<\/p>\n<p>Condiciones Generales de la P\u00f3liza.<\/p>\n<p><strong>Accidentes Escolares est\u00e1 dise\u00f1ado para proteger a nuestros asegurados durante el calendario escolar:<\/strong><\/p>\n<ul>\n<li>De su casa a la escuela y viceversa (a excepci\u00f3n que se utilice como medio de transporte una motocicleta o veh\u00edculo similar).<\/li>\n<li>En el transporte<br \/>\ndurante su estancia en el sal\u00f3n de clases, laboratorios, talleres, patio, sanitarios, corredores, biblioteca y de mas instalaciones.<\/li>\n<li>En la escuela<br \/>\nespeciales ya sean deportivos o sociales, organizados y supervisados por las autoridades de la escuela.<\/li>\n<li>En los eventos<br \/>\nen grupo y su traslado al lugar donde se realicen los eventos bajo la supervisi\u00f3n de la escuela dentro de la Rep\u00fablica Mexicana.<\/li>\n<li>En los viajes<\/li>\n<li>en grupo y su traslado al lugar donde se realicen los eventos bajo la supervisi\u00f3n de la escuela dentro de la Rep\u00fablica Mexicana.<\/li>\n<li>No queda cubierto el riesgo durante los periodos de vacaciones a excepci\u00f3n de eventos realizados por la Universidad, siempre y cuando est\u00e9n supervisados, controlados y autorizados por la misma.<\/li>\n<\/ul>\n<\/div>\n","protected":false},"excerpt":{"rendered":"<p>SEGURO DE ACCIDENTES PERSONALES ESCOLAR La Universidad Internacional, consciente de los desequilibrios econ\u00f3micos que presenta para la familia la atenci\u00f3n m\u00e9dica de un accidente, ha desarrollado conjuntamente con THONA , el seguro contra Accidentes Escolares. COBERTURA Gastos M\u00e9dicos\u00a0 por Accidente $50,000.00 Muerte Accidental\u00a0 \u00a0 \u00a0 \u00a0 \u00a0 \u00a0 \u00a0 \u00a0 \u00a0 \u00a0 \u00a0 $120,000.00 P\u00e9rdidas&hellip;<\/p>\n","protected":false},"author":5,"featured_media":0,"parent":0,"menu_order":0,"comment_status":"closed","ping_status":"closed","template":"","meta":{"footnotes":""},"class_list":["post-72","page","type-page","status-publish","hentry"],"yoast_head":"<!-- This site is optimized with the Yoast SEO plugin v22.8 - https:\/\/yoast.com\/wordpress\/plugins\/seo\/ -->\r\n<title>Poliza de seguro escolar - Enfermeria Uninter<\/title>\r\n<meta name=\"robots\" content=\"noindex, follow, max-snippet:-1, max-image-preview:large, max-video-preview:-1\" \/>\r\n<meta property=\"og:locale\" content=\"es_MX\" \/>\r\n<meta property=\"og:type\" content=\"article\" \/>\r\n<meta property=\"og:title\" content=\"Poliza de seguro escolar - Enfermeria Uninter\" \/>\r\n<meta property=\"og:description\" content=\"SEGURO DE ACCIDENTES PERSONALES ESCOLAR La Universidad Internacional, consciente de los desequilibrios econ\u00f3micos que presenta para la familia la atenci\u00f3n m\u00e9dica de un accidente, ha desarrollado conjuntamente con THONA , el seguro contra Accidentes Escolares. COBERTURA Gastos M\u00e9dicos\u00a0 por Accidente $50,000.00 Muerte Accidental\u00a0 \u00a0 \u00a0 \u00a0 \u00a0 \u00a0 \u00a0 \u00a0 \u00a0 \u00a0 \u00a0 $120,000.00 P\u00e9rdidas&hellip;\" \/>\r\n<meta property=\"og:url\" content=\"https:\/\/blogs.uninter.edu.mx\/Enfermeria\/index.php\/poliza-de-seguro-escolar\/\" \/>\r\n<meta property=\"og:site_name\" content=\"Enfermeria Uninter\" \/>\r\n<meta property=\"article:modified_time\" content=\"2025-08-28T21:26:52+00:00\" \/>\r\n<meta name=\"twitter:card\" content=\"summary_large_image\" \/>\r\n<meta name=\"twitter:label1\" content=\"Tiempo de lectura\" \/>\n\t<meta name=\"twitter:data1\" content=\"1 minuto\" \/>\r\n<script type=\"application\/ld+json\" class=\"yoast-schema-graph\">{\"@context\":\"https:\/\/schema.org\",\"@graph\":[{\"@type\":\"WebPage\",\"@id\":\"https:\/\/blogs.uninter.edu.mx\/Enfermeria\/index.php\/poliza-de-seguro-escolar\/\",\"url\":\"https:\/\/blogs.uninter.edu.mx\/Enfermeria\/index.php\/poliza-de-seguro-escolar\/\",\"name\":\"Poliza de seguro escolar - Enfermeria Uninter\",\"isPartOf\":{\"@id\":\"https:\/\/blogs.uninter.edu.mx\/Enfermeria\/#website\"},\"datePublished\":\"2013-10-03T00:02:19+00:00\",\"dateModified\":\"2025-08-28T21:26:52+00:00\",\"breadcrumb\":{\"@id\":\"https:\/\/blogs.uninter.edu.mx\/Enfermeria\/index.php\/poliza-de-seguro-escolar\/#breadcrumb\"},\"inLanguage\":\"es-MX\",\"potentialAction\":[{\"@type\":\"ReadAction\",\"target\":[\"https:\/\/blogs.uninter.edu.mx\/Enfermeria\/index.php\/poliza-de-seguro-escolar\/\"]}]},{\"@type\":\"BreadcrumbList\",\"@id\":\"https:\/\/blogs.uninter.edu.mx\/Enfermeria\/index.php\/poliza-de-seguro-escolar\/#breadcrumb\",\"itemListElement\":[{\"@type\":\"ListItem\",\"position\":1,\"name\":\"Inicio\",\"item\":\"https:\/\/blogs.uninter.edu.mx\/Enfermeria\/\"},{\"@type\":\"ListItem\",\"position\":2,\"name\":\"Poliza de seguro escolar\"}]},{\"@type\":\"WebSite\",\"@id\":\"https:\/\/blogs.uninter.edu.mx\/Enfermeria\/#website\",\"url\":\"https:\/\/blogs.uninter.edu.mx\/Enfermeria\/\",\"name\":\"Enfermeria Uninter\",\"description\":\"\",\"potentialAction\":[{\"@type\":\"SearchAction\",\"target\":{\"@type\":\"EntryPoint\",\"urlTemplate\":\"https:\/\/blogs.uninter.edu.mx\/Enfermeria\/?s={search_term_string}\"},\"query-input\":\"required name=search_term_string\"}],\"inLanguage\":\"es-MX\"}]}<\/script>\r\n<!-- \/ Yoast SEO plugin. -->","yoast_head_json":{"title":"Poliza de seguro escolar - Enfermeria Uninter","robots":{"index":"noindex","follow":"follow","max-snippet":"max-snippet:-1","max-image-preview":"max-image-preview:large","max-video-preview":"max-video-preview:-1"},"og_locale":"es_MX","og_type":"article","og_title":"Poliza de seguro escolar - Enfermeria Uninter","og_description":"SEGURO DE ACCIDENTES PERSONALES ESCOLAR La Universidad Internacional, consciente de los desequilibrios econ\u00f3micos que presenta para la familia la atenci\u00f3n m\u00e9dica de un accidente, ha desarrollado conjuntamente con THONA , el seguro contra Accidentes Escolares. COBERTURA Gastos M\u00e9dicos\u00a0 por Accidente $50,000.00 Muerte Accidental\u00a0 \u00a0 \u00a0 \u00a0 \u00a0 \u00a0 \u00a0 \u00a0 \u00a0 \u00a0 \u00a0 $120,000.00 P\u00e9rdidas&hellip;","og_url":"https:\/\/blogs.uninter.edu.mx\/Enfermeria\/index.php\/poliza-de-seguro-escolar\/","og_site_name":"Enfermeria Uninter","article_modified_time":"2025-08-28T21:26:52+00:00","twitter_card":"summary_large_image","twitter_misc":{"Tiempo de lectura":"1 minuto"},"schema":{"@context":"https:\/\/schema.org","@graph":[{"@type":"WebPage","@id":"https:\/\/blogs.uninter.edu.mx\/Enfermeria\/index.php\/poliza-de-seguro-escolar\/","url":"https:\/\/blogs.uninter.edu.mx\/Enfermeria\/index.php\/poliza-de-seguro-escolar\/","name":"Poliza de seguro escolar - Enfermeria Uninter","isPartOf":{"@id":"https:\/\/blogs.uninter.edu.mx\/Enfermeria\/#website"},"datePublished":"2013-10-03T00:02:19+00:00","dateModified":"2025-08-28T21:26:52+00:00","breadcrumb":{"@id":"https:\/\/blogs.uninter.edu.mx\/Enfermeria\/index.php\/poliza-de-seguro-escolar\/#breadcrumb"},"inLanguage":"es-MX","potentialAction":[{"@type":"ReadAction","target":["https:\/\/blogs.uninter.edu.mx\/Enfermeria\/index.php\/poliza-de-seguro-escolar\/"]}]},{"@type":"BreadcrumbList","@id":"https:\/\/blogs.uninter.edu.mx\/Enfermeria\/index.php\/poliza-de-seguro-escolar\/#breadcrumb","itemListElement":[{"@type":"ListItem","position":1,"name":"Inicio","item":"https:\/\/blogs.uninter.edu.mx\/Enfermeria\/"},{"@type":"ListItem","position":2,"name":"Poliza de seguro escolar"}]},{"@type":"WebSite","@id":"https:\/\/blogs.uninter.edu.mx\/Enfermeria\/#website","url":"https:\/\/blogs.uninter.edu.mx\/Enfermeria\/","name":"Enfermeria Uninter","description":"","potentialAction":[{"@type":"SearchAction","target":{"@type":"EntryPoint","urlTemplate":"https:\/\/blogs.uninter.edu.mx\/Enfermeria\/?s={search_term_string}"},"query-input":"required name=search_term_string"}],"inLanguage":"es-MX"}]}},"jetpack_sharing_enabled":true,"_links":{"self":[{"href":"https:\/\/blogs.uninter.edu.mx\/Enfermeria\/index.php\/wp-json\/wp\/v2\/pages\/72","targetHints":{"allow":["GET"]}}],"collection":[{"href":"https:\/\/blogs.uninter.edu.mx\/Enfermeria\/index.php\/wp-json\/wp\/v2\/pages"}],"about":[{"href":"https:\/\/blogs.uninter.edu.mx\/Enfermeria\/index.php\/wp-json\/wp\/v2\/types\/page"}],"author":[{"embeddable":true,"href":"https:\/\/blogs.uninter.edu.mx\/Enfermeria\/index.php\/wp-json\/wp\/v2\/users\/5"}],"replies":[{"embeddable":true,"href":"https:\/\/blogs.uninter.edu.mx\/Enfermeria\/index.php\/wp-json\/wp\/v2\/comments?post=72"}],"version-history":[{"count":2,"href":"https:\/\/blogs.uninter.edu.mx\/Enfermeria\/index.php\/wp-json\/wp\/v2\/pages\/72\/revisions"}],"predecessor-version":[{"id":2561,"href":"https:\/\/blogs.uninter.edu.mx\/Enfermeria\/index.php\/wp-json\/wp\/v2\/pages\/72\/revisions\/2561"}],"wp:attachment":[{"href":"https:\/\/blogs.uninter.edu.mx\/Enfermeria\/index.php\/wp-json\/wp\/v2\/media?parent=72"}],"curies":[{"name":"wp","href":"https:\/\/api.w.org\/{rel}","templated":true}]}}