{"id":80,"date":"2013-10-02T19:34:37","date_gmt":"2013-10-03T00:34:37","guid":{"rendered":"http:\/\/enfermeriauninter.wordpress.com\/?page_id=80"},"modified":"2013-10-02T19:34:37","modified_gmt":"2013-10-03T00:34:37","slug":"directorio-medic","status":"publish","type":"page","link":"https:\/\/blogs.uninter.edu.mx\/Enfermeria\/index.php\/directorio-medic\/","title":{"rendered":"Directorio m\u00e9dico"},"content":{"rendered":"<h1 style=\"text-align:center;\">Directorio M\u00e9dico<\/h1>\n<table width=\"660\">\n<tbody>\n<tr>\n<td colspan=\"3\" width=\"660\">\n<p style=\"text-align:center;\"><strong>SERVICIOS DE AMBULANCIAS<\/strong><\/p>\n<\/td>\n<\/tr>\n<tr>\n<td width=\"193\"><strong>DEPENDENCIA<\/strong><\/td>\n<td width=\"287\"><strong>TEL\u00c9FONO<\/strong><\/td>\n<td width=\"180\"><strong>COSTO<\/strong><\/td>\n<\/tr>\n<tr>\n<td width=\"193\">EMERGENCIAS<\/p>\n<p>(24 HORAS)<\/td>\n<td width=\"287\">911<\/td>\n<td width=\"180\">Sin costo<\/td>\n<\/tr>\n<tr>\n<td width=\"193\">Cruz roja<\/td>\n<td width=\"287\">(777) 3150214<\/td>\n<td width=\"180\">Sin costo<\/td>\n<\/tr>\n<tr>\n<td width=\"193\">ERUM<\/td>\n<td width=\"287\">(777) 101 10 00 ext. 15070 o 15072<\/td>\n<td width=\"180\">Sin costo<\/td>\n<\/tr>\n<tr>\n<td width=\"193\">Bomberos<\/p>\n<p>( base zapata)<\/td>\n<td width=\"287\">7773645099<\/td>\n<td width=\"180\">Sin costo p\/ emergencias<\/td>\n<\/tr>\n<\/tbody>\n<\/table>\n<table width=\"659\">\n<tbody>\n<tr>\n<td colspan=\"3\" width=\"659\">\n<p style=\"text-align:center;\"><strong>HOSPITALES<\/strong><\/p>\n<\/td>\n<\/tr>\n<tr>\n<td width=\"132\"><strong>DEPENDENCIA<\/strong><\/td>\n<td width=\"142\"><strong>TEL\u00c9FONO<\/strong><\/td>\n<td width=\"386\"><strong>DIRECCI\u00d3N<\/strong><\/td>\n<\/tr>\n<tr>\n<td width=\"132\">Cruz roja<\/td>\n<td width=\"142\">(777) 3 15 05 51<\/td>\n<td width=\"386\">Rio panuco s\/n, fracc. Volcanes, Cuernavaca, Morelos<\/td>\n<\/tr>\n<tr>\n<td width=\"132\">Center Vista hermosa<\/td>\n<td width=\"142\">(777) 100 13 73<\/td>\n<td width=\"386\">Av. Teopanzolco 211, Vista hermosa, Cuernavaca, Morelos<\/td>\n<\/tr>\n<tr>\n<td width=\"132\">Henry Dunant<\/td>\n<td width=\"142\">(777) 3 16 79 92<\/td>\n<td width=\"386\">Rio panuco 2, fracc. Volcanes, Cuernavaca, Morelos<\/td>\n<\/tr>\n<\/tbody>\n<\/table>\n<table width=\"658\">\n<tbody>\n<tr>\n<td colspan=\"3\" width=\"658\">\n<p style=\"text-align:center;\"><strong>PERSONAL DE UNINTER PARA APOYO DE EMERGENCIAS<\/strong><\/p>\n<\/td>\n<\/tr>\n<tr>\n<td width=\"219\"><strong>NOMBRE<\/strong><\/td>\n<td width=\"219\"><strong>UBICACI\u00d3N<\/strong><\/td>\n<td width=\"219\"><strong>TEL\u00c9FONO<\/strong><\/td>\n<\/tr>\n<tr>\n<td width=\"219\">Dr. Jos\u00e9 Manuel Mu\u00f1oz<\/td>\n<td width=\"219\">3-101<\/td>\n<td width=\"219\">7771690471<\/td>\n<\/tr>\n<tr>\n<td width=\"219\"><\/td>\n<td width=\"219\"><\/td>\n<td width=\"219\"><\/td>\n<\/tr>\n<tr>\n<td width=\"219\">Ing. Eduardo Mora<\/td>\n<td width=\"219\">2-104<\/td>\n<td width=\"219\">EXT. 229<\/td>\n<\/tr>\n<tr>\n<td width=\"219\">Enf. Lucia Reyes<\/td>\n<td width=\"219\">3-101<\/td>\n<td width=\"219\">EXT. 119<\/td>\n<\/tr>\n<tr>\n<td width=\"219\"><\/td>\n<td width=\"219\"><\/td>\n<td width=\"219\"><\/td>\n<\/tr>\n<\/tbody>\n<\/table>\n","protected":false},"excerpt":{"rendered":"<p>Directorio M\u00e9dico SERVICIOS DE AMBULANCIAS DEPENDENCIA TEL\u00c9FONO COSTO EMERGENCIAS (24 HORAS) 911 Sin costo Cruz roja (777) 3150214 Sin costo ERUM (777) 101 10 00 ext. 15070 o 15072 Sin costo Bomberos ( base zapata) 7773645099 Sin costo p\/ emergencias HOSPITALES DEPENDENCIA TEL\u00c9FONO DIRECCI\u00d3N Cruz roja (777) 3 15 05 51 Rio panuco s\/n, fracc.&hellip;<\/p>\n","protected":false},"author":5,"featured_media":0,"parent":0,"menu_order":0,"comment_status":"closed","ping_status":"closed","template":"","meta":{"footnotes":""},"class_list":["post-80","page","type-page","status-publish","hentry"],"yoast_head":"<!-- This site is optimized with the Yoast SEO plugin v22.8 - https:\/\/yoast.com\/wordpress\/plugins\/seo\/ -->\r\n<title>Directorio m\u00e9dico - Enfermeria Uninter<\/title>\r\n<meta name=\"robots\" content=\"noindex, follow, max-snippet:-1, max-image-preview:large, max-video-preview:-1\" \/>\r\n<meta property=\"og:locale\" content=\"es_MX\" \/>\r\n<meta property=\"og:type\" content=\"article\" \/>\r\n<meta property=\"og:title\" content=\"Directorio m\u00e9dico - Enfermeria Uninter\" \/>\r\n<meta property=\"og:description\" content=\"Directorio M\u00e9dico SERVICIOS DE AMBULANCIAS DEPENDENCIA TEL\u00c9FONO COSTO EMERGENCIAS (24 HORAS) 911 Sin costo Cruz roja (777) 3150214 Sin costo ERUM (777) 101 10 00 ext. 15070 o 15072 Sin costo Bomberos ( base zapata) 7773645099 Sin costo p\/ emergencias HOSPITALES DEPENDENCIA TEL\u00c9FONO DIRECCI\u00d3N Cruz roja (777) 3 15 05 51 Rio panuco s\/n, fracc.&hellip;\" \/>\r\n<meta property=\"og:url\" content=\"https:\/\/blogs.uninter.edu.mx\/Enfermeria\/index.php\/directorio-medic\/\" \/>\r\n<meta property=\"og:site_name\" content=\"Enfermeria Uninter\" \/>\r\n<meta name=\"twitter:card\" content=\"summary_large_image\" \/>\r\n<script type=\"application\/ld+json\" class=\"yoast-schema-graph\">{\"@context\":\"https:\/\/schema.org\",\"@graph\":[{\"@type\":\"WebPage\",\"@id\":\"https:\/\/blogs.uninter.edu.mx\/Enfermeria\/index.php\/directorio-medic\/\",\"url\":\"https:\/\/blogs.uninter.edu.mx\/Enfermeria\/index.php\/directorio-medic\/\",\"name\":\"Directorio m\u00e9dico - Enfermeria Uninter\",\"isPartOf\":{\"@id\":\"https:\/\/blogs.uninter.edu.mx\/Enfermeria\/#website\"},\"datePublished\":\"2013-10-03T00:34:37+00:00\",\"dateModified\":\"2013-10-03T00:34:37+00:00\",\"breadcrumb\":{\"@id\":\"https:\/\/blogs.uninter.edu.mx\/Enfermeria\/index.php\/directorio-medic\/#breadcrumb\"},\"inLanguage\":\"es-MX\",\"potentialAction\":[{\"@type\":\"ReadAction\",\"target\":[\"https:\/\/blogs.uninter.edu.mx\/Enfermeria\/index.php\/directorio-medic\/\"]}]},{\"@type\":\"BreadcrumbList\",\"@id\":\"https:\/\/blogs.uninter.edu.mx\/Enfermeria\/index.php\/directorio-medic\/#breadcrumb\",\"itemListElement\":[{\"@type\":\"ListItem\",\"position\":1,\"name\":\"Inicio\",\"item\":\"https:\/\/blogs.uninter.edu.mx\/Enfermeria\/\"},{\"@type\":\"ListItem\",\"position\":2,\"name\":\"Directorio m\u00e9dico\"}]},{\"@type\":\"WebSite\",\"@id\":\"https:\/\/blogs.uninter.edu.mx\/Enfermeria\/#website\",\"url\":\"https:\/\/blogs.uninter.edu.mx\/Enfermeria\/\",\"name\":\"Enfermeria Uninter\",\"description\":\"\",\"potentialAction\":[{\"@type\":\"SearchAction\",\"target\":{\"@type\":\"EntryPoint\",\"urlTemplate\":\"https:\/\/blogs.uninter.edu.mx\/Enfermeria\/?s={search_term_string}\"},\"query-input\":\"required name=search_term_string\"}],\"inLanguage\":\"es-MX\"}]}<\/script>\r\n<!-- \/ Yoast SEO plugin. -->","yoast_head_json":{"title":"Directorio m\u00e9dico - Enfermeria Uninter","robots":{"index":"noindex","follow":"follow","max-snippet":"max-snippet:-1","max-image-preview":"max-image-preview:large","max-video-preview":"max-video-preview:-1"},"og_locale":"es_MX","og_type":"article","og_title":"Directorio m\u00e9dico - Enfermeria Uninter","og_description":"Directorio M\u00e9dico SERVICIOS DE AMBULANCIAS DEPENDENCIA TEL\u00c9FONO COSTO EMERGENCIAS (24 HORAS) 911 Sin costo Cruz roja (777) 3150214 Sin costo ERUM (777) 101 10 00 ext. 15070 o 15072 Sin costo Bomberos ( base zapata) 7773645099 Sin costo p\/ emergencias HOSPITALES DEPENDENCIA TEL\u00c9FONO DIRECCI\u00d3N Cruz roja (777) 3 15 05 51 Rio panuco s\/n, fracc.&hellip;","og_url":"https:\/\/blogs.uninter.edu.mx\/Enfermeria\/index.php\/directorio-medic\/","og_site_name":"Enfermeria Uninter","twitter_card":"summary_large_image","schema":{"@context":"https:\/\/schema.org","@graph":[{"@type":"WebPage","@id":"https:\/\/blogs.uninter.edu.mx\/Enfermeria\/index.php\/directorio-medic\/","url":"https:\/\/blogs.uninter.edu.mx\/Enfermeria\/index.php\/directorio-medic\/","name":"Directorio m\u00e9dico - Enfermeria Uninter","isPartOf":{"@id":"https:\/\/blogs.uninter.edu.mx\/Enfermeria\/#website"},"datePublished":"2013-10-03T00:34:37+00:00","dateModified":"2013-10-03T00:34:37+00:00","breadcrumb":{"@id":"https:\/\/blogs.uninter.edu.mx\/Enfermeria\/index.php\/directorio-medic\/#breadcrumb"},"inLanguage":"es-MX","potentialAction":[{"@type":"ReadAction","target":["https:\/\/blogs.uninter.edu.mx\/Enfermeria\/index.php\/directorio-medic\/"]}]},{"@type":"BreadcrumbList","@id":"https:\/\/blogs.uninter.edu.mx\/Enfermeria\/index.php\/directorio-medic\/#breadcrumb","itemListElement":[{"@type":"ListItem","position":1,"name":"Inicio","item":"https:\/\/blogs.uninter.edu.mx\/Enfermeria\/"},{"@type":"ListItem","position":2,"name":"Directorio m\u00e9dico"}]},{"@type":"WebSite","@id":"https:\/\/blogs.uninter.edu.mx\/Enfermeria\/#website","url":"https:\/\/blogs.uninter.edu.mx\/Enfermeria\/","name":"Enfermeria Uninter","description":"","potentialAction":[{"@type":"SearchAction","target":{"@type":"EntryPoint","urlTemplate":"https:\/\/blogs.uninter.edu.mx\/Enfermeria\/?s={search_term_string}"},"query-input":"required name=search_term_string"}],"inLanguage":"es-MX"}]}},"jetpack_sharing_enabled":true,"_links":{"self":[{"href":"https:\/\/blogs.uninter.edu.mx\/Enfermeria\/index.php\/wp-json\/wp\/v2\/pages\/80","targetHints":{"allow":["GET"]}}],"collection":[{"href":"https:\/\/blogs.uninter.edu.mx\/Enfermeria\/index.php\/wp-json\/wp\/v2\/pages"}],"about":[{"href":"https:\/\/blogs.uninter.edu.mx\/Enfermeria\/index.php\/wp-json\/wp\/v2\/types\/page"}],"author":[{"embeddable":true,"href":"https:\/\/blogs.uninter.edu.mx\/Enfermeria\/index.php\/wp-json\/wp\/v2\/users\/5"}],"replies":[{"embeddable":true,"href":"https:\/\/blogs.uninter.edu.mx\/Enfermeria\/index.php\/wp-json\/wp\/v2\/comments?post=80"}],"version-history":[{"count":0,"href":"https:\/\/blogs.uninter.edu.mx\/Enfermeria\/index.php\/wp-json\/wp\/v2\/pages\/80\/revisions"}],"wp:attachment":[{"href":"https:\/\/blogs.uninter.edu.mx\/Enfermeria\/index.php\/wp-json\/wp\/v2\/media?parent=80"}],"curies":[{"name":"wp","href":"https:\/\/api.w.org\/{rel}","templated":true}]}}