{"id":158,"date":"2013-09-12T18:05:22","date_gmt":"2013-09-12T18:05:22","guid":{"rendered":"http:\/\/filarmonicadecuernavacauninter.wordpress.com\/?page_id=158"},"modified":"2026-02-16T21:36:14","modified_gmt":"2026-02-16T21:36:14","slug":"horarios-e-inscripciones","status":"publish","type":"page","link":"https:\/\/blogs.uninter.edu.mx\/Filarmonica\/index.php\/horarios-e-inscripciones\/","title":{"rendered":"Te invitamos a formar parte de la Filarm\u00f3nica de Cuernavaca UNINTER.\u00a0"},"content":{"rendered":"<p><b>ATR\u00c9VETE<\/b><strong>\u00a0A EXPLOTAR TUS TALENTOS.<\/strong><\/p>\n<h2 style=\"text-align: justify;\">Objetivo<\/h2>\n<p>Impulsar el desarrollo de la Filarm\u00f3nica de Cuernavaca y otras agrupaciones de m\u00fasica de concierto al dar mayor competitividad en el entorno con el fin de mejorar su capacidad como ejecutantes e int\u00e9rpretes de la m\u00fasica. Desarrollar entre la poblaci\u00f3n mayor sensibilidad ante las Bellas Artes y mostrar espacios donde la gente tenga mayor contacto con la m\u00fasica.<\/p>\n<h2 style=\"text-align: justify;\">Direcci\u00f3n<\/h2>\n<p style=\"text-align: justify;\">Instalaciones de BIU; San Jer\u00f3nimo 607, Tlaltenango, 62170 Cuernavaca, Mor.<\/p>\n<h2 style=\"text-align: justify;\">Ensayos<\/h2>\n<p style=\"text-align: justify;\">Jueves 16:00 &#8211; 19:00 hrs<\/p>\n<p style=\"text-align: justify;\">BIU &#8211; Sal\u00f3n 115<\/p>\n<h2 style=\"text-align: justify;\">Contacto<\/h2>\n<p style=\"text-align: justify;\">Tel\u00e9fono: 7773579000 EXT.303<\/p>\n<h2 style=\"text-align: justify;\">Personal administrativo<\/h2>\n<p style=\"text-align: justify;\">DIRECTORA GENERAL<\/p>\n<p style=\"text-align: justify;\">Dra. Ang\u00e9lica Pastor Nieto<\/p>\n<p style=\"text-align: justify;\">COORDINADORA<\/p>\n<p style=\"text-align: justify;\">Lic. Luz Elena G\u00e1lvez Quiroz<\/p>\n\n\n<h2 class=\"wp-block-heading\"><\/h2>\n\n\n\n<figure class=\"wp-block-image size-full\"><img loading=\"lazy\" decoding=\"async\" width=\"1600\" height=\"1600\" src=\"https:\/\/blogs.uninter.edu.mx\/Filarmonica\/wp-content\/uploads\/2026\/02\/WhatsApp-Image-2026-02-12-at-1.33.25-PM.jpeg\" alt=\"\" class=\"wp-image-6955\"\/><\/figure>\n","protected":false},"excerpt":{"rendered":"<p>ATR\u00c9VETE\u00a0A EXPLOTAR TUS TALENTOS. Objetivo Impulsar el desarrollo de la Filarm\u00f3nica de Cuernavaca y otras agrupaciones de m\u00fasica de concierto al dar mayor competitividad en el entorno con el fin de mejorar su capacidad como ejecutantes e int\u00e9rpretes de la m\u00fasica. Desarrollar entre la poblaci\u00f3n mayor sensibilidad ante las Bellas Artes y mostrar espacios donde&hellip;<\/p>\n","protected":false},"author":2,"featured_media":0,"parent":0,"menu_order":0,"comment_status":"closed","ping_status":"closed","template":"","meta":{"footnotes":""},"class_list":["post-158","page","type-page","status-publish","hentry"],"yoast_head":"<!-- This site is optimized with the Yoast SEO plugin v22.8 - https:\/\/yoast.com\/wordpress\/plugins\/seo\/ -->\r\n<title>Te invitamos a formar parte de la Filarm\u00f3nica de Cuernavaca UNINTER.\u00a0 - Filarmonica UNINTER<\/title>\r\n<meta name=\"robots\" content=\"index, follow, max-snippet:-1, max-image-preview:large, max-video-preview:-1\" \/>\r\n<link rel=\"canonical\" href=\"https:\/\/blogs.uninter.edu.mx\/Filarmonica\/index.php\/horarios-e-inscripciones\/\" \/>\r\n<meta property=\"og:locale\" content=\"es_MX\" \/>\r\n<meta property=\"og:type\" content=\"article\" \/>\r\n<meta property=\"og:title\" content=\"Te invitamos a formar parte de la Filarm\u00f3nica de Cuernavaca UNINTER.\u00a0 - Filarmonica UNINTER\" \/>\r\n<meta property=\"og:description\" content=\"ATR\u00c9VETE\u00a0A EXPLOTAR TUS TALENTOS. Objetivo Impulsar el desarrollo de la Filarm\u00f3nica de Cuernavaca y otras agrupaciones de m\u00fasica de concierto al dar mayor competitividad en el entorno con el fin de mejorar su capacidad como ejecutantes e int\u00e9rpretes de la m\u00fasica. Desarrollar entre la poblaci\u00f3n mayor sensibilidad ante las Bellas Artes y mostrar espacios donde&hellip;\" \/>\r\n<meta property=\"og:url\" content=\"https:\/\/blogs.uninter.edu.mx\/Filarmonica\/index.php\/horarios-e-inscripciones\/\" \/>\r\n<meta property=\"og:site_name\" content=\"Filarmonica UNINTER\" \/>\r\n<meta property=\"article:modified_time\" content=\"2026-02-16T21:36:14+00:00\" \/>\r\n<meta property=\"og:image\" content=\"https:\/\/blogs.uninter.edu.mx\/Filarmonica\/wp-content\/uploads\/2026\/02\/WhatsApp-Image-2026-02-12-at-1.33.25-PM.jpeg\" \/>\r\n<meta name=\"twitter:card\" content=\"summary_large_image\" \/>\r\n<meta name=\"twitter:label1\" content=\"Tiempo de lectura\" \/>\n\t<meta name=\"twitter:data1\" content=\"1 minuto\" \/>\r\n<script type=\"application\/ld+json\" class=\"yoast-schema-graph\">{\"@context\":\"https:\/\/schema.org\",\"@graph\":[{\"@type\":\"WebPage\",\"@id\":\"https:\/\/blogs.uninter.edu.mx\/Filarmonica\/index.php\/horarios-e-inscripciones\/\",\"url\":\"https:\/\/blogs.uninter.edu.mx\/Filarmonica\/index.php\/horarios-e-inscripciones\/\",\"name\":\"Te invitamos a formar parte de la Filarm\u00f3nica de Cuernavaca UNINTER.\u00a0 - Filarmonica UNINTER\",\"isPartOf\":{\"@id\":\"https:\/\/blogs.uninter.edu.mx\/Filarmonica\/#website\"},\"primaryImageOfPage\":{\"@id\":\"https:\/\/blogs.uninter.edu.mx\/Filarmonica\/index.php\/horarios-e-inscripciones\/#primaryimage\"},\"image\":{\"@id\":\"https:\/\/blogs.uninter.edu.mx\/Filarmonica\/index.php\/horarios-e-inscripciones\/#primaryimage\"},\"thumbnailUrl\":\"https:\/\/blogs.uninter.edu.mx\/Filarmonica\/wp-content\/uploads\/2026\/02\/WhatsApp-Image-2026-02-12-at-1.33.25-PM.jpeg\",\"datePublished\":\"2013-09-12T18:05:22+00:00\",\"dateModified\":\"2026-02-16T21:36:14+00:00\",\"breadcrumb\":{\"@id\":\"https:\/\/blogs.uninter.edu.mx\/Filarmonica\/index.php\/horarios-e-inscripciones\/#breadcrumb\"},\"inLanguage\":\"es-MX\",\"potentialAction\":[{\"@type\":\"ReadAction\",\"target\":[\"https:\/\/blogs.uninter.edu.mx\/Filarmonica\/index.php\/horarios-e-inscripciones\/\"]}]},{\"@type\":\"ImageObject\",\"inLanguage\":\"es-MX\",\"@id\":\"https:\/\/blogs.uninter.edu.mx\/Filarmonica\/index.php\/horarios-e-inscripciones\/#primaryimage\",\"url\":\"https:\/\/blogs.uninter.edu.mx\/Filarmonica\/wp-content\/uploads\/2026\/02\/WhatsApp-Image-2026-02-12-at-1.33.25-PM.jpeg\",\"contentUrl\":\"https:\/\/blogs.uninter.edu.mx\/Filarmonica\/wp-content\/uploads\/2026\/02\/WhatsApp-Image-2026-02-12-at-1.33.25-PM.jpeg\",\"width\":1600,\"height\":1600},{\"@type\":\"BreadcrumbList\",\"@id\":\"https:\/\/blogs.uninter.edu.mx\/Filarmonica\/index.php\/horarios-e-inscripciones\/#breadcrumb\",\"itemListElement\":[{\"@type\":\"ListItem\",\"position\":1,\"name\":\"Inicio\",\"item\":\"https:\/\/blogs.uninter.edu.mx\/Filarmonica\/\"},{\"@type\":\"ListItem\",\"position\":2,\"name\":\"Te invitamos a formar parte de la Filarm\u00f3nica de Cuernavaca UNINTER.\u00a0\"}]},{\"@type\":\"WebSite\",\"@id\":\"https:\/\/blogs.uninter.edu.mx\/Filarmonica\/#website\",\"url\":\"https:\/\/blogs.uninter.edu.mx\/Filarmonica\/\",\"name\":\"Filarmonica UNINTER\",\"description\":\"\",\"potentialAction\":[{\"@type\":\"SearchAction\",\"target\":{\"@type\":\"EntryPoint\",\"urlTemplate\":\"https:\/\/blogs.uninter.edu.mx\/Filarmonica\/?s={search_term_string}\"},\"query-input\":\"required name=search_term_string\"}],\"inLanguage\":\"es-MX\"}]}<\/script>\r\n<!-- \/ Yoast SEO plugin. -->","yoast_head_json":{"title":"Te invitamos a formar parte de la Filarm\u00f3nica de Cuernavaca UNINTER.\u00a0 - Filarmonica UNINTER","robots":{"index":"index","follow":"follow","max-snippet":"max-snippet:-1","max-image-preview":"max-image-preview:large","max-video-preview":"max-video-preview:-1"},"canonical":"https:\/\/blogs.uninter.edu.mx\/Filarmonica\/index.php\/horarios-e-inscripciones\/","og_locale":"es_MX","og_type":"article","og_title":"Te invitamos a formar parte de la Filarm\u00f3nica de Cuernavaca UNINTER.\u00a0 - Filarmonica UNINTER","og_description":"ATR\u00c9VETE\u00a0A EXPLOTAR TUS TALENTOS. Objetivo Impulsar el desarrollo de la Filarm\u00f3nica de Cuernavaca y otras agrupaciones de m\u00fasica de concierto al dar mayor competitividad en el entorno con el fin de mejorar su capacidad como ejecutantes e int\u00e9rpretes de la m\u00fasica. Desarrollar entre la poblaci\u00f3n mayor sensibilidad ante las Bellas Artes y mostrar espacios donde&hellip;","og_url":"https:\/\/blogs.uninter.edu.mx\/Filarmonica\/index.php\/horarios-e-inscripciones\/","og_site_name":"Filarmonica UNINTER","article_modified_time":"2026-02-16T21:36:14+00:00","og_image":[{"url":"https:\/\/blogs.uninter.edu.mx\/Filarmonica\/wp-content\/uploads\/2026\/02\/WhatsApp-Image-2026-02-12-at-1.33.25-PM.jpeg"}],"twitter_card":"summary_large_image","twitter_misc":{"Tiempo de lectura":"1 minuto"},"schema":{"@context":"https:\/\/schema.org","@graph":[{"@type":"WebPage","@id":"https:\/\/blogs.uninter.edu.mx\/Filarmonica\/index.php\/horarios-e-inscripciones\/","url":"https:\/\/blogs.uninter.edu.mx\/Filarmonica\/index.php\/horarios-e-inscripciones\/","name":"Te invitamos a formar parte de la Filarm\u00f3nica de Cuernavaca UNINTER.\u00a0 - Filarmonica UNINTER","isPartOf":{"@id":"https:\/\/blogs.uninter.edu.mx\/Filarmonica\/#website"},"primaryImageOfPage":{"@id":"https:\/\/blogs.uninter.edu.mx\/Filarmonica\/index.php\/horarios-e-inscripciones\/#primaryimage"},"image":{"@id":"https:\/\/blogs.uninter.edu.mx\/Filarmonica\/index.php\/horarios-e-inscripciones\/#primaryimage"},"thumbnailUrl":"https:\/\/blogs.uninter.edu.mx\/Filarmonica\/wp-content\/uploads\/2026\/02\/WhatsApp-Image-2026-02-12-at-1.33.25-PM.jpeg","datePublished":"2013-09-12T18:05:22+00:00","dateModified":"2026-02-16T21:36:14+00:00","breadcrumb":{"@id":"https:\/\/blogs.uninter.edu.mx\/Filarmonica\/index.php\/horarios-e-inscripciones\/#breadcrumb"},"inLanguage":"es-MX","potentialAction":[{"@type":"ReadAction","target":["https:\/\/blogs.uninter.edu.mx\/Filarmonica\/index.php\/horarios-e-inscripciones\/"]}]},{"@type":"ImageObject","inLanguage":"es-MX","@id":"https:\/\/blogs.uninter.edu.mx\/Filarmonica\/index.php\/horarios-e-inscripciones\/#primaryimage","url":"https:\/\/blogs.uninter.edu.mx\/Filarmonica\/wp-content\/uploads\/2026\/02\/WhatsApp-Image-2026-02-12-at-1.33.25-PM.jpeg","contentUrl":"https:\/\/blogs.uninter.edu.mx\/Filarmonica\/wp-content\/uploads\/2026\/02\/WhatsApp-Image-2026-02-12-at-1.33.25-PM.jpeg","width":1600,"height":1600},{"@type":"BreadcrumbList","@id":"https:\/\/blogs.uninter.edu.mx\/Filarmonica\/index.php\/horarios-e-inscripciones\/#breadcrumb","itemListElement":[{"@type":"ListItem","position":1,"name":"Inicio","item":"https:\/\/blogs.uninter.edu.mx\/Filarmonica\/"},{"@type":"ListItem","position":2,"name":"Te invitamos a formar parte de la Filarm\u00f3nica de Cuernavaca UNINTER.\u00a0"}]},{"@type":"WebSite","@id":"https:\/\/blogs.uninter.edu.mx\/Filarmonica\/#website","url":"https:\/\/blogs.uninter.edu.mx\/Filarmonica\/","name":"Filarmonica UNINTER","description":"","potentialAction":[{"@type":"SearchAction","target":{"@type":"EntryPoint","urlTemplate":"https:\/\/blogs.uninter.edu.mx\/Filarmonica\/?s={search_term_string}"},"query-input":"required name=search_term_string"}],"inLanguage":"es-MX"}]}},"jetpack_sharing_enabled":true,"_links":{"self":[{"href":"https:\/\/blogs.uninter.edu.mx\/Filarmonica\/index.php\/wp-json\/wp\/v2\/pages\/158","targetHints":{"allow":["GET"]}}],"collection":[{"href":"https:\/\/blogs.uninter.edu.mx\/Filarmonica\/index.php\/wp-json\/wp\/v2\/pages"}],"about":[{"href":"https:\/\/blogs.uninter.edu.mx\/Filarmonica\/index.php\/wp-json\/wp\/v2\/types\/page"}],"author":[{"embeddable":true,"href":"https:\/\/blogs.uninter.edu.mx\/Filarmonica\/index.php\/wp-json\/wp\/v2\/users\/2"}],"replies":[{"embeddable":true,"href":"https:\/\/blogs.uninter.edu.mx\/Filarmonica\/index.php\/wp-json\/wp\/v2\/comments?post=158"}],"version-history":[{"count":3,"href":"https:\/\/blogs.uninter.edu.mx\/Filarmonica\/index.php\/wp-json\/wp\/v2\/pages\/158\/revisions"}],"predecessor-version":[{"id":7013,"href":"https:\/\/blogs.uninter.edu.mx\/Filarmonica\/index.php\/wp-json\/wp\/v2\/pages\/158\/revisions\/7013"}],"wp:attachment":[{"href":"https:\/\/blogs.uninter.edu.mx\/Filarmonica\/index.php\/wp-json\/wp\/v2\/media?parent=158"}],"curies":[{"name":"wp","href":"https:\/\/api.w.org\/{rel}","templated":true}]}}