{"id":153,"date":"2019-08-28T17:31:52","date_gmt":"2019-08-28T17:31:52","guid":{"rendered":"https:\/\/blogs.uninter.edu.mx\/Publicaciones\/?page_id=153"},"modified":"2026-04-29T18:38:31","modified_gmt":"2026-04-29T18:38:31","slug":"revista-yndicio","status":"publish","type":"page","link":"https:\/\/blogs.uninter.edu.mx\/Publicaciones\/index.php\/revista-yndicio\/","title":{"rendered":"Revista Yndicio"},"content":{"rendered":"<div id=\"pl-153\"  class=\"panel-layout\" ><div id=\"pg-153-0\"  class=\"panel-grid panel-no-style\" ><div id=\"pgc-153-0-0\"  class=\"panel-grid-cell\" ><div id=\"panel-153-0-0-0\" class=\"so-panel widget widget_media_image panel-first-child\" data-index=\"0\" ><div class=\"panel-widget-style panel-widget-style-for-153-0-0-0\" ><h3 class=\"widget-title\">N\u00famero de Revista: 9<\/h3><a href=\"https:\/\/uninter.edu.mx\/folletos\/Posgrados\/PublicacionesDigitales\/YNDICIO9\/\"><img loading=\"lazy\" decoding=\"async\" width=\"230\" height=\"302\" src=\"https:\/\/blogs.uninter.edu.mx\/Publicaciones\/wp-content\/uploads\/2022\/07\/Yndicio9-1.jpg\" class=\"image wp-image-373  attachment-full size-full\" alt=\"Portada Yndicio9\" style=\"max-width: 100%; height: auto;\" title=\"N\u00famero de Revista: 9\" \/><\/a><\/div><\/div><div id=\"panel-153-0-0-1\" class=\"so-panel widget widget_sow-editor\" data-index=\"1\" ><div class=\"panel-widget-style panel-widget-style-for-153-0-0-1\" ><div\n\t\t\t\n\t\t\tclass=\"so-widget-sow-editor so-widget-sow-editor-base\"\n\t\t\t\n\t\t>\n<div class=\"siteorigin-widget-tinymce textwidget\">\n\t<p>Fecha de Publicaci\u00f3n: Julio 2022<\/p>\n<\/div>\n<\/div><\/div><\/div><div id=\"panel-153-0-0-2\" class=\"so-panel widget widget_sow-button panel-last-child\" data-index=\"2\" ><div\n\t\t\t\n\t\t\tclass=\"so-widget-sow-button so-widget-sow-button-flat-a69ceae0e193-153\"\n\t\t\t\n\t\t><div class=\"ow-button-base ow-button-align-center\"\n>\n\t\t\t<a\n\t\t\t\t\thref=\"https:\/\/heyzine.com\/flip-book\/2fb4b3c019.html\"\n\t\t\t\t\tclass=\"sowb-button ow-icon-placement-left ow-button-hover\" target=\"_blank\" rel=\"noopener noreferrer\" \t>\n\t\t<span>\n\t\t\t\n\t\t\tVer Revista\t\t<\/span>\n\t\t\t<\/a>\n\t<\/div>\n<\/div><\/div><\/div><div id=\"pgc-153-0-1\"  class=\"panel-grid-cell panel-grid-cell-mobile-last\" ><div id=\"panel-153-0-1-0\" class=\"so-panel widget widget_media_image panel-first-child\" data-index=\"3\" ><div class=\"panel-widget-style panel-widget-style-for-153-0-1-0\" ><h3 class=\"widget-title\">N\u00famero de Revista: 8<\/h3><a href=\"https:\/\/uninter.edu.mx\/folletos\/Posgrados\/PublicacionesDigitales\/YNDICIO8\/\"><img loading=\"lazy\" decoding=\"async\" width=\"230\" height=\"302\" src=\"https:\/\/blogs.uninter.edu.mx\/Publicaciones\/wp-content\/uploads\/2021\/10\/Yndicio8.jpg\" class=\"image wp-image-366  attachment-full size-full\" alt=\"Portada Yndicio8\" style=\"max-width: 100%; height: auto;\" title=\"N\u00famero de Revista: 8\" \/><\/a><\/div><\/div><div id=\"panel-153-0-1-1\" class=\"so-panel widget widget_sow-editor\" data-index=\"4\" ><div class=\"panel-widget-style panel-widget-style-for-153-0-1-1\" ><div\n\t\t\t\n\t\t\tclass=\"so-widget-sow-editor so-widget-sow-editor-base\"\n\t\t\t\n\t\t>\n<div class=\"siteorigin-widget-tinymce textwidget\">\n\t<p>Fecha de Publicaci\u00f3n: Agosto 2021<\/p>\n<\/div>\n<\/div><\/div><\/div><div id=\"panel-153-0-1-2\" class=\"so-panel widget widget_sow-button panel-last-child\" data-index=\"5\" ><div\n\t\t\t\n\t\t\tclass=\"so-widget-sow-button so-widget-sow-button-flat-a69ceae0e193-153\"\n\t\t\t\n\t\t><div class=\"ow-button-base ow-button-align-center\"\n>\n\t\t\t<a\n\t\t\t\t\thref=\"https:\/\/heyzine.com\/flip-book\/ca9b284d55.html\"\n\t\t\t\t\tclass=\"sowb-button ow-icon-placement-left ow-button-hover\" target=\"_blank\" rel=\"noopener noreferrer\" \t>\n\t\t<span>\n\t\t\t\n\t\t\tVer Revista\t\t<\/span>\n\t\t\t<\/a>\n\t<\/div>\n<\/div><\/div><\/div><div id=\"pgc-153-0-2\"  class=\"panel-grid-cell panel-grid-cell-empty\" ><\/div><\/div><div id=\"pg-153-1\"  class=\"panel-grid panel-has-style\" ><div class=\"panel-row-style panel-row-style-for-153-1\" ><div id=\"pgc-153-1-0\"  class=\"panel-grid-cell\" ><div id=\"panel-153-1-0-0\" class=\"so-panel widget widget_media_image panel-first-child\" data-index=\"6\" ><div class=\"panel-widget-style panel-widget-style-for-153-1-0-0\" ><h3 class=\"widget-title\">N\u00famero de Revista: 6\/7<\/h3><a href=\"https:\/\/uninter.edu.mx\/folletos\/Posgrados\/publicacionesDigitales\/YNDICIO6\"><img loading=\"lazy\" decoding=\"async\" width=\"230\" height=\"301\" src=\"https:\/\/blogs.uninter.edu.mx\/Publicaciones\/wp-content\/uploads\/2021\/09\/yndicio6.jpg\" class=\"image wp-image-360  attachment-full size-full\" alt=\"\" style=\"max-width: 100%; height: auto;\" title=\"N\u00famero de Revista: 6\/7\" \/><\/a><\/div><\/div><div id=\"panel-153-1-0-1\" class=\"so-panel widget widget_sow-editor\" data-index=\"7\" ><div class=\"panel-widget-style panel-widget-style-for-153-1-0-1\" ><div\n\t\t\t\n\t\t\tclass=\"so-widget-sow-editor so-widget-sow-editor-base\"\n\t\t\t\n\t\t>\n<div class=\"siteorigin-widget-tinymce textwidget\">\n\t<p>Fecha de Publicaci\u00f3n: Julio 2020<\/p>\n<\/div>\n<\/div><\/div><\/div><div id=\"panel-153-1-0-2\" class=\"so-panel widget widget_sow-button panel-last-child\" data-index=\"8\" ><div\n\t\t\t\n\t\t\tclass=\"so-widget-sow-button so-widget-sow-button-flat-a69ceae0e193-153\"\n\t\t\t\n\t\t><div class=\"ow-button-base ow-button-align-center\"\n>\n\t\t\t<a\n\t\t\t\t\thref=\"https:\/\/heyzine.com\/flip-book\/2d01a85ed3.html\"\n\t\t\t\t\tclass=\"sowb-button ow-icon-placement-left ow-button-hover\" target=\"_blank\" rel=\"noopener noreferrer\" \t>\n\t\t<span>\n\t\t\t\n\t\t\tVer Revista\t\t<\/span>\n\t\t\t<\/a>\n\t<\/div>\n<\/div><\/div><\/div><div id=\"pgc-153-1-1\"  class=\"panel-grid-cell\" ><div id=\"panel-153-1-1-0\" class=\"so-panel widget widget_media_image panel-first-child\" data-index=\"9\" ><div class=\"panel-widget-style panel-widget-style-for-153-1-1-0\" ><h3 class=\"widget-title\">N\u00famero de Revista: 5<\/h3><a href=\"https:\/\/uninter.edu.mx\/folletos\/Posgrados\/publicacionesDigitales\/YNDICIO5\"><img loading=\"lazy\" decoding=\"async\" width=\"230\" height=\"300\" src=\"https:\/\/blogs.uninter.edu.mx\/Publicaciones\/wp-content\/uploads\/2019\/08\/YNDICIO-5-PORTADA-4-230x300.jpg\" class=\"image wp-image-63  attachment-medium size-medium\" alt=\"\" style=\"max-width: 100%; height: auto;\" srcset=\"https:\/\/blogs.uninter.edu.mx\/Publicaciones\/wp-content\/uploads\/2019\/08\/YNDICIO-5-PORTADA-4-230x300.jpg 230w, https:\/\/blogs.uninter.edu.mx\/Publicaciones\/wp-content\/uploads\/2019\/08\/YNDICIO-5-PORTADA-4.jpg 250w\" sizes=\"auto, (max-width: 230px) 100vw, 230px\" \/><\/a><\/div><\/div><div id=\"panel-153-1-1-1\" class=\"so-panel widget widget_sow-editor\" data-index=\"10\" ><div class=\"panel-widget-style panel-widget-style-for-153-1-1-1\" ><div\n\t\t\t\n\t\t\tclass=\"so-widget-sow-editor so-widget-sow-editor-base\"\n\t\t\t\n\t\t>\n<div class=\"siteorigin-widget-tinymce textwidget\">\n\t<p>Fecha de Publicaci\u00f3n: Julio 2019<\/p>\n<\/div>\n<\/div><\/div><\/div><div id=\"panel-153-1-1-2\" class=\"so-panel widget widget_sow-button panel-last-child\" data-index=\"11\" ><div\n\t\t\t\n\t\t\tclass=\"so-widget-sow-button so-widget-sow-button-flat-c4dde7dd7159-153\"\n\t\t\t\n\t\t><div class=\"ow-button-base ow-button-align-center\"\n>\n\t\t\t<a\n\t\t\t\t\thref=\"https:\/\/uninter.edu.mx\/folletos\/Posgrados\/publicacionesDigitales\/YNDICIO5\"\n\t\t\t\t\tclass=\"sowb-button ow-icon-placement-left ow-button-hover\" target=\"_blank\" rel=\"noopener noreferrer\" \t>\n\t\t<span>\n\t\t\t\n\t\t\tVer Revista\t\t<\/span>\n\t\t\t<\/a>\n\t<\/div>\n<\/div><\/div><\/div><div id=\"pgc-153-1-2\"  class=\"panel-grid-cell\" ><div id=\"panel-153-1-2-0\" class=\"so-panel widget widget_media_image panel-first-child\" data-index=\"12\" ><div class=\"panel-widget-style panel-widget-style-for-153-1-2-0\" ><h3 class=\"widget-title\">N\u00famero de Revista: 4<\/h3><a href=\"https:\/\/uninter.edu.mx\/folletos\/Posgrados\/publicacionesDigitales\/YNDICIO4A\"><img loading=\"lazy\" decoding=\"async\" width=\"230\" height=\"300\" src=\"https:\/\/blogs.uninter.edu.mx\/Publicaciones\/wp-content\/uploads\/2019\/08\/pic04-230x300.jpg\" class=\"image wp-image-16  attachment-medium size-medium\" alt=\"Yndicio UNINTER 2019\" style=\"max-width: 100%; height: auto;\" srcset=\"https:\/\/blogs.uninter.edu.mx\/Publicaciones\/wp-content\/uploads\/2019\/08\/pic04-230x300.jpg 230w, https:\/\/blogs.uninter.edu.mx\/Publicaciones\/wp-content\/uploads\/2019\/08\/pic04.jpg 250w\" sizes=\"auto, (max-width: 230px) 100vw, 230px\" \/><\/a><\/div><\/div><div id=\"panel-153-1-2-1\" class=\"so-panel widget widget_sow-editor\" data-index=\"13\" ><div class=\"panel-widget-style panel-widget-style-for-153-1-2-1\" ><div\n\t\t\t\n\t\t\tclass=\"so-widget-sow-editor so-widget-sow-editor-base\"\n\t\t\t\n\t\t>\n<div class=\"siteorigin-widget-tinymce textwidget\">\n\t<p>Fecha de Publicaci\u00f3n: Enero 2019<\/p>\n<\/div>\n<\/div><\/div><\/div><div id=\"panel-153-1-2-2\" class=\"so-panel widget widget_sow-button panel-last-child\" data-index=\"14\" ><div\n\t\t\t\n\t\t\tclass=\"so-widget-sow-button so-widget-sow-button-flat-c4dde7dd7159-153\"\n\t\t\t\n\t\t><div class=\"ow-button-base ow-button-align-center\"\n>\n\t\t\t<a\n\t\t\t\t\thref=\"https:\/\/uninter.edu.mx\/folletos\/Posgrados\/publicacionesDigitales\/YNDICIO4A\"\n\t\t\t\t\tclass=\"sowb-button ow-icon-placement-left ow-button-hover\" target=\"_blank\" rel=\"noopener noreferrer\" \t>\n\t\t<span>\n\t\t\t\n\t\t\tVer Revista\t\t<\/span>\n\t\t\t<\/a>\n\t<\/div>\n<\/div><\/div><\/div><\/div><\/div><div id=\"pg-153-2\"  class=\"panel-grid panel-has-style\" ><div class=\"panel-row-style panel-row-style-for-153-2\" ><div id=\"pgc-153-2-0\"  class=\"panel-grid-cell\" ><div id=\"panel-153-2-0-0\" class=\"so-panel widget widget_media_image panel-first-child\" data-index=\"15\" ><div class=\"panel-widget-style panel-widget-style-for-153-2-0-0\" ><h3 class=\"widget-title\">N\u00famero de Revista: 3<\/h3><a href=\"https:\/\/uninter.edu.mx\/folletos\/Posgrados\/publicacionesDigitales\/YNDICIO4\"><img loading=\"lazy\" decoding=\"async\" width=\"230\" height=\"300\" src=\"https:\/\/blogs.uninter.edu.mx\/Publicaciones\/wp-content\/uploads\/2019\/08\/pic03-230x300.jpg\" class=\"image wp-image-17  attachment-medium size-medium\" alt=\"Yndicio UNINTER Julio 2018\" style=\"max-width: 100%; height: auto;\" srcset=\"https:\/\/blogs.uninter.edu.mx\/Publicaciones\/wp-content\/uploads\/2019\/08\/pic03-230x300.jpg 230w, https:\/\/blogs.uninter.edu.mx\/Publicaciones\/wp-content\/uploads\/2019\/08\/pic03.jpg 250w\" sizes=\"auto, (max-width: 230px) 100vw, 230px\" \/><\/a><\/div><\/div><div id=\"panel-153-2-0-1\" class=\"so-panel widget widget_sow-editor\" data-index=\"16\" ><div class=\"panel-widget-style panel-widget-style-for-153-2-0-1\" ><div\n\t\t\t\n\t\t\tclass=\"so-widget-sow-editor so-widget-sow-editor-base\"\n\t\t\t\n\t\t>\n<div class=\"siteorigin-widget-tinymce textwidget\">\n\t<p>Fecha de Publicaci\u00f3n: Julio 2018<\/p>\n<\/div>\n<\/div><\/div><\/div><div id=\"panel-153-2-0-2\" class=\"so-panel widget widget_sow-button panel-last-child\" data-index=\"17\" ><div\n\t\t\t\n\t\t\tclass=\"so-widget-sow-button so-widget-sow-button-flat-c4dde7dd7159-153\"\n\t\t\t\n\t\t><div class=\"ow-button-base ow-button-align-center\"\n>\n\t\t\t<a\n\t\t\t\t\thref=\"https:\/\/uninter.edu.mx\/folletos\/Posgrados\/publicacionesDigitales\/YNDICIO4\"\n\t\t\t\t\tclass=\"sowb-button ow-icon-placement-left ow-button-hover\" target=\"_blank\" rel=\"noopener noreferrer\" \t>\n\t\t<span>\n\t\t\t\n\t\t\tVer Revista\t\t<\/span>\n\t\t\t<\/a>\n\t<\/div>\n<\/div><\/div><\/div><div id=\"pgc-153-2-1\"  class=\"panel-grid-cell\" ><div id=\"panel-153-2-1-0\" class=\"so-panel widget widget_media_image panel-first-child\" data-index=\"18\" ><div class=\"panel-widget-style panel-widget-style-for-153-2-1-0\" ><h3 class=\"widget-title\">N\u00famero de Revista: 2<\/h3><a href=\"https:\/\/uninter.edu.mx\/folletos\/Posgrados\/publicacionesDigitales\/YNDICIO3\"><img loading=\"lazy\" decoding=\"async\" width=\"230\" height=\"300\" src=\"https:\/\/blogs.uninter.edu.mx\/Publicaciones\/wp-content\/uploads\/2019\/08\/pic02-230x300.jpg\" class=\"image wp-image-18  attachment-medium size-medium\" alt=\"Yndicio UNINTER Enero 2018\" style=\"max-width: 100%; height: auto;\" srcset=\"https:\/\/blogs.uninter.edu.mx\/Publicaciones\/wp-content\/uploads\/2019\/08\/pic02-230x300.jpg 230w, https:\/\/blogs.uninter.edu.mx\/Publicaciones\/wp-content\/uploads\/2019\/08\/pic02.jpg 250w\" sizes=\"auto, (max-width: 230px) 100vw, 230px\" \/><\/a><\/div><\/div><div id=\"panel-153-2-1-1\" class=\"so-panel widget widget_sow-editor\" data-index=\"19\" ><div class=\"panel-widget-style panel-widget-style-for-153-2-1-1\" ><div\n\t\t\t\n\t\t\tclass=\"so-widget-sow-editor so-widget-sow-editor-base\"\n\t\t\t\n\t\t>\n<div class=\"siteorigin-widget-tinymce textwidget\">\n\t<p>Fecha de Publicaci\u00f3n: Enero 2018<\/p>\n<\/div>\n<\/div><\/div><\/div><div id=\"panel-153-2-1-2\" class=\"so-panel widget widget_sow-button panel-last-child\" data-index=\"20\" ><div\n\t\t\t\n\t\t\tclass=\"so-widget-sow-button so-widget-sow-button-flat-c4dde7dd7159-153\"\n\t\t\t\n\t\t><div class=\"ow-button-base ow-button-align-center\"\n>\n\t\t\t<a\n\t\t\t\t\thref=\"https:\/\/uninter.edu.mx\/folletos\/Posgrados\/publicacionesDigitales\/YNDICIO3\"\n\t\t\t\t\tclass=\"sowb-button ow-icon-placement-left ow-button-hover\" target=\"_blank\" rel=\"noopener noreferrer\" \t>\n\t\t<span>\n\t\t\t\n\t\t\tVer Revista\t\t<\/span>\n\t\t\t<\/a>\n\t<\/div>\n<\/div><\/div><\/div><div id=\"pgc-153-2-2\"  class=\"panel-grid-cell\" ><div id=\"panel-153-2-2-0\" class=\"so-panel widget widget_media_image panel-first-child\" data-index=\"21\" ><div class=\"panel-widget-style panel-widget-style-for-153-2-2-0\" ><h3 class=\"widget-title\">N\u00famero de Revista: 1<\/h3><a href=\"https:\/\/uninter.edu.mx\/folletos\/Posgrados\/publicacionesDigitales\/YNDICIO2\"><img loading=\"lazy\" decoding=\"async\" width=\"230\" height=\"300\" src=\"https:\/\/blogs.uninter.edu.mx\/Publicaciones\/wp-content\/uploads\/2019\/08\/pic01-230x300.jpg\" class=\"image wp-image-19  attachment-medium size-medium\" alt=\"Yndicio UNINTER Julio 2017\" style=\"max-width: 100%; height: auto;\" srcset=\"https:\/\/blogs.uninter.edu.mx\/Publicaciones\/wp-content\/uploads\/2019\/08\/pic01-230x300.jpg 230w, https:\/\/blogs.uninter.edu.mx\/Publicaciones\/wp-content\/uploads\/2019\/08\/pic01.jpg 250w\" sizes=\"auto, (max-width: 230px) 100vw, 230px\" \/><\/a><\/div><\/div><div id=\"panel-153-2-2-1\" class=\"so-panel widget widget_sow-editor\" data-index=\"22\" ><div class=\"panel-widget-style panel-widget-style-for-153-2-2-1\" ><div\n\t\t\t\n\t\t\tclass=\"so-widget-sow-editor so-widget-sow-editor-base\"\n\t\t\t\n\t\t>\n<div class=\"siteorigin-widget-tinymce textwidget\">\n\t<p>Fecha de Publicaci\u00f3n: 2017<\/p>\n<\/div>\n<\/div><\/div><\/div><div id=\"panel-153-2-2-2\" class=\"so-panel widget widget_sow-button panel-last-child\" data-index=\"23\" ><div\n\t\t\t\n\t\t\tclass=\"so-widget-sow-button so-widget-sow-button-flat-c4dde7dd7159-153\"\n\t\t\t\n\t\t><div class=\"ow-button-base ow-button-align-center\"\n>\n\t\t\t<a\n\t\t\t\t\thref=\"https:\/\/uninter.edu.mx\/folletos\/Posgrados\/publicacionesDigitales\/YNDICIO2\"\n\t\t\t\t\tclass=\"sowb-button ow-icon-placement-left ow-button-hover\" target=\"_blank\" rel=\"noopener noreferrer\" \t>\n\t\t<span>\n\t\t\t\n\t\t\tVer Revista\t\t<\/span>\n\t\t\t<\/a>\n\t<\/div>\n<\/div><\/div><\/div><\/div><\/div><\/div>","protected":false},"excerpt":{"rendered":"<p>Fecha de Publicaci\u00f3n: Julio 2022 Fecha de Publicaci\u00f3n: Agosto 2021 Fecha de Publicaci\u00f3n: Julio 2020 Fecha de Publicaci\u00f3n: Julio 2019 Fecha de Publicaci\u00f3n: Enero 2019<\/p>\n","protected":false},"author":3,"featured_media":0,"parent":0,"menu_order":0,"comment_status":"closed","ping_status":"closed","template":"","meta":{"footnotes":""},"class_list":["post-153","page","type-page","status-publish","hentry"],"yoast_head":"<!-- This site is optimized with the Yoast SEO plugin v27.1.1 - https:\/\/yoast.com\/product\/yoast-seo-wordpress\/ -->\r\n<title>Revista Yndicio - CENTRO EDITORIAL UNINTER<\/title>\r\n<meta name=\"robots\" content=\"index, follow, max-snippet:-1, max-image-preview:large, max-video-preview:-1\" \/>\r\n<link rel=\"canonical\" href=\"https:\/\/blogs.uninter.edu.mx\/Publicaciones\/index.php\/revista-yndicio\/\" \/>\r\n<meta property=\"og:locale\" content=\"es_MX\" \/>\r\n<meta property=\"og:type\" content=\"article\" \/>\r\n<meta property=\"og:title\" content=\"Revista Yndicio - CENTRO EDITORIAL UNINTER\" \/>\r\n<meta property=\"og:description\" content=\"Fecha de Publicaci\u00f3n: Julio 2022 Fecha de Publicaci\u00f3n: Agosto 2021 Fecha de Publicaci\u00f3n: Julio 2020 Fecha de Publicaci\u00f3n: Julio 2019 Fecha de Publicaci\u00f3n: Enero 2019\" \/>\r\n<meta property=\"og:url\" content=\"https:\/\/blogs.uninter.edu.mx\/Publicaciones\/index.php\/revista-yndicio\/\" \/>\r\n<meta property=\"og:site_name\" content=\"CENTRO EDITORIAL UNINTER\" \/>\r\n<meta property=\"article:modified_time\" content=\"2026-04-29T18:38:31+00:00\" \/>\r\n<meta name=\"twitter:card\" content=\"summary_large_image\" \/>\r\n<meta name=\"twitter:label1\" content=\"Tiempo de lectura\" \/>\n\t<meta name=\"twitter:data1\" content=\"2 minutos\" \/>\r\n<script type=\"application\/ld+json\" class=\"yoast-schema-graph\">{\"@context\":\"https:\/\/schema.org\",\"@graph\":[{\"@type\":\"WebPage\",\"@id\":\"https:\/\/blogs.uninter.edu.mx\/Publicaciones\/index.php\/revista-yndicio\/\",\"url\":\"https:\/\/blogs.uninter.edu.mx\/Publicaciones\/index.php\/revista-yndicio\/\",\"name\":\"Revista Yndicio - CENTRO EDITORIAL UNINTER\",\"isPartOf\":{\"@id\":\"https:\/\/blogs.uninter.edu.mx\/Publicaciones\/#website\"},\"datePublished\":\"2019-08-28T17:31:52+00:00\",\"dateModified\":\"2026-04-29T18:38:31+00:00\",\"breadcrumb\":{\"@id\":\"https:\/\/blogs.uninter.edu.mx\/Publicaciones\/index.php\/revista-yndicio\/#breadcrumb\"},\"inLanguage\":\"es-MX\",\"potentialAction\":[{\"@type\":\"ReadAction\",\"target\":[\"https:\/\/blogs.uninter.edu.mx\/Publicaciones\/index.php\/revista-yndicio\/\"]}]},{\"@type\":\"BreadcrumbList\",\"@id\":\"https:\/\/blogs.uninter.edu.mx\/Publicaciones\/index.php\/revista-yndicio\/#breadcrumb\",\"itemListElement\":[{\"@type\":\"ListItem\",\"position\":1,\"name\":\"Inicio\",\"item\":\"https:\/\/blogs.uninter.edu.mx\/Publicaciones\/\"},{\"@type\":\"ListItem\",\"position\":2,\"name\":\"Revista Yndicio\"}]},{\"@type\":\"WebSite\",\"@id\":\"https:\/\/blogs.uninter.edu.mx\/Publicaciones\/#website\",\"url\":\"https:\/\/blogs.uninter.edu.mx\/Publicaciones\/\",\"name\":\"CENTRO EDITORIAL UNINTER\",\"description\":\"\",\"potentialAction\":[{\"@type\":\"SearchAction\",\"target\":{\"@type\":\"EntryPoint\",\"urlTemplate\":\"https:\/\/blogs.uninter.edu.mx\/Publicaciones\/?s={search_term_string}\"},\"query-input\":{\"@type\":\"PropertyValueSpecification\",\"valueRequired\":true,\"valueName\":\"search_term_string\"}}],\"inLanguage\":\"es-MX\"}]}<\/script>\r\n<!-- \/ Yoast SEO plugin. -->","yoast_head_json":{"title":"Revista Yndicio - CENTRO EDITORIAL UNINTER","robots":{"index":"index","follow":"follow","max-snippet":"max-snippet:-1","max-image-preview":"max-image-preview:large","max-video-preview":"max-video-preview:-1"},"canonical":"https:\/\/blogs.uninter.edu.mx\/Publicaciones\/index.php\/revista-yndicio\/","og_locale":"es_MX","og_type":"article","og_title":"Revista Yndicio - CENTRO EDITORIAL UNINTER","og_description":"Fecha de Publicaci\u00f3n: Julio 2022 Fecha de Publicaci\u00f3n: Agosto 2021 Fecha de Publicaci\u00f3n: Julio 2020 Fecha de Publicaci\u00f3n: Julio 2019 Fecha de Publicaci\u00f3n: Enero 2019","og_url":"https:\/\/blogs.uninter.edu.mx\/Publicaciones\/index.php\/revista-yndicio\/","og_site_name":"CENTRO EDITORIAL UNINTER","article_modified_time":"2026-04-29T18:38:31+00:00","twitter_card":"summary_large_image","twitter_misc":{"Tiempo de lectura":"2 minutos"},"schema":{"@context":"https:\/\/schema.org","@graph":[{"@type":"WebPage","@id":"https:\/\/blogs.uninter.edu.mx\/Publicaciones\/index.php\/revista-yndicio\/","url":"https:\/\/blogs.uninter.edu.mx\/Publicaciones\/index.php\/revista-yndicio\/","name":"Revista Yndicio - CENTRO EDITORIAL UNINTER","isPartOf":{"@id":"https:\/\/blogs.uninter.edu.mx\/Publicaciones\/#website"},"datePublished":"2019-08-28T17:31:52+00:00","dateModified":"2026-04-29T18:38:31+00:00","breadcrumb":{"@id":"https:\/\/blogs.uninter.edu.mx\/Publicaciones\/index.php\/revista-yndicio\/#breadcrumb"},"inLanguage":"es-MX","potentialAction":[{"@type":"ReadAction","target":["https:\/\/blogs.uninter.edu.mx\/Publicaciones\/index.php\/revista-yndicio\/"]}]},{"@type":"BreadcrumbList","@id":"https:\/\/blogs.uninter.edu.mx\/Publicaciones\/index.php\/revista-yndicio\/#breadcrumb","itemListElement":[{"@type":"ListItem","position":1,"name":"Inicio","item":"https:\/\/blogs.uninter.edu.mx\/Publicaciones\/"},{"@type":"ListItem","position":2,"name":"Revista Yndicio"}]},{"@type":"WebSite","@id":"https:\/\/blogs.uninter.edu.mx\/Publicaciones\/#website","url":"https:\/\/blogs.uninter.edu.mx\/Publicaciones\/","name":"CENTRO EDITORIAL UNINTER","description":"","potentialAction":[{"@type":"SearchAction","target":{"@type":"EntryPoint","urlTemplate":"https:\/\/blogs.uninter.edu.mx\/Publicaciones\/?s={search_term_string}"},"query-input":{"@type":"PropertyValueSpecification","valueRequired":true,"valueName":"search_term_string"}}],"inLanguage":"es-MX"}]}},"jetpack_sharing_enabled":true,"_links":{"self":[{"href":"https:\/\/blogs.uninter.edu.mx\/Publicaciones\/index.php\/wp-json\/wp\/v2\/pages\/153","targetHints":{"allow":["GET"]}}],"collection":[{"href":"https:\/\/blogs.uninter.edu.mx\/Publicaciones\/index.php\/wp-json\/wp\/v2\/pages"}],"about":[{"href":"https:\/\/blogs.uninter.edu.mx\/Publicaciones\/index.php\/wp-json\/wp\/v2\/types\/page"}],"author":[{"embeddable":true,"href":"https:\/\/blogs.uninter.edu.mx\/Publicaciones\/index.php\/wp-json\/wp\/v2\/users\/3"}],"replies":[{"embeddable":true,"href":"https:\/\/blogs.uninter.edu.mx\/Publicaciones\/index.php\/wp-json\/wp\/v2\/comments?post=153"}],"version-history":[{"count":100,"href":"https:\/\/blogs.uninter.edu.mx\/Publicaciones\/index.php\/wp-json\/wp\/v2\/pages\/153\/revisions"}],"predecessor-version":[{"id":1346,"href":"https:\/\/blogs.uninter.edu.mx\/Publicaciones\/index.php\/wp-json\/wp\/v2\/pages\/153\/revisions\/1346"}],"wp:attachment":[{"href":"https:\/\/blogs.uninter.edu.mx\/Publicaciones\/index.php\/wp-json\/wp\/v2\/media?parent=153"}],"curies":[{"name":"wp","href":"https:\/\/api.w.org\/{rel}","templated":true}]}}