{"id":5,"date":"2019-08-19T16:50:42","date_gmt":"2019-08-19T16:50:42","guid":{"rendered":"https:\/\/blogs.uninter.edu.mx\/Publicaciones\/index.php\/mesmerize\/"},"modified":"2026-04-12T00:02:09","modified_gmt":"2026-04-12T00:02:09","slug":"mesmerize","status":"publish","type":"page","link":"https:\/\/blogs.uninter.edu.mx\/Publicaciones\/","title":{"rendered":"Inicio"},"content":{"rendered":"<div  id=\"overlappable-4\" style=\"background-color: rgb(255, 255, 255); background-image: none;\" data-label=\"Overlappable\" data-id=\"overlappable-4\" data-export-id=\"overlappable-4\" data-category=\"overlappable\" class=\"overlappable-4 content-section content-section-spacing\" data-overlap=\"true\"><div  class=\"gridContainer\"> <div  data-type=\"row\" class=\"row spaced-cols text-center\">  <div  class=\"col-xs-12 col-sm-4 col-padding col-md-4 \">  <div  data-type=\"column\" class=\"\"> <\/div> <\/div><\/div> <\/div><\/div><div  data-label=\"Yndicio\" data-id=\"content--1\" data-export-id=\"content-7\" data-category=\"content\" class=\"content-7 content-section content-section-spacing\" id=\"yndicio\" style=\"background-color: rgb(245, 250, 253); background-image: none;\"><div  class=\"gridContainer\"> <div  class=\"row middle-sm\"><div  class=\"col-sm-6 space-bottom-xs content-center-sm\" data-type=\"column\"> <h2  class=\"\">YNDICIO<\/h2><h6  class=\"\"><\/h6><h5  class=\"\" style=\"margin-bottom: 16px; outline: rgb(204, 204, 204) solid 1px; text-align: center;\">REVISTAS ELECTR\u00d3NICAS DE DIVULGACI\u00d3N INTERNACIONAL<\/h5> <p  class=\"\">Yndicio, es un espacio de divulgaci\u00f3n del pensamiento y de acci\u00f3n de los universitarios que busca promover el intercambio de ideas, informaci\u00f3n y propuestas entre las diversas disciplinas en las instituciones privadas de educaci\u00f3n superior.<\/p> <a  class=\"button color1\" href=\"#revistas\" target=\"_self\" data-cp-link=\"1\" rel=\"noopener\">VER M\u00c1S<\/a><\/div> <div  class=\"col-sm-6 content-center-sm\" data-type=\"column\"> <a  data-cp-link=\"1\" href=\"#\" class=\"\" target=\"_self\" rel=\"noopener\"><img  decoding=\"async\" class=\"shadow-large\" src=\"https:\/\/blogs.uninter.edu.mx\/Publicaciones\/wp-content\/uploads\/2019\/08\/cropped-Yndicio.jpg\" alt=\"\" title=\"YNDICIO 5 PORTADA 4\"><\/a><\/div> <\/div><\/div> <\/div><div  data-label=\"UNINTERlingua\" data-id=\"content--2\" data-export-id=\"content-8\" data-category=\"content\" class=\"content-8 content-section content-section-spacing\" id=\"uninterlingua\" style=\"background-color: rgb(255, 255, 255); background-image: none;\"><div  class=\"\"> <div  class=\"row middle-sm\"><div  class=\"col-sm-6 space-bottom-xs space-top-xs content-center-sm\" data-type=\"column\"><img  decoding=\"async\" class=\"custom-image\" src=\"https:\/\/blogs.uninter.edu.mx\/Publicaciones\/wp-content\/uploads\/2024\/05\/portada-uninterl.png\" title=\"portada uninterl\" alt=\"\"> <\/div> <div  class=\"col-sm-6 content-center-sm\" data-type=\"column\"><h2  class=\"\">UNINTERLINGUA<\/h2><h6  class=\"\">REVISTAS Y CONGRESOS DE UNINTER<\/h6> <p  class=\"\">UNINTERlingua re\u00fane a grandes profesionales nacionales e internacionales relacionados con los idiomas, la psicolog\u00eda y la comunicaci\u00f3n; permitiendo que nuestros participantes desarrollen un profundo y amplio conocimiento intercultural dentro de sus respectivas \u00e1reas.<\/p> <a  class=\"button color1\" href=\"#revistas\" target=\"_self\" data-cp-link=\"1\" rel=\"noopener\">VER M\u00c1S<\/a><\/div> <\/div><\/div> <\/div><div  data-label=\"Revistas\" data-id=\"features--1\" data-export-id=\"features-13-card-bordered\" data-category=\"features\" class=\"features-13 content-section content-section-spacing\" id=\"revistas\" style=\"background-color: rgb(245, 250, 253);\"><div  class=\"gridContainer\"> <div  class=\"row text-center\"><div  class=\"section-title-col\" data-type=\"column\"> <h2  class=\"\">PUBLICACIONES<\/h2> <\/div> <\/div> <div  class=\"row spaced-cols content-center-sm\" data-type=\"row\"> <div  class=\"col-sm-4\"> <div  class=\"card bordered y-move\" data-type=\"column\"> <i  class=\"fa icon color1 fa-book reverse round large\"><\/i> <h4  class=\"\">Revistas Yndicio<\/h4> <p  class=\"\">Te invitamos a darle un vistazo a las ultimas publicaciones de la revista Yndicio<\/p> <a  class=\"button small y-move color2\" href=\"https:\/\/blogs.uninter.edu.mx\/Publicaciones\/index.php\/revista-yndicio\" target=\"_blank\" data-cp-link=\"1\" rel=\"noopener\">VER REVISTAS<\/a><\/div> <\/div> <div  class=\"col-sm-4\"> <div  class=\"card bordered y-move\" data-type=\"column\"> <i  class=\"fa icon color1 fa-university reverse round large\"><\/i> <h4  class=\"\">Revistas UNINTERlingua<\/h4> <p  class=\"\">Te invitamos a darle un vistazo a las ultimas publicaciones de la revista UNINTERlingua<\/p> <a  class=\"button small y-move color2\" href=\"https:\/\/blogs.uninter.edu.mx\/Publicaciones\/index.php\/revista-uninterlingua\" target=\"_blank\" data-cp-link=\"1\" rel=\"noopener\">VER REVISTAS<\/a><\/div> <\/div> <div  class=\"col-sm-4\"> <div  class=\"card bordered y-move\" data-type=\"column\"> <i  class=\"fa icon color1 fa-newspaper-o reverse round large\"><\/i> <h4  class=\"\">Publicaciones del Centro Editorial<\/h4> <p  class=\"\">Ve las \u00faltimas publicaciones del Blog<\/p> <a  class=\"button small y-move color2\" href=\"https:\/\/blogs.uninter.edu.mx\/Publicaciones\/index.php\/blog\" target=\"_self\" data-cp-link=\"1\" rel=\"noopener\">VER PUBLICACIONES<\/a><\/div> <\/div><\/div> <\/div><\/div>","protected":false},"excerpt":{"rendered":"<p>YNDICIOREVISTAS ELECTR\u00d3NICAS DE DIVULGACI\u00d3N INTERNACIONAL Yndicio, es un espacio de divulgaci\u00f3n del pensamiento y de acci\u00f3n de los universitarios que busca promover el intercambio de ideas, informaci\u00f3n y propuestas entre las diversas disciplinas en las instituciones privadas de educaci\u00f3n superior. VER M\u00c1S UNINTERLINGUAREVISTAS Y CONGRESOS DE UNINTER UNINTERlingua re\u00fane a grandes profesionales nacionales e internacionales&hellip; <br \/> <a class=\"read-more\" href=\"https:\/\/blogs.uninter.edu.mx\/Publicaciones\/\">Leer m\u00e1s<\/a><\/p>\n","protected":false},"author":3,"featured_media":0,"parent":0,"menu_order":0,"comment_status":"closed","ping_status":"closed","template":"page-templates\/homepage.php","meta":{"footnotes":""},"class_list":["post-5","page","type-page","status-publish","hentry"],"yoast_head":"<!-- This site is optimized with the Yoast SEO plugin v27.1.1 - https:\/\/yoast.com\/product\/yoast-seo-wordpress\/ -->\r\n<title>Inicio - CENTRO EDITORIAL UNINTER<\/title>\r\n<meta name=\"robots\" content=\"index, follow, max-snippet:-1, max-image-preview:large, max-video-preview:-1\" \/>\r\n<link rel=\"canonical\" href=\"https:\/\/blogs.uninter.edu.mx\/Publicaciones\/\" \/>\r\n<meta property=\"og:locale\" content=\"es_MX\" \/>\r\n<meta property=\"og:type\" content=\"article\" \/>\r\n<meta property=\"og:title\" content=\"Inicio - CENTRO EDITORIAL UNINTER\" \/>\r\n<meta property=\"og:description\" content=\"YNDICIOREVISTAS ELECTR\u00d3NICAS DE DIVULGACI\u00d3N INTERNACIONAL Yndicio, es un espacio de divulgaci\u00f3n del pensamiento y de acci\u00f3n de los universitarios que busca promover el intercambio de ideas, informaci\u00f3n y propuestas entre las diversas disciplinas en las instituciones privadas de educaci\u00f3n superior. VER M\u00c1S UNINTERLINGUAREVISTAS Y CONGRESOS DE UNINTER UNINTERlingua re\u00fane a grandes profesionales nacionales e internacionales&hellip; Leer m\u00e1s\" \/>\r\n<meta property=\"og:url\" content=\"https:\/\/blogs.uninter.edu.mx\/Publicaciones\/\" \/>\r\n<meta property=\"og:site_name\" content=\"CENTRO EDITORIAL UNINTER\" \/>\r\n<meta property=\"article:modified_time\" content=\"2026-04-12T00:02:09+00:00\" \/>\r\n<meta property=\"og:image\" content=\"https:\/\/blogs.uninter.edu.mx\/Publicaciones\/wp-content\/uploads\/2019\/08\/cropped-Yndicio.jpg\" \/>\r\n<meta name=\"twitter:card\" content=\"summary_large_image\" \/>\r\n<meta name=\"twitter:label1\" content=\"Tiempo de lectura\" \/>\n\t<meta name=\"twitter:data1\" content=\"1 minuto\" \/>\r\n<script type=\"application\/ld+json\" class=\"yoast-schema-graph\">{\"@context\":\"https:\/\/schema.org\",\"@graph\":[{\"@type\":\"WebPage\",\"@id\":\"https:\/\/blogs.uninter.edu.mx\/Publicaciones\/\",\"url\":\"https:\/\/blogs.uninter.edu.mx\/Publicaciones\/\",\"name\":\"Inicio - CENTRO EDITORIAL UNINTER\",\"isPartOf\":{\"@id\":\"https:\/\/blogs.uninter.edu.mx\/Publicaciones\/#website\"},\"primaryImageOfPage\":{\"@id\":\"https:\/\/blogs.uninter.edu.mx\/Publicaciones\/#primaryimage\"},\"image\":{\"@id\":\"https:\/\/blogs.uninter.edu.mx\/Publicaciones\/#primaryimage\"},\"thumbnailUrl\":\"https:\/\/blogs.uninter.edu.mx\/Publicaciones\/wp-content\/uploads\/2019\/08\/cropped-Yndicio.jpg\",\"datePublished\":\"2019-08-19T16:50:42+00:00\",\"dateModified\":\"2026-04-12T00:02:09+00:00\",\"breadcrumb\":{\"@id\":\"https:\/\/blogs.uninter.edu.mx\/Publicaciones\/#breadcrumb\"},\"inLanguage\":\"es-MX\",\"potentialAction\":[{\"@type\":\"ReadAction\",\"target\":[\"https:\/\/blogs.uninter.edu.mx\/Publicaciones\/\"]}]},{\"@type\":\"ImageObject\",\"inLanguage\":\"es-MX\",\"@id\":\"https:\/\/blogs.uninter.edu.mx\/Publicaciones\/#primaryimage\",\"url\":\"https:\/\/blogs.uninter.edu.mx\/Publicaciones\/wp-content\/uploads\/2019\/08\/cropped-Yndicio.jpg\",\"contentUrl\":\"https:\/\/blogs.uninter.edu.mx\/Publicaciones\/wp-content\/uploads\/2019\/08\/cropped-Yndicio.jpg\",\"width\":2000,\"height\":1251},{\"@type\":\"BreadcrumbList\",\"@id\":\"https:\/\/blogs.uninter.edu.mx\/Publicaciones\/#breadcrumb\",\"itemListElement\":[{\"@type\":\"ListItem\",\"position\":1,\"name\":\"Inicio\",\"item\":\"https:\/\/blogs.uninter.edu.mx\/Publicaciones\/\"},{\"@type\":\"ListItem\",\"position\":2,\"name\":\"Inicio\"}]},{\"@type\":\"WebSite\",\"@id\":\"https:\/\/blogs.uninter.edu.mx\/Publicaciones\/#website\",\"url\":\"https:\/\/blogs.uninter.edu.mx\/Publicaciones\/\",\"name\":\"CENTRO EDITORIAL UNINTER\",\"description\":\"\",\"potentialAction\":[{\"@type\":\"SearchAction\",\"target\":{\"@type\":\"EntryPoint\",\"urlTemplate\":\"https:\/\/blogs.uninter.edu.mx\/Publicaciones\/?s={search_term_string}\"},\"query-input\":{\"@type\":\"PropertyValueSpecification\",\"valueRequired\":true,\"valueName\":\"search_term_string\"}}],\"inLanguage\":\"es-MX\"}]}<\/script>\r\n<!-- \/ Yoast SEO plugin. -->","yoast_head_json":{"title":"Inicio - CENTRO EDITORIAL UNINTER","robots":{"index":"index","follow":"follow","max-snippet":"max-snippet:-1","max-image-preview":"max-image-preview:large","max-video-preview":"max-video-preview:-1"},"canonical":"https:\/\/blogs.uninter.edu.mx\/Publicaciones\/","og_locale":"es_MX","og_type":"article","og_title":"Inicio - CENTRO EDITORIAL UNINTER","og_description":"YNDICIOREVISTAS ELECTR\u00d3NICAS DE DIVULGACI\u00d3N INTERNACIONAL Yndicio, es un espacio de divulgaci\u00f3n del pensamiento y de acci\u00f3n de los universitarios que busca promover el intercambio de ideas, informaci\u00f3n y propuestas entre las diversas disciplinas en las instituciones privadas de educaci\u00f3n superior. VER M\u00c1S UNINTERLINGUAREVISTAS Y CONGRESOS DE UNINTER UNINTERlingua re\u00fane a grandes profesionales nacionales e internacionales&hellip; Leer m\u00e1s","og_url":"https:\/\/blogs.uninter.edu.mx\/Publicaciones\/","og_site_name":"CENTRO EDITORIAL UNINTER","article_modified_time":"2026-04-12T00:02:09+00:00","og_image":[{"url":"https:\/\/blogs.uninter.edu.mx\/Publicaciones\/wp-content\/uploads\/2019\/08\/cropped-Yndicio.jpg","type":"","width":"","height":""}],"twitter_card":"summary_large_image","twitter_misc":{"Tiempo de lectura":"1 minuto"},"schema":{"@context":"https:\/\/schema.org","@graph":[{"@type":"WebPage","@id":"https:\/\/blogs.uninter.edu.mx\/Publicaciones\/","url":"https:\/\/blogs.uninter.edu.mx\/Publicaciones\/","name":"Inicio - CENTRO EDITORIAL UNINTER","isPartOf":{"@id":"https:\/\/blogs.uninter.edu.mx\/Publicaciones\/#website"},"primaryImageOfPage":{"@id":"https:\/\/blogs.uninter.edu.mx\/Publicaciones\/#primaryimage"},"image":{"@id":"https:\/\/blogs.uninter.edu.mx\/Publicaciones\/#primaryimage"},"thumbnailUrl":"https:\/\/blogs.uninter.edu.mx\/Publicaciones\/wp-content\/uploads\/2019\/08\/cropped-Yndicio.jpg","datePublished":"2019-08-19T16:50:42+00:00","dateModified":"2026-04-12T00:02:09+00:00","breadcrumb":{"@id":"https:\/\/blogs.uninter.edu.mx\/Publicaciones\/#breadcrumb"},"inLanguage":"es-MX","potentialAction":[{"@type":"ReadAction","target":["https:\/\/blogs.uninter.edu.mx\/Publicaciones\/"]}]},{"@type":"ImageObject","inLanguage":"es-MX","@id":"https:\/\/blogs.uninter.edu.mx\/Publicaciones\/#primaryimage","url":"https:\/\/blogs.uninter.edu.mx\/Publicaciones\/wp-content\/uploads\/2019\/08\/cropped-Yndicio.jpg","contentUrl":"https:\/\/blogs.uninter.edu.mx\/Publicaciones\/wp-content\/uploads\/2019\/08\/cropped-Yndicio.jpg","width":2000,"height":1251},{"@type":"BreadcrumbList","@id":"https:\/\/blogs.uninter.edu.mx\/Publicaciones\/#breadcrumb","itemListElement":[{"@type":"ListItem","position":1,"name":"Inicio","item":"https:\/\/blogs.uninter.edu.mx\/Publicaciones\/"},{"@type":"ListItem","position":2,"name":"Inicio"}]},{"@type":"WebSite","@id":"https:\/\/blogs.uninter.edu.mx\/Publicaciones\/#website","url":"https:\/\/blogs.uninter.edu.mx\/Publicaciones\/","name":"CENTRO EDITORIAL UNINTER","description":"","potentialAction":[{"@type":"SearchAction","target":{"@type":"EntryPoint","urlTemplate":"https:\/\/blogs.uninter.edu.mx\/Publicaciones\/?s={search_term_string}"},"query-input":{"@type":"PropertyValueSpecification","valueRequired":true,"valueName":"search_term_string"}}],"inLanguage":"es-MX"}]}},"jetpack_sharing_enabled":true,"_links":{"self":[{"href":"https:\/\/blogs.uninter.edu.mx\/Publicaciones\/index.php\/wp-json\/wp\/v2\/pages\/5","targetHints":{"allow":["GET"]}}],"collection":[{"href":"https:\/\/blogs.uninter.edu.mx\/Publicaciones\/index.php\/wp-json\/wp\/v2\/pages"}],"about":[{"href":"https:\/\/blogs.uninter.edu.mx\/Publicaciones\/index.php\/wp-json\/wp\/v2\/types\/page"}],"author":[{"embeddable":true,"href":"https:\/\/blogs.uninter.edu.mx\/Publicaciones\/index.php\/wp-json\/wp\/v2\/users\/3"}],"replies":[{"embeddable":true,"href":"https:\/\/blogs.uninter.edu.mx\/Publicaciones\/index.php\/wp-json\/wp\/v2\/comments?post=5"}],"version-history":[{"count":55,"href":"https:\/\/blogs.uninter.edu.mx\/Publicaciones\/index.php\/wp-json\/wp\/v2\/pages\/5\/revisions"}],"predecessor-version":[{"id":1289,"href":"https:\/\/blogs.uninter.edu.mx\/Publicaciones\/index.php\/wp-json\/wp\/v2\/pages\/5\/revisions\/1289"}],"wp:attachment":[{"href":"https:\/\/blogs.uninter.edu.mx\/Publicaciones\/index.php\/wp-json\/wp\/v2\/media?parent=5"}],"curies":[{"name":"wp","href":"https:\/\/api.w.org\/{rel}","templated":true}]}}