{"id":77,"date":"2019-08-23T14:40:48","date_gmt":"2019-08-23T14:40:48","guid":{"rendered":"https:\/\/blogs.uninter.edu.mx\/Publicaciones\/?page_id=77"},"modified":"2025-03-12T16:57:36","modified_gmt":"2025-03-12T16:57:36","slug":"cintillo-legal","status":"publish","type":"page","link":"https:\/\/blogs.uninter.edu.mx\/Publicaciones\/index.php\/cintillo-legal\/","title":{"rendered":"Introducci\u00f3n"},"content":{"rendered":"\n<p>La Universidad Internacional es una instituci\u00f3n educativa consciente de su compromiso con sus estudiantes y la sociedad en general, para generar estructuras y herramientas cuyo objetivo es la mejora de la calidad educativa, eliminando as\u00ed las barreras que surgen por la falta de apoyos y conocimiento.<\/p>\n\n\n\n<p>Ante esto es que la Universidad Internacional visualiza la importancia de crear dentro de su estructura un centro editorial, con la intensi\u00f3n de generar productos editoriales de calidad, por medio de un procedimiento suficiente y adecuado para producir sus propios libros, revistas y cualquier otro producto en el orden de lo editorial, resultado de sus investigaciones, con la mira de realizar y divulgar trabajos acad\u00e9micos, culturales y de inter\u00e9s general en beneficio de la comunidad, fortaleciendo la imagen p\u00fablica y acad\u00e9mica de la Universidad Internacional.<\/p>\n","protected":false},"excerpt":{"rendered":"<p>La Universidad Internacional es una instituci\u00f3n educativa consciente de su compromiso con sus estudiantes y la sociedad en general, para generar estructuras y herramientas cuyo objetivo es la mejora de la calidad educativa, eliminando as\u00ed las barreras que surgen por la falta de apoyos y conocimiento. Ante esto es que la Universidad Internacional visualiza la&hellip; <br \/> <a class=\"read-more\" href=\"https:\/\/blogs.uninter.edu.mx\/Publicaciones\/index.php\/cintillo-legal\/\">Leer m\u00e1s<\/a><\/p>\n","protected":false},"author":3,"featured_media":0,"parent":0,"menu_order":0,"comment_status":"closed","ping_status":"closed","template":"","meta":{"footnotes":""},"class_list":["post-77","page","type-page","status-publish","hentry"],"yoast_head":"<!-- This site is optimized with the Yoast SEO plugin v27.1.1 - https:\/\/yoast.com\/product\/yoast-seo-wordpress\/ -->\r\n<title>Introducci\u00f3n - CENTRO EDITORIAL UNINTER<\/title>\r\n<meta name=\"robots\" content=\"index, follow, max-snippet:-1, max-image-preview:large, max-video-preview:-1\" \/>\r\n<link rel=\"canonical\" href=\"https:\/\/blogs.uninter.edu.mx\/Publicaciones\/index.php\/cintillo-legal\/\" \/>\r\n<meta property=\"og:locale\" content=\"es_MX\" \/>\r\n<meta property=\"og:type\" content=\"article\" \/>\r\n<meta property=\"og:title\" content=\"Introducci\u00f3n - CENTRO EDITORIAL UNINTER\" \/>\r\n<meta property=\"og:description\" content=\"La Universidad Internacional es una instituci\u00f3n educativa consciente de su compromiso con sus estudiantes y la sociedad en general, para generar estructuras y herramientas cuyo objetivo es la mejora de la calidad educativa, eliminando as\u00ed las barreras que surgen por la falta de apoyos y conocimiento. Ante esto es que la Universidad Internacional visualiza la&hellip; Leer m\u00e1s\" \/>\r\n<meta property=\"og:url\" content=\"https:\/\/blogs.uninter.edu.mx\/Publicaciones\/index.php\/cintillo-legal\/\" \/>\r\n<meta property=\"og:site_name\" content=\"CENTRO EDITORIAL UNINTER\" \/>\r\n<meta property=\"article:modified_time\" content=\"2025-03-12T16:57:36+00:00\" \/>\r\n<meta name=\"twitter:card\" content=\"summary_large_image\" \/>\r\n<meta name=\"twitter:label1\" content=\"Tiempo de lectura\" \/>\n\t<meta name=\"twitter:data1\" content=\"1 minuto\" \/>\r\n<script type=\"application\/ld+json\" class=\"yoast-schema-graph\">{\"@context\":\"https:\/\/schema.org\",\"@graph\":[{\"@type\":\"WebPage\",\"@id\":\"https:\/\/blogs.uninter.edu.mx\/Publicaciones\/index.php\/cintillo-legal\/\",\"url\":\"https:\/\/blogs.uninter.edu.mx\/Publicaciones\/index.php\/cintillo-legal\/\",\"name\":\"Introducci\u00f3n - CENTRO EDITORIAL UNINTER\",\"isPartOf\":{\"@id\":\"https:\/\/blogs.uninter.edu.mx\/Publicaciones\/#website\"},\"datePublished\":\"2019-08-23T14:40:48+00:00\",\"dateModified\":\"2025-03-12T16:57:36+00:00\",\"breadcrumb\":{\"@id\":\"https:\/\/blogs.uninter.edu.mx\/Publicaciones\/index.php\/cintillo-legal\/#breadcrumb\"},\"inLanguage\":\"es-MX\",\"potentialAction\":[{\"@type\":\"ReadAction\",\"target\":[\"https:\/\/blogs.uninter.edu.mx\/Publicaciones\/index.php\/cintillo-legal\/\"]}]},{\"@type\":\"BreadcrumbList\",\"@id\":\"https:\/\/blogs.uninter.edu.mx\/Publicaciones\/index.php\/cintillo-legal\/#breadcrumb\",\"itemListElement\":[{\"@type\":\"ListItem\",\"position\":1,\"name\":\"Inicio\",\"item\":\"https:\/\/blogs.uninter.edu.mx\/Publicaciones\/\"},{\"@type\":\"ListItem\",\"position\":2,\"name\":\"Introducci\u00f3n\"}]},{\"@type\":\"WebSite\",\"@id\":\"https:\/\/blogs.uninter.edu.mx\/Publicaciones\/#website\",\"url\":\"https:\/\/blogs.uninter.edu.mx\/Publicaciones\/\",\"name\":\"CENTRO EDITORIAL UNINTER\",\"description\":\"\",\"potentialAction\":[{\"@type\":\"SearchAction\",\"target\":{\"@type\":\"EntryPoint\",\"urlTemplate\":\"https:\/\/blogs.uninter.edu.mx\/Publicaciones\/?s={search_term_string}\"},\"query-input\":{\"@type\":\"PropertyValueSpecification\",\"valueRequired\":true,\"valueName\":\"search_term_string\"}}],\"inLanguage\":\"es-MX\"}]}<\/script>\r\n<!-- \/ Yoast SEO plugin. -->","yoast_head_json":{"title":"Introducci\u00f3n - CENTRO EDITORIAL UNINTER","robots":{"index":"index","follow":"follow","max-snippet":"max-snippet:-1","max-image-preview":"max-image-preview:large","max-video-preview":"max-video-preview:-1"},"canonical":"https:\/\/blogs.uninter.edu.mx\/Publicaciones\/index.php\/cintillo-legal\/","og_locale":"es_MX","og_type":"article","og_title":"Introducci\u00f3n - CENTRO EDITORIAL UNINTER","og_description":"La Universidad Internacional es una instituci\u00f3n educativa consciente de su compromiso con sus estudiantes y la sociedad en general, para generar estructuras y herramientas cuyo objetivo es la mejora de la calidad educativa, eliminando as\u00ed las barreras que surgen por la falta de apoyos y conocimiento. Ante esto es que la Universidad Internacional visualiza la&hellip; Leer m\u00e1s","og_url":"https:\/\/blogs.uninter.edu.mx\/Publicaciones\/index.php\/cintillo-legal\/","og_site_name":"CENTRO EDITORIAL UNINTER","article_modified_time":"2025-03-12T16:57:36+00:00","twitter_card":"summary_large_image","twitter_misc":{"Tiempo de lectura":"1 minuto"},"schema":{"@context":"https:\/\/schema.org","@graph":[{"@type":"WebPage","@id":"https:\/\/blogs.uninter.edu.mx\/Publicaciones\/index.php\/cintillo-legal\/","url":"https:\/\/blogs.uninter.edu.mx\/Publicaciones\/index.php\/cintillo-legal\/","name":"Introducci\u00f3n - CENTRO EDITORIAL UNINTER","isPartOf":{"@id":"https:\/\/blogs.uninter.edu.mx\/Publicaciones\/#website"},"datePublished":"2019-08-23T14:40:48+00:00","dateModified":"2025-03-12T16:57:36+00:00","breadcrumb":{"@id":"https:\/\/blogs.uninter.edu.mx\/Publicaciones\/index.php\/cintillo-legal\/#breadcrumb"},"inLanguage":"es-MX","potentialAction":[{"@type":"ReadAction","target":["https:\/\/blogs.uninter.edu.mx\/Publicaciones\/index.php\/cintillo-legal\/"]}]},{"@type":"BreadcrumbList","@id":"https:\/\/blogs.uninter.edu.mx\/Publicaciones\/index.php\/cintillo-legal\/#breadcrumb","itemListElement":[{"@type":"ListItem","position":1,"name":"Inicio","item":"https:\/\/blogs.uninter.edu.mx\/Publicaciones\/"},{"@type":"ListItem","position":2,"name":"Introducci\u00f3n"}]},{"@type":"WebSite","@id":"https:\/\/blogs.uninter.edu.mx\/Publicaciones\/#website","url":"https:\/\/blogs.uninter.edu.mx\/Publicaciones\/","name":"CENTRO EDITORIAL UNINTER","description":"","potentialAction":[{"@type":"SearchAction","target":{"@type":"EntryPoint","urlTemplate":"https:\/\/blogs.uninter.edu.mx\/Publicaciones\/?s={search_term_string}"},"query-input":{"@type":"PropertyValueSpecification","valueRequired":true,"valueName":"search_term_string"}}],"inLanguage":"es-MX"}]}},"jetpack_sharing_enabled":true,"_links":{"self":[{"href":"https:\/\/blogs.uninter.edu.mx\/Publicaciones\/index.php\/wp-json\/wp\/v2\/pages\/77","targetHints":{"allow":["GET"]}}],"collection":[{"href":"https:\/\/blogs.uninter.edu.mx\/Publicaciones\/index.php\/wp-json\/wp\/v2\/pages"}],"about":[{"href":"https:\/\/blogs.uninter.edu.mx\/Publicaciones\/index.php\/wp-json\/wp\/v2\/types\/page"}],"author":[{"embeddable":true,"href":"https:\/\/blogs.uninter.edu.mx\/Publicaciones\/index.php\/wp-json\/wp\/v2\/users\/3"}],"replies":[{"embeddable":true,"href":"https:\/\/blogs.uninter.edu.mx\/Publicaciones\/index.php\/wp-json\/wp\/v2\/comments?post=77"}],"version-history":[{"count":4,"href":"https:\/\/blogs.uninter.edu.mx\/Publicaciones\/index.php\/wp-json\/wp\/v2\/pages\/77\/revisions"}],"predecessor-version":[{"id":659,"href":"https:\/\/blogs.uninter.edu.mx\/Publicaciones\/index.php\/wp-json\/wp\/v2\/pages\/77\/revisions\/659"}],"wp:attachment":[{"href":"https:\/\/blogs.uninter.edu.mx\/Publicaciones\/index.php\/wp-json\/wp\/v2\/media?parent=77"}],"curies":[{"name":"wp","href":"https:\/\/api.w.org\/{rel}","templated":true}]}}