{"id":3318,"date":"2011-07-12T15:50:37","date_gmt":"2011-07-12T15:50:37","guid":{"rendered":"http:\/\/rhuninter.wordpress.com\/?page_id=8"},"modified":"2011-07-12T15:50:37","modified_gmt":"2011-07-12T15:50:37","slug":"bienvenidos","status":"publish","type":"page","link":"https:\/\/blogs.uninter.edu.mx\/RecursosHumanos\/index.php\/bienvenidos\/","title":{"rendered":"Bienvenidos"},"content":{"rendered":"<p style=\"text-align:justify;\">El equipo de la Direcci\u00f3n de Recursos Humanos les da\u00a0la m\u00e1s\u00a0cordial bienvenida\u00a0a nuestro Micrositio, creemos que este espacio ser\u00e1 de gran inter\u00e9s para\u00a0el personal de la Universidad Internacional\u00a0y para quienes nos visiten.<\/p>\n<p style=\"text-align:justify;\">Este espacio est\u00e1 dise\u00f1ado para brindar informaci\u00f3n de lo m\u00e1s trascendental que se ofrece en las \u00e1reas que conforman la Direcci\u00f3n.<\/p>\n<ul style=\"text-align:justify;\">\n<li>Atracci\u00f3n y Desarrollo de Talento<\/li>\n<li>Asuntos Laborales<\/li>\n<\/ul>\n<p style=\"text-align:justify;\">Aqu\u00ed encontrar\u00e1s los cursos de capacitaci\u00f3n que se est\u00e1n impartiendo, as\u00ed como los cursos que se impartiran en los siguientes meses, tambi\u00e9n por este medio conocer\u00e1s al personal de nuevo ingreso y al personal que fue promovido \u00faltimamente. Por otro lado, te mantendremos informado de las prestaciones y beneficios que la Universidad ofrece a la familia Uninter. El calendario de cumplea\u00f1os de nuestros compa\u00f1eros, las vacantes del mes para que nos recomiendes a tus amigos o familiares, etc.<\/p>\n<p style=\"text-align:justify;\">Estamos seguros de que este medio nos ayudar\u00e1 a fortalecer la comunicaci\u00f3n interna y nuestra identidad Uninter.<\/p>\n<p style=\"text-align:justify;\">Te presentamos al equipo que\u00a0forma parte de\u00a0la Direcci\u00f3n de Recursos Humanos<\/p>\n<p>&nbsp;<\/p>\n\n\t\t<style type=\"text\/css\">\n\t\t\t#gallery-1 {\n\t\t\t\tmargin: auto;\n\t\t\t}\n\t\t\t#gallery-1 .gallery-item {\n\t\t\t\tfloat: left;\n\t\t\t\tmargin-top: 10px;\n\t\t\t\ttext-align: center;\n\t\t\t\twidth: 33%;\n\t\t\t}\n\t\t\t#gallery-1 img {\n\t\t\t\tborder: 2px solid #cfcfcf;\n\t\t\t}\n\t\t\t#gallery-1 .gallery-caption {\n\t\t\t\tmargin-left: 0;\n\t\t\t}\n\t\t\t\/* see gallery_shortcode() in wp-includes\/media.php *\/\n\t\t<\/style>\n\t\t<div id='gallery-1' class='gallery galleryid-3318 gallery-columns-3 gallery-size-thumbnail'><dl class='gallery-item'>\n\t\t\t<dt class='gallery-icon landscape'>\n\t\t\t\t<a href='https:\/\/blogs.uninter.edu.mx\/RecursosHumanos\/index.php\/bienvenidos\/77a2632d-5415-4a49-83ed-e41d6b0ce6df\/#main'><img loading=\"lazy\" decoding=\"async\" width=\"150\" height=\"76\" src=\"https:\/\/blogs.uninter.edu.mx\/RecursosHumanos\/wp-content\/uploads\/2017\/08\/77a2632d-5415-4a49-83ed-e41d6b0ce6df.jpg\" class=\"attachment-thumbnail size-thumbnail\" alt=\"\" aria-describedby=\"gallery-1-1630\" \/><\/a>\n\t\t\t<\/dt>\n\t\t\t\t<dd class='wp-caption-text gallery-caption' id='gallery-1-1630'>\n\t\t\t\tRecursos Humanos Uninter\n\t\t\t\t<\/dd><\/dl>\n\t\t\t<br style='clear: both' \/>\n\t\t<\/div>\n\n","protected":false},"excerpt":{"rendered":"<p>El equipo de la Direcci\u00f3n de Recursos Humanos les da\u00a0la m\u00e1s\u00a0cordial bienvenida\u00a0a nuestro Micrositio, creemos que este espacio ser\u00e1 de gran inter\u00e9s para\u00a0el personal de la Universidad Internacional\u00a0y para quienes nos visiten. Este espacio est\u00e1 dise\u00f1ado para brindar informaci\u00f3n de lo m\u00e1s trascendental que se ofrece en las \u00e1reas que conforman la Direcci\u00f3n. Atracci\u00f3n y&hellip;<\/p>\n","protected":false},"author":5,"featured_media":0,"parent":0,"menu_order":0,"comment_status":"closed","ping_status":"open","template":"","meta":{"footnotes":""},"class_list":["post-3318","page","type-page","status-publish","hentry"],"yoast_head":"<!-- This site is optimized with the Yoast SEO plugin v22.8 - https:\/\/yoast.com\/wordpress\/plugins\/seo\/ -->\r\n<title>Bienvenidos - Recursos Humanos<\/title>\r\n<meta name=\"robots\" content=\"noindex, follow, max-snippet:-1, max-image-preview:large, max-video-preview:-1\" \/>\r\n<meta property=\"og:locale\" content=\"es_MX\" \/>\r\n<meta property=\"og:type\" content=\"article\" \/>\r\n<meta property=\"og:title\" content=\"Bienvenidos - Recursos Humanos\" \/>\r\n<meta property=\"og:description\" content=\"El equipo de la Direcci\u00f3n de Recursos Humanos les da\u00a0la m\u00e1s\u00a0cordial bienvenida\u00a0a nuestro Micrositio, creemos que este espacio ser\u00e1 de gran inter\u00e9s para\u00a0el personal de la Universidad Internacional\u00a0y para quienes nos visiten. Este espacio est\u00e1 dise\u00f1ado para brindar informaci\u00f3n de lo m\u00e1s trascendental que se ofrece en las \u00e1reas que conforman la Direcci\u00f3n. Atracci\u00f3n y&hellip;\" \/>\r\n<meta property=\"og:url\" content=\"https:\/\/blogs.uninter.edu.mx\/RecursosHumanos\/index.php\/bienvenidos\/\" \/>\r\n<meta property=\"og:site_name\" content=\"Recursos Humanos\" \/>\r\n<meta property=\"og:image\" content=\"https:\/\/blogs.uninter.edu.mx\/RecursosHumanos\/wp-content\/uploads\/2017\/08\/77a2632d-5415-4a49-83ed-e41d6b0ce6df.jpg\" \/>\r\n<meta name=\"twitter:card\" content=\"summary_large_image\" \/>\r\n<meta name=\"twitter:label1\" content=\"Tiempo de lectura\" \/>\n\t<meta name=\"twitter:data1\" content=\"1 minuto\" \/>\r\n<script type=\"application\/ld+json\" class=\"yoast-schema-graph\">{\"@context\":\"https:\/\/schema.org\",\"@graph\":[{\"@type\":\"WebPage\",\"@id\":\"https:\/\/blogs.uninter.edu.mx\/RecursosHumanos\/index.php\/bienvenidos\/\",\"url\":\"https:\/\/blogs.uninter.edu.mx\/RecursosHumanos\/index.php\/bienvenidos\/\",\"name\":\"Bienvenidos - Recursos Humanos\",\"isPartOf\":{\"@id\":\"https:\/\/blogs.uninter.edu.mx\/RecursosHumanos\/#website\"},\"datePublished\":\"2011-07-12T15:50:37+00:00\",\"dateModified\":\"2011-07-12T15:50:37+00:00\",\"breadcrumb\":{\"@id\":\"https:\/\/blogs.uninter.edu.mx\/RecursosHumanos\/index.php\/bienvenidos\/#breadcrumb\"},\"inLanguage\":\"es-MX\",\"potentialAction\":[{\"@type\":\"ReadAction\",\"target\":[\"https:\/\/blogs.uninter.edu.mx\/RecursosHumanos\/index.php\/bienvenidos\/\"]}]},{\"@type\":\"BreadcrumbList\",\"@id\":\"https:\/\/blogs.uninter.edu.mx\/RecursosHumanos\/index.php\/bienvenidos\/#breadcrumb\",\"itemListElement\":[{\"@type\":\"ListItem\",\"position\":1,\"name\":\"Inicio\",\"item\":\"https:\/\/blogs.uninter.edu.mx\/RecursosHumanos\/\"},{\"@type\":\"ListItem\",\"position\":2,\"name\":\"Bienvenidos\"}]},{\"@type\":\"WebSite\",\"@id\":\"https:\/\/blogs.uninter.edu.mx\/RecursosHumanos\/#website\",\"url\":\"https:\/\/blogs.uninter.edu.mx\/RecursosHumanos\/\",\"name\":\"Recursos Humanos\",\"description\":\"\",\"potentialAction\":[{\"@type\":\"SearchAction\",\"target\":{\"@type\":\"EntryPoint\",\"urlTemplate\":\"https:\/\/blogs.uninter.edu.mx\/RecursosHumanos\/?s={search_term_string}\"},\"query-input\":\"required name=search_term_string\"}],\"inLanguage\":\"es-MX\"}]}<\/script>\r\n<!-- \/ Yoast SEO plugin. -->","yoast_head_json":{"title":"Bienvenidos - Recursos Humanos","robots":{"index":"noindex","follow":"follow","max-snippet":"max-snippet:-1","max-image-preview":"max-image-preview:large","max-video-preview":"max-video-preview:-1"},"og_locale":"es_MX","og_type":"article","og_title":"Bienvenidos - Recursos Humanos","og_description":"El equipo de la Direcci\u00f3n de Recursos Humanos les da\u00a0la m\u00e1s\u00a0cordial bienvenida\u00a0a nuestro Micrositio, creemos que este espacio ser\u00e1 de gran inter\u00e9s para\u00a0el personal de la Universidad Internacional\u00a0y para quienes nos visiten. Este espacio est\u00e1 dise\u00f1ado para brindar informaci\u00f3n de lo m\u00e1s trascendental que se ofrece en las \u00e1reas que conforman la Direcci\u00f3n. Atracci\u00f3n y&hellip;","og_url":"https:\/\/blogs.uninter.edu.mx\/RecursosHumanos\/index.php\/bienvenidos\/","og_site_name":"Recursos Humanos","og_image":[{"url":"https:\/\/blogs.uninter.edu.mx\/RecursosHumanos\/wp-content\/uploads\/2017\/08\/77a2632d-5415-4a49-83ed-e41d6b0ce6df.jpg"}],"twitter_card":"summary_large_image","twitter_misc":{"Tiempo de lectura":"1 minuto"},"schema":{"@context":"https:\/\/schema.org","@graph":[{"@type":"WebPage","@id":"https:\/\/blogs.uninter.edu.mx\/RecursosHumanos\/index.php\/bienvenidos\/","url":"https:\/\/blogs.uninter.edu.mx\/RecursosHumanos\/index.php\/bienvenidos\/","name":"Bienvenidos - Recursos Humanos","isPartOf":{"@id":"https:\/\/blogs.uninter.edu.mx\/RecursosHumanos\/#website"},"datePublished":"2011-07-12T15:50:37+00:00","dateModified":"2011-07-12T15:50:37+00:00","breadcrumb":{"@id":"https:\/\/blogs.uninter.edu.mx\/RecursosHumanos\/index.php\/bienvenidos\/#breadcrumb"},"inLanguage":"es-MX","potentialAction":[{"@type":"ReadAction","target":["https:\/\/blogs.uninter.edu.mx\/RecursosHumanos\/index.php\/bienvenidos\/"]}]},{"@type":"BreadcrumbList","@id":"https:\/\/blogs.uninter.edu.mx\/RecursosHumanos\/index.php\/bienvenidos\/#breadcrumb","itemListElement":[{"@type":"ListItem","position":1,"name":"Inicio","item":"https:\/\/blogs.uninter.edu.mx\/RecursosHumanos\/"},{"@type":"ListItem","position":2,"name":"Bienvenidos"}]},{"@type":"WebSite","@id":"https:\/\/blogs.uninter.edu.mx\/RecursosHumanos\/#website","url":"https:\/\/blogs.uninter.edu.mx\/RecursosHumanos\/","name":"Recursos Humanos","description":"","potentialAction":[{"@type":"SearchAction","target":{"@type":"EntryPoint","urlTemplate":"https:\/\/blogs.uninter.edu.mx\/RecursosHumanos\/?s={search_term_string}"},"query-input":"required name=search_term_string"}],"inLanguage":"es-MX"}]}},"jetpack_sharing_enabled":true,"_links":{"self":[{"href":"https:\/\/blogs.uninter.edu.mx\/RecursosHumanos\/index.php\/wp-json\/wp\/v2\/pages\/3318","targetHints":{"allow":["GET"]}}],"collection":[{"href":"https:\/\/blogs.uninter.edu.mx\/RecursosHumanos\/index.php\/wp-json\/wp\/v2\/pages"}],"about":[{"href":"https:\/\/blogs.uninter.edu.mx\/RecursosHumanos\/index.php\/wp-json\/wp\/v2\/types\/page"}],"author":[{"embeddable":true,"href":"https:\/\/blogs.uninter.edu.mx\/RecursosHumanos\/index.php\/wp-json\/wp\/v2\/users\/5"}],"replies":[{"embeddable":true,"href":"https:\/\/blogs.uninter.edu.mx\/RecursosHumanos\/index.php\/wp-json\/wp\/v2\/comments?post=3318"}],"version-history":[{"count":0,"href":"https:\/\/blogs.uninter.edu.mx\/RecursosHumanos\/index.php\/wp-json\/wp\/v2\/pages\/3318\/revisions"}],"wp:attachment":[{"href":"https:\/\/blogs.uninter.edu.mx\/RecursosHumanos\/index.php\/wp-json\/wp\/v2\/media?parent=3318"}],"curies":[{"name":"wp","href":"https:\/\/api.w.org\/{rel}","templated":true}]}}