{"id":10,"date":"2013-04-16T09:58:12","date_gmt":"2013-04-16T14:58:12","guid":{"rendered":"http:\/\/uninterkids.wordpress.com\/?page_id=10"},"modified":"2025-09-04T19:39:10","modified_gmt":"2025-09-04T19:39:10","slug":"nuestra-mision","status":"publish","type":"page","link":"https:\/\/blogs.uninter.edu.mx\/UninterKids\/index.php\/nuestra-mision\/","title":{"rendered":"Misi\u00f3n Uninter Kids"},"content":{"rendered":"\n<h3 class=\"wp-block-heading\"><b>ES OFRECER A LOS NI\u00d1OS UN PROGRAMA INTEGRAL, DIVERTIDO Y DID\u00c1CTICO DURANTE EL VERANO, FOMENTANDO VALORES, DESARROLLANDO HABILIDADES Y FORTALECIENDO SU AUTOESTIMA.<\/b><\/h3>\n\n\n\n<figure class=\"wp-block-image size-full is-resized\"><img loading=\"lazy\" decoding=\"async\" width=\"1080\" height=\"1080\" src=\"https:\/\/blogs.uninter.edu.mx\/UninterKids\/wp-content\/uploads\/2025\/09\/48.png\" alt=\"\" class=\"wp-image-365\" style=\"width:698px;height:auto\"\/><\/figure>\n","protected":false},"excerpt":{"rendered":"<p>ES OFRECER A LOS NI\u00d1OS UN PROGRAMA INTEGRAL, DIVERTIDO Y DID\u00c1CTICO DURANTE EL VERANO, FOMENTANDO VALORES, DESARROLLANDO HABILIDADES Y FORTALECIENDO SU AUTOESTIMA.<\/p>\n","protected":false},"author":3,"featured_media":0,"parent":0,"menu_order":0,"comment_status":"closed","ping_status":"closed","template":"","meta":{"footnotes":""},"class_list":["post-10","page","type-page","status-publish","hentry"],"yoast_head":"<!-- This site is optimized with the Yoast SEO plugin v22.8 - https:\/\/yoast.com\/wordpress\/plugins\/seo\/ -->\r\n<title>Misi\u00f3n Uninter Kids - Uninter Kids<\/title>\r\n<meta name=\"robots\" content=\"noindex, follow, max-snippet:-1, max-image-preview:large, max-video-preview:-1\" \/>\r\n<meta property=\"og:locale\" content=\"es_MX\" \/>\r\n<meta property=\"og:type\" content=\"article\" \/>\r\n<meta property=\"og:title\" content=\"Misi\u00f3n Uninter Kids - Uninter Kids\" \/>\r\n<meta property=\"og:description\" content=\"ES OFRECER A LOS NI\u00d1OS UN PROGRAMA INTEGRAL, DIVERTIDO Y DID\u00c1CTICO DURANTE EL VERANO, FOMENTANDO VALORES, DESARROLLANDO HABILIDADES Y FORTALECIENDO SU AUTOESTIMA.\" \/>\r\n<meta property=\"og:url\" content=\"https:\/\/blogs.uninter.edu.mx\/UninterKids\/index.php\/nuestra-mision\/\" \/>\r\n<meta property=\"og:site_name\" content=\"Uninter Kids\" \/>\r\n<meta property=\"article:modified_time\" content=\"2025-09-04T19:39:10+00:00\" \/>\r\n<meta property=\"og:image\" content=\"https:\/\/blogs.uninter.edu.mx\/UninterKids\/wp-content\/uploads\/2025\/09\/48.png\" \/>\r\n<meta name=\"twitter:card\" content=\"summary_large_image\" \/>\r\n<meta name=\"twitter:label1\" content=\"Tiempo de lectura\" \/>\n\t<meta name=\"twitter:data1\" content=\"1 minuto\" \/>\r\n<script type=\"application\/ld+json\" class=\"yoast-schema-graph\">{\"@context\":\"https:\/\/schema.org\",\"@graph\":[{\"@type\":\"WebPage\",\"@id\":\"https:\/\/blogs.uninter.edu.mx\/UninterKids\/index.php\/nuestra-mision\/\",\"url\":\"https:\/\/blogs.uninter.edu.mx\/UninterKids\/index.php\/nuestra-mision\/\",\"name\":\"Misi\u00f3n Uninter Kids - Uninter Kids\",\"isPartOf\":{\"@id\":\"https:\/\/blogs.uninter.edu.mx\/UninterKids\/#website\"},\"primaryImageOfPage\":{\"@id\":\"https:\/\/blogs.uninter.edu.mx\/UninterKids\/index.php\/nuestra-mision\/#primaryimage\"},\"image\":{\"@id\":\"https:\/\/blogs.uninter.edu.mx\/UninterKids\/index.php\/nuestra-mision\/#primaryimage\"},\"thumbnailUrl\":\"https:\/\/blogs.uninter.edu.mx\/UninterKids\/wp-content\/uploads\/2025\/09\/48.png\",\"datePublished\":\"2013-04-16T14:58:12+00:00\",\"dateModified\":\"2025-09-04T19:39:10+00:00\",\"breadcrumb\":{\"@id\":\"https:\/\/blogs.uninter.edu.mx\/UninterKids\/index.php\/nuestra-mision\/#breadcrumb\"},\"inLanguage\":\"es-MX\",\"potentialAction\":[{\"@type\":\"ReadAction\",\"target\":[\"https:\/\/blogs.uninter.edu.mx\/UninterKids\/index.php\/nuestra-mision\/\"]}]},{\"@type\":\"ImageObject\",\"inLanguage\":\"es-MX\",\"@id\":\"https:\/\/blogs.uninter.edu.mx\/UninterKids\/index.php\/nuestra-mision\/#primaryimage\",\"url\":\"https:\/\/blogs.uninter.edu.mx\/UninterKids\/wp-content\/uploads\/2025\/09\/48.png\",\"contentUrl\":\"https:\/\/blogs.uninter.edu.mx\/UninterKids\/wp-content\/uploads\/2025\/09\/48.png\",\"width\":1080,\"height\":1080},{\"@type\":\"BreadcrumbList\",\"@id\":\"https:\/\/blogs.uninter.edu.mx\/UninterKids\/index.php\/nuestra-mision\/#breadcrumb\",\"itemListElement\":[{\"@type\":\"ListItem\",\"position\":1,\"name\":\"Inicio\",\"item\":\"https:\/\/blogs.uninter.edu.mx\/UninterKids\/\"},{\"@type\":\"ListItem\",\"position\":2,\"name\":\"Misi\u00f3n Uninter Kids\"}]},{\"@type\":\"WebSite\",\"@id\":\"https:\/\/blogs.uninter.edu.mx\/UninterKids\/#website\",\"url\":\"https:\/\/blogs.uninter.edu.mx\/UninterKids\/\",\"name\":\"Uninter Kids\",\"description\":\"\",\"potentialAction\":[{\"@type\":\"SearchAction\",\"target\":{\"@type\":\"EntryPoint\",\"urlTemplate\":\"https:\/\/blogs.uninter.edu.mx\/UninterKids\/?s={search_term_string}\"},\"query-input\":\"required name=search_term_string\"}],\"inLanguage\":\"es-MX\"}]}<\/script>\r\n<!-- \/ Yoast SEO plugin. -->","yoast_head_json":{"title":"Misi\u00f3n Uninter Kids - Uninter Kids","robots":{"index":"noindex","follow":"follow","max-snippet":"max-snippet:-1","max-image-preview":"max-image-preview:large","max-video-preview":"max-video-preview:-1"},"og_locale":"es_MX","og_type":"article","og_title":"Misi\u00f3n Uninter Kids - Uninter Kids","og_description":"ES OFRECER A LOS NI\u00d1OS UN PROGRAMA INTEGRAL, DIVERTIDO Y DID\u00c1CTICO DURANTE EL VERANO, FOMENTANDO VALORES, DESARROLLANDO HABILIDADES Y FORTALECIENDO SU AUTOESTIMA.","og_url":"https:\/\/blogs.uninter.edu.mx\/UninterKids\/index.php\/nuestra-mision\/","og_site_name":"Uninter Kids","article_modified_time":"2025-09-04T19:39:10+00:00","og_image":[{"url":"https:\/\/blogs.uninter.edu.mx\/UninterKids\/wp-content\/uploads\/2025\/09\/48.png"}],"twitter_card":"summary_large_image","twitter_misc":{"Tiempo de lectura":"1 minuto"},"schema":{"@context":"https:\/\/schema.org","@graph":[{"@type":"WebPage","@id":"https:\/\/blogs.uninter.edu.mx\/UninterKids\/index.php\/nuestra-mision\/","url":"https:\/\/blogs.uninter.edu.mx\/UninterKids\/index.php\/nuestra-mision\/","name":"Misi\u00f3n Uninter Kids - Uninter Kids","isPartOf":{"@id":"https:\/\/blogs.uninter.edu.mx\/UninterKids\/#website"},"primaryImageOfPage":{"@id":"https:\/\/blogs.uninter.edu.mx\/UninterKids\/index.php\/nuestra-mision\/#primaryimage"},"image":{"@id":"https:\/\/blogs.uninter.edu.mx\/UninterKids\/index.php\/nuestra-mision\/#primaryimage"},"thumbnailUrl":"https:\/\/blogs.uninter.edu.mx\/UninterKids\/wp-content\/uploads\/2025\/09\/48.png","datePublished":"2013-04-16T14:58:12+00:00","dateModified":"2025-09-04T19:39:10+00:00","breadcrumb":{"@id":"https:\/\/blogs.uninter.edu.mx\/UninterKids\/index.php\/nuestra-mision\/#breadcrumb"},"inLanguage":"es-MX","potentialAction":[{"@type":"ReadAction","target":["https:\/\/blogs.uninter.edu.mx\/UninterKids\/index.php\/nuestra-mision\/"]}]},{"@type":"ImageObject","inLanguage":"es-MX","@id":"https:\/\/blogs.uninter.edu.mx\/UninterKids\/index.php\/nuestra-mision\/#primaryimage","url":"https:\/\/blogs.uninter.edu.mx\/UninterKids\/wp-content\/uploads\/2025\/09\/48.png","contentUrl":"https:\/\/blogs.uninter.edu.mx\/UninterKids\/wp-content\/uploads\/2025\/09\/48.png","width":1080,"height":1080},{"@type":"BreadcrumbList","@id":"https:\/\/blogs.uninter.edu.mx\/UninterKids\/index.php\/nuestra-mision\/#breadcrumb","itemListElement":[{"@type":"ListItem","position":1,"name":"Inicio","item":"https:\/\/blogs.uninter.edu.mx\/UninterKids\/"},{"@type":"ListItem","position":2,"name":"Misi\u00f3n Uninter Kids"}]},{"@type":"WebSite","@id":"https:\/\/blogs.uninter.edu.mx\/UninterKids\/#website","url":"https:\/\/blogs.uninter.edu.mx\/UninterKids\/","name":"Uninter Kids","description":"","potentialAction":[{"@type":"SearchAction","target":{"@type":"EntryPoint","urlTemplate":"https:\/\/blogs.uninter.edu.mx\/UninterKids\/?s={search_term_string}"},"query-input":"required name=search_term_string"}],"inLanguage":"es-MX"}]}},"jetpack_sharing_enabled":true,"_links":{"self":[{"href":"https:\/\/blogs.uninter.edu.mx\/UninterKids\/index.php\/wp-json\/wp\/v2\/pages\/10","targetHints":{"allow":["GET"]}}],"collection":[{"href":"https:\/\/blogs.uninter.edu.mx\/UninterKids\/index.php\/wp-json\/wp\/v2\/pages"}],"about":[{"href":"https:\/\/blogs.uninter.edu.mx\/UninterKids\/index.php\/wp-json\/wp\/v2\/types\/page"}],"author":[{"embeddable":true,"href":"https:\/\/blogs.uninter.edu.mx\/UninterKids\/index.php\/wp-json\/wp\/v2\/users\/3"}],"replies":[{"embeddable":true,"href":"https:\/\/blogs.uninter.edu.mx\/UninterKids\/index.php\/wp-json\/wp\/v2\/comments?post=10"}],"version-history":[{"count":2,"href":"https:\/\/blogs.uninter.edu.mx\/UninterKids\/index.php\/wp-json\/wp\/v2\/pages\/10\/revisions"}],"predecessor-version":[{"id":401,"href":"https:\/\/blogs.uninter.edu.mx\/UninterKids\/index.php\/wp-json\/wp\/v2\/pages\/10\/revisions\/401"}],"wp:attachment":[{"href":"https:\/\/blogs.uninter.edu.mx\/UninterKids\/index.php\/wp-json\/wp\/v2\/media?parent=10"}],"curies":[{"name":"wp","href":"https:\/\/api.w.org\/{rel}","templated":true}]}}