{"id":12,"date":"2013-04-16T09:58:52","date_gmt":"2013-04-16T14:58:52","guid":{"rendered":"http:\/\/uninterkids.wordpress.com\/?page_id=12"},"modified":"2025-09-04T19:46:10","modified_gmt":"2025-09-04T19:46:10","slug":"valores","status":"publish","type":"page","link":"https:\/\/blogs.uninter.edu.mx\/UninterKids\/index.php\/valores\/","title":{"rendered":"Valores"},"content":{"rendered":"\n<p class=\"has-text-align-left\" style=\"font-size:22px\">Para nosotros, es muy importante que los ni\u00f1os se integren a un sistema de valores y \u00e9tica que los formar\u00e1 como personas comprometidas con s\u00ed mismos y con su contexto socio-cultural, es por ello, que en nuestra filosof\u00eda se encuentran los siguientes valores:<\/p>\n\n\n\n<ul class=\"has-vivid-cyan-blue-color has-text-color has-link-color wp-block-list wp-elements-db943ba9e41bd4ccfe6f222fb3685951\">\n<li class=\"has-medium-font-size\">Respeto<\/li>\n\n\n\n<li class=\"has-medium-font-size\">Libertad<\/li>\n\n\n\n<li class=\"has-medium-font-size\">Amistad<\/li>\n\n\n\n<li class=\"has-medium-font-size\">Responsabilidad<\/li>\n\n\n\n<li class=\"has-medium-font-size\">Honestidad<\/li>\n\n\n\n<li class=\"has-medium-font-size\">Tolerancia<\/li>\n<\/ul>\n\n\n\n<figure class=\"wp-block-image size-full is-resized\"><img loading=\"lazy\" decoding=\"async\" width=\"940\" height=\"788\" src=\"https:\/\/blogs.uninter.edu.mx\/UninterKids\/wp-content\/uploads\/2025\/09\/4-1.png\" alt=\"\" class=\"wp-image-378\" style=\"width:552px;height:auto\"\/><\/figure>\n","protected":false},"excerpt":{"rendered":"<p>Para nosotros, es muy importante que los ni\u00f1os se integren a un sistema de valores y \u00e9tica que los formar\u00e1 como personas comprometidas con s\u00ed mismos y con su contexto socio-cultural, es por ello, que en nuestra filosof\u00eda se encuentran los siguientes valores:<\/p>\n","protected":false},"author":11,"featured_media":0,"parent":0,"menu_order":0,"comment_status":"closed","ping_status":"closed","template":"","meta":{"footnotes":""},"class_list":["post-12","page","type-page","status-publish","hentry"],"yoast_head":"<!-- This site is optimized with the Yoast SEO plugin v22.8 - https:\/\/yoast.com\/wordpress\/plugins\/seo\/ -->\r\n<title>Valores - Uninter Kids<\/title>\r\n<meta name=\"description\" content=\"Es muy importante que los ni\u00f1os se integren a un sistema de valores y \u00e9tica que los formar\u00e1 como personas comprometidas con s\u00ed mismos\" \/>\r\n<meta name=\"robots\" content=\"noindex, follow, max-snippet:-1, max-image-preview:large, max-video-preview:-1\" \/>\r\n<meta property=\"og:locale\" content=\"es_MX\" \/>\r\n<meta property=\"og:type\" content=\"article\" \/>\r\n<meta property=\"og:title\" content=\"Valores - Uninter Kids\" \/>\r\n<meta property=\"og:description\" content=\"Es muy importante que los ni\u00f1os se integren a un sistema de valores y \u00e9tica que los formar\u00e1 como personas comprometidas con s\u00ed mismos\" \/>\r\n<meta property=\"og:url\" content=\"https:\/\/blogs.uninter.edu.mx\/UninterKids\/index.php\/valores\/\" \/>\r\n<meta property=\"og:site_name\" content=\"Uninter Kids\" \/>\r\n<meta property=\"article:modified_time\" content=\"2025-09-04T19:46:10+00:00\" \/>\r\n<meta property=\"og:image\" content=\"https:\/\/blogs.uninter.edu.mx\/UninterKids\/wp-content\/uploads\/2025\/09\/4-1.png\" \/>\r\n<meta name=\"twitter:card\" content=\"summary_large_image\" \/>\r\n<meta name=\"twitter:label1\" content=\"Tiempo de lectura\" \/>\n\t<meta name=\"twitter:data1\" content=\"1 minuto\" \/>\r\n<script type=\"application\/ld+json\" class=\"yoast-schema-graph\">{\"@context\":\"https:\/\/schema.org\",\"@graph\":[{\"@type\":\"WebPage\",\"@id\":\"https:\/\/blogs.uninter.edu.mx\/UninterKids\/index.php\/valores\/\",\"url\":\"https:\/\/blogs.uninter.edu.mx\/UninterKids\/index.php\/valores\/\",\"name\":\"Valores - Uninter Kids\",\"isPartOf\":{\"@id\":\"https:\/\/blogs.uninter.edu.mx\/UninterKids\/#website\"},\"primaryImageOfPage\":{\"@id\":\"https:\/\/blogs.uninter.edu.mx\/UninterKids\/index.php\/valores\/#primaryimage\"},\"image\":{\"@id\":\"https:\/\/blogs.uninter.edu.mx\/UninterKids\/index.php\/valores\/#primaryimage\"},\"thumbnailUrl\":\"https:\/\/blogs.uninter.edu.mx\/UninterKids\/wp-content\/uploads\/2025\/09\/4-1.png\",\"datePublished\":\"2013-04-16T14:58:52+00:00\",\"dateModified\":\"2025-09-04T19:46:10+00:00\",\"description\":\"Es muy importante que los ni\u00f1os se integren a un sistema de valores y \u00e9tica que los formar\u00e1 como personas comprometidas con s\u00ed mismos\",\"breadcrumb\":{\"@id\":\"https:\/\/blogs.uninter.edu.mx\/UninterKids\/index.php\/valores\/#breadcrumb\"},\"inLanguage\":\"es-MX\",\"potentialAction\":[{\"@type\":\"ReadAction\",\"target\":[\"https:\/\/blogs.uninter.edu.mx\/UninterKids\/index.php\/valores\/\"]}]},{\"@type\":\"ImageObject\",\"inLanguage\":\"es-MX\",\"@id\":\"https:\/\/blogs.uninter.edu.mx\/UninterKids\/index.php\/valores\/#primaryimage\",\"url\":\"https:\/\/blogs.uninter.edu.mx\/UninterKids\/wp-content\/uploads\/2025\/09\/4-1.png\",\"contentUrl\":\"https:\/\/blogs.uninter.edu.mx\/UninterKids\/wp-content\/uploads\/2025\/09\/4-1.png\",\"width\":940,\"height\":788},{\"@type\":\"BreadcrumbList\",\"@id\":\"https:\/\/blogs.uninter.edu.mx\/UninterKids\/index.php\/valores\/#breadcrumb\",\"itemListElement\":[{\"@type\":\"ListItem\",\"position\":1,\"name\":\"Inicio\",\"item\":\"https:\/\/blogs.uninter.edu.mx\/UninterKids\/\"},{\"@type\":\"ListItem\",\"position\":2,\"name\":\"Valores\"}]},{\"@type\":\"WebSite\",\"@id\":\"https:\/\/blogs.uninter.edu.mx\/UninterKids\/#website\",\"url\":\"https:\/\/blogs.uninter.edu.mx\/UninterKids\/\",\"name\":\"Uninter Kids\",\"description\":\"\",\"potentialAction\":[{\"@type\":\"SearchAction\",\"target\":{\"@type\":\"EntryPoint\",\"urlTemplate\":\"https:\/\/blogs.uninter.edu.mx\/UninterKids\/?s={search_term_string}\"},\"query-input\":\"required name=search_term_string\"}],\"inLanguage\":\"es-MX\"}]}<\/script>\r\n<!-- \/ Yoast SEO plugin. -->","yoast_head_json":{"title":"Valores - Uninter Kids","description":"Es muy importante que los ni\u00f1os se integren a un sistema de valores y \u00e9tica que los formar\u00e1 como personas comprometidas con s\u00ed mismos","robots":{"index":"noindex","follow":"follow","max-snippet":"max-snippet:-1","max-image-preview":"max-image-preview:large","max-video-preview":"max-video-preview:-1"},"og_locale":"es_MX","og_type":"article","og_title":"Valores - Uninter Kids","og_description":"Es muy importante que los ni\u00f1os se integren a un sistema de valores y \u00e9tica que los formar\u00e1 como personas comprometidas con s\u00ed mismos","og_url":"https:\/\/blogs.uninter.edu.mx\/UninterKids\/index.php\/valores\/","og_site_name":"Uninter Kids","article_modified_time":"2025-09-04T19:46:10+00:00","og_image":[{"url":"https:\/\/blogs.uninter.edu.mx\/UninterKids\/wp-content\/uploads\/2025\/09\/4-1.png"}],"twitter_card":"summary_large_image","twitter_misc":{"Tiempo de lectura":"1 minuto"},"schema":{"@context":"https:\/\/schema.org","@graph":[{"@type":"WebPage","@id":"https:\/\/blogs.uninter.edu.mx\/UninterKids\/index.php\/valores\/","url":"https:\/\/blogs.uninter.edu.mx\/UninterKids\/index.php\/valores\/","name":"Valores - Uninter Kids","isPartOf":{"@id":"https:\/\/blogs.uninter.edu.mx\/UninterKids\/#website"},"primaryImageOfPage":{"@id":"https:\/\/blogs.uninter.edu.mx\/UninterKids\/index.php\/valores\/#primaryimage"},"image":{"@id":"https:\/\/blogs.uninter.edu.mx\/UninterKids\/index.php\/valores\/#primaryimage"},"thumbnailUrl":"https:\/\/blogs.uninter.edu.mx\/UninterKids\/wp-content\/uploads\/2025\/09\/4-1.png","datePublished":"2013-04-16T14:58:52+00:00","dateModified":"2025-09-04T19:46:10+00:00","description":"Es muy importante que los ni\u00f1os se integren a un sistema de valores y \u00e9tica que los formar\u00e1 como personas comprometidas con s\u00ed mismos","breadcrumb":{"@id":"https:\/\/blogs.uninter.edu.mx\/UninterKids\/index.php\/valores\/#breadcrumb"},"inLanguage":"es-MX","potentialAction":[{"@type":"ReadAction","target":["https:\/\/blogs.uninter.edu.mx\/UninterKids\/index.php\/valores\/"]}]},{"@type":"ImageObject","inLanguage":"es-MX","@id":"https:\/\/blogs.uninter.edu.mx\/UninterKids\/index.php\/valores\/#primaryimage","url":"https:\/\/blogs.uninter.edu.mx\/UninterKids\/wp-content\/uploads\/2025\/09\/4-1.png","contentUrl":"https:\/\/blogs.uninter.edu.mx\/UninterKids\/wp-content\/uploads\/2025\/09\/4-1.png","width":940,"height":788},{"@type":"BreadcrumbList","@id":"https:\/\/blogs.uninter.edu.mx\/UninterKids\/index.php\/valores\/#breadcrumb","itemListElement":[{"@type":"ListItem","position":1,"name":"Inicio","item":"https:\/\/blogs.uninter.edu.mx\/UninterKids\/"},{"@type":"ListItem","position":2,"name":"Valores"}]},{"@type":"WebSite","@id":"https:\/\/blogs.uninter.edu.mx\/UninterKids\/#website","url":"https:\/\/blogs.uninter.edu.mx\/UninterKids\/","name":"Uninter Kids","description":"","potentialAction":[{"@type":"SearchAction","target":{"@type":"EntryPoint","urlTemplate":"https:\/\/blogs.uninter.edu.mx\/UninterKids\/?s={search_term_string}"},"query-input":"required name=search_term_string"}],"inLanguage":"es-MX"}]}},"jetpack_sharing_enabled":true,"_links":{"self":[{"href":"https:\/\/blogs.uninter.edu.mx\/UninterKids\/index.php\/wp-json\/wp\/v2\/pages\/12","targetHints":{"allow":["GET"]}}],"collection":[{"href":"https:\/\/blogs.uninter.edu.mx\/UninterKids\/index.php\/wp-json\/wp\/v2\/pages"}],"about":[{"href":"https:\/\/blogs.uninter.edu.mx\/UninterKids\/index.php\/wp-json\/wp\/v2\/types\/page"}],"author":[{"embeddable":true,"href":"https:\/\/blogs.uninter.edu.mx\/UninterKids\/index.php\/wp-json\/wp\/v2\/users\/11"}],"replies":[{"embeddable":true,"href":"https:\/\/blogs.uninter.edu.mx\/UninterKids\/index.php\/wp-json\/wp\/v2\/comments?post=12"}],"version-history":[{"count":6,"href":"https:\/\/blogs.uninter.edu.mx\/UninterKids\/index.php\/wp-json\/wp\/v2\/pages\/12\/revisions"}],"predecessor-version":[{"id":403,"href":"https:\/\/blogs.uninter.edu.mx\/UninterKids\/index.php\/wp-json\/wp\/v2\/pages\/12\/revisions\/403"}],"wp:attachment":[{"href":"https:\/\/blogs.uninter.edu.mx\/UninterKids\/index.php\/wp-json\/wp\/v2\/media?parent=12"}],"curies":[{"name":"wp","href":"https:\/\/api.w.org\/{rel}","templated":true}]}}