{"id":166,"date":"2013-06-19T12:04:48","date_gmt":"2013-06-19T17:04:48","guid":{"rendered":"http:\/\/uninterkids.wordpress.com\/?page_id=166"},"modified":"2025-06-19T18:36:55","modified_gmt":"2025-06-19T18:36:55","slug":"horarios-y-costos","status":"publish","type":"page","link":"https:\/\/blogs.uninter.edu.mx\/UninterKids\/index.php\/horarios-y-costos\/","title":{"rendered":"Horarios y Costos"},"content":{"rendered":"\n<figure class=\"wp-block-image size-full is-resized\"><img loading=\"lazy\" decoding=\"async\" width=\"5000\" height=\"6667\" src=\"https:\/\/blogs.uninter.edu.mx\/UninterKids\/wp-content\/uploads\/2025\/06\/CURSO-DE-VERANO-2025-UNINTERKIDS-final_Mesa-de-trabajo-1.jpg\" alt=\"\" class=\"wp-image-300\" style=\"width:520px;height:auto\"\/><\/figure>\n\n\n<h1><strong>Horario de actividades<\/strong><\/h1>\n<p>Lunes a Viernes de 7:30 a.m a 2:30 p.m<\/p>\n<p><strong>Cuota de inscripci\u00f3n \u00fanica:<\/strong><\/p>\n<p>$ 200.00 M.N<\/p>\n<p><strong>Cuota semanal:<\/strong><\/p>\n<p>$ 1,000 M.N<\/p>\n<p>*Duraci\u00f3n 4 semanas<\/p>","protected":false},"excerpt":{"rendered":"<p>Horario de actividades Lunes a Viernes de 7:30 a.m a 2:30 p.m Cuota de inscripci\u00f3n \u00fanica: $ 200.00 M.N Cuota semanal: $ 1,000 M.N *Duraci\u00f3n 4 semanas<\/p>\n","protected":false},"author":11,"featured_media":0,"parent":0,"menu_order":0,"comment_status":"closed","ping_status":"closed","template":"","meta":{"footnotes":""},"class_list":["post-166","page","type-page","status-publish","hentry"],"yoast_head":"<!-- This site is optimized with the Yoast SEO plugin v22.8 - https:\/\/yoast.com\/wordpress\/plugins\/seo\/ -->\r\n<title>Horarios y Costos - Uninter Kids<\/title>\r\n<meta name=\"robots\" content=\"noindex, follow, max-snippet:-1, max-image-preview:large, max-video-preview:-1\" \/>\r\n<meta property=\"og:locale\" content=\"es_MX\" \/>\r\n<meta property=\"og:type\" content=\"article\" \/>\r\n<meta property=\"og:title\" content=\"Horarios y Costos - Uninter Kids\" \/>\r\n<meta property=\"og:description\" content=\"Horario de actividades Lunes a Viernes de 7:30 a.m a 2:30 p.m Cuota de inscripci\u00f3n \u00fanica: $ 200.00 M.N Cuota semanal: $ 1,000 M.N *Duraci\u00f3n 4 semanas\" \/>\r\n<meta property=\"og:url\" content=\"https:\/\/blogs.uninter.edu.mx\/UninterKids\/index.php\/horarios-y-costos\/\" \/>\r\n<meta property=\"og:site_name\" content=\"Uninter Kids\" \/>\r\n<meta property=\"article:modified_time\" content=\"2025-06-19T18:36:55+00:00\" \/>\r\n<meta property=\"og:image\" content=\"https:\/\/blogs.uninter.edu.mx\/UninterKids\/wp-content\/uploads\/2025\/06\/CURSO-DE-VERANO-2025-UNINTERKIDS-final_Mesa-de-trabajo-1.jpg\" \/>\r\n<meta name=\"twitter:card\" content=\"summary_large_image\" \/>\r\n<meta name=\"twitter:label1\" content=\"Tiempo de lectura\" \/>\n\t<meta name=\"twitter:data1\" content=\"1 minuto\" \/>\r\n<script type=\"application\/ld+json\" class=\"yoast-schema-graph\">{\"@context\":\"https:\/\/schema.org\",\"@graph\":[{\"@type\":\"WebPage\",\"@id\":\"https:\/\/blogs.uninter.edu.mx\/UninterKids\/index.php\/horarios-y-costos\/\",\"url\":\"https:\/\/blogs.uninter.edu.mx\/UninterKids\/index.php\/horarios-y-costos\/\",\"name\":\"Horarios y Costos - Uninter Kids\",\"isPartOf\":{\"@id\":\"https:\/\/blogs.uninter.edu.mx\/UninterKids\/#website\"},\"primaryImageOfPage\":{\"@id\":\"https:\/\/blogs.uninter.edu.mx\/UninterKids\/index.php\/horarios-y-costos\/#primaryimage\"},\"image\":{\"@id\":\"https:\/\/blogs.uninter.edu.mx\/UninterKids\/index.php\/horarios-y-costos\/#primaryimage\"},\"thumbnailUrl\":\"https:\/\/blogs.uninter.edu.mx\/UninterKids\/wp-content\/uploads\/2025\/06\/CURSO-DE-VERANO-2025-UNINTERKIDS-final_Mesa-de-trabajo-1.jpg\",\"datePublished\":\"2013-06-19T17:04:48+00:00\",\"dateModified\":\"2025-06-19T18:36:55+00:00\",\"breadcrumb\":{\"@id\":\"https:\/\/blogs.uninter.edu.mx\/UninterKids\/index.php\/horarios-y-costos\/#breadcrumb\"},\"inLanguage\":\"es-MX\",\"potentialAction\":[{\"@type\":\"ReadAction\",\"target\":[\"https:\/\/blogs.uninter.edu.mx\/UninterKids\/index.php\/horarios-y-costos\/\"]}]},{\"@type\":\"ImageObject\",\"inLanguage\":\"es-MX\",\"@id\":\"https:\/\/blogs.uninter.edu.mx\/UninterKids\/index.php\/horarios-y-costos\/#primaryimage\",\"url\":\"https:\/\/blogs.uninter.edu.mx\/UninterKids\/wp-content\/uploads\/2025\/06\/CURSO-DE-VERANO-2025-UNINTERKIDS-final_Mesa-de-trabajo-1.jpg\",\"contentUrl\":\"https:\/\/blogs.uninter.edu.mx\/UninterKids\/wp-content\/uploads\/2025\/06\/CURSO-DE-VERANO-2025-UNINTERKIDS-final_Mesa-de-trabajo-1.jpg\",\"width\":5000,\"height\":6667},{\"@type\":\"BreadcrumbList\",\"@id\":\"https:\/\/blogs.uninter.edu.mx\/UninterKids\/index.php\/horarios-y-costos\/#breadcrumb\",\"itemListElement\":[{\"@type\":\"ListItem\",\"position\":1,\"name\":\"Inicio\",\"item\":\"https:\/\/blogs.uninter.edu.mx\/UninterKids\/\"},{\"@type\":\"ListItem\",\"position\":2,\"name\":\"Horarios y Costos\"}]},{\"@type\":\"WebSite\",\"@id\":\"https:\/\/blogs.uninter.edu.mx\/UninterKids\/#website\",\"url\":\"https:\/\/blogs.uninter.edu.mx\/UninterKids\/\",\"name\":\"Uninter Kids\",\"description\":\"\",\"potentialAction\":[{\"@type\":\"SearchAction\",\"target\":{\"@type\":\"EntryPoint\",\"urlTemplate\":\"https:\/\/blogs.uninter.edu.mx\/UninterKids\/?s={search_term_string}\"},\"query-input\":\"required name=search_term_string\"}],\"inLanguage\":\"es-MX\"}]}<\/script>\r\n<!-- \/ Yoast SEO plugin. -->","yoast_head_json":{"title":"Horarios y Costos - Uninter Kids","robots":{"index":"noindex","follow":"follow","max-snippet":"max-snippet:-1","max-image-preview":"max-image-preview:large","max-video-preview":"max-video-preview:-1"},"og_locale":"es_MX","og_type":"article","og_title":"Horarios y Costos - Uninter Kids","og_description":"Horario de actividades Lunes a Viernes de 7:30 a.m a 2:30 p.m Cuota de inscripci\u00f3n \u00fanica: $ 200.00 M.N Cuota semanal: $ 1,000 M.N *Duraci\u00f3n 4 semanas","og_url":"https:\/\/blogs.uninter.edu.mx\/UninterKids\/index.php\/horarios-y-costos\/","og_site_name":"Uninter Kids","article_modified_time":"2025-06-19T18:36:55+00:00","og_image":[{"url":"https:\/\/blogs.uninter.edu.mx\/UninterKids\/wp-content\/uploads\/2025\/06\/CURSO-DE-VERANO-2025-UNINTERKIDS-final_Mesa-de-trabajo-1.jpg"}],"twitter_card":"summary_large_image","twitter_misc":{"Tiempo de lectura":"1 minuto"},"schema":{"@context":"https:\/\/schema.org","@graph":[{"@type":"WebPage","@id":"https:\/\/blogs.uninter.edu.mx\/UninterKids\/index.php\/horarios-y-costos\/","url":"https:\/\/blogs.uninter.edu.mx\/UninterKids\/index.php\/horarios-y-costos\/","name":"Horarios y Costos - Uninter Kids","isPartOf":{"@id":"https:\/\/blogs.uninter.edu.mx\/UninterKids\/#website"},"primaryImageOfPage":{"@id":"https:\/\/blogs.uninter.edu.mx\/UninterKids\/index.php\/horarios-y-costos\/#primaryimage"},"image":{"@id":"https:\/\/blogs.uninter.edu.mx\/UninterKids\/index.php\/horarios-y-costos\/#primaryimage"},"thumbnailUrl":"https:\/\/blogs.uninter.edu.mx\/UninterKids\/wp-content\/uploads\/2025\/06\/CURSO-DE-VERANO-2025-UNINTERKIDS-final_Mesa-de-trabajo-1.jpg","datePublished":"2013-06-19T17:04:48+00:00","dateModified":"2025-06-19T18:36:55+00:00","breadcrumb":{"@id":"https:\/\/blogs.uninter.edu.mx\/UninterKids\/index.php\/horarios-y-costos\/#breadcrumb"},"inLanguage":"es-MX","potentialAction":[{"@type":"ReadAction","target":["https:\/\/blogs.uninter.edu.mx\/UninterKids\/index.php\/horarios-y-costos\/"]}]},{"@type":"ImageObject","inLanguage":"es-MX","@id":"https:\/\/blogs.uninter.edu.mx\/UninterKids\/index.php\/horarios-y-costos\/#primaryimage","url":"https:\/\/blogs.uninter.edu.mx\/UninterKids\/wp-content\/uploads\/2025\/06\/CURSO-DE-VERANO-2025-UNINTERKIDS-final_Mesa-de-trabajo-1.jpg","contentUrl":"https:\/\/blogs.uninter.edu.mx\/UninterKids\/wp-content\/uploads\/2025\/06\/CURSO-DE-VERANO-2025-UNINTERKIDS-final_Mesa-de-trabajo-1.jpg","width":5000,"height":6667},{"@type":"BreadcrumbList","@id":"https:\/\/blogs.uninter.edu.mx\/UninterKids\/index.php\/horarios-y-costos\/#breadcrumb","itemListElement":[{"@type":"ListItem","position":1,"name":"Inicio","item":"https:\/\/blogs.uninter.edu.mx\/UninterKids\/"},{"@type":"ListItem","position":2,"name":"Horarios y Costos"}]},{"@type":"WebSite","@id":"https:\/\/blogs.uninter.edu.mx\/UninterKids\/#website","url":"https:\/\/blogs.uninter.edu.mx\/UninterKids\/","name":"Uninter Kids","description":"","potentialAction":[{"@type":"SearchAction","target":{"@type":"EntryPoint","urlTemplate":"https:\/\/blogs.uninter.edu.mx\/UninterKids\/?s={search_term_string}"},"query-input":"required name=search_term_string"}],"inLanguage":"es-MX"}]}},"jetpack_sharing_enabled":true,"_links":{"self":[{"href":"https:\/\/blogs.uninter.edu.mx\/UninterKids\/index.php\/wp-json\/wp\/v2\/pages\/166","targetHints":{"allow":["GET"]}}],"collection":[{"href":"https:\/\/blogs.uninter.edu.mx\/UninterKids\/index.php\/wp-json\/wp\/v2\/pages"}],"about":[{"href":"https:\/\/blogs.uninter.edu.mx\/UninterKids\/index.php\/wp-json\/wp\/v2\/types\/page"}],"author":[{"embeddable":true,"href":"https:\/\/blogs.uninter.edu.mx\/UninterKids\/index.php\/wp-json\/wp\/v2\/users\/11"}],"replies":[{"embeddable":true,"href":"https:\/\/blogs.uninter.edu.mx\/UninterKids\/index.php\/wp-json\/wp\/v2\/comments?post=166"}],"version-history":[{"count":4,"href":"https:\/\/blogs.uninter.edu.mx\/UninterKids\/index.php\/wp-json\/wp\/v2\/pages\/166\/revisions"}],"predecessor-version":[{"id":326,"href":"https:\/\/blogs.uninter.edu.mx\/UninterKids\/index.php\/wp-json\/wp\/v2\/pages\/166\/revisions\/326"}],"wp:attachment":[{"href":"https:\/\/blogs.uninter.edu.mx\/UninterKids\/index.php\/wp-json\/wp\/v2\/media?parent=166"}],"curies":[{"name":"wp","href":"https:\/\/api.w.org\/{rel}","templated":true}]}}