{"id":177,"date":"2013-06-20T13:07:21","date_gmt":"2013-06-20T18:07:21","guid":{"rendered":"http:\/\/uninterkids.wordpress.com\/?page_id=177"},"modified":"2025-06-17T19:37:41","modified_gmt":"2025-06-17T19:37:41","slug":"actividades","status":"publish","type":"page","link":"https:\/\/blogs.uninter.edu.mx\/UninterKids\/index.php\/actividades\/","title":{"rendered":"Actividades"},"content":{"rendered":"<p>Algunas de nuestras actividades son:<\/p>\n<ul>\n<li><strong>Ingl\u00e9s y franc\u00e9s<\/strong><\/li>\n<li><strong>Clase de ciencia<\/strong><\/li>\n<li><strong>Actividades\u00a0 recreativas<\/strong><\/li>\n<li><strong>Actividades acu\u00e1ticas<\/strong><\/li>\n<li><strong>Deportes<\/strong><\/li>\n<li><strong>Clase de cocina<\/strong><\/li>\n<li><strong>D\u00edas tem\u00e1ticos<\/strong><\/li>\n<\/ul>\n<p>\u00a0\u00a0 \u00a0\u00a0<\/p>\n<p>\u00a0<\/p>\n\n\n<div class=\"wp-block-jetpack-tiled-gallery aligncenter is-style-rectangular\"><div class=\"\"><div class=\"tiled-gallery__gallery\"><div class=\"tiled-gallery__row\"><div class=\"tiled-gallery__col\" style=\"flex-basis:66.76271%\"><figure class=\"tiled-gallery__item\"><img decoding=\"async\" srcset=\"https:\/\/i0.wp.com\/blogs.uninter.edu.mx\/UninterKids\/wp-content\/uploads\/2025\/06\/20250528_152716992_iOS.png?strip=info&#038;w=600&#038;ssl=1 600w,https:\/\/i0.wp.com\/blogs.uninter.edu.mx\/UninterKids\/wp-content\/uploads\/2025\/06\/20250528_152716992_iOS.png?strip=info&#038;w=900&#038;ssl=1 900w,https:\/\/i0.wp.com\/blogs.uninter.edu.mx\/UninterKids\/wp-content\/uploads\/2025\/06\/20250528_152716992_iOS.png?strip=info&#038;w=940&#038;ssl=1 940w\" alt=\"\" data-height=\"788\" data-id=\"306\" data-link=\"https:\/\/blogs.uninter.edu.mx\/UninterKids\/index.php\/actividades\/20250528_152716992_ios\/#main\" data-url=\"https:\/\/blogs.uninter.edu.mx\/UninterKids\/wp-content\/uploads\/2025\/06\/20250528_152716992_iOS.png\" data-width=\"940\" src=\"https:\/\/i0.wp.com\/blogs.uninter.edu.mx\/UninterKids\/wp-content\/uploads\/2025\/06\/20250528_152716992_iOS.png?ssl=1\" data-amp-layout=\"responsive\"\/><\/figure><\/div><div class=\"tiled-gallery__col\" style=\"flex-basis:33.23729%\"><figure class=\"tiled-gallery__item\"><img decoding=\"async\" srcset=\"https:\/\/i1.wp.com\/blogs.uninter.edu.mx\/UninterKids\/wp-content\/uploads\/2025\/06\/20250610_190602541_iOS.jpg?strip=info&#038;w=600&#038;ssl=1 600w,https:\/\/i1.wp.com\/blogs.uninter.edu.mx\/UninterKids\/wp-content\/uploads\/2025\/06\/20250610_190602541_iOS.jpg?strip=info&#038;w=900&#038;ssl=1 900w,https:\/\/i1.wp.com\/blogs.uninter.edu.mx\/UninterKids\/wp-content\/uploads\/2025\/06\/20250610_190602541_iOS.jpg?strip=info&#038;w=940&#038;ssl=1 940w\" alt=\"\" data-height=\"788\" data-id=\"307\" data-link=\"https:\/\/blogs.uninter.edu.mx\/UninterKids\/index.php\/actividades\/20250610_190602541_ios\/#main\" data-url=\"https:\/\/blogs.uninter.edu.mx\/UninterKids\/wp-content\/uploads\/2025\/06\/20250610_190602541_iOS.jpg\" data-width=\"940\" src=\"https:\/\/i1.wp.com\/blogs.uninter.edu.mx\/UninterKids\/wp-content\/uploads\/2025\/06\/20250610_190602541_iOS.jpg?ssl=1\" data-amp-layout=\"responsive\"\/><\/figure><figure class=\"tiled-gallery__item\"><img decoding=\"async\" srcset=\"https:\/\/i2.wp.com\/blogs.uninter.edu.mx\/UninterKids\/wp-content\/uploads\/2025\/06\/20250610_190643529_iOS.jpg?strip=info&#038;w=600&#038;ssl=1 600w,https:\/\/i2.wp.com\/blogs.uninter.edu.mx\/UninterKids\/wp-content\/uploads\/2025\/06\/20250610_190643529_iOS.jpg?strip=info&#038;w=900&#038;ssl=1 900w,https:\/\/i2.wp.com\/blogs.uninter.edu.mx\/UninterKids\/wp-content\/uploads\/2025\/06\/20250610_190643529_iOS.jpg?strip=info&#038;w=940&#038;ssl=1 940w\" alt=\"\" data-height=\"788\" data-id=\"308\" data-link=\"https:\/\/blogs.uninter.edu.mx\/UninterKids\/index.php\/actividades\/20250610_190643529_ios\/#main\" data-url=\"https:\/\/blogs.uninter.edu.mx\/UninterKids\/wp-content\/uploads\/2025\/06\/20250610_190643529_iOS.jpg\" data-width=\"940\" src=\"https:\/\/i2.wp.com\/blogs.uninter.edu.mx\/UninterKids\/wp-content\/uploads\/2025\/06\/20250610_190643529_iOS.jpg?ssl=1\" data-amp-layout=\"responsive\"\/><\/figure><\/div><\/div><div class=\"tiled-gallery__row\"><div class=\"tiled-gallery__col\" style=\"flex-basis:50.00000%\"><figure class=\"tiled-gallery__item\"><img decoding=\"async\" srcset=\"https:\/\/i1.wp.com\/blogs.uninter.edu.mx\/UninterKids\/wp-content\/uploads\/2025\/06\/20250610_190639514_iOS.jpg?strip=info&#038;w=600&#038;ssl=1 600w,https:\/\/i1.wp.com\/blogs.uninter.edu.mx\/UninterKids\/wp-content\/uploads\/2025\/06\/20250610_190639514_iOS.jpg?strip=info&#038;w=900&#038;ssl=1 900w,https:\/\/i1.wp.com\/blogs.uninter.edu.mx\/UninterKids\/wp-content\/uploads\/2025\/06\/20250610_190639514_iOS.jpg?strip=info&#038;w=940&#038;ssl=1 940w\" alt=\"\" data-height=\"788\" data-id=\"309\" data-link=\"https:\/\/blogs.uninter.edu.mx\/UninterKids\/index.php\/actividades\/20250610_190639514_ios\/#main\" data-url=\"https:\/\/blogs.uninter.edu.mx\/UninterKids\/wp-content\/uploads\/2025\/06\/20250610_190639514_iOS.jpg\" data-width=\"940\" src=\"https:\/\/i1.wp.com\/blogs.uninter.edu.mx\/UninterKids\/wp-content\/uploads\/2025\/06\/20250610_190639514_iOS.jpg?ssl=1\" data-amp-layout=\"responsive\"\/><\/figure><\/div><div class=\"tiled-gallery__col\" style=\"flex-basis:50.00000%\"><figure class=\"tiled-gallery__item\"><img decoding=\"async\" srcset=\"https:\/\/i2.wp.com\/blogs.uninter.edu.mx\/UninterKids\/wp-content\/uploads\/2025\/06\/20250610_190544369_iOS.jpg?strip=info&#038;w=600&#038;ssl=1 600w,https:\/\/i2.wp.com\/blogs.uninter.edu.mx\/UninterKids\/wp-content\/uploads\/2025\/06\/20250610_190544369_iOS.jpg?strip=info&#038;w=900&#038;ssl=1 900w,https:\/\/i2.wp.com\/blogs.uninter.edu.mx\/UninterKids\/wp-content\/uploads\/2025\/06\/20250610_190544369_iOS.jpg?strip=info&#038;w=940&#038;ssl=1 940w\" alt=\"\" data-height=\"788\" data-id=\"310\" data-link=\"https:\/\/blogs.uninter.edu.mx\/UninterKids\/index.php\/actividades\/20250610_190544369_ios\/#main\" data-url=\"https:\/\/blogs.uninter.edu.mx\/UninterKids\/wp-content\/uploads\/2025\/06\/20250610_190544369_iOS.jpg\" data-width=\"940\" src=\"https:\/\/i2.wp.com\/blogs.uninter.edu.mx\/UninterKids\/wp-content\/uploads\/2025\/06\/20250610_190544369_iOS.jpg?ssl=1\" data-amp-layout=\"responsive\"\/><\/figure><\/div><\/div><\/div><\/div><\/div>\n","protected":false},"excerpt":{"rendered":"<p>Algunas de nuestras actividades son: Ingl\u00e9s y franc\u00e9s Clase de ciencia Actividades\u00a0 recreativas Actividades acu\u00e1ticas Deportes Clase de cocina D\u00edas tem\u00e1ticos \u00a0\u00a0 \u00a0\u00a0 \u00a0<\/p>\n","protected":false},"author":4,"featured_media":0,"parent":0,"menu_order":0,"comment_status":"closed","ping_status":"closed","template":"","meta":{"footnotes":""},"class_list":["post-177","page","type-page","status-publish","hentry"],"yoast_head":"<!-- This site is optimized with the Yoast SEO plugin v22.8 - https:\/\/yoast.com\/wordpress\/plugins\/seo\/ -->\r\n<title>Actividades - Uninter Kids<\/title>\r\n<meta name=\"robots\" content=\"noindex, follow, max-snippet:-1, max-image-preview:large, max-video-preview:-1\" \/>\r\n<meta property=\"og:locale\" content=\"es_MX\" \/>\r\n<meta property=\"og:type\" content=\"article\" \/>\r\n<meta property=\"og:title\" content=\"Actividades - Uninter Kids\" \/>\r\n<meta property=\"og:description\" content=\"Algunas de nuestras actividades son: Ingl\u00e9s y franc\u00e9s Clase de ciencia Actividades\u00a0 recreativas Actividades acu\u00e1ticas Deportes Clase de cocina D\u00edas tem\u00e1ticos \u00a0\u00a0 \u00a0\u00a0 \u00a0\" \/>\r\n<meta property=\"og:url\" content=\"https:\/\/blogs.uninter.edu.mx\/UninterKids\/index.php\/actividades\/\" \/>\r\n<meta property=\"og:site_name\" content=\"Uninter Kids\" \/>\r\n<meta property=\"article:modified_time\" content=\"2025-06-17T19:37:41+00:00\" \/>\r\n<meta property=\"og:image\" content=\"https:\/\/i0.wp.com\/blogs.uninter.edu.mx\/UninterKids\/wp-content\/uploads\/2025\/06\/20250528_152716992_iOS.png?ssl=1\" \/>\r\n<meta name=\"twitter:card\" content=\"summary_large_image\" \/>\r\n<meta name=\"twitter:label1\" content=\"Tiempo de lectura\" \/>\n\t<meta name=\"twitter:data1\" content=\"2 minutos\" \/>\r\n<script type=\"application\/ld+json\" class=\"yoast-schema-graph\">{\"@context\":\"https:\/\/schema.org\",\"@graph\":[{\"@type\":\"WebPage\",\"@id\":\"https:\/\/blogs.uninter.edu.mx\/UninterKids\/index.php\/actividades\/\",\"url\":\"https:\/\/blogs.uninter.edu.mx\/UninterKids\/index.php\/actividades\/\",\"name\":\"Actividades - Uninter Kids\",\"isPartOf\":{\"@id\":\"https:\/\/blogs.uninter.edu.mx\/UninterKids\/#website\"},\"primaryImageOfPage\":{\"@id\":\"https:\/\/blogs.uninter.edu.mx\/UninterKids\/index.php\/actividades\/#primaryimage\"},\"image\":{\"@id\":\"https:\/\/blogs.uninter.edu.mx\/UninterKids\/index.php\/actividades\/#primaryimage\"},\"thumbnailUrl\":\"https:\/\/i0.wp.com\/blogs.uninter.edu.mx\/UninterKids\/wp-content\/uploads\/2025\/06\/20250528_152716992_iOS.png?ssl=1\",\"datePublished\":\"2013-06-20T18:07:21+00:00\",\"dateModified\":\"2025-06-17T19:37:41+00:00\",\"breadcrumb\":{\"@id\":\"https:\/\/blogs.uninter.edu.mx\/UninterKids\/index.php\/actividades\/#breadcrumb\"},\"inLanguage\":\"es-MX\",\"potentialAction\":[{\"@type\":\"ReadAction\",\"target\":[\"https:\/\/blogs.uninter.edu.mx\/UninterKids\/index.php\/actividades\/\"]}]},{\"@type\":\"ImageObject\",\"inLanguage\":\"es-MX\",\"@id\":\"https:\/\/blogs.uninter.edu.mx\/UninterKids\/index.php\/actividades\/#primaryimage\",\"url\":\"https:\/\/i0.wp.com\/blogs.uninter.edu.mx\/UninterKids\/wp-content\/uploads\/2025\/06\/20250528_152716992_iOS.png?ssl=1\",\"contentUrl\":\"https:\/\/i0.wp.com\/blogs.uninter.edu.mx\/UninterKids\/wp-content\/uploads\/2025\/06\/20250528_152716992_iOS.png?ssl=1\"},{\"@type\":\"BreadcrumbList\",\"@id\":\"https:\/\/blogs.uninter.edu.mx\/UninterKids\/index.php\/actividades\/#breadcrumb\",\"itemListElement\":[{\"@type\":\"ListItem\",\"position\":1,\"name\":\"Inicio\",\"item\":\"https:\/\/blogs.uninter.edu.mx\/UninterKids\/\"},{\"@type\":\"ListItem\",\"position\":2,\"name\":\"Actividades\"}]},{\"@type\":\"WebSite\",\"@id\":\"https:\/\/blogs.uninter.edu.mx\/UninterKids\/#website\",\"url\":\"https:\/\/blogs.uninter.edu.mx\/UninterKids\/\",\"name\":\"Uninter Kids\",\"description\":\"\",\"potentialAction\":[{\"@type\":\"SearchAction\",\"target\":{\"@type\":\"EntryPoint\",\"urlTemplate\":\"https:\/\/blogs.uninter.edu.mx\/UninterKids\/?s={search_term_string}\"},\"query-input\":\"required name=search_term_string\"}],\"inLanguage\":\"es-MX\"}]}<\/script>\r\n<!-- \/ Yoast SEO plugin. -->","yoast_head_json":{"title":"Actividades - Uninter Kids","robots":{"index":"noindex","follow":"follow","max-snippet":"max-snippet:-1","max-image-preview":"max-image-preview:large","max-video-preview":"max-video-preview:-1"},"og_locale":"es_MX","og_type":"article","og_title":"Actividades - Uninter Kids","og_description":"Algunas de nuestras actividades son: Ingl\u00e9s y franc\u00e9s Clase de ciencia Actividades\u00a0 recreativas Actividades acu\u00e1ticas Deportes Clase de cocina D\u00edas tem\u00e1ticos \u00a0\u00a0 \u00a0\u00a0 \u00a0","og_url":"https:\/\/blogs.uninter.edu.mx\/UninterKids\/index.php\/actividades\/","og_site_name":"Uninter Kids","article_modified_time":"2025-06-17T19:37:41+00:00","og_image":[{"url":"https:\/\/i0.wp.com\/blogs.uninter.edu.mx\/UninterKids\/wp-content\/uploads\/2025\/06\/20250528_152716992_iOS.png?ssl=1"}],"twitter_card":"summary_large_image","twitter_misc":{"Tiempo de lectura":"2 minutos"},"schema":{"@context":"https:\/\/schema.org","@graph":[{"@type":"WebPage","@id":"https:\/\/blogs.uninter.edu.mx\/UninterKids\/index.php\/actividades\/","url":"https:\/\/blogs.uninter.edu.mx\/UninterKids\/index.php\/actividades\/","name":"Actividades - Uninter Kids","isPartOf":{"@id":"https:\/\/blogs.uninter.edu.mx\/UninterKids\/#website"},"primaryImageOfPage":{"@id":"https:\/\/blogs.uninter.edu.mx\/UninterKids\/index.php\/actividades\/#primaryimage"},"image":{"@id":"https:\/\/blogs.uninter.edu.mx\/UninterKids\/index.php\/actividades\/#primaryimage"},"thumbnailUrl":"https:\/\/i0.wp.com\/blogs.uninter.edu.mx\/UninterKids\/wp-content\/uploads\/2025\/06\/20250528_152716992_iOS.png?ssl=1","datePublished":"2013-06-20T18:07:21+00:00","dateModified":"2025-06-17T19:37:41+00:00","breadcrumb":{"@id":"https:\/\/blogs.uninter.edu.mx\/UninterKids\/index.php\/actividades\/#breadcrumb"},"inLanguage":"es-MX","potentialAction":[{"@type":"ReadAction","target":["https:\/\/blogs.uninter.edu.mx\/UninterKids\/index.php\/actividades\/"]}]},{"@type":"ImageObject","inLanguage":"es-MX","@id":"https:\/\/blogs.uninter.edu.mx\/UninterKids\/index.php\/actividades\/#primaryimage","url":"https:\/\/i0.wp.com\/blogs.uninter.edu.mx\/UninterKids\/wp-content\/uploads\/2025\/06\/20250528_152716992_iOS.png?ssl=1","contentUrl":"https:\/\/i0.wp.com\/blogs.uninter.edu.mx\/UninterKids\/wp-content\/uploads\/2025\/06\/20250528_152716992_iOS.png?ssl=1"},{"@type":"BreadcrumbList","@id":"https:\/\/blogs.uninter.edu.mx\/UninterKids\/index.php\/actividades\/#breadcrumb","itemListElement":[{"@type":"ListItem","position":1,"name":"Inicio","item":"https:\/\/blogs.uninter.edu.mx\/UninterKids\/"},{"@type":"ListItem","position":2,"name":"Actividades"}]},{"@type":"WebSite","@id":"https:\/\/blogs.uninter.edu.mx\/UninterKids\/#website","url":"https:\/\/blogs.uninter.edu.mx\/UninterKids\/","name":"Uninter Kids","description":"","potentialAction":[{"@type":"SearchAction","target":{"@type":"EntryPoint","urlTemplate":"https:\/\/blogs.uninter.edu.mx\/UninterKids\/?s={search_term_string}"},"query-input":"required name=search_term_string"}],"inLanguage":"es-MX"}]}},"jetpack_sharing_enabled":true,"_links":{"self":[{"href":"https:\/\/blogs.uninter.edu.mx\/UninterKids\/index.php\/wp-json\/wp\/v2\/pages\/177","targetHints":{"allow":["GET"]}}],"collection":[{"href":"https:\/\/blogs.uninter.edu.mx\/UninterKids\/index.php\/wp-json\/wp\/v2\/pages"}],"about":[{"href":"https:\/\/blogs.uninter.edu.mx\/UninterKids\/index.php\/wp-json\/wp\/v2\/types\/page"}],"author":[{"embeddable":true,"href":"https:\/\/blogs.uninter.edu.mx\/UninterKids\/index.php\/wp-json\/wp\/v2\/users\/4"}],"replies":[{"embeddable":true,"href":"https:\/\/blogs.uninter.edu.mx\/UninterKids\/index.php\/wp-json\/wp\/v2\/comments?post=177"}],"version-history":[{"count":2,"href":"https:\/\/blogs.uninter.edu.mx\/UninterKids\/index.php\/wp-json\/wp\/v2\/pages\/177\/revisions"}],"predecessor-version":[{"id":313,"href":"https:\/\/blogs.uninter.edu.mx\/UninterKids\/index.php\/wp-json\/wp\/v2\/pages\/177\/revisions\/313"}],"wp:attachment":[{"href":"https:\/\/blogs.uninter.edu.mx\/UninterKids\/index.php\/wp-json\/wp\/v2\/media?parent=177"}],"curies":[{"name":"wp","href":"https:\/\/api.w.org\/{rel}","templated":true}]}}