{"id":318,"date":"2025-06-19T18:20:32","date_gmt":"2025-06-19T18:20:32","guid":{"rendered":"https:\/\/blogs.uninter.edu.mx\/UninterKids\/?page_id=318"},"modified":"2025-09-04T19:35:51","modified_gmt":"2025-09-04T19:35:51","slug":"quienes-somos","status":"publish","type":"page","link":"https:\/\/blogs.uninter.edu.mx\/UninterKids\/index.php\/quienes-somos\/","title":{"rendered":"Quienes somos"},"content":{"rendered":"\n<p>Es un programa multicultural con 27 a\u00f1os de prestigio que ofrece un esquema diverso e integral, para que sus ni\u00f1os\u00a0<strong>disfruten, aprendan, desarrollen habilidades, fomenten valores<\/strong>\u00a0y practiquen distintas\u00a0<strong>actividades.<\/strong><\/p>\n\n\n\n<p>Sus hijos conviven en un ambiente saludable, dentro de seguras instalaciones, jardines hermosos, c\u00f3modas aulas, alberca y \u00e1reas destinadas a la recreaci\u00f3n.<\/p>\n\n\n\n<p>Le garantizamos que UNINTER KIDS ser\u00e1 una experiencia inolvidable para sus peque\u00f1os, quienes tendr\u00e1n ganas de regresar y usted quedar\u00e1 convencido de que esta ha sido su mejor elecci\u00f3n.<\/p>\n\n\n\n<figure class=\"wp-block-image size-full is-resized\"><img loading=\"lazy\" decoding=\"async\" width=\"940\" height=\"788\" src=\"https:\/\/blogs.uninter.edu.mx\/UninterKids\/wp-content\/uploads\/2025\/09\/Diseno-sin-titulo-5.png\" alt=\"\" class=\"wp-image-398\" style=\"width:621px;height:auto\"\/><\/figure>\n","protected":false},"excerpt":{"rendered":"<p>Es un programa multicultural con 27 a\u00f1os de prestigio que ofrece un esquema diverso e integral, para que sus ni\u00f1os\u00a0disfruten, aprendan, desarrollen habilidades, fomenten valores\u00a0y practiquen distintas\u00a0actividades. Sus hijos conviven en un ambiente saludable, dentro de seguras instalaciones, jardines hermosos, c\u00f3modas aulas, alberca y \u00e1reas destinadas a la recreaci\u00f3n. Le garantizamos que UNINTER KIDS ser\u00e1&hellip;<\/p>\n","protected":false},"author":11,"featured_media":0,"parent":0,"menu_order":0,"comment_status":"closed","ping_status":"closed","template":"","meta":{"footnotes":""},"class_list":["post-318","page","type-page","status-publish","hentry"],"yoast_head":"<!-- This site is optimized with the Yoast SEO plugin v22.8 - https:\/\/yoast.com\/wordpress\/plugins\/seo\/ -->\r\n<title>Quienes somos - Uninter Kids<\/title>\r\n<meta name=\"robots\" content=\"noindex, follow, max-snippet:-1, max-image-preview:large, max-video-preview:-1\" \/>\r\n<meta property=\"og:locale\" content=\"es_MX\" \/>\r\n<meta property=\"og:type\" content=\"article\" \/>\r\n<meta property=\"og:title\" content=\"Quienes somos - Uninter Kids\" \/>\r\n<meta property=\"og:description\" content=\"Es un programa multicultural con 27 a\u00f1os de prestigio que ofrece un esquema diverso e integral, para que sus ni\u00f1os\u00a0disfruten, aprendan, desarrollen habilidades, fomenten valores\u00a0y practiquen distintas\u00a0actividades. Sus hijos conviven en un ambiente saludable, dentro de seguras instalaciones, jardines hermosos, c\u00f3modas aulas, alberca y \u00e1reas destinadas a la recreaci\u00f3n. Le garantizamos que UNINTER KIDS ser\u00e1&hellip;\" \/>\r\n<meta property=\"og:url\" content=\"https:\/\/blogs.uninter.edu.mx\/UninterKids\/index.php\/quienes-somos\/\" \/>\r\n<meta property=\"og:site_name\" content=\"Uninter Kids\" \/>\r\n<meta property=\"article:modified_time\" content=\"2025-09-04T19:35:51+00:00\" \/>\r\n<meta property=\"og:image\" content=\"https:\/\/blogs.uninter.edu.mx\/UninterKids\/wp-content\/uploads\/2025\/09\/Diseno-sin-titulo-5.png\" \/>\r\n<meta name=\"twitter:card\" content=\"summary_large_image\" \/>\r\n<meta name=\"twitter:label1\" content=\"Tiempo de lectura\" \/>\n\t<meta name=\"twitter:data1\" content=\"1 minuto\" \/>\r\n<script type=\"application\/ld+json\" class=\"yoast-schema-graph\">{\"@context\":\"https:\/\/schema.org\",\"@graph\":[{\"@type\":\"WebPage\",\"@id\":\"https:\/\/blogs.uninter.edu.mx\/UninterKids\/index.php\/quienes-somos\/\",\"url\":\"https:\/\/blogs.uninter.edu.mx\/UninterKids\/index.php\/quienes-somos\/\",\"name\":\"Quienes somos - Uninter Kids\",\"isPartOf\":{\"@id\":\"https:\/\/blogs.uninter.edu.mx\/UninterKids\/#website\"},\"primaryImageOfPage\":{\"@id\":\"https:\/\/blogs.uninter.edu.mx\/UninterKids\/index.php\/quienes-somos\/#primaryimage\"},\"image\":{\"@id\":\"https:\/\/blogs.uninter.edu.mx\/UninterKids\/index.php\/quienes-somos\/#primaryimage\"},\"thumbnailUrl\":\"https:\/\/blogs.uninter.edu.mx\/UninterKids\/wp-content\/uploads\/2025\/09\/Diseno-sin-titulo-5.png\",\"datePublished\":\"2025-06-19T18:20:32+00:00\",\"dateModified\":\"2025-09-04T19:35:51+00:00\",\"breadcrumb\":{\"@id\":\"https:\/\/blogs.uninter.edu.mx\/UninterKids\/index.php\/quienes-somos\/#breadcrumb\"},\"inLanguage\":\"es-MX\",\"potentialAction\":[{\"@type\":\"ReadAction\",\"target\":[\"https:\/\/blogs.uninter.edu.mx\/UninterKids\/index.php\/quienes-somos\/\"]}]},{\"@type\":\"ImageObject\",\"inLanguage\":\"es-MX\",\"@id\":\"https:\/\/blogs.uninter.edu.mx\/UninterKids\/index.php\/quienes-somos\/#primaryimage\",\"url\":\"https:\/\/blogs.uninter.edu.mx\/UninterKids\/wp-content\/uploads\/2025\/09\/Diseno-sin-titulo-5.png\",\"contentUrl\":\"https:\/\/blogs.uninter.edu.mx\/UninterKids\/wp-content\/uploads\/2025\/09\/Diseno-sin-titulo-5.png\",\"width\":940,\"height\":788},{\"@type\":\"BreadcrumbList\",\"@id\":\"https:\/\/blogs.uninter.edu.mx\/UninterKids\/index.php\/quienes-somos\/#breadcrumb\",\"itemListElement\":[{\"@type\":\"ListItem\",\"position\":1,\"name\":\"Inicio\",\"item\":\"https:\/\/blogs.uninter.edu.mx\/UninterKids\/\"},{\"@type\":\"ListItem\",\"position\":2,\"name\":\"Quienes somos\"}]},{\"@type\":\"WebSite\",\"@id\":\"https:\/\/blogs.uninter.edu.mx\/UninterKids\/#website\",\"url\":\"https:\/\/blogs.uninter.edu.mx\/UninterKids\/\",\"name\":\"Uninter Kids\",\"description\":\"\",\"potentialAction\":[{\"@type\":\"SearchAction\",\"target\":{\"@type\":\"EntryPoint\",\"urlTemplate\":\"https:\/\/blogs.uninter.edu.mx\/UninterKids\/?s={search_term_string}\"},\"query-input\":\"required name=search_term_string\"}],\"inLanguage\":\"es-MX\"}]}<\/script>\r\n<!-- \/ Yoast SEO plugin. -->","yoast_head_json":{"title":"Quienes somos - Uninter Kids","robots":{"index":"noindex","follow":"follow","max-snippet":"max-snippet:-1","max-image-preview":"max-image-preview:large","max-video-preview":"max-video-preview:-1"},"og_locale":"es_MX","og_type":"article","og_title":"Quienes somos - Uninter Kids","og_description":"Es un programa multicultural con 27 a\u00f1os de prestigio que ofrece un esquema diverso e integral, para que sus ni\u00f1os\u00a0disfruten, aprendan, desarrollen habilidades, fomenten valores\u00a0y practiquen distintas\u00a0actividades. Sus hijos conviven en un ambiente saludable, dentro de seguras instalaciones, jardines hermosos, c\u00f3modas aulas, alberca y \u00e1reas destinadas a la recreaci\u00f3n. Le garantizamos que UNINTER KIDS ser\u00e1&hellip;","og_url":"https:\/\/blogs.uninter.edu.mx\/UninterKids\/index.php\/quienes-somos\/","og_site_name":"Uninter Kids","article_modified_time":"2025-09-04T19:35:51+00:00","og_image":[{"url":"https:\/\/blogs.uninter.edu.mx\/UninterKids\/wp-content\/uploads\/2025\/09\/Diseno-sin-titulo-5.png"}],"twitter_card":"summary_large_image","twitter_misc":{"Tiempo de lectura":"1 minuto"},"schema":{"@context":"https:\/\/schema.org","@graph":[{"@type":"WebPage","@id":"https:\/\/blogs.uninter.edu.mx\/UninterKids\/index.php\/quienes-somos\/","url":"https:\/\/blogs.uninter.edu.mx\/UninterKids\/index.php\/quienes-somos\/","name":"Quienes somos - Uninter Kids","isPartOf":{"@id":"https:\/\/blogs.uninter.edu.mx\/UninterKids\/#website"},"primaryImageOfPage":{"@id":"https:\/\/blogs.uninter.edu.mx\/UninterKids\/index.php\/quienes-somos\/#primaryimage"},"image":{"@id":"https:\/\/blogs.uninter.edu.mx\/UninterKids\/index.php\/quienes-somos\/#primaryimage"},"thumbnailUrl":"https:\/\/blogs.uninter.edu.mx\/UninterKids\/wp-content\/uploads\/2025\/09\/Diseno-sin-titulo-5.png","datePublished":"2025-06-19T18:20:32+00:00","dateModified":"2025-09-04T19:35:51+00:00","breadcrumb":{"@id":"https:\/\/blogs.uninter.edu.mx\/UninterKids\/index.php\/quienes-somos\/#breadcrumb"},"inLanguage":"es-MX","potentialAction":[{"@type":"ReadAction","target":["https:\/\/blogs.uninter.edu.mx\/UninterKids\/index.php\/quienes-somos\/"]}]},{"@type":"ImageObject","inLanguage":"es-MX","@id":"https:\/\/blogs.uninter.edu.mx\/UninterKids\/index.php\/quienes-somos\/#primaryimage","url":"https:\/\/blogs.uninter.edu.mx\/UninterKids\/wp-content\/uploads\/2025\/09\/Diseno-sin-titulo-5.png","contentUrl":"https:\/\/blogs.uninter.edu.mx\/UninterKids\/wp-content\/uploads\/2025\/09\/Diseno-sin-titulo-5.png","width":940,"height":788},{"@type":"BreadcrumbList","@id":"https:\/\/blogs.uninter.edu.mx\/UninterKids\/index.php\/quienes-somos\/#breadcrumb","itemListElement":[{"@type":"ListItem","position":1,"name":"Inicio","item":"https:\/\/blogs.uninter.edu.mx\/UninterKids\/"},{"@type":"ListItem","position":2,"name":"Quienes somos"}]},{"@type":"WebSite","@id":"https:\/\/blogs.uninter.edu.mx\/UninterKids\/#website","url":"https:\/\/blogs.uninter.edu.mx\/UninterKids\/","name":"Uninter Kids","description":"","potentialAction":[{"@type":"SearchAction","target":{"@type":"EntryPoint","urlTemplate":"https:\/\/blogs.uninter.edu.mx\/UninterKids\/?s={search_term_string}"},"query-input":"required name=search_term_string"}],"inLanguage":"es-MX"}]}},"jetpack_sharing_enabled":true,"_links":{"self":[{"href":"https:\/\/blogs.uninter.edu.mx\/UninterKids\/index.php\/wp-json\/wp\/v2\/pages\/318","targetHints":{"allow":["GET"]}}],"collection":[{"href":"https:\/\/blogs.uninter.edu.mx\/UninterKids\/index.php\/wp-json\/wp\/v2\/pages"}],"about":[{"href":"https:\/\/blogs.uninter.edu.mx\/UninterKids\/index.php\/wp-json\/wp\/v2\/types\/page"}],"author":[{"embeddable":true,"href":"https:\/\/blogs.uninter.edu.mx\/UninterKids\/index.php\/wp-json\/wp\/v2\/users\/11"}],"replies":[{"embeddable":true,"href":"https:\/\/blogs.uninter.edu.mx\/UninterKids\/index.php\/wp-json\/wp\/v2\/comments?post=318"}],"version-history":[{"count":2,"href":"https:\/\/blogs.uninter.edu.mx\/UninterKids\/index.php\/wp-json\/wp\/v2\/pages\/318\/revisions"}],"predecessor-version":[{"id":400,"href":"https:\/\/blogs.uninter.edu.mx\/UninterKids\/index.php\/wp-json\/wp\/v2\/pages\/318\/revisions\/400"}],"wp:attachment":[{"href":"https:\/\/blogs.uninter.edu.mx\/UninterKids\/index.php\/wp-json\/wp\/v2\/media?parent=318"}],"curies":[{"name":"wp","href":"https:\/\/api.w.org\/{rel}","templated":true}]}}