{"id":221,"date":"2020-06-03T19:40:41","date_gmt":"2020-06-03T19:40:41","guid":{"rendered":"https:\/\/blogs.uninter.edu.mx\/Vinculacion\/?page_id=221"},"modified":"2020-10-08T00:36:52","modified_gmt":"2020-10-08T00:36:52","slug":"que-es-el-servicio-social","status":"publish","type":"page","link":"https:\/\/blogs.uninter.edu.mx\/Vinculacion\/index.php\/que-es-el-servicio-social\/","title":{"rendered":"Qu\u00e9 es el Servicio Social?"},"content":{"rendered":"\n<p class=\"has-drop-cap\">El Servicio Social es una oportunidad de cooperaci\u00f3n incluyente y de reciprocidad; un espacio de aprendizaje y fuente del saber; un medio de cultura y educaci\u00f3n disponible para todos, que permite el reconocimiento y fortalecimiento de conocimientos, habilidades, destrezas y actitudes; en la que se conjugan la calidad humana y profesional.&nbsp;<\/p>\n\n\n\n<div class=\"wp-block-image\"><figure class=\"alignright is-resized\"><img loading=\"lazy\" decoding=\"async\" src=\"https:\/\/blogs.uninter.edu.mx\/Vinculacion\/wp-content\/uploads\/2020\/10\/Imagen-3.png\" alt=\"\" class=\"wp-image-372\" width=\"316\" height=\"211\"\/><\/figure><\/div>\n\n\n\n<p class=\"has-text-align-justify\">Consiste en un conjunto de experiencias de aprendizaje que involucran a los estudiantes, profesores y personas de la comunidad en la soluci\u00f3n de alg\u00fan problema de orden social.&nbsp;&nbsp;<\/p>\n\n\n\n<p class=\"has-text-align-justify\">Al asociar varios grupos de personas en un mismo proceso de aprendizaje com\u00fan, todos colaborando en compartir el conocimiento y la acci\u00f3n social, el aprendizaje basado en Proyectos Sociales por su misma naturaleza, crea una comunidad de aprendizaje.&nbsp;<\/p>\n\n\n\n<p>\u00a0Esto implica un trabajo intelectual y acad\u00e9mico muy consistente de muchos actores universitarios que se debe traducir en formas de trabajo colegiadas en las instituciones educativas de nivel superior.\u00a0<\/p>\n\n\n\n<p><\/p>\n\n\n\n<div class=\"wp-block-image\"><figure class=\"aligncenter size-large\"><img loading=\"lazy\" decoding=\"async\" width=\"442\" height=\"72\" src=\"https:\/\/blogs.uninter.edu.mx\/Vinculacion\/wp-content\/uploads\/2020\/10\/Imagen-4.png\" alt=\"\" class=\"wp-image-373\" srcset=\"https:\/\/blogs.uninter.edu.mx\/Vinculacion\/wp-content\/uploads\/2020\/10\/Imagen-4.png 442w, https:\/\/blogs.uninter.edu.mx\/Vinculacion\/wp-content\/uploads\/2020\/10\/Imagen-4-300x49.png 300w\" sizes=\"auto, (max-width: 442px) 100vw, 442px\" \/><\/figure><\/div>\n\n\n\n<p class=\"has-text-align-right has-small-font-size\"><a href=\"https:\/\/blogs.uninter.edu.mx\/Vinculacion\/index.php\/category\/servicio-social\/\" target=\"_blank\" aria-label=\"undefined (abre en una nueva pesta\u00f1a)\" rel=\"noreferrer noopener\">Mas sobre Servicio Social<\/a><\/p>\n\n\n\n<p class=\"has-text-align-right has-small-font-size\"><a href=\"https:\/\/blogs.uninter.edu.mx\/Vinculacion\/\" target=\"_blank\" aria-label=\"undefined (abre en una nueva pesta\u00f1a)\" rel=\"noreferrer noopener\">Departamento de Enlace Profesional<\/a><\/p>\n","protected":false},"excerpt":{"rendered":"<p>El Servicio Social es una oportunidad de cooperaci\u00f3n incluyente y de reciprocidad; un espacio de aprendizaje y fuente del saber; un medio de cultura y educaci\u00f3n disponible para todos, que permite el reconocimiento y fortalecimiento de conocimientos, habilidades, destrezas y actitudes; en la que se conjugan la calidad humana y profesional.&nbsp; Consiste en un conjunto&hellip;<\/p>\n","protected":false},"author":9,"featured_media":0,"parent":0,"menu_order":0,"comment_status":"closed","ping_status":"closed","template":"","meta":{"footnotes":""},"class_list":["post-221","page","type-page","status-publish","hentry"],"yoast_head":"<!-- This site is optimized with the Yoast SEO plugin v26.0 - https:\/\/yoast.com\/wordpress\/plugins\/seo\/ -->\r\n<title>Qu\u00e9 es el Servicio Social? - Enlace Profesional<\/title>\r\n<meta name=\"robots\" content=\"index, follow, max-snippet:-1, max-image-preview:large, max-video-preview:-1\" \/>\r\n<link rel=\"canonical\" href=\"https:\/\/blogs.uninter.edu.mx\/Vinculacion\/index.php\/que-es-el-servicio-social\/\" \/>\r\n<meta property=\"og:locale\" content=\"es_MX\" \/>\r\n<meta property=\"og:type\" content=\"article\" \/>\r\n<meta property=\"og:title\" content=\"Qu\u00e9 es el Servicio Social? - Enlace Profesional\" \/>\r\n<meta property=\"og:description\" content=\"El Servicio Social es una oportunidad de cooperaci\u00f3n incluyente y de reciprocidad; un espacio de aprendizaje y fuente del saber; un medio de cultura y educaci\u00f3n disponible para todos, que permite el reconocimiento y fortalecimiento de conocimientos, habilidades, destrezas y actitudes; en la que se conjugan la calidad humana y profesional.&nbsp; Consiste en un conjunto&hellip;\" \/>\r\n<meta property=\"og:url\" content=\"https:\/\/blogs.uninter.edu.mx\/Vinculacion\/index.php\/que-es-el-servicio-social\/\" \/>\r\n<meta property=\"og:site_name\" content=\"Enlace Profesional\" \/>\r\n<meta property=\"article:modified_time\" content=\"2020-10-08T00:36:52+00:00\" \/>\r\n<meta property=\"og:image\" content=\"https:\/\/blogs.uninter.edu.mx\/Vinculacion\/wp-content\/uploads\/2020\/10\/Imagen-3.png\" \/>\r\n<meta name=\"twitter:card\" content=\"summary_large_image\" \/>\r\n<meta name=\"twitter:label1\" content=\"Tiempo de lectura\" \/>\n\t<meta name=\"twitter:data1\" content=\"1 minuto\" \/>\r\n<script type=\"application\/ld+json\" class=\"yoast-schema-graph\">{\"@context\":\"https:\/\/schema.org\",\"@graph\":[{\"@type\":\"WebPage\",\"@id\":\"https:\/\/blogs.uninter.edu.mx\/Vinculacion\/index.php\/que-es-el-servicio-social\/\",\"url\":\"https:\/\/blogs.uninter.edu.mx\/Vinculacion\/index.php\/que-es-el-servicio-social\/\",\"name\":\"Qu\u00e9 es el Servicio Social? - Enlace Profesional\",\"isPartOf\":{\"@id\":\"https:\/\/blogs.uninter.edu.mx\/Vinculacion\/#website\"},\"primaryImageOfPage\":{\"@id\":\"https:\/\/blogs.uninter.edu.mx\/Vinculacion\/index.php\/que-es-el-servicio-social\/#primaryimage\"},\"image\":{\"@id\":\"https:\/\/blogs.uninter.edu.mx\/Vinculacion\/index.php\/que-es-el-servicio-social\/#primaryimage\"},\"thumbnailUrl\":\"https:\/\/blogs.uninter.edu.mx\/Vinculacion\/wp-content\/uploads\/2020\/10\/Imagen-3.png\",\"datePublished\":\"2020-06-03T19:40:41+00:00\",\"dateModified\":\"2020-10-08T00:36:52+00:00\",\"breadcrumb\":{\"@id\":\"https:\/\/blogs.uninter.edu.mx\/Vinculacion\/index.php\/que-es-el-servicio-social\/#breadcrumb\"},\"inLanguage\":\"es\",\"potentialAction\":[{\"@type\":\"ReadAction\",\"target\":[\"https:\/\/blogs.uninter.edu.mx\/Vinculacion\/index.php\/que-es-el-servicio-social\/\"]}]},{\"@type\":\"ImageObject\",\"inLanguage\":\"es\",\"@id\":\"https:\/\/blogs.uninter.edu.mx\/Vinculacion\/index.php\/que-es-el-servicio-social\/#primaryimage\",\"url\":\"https:\/\/blogs.uninter.edu.mx\/Vinculacion\/wp-content\/uploads\/2020\/10\/Imagen-3.png\",\"contentUrl\":\"https:\/\/blogs.uninter.edu.mx\/Vinculacion\/wp-content\/uploads\/2020\/10\/Imagen-3.png\",\"width\":208,\"height\":139},{\"@type\":\"BreadcrumbList\",\"@id\":\"https:\/\/blogs.uninter.edu.mx\/Vinculacion\/index.php\/que-es-el-servicio-social\/#breadcrumb\",\"itemListElement\":[{\"@type\":\"ListItem\",\"position\":1,\"name\":\"Inicio\",\"item\":\"https:\/\/blogs.uninter.edu.mx\/Vinculacion\/\"},{\"@type\":\"ListItem\",\"position\":2,\"name\":\"Qu\u00e9 es el Servicio Social?\"}]},{\"@type\":\"WebSite\",\"@id\":\"https:\/\/blogs.uninter.edu.mx\/Vinculacion\/#website\",\"url\":\"https:\/\/blogs.uninter.edu.mx\/Vinculacion\/\",\"name\":\"Enlace Profesional\",\"description\":\"UNINTER\",\"publisher\":{\"@id\":\"https:\/\/blogs.uninter.edu.mx\/Vinculacion\/#organization\"},\"potentialAction\":[{\"@type\":\"SearchAction\",\"target\":{\"@type\":\"EntryPoint\",\"urlTemplate\":\"https:\/\/blogs.uninter.edu.mx\/Vinculacion\/?s={search_term_string}\"},\"query-input\":{\"@type\":\"PropertyValueSpecification\",\"valueRequired\":true,\"valueName\":\"search_term_string\"}}],\"inLanguage\":\"es\"},{\"@type\":\"Organization\",\"@id\":\"https:\/\/blogs.uninter.edu.mx\/Vinculacion\/#organization\",\"name\":\"Enlace Profesional\",\"url\":\"https:\/\/blogs.uninter.edu.mx\/Vinculacion\/\",\"logo\":{\"@type\":\"ImageObject\",\"inLanguage\":\"es\",\"@id\":\"https:\/\/blogs.uninter.edu.mx\/Vinculacion\/#\/schema\/logo\/image\/\",\"url\":\"https:\/\/blogs.uninter.edu.mx\/Vinculacion\/wp-content\/uploads\/2021\/02\/site-logo-white.svg\",\"contentUrl\":\"https:\/\/blogs.uninter.edu.mx\/Vinculacion\/wp-content\/uploads\/2021\/02\/site-logo-white.svg\",\"caption\":\"Enlace Profesional\"},\"image\":{\"@id\":\"https:\/\/blogs.uninter.edu.mx\/Vinculacion\/#\/schema\/logo\/image\/\"}}]}<\/script>\r\n<!-- \/ Yoast SEO plugin. -->","yoast_head_json":{"title":"Qu\u00e9 es el Servicio Social? - Enlace Profesional","robots":{"index":"index","follow":"follow","max-snippet":"max-snippet:-1","max-image-preview":"max-image-preview:large","max-video-preview":"max-video-preview:-1"},"canonical":"https:\/\/blogs.uninter.edu.mx\/Vinculacion\/index.php\/que-es-el-servicio-social\/","og_locale":"es_MX","og_type":"article","og_title":"Qu\u00e9 es el Servicio Social? - Enlace Profesional","og_description":"El Servicio Social es una oportunidad de cooperaci\u00f3n incluyente y de reciprocidad; un espacio de aprendizaje y fuente del saber; un medio de cultura y educaci\u00f3n disponible para todos, que permite el reconocimiento y fortalecimiento de conocimientos, habilidades, destrezas y actitudes; en la que se conjugan la calidad humana y profesional.&nbsp; Consiste en un conjunto&hellip;","og_url":"https:\/\/blogs.uninter.edu.mx\/Vinculacion\/index.php\/que-es-el-servicio-social\/","og_site_name":"Enlace Profesional","article_modified_time":"2020-10-08T00:36:52+00:00","og_image":[{"url":"https:\/\/blogs.uninter.edu.mx\/Vinculacion\/wp-content\/uploads\/2020\/10\/Imagen-3.png","type":"","width":"","height":""}],"twitter_card":"summary_large_image","twitter_misc":{"Tiempo de lectura":"1 minuto"},"schema":{"@context":"https:\/\/schema.org","@graph":[{"@type":"WebPage","@id":"https:\/\/blogs.uninter.edu.mx\/Vinculacion\/index.php\/que-es-el-servicio-social\/","url":"https:\/\/blogs.uninter.edu.mx\/Vinculacion\/index.php\/que-es-el-servicio-social\/","name":"Qu\u00e9 es el Servicio Social? - Enlace Profesional","isPartOf":{"@id":"https:\/\/blogs.uninter.edu.mx\/Vinculacion\/#website"},"primaryImageOfPage":{"@id":"https:\/\/blogs.uninter.edu.mx\/Vinculacion\/index.php\/que-es-el-servicio-social\/#primaryimage"},"image":{"@id":"https:\/\/blogs.uninter.edu.mx\/Vinculacion\/index.php\/que-es-el-servicio-social\/#primaryimage"},"thumbnailUrl":"https:\/\/blogs.uninter.edu.mx\/Vinculacion\/wp-content\/uploads\/2020\/10\/Imagen-3.png","datePublished":"2020-06-03T19:40:41+00:00","dateModified":"2020-10-08T00:36:52+00:00","breadcrumb":{"@id":"https:\/\/blogs.uninter.edu.mx\/Vinculacion\/index.php\/que-es-el-servicio-social\/#breadcrumb"},"inLanguage":"es","potentialAction":[{"@type":"ReadAction","target":["https:\/\/blogs.uninter.edu.mx\/Vinculacion\/index.php\/que-es-el-servicio-social\/"]}]},{"@type":"ImageObject","inLanguage":"es","@id":"https:\/\/blogs.uninter.edu.mx\/Vinculacion\/index.php\/que-es-el-servicio-social\/#primaryimage","url":"https:\/\/blogs.uninter.edu.mx\/Vinculacion\/wp-content\/uploads\/2020\/10\/Imagen-3.png","contentUrl":"https:\/\/blogs.uninter.edu.mx\/Vinculacion\/wp-content\/uploads\/2020\/10\/Imagen-3.png","width":208,"height":139},{"@type":"BreadcrumbList","@id":"https:\/\/blogs.uninter.edu.mx\/Vinculacion\/index.php\/que-es-el-servicio-social\/#breadcrumb","itemListElement":[{"@type":"ListItem","position":1,"name":"Inicio","item":"https:\/\/blogs.uninter.edu.mx\/Vinculacion\/"},{"@type":"ListItem","position":2,"name":"Qu\u00e9 es el Servicio Social?"}]},{"@type":"WebSite","@id":"https:\/\/blogs.uninter.edu.mx\/Vinculacion\/#website","url":"https:\/\/blogs.uninter.edu.mx\/Vinculacion\/","name":"Enlace Profesional","description":"UNINTER","publisher":{"@id":"https:\/\/blogs.uninter.edu.mx\/Vinculacion\/#organization"},"potentialAction":[{"@type":"SearchAction","target":{"@type":"EntryPoint","urlTemplate":"https:\/\/blogs.uninter.edu.mx\/Vinculacion\/?s={search_term_string}"},"query-input":{"@type":"PropertyValueSpecification","valueRequired":true,"valueName":"search_term_string"}}],"inLanguage":"es"},{"@type":"Organization","@id":"https:\/\/blogs.uninter.edu.mx\/Vinculacion\/#organization","name":"Enlace Profesional","url":"https:\/\/blogs.uninter.edu.mx\/Vinculacion\/","logo":{"@type":"ImageObject","inLanguage":"es","@id":"https:\/\/blogs.uninter.edu.mx\/Vinculacion\/#\/schema\/logo\/image\/","url":"https:\/\/blogs.uninter.edu.mx\/Vinculacion\/wp-content\/uploads\/2021\/02\/site-logo-white.svg","contentUrl":"https:\/\/blogs.uninter.edu.mx\/Vinculacion\/wp-content\/uploads\/2021\/02\/site-logo-white.svg","caption":"Enlace Profesional"},"image":{"@id":"https:\/\/blogs.uninter.edu.mx\/Vinculacion\/#\/schema\/logo\/image\/"}}]}},"jetpack_sharing_enabled":true,"_links":{"self":[{"href":"https:\/\/blogs.uninter.edu.mx\/Vinculacion\/index.php\/wp-json\/wp\/v2\/pages\/221","targetHints":{"allow":["GET"]}}],"collection":[{"href":"https:\/\/blogs.uninter.edu.mx\/Vinculacion\/index.php\/wp-json\/wp\/v2\/pages"}],"about":[{"href":"https:\/\/blogs.uninter.edu.mx\/Vinculacion\/index.php\/wp-json\/wp\/v2\/types\/page"}],"author":[{"embeddable":true,"href":"https:\/\/blogs.uninter.edu.mx\/Vinculacion\/index.php\/wp-json\/wp\/v2\/users\/9"}],"replies":[{"embeddable":true,"href":"https:\/\/blogs.uninter.edu.mx\/Vinculacion\/index.php\/wp-json\/wp\/v2\/comments?post=221"}],"version-history":[{"count":2,"href":"https:\/\/blogs.uninter.edu.mx\/Vinculacion\/index.php\/wp-json\/wp\/v2\/pages\/221\/revisions"}],"predecessor-version":[{"id":375,"href":"https:\/\/blogs.uninter.edu.mx\/Vinculacion\/index.php\/wp-json\/wp\/v2\/pages\/221\/revisions\/375"}],"wp:attachment":[{"href":"https:\/\/blogs.uninter.edu.mx\/Vinculacion\/index.php\/wp-json\/wp\/v2\/media?parent=221"}],"curies":[{"name":"wp","href":"https:\/\/api.w.org\/{rel}","templated":true}]}}