{"id":2042,"date":"2024-06-06T15:16:02","date_gmt":"2024-06-06T15:16:02","guid":{"rendered":"https:\/\/blogs.uninter.edu.mx\/deportes\/?page_id=2042"},"modified":"2025-02-26T21:07:07","modified_gmt":"2025-02-26T21:07:07","slug":"carrera-corazon-legionario","status":"publish","type":"page","link":"https:\/\/blogs.uninter.edu.mx\/deportes\/index.php\/carrera-corazon-legionario\/","title":{"rendered":"\u00bfQu\u00e9 es la carrera SIU Coraz\u00f3n Legionario?"},"content":{"rendered":"\n<figure class=\"wp-block-image size-full\"><img loading=\"lazy\" decoding=\"async\" width=\"1600\" height=\"1600\" src=\"https:\/\/blogs.uninter.edu.mx\/deportes\/wp-content\/uploads\/2025\/02\/carreraCoraonLegionario.jpeg\" alt=\"\" class=\"wp-image-2301\"\/><\/figure>\n\n\n\n<div class=\"wp-block-buttons is-content-justification-center is-layout-flex wp-container-core-buttons-is-layout-d9cd0f1e wp-block-buttons-is-layout-flex\">\n<div class=\"wp-block-button is-style-fill\"><a class=\"wp-block-button__link has-text-align-center wp-element-button\" href=\"https:\/\/uninter.edu.mx\/contactouninter\/Evento.aspx\/?u=corazonLegionario\" target=\"_blank\" rel=\"noreferrer noopener\">Reg\u00edstrate<\/a><\/div>\n<\/div>\n\n\n\n<p class=\"has-text-align-left\"><strong>PROPOSITO<\/strong><\/p>\n\n\n\n<p>Resaltar la importancia de definir y comunicar nuestra identidad en un mundo globalizado y multicultural, mostrando c\u00f3mo esto es esencial para lograr \u00e9xito e integraci\u00f3n. Esta carrera busca destacar el valor de entender qui\u00e9nes somos y c\u00f3mo deseamos ser percibidos en un entorno diverso. Se extiende una invitaci\u00f3n a toda la comunidad para participar en este evento como un espacio de aprendizaje y colaboraci\u00f3n, fomentando as\u00ed la adaptabilidad y el desarrollo de habilidades interculturales, el fomento de la salud y la cultura del deporte.<\/p>\n\n\n\n<p class=\"has-medium-font-size\"><strong>HORARIO<\/strong><\/p>\n\n\n\n<ul class=\"wp-block-list\">\n<li>Cierre de calles 7:30 am<\/li>\n\n\n\n<li>Calentamiento general por los organizadores 7:40 am<\/li>\n\n\n\n<li>Acercamiento al inicio 7:55 am<\/li>\n\n\n\n<li>Inicio de carrera 8:00 am<\/li>\n<\/ul>\n\n\n\n<p class=\"has-medium-font-size\"><strong>CONTACTO<\/strong><\/p>\n\n\n\n<p>Cualquier duda o aclaraci\u00f3n llamar al coordinador de deportes de la universidad internacional UNINTER: <strong>LEF EMMANUEL MONTES DE OCA HERRERA 7351897619<\/strong><\/p>\n\n\n\n<div class=\"wp-block-columns are-vertically-aligned-center is-layout-flex wp-container-core-columns-is-layout-9d6595d7 wp-block-columns-is-layout-flex\">\n<div class=\"wp-block-column is-vertically-aligned-center is-layout-flow wp-block-column-is-layout-flow\" style=\"flex-basis:100%\">\n<div class=\"wp-block-buttons is-content-justification-center is-layout-flex wp-container-core-buttons-is-layout-16018d1d wp-block-buttons-is-layout-flex\">\n<div class=\"wp-block-button\"><a class=\"wp-block-button__link wp-element-button\" href=\"https:\/\/blogs.uninter.edu.mx\/deportes\/index.php\/recorrido\/\" target=\"_blank\" rel=\"noreferrer noopener\">Recorrido<\/a><\/div>\n\n\n\n<div class=\"wp-block-button\"><a class=\"wp-block-button__link wp-element-button\" href=\"https:\/\/blogs.uninter.edu.mx\/deportes\/index.php\/premios\/\" target=\"_blank\" rel=\"noreferrer noopener\">Premios<\/a><\/div>\n\n\n\n<div class=\"wp-block-button\"><a class=\"wp-block-button__link wp-element-button\" href=\"https:\/\/blogs.uninter.edu.mx\/deportes\/index.php\/precios\/\" target=\"_blank\" rel=\"noreferrer noopener\">Precios<\/a><\/div>\n\n\n\n<div class=\"wp-block-button\"><a class=\"wp-block-button__link wp-element-button\" href=\"https:\/\/blogs.uninter.edu.mx\/deportes\/index.php\/categorias-competencia\/\" target=\"_blank\" rel=\"noreferrer noopener\">Categor\u00edas<\/a><\/div>\n\n\n\n<div class=\"wp-block-button\"><a class=\"wp-block-button__link wp-element-button\" href=\"https:\/\/blogs.uninter.edu.mx\/deportes\/index.php\/tallas\/\" target=\"_blank\" rel=\"noreferrer noopener\">Tallas<\/a><\/div>\n<\/div>\n<\/div>\n<\/div>\n","protected":false},"excerpt":{"rendered":"<p>PROPOSITO Resaltar la importancia de definir y comunicar nuestra identidad en un mundo globalizado y multicultural, mostrando c\u00f3mo esto es esencial para lograr \u00e9xito e integraci\u00f3n. Esta carrera busca destacar el valor de entender qui\u00e9nes somos y c\u00f3mo deseamos ser percibidos en un entorno diverso. Se extiende una invitaci\u00f3n a toda la comunidad para participar&hellip;<\/p>\n","protected":false},"author":5,"featured_media":0,"parent":0,"menu_order":0,"comment_status":"closed","ping_status":"closed","template":"","meta":{"jetpack_post_was_ever_published":false,"footnotes":""},"class_list":["post-2042","page","type-page","status-publish","hentry"],"yoast_head":"<!-- This site is optimized with the Yoast SEO plugin v26.0 - https:\/\/yoast.com\/wordpress\/plugins\/seo\/ -->\r\n<title>\u00bfQu\u00e9 es la carrera SIU Coraz\u00f3n Legionario? - Deportes UNINTER<\/title>\r\n<meta name=\"description\" content=\"La Carrera por la Inclusi\u00f3n UNINTER 2024 es m\u00e1s que un evento deportivo; es nuestra forma de mostrar compromiso con la igualdad y la inclusi\u00f3n\" \/>\r\n<meta name=\"robots\" content=\"index, follow, max-snippet:-1, max-image-preview:large, max-video-preview:-1\" \/>\r\n<link rel=\"canonical\" href=\"https:\/\/blogs.uninter.edu.mx\/deportes\/index.php\/carrera-corazon-legionario\/\" \/>\r\n<meta property=\"og:locale\" content=\"es_MX\" \/>\r\n<meta property=\"og:type\" content=\"article\" \/>\r\n<meta property=\"og:title\" content=\"\u00bfQu\u00e9 es la carrera SIU Coraz\u00f3n Legionario? - Deportes UNINTER\" \/>\r\n<meta property=\"og:description\" content=\"La Carrera por la Inclusi\u00f3n UNINTER 2024 es m\u00e1s que un evento deportivo; es nuestra forma de mostrar compromiso con la igualdad y la inclusi\u00f3n\" \/>\r\n<meta property=\"og:url\" content=\"https:\/\/blogs.uninter.edu.mx\/deportes\/index.php\/carrera-corazon-legionario\/\" \/>\r\n<meta property=\"og:site_name\" content=\"Deportes UNINTER\" \/>\r\n<meta property=\"article:modified_time\" content=\"2025-02-26T21:07:07+00:00\" \/>\r\n<meta property=\"og:image\" content=\"https:\/\/blogs.uninter.edu.mx\/deportes\/wp-content\/uploads\/2025\/02\/carreraCoraonLegionario.jpeg\" \/>\r\n<meta name=\"twitter:card\" content=\"summary_large_image\" \/>\r\n<meta name=\"twitter:label1\" content=\"Tiempo de lectura\" \/>\n\t<meta name=\"twitter:data1\" content=\"1 minuto\" \/>\r\n<script type=\"application\/ld+json\" class=\"yoast-schema-graph\">{\"@context\":\"https:\/\/schema.org\",\"@graph\":[{\"@type\":\"WebPage\",\"@id\":\"https:\/\/blogs.uninter.edu.mx\/deportes\/index.php\/carrera-corazon-legionario\/\",\"url\":\"https:\/\/blogs.uninter.edu.mx\/deportes\/index.php\/carrera-corazon-legionario\/\",\"name\":\"\u00bfQu\u00e9 es la carrera SIU Coraz\u00f3n Legionario? - Deportes UNINTER\",\"isPartOf\":{\"@id\":\"https:\/\/blogs.uninter.edu.mx\/deportes\/#website\"},\"primaryImageOfPage\":{\"@id\":\"https:\/\/blogs.uninter.edu.mx\/deportes\/index.php\/carrera-corazon-legionario\/#primaryimage\"},\"image\":{\"@id\":\"https:\/\/blogs.uninter.edu.mx\/deportes\/index.php\/carrera-corazon-legionario\/#primaryimage\"},\"thumbnailUrl\":\"https:\/\/blogs.uninter.edu.mx\/deportes\/wp-content\/uploads\/2025\/02\/carreraCoraonLegionario.jpeg\",\"datePublished\":\"2024-06-06T15:16:02+00:00\",\"dateModified\":\"2025-02-26T21:07:07+00:00\",\"description\":\"La Carrera por la Inclusi\u00f3n UNINTER 2024 es m\u00e1s que un evento deportivo; es nuestra forma de mostrar compromiso con la igualdad y la inclusi\u00f3n\",\"breadcrumb\":{\"@id\":\"https:\/\/blogs.uninter.edu.mx\/deportes\/index.php\/carrera-corazon-legionario\/#breadcrumb\"},\"inLanguage\":\"es\",\"potentialAction\":[{\"@type\":\"ReadAction\",\"target\":[\"https:\/\/blogs.uninter.edu.mx\/deportes\/index.php\/carrera-corazon-legionario\/\"]}]},{\"@type\":\"ImageObject\",\"inLanguage\":\"es\",\"@id\":\"https:\/\/blogs.uninter.edu.mx\/deportes\/index.php\/carrera-corazon-legionario\/#primaryimage\",\"url\":\"https:\/\/blogs.uninter.edu.mx\/deportes\/wp-content\/uploads\/2025\/02\/carreraCoraonLegionario.jpeg\",\"contentUrl\":\"https:\/\/blogs.uninter.edu.mx\/deportes\/wp-content\/uploads\/2025\/02\/carreraCoraonLegionario.jpeg\",\"width\":1600,\"height\":1600},{\"@type\":\"BreadcrumbList\",\"@id\":\"https:\/\/blogs.uninter.edu.mx\/deportes\/index.php\/carrera-corazon-legionario\/#breadcrumb\",\"itemListElement\":[{\"@type\":\"ListItem\",\"position\":1,\"name\":\"Inicio\",\"item\":\"https:\/\/blogs.uninter.edu.mx\/deportes\/\"},{\"@type\":\"ListItem\",\"position\":2,\"name\":\"\u00bfQu\u00e9 es la carrera SIU Coraz\u00f3n Legionario?\"}]},{\"@type\":\"WebSite\",\"@id\":\"https:\/\/blogs.uninter.edu.mx\/deportes\/#website\",\"url\":\"https:\/\/blogs.uninter.edu.mx\/deportes\/\",\"name\":\"Deportes UNINTER\",\"description\":\"\",\"potentialAction\":[{\"@type\":\"SearchAction\",\"target\":{\"@type\":\"EntryPoint\",\"urlTemplate\":\"https:\/\/blogs.uninter.edu.mx\/deportes\/?s={search_term_string}\"},\"query-input\":{\"@type\":\"PropertyValueSpecification\",\"valueRequired\":true,\"valueName\":\"search_term_string\"}}],\"inLanguage\":\"es\"}]}<\/script>\r\n<!-- \/ Yoast SEO plugin. -->","yoast_head_json":{"title":"\u00bfQu\u00e9 es la carrera SIU Coraz\u00f3n Legionario? - Deportes UNINTER","description":"La Carrera por la Inclusi\u00f3n UNINTER 2024 es m\u00e1s que un evento deportivo; es nuestra forma de mostrar compromiso con la igualdad y la inclusi\u00f3n","robots":{"index":"index","follow":"follow","max-snippet":"max-snippet:-1","max-image-preview":"max-image-preview:large","max-video-preview":"max-video-preview:-1"},"canonical":"https:\/\/blogs.uninter.edu.mx\/deportes\/index.php\/carrera-corazon-legionario\/","og_locale":"es_MX","og_type":"article","og_title":"\u00bfQu\u00e9 es la carrera SIU Coraz\u00f3n Legionario? - Deportes UNINTER","og_description":"La Carrera por la Inclusi\u00f3n UNINTER 2024 es m\u00e1s que un evento deportivo; es nuestra forma de mostrar compromiso con la igualdad y la inclusi\u00f3n","og_url":"https:\/\/blogs.uninter.edu.mx\/deportes\/index.php\/carrera-corazon-legionario\/","og_site_name":"Deportes UNINTER","article_modified_time":"2025-02-26T21:07:07+00:00","og_image":[{"url":"https:\/\/blogs.uninter.edu.mx\/deportes\/wp-content\/uploads\/2025\/02\/carreraCoraonLegionario.jpeg","type":"","width":"","height":""}],"twitter_card":"summary_large_image","twitter_misc":{"Tiempo de lectura":"1 minuto"},"schema":{"@context":"https:\/\/schema.org","@graph":[{"@type":"WebPage","@id":"https:\/\/blogs.uninter.edu.mx\/deportes\/index.php\/carrera-corazon-legionario\/","url":"https:\/\/blogs.uninter.edu.mx\/deportes\/index.php\/carrera-corazon-legionario\/","name":"\u00bfQu\u00e9 es la carrera SIU Coraz\u00f3n Legionario? - Deportes UNINTER","isPartOf":{"@id":"https:\/\/blogs.uninter.edu.mx\/deportes\/#website"},"primaryImageOfPage":{"@id":"https:\/\/blogs.uninter.edu.mx\/deportes\/index.php\/carrera-corazon-legionario\/#primaryimage"},"image":{"@id":"https:\/\/blogs.uninter.edu.mx\/deportes\/index.php\/carrera-corazon-legionario\/#primaryimage"},"thumbnailUrl":"https:\/\/blogs.uninter.edu.mx\/deportes\/wp-content\/uploads\/2025\/02\/carreraCoraonLegionario.jpeg","datePublished":"2024-06-06T15:16:02+00:00","dateModified":"2025-02-26T21:07:07+00:00","description":"La Carrera por la Inclusi\u00f3n UNINTER 2024 es m\u00e1s que un evento deportivo; es nuestra forma de mostrar compromiso con la igualdad y la inclusi\u00f3n","breadcrumb":{"@id":"https:\/\/blogs.uninter.edu.mx\/deportes\/index.php\/carrera-corazon-legionario\/#breadcrumb"},"inLanguage":"es","potentialAction":[{"@type":"ReadAction","target":["https:\/\/blogs.uninter.edu.mx\/deportes\/index.php\/carrera-corazon-legionario\/"]}]},{"@type":"ImageObject","inLanguage":"es","@id":"https:\/\/blogs.uninter.edu.mx\/deportes\/index.php\/carrera-corazon-legionario\/#primaryimage","url":"https:\/\/blogs.uninter.edu.mx\/deportes\/wp-content\/uploads\/2025\/02\/carreraCoraonLegionario.jpeg","contentUrl":"https:\/\/blogs.uninter.edu.mx\/deportes\/wp-content\/uploads\/2025\/02\/carreraCoraonLegionario.jpeg","width":1600,"height":1600},{"@type":"BreadcrumbList","@id":"https:\/\/blogs.uninter.edu.mx\/deportes\/index.php\/carrera-corazon-legionario\/#breadcrumb","itemListElement":[{"@type":"ListItem","position":1,"name":"Inicio","item":"https:\/\/blogs.uninter.edu.mx\/deportes\/"},{"@type":"ListItem","position":2,"name":"\u00bfQu\u00e9 es la carrera SIU Coraz\u00f3n Legionario?"}]},{"@type":"WebSite","@id":"https:\/\/blogs.uninter.edu.mx\/deportes\/#website","url":"https:\/\/blogs.uninter.edu.mx\/deportes\/","name":"Deportes UNINTER","description":"","potentialAction":[{"@type":"SearchAction","target":{"@type":"EntryPoint","urlTemplate":"https:\/\/blogs.uninter.edu.mx\/deportes\/?s={search_term_string}"},"query-input":{"@type":"PropertyValueSpecification","valueRequired":true,"valueName":"search_term_string"}}],"inLanguage":"es"}]}},"jetpack_sharing_enabled":true,"jetpack_likes_enabled":true,"_links":{"self":[{"href":"https:\/\/blogs.uninter.edu.mx\/deportes\/index.php\/wp-json\/wp\/v2\/pages\/2042","targetHints":{"allow":["GET"]}}],"collection":[{"href":"https:\/\/blogs.uninter.edu.mx\/deportes\/index.php\/wp-json\/wp\/v2\/pages"}],"about":[{"href":"https:\/\/blogs.uninter.edu.mx\/deportes\/index.php\/wp-json\/wp\/v2\/types\/page"}],"author":[{"embeddable":true,"href":"https:\/\/blogs.uninter.edu.mx\/deportes\/index.php\/wp-json\/wp\/v2\/users\/5"}],"replies":[{"embeddable":true,"href":"https:\/\/blogs.uninter.edu.mx\/deportes\/index.php\/wp-json\/wp\/v2\/comments?post=2042"}],"version-history":[{"count":18,"href":"https:\/\/blogs.uninter.edu.mx\/deportes\/index.php\/wp-json\/wp\/v2\/pages\/2042\/revisions"}],"predecessor-version":[{"id":2314,"href":"https:\/\/blogs.uninter.edu.mx\/deportes\/index.php\/wp-json\/wp\/v2\/pages\/2042\/revisions\/2314"}],"wp:attachment":[{"href":"https:\/\/blogs.uninter.edu.mx\/deportes\/index.php\/wp-json\/wp\/v2\/media?parent=2042"}],"curies":[{"name":"wp","href":"https:\/\/api.w.org\/{rel}","templated":true}]}}