{"id":2043,"date":"2024-06-06T15:16:03","date_gmt":"2024-06-06T15:16:03","guid":{"rendered":"https:\/\/blogs.uninter.edu.mx\/deportes\/?page_id=2043"},"modified":"2024-12-28T19:38:50","modified_gmt":"2024-12-28T19:38:50","slug":"recorrido","status":"publish","type":"page","link":"https:\/\/blogs.uninter.edu.mx\/deportes\/index.php\/recorrido\/","title":{"rendered":"Recorrido"},"content":{"rendered":"\n<p class=\"has-medium-font-size\"><strong>Inicio<\/strong><\/p>\n\n\n\n<p><strong>\u00a0<\/strong>Secundaria Internacional Uninter SIU, Edificio 20 de Uninter, Abraham Zepeda 30, Tlaltenango, 62170 Cuernavaca, Mor.<\/p>\n\n\n\n<p><strong>2DO:<\/strong> C. Ajusco 100, Rancho Cortes, 62120 Cuernavaca, Mor.<\/p>\n\n\n\n<p><strong>3ER: <\/strong>Cerritos 818, Rancho Cortes, 62140 Cuernavaca, Mor.<\/p>\n\n\n\n<p><strong>4TO<\/strong>: CHULE snacks &amp; drinks, dentro de suites zapata, Av. Emiliano Zapata 613, Tlaltenango, 62170 Cuernavaca, Mor.<\/p>\n\n\n\n<p><strong>5TO<\/strong>: San Jer\u00f3nimo 601-597, Tlaltenango, 62170 Cuernavaca, Mor.<strong><\/strong><\/p>\n\n\n\n<p><strong>6TO:<\/strong> Calz. de Los Reyes 358, Tlaltenango, 62170 Cuernavaca, Mor.<strong><\/strong><\/p>\n\n\n\n<p><strong>7MO: <\/strong>Secundaria Internacional Uninter SIU, Edificio 20 de Uninter, Abraham Zepeda 30, Tlaltenango, 62170 Cuernavaca, Mor.<\/p>\n\n\n\n<p><\/p>\n\n\n\n<p><strong>Primer punto de hidrataci\u00f3n<\/strong><\/p>\n\n\n\n<p>GLORIETA DE TLALTENANGO<\/p>\n\n\n\n<p><strong>Segundo punto de hidrataci\u00f3n<\/strong><\/p>\n\n\n\n<p>BIU UNINTER<\/p>\n\n\n\n<p><strong>Meta<\/strong><\/p>\n\n\n\n<p>SIU UNINTER<\/p>\n\n\n\n<figure class=\"wp-block-image size-full\"><img loading=\"lazy\" decoding=\"async\" width=\"953\" height=\"1321\" src=\"https:\/\/blogs.uninter.edu.mx\/deportes\/wp-content\/uploads\/2024\/12\/image-2.png\" alt=\"\" class=\"wp-image-2271\"\/><\/figure>\n\n\n\n<div class=\"wp-block-buttons is-content-justification-center is-layout-flex wp-container-core-buttons-is-layout-d9cd0f1e wp-block-buttons-is-layout-flex\">\n<div class=\"wp-block-button is-style-fill\"><a class=\"wp-block-button__link has-text-align-center wp-element-button\" href=\"https:\/\/uninter.edu.mx\/contactouninter\/Evento.aspx\/?u=corazonLegionario\" target=\"_blank\" rel=\"noreferrer noopener\">Reg\u00edstrate<\/a><\/div>\n<\/div>\n\n\n\n<p><\/p>\n\n\n\n<p class=\"has-text-align-center\"><strong>FECHA LIMITE DE REGISTRO:\u00a0VIERNES 24 DE ENERO \u00a0<\/strong><\/p>\n\n\n\n<p><\/p>\n","protected":false},"excerpt":{"rendered":"<p>Inicio \u00a0Secundaria Internacional Uninter SIU, Edificio 20 de Uninter, Abraham Zepeda 30, Tlaltenango, 62170 Cuernavaca, Mor. 2DO: C. Ajusco 100, Rancho Cortes, 62120 Cuernavaca, Mor. 3ER: Cerritos 818, Rancho Cortes, 62140 Cuernavaca, Mor. 4TO: CHULE snacks &amp; drinks, dentro de suites zapata, Av. Emiliano Zapata 613, Tlaltenango, 62170 Cuernavaca, Mor. 5TO: San Jer\u00f3nimo 601-597, Tlaltenango,&hellip;<\/p>\n","protected":false},"author":5,"featured_media":0,"parent":0,"menu_order":0,"comment_status":"closed","ping_status":"closed","template":"","meta":{"jetpack_post_was_ever_published":false,"footnotes":""},"class_list":["post-2043","page","type-page","status-publish","hentry"],"yoast_head":"<!-- This site is optimized with the Yoast SEO plugin v26.0 - https:\/\/yoast.com\/wordpress\/plugins\/seo\/ -->\r\n<title>Recorrido - Deportes UNINTER<\/title>\r\n<meta name=\"description\" content=\"-Inicio: UNINTER edificio principal (san jer\u00f3nimo 304)-Primer punto de hidrataci\u00f3n: BIU (sigue san jer\u00f3nimo hasta Av. Universidad)\" \/>\r\n<meta name=\"robots\" content=\"index, follow, max-snippet:-1, max-image-preview:large, max-video-preview:-1\" \/>\r\n<link rel=\"canonical\" href=\"https:\/\/blogs.uninter.edu.mx\/deportes\/index.php\/recorrido\/\" \/>\r\n<meta property=\"og:locale\" content=\"es_MX\" \/>\r\n<meta property=\"og:type\" content=\"article\" \/>\r\n<meta property=\"og:title\" content=\"Recorrido - Deportes UNINTER\" \/>\r\n<meta property=\"og:description\" content=\"-Inicio: UNINTER edificio principal (san jer\u00f3nimo 304)-Primer punto de hidrataci\u00f3n: BIU (sigue san jer\u00f3nimo hasta Av. Universidad)\" \/>\r\n<meta property=\"og:url\" content=\"https:\/\/blogs.uninter.edu.mx\/deportes\/index.php\/recorrido\/\" \/>\r\n<meta property=\"og:site_name\" content=\"Deportes UNINTER\" \/>\r\n<meta property=\"article:modified_time\" content=\"2024-12-28T19:38:50+00:00\" \/>\r\n<meta property=\"og:image\" content=\"https:\/\/blogs.uninter.edu.mx\/deportes\/wp-content\/uploads\/2024\/12\/image-2.png\" \/>\r\n<meta name=\"twitter:card\" content=\"summary_large_image\" \/>\r\n<meta name=\"twitter:label1\" content=\"Tiempo de lectura\" \/>\n\t<meta name=\"twitter:data1\" content=\"1 minuto\" \/>\r\n<script type=\"application\/ld+json\" class=\"yoast-schema-graph\">{\"@context\":\"https:\/\/schema.org\",\"@graph\":[{\"@type\":\"WebPage\",\"@id\":\"https:\/\/blogs.uninter.edu.mx\/deportes\/index.php\/recorrido\/\",\"url\":\"https:\/\/blogs.uninter.edu.mx\/deportes\/index.php\/recorrido\/\",\"name\":\"Recorrido - Deportes UNINTER\",\"isPartOf\":{\"@id\":\"https:\/\/blogs.uninter.edu.mx\/deportes\/#website\"},\"primaryImageOfPage\":{\"@id\":\"https:\/\/blogs.uninter.edu.mx\/deportes\/index.php\/recorrido\/#primaryimage\"},\"image\":{\"@id\":\"https:\/\/blogs.uninter.edu.mx\/deportes\/index.php\/recorrido\/#primaryimage\"},\"thumbnailUrl\":\"https:\/\/blogs.uninter.edu.mx\/deportes\/wp-content\/uploads\/2024\/12\/image-2.png\",\"datePublished\":\"2024-06-06T15:16:03+00:00\",\"dateModified\":\"2024-12-28T19:38:50+00:00\",\"description\":\"-Inicio: UNINTER edificio principal (san jer\u00f3nimo 304)-Primer punto de hidrataci\u00f3n: BIU (sigue san jer\u00f3nimo hasta Av. Universidad)\",\"breadcrumb\":{\"@id\":\"https:\/\/blogs.uninter.edu.mx\/deportes\/index.php\/recorrido\/#breadcrumb\"},\"inLanguage\":\"es\",\"potentialAction\":[{\"@type\":\"ReadAction\",\"target\":[\"https:\/\/blogs.uninter.edu.mx\/deportes\/index.php\/recorrido\/\"]}]},{\"@type\":\"ImageObject\",\"inLanguage\":\"es\",\"@id\":\"https:\/\/blogs.uninter.edu.mx\/deportes\/index.php\/recorrido\/#primaryimage\",\"url\":\"https:\/\/blogs.uninter.edu.mx\/deportes\/wp-content\/uploads\/2024\/12\/image-2.png\",\"contentUrl\":\"https:\/\/blogs.uninter.edu.mx\/deportes\/wp-content\/uploads\/2024\/12\/image-2.png\",\"width\":953,\"height\":1321},{\"@type\":\"BreadcrumbList\",\"@id\":\"https:\/\/blogs.uninter.edu.mx\/deportes\/index.php\/recorrido\/#breadcrumb\",\"itemListElement\":[{\"@type\":\"ListItem\",\"position\":1,\"name\":\"Inicio\",\"item\":\"https:\/\/blogs.uninter.edu.mx\/deportes\/\"},{\"@type\":\"ListItem\",\"position\":2,\"name\":\"Recorrido\"}]},{\"@type\":\"WebSite\",\"@id\":\"https:\/\/blogs.uninter.edu.mx\/deportes\/#website\",\"url\":\"https:\/\/blogs.uninter.edu.mx\/deportes\/\",\"name\":\"Deportes UNINTER\",\"description\":\"\",\"potentialAction\":[{\"@type\":\"SearchAction\",\"target\":{\"@type\":\"EntryPoint\",\"urlTemplate\":\"https:\/\/blogs.uninter.edu.mx\/deportes\/?s={search_term_string}\"},\"query-input\":{\"@type\":\"PropertyValueSpecification\",\"valueRequired\":true,\"valueName\":\"search_term_string\"}}],\"inLanguage\":\"es\"}]}<\/script>\r\n<!-- \/ Yoast SEO plugin. -->","yoast_head_json":{"title":"Recorrido - Deportes UNINTER","description":"-Inicio: UNINTER edificio principal (san jer\u00f3nimo 304)-Primer punto de hidrataci\u00f3n: BIU (sigue san jer\u00f3nimo hasta Av. Universidad)","robots":{"index":"index","follow":"follow","max-snippet":"max-snippet:-1","max-image-preview":"max-image-preview:large","max-video-preview":"max-video-preview:-1"},"canonical":"https:\/\/blogs.uninter.edu.mx\/deportes\/index.php\/recorrido\/","og_locale":"es_MX","og_type":"article","og_title":"Recorrido - Deportes UNINTER","og_description":"-Inicio: UNINTER edificio principal (san jer\u00f3nimo 304)-Primer punto de hidrataci\u00f3n: BIU (sigue san jer\u00f3nimo hasta Av. Universidad)","og_url":"https:\/\/blogs.uninter.edu.mx\/deportes\/index.php\/recorrido\/","og_site_name":"Deportes UNINTER","article_modified_time":"2024-12-28T19:38:50+00:00","og_image":[{"url":"https:\/\/blogs.uninter.edu.mx\/deportes\/wp-content\/uploads\/2024\/12\/image-2.png","type":"","width":"","height":""}],"twitter_card":"summary_large_image","twitter_misc":{"Tiempo de lectura":"1 minuto"},"schema":{"@context":"https:\/\/schema.org","@graph":[{"@type":"WebPage","@id":"https:\/\/blogs.uninter.edu.mx\/deportes\/index.php\/recorrido\/","url":"https:\/\/blogs.uninter.edu.mx\/deportes\/index.php\/recorrido\/","name":"Recorrido - Deportes UNINTER","isPartOf":{"@id":"https:\/\/blogs.uninter.edu.mx\/deportes\/#website"},"primaryImageOfPage":{"@id":"https:\/\/blogs.uninter.edu.mx\/deportes\/index.php\/recorrido\/#primaryimage"},"image":{"@id":"https:\/\/blogs.uninter.edu.mx\/deportes\/index.php\/recorrido\/#primaryimage"},"thumbnailUrl":"https:\/\/blogs.uninter.edu.mx\/deportes\/wp-content\/uploads\/2024\/12\/image-2.png","datePublished":"2024-06-06T15:16:03+00:00","dateModified":"2024-12-28T19:38:50+00:00","description":"-Inicio: UNINTER edificio principal (san jer\u00f3nimo 304)-Primer punto de hidrataci\u00f3n: BIU (sigue san jer\u00f3nimo hasta Av. Universidad)","breadcrumb":{"@id":"https:\/\/blogs.uninter.edu.mx\/deportes\/index.php\/recorrido\/#breadcrumb"},"inLanguage":"es","potentialAction":[{"@type":"ReadAction","target":["https:\/\/blogs.uninter.edu.mx\/deportes\/index.php\/recorrido\/"]}]},{"@type":"ImageObject","inLanguage":"es","@id":"https:\/\/blogs.uninter.edu.mx\/deportes\/index.php\/recorrido\/#primaryimage","url":"https:\/\/blogs.uninter.edu.mx\/deportes\/wp-content\/uploads\/2024\/12\/image-2.png","contentUrl":"https:\/\/blogs.uninter.edu.mx\/deportes\/wp-content\/uploads\/2024\/12\/image-2.png","width":953,"height":1321},{"@type":"BreadcrumbList","@id":"https:\/\/blogs.uninter.edu.mx\/deportes\/index.php\/recorrido\/#breadcrumb","itemListElement":[{"@type":"ListItem","position":1,"name":"Inicio","item":"https:\/\/blogs.uninter.edu.mx\/deportes\/"},{"@type":"ListItem","position":2,"name":"Recorrido"}]},{"@type":"WebSite","@id":"https:\/\/blogs.uninter.edu.mx\/deportes\/#website","url":"https:\/\/blogs.uninter.edu.mx\/deportes\/","name":"Deportes UNINTER","description":"","potentialAction":[{"@type":"SearchAction","target":{"@type":"EntryPoint","urlTemplate":"https:\/\/blogs.uninter.edu.mx\/deportes\/?s={search_term_string}"},"query-input":{"@type":"PropertyValueSpecification","valueRequired":true,"valueName":"search_term_string"}}],"inLanguage":"es"}]}},"jetpack_sharing_enabled":true,"jetpack_likes_enabled":true,"_links":{"self":[{"href":"https:\/\/blogs.uninter.edu.mx\/deportes\/index.php\/wp-json\/wp\/v2\/pages\/2043","targetHints":{"allow":["GET"]}}],"collection":[{"href":"https:\/\/blogs.uninter.edu.mx\/deportes\/index.php\/wp-json\/wp\/v2\/pages"}],"about":[{"href":"https:\/\/blogs.uninter.edu.mx\/deportes\/index.php\/wp-json\/wp\/v2\/types\/page"}],"author":[{"embeddable":true,"href":"https:\/\/blogs.uninter.edu.mx\/deportes\/index.php\/wp-json\/wp\/v2\/users\/5"}],"replies":[{"embeddable":true,"href":"https:\/\/blogs.uninter.edu.mx\/deportes\/index.php\/wp-json\/wp\/v2\/comments?post=2043"}],"version-history":[{"count":8,"href":"https:\/\/blogs.uninter.edu.mx\/deportes\/index.php\/wp-json\/wp\/v2\/pages\/2043\/revisions"}],"predecessor-version":[{"id":2272,"href":"https:\/\/blogs.uninter.edu.mx\/deportes\/index.php\/wp-json\/wp\/v2\/pages\/2043\/revisions\/2272"}],"wp:attachment":[{"href":"https:\/\/blogs.uninter.edu.mx\/deportes\/index.php\/wp-json\/wp\/v2\/media?parent=2043"}],"curies":[{"name":"wp","href":"https:\/\/api.w.org\/{rel}","templated":true}]}}