{"id":2082,"date":"2024-06-12T15:05:57","date_gmt":"2024-06-12T15:05:57","guid":{"rendered":"https:\/\/blogs.uninter.edu.mx\/deportes\/?page_id=2082"},"modified":"2025-02-26T21:05:49","modified_gmt":"2025-02-26T21:05:49","slug":"precios","status":"publish","type":"page","link":"https:\/\/blogs.uninter.edu.mx\/deportes\/index.php\/precios\/","title":{"rendered":"Precios"},"content":{"rendered":"\n<p class=\"has-text-align-center has-large-font-size\"><strong>COSTO: $330<\/strong><\/p>\n\n\n\n<p class=\"has-text-align-center has-large-font-size\"><strong> por persona<\/strong><\/p>\n\n\n\n<div class=\"wp-block-buttons is-content-justification-center is-layout-flex wp-container-core-buttons-is-layout-d9cd0f1e wp-block-buttons-is-layout-flex\">\n<div class=\"wp-block-button is-style-fill\"><a class=\"wp-block-button__link has-text-align-center wp-element-button\" href=\"https:\/\/uninter.edu.mx\/contactouninter\/Evento.aspx\/?u=corazonLegionario\" target=\"_blank\" rel=\"noreferrer noopener\">Reg\u00edstrate<\/a><\/div>\n<\/div>\n\n\n\n<p><\/p>\n\n\n\n<p>&#8211; Quienes gusten hacer su pago por <strong><u>transferencia<\/u><\/strong> poner su nombre completo, categor\u00eda y talla en el <strong><u>CONCEPTO<\/u><\/strong><\/p>\n\n\n\n<p><\/p>\n\n\n\n<p>&#8211; Quienes gusten hacer su pago por <strong><u>deposito<\/u><\/strong> poner su nombre completo categor\u00eda y talla en el <strong><u>tiket<\/u><\/strong><\/p>\n\n\n\n<p><\/p>\n\n\n\n<p><strong><u>EJEMPLO<\/u><\/strong>: Fernanda Diaz, ESTUDIANTE LIC. FEMENIL, talla G<\/p>\n\n\n\n<p><\/p>\n\n\n\n<p><strong><u>EJEMPLO<\/u><\/strong> 2: Gael Villegas, LIBRE VARONIL, talla M&nbsp;<\/p>\n\n\n\n<p><\/p>\n\n\n\n<p><strong>SERVICIOS EXTRA: <\/strong>Estacionamiento, ba\u00f1os, enfermer\u00eda, pet friendly.<\/p>\n\n\n\n<p><\/p>\n\n\n\n<p class=\"has-text-align-center has-medium-font-size\"><strong>KIT: <\/strong><\/p>\n\n\n\n<p class=\"has-text-align-center has-medium-font-size\">&#8211;<strong>Playera <\/strong><\/p>\n\n\n\n<p class=\"has-text-align-center has-medium-font-size\"><strong>-Conmemorativa<\/strong><\/p>\n\n\n\n<p class=\"has-text-align-center has-medium-font-size\">&#8211; <strong>Medalla<\/strong><\/p>\n\n\n\n<p class=\"has-text-align-center has-medium-font-size\">&#8211; <strong>Numero de <\/strong><\/p>\n\n\n\n<p class=\"has-text-align-center has-medium-font-size\"><strong>&#8211; Corredor con <\/strong><\/p>\n\n\n\n<p class=\"has-text-align-center has-medium-font-size\"><strong>4 seguritos<\/strong><\/p>\n\n\n\n<p class=\"has-text-align-center has-medium-font-size\">&#8211; <strong>Hidrataci\u00f3n y<\/strong><\/p>\n\n\n\n<p class=\"has-text-align-center has-medium-font-size\"><strong> fruta<\/strong><\/p>\n\n\n\n<p><\/p>\n\n\n\n<p class=\"has-text-align-center has-medium-font-size\"><strong>ENTREGA DE KIT: s\u00e1bado 01 de Marzo en las instalaciones de UNIVERSIDAD INTERNACIONAL UNINTER San Jer\u00f3nimo 304, San Jer\u00f3nimo, 62179 Cuernavaca, Mor. de 11:00 am a 1:00 pm<\/strong><\/p>\n\n\n\n<figure class=\"wp-block-image size-full is-resized\"><img loading=\"lazy\" decoding=\"async\" src=\"https:\/\/blogs.uninter.edu.mx\/deportes\/wp-content\/uploads\/2024\/06\/Historia-de-Instagram-datos-de-pago-moderno-rosa-morado-blanco.png\" alt=\"\" class=\"wp-image-2101\" width=\"840\" height=\"1493\"\/><\/figure>\n","protected":false},"excerpt":{"rendered":"<p>COSTO: $330 por persona &#8211; Quienes gusten hacer su pago por transferencia poner su nombre completo, categor\u00eda y talla en el CONCEPTO &#8211; Quienes gusten hacer su pago por deposito poner su nombre completo categor\u00eda y talla en el tiket EJEMPLO: Fernanda Diaz, ESTUDIANTE LIC. FEMENIL, talla G EJEMPLO 2: Gael Villegas, LIBRE VARONIL, talla&hellip;<\/p>\n","protected":false},"author":5,"featured_media":0,"parent":0,"menu_order":0,"comment_status":"closed","ping_status":"closed","template":"","meta":{"jetpack_post_was_ever_published":false,"footnotes":""},"class_list":["post-2082","page","type-page","status-publish","hentry"],"yoast_head":"<!-- This site is optimized with the Yoast SEO plugin v26.0 - https:\/\/yoast.com\/wordpress\/plugins\/seo\/ -->\r\n<title>Precios - Deportes UNINTER<\/title>\r\n<meta name=\"description\" content=\"COSTO: $280 por persona- Quienes gusten hacer su pago por transferencia poner su nombre completo, categor\u00eda y talla en el CONCEPTO\" \/>\r\n<meta name=\"robots\" content=\"index, follow, max-snippet:-1, max-image-preview:large, max-video-preview:-1\" \/>\r\n<link rel=\"canonical\" href=\"https:\/\/blogs.uninter.edu.mx\/deportes\/index.php\/precios\/\" \/>\r\n<meta property=\"og:locale\" content=\"es_MX\" \/>\r\n<meta property=\"og:type\" content=\"article\" \/>\r\n<meta property=\"og:title\" content=\"Precios - Deportes UNINTER\" \/>\r\n<meta property=\"og:description\" content=\"COSTO: $280 por persona- Quienes gusten hacer su pago por transferencia poner su nombre completo, categor\u00eda y talla en el CONCEPTO\" \/>\r\n<meta property=\"og:url\" content=\"https:\/\/blogs.uninter.edu.mx\/deportes\/index.php\/precios\/\" \/>\r\n<meta property=\"og:site_name\" content=\"Deportes UNINTER\" \/>\r\n<meta property=\"article:modified_time\" content=\"2025-02-26T21:05:49+00:00\" \/>\r\n<meta property=\"og:image\" content=\"https:\/\/blogs.uninter.edu.mx\/deportes\/wp-content\/uploads\/2024\/06\/Historia-de-Instagram-datos-de-pago-moderno-rosa-morado-blanco.png\" \/>\r\n<meta name=\"twitter:card\" content=\"summary_large_image\" \/>\r\n<meta name=\"twitter:label1\" content=\"Tiempo de lectura\" \/>\n\t<meta name=\"twitter:data1\" content=\"1 minuto\" \/>\r\n<script type=\"application\/ld+json\" class=\"yoast-schema-graph\">{\"@context\":\"https:\/\/schema.org\",\"@graph\":[{\"@type\":\"WebPage\",\"@id\":\"https:\/\/blogs.uninter.edu.mx\/deportes\/index.php\/precios\/\",\"url\":\"https:\/\/blogs.uninter.edu.mx\/deportes\/index.php\/precios\/\",\"name\":\"Precios - Deportes UNINTER\",\"isPartOf\":{\"@id\":\"https:\/\/blogs.uninter.edu.mx\/deportes\/#website\"},\"primaryImageOfPage\":{\"@id\":\"https:\/\/blogs.uninter.edu.mx\/deportes\/index.php\/precios\/#primaryimage\"},\"image\":{\"@id\":\"https:\/\/blogs.uninter.edu.mx\/deportes\/index.php\/precios\/#primaryimage\"},\"thumbnailUrl\":\"https:\/\/blogs.uninter.edu.mx\/deportes\/wp-content\/uploads\/2024\/06\/Historia-de-Instagram-datos-de-pago-moderno-rosa-morado-blanco.png\",\"datePublished\":\"2024-06-12T15:05:57+00:00\",\"dateModified\":\"2025-02-26T21:05:49+00:00\",\"description\":\"COSTO: $280 por persona- Quienes gusten hacer su pago por transferencia poner su nombre completo, categor\u00eda y talla en el CONCEPTO\",\"breadcrumb\":{\"@id\":\"https:\/\/blogs.uninter.edu.mx\/deportes\/index.php\/precios\/#breadcrumb\"},\"inLanguage\":\"es\",\"potentialAction\":[{\"@type\":\"ReadAction\",\"target\":[\"https:\/\/blogs.uninter.edu.mx\/deportes\/index.php\/precios\/\"]}]},{\"@type\":\"ImageObject\",\"inLanguage\":\"es\",\"@id\":\"https:\/\/blogs.uninter.edu.mx\/deportes\/index.php\/precios\/#primaryimage\",\"url\":\"https:\/\/blogs.uninter.edu.mx\/deportes\/wp-content\/uploads\/2024\/06\/Historia-de-Instagram-datos-de-pago-moderno-rosa-morado-blanco.png\",\"contentUrl\":\"https:\/\/blogs.uninter.edu.mx\/deportes\/wp-content\/uploads\/2024\/06\/Historia-de-Instagram-datos-de-pago-moderno-rosa-morado-blanco.png\",\"width\":1080,\"height\":1920},{\"@type\":\"BreadcrumbList\",\"@id\":\"https:\/\/blogs.uninter.edu.mx\/deportes\/index.php\/precios\/#breadcrumb\",\"itemListElement\":[{\"@type\":\"ListItem\",\"position\":1,\"name\":\"Inicio\",\"item\":\"https:\/\/blogs.uninter.edu.mx\/deportes\/\"},{\"@type\":\"ListItem\",\"position\":2,\"name\":\"Precios\"}]},{\"@type\":\"WebSite\",\"@id\":\"https:\/\/blogs.uninter.edu.mx\/deportes\/#website\",\"url\":\"https:\/\/blogs.uninter.edu.mx\/deportes\/\",\"name\":\"Deportes UNINTER\",\"description\":\"\",\"potentialAction\":[{\"@type\":\"SearchAction\",\"target\":{\"@type\":\"EntryPoint\",\"urlTemplate\":\"https:\/\/blogs.uninter.edu.mx\/deportes\/?s={search_term_string}\"},\"query-input\":{\"@type\":\"PropertyValueSpecification\",\"valueRequired\":true,\"valueName\":\"search_term_string\"}}],\"inLanguage\":\"es\"}]}<\/script>\r\n<!-- \/ Yoast SEO plugin. -->","yoast_head_json":{"title":"Precios - Deportes UNINTER","description":"COSTO: $280 por persona- Quienes gusten hacer su pago por transferencia poner su nombre completo, categor\u00eda y talla en el CONCEPTO","robots":{"index":"index","follow":"follow","max-snippet":"max-snippet:-1","max-image-preview":"max-image-preview:large","max-video-preview":"max-video-preview:-1"},"canonical":"https:\/\/blogs.uninter.edu.mx\/deportes\/index.php\/precios\/","og_locale":"es_MX","og_type":"article","og_title":"Precios - Deportes UNINTER","og_description":"COSTO: $280 por persona- Quienes gusten hacer su pago por transferencia poner su nombre completo, categor\u00eda y talla en el CONCEPTO","og_url":"https:\/\/blogs.uninter.edu.mx\/deportes\/index.php\/precios\/","og_site_name":"Deportes UNINTER","article_modified_time":"2025-02-26T21:05:49+00:00","og_image":[{"url":"https:\/\/blogs.uninter.edu.mx\/deportes\/wp-content\/uploads\/2024\/06\/Historia-de-Instagram-datos-de-pago-moderno-rosa-morado-blanco.png","type":"","width":"","height":""}],"twitter_card":"summary_large_image","twitter_misc":{"Tiempo de lectura":"1 minuto"},"schema":{"@context":"https:\/\/schema.org","@graph":[{"@type":"WebPage","@id":"https:\/\/blogs.uninter.edu.mx\/deportes\/index.php\/precios\/","url":"https:\/\/blogs.uninter.edu.mx\/deportes\/index.php\/precios\/","name":"Precios - Deportes UNINTER","isPartOf":{"@id":"https:\/\/blogs.uninter.edu.mx\/deportes\/#website"},"primaryImageOfPage":{"@id":"https:\/\/blogs.uninter.edu.mx\/deportes\/index.php\/precios\/#primaryimage"},"image":{"@id":"https:\/\/blogs.uninter.edu.mx\/deportes\/index.php\/precios\/#primaryimage"},"thumbnailUrl":"https:\/\/blogs.uninter.edu.mx\/deportes\/wp-content\/uploads\/2024\/06\/Historia-de-Instagram-datos-de-pago-moderno-rosa-morado-blanco.png","datePublished":"2024-06-12T15:05:57+00:00","dateModified":"2025-02-26T21:05:49+00:00","description":"COSTO: $280 por persona- Quienes gusten hacer su pago por transferencia poner su nombre completo, categor\u00eda y talla en el CONCEPTO","breadcrumb":{"@id":"https:\/\/blogs.uninter.edu.mx\/deportes\/index.php\/precios\/#breadcrumb"},"inLanguage":"es","potentialAction":[{"@type":"ReadAction","target":["https:\/\/blogs.uninter.edu.mx\/deportes\/index.php\/precios\/"]}]},{"@type":"ImageObject","inLanguage":"es","@id":"https:\/\/blogs.uninter.edu.mx\/deportes\/index.php\/precios\/#primaryimage","url":"https:\/\/blogs.uninter.edu.mx\/deportes\/wp-content\/uploads\/2024\/06\/Historia-de-Instagram-datos-de-pago-moderno-rosa-morado-blanco.png","contentUrl":"https:\/\/blogs.uninter.edu.mx\/deportes\/wp-content\/uploads\/2024\/06\/Historia-de-Instagram-datos-de-pago-moderno-rosa-morado-blanco.png","width":1080,"height":1920},{"@type":"BreadcrumbList","@id":"https:\/\/blogs.uninter.edu.mx\/deportes\/index.php\/precios\/#breadcrumb","itemListElement":[{"@type":"ListItem","position":1,"name":"Inicio","item":"https:\/\/blogs.uninter.edu.mx\/deportes\/"},{"@type":"ListItem","position":2,"name":"Precios"}]},{"@type":"WebSite","@id":"https:\/\/blogs.uninter.edu.mx\/deportes\/#website","url":"https:\/\/blogs.uninter.edu.mx\/deportes\/","name":"Deportes UNINTER","description":"","potentialAction":[{"@type":"SearchAction","target":{"@type":"EntryPoint","urlTemplate":"https:\/\/blogs.uninter.edu.mx\/deportes\/?s={search_term_string}"},"query-input":{"@type":"PropertyValueSpecification","valueRequired":true,"valueName":"search_term_string"}}],"inLanguage":"es"}]}},"jetpack_sharing_enabled":true,"jetpack_likes_enabled":true,"_links":{"self":[{"href":"https:\/\/blogs.uninter.edu.mx\/deportes\/index.php\/wp-json\/wp\/v2\/pages\/2082","targetHints":{"allow":["GET"]}}],"collection":[{"href":"https:\/\/blogs.uninter.edu.mx\/deportes\/index.php\/wp-json\/wp\/v2\/pages"}],"about":[{"href":"https:\/\/blogs.uninter.edu.mx\/deportes\/index.php\/wp-json\/wp\/v2\/types\/page"}],"author":[{"embeddable":true,"href":"https:\/\/blogs.uninter.edu.mx\/deportes\/index.php\/wp-json\/wp\/v2\/users\/5"}],"replies":[{"embeddable":true,"href":"https:\/\/blogs.uninter.edu.mx\/deportes\/index.php\/wp-json\/wp\/v2\/comments?post=2082"}],"version-history":[{"count":16,"href":"https:\/\/blogs.uninter.edu.mx\/deportes\/index.php\/wp-json\/wp\/v2\/pages\/2082\/revisions"}],"predecessor-version":[{"id":2311,"href":"https:\/\/blogs.uninter.edu.mx\/deportes\/index.php\/wp-json\/wp\/v2\/pages\/2082\/revisions\/2311"}],"wp:attachment":[{"href":"https:\/\/blogs.uninter.edu.mx\/deportes\/index.php\/wp-json\/wp\/v2\/media?parent=2082"}],"curies":[{"name":"wp","href":"https:\/\/api.w.org\/{rel}","templated":true}]}}