{"id":11783,"date":"2025-10-23T21:45:32","date_gmt":"2025-10-23T21:45:32","guid":{"rendered":"https:\/\/blogs.uninter.edu.mx\/ehli\/?page_id=11783"},"modified":"2025-10-23T22:00:37","modified_gmt":"2025-10-23T22:00:37","slug":"uninterlingua-2025","status":"publish","type":"page","link":"https:\/\/blogs.uninter.edu.mx\/ehli\/index.php\/uninterlingua-2025\/","title":{"rendered":"Uninterlingua 2025"},"content":{"rendered":"\n<p><\/p>\n\n\n\n<figure class=\"wp-block-image size-full\"><img loading=\"lazy\" decoding=\"async\" width=\"850\" height=\"315\" src=\"https:\/\/blogs.uninter.edu.mx\/ehli\/wp-content\/uploads\/2025\/10\/Banner.jpeg\" alt=\"\" class=\"wp-image-11787\"\/><\/figure>\n\n\n\n<p>El lunes 27 y martes 28 de octubre del 2025, se lleva a cabo el congreso Uninterlingua 2025, con muy destacados ponentes. El tema principal es &#8220;Humanismo, \u00c9tica e Inteligencia Artificial&#8221;, y se celebra en el Hotel Racquet Club. A continuaci\u00f3n algunos de los ponentes m\u00e1s destacados:<\/p>\n\n\n\n<figure class=\"wp-block-image size-full\"><img loading=\"lazy\" decoding=\"async\" width=\"940\" height=\"788\" src=\"https:\/\/blogs.uninter.edu.mx\/ehli\/wp-content\/uploads\/2025\/10\/11.png\" alt=\"\" class=\"wp-image-11797\"\/><\/figure>\n\n\n\n<figure class=\"wp-block-image size-full\"><img loading=\"lazy\" decoding=\"async\" width=\"940\" height=\"788\" src=\"https:\/\/blogs.uninter.edu.mx\/ehli\/wp-content\/uploads\/2025\/10\/1-7.png\" alt=\"\" class=\"wp-image-11788\"\/><\/figure>\n\n\n\n<figure class=\"wp-block-image size-full\"><img loading=\"lazy\" decoding=\"async\" width=\"940\" height=\"788\" src=\"https:\/\/blogs.uninter.edu.mx\/ehli\/wp-content\/uploads\/2025\/10\/2-9.png\" alt=\"\" class=\"wp-image-11789\"\/><\/figure>\n\n\n\n<p>No te pierdas este gran evento.<\/p>\n","protected":false},"excerpt":{"rendered":"<p>El lunes 27 y martes 28 de octubre del 2025, se lleva a cabo el congreso Uninterlingua 2025, con muy destacados ponentes. El tema principal es &#8220;Humanismo, \u00c9tica e Inteligencia Artificial&#8221;, y se celebra en el Hotel Racquet Club. A continuaci\u00f3n algunos de los ponentes m\u00e1s destacados: No te pierdas este gran evento.<\/p>\n","protected":false},"author":18,"featured_media":0,"parent":0,"menu_order":0,"comment_status":"closed","ping_status":"closed","template":"","meta":{"rop_custom_images_group":[],"rop_custom_messages_group":[],"rop_publish_now":"initial","rop_publish_now_accounts":[],"rop_publish_now_history":[],"rop_publish_now_status":"pending","footnotes":""},"class_list":["post-11783","page","type-page","status-publish","hentry"],"yoast_head":"<!-- This site is optimized with the Yoast SEO plugin v26.7 - https:\/\/yoast.com\/wordpress\/plugins\/seo\/ -->\r\n<title>Uninterlingua 2025 - EHLI<\/title>\r\n<meta name=\"robots\" content=\"index, follow, max-snippet:-1, max-image-preview:large, max-video-preview:-1\" \/>\r\n<link rel=\"canonical\" href=\"https:\/\/blogs.uninter.edu.mx\/ehli\/index.php\/uninterlingua-2025\/\" \/>\r\n<meta property=\"og:locale\" content=\"es_MX\" \/>\r\n<meta property=\"og:type\" content=\"article\" \/>\r\n<meta property=\"og:title\" content=\"Uninterlingua 2025 - EHLI\" \/>\r\n<meta property=\"og:description\" content=\"El lunes 27 y martes 28 de octubre del 2025, se lleva a cabo el congreso Uninterlingua 2025, con muy destacados ponentes. El tema principal es &#8220;Humanismo, \u00c9tica e Inteligencia Artificial&#8221;, y se celebra en el Hotel Racquet Club. A continuaci\u00f3n algunos de los ponentes m\u00e1s destacados: No te pierdas este gran evento.\" \/>\r\n<meta property=\"og:url\" content=\"https:\/\/blogs.uninter.edu.mx\/ehli\/index.php\/uninterlingua-2025\/\" \/>\r\n<meta property=\"og:site_name\" content=\"EHLI\" \/>\r\n<meta property=\"article:modified_time\" content=\"2025-10-23T22:00:37+00:00\" \/>\r\n<meta property=\"og:image\" content=\"https:\/\/blogs.uninter.edu.mx\/ehli\/wp-content\/uploads\/2025\/10\/Banner.jpeg\" \/>\r\n\t<meta property=\"og:image:width\" content=\"850\" \/>\r\n\t<meta property=\"og:image:height\" content=\"315\" \/>\r\n\t<meta property=\"og:image:type\" content=\"image\/jpeg\" \/>\r\n<meta name=\"twitter:card\" content=\"summary_large_image\" \/>\r\n<meta name=\"twitter:label1\" content=\"Tiempo de lectura\" \/>\n\t<meta name=\"twitter:data1\" content=\"2 minutos\" \/>\r\n<script type=\"application\/ld+json\" class=\"yoast-schema-graph\">{\"@context\":\"https:\/\/schema.org\",\"@graph\":[{\"@type\":\"WebPage\",\"@id\":\"https:\/\/blogs.uninter.edu.mx\/ehli\/index.php\/uninterlingua-2025\/\",\"url\":\"https:\/\/blogs.uninter.edu.mx\/ehli\/index.php\/uninterlingua-2025\/\",\"name\":\"Uninterlingua 2025 - EHLI\",\"isPartOf\":{\"@id\":\"https:\/\/blogs.uninter.edu.mx\/ehli\/#website\"},\"primaryImageOfPage\":{\"@id\":\"https:\/\/blogs.uninter.edu.mx\/ehli\/index.php\/uninterlingua-2025\/#primaryimage\"},\"image\":{\"@id\":\"https:\/\/blogs.uninter.edu.mx\/ehli\/index.php\/uninterlingua-2025\/#primaryimage\"},\"thumbnailUrl\":\"https:\/\/blogs.uninter.edu.mx\/ehli\/wp-content\/uploads\/2025\/10\/Banner.jpeg\",\"datePublished\":\"2025-10-23T21:45:32+00:00\",\"dateModified\":\"2025-10-23T22:00:37+00:00\",\"breadcrumb\":{\"@id\":\"https:\/\/blogs.uninter.edu.mx\/ehli\/index.php\/uninterlingua-2025\/#breadcrumb\"},\"inLanguage\":\"es\",\"potentialAction\":[{\"@type\":\"ReadAction\",\"target\":[\"https:\/\/blogs.uninter.edu.mx\/ehli\/index.php\/uninterlingua-2025\/\"]}]},{\"@type\":\"ImageObject\",\"inLanguage\":\"es\",\"@id\":\"https:\/\/blogs.uninter.edu.mx\/ehli\/index.php\/uninterlingua-2025\/#primaryimage\",\"url\":\"https:\/\/blogs.uninter.edu.mx\/ehli\/wp-content\/uploads\/2025\/10\/Banner.jpeg\",\"contentUrl\":\"https:\/\/blogs.uninter.edu.mx\/ehli\/wp-content\/uploads\/2025\/10\/Banner.jpeg\",\"width\":850,\"height\":315},{\"@type\":\"BreadcrumbList\",\"@id\":\"https:\/\/blogs.uninter.edu.mx\/ehli\/index.php\/uninterlingua-2025\/#breadcrumb\",\"itemListElement\":[{\"@type\":\"ListItem\",\"position\":1,\"name\":\"Inicio\",\"item\":\"https:\/\/blogs.uninter.edu.mx\/ehli\/\"},{\"@type\":\"ListItem\",\"position\":2,\"name\":\"Uninterlingua 2025\"}]},{\"@type\":\"WebSite\",\"@id\":\"https:\/\/blogs.uninter.edu.mx\/ehli\/#website\",\"url\":\"https:\/\/blogs.uninter.edu.mx\/ehli\/\",\"name\":\"EHLI\",\"description\":\"UNINTER\",\"potentialAction\":[{\"@type\":\"SearchAction\",\"target\":{\"@type\":\"EntryPoint\",\"urlTemplate\":\"https:\/\/blogs.uninter.edu.mx\/ehli\/?s={search_term_string}\"},\"query-input\":{\"@type\":\"PropertyValueSpecification\",\"valueRequired\":true,\"valueName\":\"search_term_string\"}}],\"inLanguage\":\"es\"}]}<\/script>\r\n<!-- \/ Yoast SEO plugin. -->","yoast_head_json":{"title":"Uninterlingua 2025 - EHLI","robots":{"index":"index","follow":"follow","max-snippet":"max-snippet:-1","max-image-preview":"max-image-preview:large","max-video-preview":"max-video-preview:-1"},"canonical":"https:\/\/blogs.uninter.edu.mx\/ehli\/index.php\/uninterlingua-2025\/","og_locale":"es_MX","og_type":"article","og_title":"Uninterlingua 2025 - EHLI","og_description":"El lunes 27 y martes 28 de octubre del 2025, se lleva a cabo el congreso Uninterlingua 2025, con muy destacados ponentes. El tema principal es &#8220;Humanismo, \u00c9tica e Inteligencia Artificial&#8221;, y se celebra en el Hotel Racquet Club. A continuaci\u00f3n algunos de los ponentes m\u00e1s destacados: No te pierdas este gran evento.","og_url":"https:\/\/blogs.uninter.edu.mx\/ehli\/index.php\/uninterlingua-2025\/","og_site_name":"EHLI","article_modified_time":"2025-10-23T22:00:37+00:00","og_image":[{"width":850,"height":315,"url":"https:\/\/blogs.uninter.edu.mx\/ehli\/wp-content\/uploads\/2025\/10\/Banner.jpeg","type":"image\/jpeg"}],"twitter_card":"summary_large_image","twitter_misc":{"Tiempo de lectura":"2 minutos"},"schema":{"@context":"https:\/\/schema.org","@graph":[{"@type":"WebPage","@id":"https:\/\/blogs.uninter.edu.mx\/ehli\/index.php\/uninterlingua-2025\/","url":"https:\/\/blogs.uninter.edu.mx\/ehli\/index.php\/uninterlingua-2025\/","name":"Uninterlingua 2025 - EHLI","isPartOf":{"@id":"https:\/\/blogs.uninter.edu.mx\/ehli\/#website"},"primaryImageOfPage":{"@id":"https:\/\/blogs.uninter.edu.mx\/ehli\/index.php\/uninterlingua-2025\/#primaryimage"},"image":{"@id":"https:\/\/blogs.uninter.edu.mx\/ehli\/index.php\/uninterlingua-2025\/#primaryimage"},"thumbnailUrl":"https:\/\/blogs.uninter.edu.mx\/ehli\/wp-content\/uploads\/2025\/10\/Banner.jpeg","datePublished":"2025-10-23T21:45:32+00:00","dateModified":"2025-10-23T22:00:37+00:00","breadcrumb":{"@id":"https:\/\/blogs.uninter.edu.mx\/ehli\/index.php\/uninterlingua-2025\/#breadcrumb"},"inLanguage":"es","potentialAction":[{"@type":"ReadAction","target":["https:\/\/blogs.uninter.edu.mx\/ehli\/index.php\/uninterlingua-2025\/"]}]},{"@type":"ImageObject","inLanguage":"es","@id":"https:\/\/blogs.uninter.edu.mx\/ehli\/index.php\/uninterlingua-2025\/#primaryimage","url":"https:\/\/blogs.uninter.edu.mx\/ehli\/wp-content\/uploads\/2025\/10\/Banner.jpeg","contentUrl":"https:\/\/blogs.uninter.edu.mx\/ehli\/wp-content\/uploads\/2025\/10\/Banner.jpeg","width":850,"height":315},{"@type":"BreadcrumbList","@id":"https:\/\/blogs.uninter.edu.mx\/ehli\/index.php\/uninterlingua-2025\/#breadcrumb","itemListElement":[{"@type":"ListItem","position":1,"name":"Inicio","item":"https:\/\/blogs.uninter.edu.mx\/ehli\/"},{"@type":"ListItem","position":2,"name":"Uninterlingua 2025"}]},{"@type":"WebSite","@id":"https:\/\/blogs.uninter.edu.mx\/ehli\/#website","url":"https:\/\/blogs.uninter.edu.mx\/ehli\/","name":"EHLI","description":"UNINTER","potentialAction":[{"@type":"SearchAction","target":{"@type":"EntryPoint","urlTemplate":"https:\/\/blogs.uninter.edu.mx\/ehli\/?s={search_term_string}"},"query-input":{"@type":"PropertyValueSpecification","valueRequired":true,"valueName":"search_term_string"}}],"inLanguage":"es"}]}},"jetpack_sharing_enabled":true,"_links":{"self":[{"href":"https:\/\/blogs.uninter.edu.mx\/ehli\/index.php\/wp-json\/wp\/v2\/pages\/11783","targetHints":{"allow":["GET"]}}],"collection":[{"href":"https:\/\/blogs.uninter.edu.mx\/ehli\/index.php\/wp-json\/wp\/v2\/pages"}],"about":[{"href":"https:\/\/blogs.uninter.edu.mx\/ehli\/index.php\/wp-json\/wp\/v2\/types\/page"}],"author":[{"embeddable":true,"href":"https:\/\/blogs.uninter.edu.mx\/ehli\/index.php\/wp-json\/wp\/v2\/users\/18"}],"replies":[{"embeddable":true,"href":"https:\/\/blogs.uninter.edu.mx\/ehli\/index.php\/wp-json\/wp\/v2\/comments?post=11783"}],"version-history":[{"count":2,"href":"https:\/\/blogs.uninter.edu.mx\/ehli\/index.php\/wp-json\/wp\/v2\/pages\/11783\/revisions"}],"predecessor-version":[{"id":11801,"href":"https:\/\/blogs.uninter.edu.mx\/ehli\/index.php\/wp-json\/wp\/v2\/pages\/11783\/revisions\/11801"}],"wp:attachment":[{"href":"https:\/\/blogs.uninter.edu.mx\/ehli\/index.php\/wp-json\/wp\/v2\/media?parent=11783"}],"curies":[{"name":"wp","href":"https:\/\/api.w.org\/{rel}","templated":true}]}}