{"id":4846,"date":"2020-11-24T18:14:04","date_gmt":"2020-11-24T18:14:04","guid":{"rendered":"https:\/\/blogs.uninter.edu.mx\/ehli\/?page_id=4846"},"modified":"2020-12-15T16:55:15","modified_gmt":"2020-12-15T16:55:15","slug":"nuestros-directores","status":"publish","type":"page","link":"https:\/\/blogs.uninter.edu.mx\/ehli\/index.php\/nuestros-directores\/","title":{"rendered":"Nuestros Directores"},"content":{"rendered":"\n<p style=\"font-size:21px\"><strong>Escuela de Humanidades, Lengua e Internacionalizaci\u00f3n. <\/strong><\/p>\n\n\n\n<figure class=\"wp-block-gallery columns-1 is-cropped wp-block-gallery-1 is-layout-flex wp-block-gallery-is-layout-flex\"><ul class=\"blocks-gallery-grid\"><li class=\"blocks-gallery-item\"><figure><img loading=\"lazy\" decoding=\"async\" width=\"1024\" height=\"768\" src=\"https:\/\/blogs.uninter.edu.mx\/ehli\/wp-content\/uploads\/2020\/12\/\u00c1LVARO-VERGARA.jpg\" alt=\"\" data-id=\"4929\" data-full-url=\"https:\/\/blogs.uninter.edu.mx\/ehli\/wp-content\/uploads\/2020\/12\/\u00c1LVARO-VERGARA.jpg\" data-link=\"https:\/\/blogs.uninter.edu.mx\/ehli\/index.php\/nuestros-directores\/alvaro-vergara-2\/#main\" class=\"wp-image-4929\" srcset=\"https:\/\/blogs.uninter.edu.mx\/ehli\/wp-content\/uploads\/2020\/12\/\u00c1LVARO-VERGARA.jpg 1024w, https:\/\/blogs.uninter.edu.mx\/ehli\/wp-content\/uploads\/2020\/12\/\u00c1LVARO-VERGARA-300x225.jpg 300w, https:\/\/blogs.uninter.edu.mx\/ehli\/wp-content\/uploads\/2020\/12\/\u00c1LVARO-VERGARA-768x576.jpg 768w\" sizes=\"auto, (max-width: 1024px) 100vw, 1024px\" \/><\/figure><\/li><\/ul><\/figure>\n\n\n\n<p style=\"font-size:22px\"><strong>Departamento de Letras<\/strong>, <strong>DC de LID<\/strong>.<\/p>\n\n\n\n<figure class=\"wp-block-gallery columns-1 is-cropped wp-block-gallery-2 is-layout-flex wp-block-gallery-is-layout-flex\"><ul class=\"blocks-gallery-grid\"><li class=\"blocks-gallery-item\"><figure><img loading=\"lazy\" decoding=\"async\" width=\"1024\" height=\"768\" src=\"https:\/\/blogs.uninter.edu.mx\/ehli\/wp-content\/uploads\/2020\/12\/Maria-del-Rocio.png\" alt=\"\" data-id=\"4930\" data-full-url=\"https:\/\/blogs.uninter.edu.mx\/ehli\/wp-content\/uploads\/2020\/12\/Maria-del-Rocio.png\" data-link=\"https:\/\/blogs.uninter.edu.mx\/ehli\/index.php\/nuestros-directores\/maria-del-rocio\/#main\" class=\"wp-image-4930\" srcset=\"https:\/\/blogs.uninter.edu.mx\/ehli\/wp-content\/uploads\/2020\/12\/Maria-del-Rocio.png 1024w, https:\/\/blogs.uninter.edu.mx\/ehli\/wp-content\/uploads\/2020\/12\/Maria-del-Rocio-300x225.png 300w, https:\/\/blogs.uninter.edu.mx\/ehli\/wp-content\/uploads\/2020\/12\/Maria-del-Rocio-768x576.png 768w\" sizes=\"auto, (max-width: 1024px) 100vw, 1024px\" \/><\/figure><\/li><\/ul><\/figure>\n\n\n\n<p style=\"font-size:22px\"><strong>Departamento de Relaciones Internacionales<\/strong>, <strong>LRI, RICP Y RIEC<\/strong>.<\/p>\n\n\n\n<figure class=\"wp-block-image size-large is-resized\"><img loading=\"lazy\" decoding=\"async\" src=\"https:\/\/blogs.uninter.edu.mx\/ehli\/wp-content\/uploads\/2020\/12\/Adriana-Gutierrez.png\" alt=\"\" class=\"wp-image-4931\" width=\"698\" height=\"524\" srcset=\"https:\/\/blogs.uninter.edu.mx\/ehli\/wp-content\/uploads\/2020\/12\/Adriana-Gutierrez.png 1024w, https:\/\/blogs.uninter.edu.mx\/ehli\/wp-content\/uploads\/2020\/12\/Adriana-Gutierrez-300x225.png 300w, https:\/\/blogs.uninter.edu.mx\/ehli\/wp-content\/uploads\/2020\/12\/Adriana-Gutierrez-768x576.png 768w\" sizes=\"auto, (max-width: 698px) 100vw, 698px\" \/><\/figure>\n\n\n\n<p style=\"font-size:22px\"><strong>Departamento de Psicolog\u00eda, DC. LPO y LPS.<\/strong><\/p>\n\n\n\n<figure class=\"wp-block-gallery columns-1 is-cropped wp-block-gallery-3 is-layout-flex wp-block-gallery-is-layout-flex\"><ul class=\"blocks-gallery-grid\"><li class=\"blocks-gallery-item\"><figure><img loading=\"lazy\" decoding=\"async\" width=\"1024\" height=\"768\" src=\"https:\/\/blogs.uninter.edu.mx\/ehli\/wp-content\/uploads\/2020\/12\/Mariana-Ayushi-Hern\u00e1ndez-Ibarra.png\" alt=\"\" data-id=\"4933\" data-full-url=\"https:\/\/blogs.uninter.edu.mx\/ehli\/wp-content\/uploads\/2020\/12\/Mariana-Ayushi-Hern\u00e1ndez-Ibarra.png\" data-link=\"https:\/\/blogs.uninter.edu.mx\/ehli\/index.php\/nuestros-directores\/mariana-ayushi-hernandez-ibarra\/#main\" class=\"wp-image-4933\" srcset=\"https:\/\/blogs.uninter.edu.mx\/ehli\/wp-content\/uploads\/2020\/12\/Mariana-Ayushi-Hern\u00e1ndez-Ibarra.png 1024w, https:\/\/blogs.uninter.edu.mx\/ehli\/wp-content\/uploads\/2020\/12\/Mariana-Ayushi-Hern\u00e1ndez-Ibarra-300x225.png 300w, https:\/\/blogs.uninter.edu.mx\/ehli\/wp-content\/uploads\/2020\/12\/Mariana-Ayushi-Hern\u00e1ndez-Ibarra-768x576.png 768w\" sizes=\"auto, (max-width: 1024px) 100vw, 1024px\" \/><\/figure><\/li><\/ul><\/figure>\n\n\n\n<p style=\"font-size:22px\"><strong>Departamento de Comunicaci\u00f3n. DC. de LCO y CORP.<\/strong><\/p>\n\n\n\n<figure class=\"wp-block-gallery columns-1 is-cropped wp-block-gallery-4 is-layout-flex wp-block-gallery-is-layout-flex\"><ul class=\"blocks-gallery-grid\"><li class=\"blocks-gallery-item\"><figure><img loading=\"lazy\" decoding=\"async\" width=\"1024\" height=\"768\" src=\"https:\/\/blogs.uninter.edu.mx\/ehli\/wp-content\/uploads\/2020\/12\/Jose-Javier-del-Castillo.png\" alt=\"\" data-id=\"4934\" data-full-url=\"https:\/\/blogs.uninter.edu.mx\/ehli\/wp-content\/uploads\/2020\/12\/Jose-Javier-del-Castillo.png\" data-link=\"https:\/\/blogs.uninter.edu.mx\/ehli\/index.php\/nuestros-directores\/jose-javier-del-castillo\/#main\" class=\"wp-image-4934\" srcset=\"https:\/\/blogs.uninter.edu.mx\/ehli\/wp-content\/uploads\/2020\/12\/Jose-Javier-del-Castillo.png 1024w, https:\/\/blogs.uninter.edu.mx\/ehli\/wp-content\/uploads\/2020\/12\/Jose-Javier-del-Castillo-300x225.png 300w, https:\/\/blogs.uninter.edu.mx\/ehli\/wp-content\/uploads\/2020\/12\/Jose-Javier-del-Castillo-768x576.png 768w\" sizes=\"auto, (max-width: 1024px) 100vw, 1024px\" \/><\/figure><\/li><\/ul><\/figure>\n\n\n\n<p style=\"font-size:22px\"><strong>Departamento de Lenguas Extranjeras. <\/strong><\/p>\n\n\n\n<figure class=\"wp-block-gallery columns-1 is-cropped wp-block-gallery-5 is-layout-flex wp-block-gallery-is-layout-flex\"><ul class=\"blocks-gallery-grid\"><li class=\"blocks-gallery-item\"><figure><img loading=\"lazy\" decoding=\"async\" width=\"1024\" height=\"768\" src=\"https:\/\/blogs.uninter.edu.mx\/ehli\/wp-content\/uploads\/2020\/12\/Claudia-Galan-.png\" alt=\"\" data-id=\"4935\" data-link=\"https:\/\/blogs.uninter.edu.mx\/ehli\/index.php\/nuestros-directores\/claudia-galan\/#main\" class=\"wp-image-4935\" srcset=\"https:\/\/blogs.uninter.edu.mx\/ehli\/wp-content\/uploads\/2020\/12\/Claudia-Galan-.png 1024w, https:\/\/blogs.uninter.edu.mx\/ehli\/wp-content\/uploads\/2020\/12\/Claudia-Galan--300x225.png 300w, https:\/\/blogs.uninter.edu.mx\/ehli\/wp-content\/uploads\/2020\/12\/Claudia-Galan--768x576.png 768w\" sizes=\"auto, (max-width: 1024px) 100vw, 1024px\" \/><\/figure><\/li><\/ul><\/figure>\n\n\n\n<p style=\"font-size:22px\"><strong>Departamento de Arquitectura e Ingenier\u00eda Civil<\/strong><\/p>\n\n\n\n<figure class=\"wp-block-image size-large\"><img loading=\"lazy\" decoding=\"async\" width=\"1024\" height=\"768\" src=\"https:\/\/blogs.uninter.edu.mx\/ehli\/wp-content\/uploads\/2020\/12\/Arq-Giovanini-1.png\" alt=\"\" class=\"wp-image-4937\" srcset=\"https:\/\/blogs.uninter.edu.mx\/ehli\/wp-content\/uploads\/2020\/12\/Arq-Giovanini-1.png 1024w, https:\/\/blogs.uninter.edu.mx\/ehli\/wp-content\/uploads\/2020\/12\/Arq-Giovanini-1-300x225.png 300w, https:\/\/blogs.uninter.edu.mx\/ehli\/wp-content\/uploads\/2020\/12\/Arq-Giovanini-1-768x576.png 768w\" sizes=\"auto, (max-width: 1024px) 100vw, 1024px\" \/><\/figure>\n","protected":false},"excerpt":{"rendered":"<p>Escuela de Humanidades, Lengua e Internacionalizaci\u00f3n. Departamento de Letras, DC de LID. Departamento de Relaciones Internacionales, LRI, RICP Y RIEC. Departamento de Psicolog\u00eda, DC. LPO y LPS. Departamento de Comunicaci\u00f3n. DC. de LCO y CORP. Departamento de Lenguas Extranjeras. Departamento de Arquitectura e Ingenier\u00eda Civil<\/p>\n","protected":false},"author":5,"featured_media":0,"parent":0,"menu_order":0,"comment_status":"closed","ping_status":"closed","template":"","meta":{"rop_custom_images_group":[],"rop_custom_messages_group":[],"rop_publish_now":"initial","rop_publish_now_accounts":[],"rop_publish_now_history":[],"rop_publish_now_status":"pending","footnotes":""},"class_list":["post-4846","page","type-page","status-publish","hentry"],"yoast_head":"<!-- This site is optimized with the Yoast SEO plugin v26.7 - https:\/\/yoast.com\/wordpress\/plugins\/seo\/ -->\r\n<title>Nuestros Directores - EHLI<\/title>\r\n<meta name=\"robots\" content=\"index, follow, max-snippet:-1, max-image-preview:large, max-video-preview:-1\" \/>\r\n<link rel=\"canonical\" href=\"https:\/\/blogs.uninter.edu.mx\/ehli\/index.php\/nuestros-directores\/\" \/>\r\n<meta property=\"og:locale\" content=\"es_MX\" \/>\r\n<meta property=\"og:type\" content=\"article\" \/>\r\n<meta property=\"og:title\" content=\"Nuestros Directores - EHLI\" \/>\r\n<meta property=\"og:description\" content=\"Escuela de Humanidades, Lengua e Internacionalizaci\u00f3n. Departamento de Letras, DC de LID. Departamento de Relaciones Internacionales, LRI, RICP Y RIEC. Departamento de Psicolog\u00eda, DC. LPO y LPS. Departamento de Comunicaci\u00f3n. DC. de LCO y CORP. Departamento de Lenguas Extranjeras. Departamento de Arquitectura e Ingenier\u00eda Civil\" \/>\r\n<meta property=\"og:url\" content=\"https:\/\/blogs.uninter.edu.mx\/ehli\/index.php\/nuestros-directores\/\" \/>\r\n<meta property=\"og:site_name\" content=\"EHLI\" \/>\r\n<meta property=\"article:modified_time\" content=\"2020-12-15T16:55:15+00:00\" \/>\r\n<meta property=\"og:image\" content=\"https:\/\/blogs.uninter.edu.mx\/ehli\/wp-content\/uploads\/2020\/12\/Maria-del-Rocio.png\" \/>\r\n<meta name=\"twitter:card\" content=\"summary_large_image\" \/>\r\n<script type=\"application\/ld+json\" class=\"yoast-schema-graph\">{\"@context\":\"https:\/\/schema.org\",\"@graph\":[{\"@type\":\"WebPage\",\"@id\":\"https:\/\/blogs.uninter.edu.mx\/ehli\/index.php\/nuestros-directores\/\",\"url\":\"https:\/\/blogs.uninter.edu.mx\/ehli\/index.php\/nuestros-directores\/\",\"name\":\"Nuestros Directores - EHLI\",\"isPartOf\":{\"@id\":\"https:\/\/blogs.uninter.edu.mx\/ehli\/#website\"},\"primaryImageOfPage\":{\"@id\":\"https:\/\/blogs.uninter.edu.mx\/ehli\/index.php\/nuestros-directores\/#primaryimage\"},\"image\":{\"@id\":\"https:\/\/blogs.uninter.edu.mx\/ehli\/index.php\/nuestros-directores\/#primaryimage\"},\"thumbnailUrl\":\"https:\/\/blogs.uninter.edu.mx\/ehli\/wp-content\/uploads\/2020\/12\/Maria-del-Rocio.png\",\"datePublished\":\"2020-11-24T18:14:04+00:00\",\"dateModified\":\"2020-12-15T16:55:15+00:00\",\"breadcrumb\":{\"@id\":\"https:\/\/blogs.uninter.edu.mx\/ehli\/index.php\/nuestros-directores\/#breadcrumb\"},\"inLanguage\":\"es\",\"potentialAction\":[{\"@type\":\"ReadAction\",\"target\":[\"https:\/\/blogs.uninter.edu.mx\/ehli\/index.php\/nuestros-directores\/\"]}]},{\"@type\":\"ImageObject\",\"inLanguage\":\"es\",\"@id\":\"https:\/\/blogs.uninter.edu.mx\/ehli\/index.php\/nuestros-directores\/#primaryimage\",\"url\":\"https:\/\/blogs.uninter.edu.mx\/ehli\/wp-content\/uploads\/2020\/12\/Maria-del-Rocio.png\",\"contentUrl\":\"https:\/\/blogs.uninter.edu.mx\/ehli\/wp-content\/uploads\/2020\/12\/Maria-del-Rocio.png\",\"width\":1024,\"height\":768},{\"@type\":\"BreadcrumbList\",\"@id\":\"https:\/\/blogs.uninter.edu.mx\/ehli\/index.php\/nuestros-directores\/#breadcrumb\",\"itemListElement\":[{\"@type\":\"ListItem\",\"position\":1,\"name\":\"Inicio\",\"item\":\"https:\/\/blogs.uninter.edu.mx\/ehli\/\"},{\"@type\":\"ListItem\",\"position\":2,\"name\":\"Nuestros Directores\"}]},{\"@type\":\"WebSite\",\"@id\":\"https:\/\/blogs.uninter.edu.mx\/ehli\/#website\",\"url\":\"https:\/\/blogs.uninter.edu.mx\/ehli\/\",\"name\":\"EHLI\",\"description\":\"UNINTER\",\"potentialAction\":[{\"@type\":\"SearchAction\",\"target\":{\"@type\":\"EntryPoint\",\"urlTemplate\":\"https:\/\/blogs.uninter.edu.mx\/ehli\/?s={search_term_string}\"},\"query-input\":{\"@type\":\"PropertyValueSpecification\",\"valueRequired\":true,\"valueName\":\"search_term_string\"}}],\"inLanguage\":\"es\"}]}<\/script>\r\n<!-- \/ Yoast SEO plugin. -->","yoast_head_json":{"title":"Nuestros Directores - EHLI","robots":{"index":"index","follow":"follow","max-snippet":"max-snippet:-1","max-image-preview":"max-image-preview:large","max-video-preview":"max-video-preview:-1"},"canonical":"https:\/\/blogs.uninter.edu.mx\/ehli\/index.php\/nuestros-directores\/","og_locale":"es_MX","og_type":"article","og_title":"Nuestros Directores - EHLI","og_description":"Escuela de Humanidades, Lengua e Internacionalizaci\u00f3n. Departamento de Letras, DC de LID. Departamento de Relaciones Internacionales, LRI, RICP Y RIEC. Departamento de Psicolog\u00eda, DC. LPO y LPS. Departamento de Comunicaci\u00f3n. DC. de LCO y CORP. Departamento de Lenguas Extranjeras. Departamento de Arquitectura e Ingenier\u00eda Civil","og_url":"https:\/\/blogs.uninter.edu.mx\/ehli\/index.php\/nuestros-directores\/","og_site_name":"EHLI","article_modified_time":"2020-12-15T16:55:15+00:00","og_image":[{"url":"https:\/\/blogs.uninter.edu.mx\/ehli\/wp-content\/uploads\/2020\/12\/Maria-del-Rocio.png","type":"","width":"","height":""}],"twitter_card":"summary_large_image","schema":{"@context":"https:\/\/schema.org","@graph":[{"@type":"WebPage","@id":"https:\/\/blogs.uninter.edu.mx\/ehli\/index.php\/nuestros-directores\/","url":"https:\/\/blogs.uninter.edu.mx\/ehli\/index.php\/nuestros-directores\/","name":"Nuestros Directores - EHLI","isPartOf":{"@id":"https:\/\/blogs.uninter.edu.mx\/ehli\/#website"},"primaryImageOfPage":{"@id":"https:\/\/blogs.uninter.edu.mx\/ehli\/index.php\/nuestros-directores\/#primaryimage"},"image":{"@id":"https:\/\/blogs.uninter.edu.mx\/ehli\/index.php\/nuestros-directores\/#primaryimage"},"thumbnailUrl":"https:\/\/blogs.uninter.edu.mx\/ehli\/wp-content\/uploads\/2020\/12\/Maria-del-Rocio.png","datePublished":"2020-11-24T18:14:04+00:00","dateModified":"2020-12-15T16:55:15+00:00","breadcrumb":{"@id":"https:\/\/blogs.uninter.edu.mx\/ehli\/index.php\/nuestros-directores\/#breadcrumb"},"inLanguage":"es","potentialAction":[{"@type":"ReadAction","target":["https:\/\/blogs.uninter.edu.mx\/ehli\/index.php\/nuestros-directores\/"]}]},{"@type":"ImageObject","inLanguage":"es","@id":"https:\/\/blogs.uninter.edu.mx\/ehli\/index.php\/nuestros-directores\/#primaryimage","url":"https:\/\/blogs.uninter.edu.mx\/ehli\/wp-content\/uploads\/2020\/12\/Maria-del-Rocio.png","contentUrl":"https:\/\/blogs.uninter.edu.mx\/ehli\/wp-content\/uploads\/2020\/12\/Maria-del-Rocio.png","width":1024,"height":768},{"@type":"BreadcrumbList","@id":"https:\/\/blogs.uninter.edu.mx\/ehli\/index.php\/nuestros-directores\/#breadcrumb","itemListElement":[{"@type":"ListItem","position":1,"name":"Inicio","item":"https:\/\/blogs.uninter.edu.mx\/ehli\/"},{"@type":"ListItem","position":2,"name":"Nuestros Directores"}]},{"@type":"WebSite","@id":"https:\/\/blogs.uninter.edu.mx\/ehli\/#website","url":"https:\/\/blogs.uninter.edu.mx\/ehli\/","name":"EHLI","description":"UNINTER","potentialAction":[{"@type":"SearchAction","target":{"@type":"EntryPoint","urlTemplate":"https:\/\/blogs.uninter.edu.mx\/ehli\/?s={search_term_string}"},"query-input":{"@type":"PropertyValueSpecification","valueRequired":true,"valueName":"search_term_string"}}],"inLanguage":"es"}]}},"jetpack_sharing_enabled":true,"_links":{"self":[{"href":"https:\/\/blogs.uninter.edu.mx\/ehli\/index.php\/wp-json\/wp\/v2\/pages\/4846","targetHints":{"allow":["GET"]}}],"collection":[{"href":"https:\/\/blogs.uninter.edu.mx\/ehli\/index.php\/wp-json\/wp\/v2\/pages"}],"about":[{"href":"https:\/\/blogs.uninter.edu.mx\/ehli\/index.php\/wp-json\/wp\/v2\/types\/page"}],"author":[{"embeddable":true,"href":"https:\/\/blogs.uninter.edu.mx\/ehli\/index.php\/wp-json\/wp\/v2\/users\/5"}],"replies":[{"embeddable":true,"href":"https:\/\/blogs.uninter.edu.mx\/ehli\/index.php\/wp-json\/wp\/v2\/comments?post=4846"}],"version-history":[{"count":2,"href":"https:\/\/blogs.uninter.edu.mx\/ehli\/index.php\/wp-json\/wp\/v2\/pages\/4846\/revisions"}],"predecessor-version":[{"id":4938,"href":"https:\/\/blogs.uninter.edu.mx\/ehli\/index.php\/wp-json\/wp\/v2\/pages\/4846\/revisions\/4938"}],"wp:attachment":[{"href":"https:\/\/blogs.uninter.edu.mx\/ehli\/index.php\/wp-json\/wp\/v2\/media?parent=4846"}],"curies":[{"name":"wp","href":"https:\/\/api.w.org\/{rel}","templated":true}]}}