{"id":569,"date":"2020-01-06T19:47:38","date_gmt":"2020-01-06T19:47:38","guid":{"rendered":"https:\/\/blogs.uninter.edu.mx\/ehli\/?page_id=569"},"modified":"2020-01-08T15:30:46","modified_gmt":"2020-01-08T15:30:46","slug":"especialidades-tesinas","status":"publish","type":"page","link":"https:\/\/blogs.uninter.edu.mx\/ehli\/index.php\/especialidades-tesinas\/","title":{"rendered":"Especialidades (Tesinas)"},"content":{"rendered":"\n<table class=\"wp-block-table aligncenter has-subtle-light-gray-background-color has-background is-style-stripes\"><tbody><tr><td><strong>Autor<\/strong><\/td><td><strong>T\u00edtulo<\/strong><\/td><td><strong>Programa<\/strong><\/td><td><\/td><\/tr><tr><td>Carlos Ivan L\u00f3pez Fuentes<\/td><td>Redimensionamiento del TLCAN ante los vaivenes pol\u00edticos internacionales.<\/td><td>Relaciones Mercantiles Internacionales<\/td><td><a href=\"https:\/\/blogs.uninter.edu.mx\/ehli\/wp-content\/uploads\/2020\/01\/TESINA-CARLOS-IVAN-LOPEZ-FUENTES_compressed.pdf\" target=\"_blank\" rel=\"noreferrer noopener\" aria-label=\"Descargar (opens in a new tab)\">Descargar<\/a><\/td><\/tr><tr><td>Eduardo Villamil Torres<\/td><td>Animaci\u00f3n bidimensional empleando lip sync<\/td><td>Animaci\u00f3n 3D y Postproducci\u00f3n Digital<\/td><td><a rel=\"noreferrer noopener\" aria-label=\"Descargar (opens in a new tab)\" href=\"https:\/\/blogs.uninter.edu.mx\/ehli\/wp-content\/uploads\/2020\/01\/TESINA-EDUARDO-VILLAMIL-TORRES_compressed.pdf\" target=\"_blank\">Descargar<\/a><\/td><\/tr><tr><td>Ilse Magali Rodr\u00edguez Saavedra<\/td><td>An\u00e1lisis de campa\u00f1as de publicidad en redes sociales de negocios que han alcanzado importantes impactos.<\/td><td>Publicidad<\/td><td><a href=\"https:\/\/blogs.uninter.edu.mx\/ehli\/wp-content\/uploads\/2020\/01\/TESINA-ILSE-MAGALI-RODRIGUEZ-SAAVEDRA_compressed.pdf\" target=\"_blank\" rel=\"noreferrer noopener\" aria-label=\"Descargar (opens in a new tab)\">Descargar<\/a><\/td><\/tr><tr><td>Mitza Liliana P\u00e9rez Livera<\/td><td>Influencia de medallistas ol\u00edmpicos mexicanos de R\u00edo de Janeiro 2016 en los anuncios publicitarios de marcas de consumo.<\/td><td>Publicidad<\/td><td><a href=\"https:\/\/blogs.uninter.edu.mx\/ehli\/wp-content\/uploads\/2020\/01\/TESINA-MITZA-LILIANA-PEREZ-LIVERA_compressed.pdf\" target=\"_blank\" rel=\"noreferrer noopener\" aria-label=\"Descargar (opens in a new tab)\">Descargar<\/a><\/td><\/tr><tr><td>Nimbe Georgina F\u00e9lix Berm\u00fadez<\/td><td>Campa\u00f1a publicitaria de lanzamiento de la aplicaci\u00f3n Khroma Marketing.<\/td><td>Publicidad<\/td><td><a href=\"https:\/\/blogs.uninter.edu.mx\/ehli\/wp-content\/uploads\/2020\/01\/TESIS-NIMBE-GEORGINA-F\u00c9LIX-BERM\u00daDEZ_compressed.pdf\" target=\"_blank\" rel=\"noreferrer noopener\" aria-label=\"Descargar (opens in a new tab)\">Descargar<\/a><\/td><\/tr><tr><td>Abril Figueroa V\u00e1zquez<\/td><td>Dise\u00f1o de campa\u00f1a publicitaria para el rescate de la cerer\u00eda tradicional del estado de Morelos.<\/td><td>Publicidad<\/td><td><a href=\"https:\/\/blogs.uninter.edu.mx\/ehli\/wp-content\/uploads\/2020\/01\/TESINA-ABRIL-FIGUEROA-V\u00c1ZQUEZ_compressed.pdf\" target=\"_blank\" rel=\"noreferrer noopener\" aria-label=\"Descargar (opens in a new tab)\">Descargar<\/a><\/td><\/tr><\/tbody><\/table>\n\n\n\n<p><\/p>\n\n\n\n<div class=\"wp-block-image\"><figure class=\"aligncenter is-resized\"><a href=\"https:\/\/blogs.uninter.edu.mx\/Ehli\/\"><img loading=\"lazy\" decoding=\"async\" src=\"https:\/\/blogs.uninter.edu.mx\/ehli\/wp-content\/uploads\/2019\/11\/Logo-EHLI-para-blog.jpg\" alt=\"Logo EHLI\" class=\"wp-image-249\" width=\"311\" height=\"47\" srcset=\"https:\/\/blogs.uninter.edu.mx\/ehli\/wp-content\/uploads\/2019\/11\/Logo-EHLI-para-blog.jpg 1020w, https:\/\/blogs.uninter.edu.mx\/ehli\/wp-content\/uploads\/2019\/11\/Logo-EHLI-para-blog-300x45.jpg 300w, https:\/\/blogs.uninter.edu.mx\/ehli\/wp-content\/uploads\/2019\/11\/Logo-EHLI-para-blog-768x116.jpg 768w\" sizes=\"auto, (max-width: 311px) 100vw, 311px\" \/><\/a><\/figure><\/div>\n","protected":false},"excerpt":{"rendered":"<p>Autor T\u00edtulo Programa Carlos Ivan L\u00f3pez Fuentes Redimensionamiento del TLCAN ante los vaivenes pol\u00edticos internacionales. Relaciones Mercantiles Internacionales Descargar Eduardo Villamil Torres Animaci\u00f3n bidimensional empleando lip sync Animaci\u00f3n 3D y Postproducci\u00f3n Digital Descargar Ilse Magali Rodr\u00edguez Saavedra An\u00e1lisis de campa\u00f1as de publicidad en redes sociales de negocios que han alcanzado importantes impactos. Publicidad Descargar Mitza&hellip;<\/p>\n","protected":false},"author":25,"featured_media":0,"parent":0,"menu_order":0,"comment_status":"closed","ping_status":"closed","template":"","meta":{"rop_custom_images_group":[],"rop_custom_messages_group":[],"rop_publish_now":"initial","rop_publish_now_accounts":[],"rop_publish_now_history":[],"rop_publish_now_status":"pending","footnotes":""},"class_list":["post-569","page","type-page","status-publish","hentry"],"yoast_head":"<!-- This site is optimized with the Yoast SEO plugin v26.7 - https:\/\/yoast.com\/wordpress\/plugins\/seo\/ -->\r\n<title>Especialidades (Tesinas) - EHLI<\/title>\r\n<meta name=\"robots\" content=\"index, follow, max-snippet:-1, max-image-preview:large, max-video-preview:-1\" \/>\r\n<link rel=\"canonical\" href=\"https:\/\/blogs.uninter.edu.mx\/ehli\/index.php\/especialidades-tesinas\/\" \/>\r\n<meta property=\"og:locale\" content=\"es_MX\" \/>\r\n<meta property=\"og:type\" content=\"article\" \/>\r\n<meta property=\"og:title\" content=\"Especialidades (Tesinas) - EHLI\" \/>\r\n<meta property=\"og:description\" content=\"Autor T\u00edtulo Programa Carlos Ivan L\u00f3pez Fuentes Redimensionamiento del TLCAN ante los vaivenes pol\u00edticos internacionales. Relaciones Mercantiles Internacionales Descargar Eduardo Villamil Torres Animaci\u00f3n bidimensional empleando lip sync Animaci\u00f3n 3D y Postproducci\u00f3n Digital Descargar Ilse Magali Rodr\u00edguez Saavedra An\u00e1lisis de campa\u00f1as de publicidad en redes sociales de negocios que han alcanzado importantes impactos. Publicidad Descargar Mitza&hellip;\" \/>\r\n<meta property=\"og:url\" content=\"https:\/\/blogs.uninter.edu.mx\/ehli\/index.php\/especialidades-tesinas\/\" \/>\r\n<meta property=\"og:site_name\" content=\"EHLI\" \/>\r\n<meta property=\"article:modified_time\" content=\"2020-01-08T15:30:46+00:00\" \/>\r\n<meta property=\"og:image\" content=\"https:\/\/blogs.uninter.edu.mx\/ehli\/wp-content\/uploads\/2019\/11\/Logo-EHLI-para-blog.jpg\" \/>\r\n<meta name=\"twitter:card\" content=\"summary_large_image\" \/>\r\n<meta name=\"twitter:label1\" content=\"Tiempo de lectura\" \/>\n\t<meta name=\"twitter:data1\" content=\"1 minuto\" \/>\r\n<script type=\"application\/ld+json\" class=\"yoast-schema-graph\">{\"@context\":\"https:\/\/schema.org\",\"@graph\":[{\"@type\":\"WebPage\",\"@id\":\"https:\/\/blogs.uninter.edu.mx\/ehli\/index.php\/especialidades-tesinas\/\",\"url\":\"https:\/\/blogs.uninter.edu.mx\/ehli\/index.php\/especialidades-tesinas\/\",\"name\":\"Especialidades (Tesinas) - EHLI\",\"isPartOf\":{\"@id\":\"https:\/\/blogs.uninter.edu.mx\/ehli\/#website\"},\"primaryImageOfPage\":{\"@id\":\"https:\/\/blogs.uninter.edu.mx\/ehli\/index.php\/especialidades-tesinas\/#primaryimage\"},\"image\":{\"@id\":\"https:\/\/blogs.uninter.edu.mx\/ehli\/index.php\/especialidades-tesinas\/#primaryimage\"},\"thumbnailUrl\":\"https:\/\/blogs.uninter.edu.mx\/ehli\/wp-content\/uploads\/2019\/11\/Logo-EHLI-para-blog.jpg\",\"datePublished\":\"2020-01-06T19:47:38+00:00\",\"dateModified\":\"2020-01-08T15:30:46+00:00\",\"breadcrumb\":{\"@id\":\"https:\/\/blogs.uninter.edu.mx\/ehli\/index.php\/especialidades-tesinas\/#breadcrumb\"},\"inLanguage\":\"es\",\"potentialAction\":[{\"@type\":\"ReadAction\",\"target\":[\"https:\/\/blogs.uninter.edu.mx\/ehli\/index.php\/especialidades-tesinas\/\"]}]},{\"@type\":\"ImageObject\",\"inLanguage\":\"es\",\"@id\":\"https:\/\/blogs.uninter.edu.mx\/ehli\/index.php\/especialidades-tesinas\/#primaryimage\",\"url\":\"https:\/\/blogs.uninter.edu.mx\/ehli\/wp-content\/uploads\/2019\/11\/Logo-EHLI-para-blog.jpg\",\"contentUrl\":\"https:\/\/blogs.uninter.edu.mx\/ehli\/wp-content\/uploads\/2019\/11\/Logo-EHLI-para-blog.jpg\",\"width\":1020,\"height\":154,\"caption\":\"Logo EHLI\"},{\"@type\":\"BreadcrumbList\",\"@id\":\"https:\/\/blogs.uninter.edu.mx\/ehli\/index.php\/especialidades-tesinas\/#breadcrumb\",\"itemListElement\":[{\"@type\":\"ListItem\",\"position\":1,\"name\":\"Inicio\",\"item\":\"https:\/\/blogs.uninter.edu.mx\/ehli\/\"},{\"@type\":\"ListItem\",\"position\":2,\"name\":\"Especialidades (Tesinas)\"}]},{\"@type\":\"WebSite\",\"@id\":\"https:\/\/blogs.uninter.edu.mx\/ehli\/#website\",\"url\":\"https:\/\/blogs.uninter.edu.mx\/ehli\/\",\"name\":\"EHLI\",\"description\":\"UNINTER\",\"potentialAction\":[{\"@type\":\"SearchAction\",\"target\":{\"@type\":\"EntryPoint\",\"urlTemplate\":\"https:\/\/blogs.uninter.edu.mx\/ehli\/?s={search_term_string}\"},\"query-input\":{\"@type\":\"PropertyValueSpecification\",\"valueRequired\":true,\"valueName\":\"search_term_string\"}}],\"inLanguage\":\"es\"}]}<\/script>\r\n<!-- \/ Yoast SEO plugin. -->","yoast_head_json":{"title":"Especialidades (Tesinas) - EHLI","robots":{"index":"index","follow":"follow","max-snippet":"max-snippet:-1","max-image-preview":"max-image-preview:large","max-video-preview":"max-video-preview:-1"},"canonical":"https:\/\/blogs.uninter.edu.mx\/ehli\/index.php\/especialidades-tesinas\/","og_locale":"es_MX","og_type":"article","og_title":"Especialidades (Tesinas) - EHLI","og_description":"Autor T\u00edtulo Programa Carlos Ivan L\u00f3pez Fuentes Redimensionamiento del TLCAN ante los vaivenes pol\u00edticos internacionales. Relaciones Mercantiles Internacionales Descargar Eduardo Villamil Torres Animaci\u00f3n bidimensional empleando lip sync Animaci\u00f3n 3D y Postproducci\u00f3n Digital Descargar Ilse Magali Rodr\u00edguez Saavedra An\u00e1lisis de campa\u00f1as de publicidad en redes sociales de negocios que han alcanzado importantes impactos. Publicidad Descargar Mitza&hellip;","og_url":"https:\/\/blogs.uninter.edu.mx\/ehli\/index.php\/especialidades-tesinas\/","og_site_name":"EHLI","article_modified_time":"2020-01-08T15:30:46+00:00","og_image":[{"url":"https:\/\/blogs.uninter.edu.mx\/ehli\/wp-content\/uploads\/2019\/11\/Logo-EHLI-para-blog.jpg","type":"","width":"","height":""}],"twitter_card":"summary_large_image","twitter_misc":{"Tiempo de lectura":"1 minuto"},"schema":{"@context":"https:\/\/schema.org","@graph":[{"@type":"WebPage","@id":"https:\/\/blogs.uninter.edu.mx\/ehli\/index.php\/especialidades-tesinas\/","url":"https:\/\/blogs.uninter.edu.mx\/ehli\/index.php\/especialidades-tesinas\/","name":"Especialidades (Tesinas) - EHLI","isPartOf":{"@id":"https:\/\/blogs.uninter.edu.mx\/ehli\/#website"},"primaryImageOfPage":{"@id":"https:\/\/blogs.uninter.edu.mx\/ehli\/index.php\/especialidades-tesinas\/#primaryimage"},"image":{"@id":"https:\/\/blogs.uninter.edu.mx\/ehli\/index.php\/especialidades-tesinas\/#primaryimage"},"thumbnailUrl":"https:\/\/blogs.uninter.edu.mx\/ehli\/wp-content\/uploads\/2019\/11\/Logo-EHLI-para-blog.jpg","datePublished":"2020-01-06T19:47:38+00:00","dateModified":"2020-01-08T15:30:46+00:00","breadcrumb":{"@id":"https:\/\/blogs.uninter.edu.mx\/ehli\/index.php\/especialidades-tesinas\/#breadcrumb"},"inLanguage":"es","potentialAction":[{"@type":"ReadAction","target":["https:\/\/blogs.uninter.edu.mx\/ehli\/index.php\/especialidades-tesinas\/"]}]},{"@type":"ImageObject","inLanguage":"es","@id":"https:\/\/blogs.uninter.edu.mx\/ehli\/index.php\/especialidades-tesinas\/#primaryimage","url":"https:\/\/blogs.uninter.edu.mx\/ehli\/wp-content\/uploads\/2019\/11\/Logo-EHLI-para-blog.jpg","contentUrl":"https:\/\/blogs.uninter.edu.mx\/ehli\/wp-content\/uploads\/2019\/11\/Logo-EHLI-para-blog.jpg","width":1020,"height":154,"caption":"Logo EHLI"},{"@type":"BreadcrumbList","@id":"https:\/\/blogs.uninter.edu.mx\/ehli\/index.php\/especialidades-tesinas\/#breadcrumb","itemListElement":[{"@type":"ListItem","position":1,"name":"Inicio","item":"https:\/\/blogs.uninter.edu.mx\/ehli\/"},{"@type":"ListItem","position":2,"name":"Especialidades (Tesinas)"}]},{"@type":"WebSite","@id":"https:\/\/blogs.uninter.edu.mx\/ehli\/#website","url":"https:\/\/blogs.uninter.edu.mx\/ehli\/","name":"EHLI","description":"UNINTER","potentialAction":[{"@type":"SearchAction","target":{"@type":"EntryPoint","urlTemplate":"https:\/\/blogs.uninter.edu.mx\/ehli\/?s={search_term_string}"},"query-input":{"@type":"PropertyValueSpecification","valueRequired":true,"valueName":"search_term_string"}}],"inLanguage":"es"}]}},"jetpack_sharing_enabled":true,"_links":{"self":[{"href":"https:\/\/blogs.uninter.edu.mx\/ehli\/index.php\/wp-json\/wp\/v2\/pages\/569","targetHints":{"allow":["GET"]}}],"collection":[{"href":"https:\/\/blogs.uninter.edu.mx\/ehli\/index.php\/wp-json\/wp\/v2\/pages"}],"about":[{"href":"https:\/\/blogs.uninter.edu.mx\/ehli\/index.php\/wp-json\/wp\/v2\/types\/page"}],"author":[{"embeddable":true,"href":"https:\/\/blogs.uninter.edu.mx\/ehli\/index.php\/wp-json\/wp\/v2\/users\/25"}],"replies":[{"embeddable":true,"href":"https:\/\/blogs.uninter.edu.mx\/ehli\/index.php\/wp-json\/wp\/v2\/comments?post=569"}],"version-history":[{"count":10,"href":"https:\/\/blogs.uninter.edu.mx\/ehli\/index.php\/wp-json\/wp\/v2\/pages\/569\/revisions"}],"predecessor-version":[{"id":632,"href":"https:\/\/blogs.uninter.edu.mx\/ehli\/index.php\/wp-json\/wp\/v2\/pages\/569\/revisions\/632"}],"wp:attachment":[{"href":"https:\/\/blogs.uninter.edu.mx\/ehli\/index.php\/wp-json\/wp\/v2\/media?parent=569"}],"curies":[{"name":"wp","href":"https:\/\/api.w.org\/{rel}","templated":true}]}}