{"id":571,"date":"2020-01-06T19:47:42","date_gmt":"2020-01-06T19:47:42","guid":{"rendered":"https:\/\/blogs.uninter.edu.mx\/ehli\/?page_id=571"},"modified":"2020-01-08T15:31:16","modified_gmt":"2020-01-08T15:31:16","slug":"maestrias-tesis-tesinas","status":"publish","type":"page","link":"https:\/\/blogs.uninter.edu.mx\/ehli\/index.php\/maestrias-tesis-tesinas\/","title":{"rendered":"Maestr\u00edas (Tesis\/Tesinas)"},"content":{"rendered":"\n<table class=\"wp-block-table is-style-stripes\"><tbody><tr><td><strong>Autor<\/strong><\/td><td><strong>T\u00edtulo<\/strong><\/td><td><strong>Programa<\/strong><\/td><td><strong>Investigaci\u00f3n<\/strong><\/td><td><\/td><\/tr><tr><td>Juana Guadalupe Cuevas Garc\u00eda<\/td><td>An\u00e1lisis comparativo de estrategias did\u00e1cticas  para la ense\u00f1anza del ingl\u00e9s, en preescolar particular y en preescolar p\u00fablico: Caso &#8220;Kinder School&#8221; y Kinder Hijos del Ej\u00e9rcito en la ciudad de Cuernavaca.<\/td><td>Ense\u00f1anza de Lenguas Extranjeras<\/td><td>Tesis<\/td><td><a href=\"https:\/\/blogs.uninter.edu.mx\/ehli\/wp-content\/uploads\/2020\/01\/TESIS-JUANA-GUADALUPE-CUEVAS-GARCIA_compressed.pdf\" target=\"_blank\" rel=\"noreferrer noopener\" aria-label=\"Descargar (opens in a new tab)\">Descargar<\/a><\/td><\/tr><tr><td>Celia Bautista Beltr\u00e1n<\/td><td>Propuesta de formaci\u00f3n pedag\u00f3gica para los profesores-investigadores del CIICAp de la UNAM.<\/td><td>Educaci\u00f3n en Formaci\u00f3n Docente<\/td><td>Tesis<\/td><td><a href=\"https:\/\/blogs.uninter.edu.mx\/ehli\/wp-content\/uploads\/2020\/01\/TESIS-CELIA-BAUTISTA-BELTRAN_compressed.pdf\" target=\"_blank\" rel=\"noreferrer noopener\" aria-label=\"Descargar (opens in a new tab)\">Descargar<\/a><\/td><\/tr><tr><td>Isabel Hidalgo Arreola<\/td><td>An\u00e1lisis fonol\u00f3gico, morfol\u00f3gico y l\u00e9xico de las interferencias que presentan los hablantes italianos al expresarse en espa\u00f1ol como segunda lengua.<\/td><td>Ense\u00f1anza del Espa\u00f1ol como Lengua Extranjera<\/td><td>Tesis<\/td><td><a href=\"https:\/\/blogs.uninter.edu.mx\/ehli\/wp-content\/uploads\/2020\/01\/TESIS-ISABEL-HIDALGO-ARREOLA_compressed.pdf\" target=\"_blank\" rel=\"noreferrer noopener\" aria-label=\"Descargar (opens in a new tab)\">Descargar<\/a><\/td><\/tr><tr><td>Abraham Castillo \u00c1lvarez<\/td><td>La utilidad de la publicidad a trav\u00e9s de un manual metodol\u00f3gico para la comprensi\u00f3n de la pragm\u00e1tica para estudiantes extranjeros de espa\u00f1ol como L2.<\/td><td>Ense\u00f1anza del Espa\u00f1ol como Lengua Extranjera<\/td><td>Tesis<\/td><td><a href=\"https:\/\/blogs.uninter.edu.mx\/ehli\/wp-content\/uploads\/2020\/01\/TESIS-ABRAHAM-CASTILLO-ALVAREZ_compressed.pdf\" target=\"_blank\" rel=\"noreferrer noopener\" aria-label=\"Descargar (opens in a new tab)\">Descargar<\/a><\/td><\/tr><tr><td>Rosaura Balmaceda Reynoso<\/td><td>Material did\u00e1ctico para el aprendizaje de los verbos ser, estar, tener y haber en espa\u00f1ol como lengua extranjera para estudiantes de origen coreano.<\/td><td>Ense\u00f1anza del Espa\u00f1ol como Lengua Extranjera<\/td><td>Tesis<\/td><td><a href=\"https:\/\/blogs.uninter.edu.mx\/ehli\/wp-content\/uploads\/2020\/01\/TESIS-ROSAURA-BALMACEDA-REYNOSO_compressed.pdf\" target=\"_blank\" rel=\"noreferrer noopener\" aria-label=\"Descargar (opens in a new tab)\">Descargar<\/a><\/td><\/tr><tr><td>Gustavo Barrera Rom\u00e1n<\/td><td>Propuesta did\u00e1ctica sobre las preposiciones &#8220;por&#8221; y &#8220;para&#8221; dirigida a docentes del m\u00f3dulo &#8220;Comunicaci\u00f3n para la interacci\u00f3n social&#8221; del CONALEP Azcapotzalco.<\/td><td>Ense\u00f1anza del Espa\u00f1ol como Lengua Extranjera<\/td><td>Tesina<\/td><td><a href=\"https:\/\/blogs.uninter.edu.mx\/ehli\/wp-content\/uploads\/2020\/01\/TESINA-GUSTAVO-BARRERA-ROMAN_compressed.pdf\" target=\"_blank\" rel=\"noreferrer noopener\" aria-label=\"Descargar (opens in a new tab)\">Descargar<\/a><\/td><\/tr><tr><td>Jacqueline Contreras Almaz\u00e1n<\/td><td>La ense\u00f1anza de campos sem\u00e1nticos para el desarrollo de la competencia auditiva y oral enfocados en los niveles A1 y A2 del Marco de Referencia Com\u00fan Europeo.<\/td><td>Ense\u00f1anza del Espa\u00f1ol como Lengua Extranjera<\/td><td>Tesina<\/td><td><a href=\"https:\/\/blogs.uninter.edu.mx\/ehli\/wp-content\/uploads\/2020\/01\/TESINA-JACQUELINE-CONTRERAS-ALMAZAN_compressed.pdf\" target=\"_blank\" rel=\"noreferrer noopener\" aria-label=\"Descargar (opens in a new tab)\">Descargar<\/a><\/td><\/tr><tr><td>Mar\u00eda Teresa Castillo Medrano<\/td><td>La importancia del aprendizaje del espa\u00f1ol como segunda lengua en un contexto de inmersi\u00f3n. Caso: Universidad Internacional (UNINTER).<\/td><td>Ense\u00f1anza del Espa\u00f1ol como Lengua Extranjera<\/td><td>Tesina<\/td><td><a href=\"https:\/\/blogs.uninter.edu.mx\/ehli\/wp-content\/uploads\/2020\/01\/TESINA-MARIA-TERESA-CASTILLO-MEDRANO_compressed.pdf\" target=\"_blank\" rel=\"noreferrer noopener\" aria-label=\"Descargar (opens in a new tab)\">Descargar<\/a><\/td><\/tr><tr><td>Mar\u00eda del Roc\u00edo Beltr\u00e1n S\u00e1nchez<\/td><td>Informe en la pr\u00e1ctica profesional en la Universidad Internacional (UNINTER) &#8211; The Center For Linguistic &amp; Multicultural Studies.<\/td><td>Ense\u00f1anza del Espa\u00f1ol como Lengua Extranjera<\/td><td>Informe en la pr\u00e1ctica profesional<\/td><td><a href=\"https:\/\/blogs.uninter.edu.mx\/ehli\/wp-content\/uploads\/2020\/01\/REPORTE-MARIA-DEL-ROCIO-BELTRAN-SANCHEZ_compressed.pdf\" target=\"_blank\" rel=\"noreferrer noopener\" aria-label=\"Descargar (opens in a new tab)\">Descargar<\/a><\/td><\/tr><tr><td>Ma. Edith Salgado Delgado<\/td><td>La traducci\u00f3n de libros did\u00e1cticos biling\u00fces (espa\u00f1ol-ingl\u00e9s) para la ense\u00f1anza del ingl\u00e9s como segundo idioma en escuelas primarias p\u00fablicas del estado de Guerrero.<\/td><td>Traducci\u00f3n e Interpretaci\u00f3n con Componentes en Estudios Culturales<\/td><td>Tesina<\/td><td><a href=\"https:\/\/blogs.uninter.edu.mx\/ehli\/wp-content\/uploads\/2020\/01\/TESINA-MA.-EDITH-SALGADO-DELGADO_compressed.pdf\" target=\"_blank\" rel=\"noreferrer noopener\" aria-label=\"Descargar (opens in a new tab)\">Descargar<\/a><\/td><\/tr><tr><td>Ver\u00f3nica Beltr\u00e1n Delgado<\/td><td>Dise\u00f1o de instrumento de evaluaci\u00f3n de la competencia traductora.<\/td><td>Traducci\u00f3n e Interpretaci\u00f3n con Componentes en Estudios Culturales<\/td><td>Tesina<\/td><td><a href=\"https:\/\/blogs.uninter.edu.mx\/ehli\/wp-content\/uploads\/2020\/01\/TESINA-VER\u00d3NICA-BELTR\u00c1N-DELGADO_compressed.pdf\" target=\"_blank\" rel=\"noreferrer noopener\" aria-label=\"Descargar (opens in a new tab)\">Descargar<\/a><\/td><\/tr><tr><td>Ra\u00fal Ricardo Gallo Calvo<\/td><td>La competencia cultural del estudiante de traducci\u00f3n: Statu Quo y propuesta de estrategias de reforzamientoen las clases de traducci\u00f3n. Caso: Universidad Internacional (UNINTER).<\/td><td>Traducci\u00f3n e Interpretaci\u00f3n con Componentes en Estudios Culturales<\/td><td>Tesina<\/td><td><a href=\"https:\/\/blogs.uninter.edu.mx\/ehli\/wp-content\/uploads\/2020\/01\/TESINA-RAUL-RICARDO-GALLO-CALVO_compressed.pdf\" target=\"_blank\" rel=\"noreferrer noopener\" aria-label=\"Descargar (opens in a new tab)\">Descargar<\/a><\/td><\/tr><\/tbody><\/table>\n\n\n\n<p><\/p>\n\n\n\n<div class=\"wp-block-image\"><figure class=\"aligncenter is-resized\"><a href=\"https:\/\/blogs.uninter.edu.mx\/Ehli\/\"><img loading=\"lazy\" decoding=\"async\" src=\"https:\/\/blogs.uninter.edu.mx\/ehli\/wp-content\/uploads\/2019\/11\/Logo-EHLI-para-blog.jpg\" alt=\"Logo EHLI\" class=\"wp-image-249\" width=\"333\" height=\"49\" srcset=\"https:\/\/blogs.uninter.edu.mx\/ehli\/wp-content\/uploads\/2019\/11\/Logo-EHLI-para-blog.jpg 1020w, https:\/\/blogs.uninter.edu.mx\/ehli\/wp-content\/uploads\/2019\/11\/Logo-EHLI-para-blog-300x45.jpg 300w, https:\/\/blogs.uninter.edu.mx\/ehli\/wp-content\/uploads\/2019\/11\/Logo-EHLI-para-blog-768x116.jpg 768w\" sizes=\"auto, (max-width: 333px) 100vw, 333px\" \/><\/a><\/figure><\/div>\n\n\n\n<p><\/p>\n","protected":false},"excerpt":{"rendered":"<p>Autor T\u00edtulo Programa Investigaci\u00f3n Juana Guadalupe Cuevas Garc\u00eda An\u00e1lisis comparativo de estrategias did\u00e1cticas para la ense\u00f1anza del ingl\u00e9s, en preescolar particular y en preescolar p\u00fablico: Caso &#8220;Kinder School&#8221; y Kinder Hijos del Ej\u00e9rcito en la ciudad de Cuernavaca. Ense\u00f1anza de Lenguas Extranjeras Tesis Descargar Celia Bautista Beltr\u00e1n Propuesta de formaci\u00f3n pedag\u00f3gica para los profesores-investigadores del&hellip;<\/p>\n","protected":false},"author":25,"featured_media":0,"parent":0,"menu_order":0,"comment_status":"closed","ping_status":"closed","template":"","meta":{"rop_custom_images_group":[],"rop_custom_messages_group":[],"rop_publish_now":"initial","rop_publish_now_accounts":[],"rop_publish_now_history":[],"rop_publish_now_status":"pending","footnotes":""},"class_list":["post-571","page","type-page","status-publish","hentry"],"yoast_head":"<!-- This site is optimized with the Yoast SEO plugin v27.4 - https:\/\/yoast.com\/product\/yoast-seo-wordpress\/ -->\r\n<title>Maestr\u00edas (Tesis\/Tesinas) - EHLI<\/title>\r\n<meta name=\"robots\" content=\"index, follow, max-snippet:-1, max-image-preview:large, max-video-preview:-1\" \/>\r\n<link rel=\"canonical\" href=\"https:\/\/blogs.uninter.edu.mx\/ehli\/index.php\/maestrias-tesis-tesinas\/\" \/>\r\n<meta property=\"og:locale\" content=\"es_MX\" \/>\r\n<meta property=\"og:type\" content=\"article\" \/>\r\n<meta property=\"og:title\" content=\"Maestr\u00edas (Tesis\/Tesinas) - EHLI\" \/>\r\n<meta property=\"og:description\" content=\"Autor T\u00edtulo Programa Investigaci\u00f3n Juana Guadalupe Cuevas Garc\u00eda An\u00e1lisis comparativo de estrategias did\u00e1cticas para la ense\u00f1anza del ingl\u00e9s, en preescolar particular y en preescolar p\u00fablico: Caso &#8220;Kinder School&#8221; y Kinder Hijos del Ej\u00e9rcito en la ciudad de Cuernavaca. Ense\u00f1anza de Lenguas Extranjeras Tesis Descargar Celia Bautista Beltr\u00e1n Propuesta de formaci\u00f3n pedag\u00f3gica para los profesores-investigadores del&hellip;\" \/>\r\n<meta property=\"og:url\" content=\"https:\/\/blogs.uninter.edu.mx\/ehli\/index.php\/maestrias-tesis-tesinas\/\" \/>\r\n<meta property=\"og:site_name\" content=\"EHLI\" \/>\r\n<meta property=\"article:modified_time\" content=\"2020-01-08T15:31:16+00:00\" \/>\r\n<meta property=\"og:image\" content=\"https:\/\/blogs.uninter.edu.mx\/ehli\/wp-content\/uploads\/2019\/11\/Logo-EHLI-para-blog.jpg\" \/>\r\n<meta name=\"twitter:card\" content=\"summary_large_image\" \/>\r\n<meta name=\"twitter:label1\" content=\"Tiempo de lectura\" \/>\n\t<meta name=\"twitter:data1\" content=\"2 minutos\" \/>\r\n<script type=\"application\/ld+json\" class=\"yoast-schema-graph\">{\"@context\":\"https:\\\/\\\/schema.org\",\"@graph\":[{\"@type\":\"WebPage\",\"@id\":\"https:\\\/\\\/blogs.uninter.edu.mx\\\/ehli\\\/index.php\\\/maestrias-tesis-tesinas\\\/\",\"url\":\"https:\\\/\\\/blogs.uninter.edu.mx\\\/ehli\\\/index.php\\\/maestrias-tesis-tesinas\\\/\",\"name\":\"Maestr\u00edas (Tesis\\\/Tesinas) - EHLI\",\"isPartOf\":{\"@id\":\"https:\\\/\\\/blogs.uninter.edu.mx\\\/ehli\\\/#website\"},\"primaryImageOfPage\":{\"@id\":\"https:\\\/\\\/blogs.uninter.edu.mx\\\/ehli\\\/index.php\\\/maestrias-tesis-tesinas\\\/#primaryimage\"},\"image\":{\"@id\":\"https:\\\/\\\/blogs.uninter.edu.mx\\\/ehli\\\/index.php\\\/maestrias-tesis-tesinas\\\/#primaryimage\"},\"thumbnailUrl\":\"https:\\\/\\\/blogs.uninter.edu.mx\\\/ehli\\\/wp-content\\\/uploads\\\/2019\\\/11\\\/Logo-EHLI-para-blog.jpg\",\"datePublished\":\"2020-01-06T19:47:42+00:00\",\"dateModified\":\"2020-01-08T15:31:16+00:00\",\"breadcrumb\":{\"@id\":\"https:\\\/\\\/blogs.uninter.edu.mx\\\/ehli\\\/index.php\\\/maestrias-tesis-tesinas\\\/#breadcrumb\"},\"inLanguage\":\"es\",\"potentialAction\":[{\"@type\":\"ReadAction\",\"target\":[\"https:\\\/\\\/blogs.uninter.edu.mx\\\/ehli\\\/index.php\\\/maestrias-tesis-tesinas\\\/\"]}]},{\"@type\":\"ImageObject\",\"inLanguage\":\"es\",\"@id\":\"https:\\\/\\\/blogs.uninter.edu.mx\\\/ehli\\\/index.php\\\/maestrias-tesis-tesinas\\\/#primaryimage\",\"url\":\"https:\\\/\\\/blogs.uninter.edu.mx\\\/ehli\\\/wp-content\\\/uploads\\\/2019\\\/11\\\/Logo-EHLI-para-blog.jpg\",\"contentUrl\":\"https:\\\/\\\/blogs.uninter.edu.mx\\\/ehli\\\/wp-content\\\/uploads\\\/2019\\\/11\\\/Logo-EHLI-para-blog.jpg\",\"width\":1020,\"height\":154,\"caption\":\"Logo EHLI\"},{\"@type\":\"BreadcrumbList\",\"@id\":\"https:\\\/\\\/blogs.uninter.edu.mx\\\/ehli\\\/index.php\\\/maestrias-tesis-tesinas\\\/#breadcrumb\",\"itemListElement\":[{\"@type\":\"ListItem\",\"position\":1,\"name\":\"Inicio\",\"item\":\"https:\\\/\\\/blogs.uninter.edu.mx\\\/ehli\\\/\"},{\"@type\":\"ListItem\",\"position\":2,\"name\":\"Maestr\u00edas (Tesis\\\/Tesinas)\"}]},{\"@type\":\"WebSite\",\"@id\":\"https:\\\/\\\/blogs.uninter.edu.mx\\\/ehli\\\/#website\",\"url\":\"https:\\\/\\\/blogs.uninter.edu.mx\\\/ehli\\\/\",\"name\":\"EHLI\",\"description\":\"UNINTER\",\"potentialAction\":[{\"@type\":\"SearchAction\",\"target\":{\"@type\":\"EntryPoint\",\"urlTemplate\":\"https:\\\/\\\/blogs.uninter.edu.mx\\\/ehli\\\/?s={search_term_string}\"},\"query-input\":{\"@type\":\"PropertyValueSpecification\",\"valueRequired\":true,\"valueName\":\"search_term_string\"}}],\"inLanguage\":\"es\"}]}<\/script>\r\n<!-- \/ Yoast SEO plugin. -->","yoast_head_json":{"title":"Maestr\u00edas (Tesis\/Tesinas) - EHLI","robots":{"index":"index","follow":"follow","max-snippet":"max-snippet:-1","max-image-preview":"max-image-preview:large","max-video-preview":"max-video-preview:-1"},"canonical":"https:\/\/blogs.uninter.edu.mx\/ehli\/index.php\/maestrias-tesis-tesinas\/","og_locale":"es_MX","og_type":"article","og_title":"Maestr\u00edas (Tesis\/Tesinas) - EHLI","og_description":"Autor T\u00edtulo Programa Investigaci\u00f3n Juana Guadalupe Cuevas Garc\u00eda An\u00e1lisis comparativo de estrategias did\u00e1cticas para la ense\u00f1anza del ingl\u00e9s, en preescolar particular y en preescolar p\u00fablico: Caso &#8220;Kinder School&#8221; y Kinder Hijos del Ej\u00e9rcito en la ciudad de Cuernavaca. Ense\u00f1anza de Lenguas Extranjeras Tesis Descargar Celia Bautista Beltr\u00e1n Propuesta de formaci\u00f3n pedag\u00f3gica para los profesores-investigadores del&hellip;","og_url":"https:\/\/blogs.uninter.edu.mx\/ehli\/index.php\/maestrias-tesis-tesinas\/","og_site_name":"EHLI","article_modified_time":"2020-01-08T15:31:16+00:00","og_image":[{"url":"https:\/\/blogs.uninter.edu.mx\/ehli\/wp-content\/uploads\/2019\/11\/Logo-EHLI-para-blog.jpg","type":"","width":"","height":""}],"twitter_card":"summary_large_image","twitter_misc":{"Tiempo de lectura":"2 minutos"},"schema":{"@context":"https:\/\/schema.org","@graph":[{"@type":"WebPage","@id":"https:\/\/blogs.uninter.edu.mx\/ehli\/index.php\/maestrias-tesis-tesinas\/","url":"https:\/\/blogs.uninter.edu.mx\/ehli\/index.php\/maestrias-tesis-tesinas\/","name":"Maestr\u00edas (Tesis\/Tesinas) - EHLI","isPartOf":{"@id":"https:\/\/blogs.uninter.edu.mx\/ehli\/#website"},"primaryImageOfPage":{"@id":"https:\/\/blogs.uninter.edu.mx\/ehli\/index.php\/maestrias-tesis-tesinas\/#primaryimage"},"image":{"@id":"https:\/\/blogs.uninter.edu.mx\/ehli\/index.php\/maestrias-tesis-tesinas\/#primaryimage"},"thumbnailUrl":"https:\/\/blogs.uninter.edu.mx\/ehli\/wp-content\/uploads\/2019\/11\/Logo-EHLI-para-blog.jpg","datePublished":"2020-01-06T19:47:42+00:00","dateModified":"2020-01-08T15:31:16+00:00","breadcrumb":{"@id":"https:\/\/blogs.uninter.edu.mx\/ehli\/index.php\/maestrias-tesis-tesinas\/#breadcrumb"},"inLanguage":"es","potentialAction":[{"@type":"ReadAction","target":["https:\/\/blogs.uninter.edu.mx\/ehli\/index.php\/maestrias-tesis-tesinas\/"]}]},{"@type":"ImageObject","inLanguage":"es","@id":"https:\/\/blogs.uninter.edu.mx\/ehli\/index.php\/maestrias-tesis-tesinas\/#primaryimage","url":"https:\/\/blogs.uninter.edu.mx\/ehli\/wp-content\/uploads\/2019\/11\/Logo-EHLI-para-blog.jpg","contentUrl":"https:\/\/blogs.uninter.edu.mx\/ehli\/wp-content\/uploads\/2019\/11\/Logo-EHLI-para-blog.jpg","width":1020,"height":154,"caption":"Logo EHLI"},{"@type":"BreadcrumbList","@id":"https:\/\/blogs.uninter.edu.mx\/ehli\/index.php\/maestrias-tesis-tesinas\/#breadcrumb","itemListElement":[{"@type":"ListItem","position":1,"name":"Inicio","item":"https:\/\/blogs.uninter.edu.mx\/ehli\/"},{"@type":"ListItem","position":2,"name":"Maestr\u00edas (Tesis\/Tesinas)"}]},{"@type":"WebSite","@id":"https:\/\/blogs.uninter.edu.mx\/ehli\/#website","url":"https:\/\/blogs.uninter.edu.mx\/ehli\/","name":"EHLI","description":"UNINTER","potentialAction":[{"@type":"SearchAction","target":{"@type":"EntryPoint","urlTemplate":"https:\/\/blogs.uninter.edu.mx\/ehli\/?s={search_term_string}"},"query-input":{"@type":"PropertyValueSpecification","valueRequired":true,"valueName":"search_term_string"}}],"inLanguage":"es"}]}},"_links":{"self":[{"href":"https:\/\/blogs.uninter.edu.mx\/ehli\/index.php\/wp-json\/wp\/v2\/pages\/571","targetHints":{"allow":["GET"]}}],"collection":[{"href":"https:\/\/blogs.uninter.edu.mx\/ehli\/index.php\/wp-json\/wp\/v2\/pages"}],"about":[{"href":"https:\/\/blogs.uninter.edu.mx\/ehli\/index.php\/wp-json\/wp\/v2\/types\/page"}],"author":[{"embeddable":true,"href":"https:\/\/blogs.uninter.edu.mx\/ehli\/index.php\/wp-json\/wp\/v2\/users\/25"}],"replies":[{"embeddable":true,"href":"https:\/\/blogs.uninter.edu.mx\/ehli\/index.php\/wp-json\/wp\/v2\/comments?post=571"}],"version-history":[{"count":14,"href":"https:\/\/blogs.uninter.edu.mx\/ehli\/index.php\/wp-json\/wp\/v2\/pages\/571\/revisions"}],"predecessor-version":[{"id":633,"href":"https:\/\/blogs.uninter.edu.mx\/ehli\/index.php\/wp-json\/wp\/v2\/pages\/571\/revisions\/633"}],"wp:attachment":[{"href":"https:\/\/blogs.uninter.edu.mx\/ehli\/index.php\/wp-json\/wp\/v2\/media?parent=571"}],"curies":[{"name":"wp","href":"https:\/\/api.w.org\/{rel}","templated":true}]}}