{"id":5782,"date":"2021-10-15T20:40:17","date_gmt":"2021-10-15T20:40:17","guid":{"rendered":"https:\/\/blogs.uninter.edu.mx\/ehli\/?page_id=5782"},"modified":"2024-04-26T20:04:49","modified_gmt":"2024-04-26T20:04:49","slug":"uninterlingua-objetivo","status":"publish","type":"page","link":"https:\/\/blogs.uninter.edu.mx\/ehli\/index.php\/uninterlingua-objetivo\/","title":{"rendered":"OBJETIVO"},"content":{"rendered":"\n<p>Consolidar un foro donde especialistas en las \u00e1reas de las relaciones internacionales, la comunicaci\u00f3n, la ling\u00fc\u00edstica, la docencia, la cultura, el arte y la diplomacia, convergen para compartir los resultados de sus investigaciones, y su basta experiencia con los futuros profesionistas y p\u00fablico en general con el prop\u00f3sito de fomentar el fortalecimiento de la educaci\u00f3n internacional y el entrenamiento t\u00e9cnico de los profesionistas de estas disciplinas, aunado al desarrollo de habilidades interculturales que quedar\u00e1n afianzadas mediante la convivencia con ponentes y participantes de diversas nacionalidades logrando as\u00ed, contribuir a generar la apreciaci\u00f3n de los elementos de cultura popular de todos los pa\u00edses y la propia en todas sus manifestaciones.<\/p>\n\n\n\n<style>\n.site-header .site-branding {\n   \n    background-image:url(https:\/\/blogs.uninter.edu.mx\/ehli\/wp-content\/uploads\/2024\/04\/Banner-Uninterlingua.jpg);\n    \n    height: 210px;\n}\n<\/style>\n","protected":false},"excerpt":{"rendered":"<p>Consolidar un foro donde especialistas en las \u00e1reas de las relaciones internacionales, la comunicaci\u00f3n, la ling\u00fc\u00edstica, la docencia, la cultura, el arte y la diplomacia, convergen para compartir los resultados de sus investigaciones, y su basta experiencia con los futuros profesionistas y p\u00fablico en general con el prop\u00f3sito de fomentar el fortalecimiento de la educaci\u00f3n&hellip;<\/p>\n","protected":false},"author":25,"featured_media":0,"parent":0,"menu_order":0,"comment_status":"closed","ping_status":"closed","template":"","meta":{"rop_custom_images_group":[],"rop_custom_messages_group":[],"rop_publish_now":"initial","rop_publish_now_accounts":[],"rop_publish_now_history":[],"rop_publish_now_status":"pending","footnotes":""},"class_list":["post-5782","page","type-page","status-publish","hentry"],"yoast_head":"<!-- This site is optimized with the Yoast SEO plugin v26.7 - https:\/\/yoast.com\/wordpress\/plugins\/seo\/ -->\r\n<title>EHLI - OBJETIVO \u201cDisrupci\u00f3n, Transformaci\u00f3n y Resilencia\u201d<\/title>\r\n<meta name=\"description\" content=\"Consolidar un foro donde especialistas en las \u00e1reas de las relaciones internacionales, la comunicaci\u00f3n, la ling\u00fc\u00edstica, la docencia...\" \/>\r\n<meta name=\"robots\" content=\"index, follow, max-snippet:-1, max-image-preview:large, max-video-preview:-1\" \/>\r\n<link rel=\"canonical\" href=\"https:\/\/blogs.uninter.edu.mx\/ehli\/index.php\/uninterlingua-objetivo\/\" \/>\r\n<meta property=\"og:locale\" content=\"es_MX\" \/>\r\n<meta property=\"og:type\" content=\"article\" \/>\r\n<meta property=\"og:title\" content=\"EHLI - OBJETIVO \u201cDisrupci\u00f3n, Transformaci\u00f3n y Resilencia\u201d\" \/>\r\n<meta property=\"og:description\" content=\"Consolidar un foro donde especialistas en las \u00e1reas de las relaciones internacionales, la comunicaci\u00f3n, la ling\u00fc\u00edstica, la docencia...\" \/>\r\n<meta property=\"og:url\" content=\"https:\/\/blogs.uninter.edu.mx\/ehli\/index.php\/uninterlingua-objetivo\/\" \/>\r\n<meta property=\"og:site_name\" content=\"EHLI\" \/>\r\n<meta property=\"article:modified_time\" content=\"2024-04-26T20:04:49+00:00\" \/>\r\n<meta name=\"twitter:card\" content=\"summary_large_image\" \/>\r\n<meta name=\"twitter:label1\" content=\"Tiempo de lectura\" \/>\n\t<meta name=\"twitter:data1\" content=\"1 minuto\" \/>\r\n<script type=\"application\/ld+json\" class=\"yoast-schema-graph\">{\"@context\":\"https:\/\/schema.org\",\"@graph\":[{\"@type\":\"WebPage\",\"@id\":\"https:\/\/blogs.uninter.edu.mx\/ehli\/index.php\/uninterlingua-objetivo\/\",\"url\":\"https:\/\/blogs.uninter.edu.mx\/ehli\/index.php\/uninterlingua-objetivo\/\",\"name\":\"EHLI - OBJETIVO \u201cDisrupci\u00f3n, Transformaci\u00f3n y Resilencia\u201d\",\"isPartOf\":{\"@id\":\"https:\/\/blogs.uninter.edu.mx\/ehli\/#website\"},\"datePublished\":\"2021-10-15T20:40:17+00:00\",\"dateModified\":\"2024-04-26T20:04:49+00:00\",\"description\":\"Consolidar un foro donde especialistas en las \u00e1reas de las relaciones internacionales, la comunicaci\u00f3n, la ling\u00fc\u00edstica, la docencia...\",\"breadcrumb\":{\"@id\":\"https:\/\/blogs.uninter.edu.mx\/ehli\/index.php\/uninterlingua-objetivo\/#breadcrumb\"},\"inLanguage\":\"es\",\"potentialAction\":[{\"@type\":\"ReadAction\",\"target\":[\"https:\/\/blogs.uninter.edu.mx\/ehli\/index.php\/uninterlingua-objetivo\/\"]}]},{\"@type\":\"BreadcrumbList\",\"@id\":\"https:\/\/blogs.uninter.edu.mx\/ehli\/index.php\/uninterlingua-objetivo\/#breadcrumb\",\"itemListElement\":[{\"@type\":\"ListItem\",\"position\":1,\"name\":\"Inicio\",\"item\":\"https:\/\/blogs.uninter.edu.mx\/ehli\/\"},{\"@type\":\"ListItem\",\"position\":2,\"name\":\"OBJETIVO\"}]},{\"@type\":\"WebSite\",\"@id\":\"https:\/\/blogs.uninter.edu.mx\/ehli\/#website\",\"url\":\"https:\/\/blogs.uninter.edu.mx\/ehli\/\",\"name\":\"EHLI\",\"description\":\"UNINTER\",\"potentialAction\":[{\"@type\":\"SearchAction\",\"target\":{\"@type\":\"EntryPoint\",\"urlTemplate\":\"https:\/\/blogs.uninter.edu.mx\/ehli\/?s={search_term_string}\"},\"query-input\":{\"@type\":\"PropertyValueSpecification\",\"valueRequired\":true,\"valueName\":\"search_term_string\"}}],\"inLanguage\":\"es\"}]}<\/script>\r\n<!-- \/ Yoast SEO plugin. -->","yoast_head_json":{"title":"EHLI - OBJETIVO \u201cDisrupci\u00f3n, Transformaci\u00f3n y Resilencia\u201d","description":"Consolidar un foro donde especialistas en las \u00e1reas de las relaciones internacionales, la comunicaci\u00f3n, la ling\u00fc\u00edstica, la docencia...","robots":{"index":"index","follow":"follow","max-snippet":"max-snippet:-1","max-image-preview":"max-image-preview:large","max-video-preview":"max-video-preview:-1"},"canonical":"https:\/\/blogs.uninter.edu.mx\/ehli\/index.php\/uninterlingua-objetivo\/","og_locale":"es_MX","og_type":"article","og_title":"EHLI - OBJETIVO \u201cDisrupci\u00f3n, Transformaci\u00f3n y Resilencia\u201d","og_description":"Consolidar un foro donde especialistas en las \u00e1reas de las relaciones internacionales, la comunicaci\u00f3n, la ling\u00fc\u00edstica, la docencia...","og_url":"https:\/\/blogs.uninter.edu.mx\/ehli\/index.php\/uninterlingua-objetivo\/","og_site_name":"EHLI","article_modified_time":"2024-04-26T20:04:49+00:00","twitter_card":"summary_large_image","twitter_misc":{"Tiempo de lectura":"1 minuto"},"schema":{"@context":"https:\/\/schema.org","@graph":[{"@type":"WebPage","@id":"https:\/\/blogs.uninter.edu.mx\/ehli\/index.php\/uninterlingua-objetivo\/","url":"https:\/\/blogs.uninter.edu.mx\/ehli\/index.php\/uninterlingua-objetivo\/","name":"EHLI - OBJETIVO \u201cDisrupci\u00f3n, Transformaci\u00f3n y Resilencia\u201d","isPartOf":{"@id":"https:\/\/blogs.uninter.edu.mx\/ehli\/#website"},"datePublished":"2021-10-15T20:40:17+00:00","dateModified":"2024-04-26T20:04:49+00:00","description":"Consolidar un foro donde especialistas en las \u00e1reas de las relaciones internacionales, la comunicaci\u00f3n, la ling\u00fc\u00edstica, la docencia...","breadcrumb":{"@id":"https:\/\/blogs.uninter.edu.mx\/ehli\/index.php\/uninterlingua-objetivo\/#breadcrumb"},"inLanguage":"es","potentialAction":[{"@type":"ReadAction","target":["https:\/\/blogs.uninter.edu.mx\/ehli\/index.php\/uninterlingua-objetivo\/"]}]},{"@type":"BreadcrumbList","@id":"https:\/\/blogs.uninter.edu.mx\/ehli\/index.php\/uninterlingua-objetivo\/#breadcrumb","itemListElement":[{"@type":"ListItem","position":1,"name":"Inicio","item":"https:\/\/blogs.uninter.edu.mx\/ehli\/"},{"@type":"ListItem","position":2,"name":"OBJETIVO"}]},{"@type":"WebSite","@id":"https:\/\/blogs.uninter.edu.mx\/ehli\/#website","url":"https:\/\/blogs.uninter.edu.mx\/ehli\/","name":"EHLI","description":"UNINTER","potentialAction":[{"@type":"SearchAction","target":{"@type":"EntryPoint","urlTemplate":"https:\/\/blogs.uninter.edu.mx\/ehli\/?s={search_term_string}"},"query-input":{"@type":"PropertyValueSpecification","valueRequired":true,"valueName":"search_term_string"}}],"inLanguage":"es"}]}},"jetpack_sharing_enabled":true,"_links":{"self":[{"href":"https:\/\/blogs.uninter.edu.mx\/ehli\/index.php\/wp-json\/wp\/v2\/pages\/5782","targetHints":{"allow":["GET"]}}],"collection":[{"href":"https:\/\/blogs.uninter.edu.mx\/ehli\/index.php\/wp-json\/wp\/v2\/pages"}],"about":[{"href":"https:\/\/blogs.uninter.edu.mx\/ehli\/index.php\/wp-json\/wp\/v2\/types\/page"}],"author":[{"embeddable":true,"href":"https:\/\/blogs.uninter.edu.mx\/ehli\/index.php\/wp-json\/wp\/v2\/users\/25"}],"replies":[{"embeddable":true,"href":"https:\/\/blogs.uninter.edu.mx\/ehli\/index.php\/wp-json\/wp\/v2\/comments?post=5782"}],"version-history":[{"count":20,"href":"https:\/\/blogs.uninter.edu.mx\/ehli\/index.php\/wp-json\/wp\/v2\/pages\/5782\/revisions"}],"predecessor-version":[{"id":9686,"href":"https:\/\/blogs.uninter.edu.mx\/ehli\/index.php\/wp-json\/wp\/v2\/pages\/5782\/revisions\/9686"}],"wp:attachment":[{"href":"https:\/\/blogs.uninter.edu.mx\/ehli\/index.php\/wp-json\/wp\/v2\/media?parent=5782"}],"curies":[{"name":"wp","href":"https:\/\/api.w.org\/{rel}","templated":true}]}}